

{"id":20706,"date":"2025-12-23T02:20:04","date_gmt":"2025-12-23T02:20:04","guid":{"rendered":"https:\/\/vapemaison.com\/?post_type=product&#038;p=20706"},"modified":"2025-12-26T01:52:23","modified_gmt":"2025-12-26T01:52:23","slug":"vozol-gear-power-20000-jednorazove-vape-mango-ice-20000-puff-zarizeni","status":"publish","type":"product","link":"https:\/\/vapemaison.com\/cs\/product\/vozol-gear-power-20000-disposable-vape-mango-ice-20000-puff-device\/","title":{"rendered":"VOZOL Gear Power 20000 Vape na jedno pou\u017eit\u00ed | Mango Ice | 20 000 puff\u016f"},"content":{"rendered":"<p>Na str\u00e1nk\u00e1ch <strong>VOZOL Gear Power 20000 na jedno pou\u017eit\u00ed<\/strong> je zkonstruov\u00e1n tak, aby nab\u00edzel prvot\u0159\u00eddn\u00ed vapingov\u00fd z\u00e1\u017eitek s pokro\u010dilou technologi\u00ed. <strong>Technologie S.i.L.C.<\/strong> a du\u00e1ln\u00ed re\u017eimy nap\u00e1jen\u00ed. S a\u017e <strong>20 000 vdech\u016f<\/strong> na adrese <strong>Ekologick\u00fd re\u017eim<\/strong> nebo <strong>12 000 vdech\u016f<\/strong> na adrese <strong>Re\u017eim nap\u00e1jen\u00ed<\/strong>, zaji\u0161\u0165uje dlouhotrvaj\u00edc\u00ed po\u017eitek, ani\u017e by byla ob\u011btov\u00e1na chu\u0165 nebo v\u00fdkon.<\/p>\n\n\n\n<p>A\u0165 u\u017e jste p\u0159\u00edle\u017eitostn\u00fd, nebo zku\u0161en\u00fd vaper. <strong>Vozol Gear Power 20000<\/strong> p\u0159in\u00e1\u0161\u00ed dokonalou rovnov\u00e1hu mezi spokojenost\u00ed a pohodl\u00edm. Obsahuje <strong>syst\u00e9m dvojit\u00e9 s\u00ed\u0165ov\u00e9 c\u00edvky<\/strong> a <strong>celoplo\u0161n\u00fd displej LED<\/strong>, umo\u017e\u0148uje v\u00e1m p\u0159izp\u016fsobit si prost\u0159ed\u00ed na z\u00e1klad\u011b va\u0161ich preferenc\u00ed a pot\u0159eb pou\u017e\u00edv\u00e1n\u00ed.<\/p>\n\n\n\n<h3 class=\"wp-block-heading\">Pro\u010d si vybrat VOZOL Gear Power?<\/h3>\n\n\n\n<p>Na str\u00e1nk\u00e1ch <strong>VOZOL Gear Power 20K<\/strong> kombinuje <strong>nejmodern\u011bj\u0161\u00ed technologie<\/strong> s <strong>pr\u00e9miov\u00e9 materi\u00e1ly<\/strong> doru\u010dit <strong>dlouhotrvaj\u00edc\u00ed, p\u0159izp\u016fsobiteln\u00fd z\u00e1\u017eitek z vapingu<\/strong>. Se sv\u00fdm <strong>dva re\u017eimy nap\u00e1jen\u00ed<\/strong>, mohou u\u017eivatel\u00e9 zvolit spr\u00e1vn\u00fd re\u017eim podle sv\u00fdch preferenc\u00ed, a\u0165 u\u017e up\u0159ednost\u0148uj\u00ed roz\u0161\u00ed\u0159en\u00e9 pou\u017e\u00edv\u00e1n\u00ed nebo zv\u00fd\u0161enou produkci p\u00e1ry.<\/p>\n\n\n\n<p><strong>VOZOL Gear Power 20000<\/strong> je ide\u00e1ln\u00ed pro ty, kdo cht\u011bj\u00ed za\u0159\u00edzen\u00ed, kter\u00e9 je schopn\u00e9 p\u0159ekonat v\u0161echny p\u0159ek\u00e1\u017eky a nab\u00edz\u00ed vynikaj\u00edc\u00ed v\u00fdkon. <strong>dlouhov\u011bkost<\/strong> a <strong>v\u00fdkon<\/strong>. Na str\u00e1nk\u00e1ch . <strong>syst\u00e9m dvojit\u00e9 s\u00ed\u0165ov\u00e9 c\u00edvky<\/strong> zaru\u010duje \u017eiv\u00e9 chut\u011b a hladkou p\u00e1ru, tak\u017ee je ide\u00e1ln\u00ed volbou pro vapery, kte\u0159\u00ed vy\u017eaduj\u00ed nejlep\u0161\u00ed v\u00fdkon i chu\u0165.<\/p>\n\n\n\n<h3 class=\"wp-block-heading\">Dostupn\u00e9 p\u0159\u00edchut\u011b<\/h3>\n\n\n\n<ul class=\"wp-block-list\">\n<li>Melounov\u00fd led<\/li>\n\n\n\n<li>Hroznov\u00fd led<\/li>\n\n\n\n<li>Mango Ice<\/li>\n\n\n\n<li>Dvojit\u00fd jable\u010dn\u00fd led<\/li>\n\n\n\n<li>Citronov\u00e1 m\u00e1ta<\/li>\n\n\n\n<li>Tab\u00e1k<\/li>\n\n\n\n<li>Broskvov\u00fd led<\/li>\n\n\n\n<li>Jahodov\u00fd meloun<\/li>\n\n\n\n<li>Jahodov\u00e9 kiwi<\/li>\n\n\n\n<li>Malinov\u00fd meloun<\/li>\n\n\n\n<li>Blue Razz Ice<\/li>\n\n\n\n<li>Jahodov\u00e9 mango<\/li>\n\n\n\n<li>Lemon Lime<\/li>\n\n\n\n<li>T\u0159e\u0161\u0148ov\u00e1 limon\u00e1da<\/li>\n\n\n\n<li>Sm\u00ed\u0161en\u00e9 bobule<\/li>\n\n\n\n<li>Dra\u010d\u00ed ovoce Ban\u00e1nov\u00e1 t\u0159e\u0161e\u0148<\/li>\n\n\n\n<li>LavaFire<\/li>\n\n\n\n<li>Bor\u016fvkov\u00e1 bou\u0159e<\/li>\n\n\n\n<li>Modr\u00e9 mojito<\/li>\n\n\n\n<li>Mango Ananas Grapefruit<\/li>\n<\/ul>\n\n\n\n<h3 class=\"wp-block-heading\">Specifikace<\/h3>\n\n\n\n<figure class=\"wp-block-table\"><table class=\"has-fixed-layout\"><thead><tr><th>Polo\u017eka<\/th><th>Podrobnosti na<\/th><\/tr><\/thead><tbody><tr><td><strong>Kapacita baterie<\/strong><\/td><td>650 mAh<\/td><\/tr><tr><td><strong>Kapacita e-liquidu<\/strong><\/td><td>20 ml (p\u0159edpln\u011bn\u00e9)<\/td><\/tr><tr><td><strong>S\u00edla nikotinu<\/strong><\/td><td>5% (50 mg)<\/td><\/tr><tr><td><strong>Po\u010det puf\u016f<\/strong><\/td><td>A\u017e 20 000 (\u00fasporn\u00fd re\u017eim) \/ 12 000 (v\u00fdkonn\u00fd re\u017eim)<\/td><\/tr><tr><td><strong>Typ c\u00edvky<\/strong><\/td><td>Syst\u00e9m dvojit\u00e9 s\u00ed\u0165ov\u00e9 c\u00edvky (technologie S.i.L.C.)<\/td><\/tr><tr><td><strong>Nab\u00edjen\u00ed<\/strong><\/td><td>Nen\u00ed nutn\u00e9 nab\u00edjen\u00ed (na jedno pou\u017eit\u00ed)<\/td><\/tr><tr><td><strong>Re\u017eimy<\/strong><\/td><td>\u00dasporn\u00fd re\u017eim \/ re\u017eim nap\u00e1jen\u00ed<\/td><\/tr><tr><td><strong>Zobrazit<\/strong><\/td><td>LED displej pro stav baterie a e-liquidu<\/td><\/tr><tr><td><strong>Mo\u017enosti p\u0159\u00edchut\u00ed<\/strong><\/td><td>20 dostupn\u00fdch p\u0159\u00edchut\u00ed<\/td><\/tr><\/tbody><\/table><\/figure>\n\n\n\n<h3 class=\"wp-block-heading\">Jak pou\u017e\u00edvat jednor\u00e1zov\u00e9 za\u0159\u00edzen\u00ed VOZOL Gear Power 20000<\/h3>\n\n\n\n<ol class=\"wp-block-list\">\n<li><strong>Aktivujte za\u0159\u00edzen\u00ed:<\/strong> Pro aktivaci sta\u010d\u00ed vdechnout; nen\u00ed t\u0159eba pou\u017e\u00edvat \u017e\u00e1dn\u00e1 tla\u010d\u00edtka.<\/li>\n\n\n\n<li><strong>Monitorujte baterii a e-liquid:<\/strong> Pou\u017eijte <strong>LED displej<\/strong> pro kontrolu v\u00fddr\u017ee baterie a stavu e-liquidu.<\/li>\n\n\n\n<li><strong>P\u0159ep\u00edn\u00e1n\u00ed mezi re\u017eimy:<\/strong> Vyberte si <strong>Ekologick\u00fd re\u017eim<\/strong> pro del\u0161\u00ed pou\u017eit\u00ed nebo <strong>Re\u017eim nap\u00e1jen\u00ed<\/strong> pro siln\u011bj\u0161\u00ed produkci p\u00e1ry.<\/li>\n\n\n\n<li><strong>U\u017eijte si to:<\/strong> Vychutnejte si a\u017e <strong>20 000 vdech\u016f<\/strong> s konzistentn\u00ed chut\u00ed a hladk\u00fdmi t\u00f3ny po celou dobu.<\/li>\n<\/ol>\n\n\n\n<p>Objevte celou \u0159adu pr\u00e9miov\u00fdch jednor\u00e1zov\u00fdch vap\u016f a p\u0159\u00edslu\u0161enstv\u00ed v na\u0161\u00ed nab\u00eddce. <strong><a href=\"https:\/\/vapemaison.com\/\">Home <\/a><\/strong>, kde se dozv\u00edte v\u00edce o na\u0161em z\u00e1vazku ke kvalit\u011b, autenticit\u011b a spokojenosti z\u00e1kazn\u00edk\u016f. Pokud jste p\u0159ipraveni na n\u00e1kup, nav\u0161tivte na\u0161i <strong><a href=\"https:\/\/vapemaison.com\/shop\/\">Obchod<\/a><\/strong> a prohl\u00e9dn\u011bte si nejnov\u011bj\u0161\u00ed za\u0159\u00edzen\u00ed VOZOL, obl\u00edben\u00e9 p\u0159\u00edchut\u011b a exkluzivn\u00ed nab\u00eddky s rychlou celosv\u011btovou p\u0159epravou. Kompletn\u00ed p\u0159ehled o zna\u010dce, v\u010detn\u011b nejprod\u00e1van\u011bj\u0161\u00edch model\u016f a produktov\u00fdch inovac\u00ed, najdete ve speci\u00e1ln\u00edm katalogu. <strong><a href=\"https:\/\/vapemaison.com\/brand\/vozol\/\">VOZOL<\/a><\/strong>, kde jsou v\u0161echny aktu\u00e1ln\u00ed sb\u00edrky VOZOL pohodln\u011b uspo\u0159\u00e1d\u00e1ny na jednom m\u00edst\u011b.<\/p>","protected":false},"excerpt":{"rendered":"<p>The VOZOL Gear Power 20000 Disposable is engineered to offer a premium vaping experience with advanced S.i.L.C. Technology and dual power modes. With up to 20,000 puffs in Eco Mode or 12,000 puffs in Power Mode, it ensures long-lasting enjoyment without sacrificing flavor or performance. Whether you&#8217;re a casual or experienced vaper, the Vozol Gear [&hellip;]<\/p>\n","protected":false},"featured_media":12765,"comment_status":"open","ping_status":"closed","template":"","meta":[],"product_brand":[178],"product_cat":[133],"product_tag":[],"class_list":{"0":"post-20706","1":"product","2":"type-product","3":"status-publish","4":"has-post-thumbnail","6":"product_brand-vozol","7":"product_cat-20k-puffs","9":"first","10":"instock","11":"sale","12":"shipping-taxable","13":"purchasable","14":"product-type-variable"},"yoast_head":"<!-- This site is optimized with the Yoast SEO plugin v27.4 - https:\/\/yoast.com\/product\/yoast-seo-wordpress\/ -->\n<title>VOZOL Gear Power 20000 Disposable Vape | Mango Ice 20k Puffs<\/title>\n<meta name=\"description\" content=\"Buy Mango Ice VOZOL Gear Power 20000. Tropical mango meets a sharp chilling effect. 20mL pre-filled e-liquid with Type-C fast charging. Order today!\" \/>\n<meta name=\"robots\" content=\"index, follow, max-snippet:-1, max-image-preview:large, max-video-preview:-1\" \/>\n<link rel=\"canonical\" href=\"https:\/\/vapemaison.com\/cs\/produkt\/vozol-gear-power-20000-jednorazove-vape-mango-ice-20000-puff-zarizeni\/\" \/>\n<meta property=\"og:locale\" content=\"cs_CZ\" \/>\n<meta property=\"og:type\" content=\"article\" \/>\n<meta property=\"og:title\" content=\"VOZOL Gear Power 20000 Disposable Vape | Mango Ice 20k Puffs\" \/>\n<meta property=\"og:description\" content=\"Buy Mango Ice VOZOL Gear Power 20000. Tropical mango meets a sharp chilling effect. 20mL pre-filled e-liquid with Type-C fast charging. Order today!\" \/>\n<meta property=\"og:url\" content=\"https:\/\/vapemaison.com\/cs\/produkt\/vozol-gear-power-20000-jednorazove-vape-mango-ice-20000-puff-zarizeni\/\" \/>\n<meta property=\"og:site_name\" content=\"VapeMaison\" \/>\n<meta property=\"article:modified_time\" content=\"2025-12-26T01:52:23+00:00\" \/>\n<meta property=\"og:image\" content=\"https:\/\/vapemaison.com\/wp-content\/uploads\/2025\/11\/mexican-mango-ice-vozol-gear-power-disposable-20000-puffs.webp\" \/>\n\t<meta property=\"og:image:width\" content=\"910\" \/>\n\t<meta property=\"og:image:height\" content=\"910\" \/>\n\t<meta property=\"og:image:type\" content=\"image\/webp\" \/>\n<meta name=\"twitter:card\" content=\"summary_large_image\" \/>\n<meta name=\"twitter:label1\" content=\"Odhadovan\u00e1 doba \u010dten\u00ed\" \/>\n\t<meta name=\"twitter:data1\" content=\"3 minuty\" \/>\n<!-- \/ Yoast SEO plugin. -->","yoast_head_json":{"title":"VOZOL Gear Power 20000 Vape na jedno pou\u017eit\u00ed | Mango Ice 20k Puffs","description":"Koupit Mango Ice VOZOL Gear Power 20000. Tropick\u00e9 mango se setk\u00e1v\u00e1 s ostr\u00fdm chladiv\u00fdm efektem. P\u0159edpln\u011bn\u00fd e-liquid o objemu 20 ml s rychl\u00fdm nab\u00edjen\u00edm Type-C. Objednejte je\u0161t\u011b dnes!","robots":{"index":"index","follow":"follow","max-snippet":"max-snippet:-1","max-image-preview":"max-image-preview:large","max-video-preview":"max-video-preview:-1"},"canonical":"https:\/\/vapemaison.com\/cs\/produkt\/vozol-gear-power-20000-jednorazove-vape-mango-ice-20000-puff-zarizeni\/","og_locale":"cs_CZ","og_type":"article","og_title":"VOZOL Gear Power 20000 Disposable Vape | Mango Ice 20k Puffs","og_description":"Buy Mango Ice VOZOL Gear Power 20000. Tropical mango meets a sharp chilling effect. 20mL pre-filled e-liquid with Type-C fast charging. Order today!","og_url":"https:\/\/vapemaison.com\/cs\/produkt\/vozol-gear-power-20000-jednorazove-vape-mango-ice-20000-puff-zarizeni\/","og_site_name":"VapeMaison","article_modified_time":"2025-12-26T01:52:23+00:00","og_image":[{"width":910,"height":910,"url":"https:\/\/vapemaison.com\/wp-content\/uploads\/2025\/11\/mexican-mango-ice-vozol-gear-power-disposable-20000-puffs.webp","type":"image\/webp"}],"twitter_card":"summary_large_image","twitter_misc":{"Odhadovan\u00e1 doba \u010dten\u00ed":"3 minuty"},"schema":{"@context":"https:\/\/schema.org","@graph":[{"@type":"WebPage","@id":"https:\/\/vapemaison.com\/product\/vozol-gear-power-20000-disposable-vape-mango-ice-20000-puff-device\/","url":"https:\/\/vapemaison.com\/product\/vozol-gear-power-20000-disposable-vape-mango-ice-20000-puff-device\/","name":"VOZOL Gear Power 20000 Vape na jedno pou\u017eit\u00ed | Mango Ice 20k Puffs","isPartOf":{"@id":"https:\/\/vapemaison.com\/#website"},"primaryImageOfPage":{"@id":"https:\/\/vapemaison.com\/product\/vozol-gear-power-20000-disposable-vape-mango-ice-20000-puff-device\/#primaryimage"},"image":{"@id":"https:\/\/vapemaison.com\/product\/vozol-gear-power-20000-disposable-vape-mango-ice-20000-puff-device\/#primaryimage"},"thumbnailUrl":"https:\/\/vapemaison.com\/wp-content\/uploads\/2025\/11\/mexican-mango-ice-vozol-gear-power-disposable-20000-puffs.webp","datePublished":"2025-12-23T02:20:04+00:00","dateModified":"2025-12-26T01:52:23+00:00","description":"Koupit Mango Ice VOZOL Gear Power 20000. Tropick\u00e9 mango se setk\u00e1v\u00e1 s ostr\u00fdm chladiv\u00fdm efektem. P\u0159edpln\u011bn\u00fd e-liquid o objemu 20 ml s rychl\u00fdm nab\u00edjen\u00edm Type-C. Objednejte je\u0161t\u011b dnes!","breadcrumb":{"@id":"https:\/\/vapemaison.com\/product\/vozol-gear-power-20000-disposable-vape-mango-ice-20000-puff-device\/#breadcrumb"},"inLanguage":"cs","potentialAction":[{"@type":"ReadAction","target":["https:\/\/vapemaison.com\/product\/vozol-gear-power-20000-disposable-vape-mango-ice-20000-puff-device\/"]}]},{"@type":"ImageObject","inLanguage":"cs","@id":"https:\/\/vapemaison.com\/product\/vozol-gear-power-20000-disposable-vape-mango-ice-20000-puff-device\/#primaryimage","url":"https:\/\/vapemaison.com\/wp-content\/uploads\/2025\/11\/mexican-mango-ice-vozol-gear-power-disposable-20000-puffs.webp","contentUrl":"https:\/\/vapemaison.com\/wp-content\/uploads\/2025\/11\/mexican-mango-ice-vozol-gear-power-disposable-20000-puffs.webp","width":910,"height":910,"caption":"Mexican Mango Ice Vozol Gear Power Disposable Vape Puffs"},{"@type":"BreadcrumbList","@id":"https:\/\/vapemaison.com\/product\/vozol-gear-power-20000-disposable-vape-mango-ice-20000-puff-device\/#breadcrumb","itemListElement":[{"@type":"ListItem","position":1,"name":"\u9996\u9875","item":"https:\/\/vapemaison.com\/"},{"@type":"ListItem","position":2,"name":"Shop","item":"https:\/\/vapemaison.com\/shop\/"},{"@type":"ListItem","position":3,"name":"Vozol","item":"https:\/\/vapemaison.com\/brand\/vozol\/"},{"@type":"ListItem","position":4,"name":"VOZOL Gear Power 20000 Disposable Vape | Mango Ice | 20,000 Puff Device"}]},{"@type":"WebSite","@id":"https:\/\/vapemaison.com\/#website","url":"https:\/\/vapemaison.com\/","name":"VapeMaison","description":"Pr\u00e9miov\u00e1 vapingov\u00e1 za\u0159\u00edzen\u00ed a p\u0159\u00edslu\u0161enstv\u00ed","publisher":{"@id":"https:\/\/vapemaison.com\/#organization"},"potentialAction":[{"@type":"SearchAction","target":{"@type":"EntryPoint","urlTemplate":"https:\/\/vapemaison.com\/?s={search_term_string}"},"query-input":{"@type":"PropertyValueSpecification","valueRequired":true,"valueName":"search_term_string"}}],"inLanguage":"cs"},{"@type":"Organization","@id":"https:\/\/vapemaison.com\/#organization","name":"VapeMaison","url":"https:\/\/vapemaison.com\/","logo":{"@type":"ImageObject","inLanguage":"cs","@id":"https:\/\/vapemaison.com\/#\/schema\/logo\/image\/","url":"https:\/\/vapemaison.com\/wp-content\/uploads\/2026\/01\/cropped-vapemaison-logo-g-2026.webp","contentUrl":"https:\/\/vapemaison.com\/wp-content\/uploads\/2026\/01\/cropped-vapemaison-logo-g-2026.webp","width":350,"height":280,"caption":"VapeMaison"},"image":{"@id":"https:\/\/vapemaison.com\/#\/schema\/logo\/image\/"},"sameAs":["https:\/\/www.youtube.com\/@VapeMaison"]}]}},"tiered_pricing_type":"fixed","tiered_pricing_fixed_rules":{"30":"11.24","50":"10.36","100":"9.56","200":"8.47"},"tiered_pricing_product_settings":{"layout":"default","base_unit_name":{"singular":null,"plural":null},"default_variation":null},"tiered_pricing_minimum_quantity":10,"tiered_pricing_roles_data":[],"tiered_pricing_percentage_rules":[],"tiered_pricing_maximum_quantity":null,"tiered_pricing_quantity_step":"10","_links":{"self":[{"href":"https:\/\/vapemaison.com\/cs\/wp-json\/wp\/v2\/product\/20706","targetHints":{"allow":["GET"]}}],"collection":[{"href":"https:\/\/vapemaison.com\/cs\/wp-json\/wp\/v2\/product"}],"about":[{"href":"https:\/\/vapemaison.com\/cs\/wp-json\/wp\/v2\/types\/product"}],"replies":[{"embeddable":true,"href":"https:\/\/vapemaison.com\/cs\/wp-json\/wp\/v2\/comments?post=20706"}],"version-history":[{"count":0,"href":"https:\/\/vapemaison.com\/cs\/wp-json\/wp\/v2\/product\/20706\/revisions"}],"wp:featuredmedia":[{"embeddable":true,"href":"https:\/\/vapemaison.com\/cs\/wp-json\/wp\/v2\/media\/12765"}],"wp:attachment":[{"href":"https:\/\/vapemaison.com\/cs\/wp-json\/wp\/v2\/media?parent=20706"}],"wp:term":[{"taxonomy":"product_brand","embeddable":true,"href":"https:\/\/vapemaison.com\/cs\/wp-json\/wp\/v2\/product_brand?post=20706"},{"taxonomy":"product_cat","embeddable":true,"href":"https:\/\/vapemaison.com\/cs\/wp-json\/wp\/v2\/product_cat?post=20706"},{"taxonomy":"product_tag","embeddable":true,"href":"https:\/\/vapemaison.com\/cs\/wp-json\/wp\/v2\/product_tag?post=20706"}],"curies":[{"name":"wp","href":"https:\/\/api.w.org\/{rel}","templated":true}]}}