

{"id":21638,"date":"2025-12-24T03:58:42","date_gmt":"2025-12-24T03:58:42","guid":{"rendered":"https:\/\/vapemaison.com\/?post_type=product&#038;p=21638"},"modified":"2026-01-19T09:06:39","modified_gmt":"2026-01-19T09:06:39","slug":"vozol-gear-power-20000-jednorazove-vape-mango-ice-20k-puff","status":"publish","type":"product","link":"https:\/\/vapemaison.com\/cs\/product\/vozol-gear-power-20000-disposable-vape-mango-ice-20k-puff\/","title":{"rendered":"VOZOL Gear Power 20000 jednor\u00e1zov\u00e9 vape Mango Ice | 20k Puff"},"content":{"rendered":"<p>Jednor\u00e1zov\u00e1 ledni\u010dka VOZOL Gear Power 20000 Mango Ice kombinuje dlouhotrvaj\u00edc\u00ed v\u00fdkon s tropick\u00fdm mangov\u00fdm n\u00e1dechem. S v\u00fddr\u017e\u00ed a\u017e 20 000 potah\u016f v \u00fasporn\u00e9m re\u017eimu nebo 12 000 potah\u016f v re\u017eimu v\u00fdkonu poskytuje plynul\u00e9 potahy a konzistentn\u00ed chu\u0165 po celou dobu.<\/p>\n\n\n\n<p>Vychutnejte si p\u0159irozenou sladkost zral\u00e9ho manga s n\u00e1dechem ledov\u00e9ho chladu p\u0159i ka\u017ed\u00e9m n\u00e1dechu. Syst\u00e9m dvou m\u0159\u00ed\u017ekov\u00fdch spir\u00e1lek zaji\u0161\u0165uje bohatou p\u00e1ru a plnou chu\u0165, zat\u00edmco LED displej v\u00e1s informuje o \u017eivotnosti baterie a stavu e-liquidu. A\u0165 u\u017e d\u00e1v\u00e1te p\u0159ednost \u00fasporn\u00e9mu re\u017eimu pro del\u0161\u00ed sezen\u00ed, nebo re\u017eimu Power pro siln\u011bj\u0161\u00ed potah, Mango Ice poskytuje osv\u011b\u017euj\u00edc\u00ed tropick\u00fd vapingov\u00fd z\u00e1\u017eitek, kter\u00fd si snadno vychutn\u00e1te kdykoli.<\/p>\n\n\n\n<h3 class=\"wp-block-heading\">Pro\u010d si vybrat VOZOL Gear Power?<\/h3>\n\n\n\n<p>Na str\u00e1nk\u00e1ch <strong>VOZOL Gear Power 20K<\/strong> kombinuje <strong>nejmodern\u011bj\u0161\u00ed technologie<\/strong> s <strong>pr\u00e9miov\u00e9 materi\u00e1ly<\/strong> doru\u010dit <strong>dlouhotrvaj\u00edc\u00ed, p\u0159izp\u016fsobiteln\u00fd z\u00e1\u017eitek z vapingu<\/strong>. Se sv\u00fdm <strong>dva re\u017eimy nap\u00e1jen\u00ed<\/strong>, mohou u\u017eivatel\u00e9 zvolit spr\u00e1vn\u00fd re\u017eim podle sv\u00fdch preferenc\u00ed, a\u0165 u\u017e up\u0159ednost\u0148uj\u00ed roz\u0161\u00ed\u0159en\u00e9 pou\u017e\u00edv\u00e1n\u00ed nebo zv\u00fd\u0161enou produkci p\u00e1ry.<\/p>\n\n\n\n<p><strong>VOZOL Gear Power 20000<\/strong> je ide\u00e1ln\u00ed pro ty, kdo cht\u011bj\u00ed za\u0159\u00edzen\u00ed, kter\u00e9 je schopn\u00e9 p\u0159ekonat v\u0161echny p\u0159ek\u00e1\u017eky a nab\u00edz\u00ed vynikaj\u00edc\u00ed v\u00fdkon. <strong>dlouhov\u011bkost<\/strong> a <strong>v\u00fdkon<\/strong>. Na str\u00e1nk\u00e1ch . <strong>syst\u00e9m dvojit\u00e9 s\u00ed\u0165ov\u00e9 c\u00edvky<\/strong> zaru\u010duje \u017eiv\u00e9 chut\u011b a hladkou p\u00e1ru, tak\u017ee je ide\u00e1ln\u00ed volbou pro vapery, kte\u0159\u00ed vy\u017eaduj\u00ed nejlep\u0161\u00ed v\u00fdkon i chu\u0165.<\/p>\n\n\n\n<h3 class=\"wp-block-heading\">Specifikace<\/h3>\n\n\n\n<figure class=\"wp-block-table is-style-stripes\"><table class=\"has-fixed-layout\"><thead><tr><th>Polo\u017eka<\/th><th>Podrobnosti na<\/th><\/tr><\/thead><tbody><tr><td><strong>Kapacita baterie<\/strong><\/td><td>650 mAh<\/td><\/tr><tr><td><strong>Kapacita e-liquidu<\/strong><\/td><td>20 ml (p\u0159edpln\u011bn\u00e9)<\/td><\/tr><tr><td><strong>S\u00edla nikotinu<\/strong><\/td><td>5% (50 mg)<\/td><\/tr><tr><td><strong>Po\u010det puf\u016f<\/strong><\/td><td>A\u017e 20 000 (\u00fasporn\u00fd re\u017eim) \/ 12 000 (v\u00fdkonn\u00fd re\u017eim)<\/td><\/tr><tr><td><strong>Typ c\u00edvky<\/strong><\/td><td>Syst\u00e9m dvojit\u00e9 s\u00ed\u0165ov\u00e9 c\u00edvky (technologie S.i.L.C.)<\/td><\/tr><tr><td><strong>Nab\u00edjen\u00ed<\/strong><\/td><td>Nen\u00ed nutn\u00e9 nab\u00edjen\u00ed (na jedno pou\u017eit\u00ed)<\/td><\/tr><tr><td><strong>Re\u017eimy<\/strong><\/td><td>\u00dasporn\u00fd re\u017eim \/ re\u017eim nap\u00e1jen\u00ed<\/td><\/tr><tr><td><strong>Zobrazit<\/strong><\/td><td>LED displej pro stav baterie a e-liquidu<\/td><\/tr><tr><td><strong>Mo\u017enosti p\u0159\u00edchut\u00ed<\/strong><\/td><td>20 dostupn\u00fdch p\u0159\u00edchut\u00ed<\/td><\/tr><\/tbody><\/table><\/figure>\n\n\n\n<h3 class=\"wp-block-heading\">Jak pou\u017e\u00edvat jednor\u00e1zov\u00e9 za\u0159\u00edzen\u00ed VOZOL Gear Power 20000<\/h3>\n\n\n\n<ol class=\"wp-block-list\">\n<li><strong>Aktivujte za\u0159\u00edzen\u00ed:<\/strong> Pro aktivaci sta\u010d\u00ed vdechnout; nen\u00ed t\u0159eba pou\u017e\u00edvat \u017e\u00e1dn\u00e1 tla\u010d\u00edtka.<\/li>\n\n\n\n<li><strong>Monitorujte baterii a e-liquid:<\/strong> Pou\u017eijte <strong>LED displej<\/strong> pro kontrolu v\u00fddr\u017ee baterie a stavu e-liquidu.<\/li>\n\n\n\n<li><strong>P\u0159ep\u00edn\u00e1n\u00ed mezi re\u017eimy:<\/strong> Vyberte si <strong>Ekologick\u00fd re\u017eim<\/strong> pro del\u0161\u00ed pou\u017eit\u00ed nebo <strong>Re\u017eim nap\u00e1jen\u00ed<\/strong> pro siln\u011bj\u0161\u00ed produkci p\u00e1ry.<\/li>\n\n\n\n<li><strong>U\u017eijte si to:<\/strong> Vychutnejte si a\u017e <strong>20 000 vdech\u016f<\/strong> s konzistentn\u00ed chut\u00ed a hladk\u00fdmi t\u00f3ny po celou dobu.<\/li>\n<\/ol>\n\n\n\n<p>Objevte celou \u0159adu pr\u00e9miov\u00fdch jednor\u00e1zov\u00fdch vap\u016f a p\u0159\u00edslu\u0161enstv\u00ed v na\u0161\u00ed nab\u00eddce. <strong>domovsk\u00e1 str\u00e1nka<\/strong>, kde se dozv\u00edte v\u00edce o na\u0161em z\u00e1vazku ke kvalit\u011b, autenticit\u011b a spokojenosti z\u00e1kazn\u00edk\u016f. Pokud jste p\u0159ipraveni na n\u00e1kup, nav\u0161tivte na\u0161i <strong>str\u00e1nka obchodu<\/strong> a prohl\u00e9dn\u011bte si nejnov\u011bj\u0161\u00ed za\u0159\u00edzen\u00ed VOZOL, obl\u00edben\u00e9 p\u0159\u00edchut\u011b a exkluzivn\u00ed nab\u00eddky s rychlou celosv\u011btovou p\u0159epravou. Kompletn\u00ed p\u0159ehled o zna\u010dce, v\u010detn\u011b nejprod\u00e1van\u011bj\u0161\u00edch model\u016f a produktov\u00fdch inovac\u00ed, najdete ve speci\u00e1ln\u00edm katalogu. <strong>Str\u00e1nka zna\u010dky VOZOL<\/strong>, kde jsou v\u0161echny aktu\u00e1ln\u00ed sb\u00edrky VOZOL pohodln\u011b uspo\u0159\u00e1d\u00e1ny na jednom m\u00edst\u011b.<\/p>\n\n\n\n<h3 class=\"wp-block-heading\">Dostupn\u00e9 p\u0159\u00edchut\u011b<\/h3>\n\n\n\n<ul class=\"wp-block-list\">\n<li>Melounov\u00fd led<\/li>\n\n\n\n<li>Hroznov\u00fd led<\/li>\n\n\n\n<li>Mango Ice<\/li>\n\n\n\n<li>Dvojit\u00fd jable\u010dn\u00fd led<\/li>\n\n\n\n<li>Citronov\u00e1 m\u00e1ta<\/li>\n\n\n\n<li>Tab\u00e1k<\/li>\n\n\n\n<li>Broskvov\u00fd led<\/li>\n\n\n\n<li>Jahodov\u00fd meloun<\/li>\n\n\n\n<li>Jahodov\u00e9 kiwi<\/li>\n\n\n\n<li>Malinov\u00fd meloun<\/li>\n\n\n\n<li>Blue Razz Ice<\/li>\n\n\n\n<li>Jahodov\u00e9 mango<\/li>\n\n\n\n<li>Lemon Lime<\/li>\n\n\n\n<li>T\u0159e\u0161\u0148ov\u00e1 limon\u00e1da<\/li>\n\n\n\n<li>Sm\u00ed\u0161en\u00e9 bobule<\/li>\n\n\n\n<li>Dra\u010d\u00ed ovoce Ban\u00e1nov\u00e1 t\u0159e\u0161e\u0148<\/li>\n\n\n\n<li>LavaFire<\/li>\n\n\n\n<li>Bor\u016fvkov\u00e1 bou\u0159e<\/li>\n\n\n\n<li>Modr\u00e9 mojito<\/li>\n\n\n\n<li>Mango Ananas Grapefruit<\/li>\n<\/ul>\n\n\n\n<p>Objevte celou \u0159adu pr\u00e9miov\u00fdch jednor\u00e1zov\u00fdch vap\u016f a p\u0159\u00edslu\u0161enstv\u00ed v na\u0161\u00ed nab\u00eddce. <strong><a href=\"https:\/\/vapemaison.com\/\">Home <\/a><\/strong>, kde se dozv\u00edte v\u00edce o na\u0161em z\u00e1vazku ke kvalit\u011b, autenticit\u011b a spokojenosti z\u00e1kazn\u00edk\u016f. Pokud jste p\u0159ipraveni na n\u00e1kup, nav\u0161tivte na\u0161i <strong><a href=\"https:\/\/vapemaison.com\/shop\/\">Obchod<\/a><\/strong> a prohl\u00e9dn\u011bte si nejnov\u011bj\u0161\u00ed za\u0159\u00edzen\u00ed VOZOL, obl\u00edben\u00e9 p\u0159\u00edchut\u011b a exkluzivn\u00ed nab\u00eddky s rychlou celosv\u011btovou p\u0159epravou. Kompletn\u00ed p\u0159ehled o zna\u010dce, v\u010detn\u011b nejprod\u00e1van\u011bj\u0161\u00edch model\u016f a produktov\u00fdch inovac\u00ed, najdete ve speci\u00e1ln\u00edm katalogu. <strong><a href=\"https:\/\/vapemaison.com\/brand\/vozol\/\">VOZOL<\/a><\/strong>, kde jsou v\u0161echny aktu\u00e1ln\u00ed sb\u00edrky VOZOL pohodln\u011b uspo\u0159\u00e1d\u00e1ny na jednom m\u00edst\u011b.<\/p>","protected":false},"excerpt":{"rendered":"<p>Mango Ice p\u0159in\u00e1\u0161\u00ed \u010distou, autentickou chu\u0165 manga s lehk\u00fdm ledov\u00fdm v\u00fddechem, kter\u00fd nikdy nen\u00ed p\u0159\u00edli\u0161 siln\u00fd. Sladkost je vyv\u00e1\u017een\u00e1 a p\u0159irozen\u00e1, tak\u017ee si ji m\u016f\u017eete vychutn\u00e1vat cel\u00fd den bez \u00fanavy chuti. Ve spojen\u00ed se spir\u00e1lkou Gear Power 20000 s dvojitou m\u0159\u00ed\u017ekou z\u016fst\u00e1v\u00e1 ka\u017ed\u00e9 pota\u017een\u00ed plynul\u00e9 a konzistentn\u00ed, a\u0165 u\u017e pou\u017e\u00edv\u00e1te re\u017eim Eco pro dlouhou \u017eivotnost, nebo re\u017eim Power pro siln\u011bj\u0161\u00ed potah. Spolehliv\u00e1 volba pro milovn\u00edky manga, kte\u0159\u00ed cht\u011bj\u00ed sv\u011b\u017eest bez drsnosti.<\/p>","protected":false},"featured_media":12765,"comment_status":"open","ping_status":"closed","template":"","meta":[],"product_brand":[178],"product_cat":[133],"product_tag":[],"class_list":{"0":"post-21638","1":"product","2":"type-product","3":"status-publish","4":"has-post-thumbnail","6":"product_brand-vozol","7":"product_cat-20k-puffs","9":"first","10":"instock","11":"sale","12":"shipping-taxable","13":"purchasable","14":"product-type-variable"},"yoast_head":"<!-- This site is optimized with the Yoast SEO plugin v27.4 - https:\/\/yoast.com\/product\/yoast-seo-wordpress\/ -->\n<title>VOZOL Gear Power 20000 Mango Ice Disposable Vape<\/title>\n<meta name=\"description\" content=\"Enjoy the VOZOL Gear Power 20000 Mango Ice disposable vape with a ripe mango taste and icy finish. Up to 20,000 puffs with smooth, consistent performance.\" \/>\n<meta name=\"robots\" content=\"index, follow, max-snippet:-1, max-image-preview:large, max-video-preview:-1\" \/>\n<link rel=\"canonical\" href=\"https:\/\/vapemaison.com\/cs\/produkt\/vozol-gear-power-20000-jednorazove-vape-mango-ice-20k-puff\/\" \/>\n<meta property=\"og:locale\" content=\"cs_CZ\" \/>\n<meta property=\"og:type\" content=\"article\" \/>\n<meta property=\"og:title\" content=\"VOZOL Gear Power 20000 Mango Ice Disposable Vape\" \/>\n<meta property=\"og:description\" content=\"Enjoy the VOZOL Gear Power 20000 Mango Ice disposable vape with a ripe mango taste and icy finish. Up to 20,000 puffs with smooth, consistent performance.\" \/>\n<meta property=\"og:url\" content=\"https:\/\/vapemaison.com\/cs\/produkt\/vozol-gear-power-20000-jednorazove-vape-mango-ice-20k-puff\/\" \/>\n<meta property=\"og:site_name\" content=\"VapeMaison\" \/>\n<meta property=\"article:modified_time\" content=\"2026-01-19T09:06:39+00:00\" \/>\n<meta property=\"og:image\" content=\"https:\/\/vapemaison.com\/wp-content\/uploads\/2025\/11\/mexican-mango-ice-vozol-gear-power-disposable-20000-puffs.webp\" \/>\n\t<meta property=\"og:image:width\" content=\"910\" \/>\n\t<meta property=\"og:image:height\" content=\"910\" \/>\n\t<meta property=\"og:image:type\" content=\"image\/webp\" \/>\n<meta name=\"twitter:card\" content=\"summary_large_image\" \/>\n<meta name=\"twitter:label1\" content=\"Odhadovan\u00e1 doba \u010dten\u00ed\" \/>\n\t<meta name=\"twitter:data1\" content=\"3 minuty\" \/>\n<!-- \/ Yoast SEO plugin. -->","yoast_head_json":{"title":"VOZOL Gear Power 20000 Mango Ice Vape na jedno pou\u017eit\u00ed","description":"Vychutnejte si jednor\u00e1zovou vapku VOZOL Gear Power 20000 Mango Ice s chut\u00ed zral\u00e9ho manga a ledov\u00fdm povrchem. A\u017e 20 000 potah\u016f s plynul\u00fdm a konzistentn\u00edm v\u00fdkonem.","robots":{"index":"index","follow":"follow","max-snippet":"max-snippet:-1","max-image-preview":"max-image-preview:large","max-video-preview":"max-video-preview:-1"},"canonical":"https:\/\/vapemaison.com\/cs\/produkt\/vozol-gear-power-20000-jednorazove-vape-mango-ice-20k-puff\/","og_locale":"cs_CZ","og_type":"article","og_title":"VOZOL Gear Power 20000 Mango Ice Disposable Vape","og_description":"Enjoy the VOZOL Gear Power 20000 Mango Ice disposable vape with a ripe mango taste and icy finish. Up to 20,000 puffs with smooth, consistent performance.","og_url":"https:\/\/vapemaison.com\/cs\/produkt\/vozol-gear-power-20000-jednorazove-vape-mango-ice-20k-puff\/","og_site_name":"VapeMaison","article_modified_time":"2026-01-19T09:06:39+00:00","og_image":[{"width":910,"height":910,"url":"https:\/\/vapemaison.com\/wp-content\/uploads\/2025\/11\/mexican-mango-ice-vozol-gear-power-disposable-20000-puffs.webp","type":"image\/webp"}],"twitter_card":"summary_large_image","twitter_misc":{"Odhadovan\u00e1 doba \u010dten\u00ed":"3 minuty"},"schema":{"@context":"https:\/\/schema.org","@graph":[{"@type":"WebPage","@id":"https:\/\/vapemaison.com\/product\/vozol-gear-power-20000-disposable-vape-mango-ice-20k-puff\/","url":"https:\/\/vapemaison.com\/product\/vozol-gear-power-20000-disposable-vape-mango-ice-20k-puff\/","name":"VOZOL Gear Power 20000 Mango Ice Vape na jedno pou\u017eit\u00ed","isPartOf":{"@id":"https:\/\/vapemaison.com\/#website"},"primaryImageOfPage":{"@id":"https:\/\/vapemaison.com\/product\/vozol-gear-power-20000-disposable-vape-mango-ice-20k-puff\/#primaryimage"},"image":{"@id":"https:\/\/vapemaison.com\/product\/vozol-gear-power-20000-disposable-vape-mango-ice-20k-puff\/#primaryimage"},"thumbnailUrl":"https:\/\/vapemaison.com\/wp-content\/uploads\/2025\/11\/mexican-mango-ice-vozol-gear-power-disposable-20000-puffs.webp","datePublished":"2025-12-24T03:58:42+00:00","dateModified":"2026-01-19T09:06:39+00:00","description":"Vychutnejte si jednor\u00e1zovou vapku VOZOL Gear Power 20000 Mango Ice s chut\u00ed zral\u00e9ho manga a ledov\u00fdm povrchem. A\u017e 20 000 potah\u016f s plynul\u00fdm a konzistentn\u00edm v\u00fdkonem.","breadcrumb":{"@id":"https:\/\/vapemaison.com\/product\/vozol-gear-power-20000-disposable-vape-mango-ice-20k-puff\/#breadcrumb"},"inLanguage":"cs","potentialAction":[{"@type":"ReadAction","target":["https:\/\/vapemaison.com\/product\/vozol-gear-power-20000-disposable-vape-mango-ice-20k-puff\/"]}]},{"@type":"ImageObject","inLanguage":"cs","@id":"https:\/\/vapemaison.com\/product\/vozol-gear-power-20000-disposable-vape-mango-ice-20k-puff\/#primaryimage","url":"https:\/\/vapemaison.com\/wp-content\/uploads\/2025\/11\/mexican-mango-ice-vozol-gear-power-disposable-20000-puffs.webp","contentUrl":"https:\/\/vapemaison.com\/wp-content\/uploads\/2025\/11\/mexican-mango-ice-vozol-gear-power-disposable-20000-puffs.webp","width":910,"height":910,"caption":"Mexican Mango Ice Vozol Gear Power Disposable Vape Puffs"},{"@type":"BreadcrumbList","@id":"https:\/\/vapemaison.com\/product\/vozol-gear-power-20000-disposable-vape-mango-ice-20k-puff\/#breadcrumb","itemListElement":[{"@type":"ListItem","position":1,"name":"\u9996\u9875","item":"https:\/\/vapemaison.com\/"},{"@type":"ListItem","position":2,"name":"Shop","item":"https:\/\/vapemaison.com\/shop\/"},{"@type":"ListItem","position":3,"name":"Vozol","item":"https:\/\/vapemaison.com\/brand\/vozol\/"},{"@type":"ListItem","position":4,"name":"VOZOL Gear Power 20000 Disposable Vape Mango Ice | 20k Puff"}]},{"@type":"WebSite","@id":"https:\/\/vapemaison.com\/#website","url":"https:\/\/vapemaison.com\/","name":"VapeMaison","description":"Pr\u00e9miov\u00e1 vapingov\u00e1 za\u0159\u00edzen\u00ed a p\u0159\u00edslu\u0161enstv\u00ed","publisher":{"@id":"https:\/\/vapemaison.com\/#organization"},"potentialAction":[{"@type":"SearchAction","target":{"@type":"EntryPoint","urlTemplate":"https:\/\/vapemaison.com\/?s={search_term_string}"},"query-input":{"@type":"PropertyValueSpecification","valueRequired":true,"valueName":"search_term_string"}}],"inLanguage":"cs"},{"@type":"Organization","@id":"https:\/\/vapemaison.com\/#organization","name":"VapeMaison","url":"https:\/\/vapemaison.com\/","logo":{"@type":"ImageObject","inLanguage":"cs","@id":"https:\/\/vapemaison.com\/#\/schema\/logo\/image\/","url":"https:\/\/vapemaison.com\/wp-content\/uploads\/2026\/01\/cropped-vapemaison-logo-g-2026.webp","contentUrl":"https:\/\/vapemaison.com\/wp-content\/uploads\/2026\/01\/cropped-vapemaison-logo-g-2026.webp","width":350,"height":280,"caption":"VapeMaison"},"image":{"@id":"https:\/\/vapemaison.com\/#\/schema\/logo\/image\/"},"sameAs":["https:\/\/www.youtube.com\/@VapeMaison"]}]}},"tiered_pricing_type":"fixed","tiered_pricing_fixed_rules":{"30":"11.24","50":"10.36","100":"9.56","200":"8.47"},"tiered_pricing_product_settings":{"layout":"default","base_unit_name":{"singular":null,"plural":null},"default_variation":null},"tiered_pricing_minimum_quantity":10,"tiered_pricing_roles_data":[],"tiered_pricing_percentage_rules":[],"tiered_pricing_maximum_quantity":null,"tiered_pricing_quantity_step":"10","_links":{"self":[{"href":"https:\/\/vapemaison.com\/cs\/wp-json\/wp\/v2\/product\/21638","targetHints":{"allow":["GET"]}}],"collection":[{"href":"https:\/\/vapemaison.com\/cs\/wp-json\/wp\/v2\/product"}],"about":[{"href":"https:\/\/vapemaison.com\/cs\/wp-json\/wp\/v2\/types\/product"}],"replies":[{"embeddable":true,"href":"https:\/\/vapemaison.com\/cs\/wp-json\/wp\/v2\/comments?post=21638"}],"version-history":[{"count":1,"href":"https:\/\/vapemaison.com\/cs\/wp-json\/wp\/v2\/product\/21638\/revisions"}],"predecessor-version":[{"id":26113,"href":"https:\/\/vapemaison.com\/cs\/wp-json\/wp\/v2\/product\/21638\/revisions\/26113"}],"wp:featuredmedia":[{"embeddable":true,"href":"https:\/\/vapemaison.com\/cs\/wp-json\/wp\/v2\/media\/12765"}],"wp:attachment":[{"href":"https:\/\/vapemaison.com\/cs\/wp-json\/wp\/v2\/media?parent=21638"}],"wp:term":[{"taxonomy":"product_brand","embeddable":true,"href":"https:\/\/vapemaison.com\/cs\/wp-json\/wp\/v2\/product_brand?post=21638"},{"taxonomy":"product_cat","embeddable":true,"href":"https:\/\/vapemaison.com\/cs\/wp-json\/wp\/v2\/product_cat?post=21638"},{"taxonomy":"product_tag","embeddable":true,"href":"https:\/\/vapemaison.com\/cs\/wp-json\/wp\/v2\/product_tag?post=21638"}],"curies":[{"name":"wp","href":"https:\/\/api.w.org\/{rel}","templated":true}]}}