

{"id":21887,"date":"2025-12-26T07:57:28","date_gmt":"2025-12-26T07:57:28","guid":{"rendered":"https:\/\/vapemaison.com\/?post_type=product&#038;p=21887"},"modified":"2026-01-07T07:26:02","modified_gmt":"2026-01-07T07:26:02","slug":"hifancy-twins-35000-puffs-jednorazove-vape","status":"publish","type":"product","link":"https:\/\/vapemaison.com\/cs\/product\/hifancy-twins-35000-puffs-disposable-vape\/","title":{"rendered":"HIFANCY TWINS 35000 Puffs Vape na jedno pou\u017eit\u00ed"},"content":{"rendered":"<figure class=\"wp-block-image size-large\"><a href=\"https:\/\/vapemaison.com\/wp-content\/uploads\/2025\/12\/hifancy-twins-35000-puffs-banner-1.webp\"><img fetchpriority=\"high\" decoding=\"async\" width=\"1024\" height=\"214\" src=\"https:\/\/vapemaison.com\/wp-content\/uploads\/2025\/12\/hifancy-twins-35000-puffs-banner-1-1024x214.webp\" alt=\"\" class=\"wp-image-21895\" srcset=\"https:\/\/vapemaison.com\/wp-content\/uploads\/2025\/12\/hifancy-twins-35000-puffs-banner-1-1024x214.webp 1024w, https:\/\/vapemaison.com\/wp-content\/uploads\/2025\/12\/hifancy-twins-35000-puffs-banner-1-300x63.webp 300w, https:\/\/vapemaison.com\/wp-content\/uploads\/2025\/12\/hifancy-twins-35000-puffs-banner-1-768x160.webp 768w, https:\/\/vapemaison.com\/wp-content\/uploads\/2025\/12\/hifancy-twins-35000-puffs-banner-1-1536x320.webp 1536w, https:\/\/vapemaison.com\/wp-content\/uploads\/2025\/12\/hifancy-twins-35000-puffs-banner-1-18x4.webp 18w, https:\/\/vapemaison.com\/wp-content\/uploads\/2025\/12\/hifancy-twins-35000-puffs-banner-1-990x206.webp 990w, https:\/\/vapemaison.com\/wp-content\/uploads\/2025\/12\/hifancy-twins-35000-puffs-banner-1-441x92.webp 441w, https:\/\/vapemaison.com\/wp-content\/uploads\/2025\/12\/hifancy-twins-35000-puffs-banner-1-800x167.webp 800w, https:\/\/vapemaison.com\/wp-content\/uploads\/2025\/12\/hifancy-twins-35000-puffs-banner-1-150x31.webp 150w, https:\/\/vapemaison.com\/wp-content\/uploads\/2025\/12\/hifancy-twins-35000-puffs-banner-1.webp 2000w\" sizes=\"(max-width: 1024px) 100vw, 1024px\" \/><\/a><\/figure>\n\n\n\n<p>Na str\u00e1nk\u00e1ch <strong>HIFANCY TWINS 35000<\/strong> je ur\u010den pro vapery, kte\u0159\u00ed cht\u011bj\u00ed <strong>dv\u011b dopl\u0148uj\u00edc\u00ed se p\u0159\u00edchut\u011b v jednom za\u0159\u00edzen\u00ed<\/strong>, <strong>bezprobl\u00e9mov\u00e9 p\u0159ep\u00edn\u00e1n\u00ed<\/strong>, a <strong>dlouhotrvaj\u00edc\u00ed v\u00fdkon<\/strong>. S a\u017e <strong>35 000 obl\u00e1\u010dk\u016f<\/strong>, a <strong>Nab\u00edjec\u00ed baterie s kapacitou 650 mAh<\/strong>, a <strong>technologie dvojit\u00e9 s\u00ed\u0165ov\u00e9 c\u00edvky<\/strong>, poskytuje hust\u00e9 mraky a bohatou, uspokojivou chu\u0165 od za\u010d\u00e1tku a\u017e do konce.<\/p>\n\n\n\n<p>P\u0159edstaven\u00ed <strong>technologie separace ropn\u00e9ho j\u00e1dra<\/strong>, <strong>du\u00e1ln\u00ed olejov\u00e9 n\u00e1dr\u017ee<\/strong>, a <strong>digit\u00e1ln\u00ed displej<\/strong>, TWINS 35000 nab\u00edz\u00ed <strong>pr\u00e9miov\u00fd, p\u0159izp\u016fsobiteln\u00fd vapingov\u00fd z\u00e1\u017eitek<\/strong> bez kompromis\u016f - ide\u00e1ln\u00ed pro u\u017eivatele, kte\u0159\u00ed tou\u017e\u00ed po <strong>rozmanitost, pohodl\u00ed a kontrola<\/strong>.<\/p>\n\n\n\n<h2 class=\"wp-block-heading\">Kl\u00ed\u010dov\u00e9 vlastnosti a specifikace<\/h2>\n\n\n\n<figure class=\"wp-block-table is-style-stripes\"><table class=\"has-fixed-layout\"><thead><tr><th>Funkce<\/th><th>Popis<\/th><\/tr><\/thead><tbody><tr><td>Kapacita nad\u00fdchan\u00e9ho vzduchu<\/td><td>A\u017e do <strong>35 000 obl\u00e1\u010dk\u016f<\/strong><\/td><\/tr><tr><td>Baterie<\/td><td><strong>Nab\u00edjec\u00ed kapacita 650 mAh<\/strong> baterie<\/td><\/tr><tr><td>Mo\u017enosti nikotinu<\/td><td><strong>2% \/ 3% \/ 5% Nic soli<\/strong><\/td><\/tr><tr><td>Kapacita e-kapaliny<\/td><td><strong>35 ml<\/strong><\/td><\/tr><tr><td>Typ c\u00edvky<\/td><td><strong>Dvojit\u00e1 s\u00ed\u0165ov\u00e1 c\u00edvka<\/strong> pro lep\u0161\u00ed chu\u0165 a v\u00fdpary<\/td><\/tr><tr><td>Syst\u00e9m p\u0159\u00edchut\u00ed<\/td><td><strong>Dvojit\u00e9 olejov\u00e9 n\u00e1dr\u017ee<\/strong> s technologi\u00ed separace ropn\u00fdch jader<\/td><\/tr><tr><td>Zobrazit<\/td><td><strong>Digit\u00e1ln\u00ed indik\u00e1tor baterie<\/strong> pro monitorov\u00e1n\u00ed v re\u00e1ln\u00e9m \u010dase<\/td><\/tr><tr><td>Operace<\/td><td>Bezprobl\u00e9mov\u00e9 p\u0159ep\u00edn\u00e1n\u00ed p\u0159\u00edchut\u00ed<\/td><\/tr><tr><td>Design<\/td><td>Elegantn\u00ed, ergonomick\u00e9 a p\u0159enosn\u00e9<\/td><\/tr><\/tbody><\/table><\/figure>\n\n\n\n<h2 class=\"wp-block-heading\">Pro\u010d si vybrat HIFANCY TWINS 35000<\/h2>\n\n\n\n<ul class=\"wp-block-list\">\n<li><strong>Inovace s dvoj\u00ed p\u0159\u00edchut\u00ed<\/strong> - Vychutnejte si dv\u011b odli\u0161n\u00e9 chut\u011b v jednom za\u0159\u00edzen\u00ed<\/li>\n\n\n\n<li><strong>Dlouhodob\u00fd v\u00fdkon<\/strong> - A\u017e 35 000 vdech\u016f p\u0159i del\u0161\u00edm pou\u017e\u00edv\u00e1n\u00ed<\/li>\n\n\n\n<li><strong>Technologie Mesh Coil<\/strong> - Bohat\u00e1, konzistentn\u00ed chu\u0165 a hust\u00e1 p\u00e1ra<\/li>\n\n\n\n<li><strong>Intuitivn\u00ed displej<\/strong> - Snadn\u00e9 sledov\u00e1n\u00ed v\u00fddr\u017ee baterie a jej\u00edho pou\u017e\u00edv\u00e1n\u00ed<\/li>\n\n\n\n<li><strong>Pr\u00e9miov\u00e9 pohodl\u00ed<\/strong> - Odd\u011blen\u00ed olejov\u00e9ho j\u00e1dra zaji\u0161\u0165uje \u010distou a ryz\u00ed chu\u0165<\/li>\n<\/ul>\n\n\n\n<h2 class=\"wp-block-heading\">Dostupn\u00e1 p\u00e1rov\u00e1n\u00ed chut\u00ed<\/h2>\n\n\n\n<ol class=\"wp-block-list\">\n<li><strong>Lemon Lime &amp; Blackberry Grape<\/strong> - Pikantn\u00ed citrusy se setk\u00e1vaj\u00ed se \u0161\u0165avnat\u00fdmi tmav\u00fdmi bobulemi<\/li>\n\n\n\n<li><strong>Malinov\u00fd t\u0159e\u0161\u0148ov\u00fd led a broskvov\u00fd mangov\u00fd meloun<\/strong> - Trpk\u00e9 bobule vyv\u00e1\u017een\u00e9 tropickou sladkost\u00ed<\/li>\n\n\n\n<li><strong>Jahodov\u00fd led s kiwi a colou<\/strong> - Sladk\u00e9 ovoce s klasickou perlivou kolou<\/li>\n\n\n\n<li><strong>Bor\u016fvkov\u00fd led a pomeran\u010dov\u00e1 mu\u010denka<\/strong> - Chladiv\u00e9 bor\u016fvky se setk\u00e1vaj\u00ed s pikantn\u00edmi citrusy<\/li>\n\n\n\n<li><strong>Jahodov\u00fd meloun a kysel\u00e9 jablko<\/strong> - \u0160\u0165avnat\u00e9 bobule a k\u0159upav\u00e9 zelen\u00e9 jablko<\/li>\n\n\n\n<li><strong>Melounov\u00fd led a limon\u00e1da Blue Razz<\/strong> - Osv\u011b\u017euj\u00edc\u00ed meloun s trpkou modrou malinou<\/li>\n\n\n\n<li><strong>Ban\u00e1nov\u00fd led a energetick\u00fd Redbull<\/strong> - Kr\u00e9mov\u00fd ban\u00e1n se setk\u00e1v\u00e1 s energick\u00fdm pun\u010dem<\/li>\n\n\n\n<li><strong>Ku\u017eelky a sm\u00ed\u0161en\u00e9 bobule<\/strong> - Sladk\u00e1 ovocn\u00e1 sm\u011bs inspirovan\u00e1 cukrovinkami<\/li>\n\n\n\n<li><strong>K\u00e1va s ledem a trojit\u00fd meloun<\/strong> - Ledov\u00e1 k\u00e1va s osv\u011b\u017euj\u00edc\u00edm melounov\u00fdm triem<\/li>\n\n\n\n<li><strong>Vanilkov\u00e1 zmrzlina &amp; Fizz Cherry<\/strong> - Kr\u00e9mov\u00e1 vanilka s jisk\u0159iv\u00fdm t\u0159e\u0161\u0148ov\u00fdm z\u00e1v\u011brem<\/li>\n<\/ol>\n\n\n\n<p>Objevte dokonal\u00fd z\u00e1\u017eitek z vapingu s\u00a0<strong>HIFANCY SPACE 50000<\/strong>. Prozkoumejte celou na\u0161i nab\u00eddku pr\u00e9miov\u00fdch za\u0159\u00edzen\u00ed na.\u00a0<a href=\"https:\/\/vapemaison.com\/\"><strong>Domovsk\u00e1 str\u00e1nka<\/strong><\/a>\u00a0a prohl\u00e9dn\u011bte si v\u0161echny dostupn\u00e9 mo\u017enosti v na\u0161\u00ed\u00a0<a href=\"https:\/\/vapemaison.com\/shop\/\"><strong>Obchod<\/strong><\/a>. Dal\u0161\u00ed produkty ze stejn\u00e9 \u0159ady najdete v sekci\u00a0<a href=\"https:\/\/vapemaison.com\/brand\/hifancy\/\"><strong>Kolekce zna\u010dky HIFANCY<\/strong><\/a>\u00a0a najd\u011bte si svou dal\u0161\u00ed obl\u00edbenou vapku.<\/p>","protected":false},"excerpt":{"rendered":"<p>Dv\u011b p\u0159\u00edchut\u011b v jednom za\u0159\u00edzen\u00ed. A\u017e 35 000 potah\u016f s dvojit\u00fdmi s\u00ed\u0165ov\u00fdmi spir\u00e1lkami a dob\u00edjec\u00ed bateri\u00ed pro dlouhotrvaj\u00edc\u00ed plynul\u00fd vaping.<\/p>","protected":false},"featured_media":21890,"comment_status":"open","ping_status":"closed","template":"","meta":[],"product_brand":[308],"product_cat":[144],"product_tag":[],"class_list":{"0":"post-21887","1":"product","2":"type-product","3":"status-publish","4":"has-post-thumbnail","6":"product_brand-hifancy","7":"product_cat-25k-puffs","9":"first","10":"instock","11":"sale","12":"shipping-taxable","13":"purchasable","14":"product-type-variable"},"yoast_head":"<!-- This site is optimized with the Yoast SEO plugin v27.4 - https:\/\/yoast.com\/product\/yoast-seo-wordpress\/ -->\n<title>HIFANCY TWINS 35000 Puffs Disposable Vape | Dual Flavor - VapeMaison<\/title>\n<meta name=\"description\" content=\"HIFANCY TWINS 35000 disposable vape offers up to 35,000 puffs with dual oil tanks, dual mesh coils, and a rechargeable 650mAh battery. Enjoy two flavors in one device with smooth, consistent performance.\" \/>\n<meta name=\"robots\" content=\"index, follow, max-snippet:-1, max-image-preview:large, max-video-preview:-1\" \/>\n<link rel=\"canonical\" href=\"https:\/\/vapemaison.com\/cs\/produkt\/hifancy-twins-35000-puffs-jednorazove-vape\/\" \/>\n<meta property=\"og:locale\" content=\"cs_CZ\" \/>\n<meta property=\"og:type\" content=\"article\" \/>\n<meta property=\"og:title\" content=\"HIFANCY TWINS 35000 Puffs Disposable Vape | Dual Flavor - VapeMaison\" \/>\n<meta property=\"og:description\" content=\"HIFANCY TWINS 35000 disposable vape offers up to 35,000 puffs with dual oil tanks, dual mesh coils, and a rechargeable 650mAh battery. Enjoy two flavors in one device with smooth, consistent performance.\" \/>\n<meta property=\"og:url\" content=\"https:\/\/vapemaison.com\/cs\/produkt\/hifancy-twins-35000-puffs-jednorazove-vape\/\" \/>\n<meta property=\"og:site_name\" content=\"VapeMaison\" \/>\n<meta property=\"article:modified_time\" content=\"2026-01-07T07:26:02+00:00\" \/>\n<meta property=\"og:image\" content=\"https:\/\/vapemaison.com\/wp-content\/uploads\/2025\/12\/hifancy-twins-35000-puffs-display.webp\" \/>\n\t<meta property=\"og:image:width\" content=\"1000\" \/>\n\t<meta property=\"og:image:height\" content=\"1000\" \/>\n\t<meta property=\"og:image:type\" content=\"image\/webp\" \/>\n<meta name=\"twitter:card\" content=\"summary_large_image\" \/>\n<meta name=\"twitter:label1\" content=\"Odhadovan\u00e1 doba \u010dten\u00ed\" \/>\n\t<meta name=\"twitter:data1\" content=\"2 minuty\" \/>\n<!-- \/ Yoast SEO plugin. -->","yoast_head_json":{"title":"HIFANCY TWINS 35000 Puffs Vape na jedno pou\u017eit\u00ed | Dvojit\u00e1 p\u0159\u00edchu\u0165 - VapeMaison","description":"Jednor\u00e1zov\u00fd vape HIFANCY TWINS 35000 nab\u00edz\u00ed a\u017e 35 000 potah\u016f s dv\u011bma olejov\u00fdmi n\u00e1dr\u017ekami, dv\u011bma s\u00ed\u0165ov\u00fdmi spir\u00e1lkami a dob\u00edjec\u00ed bateri\u00ed 650 mAh. Vychutnejte si dv\u011b p\u0159\u00edchut\u011b v jednom za\u0159\u00edzen\u00ed s plynul\u00fdm a konzistentn\u00edm v\u00fdkonem.","robots":{"index":"index","follow":"follow","max-snippet":"max-snippet:-1","max-image-preview":"max-image-preview:large","max-video-preview":"max-video-preview:-1"},"canonical":"https:\/\/vapemaison.com\/cs\/produkt\/hifancy-twins-35000-puffs-jednorazove-vape\/","og_locale":"cs_CZ","og_type":"article","og_title":"HIFANCY TWINS 35000 Puffs Disposable Vape | Dual Flavor - VapeMaison","og_description":"HIFANCY TWINS 35000 disposable vape offers up to 35,000 puffs with dual oil tanks, dual mesh coils, and a rechargeable 650mAh battery. Enjoy two flavors in one device with smooth, consistent performance.","og_url":"https:\/\/vapemaison.com\/cs\/produkt\/hifancy-twins-35000-puffs-jednorazove-vape\/","og_site_name":"VapeMaison","article_modified_time":"2026-01-07T07:26:02+00:00","og_image":[{"width":1000,"height":1000,"url":"https:\/\/vapemaison.com\/wp-content\/uploads\/2025\/12\/hifancy-twins-35000-puffs-display.webp","type":"image\/webp"}],"twitter_card":"summary_large_image","twitter_misc":{"Odhadovan\u00e1 doba \u010dten\u00ed":"2 minuty"},"schema":{"@context":"https:\/\/schema.org","@graph":[{"@type":"WebPage","@id":"https:\/\/vapemaison.com\/product\/hifancy-twins-35000-puffs-disposable-vape\/","url":"https:\/\/vapemaison.com\/product\/hifancy-twins-35000-puffs-disposable-vape\/","name":"HIFANCY TWINS 35000 Puffs Vape na jedno pou\u017eit\u00ed | Dvojit\u00e1 p\u0159\u00edchu\u0165 - VapeMaison","isPartOf":{"@id":"https:\/\/vapemaison.com\/#website"},"primaryImageOfPage":{"@id":"https:\/\/vapemaison.com\/product\/hifancy-twins-35000-puffs-disposable-vape\/#primaryimage"},"image":{"@id":"https:\/\/vapemaison.com\/product\/hifancy-twins-35000-puffs-disposable-vape\/#primaryimage"},"thumbnailUrl":"https:\/\/vapemaison.com\/wp-content\/uploads\/2025\/12\/hifancy-twins-35000-puffs-display.webp","datePublished":"2025-12-26T07:57:28+00:00","dateModified":"2026-01-07T07:26:02+00:00","description":"Jednor\u00e1zov\u00fd vape HIFANCY TWINS 35000 nab\u00edz\u00ed a\u017e 35 000 potah\u016f s dv\u011bma olejov\u00fdmi n\u00e1dr\u017ekami, dv\u011bma s\u00ed\u0165ov\u00fdmi spir\u00e1lkami a dob\u00edjec\u00ed bateri\u00ed 650 mAh. Vychutnejte si dv\u011b p\u0159\u00edchut\u011b v jednom za\u0159\u00edzen\u00ed s plynul\u00fdm a konzistentn\u00edm v\u00fdkonem.","breadcrumb":{"@id":"https:\/\/vapemaison.com\/product\/hifancy-twins-35000-puffs-disposable-vape\/#breadcrumb"},"inLanguage":"cs","potentialAction":[{"@type":"ReadAction","target":["https:\/\/vapemaison.com\/product\/hifancy-twins-35000-puffs-disposable-vape\/"]}]},{"@type":"ImageObject","inLanguage":"cs","@id":"https:\/\/vapemaison.com\/product\/hifancy-twins-35000-puffs-disposable-vape\/#primaryimage","url":"https:\/\/vapemaison.com\/wp-content\/uploads\/2025\/12\/hifancy-twins-35000-puffs-display.webp","contentUrl":"https:\/\/vapemaison.com\/wp-content\/uploads\/2025\/12\/hifancy-twins-35000-puffs-display.webp","width":1000,"height":1000,"caption":"Hifancy Twins Puffs Display"},{"@type":"BreadcrumbList","@id":"https:\/\/vapemaison.com\/product\/hifancy-twins-35000-puffs-disposable-vape\/#breadcrumb","itemListElement":[{"@type":"ListItem","position":1,"name":"\u9996\u9875","item":"https:\/\/vapemaison.com\/"},{"@type":"ListItem","position":2,"name":"Shop","item":"https:\/\/vapemaison.com\/shop\/"},{"@type":"ListItem","position":3,"name":"HIFANCY","item":"https:\/\/vapemaison.com\/brand\/hifancy\/"},{"@type":"ListItem","position":4,"name":"HIFANCY TWINS 35000 Puffs Disposable Vape"}]},{"@type":"WebSite","@id":"https:\/\/vapemaison.com\/#website","url":"https:\/\/vapemaison.com\/","name":"VapeMaison","description":"Pr\u00e9miov\u00e1 vapingov\u00e1 za\u0159\u00edzen\u00ed a p\u0159\u00edslu\u0161enstv\u00ed","publisher":{"@id":"https:\/\/vapemaison.com\/#organization"},"potentialAction":[{"@type":"SearchAction","target":{"@type":"EntryPoint","urlTemplate":"https:\/\/vapemaison.com\/?s={search_term_string}"},"query-input":{"@type":"PropertyValueSpecification","valueRequired":true,"valueName":"search_term_string"}}],"inLanguage":"cs"},{"@type":"Organization","@id":"https:\/\/vapemaison.com\/#organization","name":"VapeMaison","url":"https:\/\/vapemaison.com\/","logo":{"@type":"ImageObject","inLanguage":"cs","@id":"https:\/\/vapemaison.com\/#\/schema\/logo\/image\/","url":"https:\/\/vapemaison.com\/wp-content\/uploads\/2026\/01\/cropped-vapemaison-logo-g-2026.webp","contentUrl":"https:\/\/vapemaison.com\/wp-content\/uploads\/2026\/01\/cropped-vapemaison-logo-g-2026.webp","width":350,"height":280,"caption":"VapeMaison"},"image":{"@id":"https:\/\/vapemaison.com\/#\/schema\/logo\/image\/"},"sameAs":["https:\/\/www.youtube.com\/@VapeMaison"]}]}},"tiered_pricing_type":"fixed","tiered_pricing_fixed_rules":{"30":"12.56","50":"11.99","100":"11.42","200":"10.99"},"tiered_pricing_product_settings":{"layout":"default","base_unit_name":{"singular":null,"plural":null},"default_variation":null},"tiered_pricing_minimum_quantity":10,"tiered_pricing_roles_data":[],"tiered_pricing_percentage_rules":[],"tiered_pricing_maximum_quantity":null,"tiered_pricing_quantity_step":"10","_links":{"self":[{"href":"https:\/\/vapemaison.com\/cs\/wp-json\/wp\/v2\/product\/21887","targetHints":{"allow":["GET"]}}],"collection":[{"href":"https:\/\/vapemaison.com\/cs\/wp-json\/wp\/v2\/product"}],"about":[{"href":"https:\/\/vapemaison.com\/cs\/wp-json\/wp\/v2\/types\/product"}],"replies":[{"embeddable":true,"href":"https:\/\/vapemaison.com\/cs\/wp-json\/wp\/v2\/comments?post=21887"}],"version-history":[{"count":1,"href":"https:\/\/vapemaison.com\/cs\/wp-json\/wp\/v2\/product\/21887\/revisions"}],"predecessor-version":[{"id":25562,"href":"https:\/\/vapemaison.com\/cs\/wp-json\/wp\/v2\/product\/21887\/revisions\/25562"}],"wp:featuredmedia":[{"embeddable":true,"href":"https:\/\/vapemaison.com\/cs\/wp-json\/wp\/v2\/media\/21890"}],"wp:attachment":[{"href":"https:\/\/vapemaison.com\/cs\/wp-json\/wp\/v2\/media?parent=21887"}],"wp:term":[{"taxonomy":"product_brand","embeddable":true,"href":"https:\/\/vapemaison.com\/cs\/wp-json\/wp\/v2\/product_brand?post=21887"},{"taxonomy":"product_cat","embeddable":true,"href":"https:\/\/vapemaison.com\/cs\/wp-json\/wp\/v2\/product_cat?post=21887"},{"taxonomy":"product_tag","embeddable":true,"href":"https:\/\/vapemaison.com\/cs\/wp-json\/wp\/v2\/product_tag?post=21887"}],"curies":[{"name":"wp","href":"https:\/\/api.w.org\/{rel}","templated":true}]}}