

{"id":21928,"date":"2025-12-26T08:16:41","date_gmt":"2025-12-26T08:16:41","guid":{"rendered":"https:\/\/vapemaison.com\/?post_type=product&#038;p=21928"},"modified":"2025-12-26T08:17:15","modified_gmt":"2025-12-26T08:17:15","slug":"hifancy-rainbow-25000-puffs-jednorazovy-vape","status":"publish","type":"product","link":"https:\/\/vapemaison.com\/cs\/product\/hifancy-rainbow-25000-puffs-disposable-vape\/","title":{"rendered":"HIFANCY RAINBOW 25000 Puffs Vape na jedno pou\u017eit\u00ed"},"content":{"rendered":"<p>Na str\u00e1nk\u00e1ch <strong>HIFANCY RAINBOW 25000<\/strong> je ur\u010den pro vapery, kte\u0159\u00ed cht\u011bj\u00ed <strong>v\u00edce ovl\u00e1d\u00e1n\u00ed, chyt\u0159ej\u0161\u00ed funkce a del\u0161\u00ed \u017eivotnost<\/strong> v za\u0159\u00edzen\u00ed na jedno pou\u017eit\u00ed. Nab\u00edz\u00ed a\u017e <strong>25 000 obl\u00e1\u010dk\u016f<\/strong>, poh\u00e1n\u011bn\u00e9 <strong>Baterie s kapacitou 750 mAh<\/strong>, a vybaven <strong>technologie dvojit\u00e9 s\u00ed\u0165ov\u00e9 c\u00edvky<\/strong>, poskytuje bohatou chu\u0165 a hustou p\u00e1ru s konzistentn\u00edm v\u00fdstupem.<\/p>\n\n\n\n<p>S <strong>p\u011bt nastaviteln\u00fdch re\u017eim\u016f oh\u0159evu<\/strong>, <strong>regulace nap\u011bt\u00ed<\/strong>, a <strong>chytr\u00fd displej<\/strong>, RAINBOW 25000 v\u00e1m umo\u017en\u00ed vyladit ka\u017ed\u00fd aspekt va\u0161eho vapov\u00e1n\u00ed. Jeho <strong>Kapacita 32 ml e-liquidu<\/strong> zaji\u0161\u0165uje dlouh\u00e9 sezen\u00ed bez kompromis\u016f, tak\u017ee je ide\u00e1ln\u00ed volbou pro u\u017eivatele, kte\u0159\u00ed hledaj\u00ed <strong>pr\u00e9miov\u00fd, p\u0159izp\u016fsobiteln\u00fd vape<\/strong>.<\/p>\n\n\n\n<h2 class=\"wp-block-heading\">Kl\u00ed\u010dov\u00e9 vlastnosti a specifikace<\/h2>\n\n\n\n<figure class=\"wp-block-table is-style-stripes\"><table class=\"has-fixed-layout\"><thead><tr><th>Funkce<\/th><th>Popis<\/th><\/tr><\/thead><tbody><tr><td>Kapacita nad\u00fdchan\u00e9ho vzduchu<\/td><td>A\u017e do <strong>25 000 obl\u00e1\u010dk\u016f<\/strong><\/td><\/tr><tr><td>Baterie<\/td><td><strong>750mAh dob\u00edjec\u00ed<\/strong> baterie<\/td><\/tr><tr><td>Mo\u017enosti nikotinu<\/td><td><strong>2% \/ 3% \/ 5% Nic soli<\/strong><\/td><\/tr><tr><td>Kapacita e-kapaliny<\/td><td><strong>32 ml<\/strong><\/td><\/tr><tr><td>Typ c\u00edvky<\/td><td><strong>Dvojit\u00e1 s\u00ed\u0165ov\u00e1 c\u00edvka<\/strong> pro lep\u0161\u00ed v\u00fdpar a chu\u0165<\/td><\/tr><tr><td>Re\u017eimy vyt\u00e1p\u011bn\u00ed<\/td><td><strong>5 nastaviteln\u00fdch re\u017eim\u016f oh\u0159evu<\/strong><\/td><\/tr><tr><td>\u0158\u00edzen\u00ed nap\u011bt\u00ed<\/td><td>Nastaviteln\u00e1 regulace nap\u011bt\u00ed<\/td><\/tr><tr><td>Zobrazit<\/td><td><strong>Chytr\u00e1 obrazovka<\/strong> s daty v re\u00e1ln\u00e9m \u010dase<\/td><\/tr><tr><td>Monitorov\u00e1n\u00ed oleje<\/td><td><strong>Digit\u00e1ln\u00ed sledov\u00e1n\u00ed v\u00fdkonu oleje<\/strong><\/td><\/tr><tr><td>Design<\/td><td>Elegantn\u00ed, modern\u00ed a p\u0159enosn\u00e9<\/td><\/tr><\/tbody><\/table><\/figure>\n\n\n\n<h2 class=\"wp-block-heading\">Pro\u010d si vybrat HIFANCY RAINBOW 25000<\/h2>\n\n\n\n<ul class=\"wp-block-list\">\n<li><strong>Roz\u0161\u00ed\u0159en\u00e9 pou\u017eit\u00ed<\/strong> - 25 000 potah\u016f pro dlouhotrvaj\u00edc\u00ed vaping<\/li>\n\n\n\n<li><strong>Pokro\u010dil\u00e9 p\u0159izp\u016fsoben\u00ed<\/strong> - Re\u017eimy vyt\u00e1p\u011bn\u00ed a regulace nap\u011bt\u00ed<\/li>\n\n\n\n<li><strong>Chytr\u00e9 monitorov\u00e1n\u00ed<\/strong> - Sledujte stav baterie, po\u010det nafouknut\u00fdch lahv\u00ed a hladinu oleje.<\/li>\n\n\n\n<li><strong>Pr\u00e9miov\u00fd v\u00fdstup chuti<\/strong> - Dvojit\u00e1 s\u00ed\u0165ov\u00e1 c\u00edvka pro hladkou a bohatou p\u00e1ru<\/li>\n\n\n\n<li><strong>Vysokokapacitn\u00ed e-liquid<\/strong> - 32 ml pro nep\u0159eru\u0161ovan\u00e9 sezen\u00ed<\/li>\n<\/ul>\n\n\n\n<h2 class=\"wp-block-heading\">Dostupn\u00e9 p\u0159\u00edchut\u011b<\/h2>\n\n\n\n<ol class=\"wp-block-list\">\n<li><strong>Ostru\u017einov\u00fd hroznov\u00fd led<\/strong> - Tmav\u00e9 bobule s chladiv\u00fdm z\u00e1v\u011brem<\/li>\n\n\n\n<li><strong>Jahodov\u00fd meloun<\/strong> - Sladk\u00e1, \u0161\u0165avnat\u00e1 sm\u011bs ovoce<\/li>\n\n\n\n<li><strong>Bor\u016fvkov\u00e1 malinov\u00e1 limon\u00e1da<\/strong> - Trpk\u00e9 bobule s citrusov\u00fdm osv\u011b\u017een\u00edm<\/li>\n\n\n\n<li><strong>Sm\u00ed\u0161en\u00e9 bobule m\u00e1ta<\/strong> - Berry medley s chladivou m\u00e1tou<\/li>\n\n\n\n<li><strong>Bor\u016fvkov\u00fd led<\/strong> - \u010cist\u00e9 bor\u016fvky s ledov\u00fdmi t\u00f3ny<\/li>\n\n\n\n<li><strong>Broskev Ananas Pomeran\u010d<\/strong> - Tropick\u00e1 citrusov\u00e1 f\u00faze<\/li>\n\n\n\n<li><strong>Energie Redbull<\/strong> - P\u0159\u00edchu\u0165 inspirovan\u00e1 energetick\u00fdm n\u00e1pojem<\/li>\n\n\n\n<li><strong>Jahoda Mango Ban\u00e1n<\/strong> - Hladk\u00e9 tropick\u00e9 trio<\/li>\n\n\n\n<li><strong>Melounov\u00fd led<\/strong> - K\u0159upav\u00fd meloun s mraziv\u00fdm n\u00e1dechem<\/li>\n\n\n\n<li><strong>Citronov\u00e1 t\u0159e\u0161e\u0148<\/strong> - Pikantn\u00ed citron v rovnov\u00e1ze se sladkou t\u0159e\u0161n\u00ed<\/li>\n<\/ol>\n\n\n\n<h2 class=\"wp-block-heading\">Informace o p\u0159eprav\u011b<\/h2>\n\n\n\n<ul class=\"wp-block-list\">\n<li><strong>Odes\u00edl\u00e1 se ze skladu EU<\/strong><\/li>\n\n\n\n<li><strong>Doba dod\u00e1n\u00ed: 3-5 pracovn\u00edch dn\u016f<\/strong><\/li>\n<\/ul>\n\n\n\n<p>Objevte dokonal\u00fd z\u00e1\u017eitek z vapingu s\u00a0<strong>HIFANCY SPACE 50000<\/strong>. Prozkoumejte celou na\u0161i nab\u00eddku pr\u00e9miov\u00fdch za\u0159\u00edzen\u00ed na.\u00a0<a href=\"https:\/\/vapemaison.com\/\"><strong>Domovsk\u00e1 str\u00e1nka<\/strong><\/a>\u00a0a prohl\u00e9dn\u011bte si v\u0161echny dostupn\u00e9 mo\u017enosti v na\u0161\u00ed\u00a0<a href=\"https:\/\/vapemaison.com\/shop\/\"><strong>Obchod<\/strong><\/a>. Dal\u0161\u00ed produkty ze stejn\u00e9 \u0159ady najdete v sekci\u00a0<a href=\"https:\/\/vapemaison.com\/brand\/hifancy\/\"><strong>Kolekce zna\u010dky HIFANCY<\/strong><\/a>\u00a0a najd\u011bte si svou dal\u0161\u00ed obl\u00edbenou vapku.<\/p>","protected":false},"excerpt":{"rendered":"<p>25 000 potah\u016f s nastaviteln\u00fdmi re\u017eimy \u017ehaven\u00ed, dvojit\u00e1 s\u00ed\u0165ov\u00e1 spir\u00e1lka a chytr\u00fd displej - p\u0159izp\u016fsobiteln\u00fd v\u00fdkon a bohat\u00e1 chu\u0165 v jednom za\u0159\u00edzen\u00ed.<\/p>","protected":false},"featured_media":21932,"comment_status":"open","ping_status":"closed","template":"","meta":[],"product_brand":[308],"product_cat":[144],"product_tag":[],"class_list":{"0":"post-21928","1":"product","2":"type-product","3":"status-publish","4":"has-post-thumbnail","6":"product_brand-hifancy","7":"product_cat-25k-puffs","9":"first","10":"instock","11":"sale","12":"shipping-taxable","13":"purchasable","14":"product-type-variable"},"yoast_head":"<!-- This site is optimized with the Yoast SEO plugin v27.4 - https:\/\/yoast.com\/product\/yoast-seo-wordpress\/ -->\n<title>HIFANCY RAINBOW 25000 Puffs Disposable Vape - Vapemaison<\/title>\n<meta name=\"description\" content=\"HIFANCY RAINBOW 25000 disposable vape offers up to 25,000 puffs with a 750mAh battery, double mesh coil, adjustable heating modes, and smart display. Enjoy precise control, rich flavor, and long-lasting performance.\" \/>\n<meta name=\"robots\" content=\"index, follow, max-snippet:-1, max-image-preview:large, max-video-preview:-1\" \/>\n<link rel=\"canonical\" href=\"https:\/\/vapemaison.com\/cs\/produkt\/hifancy-rainbow-25000-puffs-jednorazovy-vape\/\" \/>\n<meta property=\"og:locale\" content=\"cs_CZ\" \/>\n<meta property=\"og:type\" content=\"article\" \/>\n<meta property=\"og:title\" content=\"HIFANCY RAINBOW 25000 Puffs Disposable Vape - Vapemaison\" \/>\n<meta property=\"og:description\" content=\"HIFANCY RAINBOW 25000 disposable vape offers up to 25,000 puffs with a 750mAh battery, double mesh coil, adjustable heating modes, and smart display. Enjoy precise control, rich flavor, and long-lasting performance.\" \/>\n<meta property=\"og:url\" content=\"https:\/\/vapemaison.com\/cs\/produkt\/hifancy-rainbow-25000-puffs-jednorazovy-vape\/\" \/>\n<meta property=\"og:site_name\" content=\"VapeMaison\" \/>\n<meta property=\"article:modified_time\" content=\"2025-12-26T08:17:15+00:00\" \/>\n<meta property=\"og:image\" content=\"https:\/\/vapemaison.com\/wp-content\/uploads\/2025\/12\/hifancy-rainbow-25000-puffs-display.webp\" \/>\n\t<meta property=\"og:image:width\" content=\"1080\" \/>\n\t<meta property=\"og:image:height\" content=\"1080\" \/>\n\t<meta property=\"og:image:type\" content=\"image\/webp\" \/>\n<meta name=\"twitter:card\" content=\"summary_large_image\" \/>\n<meta name=\"twitter:label1\" content=\"Odhadovan\u00e1 doba \u010dten\u00ed\" \/>\n\t<meta name=\"twitter:data1\" content=\"2 minuty\" \/>\n<!-- \/ Yoast SEO plugin. -->","yoast_head_json":{"title":"HIFANCY RAINBOW 25000 Puffs Vape na jedno pou\u017eit\u00ed - Vapemaison","description":"Jednor\u00e1zov\u00fd vape HIFANCY RAINBOW 25000 nab\u00edz\u00ed a\u017e 25 000 potah\u016f, 750mAh baterii, dvojitou s\u00ed\u0165ovou spir\u00e1lku, nastaviteln\u00e9 re\u017eimy \u017ehaven\u00ed a chytr\u00fd displej. U\u017eijte si p\u0159esn\u00e9 ovl\u00e1d\u00e1n\u00ed, bohatou chu\u0165 a dlouhotrvaj\u00edc\u00ed v\u00fdkon.","robots":{"index":"index","follow":"follow","max-snippet":"max-snippet:-1","max-image-preview":"max-image-preview:large","max-video-preview":"max-video-preview:-1"},"canonical":"https:\/\/vapemaison.com\/cs\/produkt\/hifancy-rainbow-25000-puffs-jednorazovy-vape\/","og_locale":"cs_CZ","og_type":"article","og_title":"HIFANCY RAINBOW 25000 Puffs Disposable Vape - Vapemaison","og_description":"HIFANCY RAINBOW 25000 disposable vape offers up to 25,000 puffs with a 750mAh battery, double mesh coil, adjustable heating modes, and smart display. Enjoy precise control, rich flavor, and long-lasting performance.","og_url":"https:\/\/vapemaison.com\/cs\/produkt\/hifancy-rainbow-25000-puffs-jednorazovy-vape\/","og_site_name":"VapeMaison","article_modified_time":"2025-12-26T08:17:15+00:00","og_image":[{"width":1080,"height":1080,"url":"https:\/\/vapemaison.com\/wp-content\/uploads\/2025\/12\/hifancy-rainbow-25000-puffs-display.webp","type":"image\/webp"}],"twitter_card":"summary_large_image","twitter_misc":{"Odhadovan\u00e1 doba \u010dten\u00ed":"2 minuty"},"schema":{"@context":"https:\/\/schema.org","@graph":[{"@type":"WebPage","@id":"https:\/\/vapemaison.com\/product\/hifancy-rainbow-25000-puffs-disposable-vape\/","url":"https:\/\/vapemaison.com\/product\/hifancy-rainbow-25000-puffs-disposable-vape\/","name":"HIFANCY RAINBOW 25000 Puffs Vape na jedno pou\u017eit\u00ed - Vapemaison","isPartOf":{"@id":"https:\/\/vapemaison.com\/#website"},"primaryImageOfPage":{"@id":"https:\/\/vapemaison.com\/product\/hifancy-rainbow-25000-puffs-disposable-vape\/#primaryimage"},"image":{"@id":"https:\/\/vapemaison.com\/product\/hifancy-rainbow-25000-puffs-disposable-vape\/#primaryimage"},"thumbnailUrl":"https:\/\/vapemaison.com\/wp-content\/uploads\/2025\/12\/hifancy-rainbow-25000-puffs-display.webp","datePublished":"2025-12-26T08:16:41+00:00","dateModified":"2025-12-26T08:17:15+00:00","description":"Jednor\u00e1zov\u00fd vape HIFANCY RAINBOW 25000 nab\u00edz\u00ed a\u017e 25 000 potah\u016f, 750mAh baterii, dvojitou s\u00ed\u0165ovou spir\u00e1lku, nastaviteln\u00e9 re\u017eimy \u017ehaven\u00ed a chytr\u00fd displej. U\u017eijte si p\u0159esn\u00e9 ovl\u00e1d\u00e1n\u00ed, bohatou chu\u0165 a dlouhotrvaj\u00edc\u00ed v\u00fdkon.","breadcrumb":{"@id":"https:\/\/vapemaison.com\/product\/hifancy-rainbow-25000-puffs-disposable-vape\/#breadcrumb"},"inLanguage":"cs","potentialAction":[{"@type":"ReadAction","target":["https:\/\/vapemaison.com\/product\/hifancy-rainbow-25000-puffs-disposable-vape\/"]}]},{"@type":"ImageObject","inLanguage":"cs","@id":"https:\/\/vapemaison.com\/product\/hifancy-rainbow-25000-puffs-disposable-vape\/#primaryimage","url":"https:\/\/vapemaison.com\/wp-content\/uploads\/2025\/12\/hifancy-rainbow-25000-puffs-display.webp","contentUrl":"https:\/\/vapemaison.com\/wp-content\/uploads\/2025\/12\/hifancy-rainbow-25000-puffs-display.webp","width":1080,"height":1080,"caption":"Hifancy Rainbow Puffs Display"},{"@type":"BreadcrumbList","@id":"https:\/\/vapemaison.com\/product\/hifancy-rainbow-25000-puffs-disposable-vape\/#breadcrumb","itemListElement":[{"@type":"ListItem","position":1,"name":"\u9996\u9875","item":"https:\/\/vapemaison.com\/"},{"@type":"ListItem","position":2,"name":"Shop","item":"https:\/\/vapemaison.com\/shop\/"},{"@type":"ListItem","position":3,"name":"HIFANCY","item":"https:\/\/vapemaison.com\/brand\/hifancy\/"},{"@type":"ListItem","position":4,"name":"HIFANCY RAINBOW 25000 Puffs Disposable Vape"}]},{"@type":"WebSite","@id":"https:\/\/vapemaison.com\/#website","url":"https:\/\/vapemaison.com\/","name":"VapeMaison","description":"Pr\u00e9miov\u00e1 vapingov\u00e1 za\u0159\u00edzen\u00ed a p\u0159\u00edslu\u0161enstv\u00ed","publisher":{"@id":"https:\/\/vapemaison.com\/#organization"},"potentialAction":[{"@type":"SearchAction","target":{"@type":"EntryPoint","urlTemplate":"https:\/\/vapemaison.com\/?s={search_term_string}"},"query-input":{"@type":"PropertyValueSpecification","valueRequired":true,"valueName":"search_term_string"}}],"inLanguage":"cs"},{"@type":"Organization","@id":"https:\/\/vapemaison.com\/#organization","name":"VapeMaison","url":"https:\/\/vapemaison.com\/","logo":{"@type":"ImageObject","inLanguage":"cs","@id":"https:\/\/vapemaison.com\/#\/schema\/logo\/image\/","url":"https:\/\/vapemaison.com\/wp-content\/uploads\/2026\/01\/cropped-vapemaison-logo-g-2026.webp","contentUrl":"https:\/\/vapemaison.com\/wp-content\/uploads\/2026\/01\/cropped-vapemaison-logo-g-2026.webp","width":350,"height":280,"caption":"VapeMaison"},"image":{"@id":"https:\/\/vapemaison.com\/#\/schema\/logo\/image\/"},"sameAs":["https:\/\/www.youtube.com\/@VapeMaison"]}]}},"tiered_pricing_type":"fixed","tiered_pricing_fixed_rules":{"30":"11.86","50":"10.99","100":"10.36","200":"9.98"},"tiered_pricing_product_settings":{"layout":"default","base_unit_name":{"singular":null,"plural":null},"default_variation":null},"tiered_pricing_minimum_quantity":10,"tiered_pricing_roles_data":[],"tiered_pricing_percentage_rules":[],"tiered_pricing_maximum_quantity":null,"tiered_pricing_quantity_step":"10","_links":{"self":[{"href":"https:\/\/vapemaison.com\/cs\/wp-json\/wp\/v2\/product\/21928","targetHints":{"allow":["GET"]}}],"collection":[{"href":"https:\/\/vapemaison.com\/cs\/wp-json\/wp\/v2\/product"}],"about":[{"href":"https:\/\/vapemaison.com\/cs\/wp-json\/wp\/v2\/types\/product"}],"replies":[{"embeddable":true,"href":"https:\/\/vapemaison.com\/cs\/wp-json\/wp\/v2\/comments?post=21928"}],"version-history":[{"count":0,"href":"https:\/\/vapemaison.com\/cs\/wp-json\/wp\/v2\/product\/21928\/revisions"}],"wp:featuredmedia":[{"embeddable":true,"href":"https:\/\/vapemaison.com\/cs\/wp-json\/wp\/v2\/media\/21932"}],"wp:attachment":[{"href":"https:\/\/vapemaison.com\/cs\/wp-json\/wp\/v2\/media?parent=21928"}],"wp:term":[{"taxonomy":"product_brand","embeddable":true,"href":"https:\/\/vapemaison.com\/cs\/wp-json\/wp\/v2\/product_brand?post=21928"},{"taxonomy":"product_cat","embeddable":true,"href":"https:\/\/vapemaison.com\/cs\/wp-json\/wp\/v2\/product_cat?post=21928"},{"taxonomy":"product_tag","embeddable":true,"href":"https:\/\/vapemaison.com\/cs\/wp-json\/wp\/v2\/product_tag?post=21928"}],"curies":[{"name":"wp","href":"https:\/\/api.w.org\/{rel}","templated":true}]}}