

{"id":22049,"date":"2025-12-29T03:45:03","date_gmt":"2025-12-29T03:45:03","guid":{"rendered":"https:\/\/vapemaison.com\/?post_type=product&#038;p=22049"},"modified":"2026-03-26T05:40:40","modified_gmt":"2026-03-26T05:40:40","slug":"bang-leader-stoll-300k-puffs-6-v-1-jednorazove-vape","status":"publish","type":"product","link":"https:\/\/vapemaison.com\/cs\/product\/bang-leader-stoll-300k-puffs-6-in-1-disposable-vape\/","title":{"rendered":"Bang Leader Stoll 300k Puffs 6 v 1 jednor\u00e1zov\u00fd Vape"},"content":{"rendered":"<p>Na str\u00e1nk\u00e1ch <strong>Bang Leader Stoll 300k puffs<\/strong> p\u0159edstavuje novou generaci vlajkov\u00fdch jednor\u00e1zov\u00fdch vap\u016f. P\u0159in\u00e1\u0161\u00ed <strong>extr\u00e9mn\u00ed \u017eivotnost, \u0161pi\u010dkov\u00fd parn\u00ed v\u00fdkon a skute\u010dn\u00e1 chu\u0165ov\u00e1 flexibilita.<\/strong> v jednom za\u0159\u00edzen\u00ed.<\/p>\n\n\n\n<p>Nejd\u016fle\u017eit\u011bj\u0161\u00ed je, \u017ee za\u0159\u00edzen\u00ed integruje pokro\u010dil\u00fd <strong>Nez\u00e1visl\u00fd aromatick\u00fd syst\u00e9m 6 v 1<\/strong>. U\u017eivatel\u00e9 tak mohou okam\u017eit\u011b p\u0159ep\u00ednat mezi \u0161esti p\u0159\u00edchut\u011bmi a poka\u017ed\u00e9 si vychutnat \u010distou, nem\u00edchanou chu\u0165. Ka\u017ed\u00e1 chu\u0165ov\u00e1 komora funguje nez\u00e1visle, co\u017e zaji\u0161\u0165uje konzistentn\u00ed s\u00edlu a \u010distotu od prvn\u00edho potahu a\u017e po ten posledn\u00ed.<\/p>\n\n\n\n<p>Bang Leader Stoll 300K nav\u00edc nab\u00edz\u00ed <strong>a\u017e 300 tis\u00edc vdech\u016f<\/strong>, co\u017e z n\u011bj \u010din\u00ed ide\u00e1ln\u00ed volbu pro dlouhodob\u00e9 a n\u00e1ro\u010dn\u00e9 u\u017eivatele. V kombinaci s vysoce \u00fa\u010dinnou technologi\u00ed mesh spir\u00e1lek a dob\u00edjec\u00edm nap\u00e1jec\u00edm syst\u00e9mem nastavuje nov\u00fd standard vysokokapacitn\u00edho jednor\u00e1zov\u00e9ho vapingu.<\/p>\n\n\n\n<h2 class=\"wp-block-heading\">Specifikace produktu a kl\u00ed\u010dov\u00e9 vlastnosti<\/h2>\n\n\n\n<figure class=\"wp-block-table is-style-stripes\"><table class=\"has-fixed-layout\"><thead><tr><th>Polo\u017eka<\/th><th>Popis<\/th><\/tr><\/thead><tbody><tr><td>Typ v\u00fdrobku<\/td><td>Vysokokapacitn\u00ed jednor\u00e1zov\u00fd vape<\/td><\/tr><tr><td>Maxim\u00e1ln\u00ed po\u010det v\u00fddech\u016f<\/td><td>A\u017e 300 tis\u00edc vdech\u016f<\/td><\/tr><tr><td>Syst\u00e9m p\u0159\u00edchut\u00ed<\/td><td>Nez\u00e1visl\u00fd aromatick\u00fd syst\u00e9m 6 v 1<\/td><\/tr><tr><td>Struktura chuti<\/td><td>\u0160est pln\u011b uzav\u0159en\u00fdch, odd\u011blen\u00fdch komor na e-liquid<\/td><\/tr><tr><td>P\u0159ep\u00edn\u00e1n\u00ed p\u0159\u00edchut\u00ed<\/td><td>Ru\u010dn\u00ed a okam\u017eit\u00e9 p\u0159ep\u00edn\u00e1n\u00ed<\/td><\/tr><tr><td>Technologie c\u00edvek<\/td><td>Pokro\u010dil\u00e1 s\u00ed\u0165ov\u00e1 c\u00edvka<\/td><\/tr><tr><td>V\u00fdkonnost odpa\u0159ov\u00e1n\u00ed<\/td><td>Hust\u00e1 p\u00e1ra se stabiln\u00edm v\u00fdstupem chuti<\/td><\/tr><tr><td>Energetick\u00fd syst\u00e9m<\/td><td>Dob\u00edjec\u00ed baterie s konstantn\u00edm v\u00fdkonem<\/td><\/tr><tr><td>Ochrana proti \u00faniku<\/td><td>Zes\u00edlen\u00e1 vnit\u0159n\u00ed konstrukce odoln\u00e1 proti \u00faniku vody<\/td><\/tr><tr><td>Design<\/td><td>Pr\u00e9miov\u00e9 ergonomick\u00e9 t\u011blo pro ka\u017edodenn\u00ed pohodl\u00ed<\/td><\/tr><tr><td>Mo\u017enost op\u011btovn\u00e9ho napln\u011bn\u00ed<\/td><td>P\u0159\u00edstroj na jedno pou\u017eit\u00ed, kter\u00fd se ned\u00e1 znovu naplnit<\/td><\/tr><\/tbody><\/table><\/figure>\n\n\n\n<h2 class=\"wp-block-heading\">Skupiny p\u0159\u00edchut\u00ed 6 v 1 (p\u0159ehled)<\/h2>\n\n\n\n<p>Ka\u017ed\u00e9 za\u0159\u00edzen\u00ed obsahuje <strong>\u0161est p\u0159\u00edchut\u00ed v jedn\u00e9 jednotce<\/strong>. U\u017eivatel\u00e9 si tak mohou u\u017e\u00edvat rozmanitost, ani\u017e by museli m\u011bnit za\u0159\u00edzen\u00ed.<\/p>\n\n\n\n<p>K dispozici jsou kombinace p\u0159\u00edchut\u00ed:<\/p>\n\n\n\n<ul class=\"wp-block-list\">\n<li><strong>Skupina 1:<\/strong> Melounov\u00fd led \/ Red Bull \/ Jahodov\u00e9 kiwi \/ Bor\u016fvkov\u00fd led \/ Citronov\u00e1 limetka \/ Jahodov\u00fd meloun<\/li>\n\n\n\n<li><strong>Skupina 2:<\/strong> Jahoda Ban\u00e1n \/ Dvojit\u00e9 jablko \/ Malina Meloun \/ Kysel\u00e9 mango Ananas \/ Tropick\u00e9 ovoce \/ Citron Broskev<\/li>\n\n\n\n<li><strong>Skupina 3:<\/strong> Ananasov\u00fd kokos \/ Blue Razz \/ Sm\u00ed\u0161en\u00e9 bobule \/ Mango Broskev \/ Bor\u016fvka Malina \/ Jahoda Vanilkov\u00e1 kola<\/li>\n\n\n\n<li><strong>Skupina 4:<\/strong> Peach Berry \/ Triple Melon \/ Grape Ice \/ Black Dragon Ice \/ Fizzy Cherry Ice \/ Gummy Bear<\/li>\n\n\n\n<li><strong>Skupina 5:<\/strong> Rainbow Candy \/ Cherry Cola Ice \/ Love 666 \/ Mango Ice \/ Blueberry Cotton Candy \/ Peach Ice<\/li>\n\n\n\n<li><strong>Skupina 6:<\/strong> Aloe Lychee Ice \/ Pink Lemon \/ Glacier Ice \/ Pine Needle Mint \/ Black Currant Ice \/ Watermelon Lemon<\/li>\n\n\n\n<li><strong>Skupina 7:<\/strong> Melounov\u00fd led \/ Sm\u00ed\u0161en\u00e9 bobule \/ Jablko Hru\u0161ka \/ Bor\u016fvka M\u00e1ta \/ Letn\u00ed \u010das \/ Broskev<\/li>\n\n\n\n<li><strong>Skupina 8:<\/strong> Energetick\u00fd n\u00e1poj \/ Broskvov\u00fd led \/ Mango led \/ Goji Berry \/ \u010cern\u00fd ryb\u00edz \/ Mamba<\/li>\n\n\n\n<li><strong>Skupina 9:<\/strong> Cherry Coke \/ Blueberry Raspberry \/ Black Dragon Ice \/ Rainbow Candy \/ Fuji Ice \/ Watermelon Sour Peach<\/li>\n\n\n\n<li><strong>Skupina 10:<\/strong> Red Bull \/ Jahoda Kiwi \/ Jahoda Ban\u00e1n \/ Li\u010di Led \/ Meloun Bobule \/ Mu\u010denka Mango<\/li>\n\n\n\n<li><strong>Skupina 11:<\/strong> Red Bull Cola Ice \/ Jahoda Malina T\u0159e\u0161e\u0148 \/ Ostru\u017eina Dra\u010d\u00ed ovoce \/ Citron Limetka \/ Malina Pomp \/ Meloun Kiwi<\/li>\n\n\n\n<li><strong>Skupina 12:<\/strong> Cola Ice \/ Energy Drink \/ Cherry Ice \/ Meloun Passion Fruit \/ Blackberry Ice \/ Apple Kiwi<\/li>\n<\/ul>\n\n\n\n<h2 class=\"wp-block-heading\">\u010casto kladen\u00e9 ot\u00e1zky (FAQ)<\/h2>\n\n\n\n<h3 class=\"wp-block-heading\">Co znamen\u00e1 \u201c6 v 1\u201d?<\/h3>\n\n\n\n<p>To znamen\u00e1, \u017ee jedno za\u0159\u00edzen\u00ed obsahuje <strong>\u0161est pln\u011b nez\u00e1visl\u00fdch chu\u0165ov\u00fdch komor<\/strong>. U\u017eivatel\u00e9 proto mohou libovoln\u011b m\u011bnit p\u0159\u00edchut\u011b bez m\u00edch\u00e1n\u00ed chut\u00ed.<\/p>\n\n\n\n<h3 class=\"wp-block-heading\">M\u00eds\u00ed se chut\u011b uvnit\u0159 p\u0159\u00edstroje?<\/h3>\n\n\n\n<p>Ne.<br>Ka\u017ed\u00e1 p\u0159\u00edchu\u0165 z\u016fst\u00e1v\u00e1 ve sv\u00e9 vlastn\u00ed uzav\u0159en\u00e9 komo\u0159e, tak\u017ee za\u0159\u00edzen\u00ed poka\u017ed\u00e9 poskytuje \u010distou chu\u0165.<\/p>\n\n\n\n<h3 class=\"wp-block-heading\">Jak mohu zm\u011bnit p\u0159\u00edchu\u0165?<\/h3>\n\n\n\n<p>P\u0159\u00edchut\u011b m\u016f\u017eete p\u0159ep\u00ednat ru\u010dn\u011b a okam\u017eit\u011b. Sta\u010d\u00ed vybrat po\u017eadovan\u00fd kan\u00e1l p\u0159\u00edchut\u00ed a pokra\u010dovat ve vapov\u00e1n\u00ed.<\/p>\n\n\n\n<h3 class=\"wp-block-heading\">Je po\u010det 300 tis\u00edc obl\u00e1\u010dk\u016f p\u0159esn\u00fd?<\/h3>\n\n\n\n<p>Po\u010det puch\u016f poch\u00e1z\u00ed z laboratorn\u00edch test\u016f. Skute\u010dn\u00e1 spot\u0159eba se v\u0161ak m\u016f\u017ee li\u0161it v z\u00e1vislosti na d\u00e9lce trv\u00e1n\u00ed a frekvenci kou\u0159en\u00ed.<\/p>\n\n\n\n<h3 class=\"wp-block-heading\">Je \u0161est p\u0159\u00edchut\u00ed pou\u017eito rovnom\u011brn\u011b?<\/h3>\n\n\n\n<p>Ano.<br>Vnit\u0159n\u00ed syst\u00e9m rovnom\u011brn\u011b rozd\u011bluje vyu\u017eit\u00ed do v\u0161ech \u0161esti komor, aby byl zaji\u0161t\u011bn vyv\u00e1\u017een\u00fd v\u00fdkon.<\/p>\n\n\n\n<h3 class=\"wp-block-heading\">Je toto za\u0159\u00edzen\u00ed vhodn\u00e9 pro n\u00e1ro\u010dn\u00e9 u\u017eivatele?<\/h3>\n\n\n\n<p>Ano.<br>D\u00edky mimo\u0159\u00e1dn\u011b vysok\u00e9 kapacit\u011b \u0161lukov\u00e1n\u00ed a designu s v\u00edce p\u0159\u00edchut\u011bmi se hod\u00ed zejm\u00e9na pro n\u00e1ro\u010dn\u00e9 a dlouhodob\u00e9 u\u017eivatele.<\/p>\n\n\n\n<h3 class=\"wp-block-heading\">Mohu pou\u017e\u00edt pouze jednu p\u0159\u00edchu\u0165?<\/h3>\n\n\n\n<p>Ano.<br>Podle sv\u00fdch preferenc\u00ed se m\u016f\u017eete zam\u011b\u0159it na jednu p\u0159\u00edchu\u0165 nebo kdykoli p\u0159ep\u00ednat mezi p\u0159\u00edchut\u011bmi.<\/p>\n\n\n\n<h3 class=\"wp-block-heading\">M\u00e1 zm\u011bna p\u0159\u00edchut\u00ed vliv na kvalitu p\u00e1ry?<\/h3>\n\n\n\n<p>Ne.<br>M\u0159\u00ed\u017ekov\u00e1 spir\u00e1lka a syst\u00e9m nap\u00e1jen\u00ed udr\u017euj\u00ed stabiln\u00ed produkci p\u00e1ry a konzistentn\u00ed v\u00fdstup chuti za v\u0161ech okolnost\u00ed.<\/p>\n\n\n\n<h3 class=\"wp-block-heading\">Lze za\u0159\u00edzen\u00ed dob\u00edjet?<\/h3>\n\n\n\n<p>Ano.<br>Dob\u00edjec\u00ed baterie umo\u017e\u0148uje u\u017eivatel\u016fm pln\u011b vyu\u017e\u00edt kapacitu e-liquidu.<\/p>\n\n\n\n<h3 class=\"wp-block-heading\">Lze p\u0159\u00edstroj znovu naplnit?<\/h3>\n\n\n\n<p>Ne.<br>Tento v\u00fdrobek pou\u017e\u00edv\u00e1 jednor\u00e1zov\u00e9 proveden\u00ed, kter\u00e9 se ned\u00e1 znovu naplnit, co\u017e zaji\u0161\u0165uje pohodl\u00ed, hygienu a spolehlivost.<\/p>\n\n\n\n<h3 class=\"wp-block-heading\">Obsahuje nikotin?<\/h3>\n\n\n\n<p>Dostupnost nikotinu z\u00e1vis\u00ed na konkr\u00e9tn\u00ed verzi a trhu. Zkontrolujte pros\u00edm etiketu v\u00fdrobku nebo se obra\u0165te na sv\u00e9ho dodavatele.<\/p>\n\n\n\n<h3 class=\"wp-block-heading\">Pro koho je tento produkt ur\u010den?<\/h3>\n\n\n\n<ul class=\"wp-block-list\">\n<li>Milovn\u00edci chut\u00ed, kte\u0159\u00ed cht\u011bj\u00ed rozmanitost<\/li>\n\n\n\n<li>U\u017eivatel\u00e9, kte\u0159\u00ed poci\u0165uj\u00ed \u00fanavu chuti<\/li>\n\n\n\n<li>Siln\u00ed nebo dlouhodob\u00ed u\u017eivatel\u00e9 vape<\/li>\n\n\n\n<li>Z\u00e1kazn\u00edci, kte\u0159\u00ed hledaj\u00ed pr\u00e9miov\u00e9 komplexn\u00ed \u0159e\u0161en\u00ed<\/li>\n<\/ul>","protected":false},"excerpt":{"rendered":"<p>The Bang Leader Stoll 300k puffs represents a new generation of flagship disposable vapes. It delivers extreme longevity, premium vapor performance, and true flavor flexibility in a single device. Most importantly, the device integrates an advanced 6-in-1 independent flavor system. As a result, users can switch between six flavors instantly while enjoying clean, unmixed taste [&hellip;]<\/p>\n","protected":false},"featured_media":22059,"comment_status":"open","ping_status":"closed","template":"","meta":[],"product_brand":[57],"product_cat":[311],"product_tag":[],"class_list":{"0":"post-22049","1":"product","2":"type-product","3":"status-publish","4":"has-post-thumbnail","6":"product_brand-bang","7":"product_cat-300k-puffs","9":"first","10":"instock","11":"sale","12":"featured","13":"shipping-taxable","14":"purchasable","15":"product-type-variable"},"yoast_head":"<!-- This site is optimized with the Yoast SEO plugin v27.4 - https:\/\/yoast.com\/product\/yoast-seo-wordpress\/ -->\n<title>Bang Leader Stoll 300K Vape \u2013 6-in-1 Flavors, 300k Puffs<\/title>\n<meta name=\"description\" content=\"Experience the Bang Leader Stoll 300K disposable vape with an advanced 6-in-1 independent flavor system and up to 300k puffs.\" \/>\n<meta name=\"robots\" content=\"index, follow, max-snippet:-1, max-image-preview:large, max-video-preview:-1\" \/>\n<link rel=\"canonical\" href=\"https:\/\/vapemaison.com\/cs\/produkt\/bang-leader-stoll-300k-puffs-6-v-1-jednorazove-vape\/\" \/>\n<meta property=\"og:locale\" content=\"cs_CZ\" \/>\n<meta property=\"og:type\" content=\"article\" \/>\n<meta property=\"og:title\" content=\"Bang Leader Stoll 300K Vape \u2013 6-in-1 Flavors, 300k Puffs\" \/>\n<meta property=\"og:description\" content=\"Experience the Bang Leader Stoll 300K disposable vape with an advanced 6-in-1 independent flavor system and up to 300k puffs.\" \/>\n<meta property=\"og:url\" content=\"https:\/\/vapemaison.com\/cs\/produkt\/bang-leader-stoll-300k-puffs-6-v-1-jednorazove-vape\/\" \/>\n<meta property=\"og:site_name\" content=\"VapeMaison\" \/>\n<meta property=\"article:modified_time\" content=\"2026-03-26T05:40:40+00:00\" \/>\n<meta property=\"og:image\" content=\"https:\/\/vapemaison.com\/wp-content\/uploads\/2025\/12\/bang-leader-300000-strawberry-banana-double-apple-raspberry-watermelon-sour-mango-pineapple-tropical-fruit-lemon-peach-1024x1024.png\" \/>\n\t<meta property=\"og:image:width\" content=\"1024\" \/>\n\t<meta property=\"og:image:height\" content=\"1024\" \/>\n\t<meta property=\"og:image:type\" content=\"image\/png\" \/>\n<meta name=\"twitter:card\" content=\"summary_large_image\" \/>\n<meta name=\"twitter:label1\" content=\"Odhadovan\u00e1 doba \u010dten\u00ed\" \/>\n\t<meta name=\"twitter:data1\" content=\"4 minuty\" \/>\n<!-- \/ Yoast SEO plugin. -->","yoast_head_json":{"title":"Bang Leader Stoll 300K Vape - p\u0159\u00edchut\u011b 6 v 1, 300 tis\u00edc \u0161luk\u016f","description":"Vyzkou\u0161ejte jednor\u00e1zov\u00fd vape Bang Leader Stoll 300K s pokro\u010dil\u00fdm syst\u00e9mem nez\u00e1visl\u00fdch p\u0159\u00edchut\u00ed 6 v 1 a a\u017e 300 tis\u00edci potahy.","robots":{"index":"index","follow":"follow","max-snippet":"max-snippet:-1","max-image-preview":"max-image-preview:large","max-video-preview":"max-video-preview:-1"},"canonical":"https:\/\/vapemaison.com\/cs\/produkt\/bang-leader-stoll-300k-puffs-6-v-1-jednorazove-vape\/","og_locale":"cs_CZ","og_type":"article","og_title":"Bang Leader Stoll 300K Vape \u2013 6-in-1 Flavors, 300k Puffs","og_description":"Experience the Bang Leader Stoll 300K disposable vape with an advanced 6-in-1 independent flavor system and up to 300k puffs.","og_url":"https:\/\/vapemaison.com\/cs\/produkt\/bang-leader-stoll-300k-puffs-6-v-1-jednorazove-vape\/","og_site_name":"VapeMaison","article_modified_time":"2026-03-26T05:40:40+00:00","og_image":[{"width":1024,"height":1024,"url":"https:\/\/vapemaison.com\/wp-content\/uploads\/2025\/12\/bang-leader-300000-strawberry-banana-double-apple-raspberry-watermelon-sour-mango-pineapple-tropical-fruit-lemon-peach-1024x1024.png","type":"image\/png"}],"twitter_card":"summary_large_image","twitter_misc":{"Odhadovan\u00e1 doba \u010dten\u00ed":"4 minuty"},"schema":{"@context":"https:\/\/schema.org","@graph":[{"@type":"WebPage","@id":"https:\/\/vapemaison.com\/product\/bang-leader-stoll-300k-puffs-6-in-1-disposable-vape\/","url":"https:\/\/vapemaison.com\/product\/bang-leader-stoll-300k-puffs-6-in-1-disposable-vape\/","name":"Bang Leader Stoll 300K Vape - p\u0159\u00edchut\u011b 6 v 1, 300 tis\u00edc \u0161luk\u016f","isPartOf":{"@id":"https:\/\/vapemaison.com\/#website"},"primaryImageOfPage":{"@id":"https:\/\/vapemaison.com\/product\/bang-leader-stoll-300k-puffs-6-in-1-disposable-vape\/#primaryimage"},"image":{"@id":"https:\/\/vapemaison.com\/product\/bang-leader-stoll-300k-puffs-6-in-1-disposable-vape\/#primaryimage"},"thumbnailUrl":"https:\/\/vapemaison.com\/wp-content\/uploads\/2025\/12\/bang-leader-300000-strawberry-banana-double-apple-raspberry-watermelon-sour-mango-pineapple-tropical-fruit-lemon-peach.png","datePublished":"2025-12-29T03:45:03+00:00","dateModified":"2026-03-26T05:40:40+00:00","description":"Vyzkou\u0161ejte jednor\u00e1zov\u00fd vape Bang Leader Stoll 300K s pokro\u010dil\u00fdm syst\u00e9mem nez\u00e1visl\u00fdch p\u0159\u00edchut\u00ed 6 v 1 a a\u017e 300 tis\u00edci potahy.","breadcrumb":{"@id":"https:\/\/vapemaison.com\/product\/bang-leader-stoll-300k-puffs-6-in-1-disposable-vape\/#breadcrumb"},"inLanguage":"cs","potentialAction":[{"@type":"ReadAction","target":["https:\/\/vapemaison.com\/product\/bang-leader-stoll-300k-puffs-6-in-1-disposable-vape\/"]}]},{"@type":"ImageObject","inLanguage":"cs","@id":"https:\/\/vapemaison.com\/product\/bang-leader-stoll-300k-puffs-6-in-1-disposable-vape\/#primaryimage","url":"https:\/\/vapemaison.com\/wp-content\/uploads\/2025\/12\/bang-leader-300000-strawberry-banana-double-apple-raspberry-watermelon-sour-mango-pineapple-tropical-fruit-lemon-peach.png","contentUrl":"https:\/\/vapemaison.com\/wp-content\/uploads\/2025\/12\/bang-leader-300000-strawberry-banana-double-apple-raspberry-watermelon-sour-mango-pineapple-tropical-fruit-lemon-peach.png","width":2000,"height":2000,"caption":"Bang Leader Strawberry Banana Double Apple Raspberry Watermelon Sour Mango Pineapple Tropical Fruit Lemon Peach"},{"@type":"BreadcrumbList","@id":"https:\/\/vapemaison.com\/product\/bang-leader-stoll-300k-puffs-6-in-1-disposable-vape\/#breadcrumb","itemListElement":[{"@type":"ListItem","position":1,"name":"\u9996\u9875","item":"https:\/\/vapemaison.com\/"},{"@type":"ListItem","position":2,"name":"Shop","item":"https:\/\/vapemaison.com\/shop\/"},{"@type":"ListItem","position":3,"name":"Bang","item":"https:\/\/vapemaison.com\/brand\/bang\/"},{"@type":"ListItem","position":4,"name":"Bang Leader Stoll 300k Puffs 6-in-1 Disposable Vape"}]},{"@type":"WebSite","@id":"https:\/\/vapemaison.com\/#website","url":"https:\/\/vapemaison.com\/","name":"VapeMaison","description":"Pr\u00e9miov\u00e1 vapingov\u00e1 za\u0159\u00edzen\u00ed a p\u0159\u00edslu\u0161enstv\u00ed","publisher":{"@id":"https:\/\/vapemaison.com\/#organization"},"potentialAction":[{"@type":"SearchAction","target":{"@type":"EntryPoint","urlTemplate":"https:\/\/vapemaison.com\/?s={search_term_string}"},"query-input":{"@type":"PropertyValueSpecification","valueRequired":true,"valueName":"search_term_string"}}],"inLanguage":"cs"},{"@type":"Organization","@id":"https:\/\/vapemaison.com\/#organization","name":"VapeMaison","url":"https:\/\/vapemaison.com\/","logo":{"@type":"ImageObject","inLanguage":"cs","@id":"https:\/\/vapemaison.com\/#\/schema\/logo\/image\/","url":"https:\/\/vapemaison.com\/wp-content\/uploads\/2026\/01\/cropped-vapemaison-logo-g-2026.webp","contentUrl":"https:\/\/vapemaison.com\/wp-content\/uploads\/2026\/01\/cropped-vapemaison-logo-g-2026.webp","width":350,"height":280,"caption":"VapeMaison"},"image":{"@id":"https:\/\/vapemaison.com\/#\/schema\/logo\/image\/"},"sameAs":["https:\/\/www.youtube.com\/@VapeMaison"]}]}},"tiered_pricing_type":"fixed","tiered_pricing_fixed_rules":{"30":"12.24","50":"11.86","100":"11.36","200":"10.99"},"tiered_pricing_product_settings":{"layout":"default","base_unit_name":{"singular":null,"plural":null},"default_variation":null},"tiered_pricing_minimum_quantity":10,"tiered_pricing_roles_data":[],"tiered_pricing_percentage_rules":[],"tiered_pricing_maximum_quantity":null,"tiered_pricing_quantity_step":"10","_links":{"self":[{"href":"https:\/\/vapemaison.com\/cs\/wp-json\/wp\/v2\/product\/22049","targetHints":{"allow":["GET"]}}],"collection":[{"href":"https:\/\/vapemaison.com\/cs\/wp-json\/wp\/v2\/product"}],"about":[{"href":"https:\/\/vapemaison.com\/cs\/wp-json\/wp\/v2\/types\/product"}],"replies":[{"embeddable":true,"href":"https:\/\/vapemaison.com\/cs\/wp-json\/wp\/v2\/comments?post=22049"}],"version-history":[{"count":0,"href":"https:\/\/vapemaison.com\/cs\/wp-json\/wp\/v2\/product\/22049\/revisions"}],"wp:featuredmedia":[{"embeddable":true,"href":"https:\/\/vapemaison.com\/cs\/wp-json\/wp\/v2\/media\/22059"}],"wp:attachment":[{"href":"https:\/\/vapemaison.com\/cs\/wp-json\/wp\/v2\/media?parent=22049"}],"wp:term":[{"taxonomy":"product_brand","embeddable":true,"href":"https:\/\/vapemaison.com\/cs\/wp-json\/wp\/v2\/product_brand?post=22049"},{"taxonomy":"product_cat","embeddable":true,"href":"https:\/\/vapemaison.com\/cs\/wp-json\/wp\/v2\/product_cat?post=22049"},{"taxonomy":"product_tag","embeddable":true,"href":"https:\/\/vapemaison.com\/cs\/wp-json\/wp\/v2\/product_tag?post=22049"}],"curies":[{"name":"wp","href":"https:\/\/api.w.org\/{rel}","templated":true}]}}