

{"id":22265,"date":"2025-12-29T06:40:21","date_gmt":"2025-12-29T06:40:21","guid":{"rendered":"https:\/\/vapemaison.com\/?post_type=product&#038;p=22265"},"modified":"2026-03-24T07:40:44","modified_gmt":"2026-03-24T07:40:44","slug":"bang-leader-stoll-300k-puffs-jednorazove-vape","status":"publish","type":"product","link":"https:\/\/vapemaison.com\/cs\/product\/bang-leader-stoll-300k-puffs-disposable-vape\/","title":{"rendered":"Bang Leader Stoll 300K Vape na jedno pou\u017eit\u00ed"},"content":{"rendered":"<p>Na str\u00e1nk\u00e1ch <strong>Bang Leader Stoll 300K<\/strong> je vlajkovou lod\u00ed vysokokapacitn\u00edch jednor\u00e1zov\u00fdch vape ur\u010den\u00fdch pro u\u017eivatele, kte\u0159\u00ed vy\u017eaduj\u00ed <strong>maxim\u00e1ln\u00ed \u017eivotnost, prvot\u0159\u00eddn\u00ed kvalita p\u00e1ry a skute\u010dn\u00e1 svoboda chuti.<\/strong> v jednom za\u0159\u00edzen\u00ed.<\/p>\n\n\n\n<p>S <strong>Pln\u011b nez\u00e1visl\u00fd aromatick\u00fd syst\u00e9m 6 v 1<\/strong>, m\u016f\u017eete okam\u017eit\u011b p\u0159ep\u00ednat mezi \u0161esti p\u0159\u00edchut\u011bmi bez k\u0159\u00ed\u017eov\u00e9ho m\u00edch\u00e1n\u00ed. Ka\u017ed\u00e1 chu\u0165ov\u00e1 komora funguje samostatn\u011b, co\u017e zaji\u0161\u0165uje \u010distou a konzistentn\u00ed chu\u0165 od prvn\u00edho potahu a\u017e po ten posledn\u00ed.<\/p>\n\n\n\n<p>Obsahuje a\u017e <strong><a href=\"https:\/\/vapemaison.com\/product-category\/puffs-count\/300k-puffs\/\">300k obl\u00e1\u010dk\u016f<\/a><\/strong>, vysoce \u00fa\u010dinnou technologi\u00ed mesh spir\u00e1lek a dob\u00edjec\u00ed bateri\u00ed nastavuje Stoll 300K nov\u00fd standard pro jednor\u00e1zov\u00e9 vapingy nov\u00e9 generace.<\/p>\n\n\n\n<p><strong>Klikn\u011bte zde pro v\u00edce informac\u00ed <a href=\"https:\/\/vapemaison.com\/brand\/bang\/\">v\u00fdrobky od spole\u010dnosti Bang<\/a>, jako\u017e i <a href=\"https:\/\/vapemaison.com\/shop\/\" type=\"link\" id=\"https:\/\/vapemaison.com\/shop\/\">v\u0161echny produkty<\/a>.<\/strong><\/p>\n\n\n\n<h2 class=\"wp-block-heading\">P\u0159ehled hlavn\u00edch v\u00fdhod<\/h2>\n\n\n\n<ul class=\"wp-block-list\">\n<li>A\u017e do <strong>300 000 obl\u00e1\u010dk\u016f<\/strong> pro dlouhodob\u00fd po\u017eitek<\/li>\n\n\n\n<li><strong>Nez\u00e1visl\u00fd aromatick\u00fd syst\u00e9m 6 v 1<\/strong><\/li>\n\n\n\n<li>V\u017edy \u010dist\u00e1, nesm\u00ed\u0161en\u00e1 chu\u0165<\/li>\n\n\n\n<li>Ru\u010dn\u00ed, okam\u017eit\u00e9 p\u0159ep\u00edn\u00e1n\u00ed p\u0159\u00edchut\u00ed<\/li>\n\n\n\n<li>Hust\u00e1 p\u00e1ra s konzistentn\u00ed chut\u00ed<\/li>\n\n\n\n<li>Dob\u00edjec\u00ed baterie<\/li>\n\n\n\n<li>Pr\u00e9miov\u00fd ergonomick\u00fd design s konstrukc\u00ed odolnou proti \u00faniku vody<\/li>\n<\/ul>\n\n\n\n<h2 class=\"wp-block-heading\">Specifikace produktu<\/h2>\n\n\n\n<figure class=\"wp-block-table is-style-stripes\"><table class=\"has-fixed-layout\"><thead><tr><th>Funkce<\/th><th>Popis<\/th><\/tr><\/thead><tbody><tr><td>Typ v\u00fdrobku<\/td><td>Vysokokapacitn\u00ed jednor\u00e1zov\u00fd vape<\/td><\/tr><tr><td>Maxim\u00e1ln\u00ed po\u010det v\u00fddech\u016f<\/td><td>A\u017e 300 000 vdech\u016f<\/td><\/tr><tr><td>Syst\u00e9m p\u0159\u00edchut\u00ed<\/td><td>Nez\u00e1visl\u00fd aromatick\u00fd syst\u00e9m 6 v 1<\/td><\/tr><tr><td>Struktura chuti<\/td><td>\u0160est uzav\u0159en\u00fdch, odd\u011blen\u00fdch komor na e-liquid<\/td><\/tr><tr><td>P\u0159ep\u00edn\u00e1n\u00ed p\u0159\u00edchut\u00ed<\/td><td>Ru\u010dn\u00ed, okam\u017eit\u00e9<\/td><\/tr><tr><td>Technologie c\u00edvek<\/td><td>Pokro\u010dil\u00e1 s\u00ed\u0165ov\u00e1 c\u00edvka<\/td><\/tr><tr><td>V\u00fdstup p\u00e1ry<\/td><td>Hust\u00e1 p\u00e1ra se stabiln\u00ed chut\u00ed<\/td><\/tr><tr><td>Energetick\u00fd syst\u00e9m<\/td><td>Dob\u00edjec\u00ed baterie<\/td><\/tr><tr><td>Ochrana proti \u00faniku<\/td><td>Zes\u00edlen\u00e1 vnit\u0159n\u00ed konstrukce proti \u00faniku<\/td><\/tr><tr><td>Design<\/td><td>Ergonomick\u00e9, pr\u00e9miov\u00e9 pouzdro<\/td><\/tr><tr><td>Mo\u017enost op\u011btovn\u00e9ho napln\u011bn\u00ed<\/td><td>Jednor\u00e1zov\u00e9, kter\u00e9 nelze znovu naplnit<\/td><\/tr><\/tbody><\/table><\/figure>\n\n\n\n<h2 class=\"wp-block-heading\">Vysv\u011btlen\u00ed syst\u00e9mu p\u0159\u00edchut\u00ed 6 v 1<\/h2>\n\n\n\n<p>Ka\u017ed\u00fd <strong>Bang Leader Stoll 300K<\/strong> za\u0159\u00edzen\u00ed obsahuje <strong>\u0161est r\u016fzn\u00fdch p\u0159\u00edchut\u00ed v jedn\u00e9 jednotce<\/strong>, co\u017e u\u017eivatel\u016fm umo\u017e\u0148uje vyu\u017e\u00edvat rozmanitost bez nutnosti p\u0159ep\u00edn\u00e1n\u00ed za\u0159\u00edzen\u00ed.<\/p>\n\n\n\n<p>Ka\u017ed\u00e1 komora je <strong>pln\u011b ut\u011bsn\u011bn\u00e9<\/strong>, \u010d\u00edm\u017e se zachov\u00e1 \u010distota a intenzita chuti po celou dobu pou\u017e\u00edv\u00e1n\u00ed.<\/p>\n\n\n\n<h2 class=\"wp-block-heading\">Pro koho je toto za\u0159\u00edzen\u00ed ur\u010deno?<\/h2>\n\n\n\n<ul class=\"wp-block-list\">\n<li>U\u017eivatel\u00e9, kte\u0159\u00ed maj\u00ed r\u00e1di <strong>rozmanitost chut\u00ed<\/strong><\/li>\n\n\n\n<li>Zku\u0161enosti s vapery <strong>\u00fanava chuti<\/strong><\/li>\n\n\n\n<li><strong>Siln\u00ed nebo dlouhodob\u00ed u\u017eivatel\u00e9<\/strong> hled\u00e1n\u00ed ultravysok\u00e9 kapacity nad\u00fdch\u00e1n\u00ed<\/li>\n\n\n\n<li>Z\u00e1kazn\u00edci, kte\u0159\u00ed hledaj\u00ed <strong>pr\u00e9miov\u00e9 jednor\u00e1zov\u00e9 \u0159e\u0161en\u00ed typu \"v\u0161e v jednom<\/strong><\/li>\n<\/ul>","protected":false},"excerpt":{"rendered":"<p>The Bang Leader Stoll 300K is a flagship high-capacity disposable vape designed for users who demand maximum longevity, premium vapor quality, and true flavor freedom in a single device. With a 6-in-1 fully independent flavor system, you can instantly switch between six flavors without cross-mixing. Each flavor chamber operates separately, ensuring pure, consistent taste from [&hellip;]<\/p>\n","protected":false},"featured_media":22055,"comment_status":"open","ping_status":"closed","template":"","meta":[],"product_brand":[57],"product_cat":[311],"product_tag":[],"class_list":{"0":"post-22265","1":"product","2":"type-product","3":"status-publish","4":"has-post-thumbnail","6":"product_brand-bang","7":"product_cat-300k-puffs","9":"first","10":"instock","11":"sale","12":"shipping-taxable","13":"purchasable","14":"product-type-variable"},"yoast_head":"<!-- This site is optimized with the Yoast SEO plugin v27.4 - https:\/\/yoast.com\/product\/yoast-seo-wordpress\/ -->\n<title>Bang Leader Stoll 300K Vape \u2013 6-in-1 Flavors | 300k Puffs<\/title>\n<meta name=\"description\" content=\"Experience the Bang Leader Stoll 300K disposable vape with an advanced 6-in-1 independent flavor system and up to 300k puffs.\" \/>\n<meta name=\"robots\" content=\"index, follow, max-snippet:-1, max-image-preview:large, max-video-preview:-1\" \/>\n<link rel=\"canonical\" href=\"https:\/\/vapemaison.com\/cs\/produkt\/bang-leader-stoll-300k-puffs-jednorazove-vape\/\" \/>\n<meta property=\"og:locale\" content=\"cs_CZ\" \/>\n<meta property=\"og:type\" content=\"article\" \/>\n<meta property=\"og:title\" content=\"Bang Leader Stoll 300K Vape \u2013 6-in-1 Flavors | 300k Puffs\" \/>\n<meta property=\"og:description\" content=\"Experience the Bang Leader Stoll 300K disposable vape with an advanced 6-in-1 independent flavor system and up to 300k puffs.\" \/>\n<meta property=\"og:url\" content=\"https:\/\/vapemaison.com\/cs\/produkt\/bang-leader-stoll-300k-puffs-jednorazove-vape\/\" \/>\n<meta property=\"og:site_name\" content=\"VapeMaison\" \/>\n<meta property=\"article:modified_time\" content=\"2026-03-24T07:40:44+00:00\" \/>\n<meta property=\"og:image\" content=\"https:\/\/vapemaison.com\/wp-content\/uploads\/2025\/12\/bang-leader-300000-pineapple-coconut-blue-razz-mixed-berries-mango-peach-blueberry-raspberry-strawberry-vanilla-coke-1024x1024.png\" \/>\n\t<meta property=\"og:image:width\" content=\"1024\" \/>\n\t<meta property=\"og:image:height\" content=\"1024\" \/>\n\t<meta property=\"og:image:type\" content=\"image\/png\" \/>\n<meta name=\"twitter:card\" content=\"summary_large_image\" \/>\n<meta name=\"twitter:label1\" content=\"Odhadovan\u00e1 doba \u010dten\u00ed\" \/>\n\t<meta name=\"twitter:data1\" content=\"2 minuty\" \/>\n<!-- \/ Yoast SEO plugin. -->","yoast_head_json":{"title":"Bang Leader Stoll 300K Vape - p\u0159\u00edchut\u011b 6 v 1 | 300k Puffs","description":"Vyzkou\u0161ejte jednor\u00e1zov\u00fd vape Bang Leader Stoll 300K s pokro\u010dil\u00fdm syst\u00e9mem nez\u00e1visl\u00fdch p\u0159\u00edchut\u00ed 6 v 1 a a\u017e 300 tis\u00edci potahy.","robots":{"index":"index","follow":"follow","max-snippet":"max-snippet:-1","max-image-preview":"max-image-preview:large","max-video-preview":"max-video-preview:-1"},"canonical":"https:\/\/vapemaison.com\/cs\/produkt\/bang-leader-stoll-300k-puffs-jednorazove-vape\/","og_locale":"cs_CZ","og_type":"article","og_title":"Bang Leader Stoll 300K Vape \u2013 6-in-1 Flavors | 300k Puffs","og_description":"Experience the Bang Leader Stoll 300K disposable vape with an advanced 6-in-1 independent flavor system and up to 300k puffs.","og_url":"https:\/\/vapemaison.com\/cs\/produkt\/bang-leader-stoll-300k-puffs-jednorazove-vape\/","og_site_name":"VapeMaison","article_modified_time":"2026-03-24T07:40:44+00:00","og_image":[{"width":1024,"height":1024,"url":"https:\/\/vapemaison.com\/wp-content\/uploads\/2025\/12\/bang-leader-300000-pineapple-coconut-blue-razz-mixed-berries-mango-peach-blueberry-raspberry-strawberry-vanilla-coke-1024x1024.png","type":"image\/png"}],"twitter_card":"summary_large_image","twitter_misc":{"Odhadovan\u00e1 doba \u010dten\u00ed":"2 minuty"},"schema":{"@context":"https:\/\/schema.org","@graph":[{"@type":"WebPage","@id":"https:\/\/vapemaison.com\/product\/bang-leader-stoll-300k-puffs-disposable-vape\/","url":"https:\/\/vapemaison.com\/product\/bang-leader-stoll-300k-puffs-disposable-vape\/","name":"Bang Leader Stoll 300K Vape - p\u0159\u00edchut\u011b 6 v 1 | 300k Puffs","isPartOf":{"@id":"https:\/\/vapemaison.com\/#website"},"primaryImageOfPage":{"@id":"https:\/\/vapemaison.com\/product\/bang-leader-stoll-300k-puffs-disposable-vape\/#primaryimage"},"image":{"@id":"https:\/\/vapemaison.com\/product\/bang-leader-stoll-300k-puffs-disposable-vape\/#primaryimage"},"thumbnailUrl":"https:\/\/vapemaison.com\/wp-content\/uploads\/2025\/12\/bang-leader-300000-pineapple-coconut-blue-razz-mixed-berries-mango-peach-blueberry-raspberry-strawberry-vanilla-coke.png","datePublished":"2025-12-29T06:40:21+00:00","dateModified":"2026-03-24T07:40:44+00:00","description":"Vyzkou\u0161ejte jednor\u00e1zov\u00fd vape Bang Leader Stoll 300K s pokro\u010dil\u00fdm syst\u00e9mem nez\u00e1visl\u00fdch p\u0159\u00edchut\u00ed 6 v 1 a a\u017e 300 tis\u00edci potahy.","breadcrumb":{"@id":"https:\/\/vapemaison.com\/product\/bang-leader-stoll-300k-puffs-disposable-vape\/#breadcrumb"},"inLanguage":"cs","potentialAction":[{"@type":"ReadAction","target":["https:\/\/vapemaison.com\/product\/bang-leader-stoll-300k-puffs-disposable-vape\/"]}]},{"@type":"ImageObject","inLanguage":"cs","@id":"https:\/\/vapemaison.com\/product\/bang-leader-stoll-300k-puffs-disposable-vape\/#primaryimage","url":"https:\/\/vapemaison.com\/wp-content\/uploads\/2025\/12\/bang-leader-300000-pineapple-coconut-blue-razz-mixed-berries-mango-peach-blueberry-raspberry-strawberry-vanilla-coke.png","contentUrl":"https:\/\/vapemaison.com\/wp-content\/uploads\/2025\/12\/bang-leader-300000-pineapple-coconut-blue-razz-mixed-berries-mango-peach-blueberry-raspberry-strawberry-vanilla-coke.png","width":2000,"height":2000,"caption":"Bang Leader Pineapple Coconut Blue Razz Mixed Berries Mango Peach Blueberry Raspberry Strawberry Vanilla Coke"},{"@type":"BreadcrumbList","@id":"https:\/\/vapemaison.com\/product\/bang-leader-stoll-300k-puffs-disposable-vape\/#breadcrumb","itemListElement":[{"@type":"ListItem","position":1,"name":"\u9996\u9875","item":"https:\/\/vapemaison.com\/"},{"@type":"ListItem","position":2,"name":"Shop","item":"https:\/\/vapemaison.com\/shop\/"},{"@type":"ListItem","position":3,"name":"Bang","item":"https:\/\/vapemaison.com\/brand\/bang\/"},{"@type":"ListItem","position":4,"name":"Bang Leader Stoll 300K Disposable Vape"}]},{"@type":"WebSite","@id":"https:\/\/vapemaison.com\/#website","url":"https:\/\/vapemaison.com\/","name":"VapeMaison","description":"Pr\u00e9miov\u00e1 vapingov\u00e1 za\u0159\u00edzen\u00ed a p\u0159\u00edslu\u0161enstv\u00ed","publisher":{"@id":"https:\/\/vapemaison.com\/#organization"},"potentialAction":[{"@type":"SearchAction","target":{"@type":"EntryPoint","urlTemplate":"https:\/\/vapemaison.com\/?s={search_term_string}"},"query-input":{"@type":"PropertyValueSpecification","valueRequired":true,"valueName":"search_term_string"}}],"inLanguage":"cs"},{"@type":"Organization","@id":"https:\/\/vapemaison.com\/#organization","name":"VapeMaison","url":"https:\/\/vapemaison.com\/","logo":{"@type":"ImageObject","inLanguage":"cs","@id":"https:\/\/vapemaison.com\/#\/schema\/logo\/image\/","url":"https:\/\/vapemaison.com\/wp-content\/uploads\/2026\/01\/cropped-vapemaison-logo-g-2026.webp","contentUrl":"https:\/\/vapemaison.com\/wp-content\/uploads\/2026\/01\/cropped-vapemaison-logo-g-2026.webp","width":350,"height":280,"caption":"VapeMaison"},"image":{"@id":"https:\/\/vapemaison.com\/#\/schema\/logo\/image\/"},"sameAs":["https:\/\/www.youtube.com\/@VapeMaison"]}]}},"tiered_pricing_type":"fixed","tiered_pricing_fixed_rules":{"30":"12.24","50":"11.86","100":"11.36","200":"10.99"},"tiered_pricing_product_settings":{"layout":"default","base_unit_name":{"singular":null,"plural":null},"default_variation":null},"tiered_pricing_minimum_quantity":10,"tiered_pricing_roles_data":[],"tiered_pricing_percentage_rules":[],"tiered_pricing_maximum_quantity":null,"tiered_pricing_quantity_step":"10","_links":{"self":[{"href":"https:\/\/vapemaison.com\/cs\/wp-json\/wp\/v2\/product\/22265","targetHints":{"allow":["GET"]}}],"collection":[{"href":"https:\/\/vapemaison.com\/cs\/wp-json\/wp\/v2\/product"}],"about":[{"href":"https:\/\/vapemaison.com\/cs\/wp-json\/wp\/v2\/types\/product"}],"replies":[{"embeddable":true,"href":"https:\/\/vapemaison.com\/cs\/wp-json\/wp\/v2\/comments?post=22265"}],"version-history":[{"count":1,"href":"https:\/\/vapemaison.com\/cs\/wp-json\/wp\/v2\/product\/22265\/revisions"}],"predecessor-version":[{"id":28409,"href":"https:\/\/vapemaison.com\/cs\/wp-json\/wp\/v2\/product\/22265\/revisions\/28409"}],"wp:featuredmedia":[{"embeddable":true,"href":"https:\/\/vapemaison.com\/cs\/wp-json\/wp\/v2\/media\/22055"}],"wp:attachment":[{"href":"https:\/\/vapemaison.com\/cs\/wp-json\/wp\/v2\/media?parent=22265"}],"wp:term":[{"taxonomy":"product_brand","embeddable":true,"href":"https:\/\/vapemaison.com\/cs\/wp-json\/wp\/v2\/product_brand?post=22265"},{"taxonomy":"product_cat","embeddable":true,"href":"https:\/\/vapemaison.com\/cs\/wp-json\/wp\/v2\/product_cat?post=22265"},{"taxonomy":"product_tag","embeddable":true,"href":"https:\/\/vapemaison.com\/cs\/wp-json\/wp\/v2\/product_tag?post=22265"}],"curies":[{"name":"wp","href":"https:\/\/api.w.org\/{rel}","templated":true}]}}