

{"id":24039,"date":"2026-01-04T10:00:22","date_gmt":"2026-01-04T10:00:22","guid":{"rendered":"https:\/\/vapemaison.com\/?post_type=product&#038;p=24039"},"modified":"2026-01-14T02:54:00","modified_gmt":"2026-01-14T02:54:00","slug":"solaris-champagne-30000-30k-puffs-jednorazove-vape","status":"publish","type":"product","link":"https:\/\/vapemaison.com\/cs\/product\/solaris-champagne-30000-30k-puffs-disposable-vape\/","title":{"rendered":"Solaris Champagne 30000 - 30K Puffs Vape na jedno pou\u017eit\u00ed"},"content":{"rendered":"<p>Na str\u00e1nk\u00e1ch <strong>Solaris Champagne 30000 (30K Puffs)<\/strong> je vysokokapacitn\u00ed jednor\u00e1zov\u00fd vape ur\u010den\u00fd pro u\u017eivatele, kte\u0159\u00ed vy\u017eaduj\u00ed dlouhou \u017eivotnost, stabiln\u00ed v\u00fdkon a vynikaj\u00edc\u00ed estetiku. Kombinuje a\u017e <strong>30 000 vdech\u016f<\/strong>, a <strong>Z\u00e1sobn\u00edk na 20 ml e-liquidu<\/strong>, a <strong>rafinovan\u00fd design l\u00e1hve \u0161ampa\u0148sk\u00e9ho<\/strong>, p\u0159in\u00e1\u0161\u00ed vizu\u00e1ln\u00ed p\u0159ita\u017elivost i spolehliv\u00e9 ka\u017edodenn\u00ed pou\u017e\u00edv\u00e1n\u00ed s men\u0161\u00edm po\u010dtem v\u00fdm\u011bn.<\/p>\n\n\n\n<p>Nap\u00e1jen\u00ed pomoc\u00ed <strong>C\u00edvka s oky 1,2\u03a9<\/strong>, za\u0159\u00edzen\u00ed zaji\u0161\u0165uje plynul\u00e9 proud\u011bn\u00ed vzduchu, konzistentn\u00ed hustotu p\u00e1ry a bohat\u00e9 zachov\u00e1n\u00ed chuti od prvn\u00edho potahu a\u017e do posledn\u00edho. A <strong>600mAh dob\u00edjec\u00ed baterie s rychl\u00fdm nab\u00edjen\u00edm Type-C<\/strong> poskytuje stabiln\u00ed v\u00fdkon po celou dobu sv\u00e9 prodlou\u017een\u00e9 \u017eivotnosti.<\/p>\n\n\n\n<p>S vyv\u00e1\u017een\u00fdm <strong>S\u00edla nikotinu 2%<\/strong>, poutav\u00e9 <strong>Sv\u011bteln\u00e9 efekty LED<\/strong>, a <strong>10 obl\u00edben\u00fdch p\u0159\u00edchut\u00ed<\/strong>, Solaris Champagne 30K je vhodn\u00fd pro <strong>maloobchodn\u00ed reg\u00e1ly, online prodej a velkoobchodn\u00ed distribuce.<\/strong>.<\/p>\n\n\n\n<h3 class=\"wp-block-heading\">Kl\u00ed\u010dov\u00e9 prodejn\u00ed body<\/h3>\n\n\n\n<ul class=\"wp-block-list\">\n<li><strong>A\u017e 30 000 puf\u016f<\/strong><br>Mimo\u0159\u00e1dn\u011b dlouh\u00fd cyklus pou\u017e\u00edv\u00e1n\u00ed sni\u017euje \u010detnost v\u00fdm\u011bny a zvy\u0161uje efektivitu n\u00e1klad\u016f.<\/li>\n\n\n\n<li><strong>Velk\u00e1 kapacita e-kapaliny 20 ml<\/strong><br>Podporuje del\u0161\u00ed vaping bez ztr\u00e1ty chuti.<\/li>\n\n\n\n<li><strong>Technologie 1.2\u03a9 Mesh Coil<\/strong><br>Hladk\u00e9 tah\u00e1n\u00ed, rovnom\u011brn\u00e9 zah\u0159\u00edv\u00e1n\u00ed a konzistentn\u00ed chu\u0165ov\u00fd v\u00fdkon.<\/li>\n\n\n\n<li><strong>Design lahve \u0161ampa\u0148sk\u00e9ho + LED sv\u011btlo<\/strong><br>Pr\u00e9miov\u00fd vzhled p\u0159ipraven\u00fd na d\u00e1rky, kter\u00fd vynik\u00e1 na konkuren\u010dn\u00edch trz\u00edch.<\/li>\n\n\n\n<li><strong>Dob\u00edjec\u00ed baterie 600 mAh (typ C)<\/strong><br>Spolehliv\u00e9 nap\u00e1jen\u00ed s pohodln\u00fdm dob\u00edjen\u00edm.<\/li>\n\n\n\n<li><strong>Vyv\u00e1\u017een\u00e1 nikotinov\u00e1 s\u00edla 2%<\/strong><br>Vhodn\u00e9 pro \u0161irokou \u0161k\u00e1lu u\u017eivatel\u016f, kte\u0159\u00ed hledaj\u00ed hladk\u00e9 uspokojen\u00ed.<\/li>\n<\/ul>\n\n\n\n<h3 class=\"wp-block-heading\">Specifikace produktu<\/h3>\n\n\n\n<figure class=\"wp-block-table is-style-stripes\"><table class=\"has-fixed-layout\"><thead><tr><th>Funkce<\/th><th>Popis<\/th><\/tr><\/thead><tbody><tr><td>Po\u010det puf\u016f<\/td><td>A\u017e 30 000 vdech\u016f<\/td><\/tr><tr><td>S\u00edla nikotinu<\/td><td>2%<\/td><\/tr><tr><td>Kapacita e-kapaliny<\/td><td>20 ml<\/td><\/tr><tr><td>Typ c\u00edvky<\/td><td>1,2\u03a9 Mesh Coil<\/td><\/tr><tr><td>Kapacita baterie<\/td><td>600 mAh (dob\u00edjec\u00ed)<\/td><\/tr><tr><td>Nab\u00edjec\u00ed port<\/td><td>Typ C<\/td><\/tr><tr><td>Design<\/td><td>Tvar l\u00e1hve \u0161ampa\u0148sk\u00e9ho<\/td><\/tr><tr><td>Osv\u011btlen\u00ed<\/td><td>Sv\u011bteln\u00fd efekt LED<\/td><\/tr><tr><td>Mo\u017enosti p\u0159\u00edchut\u00ed<\/td><td>K dispozici je 10 p\u0159\u00edchut\u00ed<\/td><\/tr><tr><td>Balen\u00ed<\/td><td>10 ks \/ krabice<\/td><\/tr><\/tbody><\/table><\/figure>\n\n\n\n<h3 class=\"wp-block-heading\">Dostupn\u00e9 p\u0159\u00edchut\u011b<\/h3>\n\n\n\n<ul class=\"wp-block-list\">\n<li>Jahodov\u00e9 kiwi<\/li>\n\n\n\n<li>Blue Razz Cherry<\/li>\n\n\n\n<li>Sm\u00ed\u0161en\u00e9 bobule<\/li>\n\n\n\n<li>Bor\u016fvka malina<\/li>\n\n\n\n<li>\u0160ampa\u0148sk\u00e9 s b\u00edl\u00fdmi hrozny<\/li>\n\n\n\n<li>\u0160\u0165avnat\u00e1 broskev<\/li>\n\n\n\n<li>Jahodov\u00fd meloun<\/li>\n\n\n\n<li>Hroznov\u00fd meloun<\/li>\n\n\n\n<li>Melounov\u00fd led<\/li>\n\n\n\n<li>Trojit\u00e9 mango<\/li>\n<\/ul>","protected":false},"excerpt":{"rendered":"<div class=\"text-base my-auto mx-auto pb-10 [--thread-content-margin:--spacing(4)] @w-sm\/main:[--thread-content-margin:--spacing(6)] @w-lg\/main:[--thread-content-margin:--spacing(16)] px-(--thread-content-margin)\">\n<div class=\"[--thread-content-max-width:40rem] @w-lg\/main:[--thread-content-max-width:48rem] mx-auto max-w-(--thread-content-max-width) flex-1 group\/turn-messages focus-visible:outline-hidden relative flex w-full min-w-0 flex-col agent-turn\" tabindex=\"-1\">\n<div class=\"flex max-w-full flex-col grow\">\n<div class=\"min-h-8 text-message relative flex w-full flex-col items-end gap-2 text-start break-words whitespace-normal [.text-message+&amp;]:mt-1\" dir=\"auto\" data-message-author-role=\"assistant\" data-message-id=\"5974df6b-e8ee-47b4-974c-d9474c0b01fb\" data-message-model-slug=\"gpt-5-2\">\n<div class=\"flex w-full flex-col gap-1 empty:hidden first:pt-[1px]\">\n<div class=\"markdown prose dark:prose-invert w-full break-words light markdown-new-styling\">\n<p data-start=\"0\" data-end=\"386\" data-is-last-node=\"\" data-is-only-node=\"\">Solaris Champagne 30000 is a premium disposable vape offering up to 30,000 puffs with a large 20 mL e-liquid capacity. Featuring a smooth 1.2\u03a9 mesh coil, rechargeable 600 mAh Type-C battery, and an elegant champagne bottle design with LED lighting, it delivers long-lasting performance, rich flavor, and standout shelf appeal\u2014ideal for users seeking reliability and style in one device.<\/p>\n<\/div>\n<\/div>\n<\/div>\n<\/div>\n<\/div>\n<\/div>\n","protected":false},"featured_media":24045,"comment_status":"open","ping_status":"closed","template":"","meta":[],"product_brand":[],"product_cat":[134],"product_tag":[],"class_list":{"0":"post-24039","1":"product","2":"type-product","3":"status-publish","4":"has-post-thumbnail","6":"product_cat-30k-puffs","8":"first","9":"instock","10":"sale","11":"featured","12":"shipping-taxable","13":"purchasable","14":"product-type-variable"},"yoast_head":"<!-- This site is optimized with the Yoast SEO plugin v27.4 - https:\/\/yoast.com\/product\/yoast-seo-wordpress\/ -->\n<title>Solaris Champagne 30000 Disposable Vape | 30K Puffs, 20mL<\/title>\n<meta name=\"description\" content=\"Solaris Champagne 30000 disposable vape delivers up to 30,000 puffs with 20mL e-liquid, 2% nicotine, 1.2\u03a9 mesh coil, LED light, and Type-C rechargeable battery.\" \/>\n<meta name=\"robots\" content=\"index, follow, max-snippet:-1, max-image-preview:large, max-video-preview:-1\" \/>\n<link rel=\"canonical\" href=\"https:\/\/vapemaison.com\/cs\/produkt\/solaris-champagne-30000-30k-puffs-jednorazove-vape\/\" \/>\n<meta property=\"og:locale\" content=\"cs_CZ\" \/>\n<meta property=\"og:type\" content=\"article\" \/>\n<meta property=\"og:title\" content=\"Solaris Champagne 30000 Disposable Vape | 30K Puffs, 20mL\" \/>\n<meta property=\"og:description\" content=\"Solaris Champagne 30000 disposable vape delivers up to 30,000 puffs with 20mL e-liquid, 2% nicotine, 1.2\u03a9 mesh coil, LED light, and Type-C rechargeable battery.\" \/>\n<meta property=\"og:url\" content=\"https:\/\/vapemaison.com\/cs\/produkt\/solaris-champagne-30000-30k-puffs-jednorazove-vape\/\" \/>\n<meta property=\"og:site_name\" content=\"VapeMaison\" \/>\n<meta property=\"article:modified_time\" content=\"2026-01-14T02:54:00+00:00\" \/>\n<meta property=\"og:image\" content=\"https:\/\/vapemaison.com\/wp-content\/uploads\/2026\/01\/solaris-champagne-30000-30k-puffs-main-picture.jpg.webp\" \/>\n\t<meta property=\"og:image:width\" content=\"2048\" \/>\n\t<meta property=\"og:image:height\" content=\"2048\" \/>\n\t<meta property=\"og:image:type\" content=\"image\/webp\" \/>\n<meta name=\"twitter:card\" content=\"summary_large_image\" \/>\n<meta name=\"twitter:label1\" content=\"Odhadovan\u00e1 doba \u010dten\u00ed\" \/>\n\t<meta name=\"twitter:data1\" content=\"2 minuty\" \/>\n<!-- \/ Yoast SEO plugin. -->","yoast_head_json":{"title":"Solaris Champagne 30000 Vape na jedno pou\u017eit\u00ed | 30K Puffs, 20ml","description":"Solaris Champagne 30000 jednor\u00e1zov\u00fd vape poskytuje a\u017e 30 000 potah\u016f s 20 ml e-liquidu, nikotinem 2%, 1,2\u03a9 mesh spir\u00e1lkou, LED sv\u011btlem a dob\u00edjec\u00ed bateri\u00ed typu C.","robots":{"index":"index","follow":"follow","max-snippet":"max-snippet:-1","max-image-preview":"max-image-preview:large","max-video-preview":"max-video-preview:-1"},"canonical":"https:\/\/vapemaison.com\/cs\/produkt\/solaris-champagne-30000-30k-puffs-jednorazove-vape\/","og_locale":"cs_CZ","og_type":"article","og_title":"Solaris Champagne 30000 Disposable Vape | 30K Puffs, 20mL","og_description":"Solaris Champagne 30000 disposable vape delivers up to 30,000 puffs with 20mL e-liquid, 2% nicotine, 1.2\u03a9 mesh coil, LED light, and Type-C rechargeable battery.","og_url":"https:\/\/vapemaison.com\/cs\/produkt\/solaris-champagne-30000-30k-puffs-jednorazove-vape\/","og_site_name":"VapeMaison","article_modified_time":"2026-01-14T02:54:00+00:00","og_image":[{"width":2048,"height":2048,"url":"https:\/\/vapemaison.com\/wp-content\/uploads\/2026\/01\/solaris-champagne-30000-30k-puffs-main-picture.jpg.webp","type":"image\/webp"}],"twitter_card":"summary_large_image","twitter_misc":{"Odhadovan\u00e1 doba \u010dten\u00ed":"2 minuty"},"schema":{"@context":"https:\/\/schema.org","@graph":[{"@type":"WebPage","@id":"https:\/\/vapemaison.com\/product\/solaris-champagne-30000-30k-puffs-disposable-vape\/","url":"https:\/\/vapemaison.com\/product\/solaris-champagne-30000-30k-puffs-disposable-vape\/","name":"Solaris Champagne 30000 Vape na jedno pou\u017eit\u00ed | 30K Puffs, 20ml","isPartOf":{"@id":"https:\/\/vapemaison.com\/#website"},"primaryImageOfPage":{"@id":"https:\/\/vapemaison.com\/product\/solaris-champagne-30000-30k-puffs-disposable-vape\/#primaryimage"},"image":{"@id":"https:\/\/vapemaison.com\/product\/solaris-champagne-30000-30k-puffs-disposable-vape\/#primaryimage"},"thumbnailUrl":"https:\/\/vapemaison.com\/wp-content\/uploads\/2026\/01\/solaris-champagne-30000-30k-puffs-main-picture.jpg.webp","datePublished":"2026-01-04T10:00:22+00:00","dateModified":"2026-01-14T02:54:00+00:00","description":"Solaris Champagne 30000 jednor\u00e1zov\u00fd vape poskytuje a\u017e 30 000 potah\u016f s 20 ml e-liquidu, nikotinem 2%, 1,2\u03a9 mesh spir\u00e1lkou, LED sv\u011btlem a dob\u00edjec\u00ed bateri\u00ed typu C.","breadcrumb":{"@id":"https:\/\/vapemaison.com\/product\/solaris-champagne-30000-30k-puffs-disposable-vape\/#breadcrumb"},"inLanguage":"cs","potentialAction":[{"@type":"ReadAction","target":["https:\/\/vapemaison.com\/product\/solaris-champagne-30000-30k-puffs-disposable-vape\/"]}]},{"@type":"ImageObject","inLanguage":"cs","@id":"https:\/\/vapemaison.com\/product\/solaris-champagne-30000-30k-puffs-disposable-vape\/#primaryimage","url":"https:\/\/vapemaison.com\/wp-content\/uploads\/2026\/01\/solaris-champagne-30000-30k-puffs-main-picture.jpg.webp","contentUrl":"https:\/\/vapemaison.com\/wp-content\/uploads\/2026\/01\/solaris-champagne-30000-30k-puffs-main-picture.jpg.webp","width":2048,"height":2048,"caption":"Solaris Champagne 30k Puffs Main Picture.jpg Disposable Vape Device"},{"@type":"BreadcrumbList","@id":"https:\/\/vapemaison.com\/product\/solaris-champagne-30000-30k-puffs-disposable-vape\/#breadcrumb","itemListElement":[{"@type":"ListItem","position":1,"name":"\u9996\u9875","item":"https:\/\/vapemaison.com\/"},{"@type":"ListItem","position":2,"name":"Shop","item":"https:\/\/vapemaison.com\/shop\/"},{"@type":"ListItem","position":3,"name":"Solaris Champagne 30000 \u2013 30K Puffs Disposable Vape"}]},{"@type":"WebSite","@id":"https:\/\/vapemaison.com\/#website","url":"https:\/\/vapemaison.com\/","name":"VapeMaison","description":"Pr\u00e9miov\u00e1 vapingov\u00e1 za\u0159\u00edzen\u00ed a p\u0159\u00edslu\u0161enstv\u00ed","publisher":{"@id":"https:\/\/vapemaison.com\/#organization"},"potentialAction":[{"@type":"SearchAction","target":{"@type":"EntryPoint","urlTemplate":"https:\/\/vapemaison.com\/?s={search_term_string}"},"query-input":{"@type":"PropertyValueSpecification","valueRequired":true,"valueName":"search_term_string"}}],"inLanguage":"cs"},{"@type":"Organization","@id":"https:\/\/vapemaison.com\/#organization","name":"VapeMaison","url":"https:\/\/vapemaison.com\/","logo":{"@type":"ImageObject","inLanguage":"cs","@id":"https:\/\/vapemaison.com\/#\/schema\/logo\/image\/","url":"https:\/\/vapemaison.com\/wp-content\/uploads\/2026\/01\/cropped-vapemaison-logo-g-2026.webp","contentUrl":"https:\/\/vapemaison.com\/wp-content\/uploads\/2026\/01\/cropped-vapemaison-logo-g-2026.webp","width":350,"height":280,"caption":"VapeMaison"},"image":{"@id":"https:\/\/vapemaison.com\/#\/schema\/logo\/image\/"},"sameAs":["https:\/\/www.youtube.com\/@VapeMaison"]}]}},"tiered_pricing_type":"fixed","tiered_pricing_fixed_rules":{"30":"9.36","50":"8.84","100":"7.98","200":"7.26"},"tiered_pricing_product_settings":{"layout":"default","base_unit_name":{"singular":null,"plural":null},"default_variation":null},"tiered_pricing_minimum_quantity":10,"tiered_pricing_roles_data":[],"tiered_pricing_percentage_rules":[],"tiered_pricing_maximum_quantity":null,"tiered_pricing_quantity_step":"10","_links":{"self":[{"href":"https:\/\/vapemaison.com\/cs\/wp-json\/wp\/v2\/product\/24039","targetHints":{"allow":["GET"]}}],"collection":[{"href":"https:\/\/vapemaison.com\/cs\/wp-json\/wp\/v2\/product"}],"about":[{"href":"https:\/\/vapemaison.com\/cs\/wp-json\/wp\/v2\/types\/product"}],"replies":[{"embeddable":true,"href":"https:\/\/vapemaison.com\/cs\/wp-json\/wp\/v2\/comments?post=24039"}],"version-history":[{"count":3,"href":"https:\/\/vapemaison.com\/cs\/wp-json\/wp\/v2\/product\/24039\/revisions"}],"predecessor-version":[{"id":25104,"href":"https:\/\/vapemaison.com\/cs\/wp-json\/wp\/v2\/product\/24039\/revisions\/25104"}],"wp:featuredmedia":[{"embeddable":true,"href":"https:\/\/vapemaison.com\/cs\/wp-json\/wp\/v2\/media\/24045"}],"wp:attachment":[{"href":"https:\/\/vapemaison.com\/cs\/wp-json\/wp\/v2\/media?parent=24039"}],"wp:term":[{"taxonomy":"product_brand","embeddable":true,"href":"https:\/\/vapemaison.com\/cs\/wp-json\/wp\/v2\/product_brand?post=24039"},{"taxonomy":"product_cat","embeddable":true,"href":"https:\/\/vapemaison.com\/cs\/wp-json\/wp\/v2\/product_cat?post=24039"},{"taxonomy":"product_tag","embeddable":true,"href":"https:\/\/vapemaison.com\/cs\/wp-json\/wp\/v2\/product_tag?post=24039"}],"curies":[{"name":"wp","href":"https:\/\/api.w.org\/{rel}","templated":true}]}}