

{"id":25382,"date":"2026-01-06T08:22:29","date_gmt":"2026-01-06T08:22:29","guid":{"rendered":"https:\/\/vapemaison.com\/?post_type=product&#038;p=25382"},"modified":"2026-01-06T09:01:56","modified_gmt":"2026-01-06T09:01:56","slug":"jnr-mega-box-25000-puffs-jednorazove-vape","status":"publish","type":"product","link":"https:\/\/vapemaison.com\/cs\/product\/jnr-mega-box-25000-puffs-disposable-vape\/","title":{"rendered":"JNR Mega Box 25000 Puffs Vape na jedno pou\u017eit\u00ed"},"content":{"rendered":"<h2 class=\"wp-block-heading\"><strong>JNR Mega Box 25000 Puffs Disposable Vape - Premium Vaping Redefined<\/strong><\/h2>\n\n\n\n<p>Na str\u00e1nk\u00e1ch <strong>JNR Mega Box 25000 Puffs Vape na jedno pou\u017eit\u00ed<\/strong> je vysokokapacitn\u00ed pr\u00e9miov\u00e9 za\u0159\u00edzen\u00ed ur\u010den\u00e9 pro vapery, kte\u0159\u00ed vy\u017eaduj\u00ed <strong>v\u00fdjime\u010dn\u00e1 \u017eivotnost, intenzivn\u00ed chu\u0165 a spolehliv\u00fd v\u00fdkon.<\/strong>. Dod\u00e1vka a\u017e do <strong>25 000 obl\u00e1\u010dk\u016f<\/strong>, v\u00fdrazn\u011b p\u0159ekon\u00e1v\u00e1 standardn\u00ed jednor\u00e1zov\u00e9 vapery, tak\u017ee je ide\u00e1ln\u00ed pro del\u0161\u00ed a nep\u0159eru\u0161ovan\u00e9 vapov\u00e1n\u00ed.<\/p>\n\n\n\n<p>Nap\u00e1jen\u00ed pomoc\u00ed robustn\u00edho <strong>Dob\u00edjec\u00ed baterie s kapacitou 850 mAh<\/strong> s <strong>Rychl\u00e9 nab\u00edjen\u00ed p\u0159es USB typu C<\/strong>, JNR Mega Box 25000 zaji\u0161\u0165uje stabiln\u00ed v\u00fdkon a konzistentn\u00ed produkci p\u00e1ry po celou dobu sv\u00e9 \u017eivotnosti. Jeho velkorys\u00fd <strong>Kapacita p\u0159edpln\u011bn\u00e9ho e-liquidu 30 ml<\/strong> poskytuje bohatou a plnou chu\u0165 p\u0159i ka\u017ed\u00e9m potahu a z\u00e1rove\u0148 eliminuje pot\u0159ebu dopl\u0148ov\u00e1n\u00ed nebo \u00fadr\u017eby.<\/p>\n\n\n\n<p>Vybaveno <strong>pokro\u010dil\u00e1 technologie dvouj\u00e1drov\u00e9 s\u00ed\u0165ov\u00e9 c\u00edvky<\/strong>, toto za\u0159\u00edzen\u00ed poskytuje rovnom\u011brn\u00e9 zah\u0159\u00edv\u00e1n\u00ed, hust\u00e9 mraky p\u00e1ry a plynul\u00e9, uspokojiv\u00e9 vdechov\u00e1n\u00ed od prvn\u00edho po posledn\u00ed \u0161luknut\u00ed. JNR Mega Box 25000 je navr\u017een tak, aby se bez probl\u00e9m\u016f za\u010dlenil do ka\u017edodenn\u00edho \u017eivota, a kombinuje pohodl\u00ed, odolnost a prvot\u0159\u00eddn\u00ed v\u00fdkon v jednom elegantn\u00edm za\u0159\u00edzen\u00ed.<\/p>\n\n\n\n<p>Na adrese <strong>VapeMaison<\/strong>, nab\u00edz\u00edme vybran\u00fd sortiment autentick\u00fdch jednor\u00e1zov\u00fdch vapes JNR, v\u010detn\u011b. <strong>JNR Alien 10000, JNR Falcon X 18000, JNR Shisha Hookah 12000<\/strong>, a <strong>JNR Media Max 40000<\/strong>, co\u017e zaru\u010duje kvalitu a v\u00fdb\u011br pro ka\u017edou vapingovou preferenci.<\/p>\n\n\n\n<h2 class=\"wp-block-heading\"><strong>JNR Mega Box 25000 - Specifikace<\/strong><\/h2>\n\n\n\n<figure class=\"wp-block-table is-style-stripes\"><table class=\"has-fixed-layout\"><thead><tr><th>Funkce<\/th><th>Popis<\/th><\/tr><\/thead><tbody><tr><td>Kapacita nad\u00fdchan\u00e9ho vzduchu<\/td><td>A\u017e 25 000 vdech\u016f<\/td><\/tr><tr><td>Kapacita e-liquidu<\/td><td>30 ml p\u0159edpln\u011bn\u00e9 n\u00e1pln\u011b<\/td><\/tr><tr><td>Kapacita baterie<\/td><td>Dob\u00edjec\u00ed kapacita 850 mAh<\/td><\/tr><tr><td>Nab\u00edjec\u00ed port<\/td><td>USB typu C<\/td><\/tr><tr><td>Syst\u00e9m c\u00edvek<\/td><td>Dvouj\u00e1drov\u00e1 s\u00ed\u0165ov\u00e1 c\u00edvka<\/td><\/tr><tr><td>Chu\u0165ov\u00fd v\u00fdkon<\/td><td>\u010cist\u00e1 chu\u0165 s intenzivn\u00edm uspokojen\u00edm<\/td><\/tr><tr><td>Mo\u017enosti p\u0159\u00edchut\u00ed<\/td><td>V\u00edce pr\u00e9miov\u00fdch p\u0159\u00edchut\u00ed<\/td><\/tr><tr><td>Design<\/td><td>Stylov\u00e9, kompaktn\u00ed a odoln\u00e9<\/td><\/tr><tr><td>Pou\u017eit\u00ed<\/td><td>Na jedno pou\u017eit\u00ed, bez nutnosti dopl\u0148ov\u00e1n\u00ed<\/td><\/tr><\/tbody><\/table><\/figure>\n\n\n\n<h2 class=\"wp-block-heading\"><strong>Stylov\u00fd a pohodln\u00fd design<\/strong><\/h2>\n\n\n\n<p>Na str\u00e1nk\u00e1ch <strong>JNR Mega Box 25000<\/strong> spojuje modern\u00ed estetiku s funk\u010dn\u00edm designem. Jeho elegantn\u00ed \u010derno-zlat\u00fd exteri\u00e9r p\u016fsob\u00ed odv\u00e1\u017en\u00fdm, pr\u00e9miov\u00fdm dojmem a z\u00e1rove\u0148 je kompaktn\u00ed a snadno se p\u0159en\u00e1\u0161\u00ed. Je lehk\u00fd a p\u0159itom odoln\u00fd, tak\u017ee se pohodln\u011b vejde do ruky nebo do kapsy a je ide\u00e1ln\u00ed pro vaping na cest\u00e1ch.<\/p>\n\n\n\n<p>A\u0165 u\u017e jste za\u010d\u00e1te\u010dn\u00edk nebo zku\u0161en\u00fd vaper, toto za\u0159\u00edzen\u00ed nab\u00edz\u00ed snadn\u00e9 ovl\u00e1d\u00e1n\u00ed, spolehliv\u00fd v\u00fdkon a vyt\u0159\u00edben\u00fd vizu\u00e1ln\u00ed vzhled. Je to v\u00edc ne\u017e jen vape, je to prohl\u00e1\u0161en\u00ed o stylu a sebev\u011bdom\u00ed.<\/p>\n\n\n\n<h2 class=\"wp-block-heading\"><strong>Cenov\u011b dostupn\u00e9 ceny a hromadn\u00e9 nab\u00eddky na VapeMaison<\/strong><\/h2>\n\n\n\n<p>Pro\u010d platit v\u00edce, kdy\u017e si m\u016f\u017eete u\u017e\u00edvat \u0161pi\u010dkov\u00fd v\u00fdkon za v\u00fdhodn\u00e9 ceny? Na <strong>VapeMaison<\/strong>, ... <strong>JNR Mega Box 25000<\/strong> je k dispozici pouze za <strong>\u20ac27.99<\/strong>, co\u017e odr\u00e1\u017e\u00ed n\u00e1\u0161 z\u00e1vazek kvality a cenov\u00e9 dostupnosti.<\/p>\n\n\n\n<h2 class=\"wp-block-heading\"><strong>JNR Mega Box 25000 p\u0159\u00edchut\u00ed<\/strong><\/h2>\n\n\n\n<p>JNR Mega Box 25000 je k dispozici v \u0161irok\u00e9 \u0161k\u00e1le pe\u010dliv\u011b vybran\u00fdch p\u0159\u00edchut\u00ed, kter\u00e9 uspokoj\u00ed ka\u017ed\u00fd jaz\u00fd\u010dek. Ka\u017ed\u00e1 p\u0159\u00edchu\u0165 poskytuje hladk\u00fd a konzistentn\u00ed v\u00fdkon a\u017e do posledn\u00edho \u0161luku.<\/p>\n\n\n\n<p><strong>Dostupn\u00e9 p\u0159\u00edchut\u011b:<\/strong><\/p>\n\n\n\n<ul class=\"wp-block-list\">\n<li>Blue Razz Cherry - Sladk\u00e1 modr\u00e1 malina s t\u00f3ny zral\u00e9 t\u0159e\u0161n\u011b<\/li>\n\n\n\n<li>\u0160\u0165avnat\u00e1 broskev - p\u0159\u00edrodn\u00ed sladkost zral\u00e9 broskve<\/li>\n\n\n\n<li>Cherry Berry - Bohat\u00e1 sm\u011bs t\u0159e\u0161n\u00ed a rozmixovan\u00fdch bobul\u00ed<\/li>\n\n\n\n<li>Bor\u016fvkovo-kysel\u00e1 malinovo-jahodov\u00e1 - sladk\u00e1, kysel\u00e1 a ovocn\u00e1 f\u00faze<\/li>\n\n\n\n<li>Strawberry Ice - \u010cerstv\u00e9 jahody s chladivou ledovou p\u0159\u00edchut\u00ed<\/li>\n\n\n\n<li>Bor\u016fvkov\u00fd led - \u0160\u0165avnat\u00e9 bor\u016fvky v kombinaci s osv\u011b\u017euj\u00edc\u00edm ledem<\/li>\n\n\n\n<li>Citron a limetka - k\u0159upav\u00e9, pikantn\u00ed citrusov\u00e9 duo<\/li>\n\n\n\n<li>Strawberry Banana - kr\u00e9mov\u00fd ban\u00e1n sm\u00edchan\u00fd se zral\u00fdmi jahodami<\/li>\n\n\n\n<li>Fizzy Cherry Cola - Klasick\u00e1 cola s p\u0159\u00edchut\u00ed sladk\u00e9 t\u0159e\u0161n\u011b<\/li>\n\n\n\n<li>Sour Apple - v\u00fdrazn\u00e1, pikantn\u00ed p\u0159\u00edchu\u0165 zelen\u00e9ho jablka<\/li>\n<\/ul>\n\n\n\n<h2 class=\"wp-block-heading\"><strong>\u010casto kladen\u00e9 ot\u00e1zky (FAQ)<\/strong><\/h2>\n\n\n\n<h3 class=\"wp-block-heading\"><strong>Lze za\u0159\u00edzen\u00ed JNR Mega Box 25000 dob\u00edjet?<\/strong><\/h3>\n\n\n\n<p>Ano. Za\u0159\u00edzen\u00ed je vybaveno <strong>Dob\u00edjec\u00ed baterie s kapacitou 850 mAh<\/strong> a <strong>Nab\u00edjec\u00ed port USB typu C<\/strong>, co\u017e umo\u017e\u0148uje rychl\u00e9 a pohodln\u00e9 dob\u00edjen\u00ed.<\/p>\n\n\n\n<h3 class=\"wp-block-heading\"><strong>Kolik \u0161luk\u016f poskytuje JNR Mega Box 25000?<\/strong><\/h3>\n\n\n\n<p>JNR Mega Box poskytuje a\u017e <strong>25 000 konzistentn\u00edch vdech\u016f<\/strong>, tak\u017ee je ide\u00e1ln\u00ed pro dlouhodob\u00e9 pou\u017e\u00edv\u00e1n\u00ed bez nutnosti \u010dast\u00e9 v\u00fdm\u011bny.<\/p>\n\n\n\n<h3 class=\"wp-block-heading\"><strong>V \u010dem je z\u00e1\u017eitek z chuti jedine\u010dn\u00fd?<\/strong><\/h3>\n\n\n\n<p>Jeho <strong>dvouj\u00e1drov\u00e1 technologie s\u00ed\u0165ov\u00e9 c\u00edvky<\/strong> zaji\u0161\u0165uje rovnom\u011brn\u00e9 \u017ehaven\u00ed a stabiln\u00ed v\u00fdstup chuti, tak\u017ee poskytuje bohatou chu\u0165 a hladkou p\u00e1ru, i kdy\u017e je \u00farove\u0148 nabit\u00ed baterie n\u00edzk\u00e1.<\/p>\n\n\n\n<h3 class=\"wp-block-heading\"><strong>Pro\u010d nakupovat u VapeMaison?<\/strong><\/h3>\n\n\n\n<p>Na adrese <strong>VapeMaison<\/strong>, zam\u011b\u0159ujeme se na autentick\u00e9 v\u00fdrobky, konkurenceschopn\u00e9 ceny, \u00faspory ve velk\u00e9m a spolehliv\u00fd servis, co\u017e z n\u00e1s \u010din\u00ed d\u016fv\u011bryhodnou destinaci pro pr\u00e9miov\u00e9 jednor\u00e1zov\u00e9 vapes.<\/p>","protected":false},"excerpt":{"rendered":"<p>JNR Mega Box 25000 Puffs Disposable Vape \u2013 Premium Vaping Redefined The JNR Mega Box 25000 Puffs Disposable Vape is a high-capacity premium device designed for vapers who demand exceptional longevity, intense flavor, and reliable performance. Delivering up to 25,000 puffs, it significantly outperforms standard disposable vapes, making it ideal for extended and uninterrupted vaping [&hellip;]<\/p>\n","protected":false},"featured_media":25383,"comment_status":"open","ping_status":"closed","template":"","meta":[],"product_brand":[168],"product_cat":[144],"product_tag":[],"class_list":{"0":"post-25382","1":"product","2":"type-product","3":"status-publish","4":"has-post-thumbnail","6":"product_brand-jnr","7":"product_cat-25k-puffs","9":"first","10":"instock","11":"sale","12":"shipping-taxable","13":"purchasable","14":"product-type-variable"},"yoast_head":"<!-- This site is optimized with the Yoast SEO plugin v27.4 - https:\/\/yoast.com\/product\/yoast-seo-wordpress\/ -->\n<title>JNR Mega Box 25000 Puffs Disposable Vape | 25K Puffs<\/title>\n<meta name=\"description\" content=\"Shop JNR Mega Box 25000 Puffs Disposable Vape with 30ml e-liquid, 850mAh rechargeable battery, USB-C charging and dual mesh coil for rich, long-lasting flavor.\" \/>\n<meta name=\"robots\" content=\"index, follow, max-snippet:-1, max-image-preview:large, max-video-preview:-1\" \/>\n<link rel=\"canonical\" href=\"https:\/\/vapemaison.com\/cs\/produkt\/jnr-mega-box-25000-puffs-jednorazove-vape\/\" \/>\n<meta property=\"og:locale\" content=\"cs_CZ\" \/>\n<meta property=\"og:type\" content=\"article\" \/>\n<meta property=\"og:title\" content=\"JNR Mega Box 25000 Puffs Disposable Vape | 25K Puffs\" \/>\n<meta property=\"og:description\" content=\"Shop JNR Mega Box 25000 Puffs Disposable Vape with 30ml e-liquid, 850mAh rechargeable battery, USB-C charging and dual mesh coil for rich, long-lasting flavor.\" \/>\n<meta property=\"og:url\" content=\"https:\/\/vapemaison.com\/cs\/produkt\/jnr-mega-box-25000-puffs-jednorazove-vape\/\" \/>\n<meta property=\"og:site_name\" content=\"VapeMaison\" \/>\n<meta property=\"article:modified_time\" content=\"2026-01-06T09:01:56+00:00\" \/>\n<meta property=\"og:image\" content=\"https:\/\/vapemaison.com\/wp-content\/uploads\/2026\/01\/jnr-mega-box-25000-puffs-23-hubba-bubba-60x.webp\" \/>\n\t<meta property=\"og:image:width\" content=\"560\" \/>\n\t<meta property=\"og:image:height\" content=\"560\" \/>\n\t<meta property=\"og:image:type\" content=\"image\/webp\" \/>\n<meta name=\"twitter:card\" content=\"summary_large_image\" \/>\n<meta name=\"twitter:label1\" content=\"Odhadovan\u00e1 doba \u010dten\u00ed\" \/>\n\t<meta name=\"twitter:data1\" content=\"3 minuty\" \/>\n<!-- \/ Yoast SEO plugin. -->","yoast_head_json":{"title":"JNR Mega Box 25000 Puffs Vape na jedno pou\u017eit\u00ed | 25K Puffs","description":"JNR Mega Box 25000 potah\u016f Jednor\u00e1zov\u00e1 vape s 30 ml e-liquidu, dob\u00edjec\u00ed bateri\u00ed 850 mAh, nab\u00edjen\u00edm p\u0159es USB-C a dvojitou s\u00ed\u0165ovou spir\u00e1lkou pro bohatou a dlouhotrvaj\u00edc\u00ed chu\u0165.","robots":{"index":"index","follow":"follow","max-snippet":"max-snippet:-1","max-image-preview":"max-image-preview:large","max-video-preview":"max-video-preview:-1"},"canonical":"https:\/\/vapemaison.com\/cs\/produkt\/jnr-mega-box-25000-puffs-jednorazove-vape\/","og_locale":"cs_CZ","og_type":"article","og_title":"JNR Mega Box 25000 Puffs Disposable Vape | 25K Puffs","og_description":"Shop JNR Mega Box 25000 Puffs Disposable Vape with 30ml e-liquid, 850mAh rechargeable battery, USB-C charging and dual mesh coil for rich, long-lasting flavor.","og_url":"https:\/\/vapemaison.com\/cs\/produkt\/jnr-mega-box-25000-puffs-jednorazove-vape\/","og_site_name":"VapeMaison","article_modified_time":"2026-01-06T09:01:56+00:00","og_image":[{"width":560,"height":560,"url":"https:\/\/vapemaison.com\/wp-content\/uploads\/2026\/01\/jnr-mega-box-25000-puffs-23-hubba-bubba-60x.webp","type":"image\/webp"}],"twitter_card":"summary_large_image","twitter_misc":{"Odhadovan\u00e1 doba \u010dten\u00ed":"3 minuty"},"schema":{"@context":"https:\/\/schema.org","@graph":[{"@type":"WebPage","@id":"https:\/\/vapemaison.com\/product\/jnr-mega-box-25000-puffs-disposable-vape\/","url":"https:\/\/vapemaison.com\/product\/jnr-mega-box-25000-puffs-disposable-vape\/","name":"JNR Mega Box 25000 Puffs Vape na jedno pou\u017eit\u00ed | 25K Puffs","isPartOf":{"@id":"https:\/\/vapemaison.com\/#website"},"primaryImageOfPage":{"@id":"https:\/\/vapemaison.com\/product\/jnr-mega-box-25000-puffs-disposable-vape\/#primaryimage"},"image":{"@id":"https:\/\/vapemaison.com\/product\/jnr-mega-box-25000-puffs-disposable-vape\/#primaryimage"},"thumbnailUrl":"https:\/\/vapemaison.com\/wp-content\/uploads\/2026\/01\/jnr-mega-box-25000-puffs-23-hubba-bubba-60x.webp","datePublished":"2026-01-06T08:22:29+00:00","dateModified":"2026-01-06T09:01:56+00:00","description":"JNR Mega Box 25000 potah\u016f Jednor\u00e1zov\u00e1 vape s 30 ml e-liquidu, dob\u00edjec\u00ed bateri\u00ed 850 mAh, nab\u00edjen\u00edm p\u0159es USB-C a dvojitou s\u00ed\u0165ovou spir\u00e1lkou pro bohatou a dlouhotrvaj\u00edc\u00ed chu\u0165.","breadcrumb":{"@id":"https:\/\/vapemaison.com\/product\/jnr-mega-box-25000-puffs-disposable-vape\/#breadcrumb"},"inLanguage":"cs","potentialAction":[{"@type":"ReadAction","target":["https:\/\/vapemaison.com\/product\/jnr-mega-box-25000-puffs-disposable-vape\/"]}]},{"@type":"ImageObject","inLanguage":"cs","@id":"https:\/\/vapemaison.com\/product\/jnr-mega-box-25000-puffs-disposable-vape\/#primaryimage","url":"https:\/\/vapemaison.com\/wp-content\/uploads\/2026\/01\/jnr-mega-box-25000-puffs-23-hubba-bubba-60x.webp","contentUrl":"https:\/\/vapemaison.com\/wp-content\/uploads\/2026\/01\/jnr-mega-box-25000-puffs-23-hubba-bubba-60x.webp","width":560,"height":560,"caption":"Jnr Mega Box Puffs 23 Hubba Bubba 60x Disposable Vape Device"},{"@type":"BreadcrumbList","@id":"https:\/\/vapemaison.com\/product\/jnr-mega-box-25000-puffs-disposable-vape\/#breadcrumb","itemListElement":[{"@type":"ListItem","position":1,"name":"\u9996\u9875","item":"https:\/\/vapemaison.com\/"},{"@type":"ListItem","position":2,"name":"Shop","item":"https:\/\/vapemaison.com\/shop\/"},{"@type":"ListItem","position":3,"name":"JNR","item":"https:\/\/vapemaison.com\/brand\/jnr\/"},{"@type":"ListItem","position":4,"name":"JNR Mega Box 25000 Puffs Disposable Vape"}]},{"@type":"WebSite","@id":"https:\/\/vapemaison.com\/#website","url":"https:\/\/vapemaison.com\/","name":"VapeMaison","description":"Pr\u00e9miov\u00e1 vapingov\u00e1 za\u0159\u00edzen\u00ed a p\u0159\u00edslu\u0161enstv\u00ed","publisher":{"@id":"https:\/\/vapemaison.com\/#organization"},"potentialAction":[{"@type":"SearchAction","target":{"@type":"EntryPoint","urlTemplate":"https:\/\/vapemaison.com\/?s={search_term_string}"},"query-input":{"@type":"PropertyValueSpecification","valueRequired":true,"valueName":"search_term_string"}}],"inLanguage":"cs"},{"@type":"Organization","@id":"https:\/\/vapemaison.com\/#organization","name":"VapeMaison","url":"https:\/\/vapemaison.com\/","logo":{"@type":"ImageObject","inLanguage":"cs","@id":"https:\/\/vapemaison.com\/#\/schema\/logo\/image\/","url":"https:\/\/vapemaison.com\/wp-content\/uploads\/2026\/01\/cropped-vapemaison-logo-g-2026.webp","contentUrl":"https:\/\/vapemaison.com\/wp-content\/uploads\/2026\/01\/cropped-vapemaison-logo-g-2026.webp","width":350,"height":280,"caption":"VapeMaison"},"image":{"@id":"https:\/\/vapemaison.com\/#\/schema\/logo\/image\/"},"sameAs":["https:\/\/www.youtube.com\/@VapeMaison"]}]}},"tiered_pricing_type":"fixed","tiered_pricing_fixed_rules":{"30":"12.54","50":"12.11","100":"11.43","200":"10.78"},"tiered_pricing_product_settings":{"layout":"default","base_unit_name":{"singular":null,"plural":null},"default_variation":null},"tiered_pricing_minimum_quantity":10,"tiered_pricing_roles_data":[],"tiered_pricing_percentage_rules":[],"tiered_pricing_maximum_quantity":null,"tiered_pricing_quantity_step":"10","_links":{"self":[{"href":"https:\/\/vapemaison.com\/cs\/wp-json\/wp\/v2\/product\/25382","targetHints":{"allow":["GET"]}}],"collection":[{"href":"https:\/\/vapemaison.com\/cs\/wp-json\/wp\/v2\/product"}],"about":[{"href":"https:\/\/vapemaison.com\/cs\/wp-json\/wp\/v2\/types\/product"}],"replies":[{"embeddable":true,"href":"https:\/\/vapemaison.com\/cs\/wp-json\/wp\/v2\/comments?post=25382"}],"version-history":[{"count":1,"href":"https:\/\/vapemaison.com\/cs\/wp-json\/wp\/v2\/product\/25382\/revisions"}],"predecessor-version":[{"id":25479,"href":"https:\/\/vapemaison.com\/cs\/wp-json\/wp\/v2\/product\/25382\/revisions\/25479"}],"wp:featuredmedia":[{"embeddable":true,"href":"https:\/\/vapemaison.com\/cs\/wp-json\/wp\/v2\/media\/25383"}],"wp:attachment":[{"href":"https:\/\/vapemaison.com\/cs\/wp-json\/wp\/v2\/media?parent=25382"}],"wp:term":[{"taxonomy":"product_brand","embeddable":true,"href":"https:\/\/vapemaison.com\/cs\/wp-json\/wp\/v2\/product_brand?post=25382"},{"taxonomy":"product_cat","embeddable":true,"href":"https:\/\/vapemaison.com\/cs\/wp-json\/wp\/v2\/product_cat?post=25382"},{"taxonomy":"product_tag","embeddable":true,"href":"https:\/\/vapemaison.com\/cs\/wp-json\/wp\/v2\/product_tag?post=25382"}],"curies":[{"name":"wp","href":"https:\/\/api.w.org\/{rel}","templated":true}]}}