

{"id":25491,"date":"2026-01-07T02:58:30","date_gmt":"2026-01-07T02:58:30","guid":{"rendered":"https:\/\/vapemaison.com\/?post_type=product&#038;p=25491"},"modified":"2026-04-23T06:41:42","modified_gmt":"2026-04-23T06:41:42","slug":"fihp-120k-puffs-120000-6-v-1-velkoobchodni-jednorazove-vape-shop-vedl-obrazovku","status":"publish","type":"product","link":"https:\/\/vapemaison.com\/cs\/product\/fihp-120k-puffs-120000-6-in-1-wholesale-disposable-vape-shop-led-screen\/","title":{"rendered":"FIHP 120K Puffs 120000 6 v 1 Velkoobchodn\u00ed jednor\u00e1zov\u00e9 Vape Shop LED obrazovka"},"content":{"rendered":"<h2 class=\"wp-block-heading\">FIHP 120K Puffs 6 v 1 jednor\u00e1zov\u00e1 vape s LED obrazovkou (120 000 Puffs)<\/h2>\n\n\n\n<p>Na str\u00e1nk\u00e1ch <strong>FIHP 120K Puffs 6 v 1 jednor\u00e1zov\u00fd Vape<\/strong> je ur\u010den pro u\u017eivatele, kte\u0159\u00ed po\u017eaduj\u00ed extr\u00e9mn\u00ed v\u00fddr\u017e, rozmanitost chut\u00ed a \u0161pi\u010dkov\u00fd v\u00fdkon v jednom za\u0159\u00edzen\u00ed. S p\u016fsobiv\u00fdm <strong>Kapacita 120 000 obl\u00e1\u010dk\u016f<\/strong>, tento \u0161pi\u010dkov\u00fd jednor\u00e1zov\u00fd vape eliminuje \u010dast\u00e9 v\u00fdm\u011bny a z\u00e1rove\u0148 poskytuje konzistentn\u00ed, uspokojivou p\u00e1ru od za\u010d\u00e1tku do konce.<\/p>\n\n\n\n<p>Co toto za\u0159\u00edzen\u00ed skute\u010dn\u011b odli\u0161uje, je jeho <strong>Syst\u00e9m p\u0159\u00edchut\u00ed 6 v 1<\/strong>, co\u017e u\u017eivatel\u016fm umo\u017e\u0148uje p\u0159ep\u00ednat mezi \u0161esti r\u016fzn\u00fdmi p\u0159\u00edchut\u011bmi, ani\u017e by museli m\u011bnit za\u0159\u00edzen\u00ed. Poh\u00e1n\u011bno <strong>technologie dvojit\u00e9 s\u00ed\u0165ov\u00e9 c\u00edvky<\/strong>, vape FIHP zvy\u0161uje intenzitu chuti a produkci p\u00e1ry a zaji\u0161\u0165uje hladk\u00e9 a bohat\u00e9 mraky p\u0159i ka\u017ed\u00e9m potahu.<\/p>\n\n\n\n<p>A <strong>chytr\u00fd LED displej<\/strong> poskytuje p\u0159ehled o stavu baterie a e-liquidu v re\u00e1ln\u00e9m \u010dase, tak\u017ee u\u017eivatel\u00e9 maj\u00ed v\u017edy v\u0161e pod kontrolou. Vestav\u011bn\u00fd <strong>Nab\u00edjec\u00ed baterie s kapacitou 650 mAh<\/strong>, v kombinaci s rychl\u00fdm <strong>Nab\u00edjen\u00ed p\u0159es USB typu C<\/strong>, udr\u017euje za\u0159\u00edzen\u00ed p\u0159ipraven\u00e9 k pou\u017eit\u00ed kdykoli a kdekoli. D\u00edky tomu je FIHP 120K ide\u00e1ln\u00ed volbou jak pro maloobchodn\u00ed z\u00e1kazn\u00edky, tak pro velkoobchodn\u00ed odb\u011bratele, kte\u0159\u00ed hledaj\u00ed pr\u00e9miov\u00fd jednor\u00e1zov\u00fd vape s dlouhou \u017eivotnost\u00ed.<\/p>\n\n\n\n<h2 class=\"wp-block-heading\">Kl\u00ed\u010dov\u00e9 specifikace a funkce<\/h2>\n\n\n\n<figure class=\"wp-block-table\"><table class=\"has-fixed-layout\"><thead><tr><th>Funkce<\/th><th>Popis<\/th><\/tr><\/thead><tbody><tr><td>Kapacita nad\u00fdchan\u00e9ho vzduchu<\/td><td>A\u017e do <strong>120 000 vdech\u016f<\/strong><\/td><\/tr><tr><td>Syst\u00e9m p\u0159\u00edchut\u00ed<\/td><td><strong>6 p\u0159\u00edchut\u00ed v 1 za\u0159\u00edzen\u00ed<\/strong>, voln\u011b p\u0159ep\u00ednat<\/td><\/tr><tr><td>Kapacita e-kapaliny<\/td><td><strong>64 ml p\u0159edpln\u011bn\u00e9ho e-liquidu<\/strong><\/td><\/tr><tr><td>S\u00edla nikotinu<\/td><td><strong>K dispozici jsou varianty nikotinu 2% \/ 5%<\/strong><\/td><\/tr><tr><td>Technologie c\u00edvek<\/td><td><strong>Dvojit\u00e9 s\u00ed\u0165ov\u00e9 c\u00edvky<\/strong> pro lep\u0161\u00ed chu\u0165 a v\u00fdpary<\/td><\/tr><tr><td>Kapacita baterie<\/td><td><strong>Nab\u00edjec\u00ed baterie s kapacitou 650 mAh<\/strong><\/td><\/tr><tr><td>Nab\u00edjec\u00ed port<\/td><td><strong>USB typu C<\/strong>, rychl\u00e9 nab\u00edjen\u00ed (cca 30 minut)<\/td><\/tr><tr><td>Zobrazit<\/td><td><strong>Chytr\u00e1 obrazovka LED<\/strong> ukazuj\u00edc\u00ed \u00farove\u0148 nabit\u00ed baterie a e-liquidu<\/td><\/tr><tr><td>Typ pou\u017eit\u00ed<\/td><td>Jednor\u00e1zov\u00e9, dob\u00edjec\u00ed<\/td><\/tr><tr><td>C\u00edlov\u00fd trh<\/td><td>Velkoobchodn\u00ed a maloobchodn\u00ed z\u00e1kazn\u00edci<\/td><\/tr><\/tbody><\/table><\/figure>\n\n\n\n<h2 class=\"wp-block-heading\">Dostupn\u00e9 kombinace chut\u00ed<\/h2>\n\n\n\n<ul class=\"wp-block-list\">\n<li>Melounov\u00fd led - Red Bull - Jahodov\u00e9 kiwi - Bor\u016fvkov\u00fd led - Citronov\u00e1 limetka - Jahodov\u00fd meloun<\/li>\n\n\n\n<li>Jahoda Ban\u00e1n - Dvojit\u00e9 jablko - Malina Meloun - Kysel\u00e9 mango Ananas - Tropick\u00e9 ovoce - Citron Broskev<\/li>\n\n\n\n<li>Ananasov\u00fd kokos - Blue Razz - Sm\u00ed\u0161en\u00e9 bobule - Mango Broskev - Bor\u016fvka Malina - Jahoda Vanilkov\u00e1 kola<\/li>\n\n\n\n<li>Peach Berry - Triple Melon - Grape Ice - Black Dragon Ice - Fizzy Cherry Ice - Gummy Bear<\/li>\n\n\n\n<li>Duhov\u00e9 bonb\u00f3ny - Vi\u0161\u0148ov\u00fd led - L\u00e1ska 666 - Mango led - Bor\u016fvkov\u00e1 cukrov\u00e1 vata - Broskvov\u00fd led<\/li>\n\n\n\n<li>Led z aloe li\u010di - r\u016f\u017eov\u00fd citron - ledovcov\u00fd led - borovicov\u00e1 m\u00e1ta - led z \u010dern\u00e9ho ryb\u00edzu - melounov\u00fd citron<\/li>\n<\/ul>\n\n\n\n<p>You can explore our full range of products on the <a href=\"https:\/\/vapemaison.com\/\"><strong>Domovsk\u00e1 str\u00e1nka<\/strong><\/a>, where we showcase the latest arrivals and best-selling disposable vapes. If you already know what you need, head over to the shop page to browse all available models and place your order \u0628\u0633\u0647\u0648\u0644\u0629.<\/p>\n\n\n\n<p>For customers who prefer specific manufacturers, visit our brand page to discover more devices from <strong><a href=\"https:\/\/vapemaison.com\/brand\/waspe\/\" type=\"link\" id=\"https:\/\/vapemaison.com\/brand\/waspe\/\">WASPE<\/a><\/strong> and other leading vape brands, each offering different designs and performance features.<\/p>\n\n\n\n<p>If puff capacity is your priority, you can also navigate to our puff category page, where products are organized by usage range\u2014making it easy to compare high-capacity devices like <strong><a href=\"https:\/\/vapemaison.com\/product-category\/puffs-count\/30k-puffs\/\" type=\"link\" id=\"https:\/\/vapemaison.com\/product-category\/puffs-count\/30k-puffs\/\">30 tis\u00edc obl\u00e1\u010dk\u016f<\/a><\/strong>, <strong><a href=\"https:\/\/vapemaison.com\/product-category\/puffs-count\/60k-puffs\/\" type=\"link\" id=\"https:\/\/vapemaison.com\/product-category\/puffs-count\/60k-puffs\/\">60 tis\u00edc obl\u00e1\u010dk\u016f<\/a><\/strong>, or even higher puff options in one place.<\/p>\n\n\n\n<p><\/p>","protected":false},"excerpt":{"rendered":"<p data-start=\"650\" data-end=\"997\">Na str\u00e1nk\u00e1ch <strong data-start=\"654\" data-end=\"696\">FIHP 120K Puffs 6 v 1 jednor\u00e1zov\u00fd Vape<\/strong> poskytuje v\u00fdjime\u010dnou \u017eivotnost s a\u017e <strong data-start=\"739\" data-end=\"756\">120 000 vdech\u016f<\/strong> v jednom za\u0159\u00edzen\u00ed. Obsahuje <strong data-start=\"782\" data-end=\"808\">\u0161est p\u0159ep\u00ednateln\u00fdch p\u0159\u00edchut\u00ed<\/strong>, <strong data-start=\"810\" data-end=\"839\">technologie dvojit\u00e9 s\u00ed\u0165ov\u00e9 c\u00edvky<\/strong>, a <strong data-start=\"843\" data-end=\"863\">chytr\u00e1 obrazovka LED<\/strong>, a <strong data-start=\"871\" data-end=\"908\">Nab\u00edjec\u00ed baterie USB-C s kapacitou 650 mAh<\/strong>, nab\u00edz\u00ed vysok\u00fd v\u00fdkon a pohodl\u00ed pro maloobchodn\u00ed i velkoobchodn\u00ed z\u00e1kazn\u00edky.<\/p>","protected":false},"featured_media":25510,"comment_status":"open","ping_status":"closed","template":"","meta":[],"product_brand":[59],"product_cat":[153],"product_tag":[],"class_list":{"0":"post-25491","1":"product","2":"type-product","3":"status-publish","4":"has-post-thumbnail","6":"product_brand-waspe","7":"product_cat-120k-puffs","9":"first","10":"instock","11":"sale","12":"shipping-taxable","13":"purchasable","14":"product-type-variable"},"yoast_head":"<!-- This site is optimized with the Yoast SEO plugin v27.4 - https:\/\/yoast.com\/product\/yoast-seo-wordpress\/ -->\n<title>FIHP 120K Puffs Disposable Vape | 6-in-1 Flavors, LED Screen<\/title>\n<meta name=\"description\" content=\"FIHP 120K Puffs disposable vape with 6-in-1 flavors, dual mesh coils, LED screen, and 650mAh rechargeable battery. Available in 2% &amp; 5% nicotine.\" \/>\n<meta name=\"robots\" content=\"index, follow, max-snippet:-1, max-image-preview:large, max-video-preview:-1\" \/>\n<link rel=\"canonical\" href=\"https:\/\/vapemaison.com\/cs\/produkt\/fihp-120k-puffs-120000-6-v-1-velkoobchodni-jednorazove-vape-shop-vedl-obrazovku\/\" \/>\n<meta property=\"og:locale\" content=\"cs_CZ\" \/>\n<meta property=\"og:type\" content=\"article\" \/>\n<meta property=\"og:title\" content=\"FIHP 120K Puffs Disposable Vape | 6-in-1 Flavors, LED Screen\" \/>\n<meta property=\"og:description\" content=\"FIHP 120K Puffs disposable vape with 6-in-1 flavors, dual mesh coils, LED screen, and 650mAh rechargeable battery. Available in 2% &amp; 5% nicotine.\" \/>\n<meta property=\"og:url\" content=\"https:\/\/vapemaison.com\/cs\/produkt\/fihp-120k-puffs-120000-6-v-1-velkoobchodni-jednorazove-vape-shop-vedl-obrazovku\/\" \/>\n<meta property=\"og:site_name\" content=\"VapeMaison\" \/>\n<meta property=\"article:modified_time\" content=\"2026-04-23T06:41:42+00:00\" \/>\n<meta property=\"og:image\" content=\"https:\/\/vapemaison.com\/wp-content\/uploads\/2026\/01\/FIHP-120K-Puffs-8.webp\" \/>\n\t<meta property=\"og:image:width\" content=\"807\" \/>\n\t<meta property=\"og:image:height\" content=\"807\" \/>\n\t<meta property=\"og:image:type\" content=\"image\/webp\" \/>\n<meta name=\"twitter:card\" content=\"summary_large_image\" \/>\n<meta name=\"twitter:label1\" content=\"Odhadovan\u00e1 doba \u010dten\u00ed\" \/>\n\t<meta name=\"twitter:data1\" content=\"3 minuty\" \/>\n<!-- \/ Yoast SEO plugin. -->","yoast_head_json":{"title":"FIHP 120K Puffs Vape na jedno pou\u017eit\u00ed | 6 v 1 p\u0159\u00edchut\u00ed, LED obrazovka","description":"Jednor\u00e1zov\u00fd vape FIHP 120K Puffs s p\u0159\u00edchut\u011bmi 6 v 1, dvojitou s\u00ed\u0165ovou spir\u00e1lkou, LED displejem a dob\u00edjec\u00ed bateri\u00ed 650 mAh. K dispozici v nikotinov\u00fdch variant\u00e1ch 2% a 5%.","robots":{"index":"index","follow":"follow","max-snippet":"max-snippet:-1","max-image-preview":"max-image-preview:large","max-video-preview":"max-video-preview:-1"},"canonical":"https:\/\/vapemaison.com\/cs\/produkt\/fihp-120k-puffs-120000-6-v-1-velkoobchodni-jednorazove-vape-shop-vedl-obrazovku\/","og_locale":"cs_CZ","og_type":"article","og_title":"FIHP 120K Puffs Disposable Vape | 6-in-1 Flavors, LED Screen","og_description":"FIHP 120K Puffs disposable vape with 6-in-1 flavors, dual mesh coils, LED screen, and 650mAh rechargeable battery. Available in 2% & 5% nicotine.","og_url":"https:\/\/vapemaison.com\/cs\/produkt\/fihp-120k-puffs-120000-6-v-1-velkoobchodni-jednorazove-vape-shop-vedl-obrazovku\/","og_site_name":"VapeMaison","article_modified_time":"2026-04-23T06:41:42+00:00","og_image":[{"width":807,"height":807,"url":"https:\/\/vapemaison.com\/wp-content\/uploads\/2026\/01\/FIHP-120K-Puffs-8.webp","type":"image\/webp"}],"twitter_card":"summary_large_image","twitter_misc":{"Odhadovan\u00e1 doba \u010dten\u00ed":"3 minuty"},"schema":{"@context":"https:\/\/schema.org","@graph":[{"@type":"WebPage","@id":"https:\/\/vapemaison.com\/product\/fihp-120k-puffs-120000-6-in-1-wholesale-disposable-vape-shop-led-screen\/","url":"https:\/\/vapemaison.com\/product\/fihp-120k-puffs-120000-6-in-1-wholesale-disposable-vape-shop-led-screen\/","name":"FIHP 120K Puffs Vape na jedno pou\u017eit\u00ed | 6 v 1 p\u0159\u00edchut\u00ed, LED obrazovka","isPartOf":{"@id":"https:\/\/vapemaison.com\/#website"},"primaryImageOfPage":{"@id":"https:\/\/vapemaison.com\/product\/fihp-120k-puffs-120000-6-in-1-wholesale-disposable-vape-shop-led-screen\/#primaryimage"},"image":{"@id":"https:\/\/vapemaison.com\/product\/fihp-120k-puffs-120000-6-in-1-wholesale-disposable-vape-shop-led-screen\/#primaryimage"},"thumbnailUrl":"https:\/\/vapemaison.com\/wp-content\/uploads\/2026\/01\/FIHP-120K-Puffs-8.webp","datePublished":"2026-01-07T02:58:30+00:00","dateModified":"2026-04-23T06:41:42+00:00","description":"Jednor\u00e1zov\u00fd vape FIHP 120K Puffs s p\u0159\u00edchut\u011bmi 6 v 1, dvojitou s\u00ed\u0165ovou spir\u00e1lkou, LED displejem a dob\u00edjec\u00ed bateri\u00ed 650 mAh. K dispozici v nikotinov\u00fdch variant\u00e1ch 2% a 5%.","breadcrumb":{"@id":"https:\/\/vapemaison.com\/product\/fihp-120k-puffs-120000-6-in-1-wholesale-disposable-vape-shop-led-screen\/#breadcrumb"},"inLanguage":"cs","potentialAction":[{"@type":"ReadAction","target":["https:\/\/vapemaison.com\/product\/fihp-120k-puffs-120000-6-in-1-wholesale-disposable-vape-shop-led-screen\/"]}]},{"@type":"ImageObject","inLanguage":"cs","@id":"https:\/\/vapemaison.com\/product\/fihp-120k-puffs-120000-6-in-1-wholesale-disposable-vape-shop-led-screen\/#primaryimage","url":"https:\/\/vapemaison.com\/wp-content\/uploads\/2026\/01\/FIHP-120K-Puffs-8.webp","contentUrl":"https:\/\/vapemaison.com\/wp-content\/uploads\/2026\/01\/FIHP-120K-Puffs-8.webp","width":807,"height":807,"caption":"Fihp 120k Puffs Disposable Vape Device view"},{"@type":"BreadcrumbList","@id":"https:\/\/vapemaison.com\/product\/fihp-120k-puffs-120000-6-in-1-wholesale-disposable-vape-shop-led-screen\/#breadcrumb","itemListElement":[{"@type":"ListItem","position":1,"name":"\u9996\u9875","item":"https:\/\/vapemaison.com\/"},{"@type":"ListItem","position":2,"name":"Shop","item":"https:\/\/vapemaison.com\/shop\/"},{"@type":"ListItem","position":3,"name":"Waspe","item":"https:\/\/vapemaison.com\/brand\/waspe\/"},{"@type":"ListItem","position":4,"name":"FIHP 120K Puffs 120000 6 in 1 Wholesale Disposable Vape Shop LED Screen"}]},{"@type":"WebSite","@id":"https:\/\/vapemaison.com\/#website","url":"https:\/\/vapemaison.com\/","name":"VapeMaison","description":"Pr\u00e9miov\u00e1 vapingov\u00e1 za\u0159\u00edzen\u00ed a p\u0159\u00edslu\u0161enstv\u00ed","publisher":{"@id":"https:\/\/vapemaison.com\/#organization"},"potentialAction":[{"@type":"SearchAction","target":{"@type":"EntryPoint","urlTemplate":"https:\/\/vapemaison.com\/?s={search_term_string}"},"query-input":{"@type":"PropertyValueSpecification","valueRequired":true,"valueName":"search_term_string"}}],"inLanguage":"cs"},{"@type":"Organization","@id":"https:\/\/vapemaison.com\/#organization","name":"VapeMaison","url":"https:\/\/vapemaison.com\/","logo":{"@type":"ImageObject","inLanguage":"cs","@id":"https:\/\/vapemaison.com\/#\/schema\/logo\/image\/","url":"https:\/\/vapemaison.com\/wp-content\/uploads\/2026\/01\/cropped-vapemaison-logo-g-2026.webp","contentUrl":"https:\/\/vapemaison.com\/wp-content\/uploads\/2026\/01\/cropped-vapemaison-logo-g-2026.webp","width":350,"height":280,"caption":"VapeMaison"},"image":{"@id":"https:\/\/vapemaison.com\/#\/schema\/logo\/image\/"},"sameAs":["https:\/\/www.youtube.com\/@VapeMaison"]}]}},"tiered_pricing_type":"fixed","tiered_pricing_fixed_rules":{"30":"12.85","50":"12.10","100":"11.46","199":"10.99"},"tiered_pricing_product_settings":{"layout":"default","base_unit_name":{"singular":null,"plural":null},"default_variation":null},"tiered_pricing_minimum_quantity":10,"tiered_pricing_roles_data":[],"tiered_pricing_percentage_rules":[],"tiered_pricing_maximum_quantity":null,"tiered_pricing_quantity_step":"10","_links":{"self":[{"href":"https:\/\/vapemaison.com\/cs\/wp-json\/wp\/v2\/product\/25491","targetHints":{"allow":["GET"]}}],"collection":[{"href":"https:\/\/vapemaison.com\/cs\/wp-json\/wp\/v2\/product"}],"about":[{"href":"https:\/\/vapemaison.com\/cs\/wp-json\/wp\/v2\/types\/product"}],"replies":[{"embeddable":true,"href":"https:\/\/vapemaison.com\/cs\/wp-json\/wp\/v2\/comments?post=25491"}],"version-history":[{"count":3,"href":"https:\/\/vapemaison.com\/cs\/wp-json\/wp\/v2\/product\/25491\/revisions"}],"predecessor-version":[{"id":29525,"href":"https:\/\/vapemaison.com\/cs\/wp-json\/wp\/v2\/product\/25491\/revisions\/29525"}],"wp:featuredmedia":[{"embeddable":true,"href":"https:\/\/vapemaison.com\/cs\/wp-json\/wp\/v2\/media\/25510"}],"wp:attachment":[{"href":"https:\/\/vapemaison.com\/cs\/wp-json\/wp\/v2\/media?parent=25491"}],"wp:term":[{"taxonomy":"product_brand","embeddable":true,"href":"https:\/\/vapemaison.com\/cs\/wp-json\/wp\/v2\/product_brand?post=25491"},{"taxonomy":"product_cat","embeddable":true,"href":"https:\/\/vapemaison.com\/cs\/wp-json\/wp\/v2\/product_cat?post=25491"},{"taxonomy":"product_tag","embeddable":true,"href":"https:\/\/vapemaison.com\/cs\/wp-json\/wp\/v2\/product_tag?post=25491"}],"curies":[{"name":"wp","href":"https:\/\/api.w.org\/{rel}","templated":true}]}}