

{"id":25626,"date":"2026-01-08T10:42:46","date_gmt":"2026-01-08T10:42:46","guid":{"rendered":"https:\/\/vapemaison.com\/?post_type=product&#038;p=25626"},"modified":"2026-04-24T09:11:06","modified_gmt":"2026-04-24T09:11:06","slug":"razz-bar-12000-puff-12k-22ml-5-nic-salt","status":"publish","type":"product","link":"https:\/\/vapemaison.com\/cs\/product\/razz-bar-12000-puff-12k-22ml-5-nic-salt\/","title":{"rendered":"Razz bar 12000 puff 12K 22mL, 5% Nic Salt"},"content":{"rendered":"<p>Na str\u00e1nk\u00e1ch <strong>RAZZ BAR 12000 Puffs<\/strong> p\u0159edstavuje vrchol modern\u00ed vapingov\u00e9 technologie. <strong>Konkr\u00e9tn\u011b<\/strong>, toto vlajkov\u00e9 za\u0159\u00edzen\u00ed p\u0159in\u00e1\u0161\u00ed skute\u010dn\u011bj\u0161\u00ed chu\u0165 a siln\u011bj\u0161\u00ed produkci p\u00e1ry ne\u017e jak\u00fdkoli p\u0159edchoz\u00ed model. <strong>Proto\u017ee<\/strong> je vybaven v\u00fdkonn\u00fdm 22W v\u00fdstupem s integrovanou regulac\u00ed nap\u011bt\u00ed a proud\u011bn\u00ed vzduchu a nab\u00edz\u00ed pln\u011b p\u0159izp\u016fsobiteln\u00fd z\u00e1\u017eitek. <strong>D\u00e1le<\/strong>, obrovsk\u00e1 kapacita 22 ml e-liquidu a dob\u00edjec\u00ed baterie o kapacit\u011b 650 mAh zajist\u00ed, \u017ee va\u0161e za\u0159\u00edzen\u00ed spln\u00ed v\u0161echna o\u010dek\u00e1v\u00e1n\u00ed ohledn\u011b robustnosti a rovnom\u011brnosti.<\/p>\n\n\n\n<p><strong>Krom\u011b<\/strong> RAZZ BAR 12000 se vyzna\u010duje vysok\u00fdm v\u00fdkonem, \u00fa\u017easn\u00fdm pr\u016fsvitn\u00fdm pl\u00e1\u0161t\u011bm a propracovan\u00fdm designem. Tato poutav\u00e1 estetika nastavuje nov\u00e9 standardy v oboru. <strong>V d\u016fsledku toho<\/strong>, pokud chcete sv\u016fj z\u00e1\u017eitek z e-cigarety pov\u00fd\u0161it, RAZZ BAR 12000 Puffs p\u0159edstavuje dokonal\u00e9 \u0159e\u0161en\u00ed.<\/p>\n\n\n\n<h3 class=\"wp-block-heading\">Technick\u00e9 specifikace: Navr\u017eeno pro v\u00fdkon<\/h3>\n\n\n\n<ul class=\"wp-block-list\">\n<li><strong>Kapacita pufu:<\/strong> Dod\u00e1v\u00e1 a\u017e <strong>12 000 vdech\u016f<\/strong>, co\u017e zaji\u0161\u0165uje dlouhodobou hodnotu pro ka\u017ed\u00e9ho u\u017eivatele.<\/li>\n\n\n\n<li><strong>Obrovsk\u00e1 kapacita:<\/strong> Ka\u017ed\u00e9 za\u0159\u00edzen\u00ed obsahuje <strong>22 ml pr\u00e9miov\u00e9ho e-liquidu<\/strong>. <strong>Proto<\/strong>, si m\u016f\u017eete u\u017e\u00edvat t\u00fddny pou\u017e\u00edv\u00e1n\u00ed bez p\u0159eru\u0161en\u00ed.<\/li>\n\n\n\n<li><strong>Variabiln\u00ed v\u00fdkon:<\/strong> Na str\u00e1nk\u00e1ch <strong>V\u00fdkon 22 W<\/strong> v kombinaci s <strong>\u0158\u00edzen\u00ed proud\u011bn\u00ed vzduchu<\/strong> umo\u017e\u0148uje jemn\u011b nastavit hustotu p\u00e1ry.<\/li>\n\n\n\n<li><strong>Mo\u017enosti nikotinu:<\/strong> K dispozici v <strong>2% a 5% soln\u00fd nikotin<\/strong> p\u0159izp\u016fsobit se r\u016fzn\u00fdm preferenc\u00edm u\u017eivatel\u016f a tr\u017en\u00edm p\u0159edpis\u016fm.<\/li>\n\n\n\n<li><strong>Chytr\u00e9 funkce:<\/strong> Integrovan\u00fd <strong>Osv\u011btlen\u00ed RGB<\/strong> dod\u00e1v\u00e1 modern\u00ed n\u00e1dech, zat\u00edmco <strong>Port Type-C<\/strong> zaji\u0161\u0165uje rychl\u00e9 nab\u00edjen\u00ed.<\/li>\n\n\n\n<li><strong>Pokro\u010dil\u00e1 s\u00ed\u0165ov\u00e1 c\u00edvka:<\/strong> Tato technologie oh\u0159\u00edv\u00e1 kapalinu rovnom\u011brn\u011b. <strong>Konkr\u00e9tn\u011b<\/strong>, zaru\u010duje hladk\u00fd z\u00e1tah do krku a autentickou chu\u0165 od prvn\u00edho potahu a\u017e po ten posledn\u00ed.<\/li>\n<\/ul>\n\n\n\n<h3 class=\"wp-block-heading\">Pr\u00e9miov\u00fd v\u00fdb\u011br chut\u00ed: 16 elitn\u00edch sm\u011bs\u00ed<\/h3>\n\n\n\n<p>\u0158ada RAZZ BAR 12000 nab\u00edz\u00ed \u0161irokou \u0161k\u00e1lu p\u0159\u00edchut\u00ed. <strong>Zda<\/strong> d\u00e1v\u00e1te p\u0159ednost ledov\u00e9mu osv\u011b\u017een\u00ed nebo sladk\u00fdm cukrovink\u00e1m, na\u0161e kolekce uspokoj\u00ed ka\u017edou chu\u0165:<\/p>\n\n\n\n<ul class=\"wp-block-list\">\n<li><strong>Ovoce a led:<\/strong> Broskvov\u00fd led, melounov\u00fd led, mangov\u00fd led a bor\u016fvkov\u00fd led.<\/li>\n\n\n\n<li><strong>Exotick\u00e9 f\u00faze:<\/strong> Kiwi Passion Fruit Guava, Mamba a Blueberry Raspberry.<\/li>\n\n\n\n<li><strong>Klasick\u00e9 sladkosti:<\/strong> \u017dv\u00fdka\u010dka s jahodami a melounem a \u017ev\u00fdka\u010dka s bor\u016fvkami.<\/li>\n\n\n\n<li><strong>N\u00e1poje inspirovan\u00e9:<\/strong> Red Bull Ice a Blue Razz Lemonade.<\/li>\n<\/ul>\n\n\n\n<h3 class=\"wp-block-heading\">V\u00fdhody velkoobchodu a maloobchodu<\/h3>\n\n\n\n<p><strong>V\u00fdb\u011br<\/strong> na\u0161e v\u00fdrobky zaji\u0161\u0165uj\u00ed konkuren\u010dn\u00ed v\u00fdhodu na va\u0161em m\u00edstn\u00edm trhu. <strong>V souladu s t\u00edm<\/strong>, poskytujeme optimalizovanou logistiku pro v\u0161echny obchodn\u00ed partnery:<\/p>\n\n\n\n<ul class=\"wp-block-list\">\n<li><strong>P\u0159ipraveno k zobrazen\u00ed:<\/strong> Ka\u017ed\u00e1 krabi\u010dka obsahuje 10 kus\u016f.<\/li>\n\n\n\n<li><strong>Hromadn\u00e9 balen\u00ed:<\/strong> Pro efektivn\u00ed skladov\u00e1n\u00ed bal\u00edme 200 kus\u016f do jednoho kartonu.<\/li>\n\n\n\n<li><strong>Zaru\u010den\u00e1 bezpe\u010dnost:<\/strong> Ka\u017ed\u00e1 jednotka proch\u00e1z\u00ed p\u0159\u00edsnou kontrolou kvality, aby spl\u0148ovala mezin\u00e1rodn\u00ed normy. <strong>Tedy<\/strong>, m\u016f\u017eete prod\u00e1vat s naprostou jistotou.<\/li>\n<\/ul>\n\n\n\n<h3 class=\"wp-block-heading\">\u010casto kladen\u00e9 ot\u00e1zky (FAQ)<\/h3>\n\n\n\n<p><strong>1. Lze nastavit proud\u011bn\u00ed vzduchu?<\/strong> Ano, za\u0159\u00edzen\u00ed je vybaveno <strong>\u0158\u00edzen\u00ed proud\u011bn\u00ed vzduchu<\/strong> ventil. <strong>V d\u016fsledku toho<\/strong>, m\u016f\u017eete p\u0159ep\u00ednat mezi t\u011bsn\u00fdm tahem a otev\u0159en\u011bj\u0161\u00edm, obl\u00e1\u010dkov\u00fdm z\u00e1\u017eitkem.<\/p>\n\n\n\n<p><strong>2. Jak dlouho vydr\u017e\u00ed kapacita 12 000 v\u00fddech\u016f?<\/strong> P\u0159i b\u011b\u017en\u00e9m pou\u017e\u00edv\u00e1n\u00ed vydr\u017e\u00ed n\u00e1dr\u017eka o objemu 22 ml n\u011bkolik t\u00fddn\u016f. <strong>Nicm\u00e9n\u011b<\/strong>, p\u0159esn\u00e1 doba trv\u00e1n\u00ed z\u00e1vis\u00ed na preferovan\u00e9m v\u00fdkonu a nastaven\u00ed proud\u011bn\u00ed vzduchu.<\/p>\n\n\n\n<p><strong>3. Je baterie dob\u00edjec\u00ed?<\/strong> Rozhodn\u011b. <strong>Vzhledem k tomu, \u017ee<\/strong> obsahuje baterii s kapacitou 650 mAh a port typu C, tak\u017ee m\u016f\u017eete pln\u011b vyu\u017e\u00edt ka\u017edou kapku e-liquidu.<\/p>\n\n\n\n<p>Looking to explore more than just the RAZZ BAR 12000? Start from our <strong><a href=\"https:\/\/vapemaison.com\/\" type=\"link\" id=\"https:\/\/vapemaison.com\/\">Domovsk\u00e1 str\u00e1nka<\/a><\/strong> to discover the latest arrivals, trending disposable vapes, and best-selling devices across different categories.<\/p>\n\n\n\n<p>If you&#8217;re ready to browse and compare, head over to the <strong><a href=\"https:\/\/vapemaison.com\/shop\/\" type=\"link\" id=\"https:\/\/vapemaison.com\/shop\/\">Shop Page<\/a><\/strong> where you\u2019ll find a complete selection of disposable vapes, including various puff capacities, designs, and performance levels to match your needs.<\/p>\n\n\n\n<p>Prefer a specific brand? Visit our brand page to explore more products from <strong><a href=\"https:\/\/vapemaison.com\/brand\/razz-bar\/\" type=\"link\" id=\"https:\/\/vapemaison.com\/brand\/razz-bar\/\">RAZZ BAR<\/a><\/strong> and other leading manufacturers, each offering unique features and flavor experiences.<\/p>\n\n\n\n<p>If puff count is your main consideration, visit our <strong><a href=\"https:\/\/vapemaison.com\/product-category\/puffs-count\/12k-puffs\/\" type=\"link\" id=\"https:\/\/vapemaison.com\/product-category\/puffs-count\/12k-puffs\/\">12K Puffs<\/a><\/strong> page to explore more devices with the same puff capacity and compare similar options in one place.<\/p>","protected":false},"excerpt":{"rendered":"<p>RAZZ BAR 12000 Puffs kombinuje obrovskou kapacitu 22 ml e-liquidu s v\u00fdkonn\u00fdm nastaviteln\u00fdm v\u00fdkonem 22 W. Proto\u017ee je vybaven regulac\u00ed airflow a dob\u00edjec\u00ed bateri\u00ed typu C, poskytuje toto za\u0159\u00edzen\u00ed p\u0159izp\u016fsoben\u00fd a dlouhotrvaj\u00edc\u00ed vapingov\u00fd z\u00e1\u017eitek. V d\u016fsledku toho p\u0159edstavuje prvot\u0159\u00eddn\u00ed volbu pro ty, kte\u0159\u00ed hledaj\u00ed vynikaj\u00edc\u00ed chu\u0165 a modern\u00ed design.<\/p>","protected":false},"featured_media":25778,"comment_status":"open","ping_status":"closed","template":"","meta":[],"product_brand":[313],"product_cat":[154],"product_tag":[],"class_list":{"0":"post-25626","1":"product","2":"type-product","3":"status-publish","4":"has-post-thumbnail","6":"product_brand-razz-bar","7":"product_cat-12k-puffs","9":"first","10":"instock","11":"sale","12":"shipping-taxable","13":"purchasable","14":"product-type-variable"},"yoast_head":"<!-- This site is optimized with the Yoast SEO plugin v27.4 - https:\/\/yoast.com\/product\/yoast-seo-wordpress\/ -->\n<title>RAZZ BAR 12000 Puffs Adjustable Airflow Disposable Vape<\/title>\n<meta name=\"description\" content=\"Discover the RAZZ BAR 12000 Puffs. Features 22ml capacity, 22W power control, RGB lights, and Mesh Coil technology. Shop wholesale now for the best prices!\" \/>\n<meta name=\"robots\" content=\"index, follow, max-snippet:-1, max-image-preview:large, max-video-preview:-1\" \/>\n<link rel=\"canonical\" href=\"https:\/\/vapemaison.com\/cs\/produkt\/razz-bar-12000-puff-12k-22ml-5-nic-salt\/\" \/>\n<meta property=\"og:locale\" content=\"cs_CZ\" \/>\n<meta property=\"og:type\" content=\"article\" \/>\n<meta property=\"og:title\" content=\"RAZZ BAR 12000 Puffs Adjustable Airflow Disposable Vape\" \/>\n<meta property=\"og:description\" content=\"Discover the RAZZ BAR 12000 Puffs. Features 22ml capacity, 22W power control, RGB lights, and Mesh Coil technology. Shop wholesale now for the best prices!\" \/>\n<meta property=\"og:url\" content=\"https:\/\/vapemaison.com\/cs\/produkt\/razz-bar-12000-puff-12k-22ml-5-nic-salt\/\" \/>\n<meta property=\"og:site_name\" content=\"VapeMaison\" \/>\n<meta property=\"article:modified_time\" content=\"2026-04-24T09:11:06+00:00\" \/>\n<meta property=\"og:image\" content=\"https:\/\/vapemaison.com\/wp-content\/uploads\/2026\/01\/razz-bar-12000-puffs-vape-product-display.webp\" \/>\n\t<meta property=\"og:image:width\" content=\"640\" \/>\n\t<meta property=\"og:image:height\" content=\"640\" \/>\n\t<meta property=\"og:image:type\" content=\"image\/webp\" \/>\n<meta name=\"twitter:card\" content=\"summary_large_image\" \/>\n<meta name=\"twitter:label1\" content=\"Odhadovan\u00e1 doba \u010dten\u00ed\" \/>\n\t<meta name=\"twitter:data1\" content=\"3 minuty\" \/>\n<!-- \/ Yoast SEO plugin. -->","yoast_head_json":{"title":"RAZZ BAR 12000 Puffs Nastaviteln\u00fd Airflow Jednor\u00e1zov\u00e9 Vape","description":"Objevte RAZZ BAR 12000 Puffs. Nab\u00edz\u00ed kapacitu 22 ml, regulaci v\u00fdkonu 22 W, sv\u011btla RGB a technologii Mesh Coil. Nakupujte nyn\u00ed velkoobchodn\u011b za nejlep\u0161\u00ed ceny!","robots":{"index":"index","follow":"follow","max-snippet":"max-snippet:-1","max-image-preview":"max-image-preview:large","max-video-preview":"max-video-preview:-1"},"canonical":"https:\/\/vapemaison.com\/cs\/produkt\/razz-bar-12000-puff-12k-22ml-5-nic-salt\/","og_locale":"cs_CZ","og_type":"article","og_title":"RAZZ BAR 12000 Puffs Adjustable Airflow Disposable Vape","og_description":"Discover the RAZZ BAR 12000 Puffs. Features 22ml capacity, 22W power control, RGB lights, and Mesh Coil technology. Shop wholesale now for the best prices!","og_url":"https:\/\/vapemaison.com\/cs\/produkt\/razz-bar-12000-puff-12k-22ml-5-nic-salt\/","og_site_name":"VapeMaison","article_modified_time":"2026-04-24T09:11:06+00:00","og_image":[{"width":640,"height":640,"url":"https:\/\/vapemaison.com\/wp-content\/uploads\/2026\/01\/razz-bar-12000-puffs-vape-product-display.webp","type":"image\/webp"}],"twitter_card":"summary_large_image","twitter_misc":{"Odhadovan\u00e1 doba \u010dten\u00ed":"3 minuty"},"schema":{"@context":"https:\/\/schema.org","@graph":[{"@type":"WebPage","@id":"https:\/\/vapemaison.com\/product\/razz-bar-12000-puff-12k-22ml-5-nic-salt\/","url":"https:\/\/vapemaison.com\/product\/razz-bar-12000-puff-12k-22ml-5-nic-salt\/","name":"RAZZ BAR 12000 Puffs Nastaviteln\u00fd Airflow Jednor\u00e1zov\u00e9 Vape","isPartOf":{"@id":"https:\/\/vapemaison.com\/#website"},"primaryImageOfPage":{"@id":"https:\/\/vapemaison.com\/product\/razz-bar-12000-puff-12k-22ml-5-nic-salt\/#primaryimage"},"image":{"@id":"https:\/\/vapemaison.com\/product\/razz-bar-12000-puff-12k-22ml-5-nic-salt\/#primaryimage"},"thumbnailUrl":"https:\/\/vapemaison.com\/wp-content\/uploads\/2026\/01\/razz-bar-12000-puffs-vape-product-display.webp","datePublished":"2026-01-08T10:42:46+00:00","dateModified":"2026-04-24T09:11:06+00:00","description":"Objevte RAZZ BAR 12000 Puffs. Nab\u00edz\u00ed kapacitu 22 ml, regulaci v\u00fdkonu 22 W, sv\u011btla RGB a technologii Mesh Coil. Nakupujte nyn\u00ed velkoobchodn\u011b za nejlep\u0161\u00ed ceny!","breadcrumb":{"@id":"https:\/\/vapemaison.com\/product\/razz-bar-12000-puff-12k-22ml-5-nic-salt\/#breadcrumb"},"inLanguage":"cs","potentialAction":[{"@type":"ReadAction","target":["https:\/\/vapemaison.com\/product\/razz-bar-12000-puff-12k-22ml-5-nic-salt\/"]}]},{"@type":"ImageObject","inLanguage":"cs","@id":"https:\/\/vapemaison.com\/product\/razz-bar-12000-puff-12k-22ml-5-nic-salt\/#primaryimage","url":"https:\/\/vapemaison.com\/wp-content\/uploads\/2026\/01\/razz-bar-12000-puffs-vape-product-display.webp","contentUrl":"https:\/\/vapemaison.com\/wp-content\/uploads\/2026\/01\/razz-bar-12000-puffs-vape-product-display.webp","width":640,"height":640,"caption":"Razz Bar Puffs Vape Product Display detail 2"},{"@type":"BreadcrumbList","@id":"https:\/\/vapemaison.com\/product\/razz-bar-12000-puff-12k-22ml-5-nic-salt\/#breadcrumb","itemListElement":[{"@type":"ListItem","position":1,"name":"\u9996\u9875","item":"https:\/\/vapemaison.com\/"},{"@type":"ListItem","position":2,"name":"Shop","item":"https:\/\/vapemaison.com\/shop\/"},{"@type":"ListItem","position":3,"name":"Razz Bar","item":"https:\/\/vapemaison.com\/brand\/razz-bar\/"},{"@type":"ListItem","position":4,"name":"Razz bar 12000 puff 12K 22mL, 5% Nic Salt"}]},{"@type":"WebSite","@id":"https:\/\/vapemaison.com\/#website","url":"https:\/\/vapemaison.com\/","name":"VapeMaison","description":"Pr\u00e9miov\u00e1 vapingov\u00e1 za\u0159\u00edzen\u00ed a p\u0159\u00edslu\u0161enstv\u00ed","publisher":{"@id":"https:\/\/vapemaison.com\/#organization"},"potentialAction":[{"@type":"SearchAction","target":{"@type":"EntryPoint","urlTemplate":"https:\/\/vapemaison.com\/?s={search_term_string}"},"query-input":{"@type":"PropertyValueSpecification","valueRequired":true,"valueName":"search_term_string"}}],"inLanguage":"cs"},{"@type":"Organization","@id":"https:\/\/vapemaison.com\/#organization","name":"VapeMaison","url":"https:\/\/vapemaison.com\/","logo":{"@type":"ImageObject","inLanguage":"cs","@id":"https:\/\/vapemaison.com\/#\/schema\/logo\/image\/","url":"https:\/\/vapemaison.com\/wp-content\/uploads\/2026\/01\/cropped-vapemaison-logo-g-2026.webp","contentUrl":"https:\/\/vapemaison.com\/wp-content\/uploads\/2026\/01\/cropped-vapemaison-logo-g-2026.webp","width":350,"height":280,"caption":"VapeMaison"},"image":{"@id":"https:\/\/vapemaison.com\/#\/schema\/logo\/image\/"},"sameAs":["https:\/\/www.youtube.com\/@VapeMaison"]}]}},"tiered_pricing_type":"fixed","tiered_pricing_fixed_rules":{"100":"11.13","200":"10.24","500":"9.45"},"tiered_pricing_product_settings":{"layout":"default","base_unit_name":{"singular":null,"plural":null},"default_variation":null},"tiered_pricing_minimum_quantity":50,"tiered_pricing_roles_data":[],"tiered_pricing_percentage_rules":[],"tiered_pricing_maximum_quantity":null,"tiered_pricing_quantity_step":"10","_links":{"self":[{"href":"https:\/\/vapemaison.com\/cs\/wp-json\/wp\/v2\/product\/25626","targetHints":{"allow":["GET"]}}],"collection":[{"href":"https:\/\/vapemaison.com\/cs\/wp-json\/wp\/v2\/product"}],"about":[{"href":"https:\/\/vapemaison.com\/cs\/wp-json\/wp\/v2\/types\/product"}],"replies":[{"embeddable":true,"href":"https:\/\/vapemaison.com\/cs\/wp-json\/wp\/v2\/comments?post=25626"}],"version-history":[{"count":4,"href":"https:\/\/vapemaison.com\/cs\/wp-json\/wp\/v2\/product\/25626\/revisions"}],"predecessor-version":[{"id":29556,"href":"https:\/\/vapemaison.com\/cs\/wp-json\/wp\/v2\/product\/25626\/revisions\/29556"}],"wp:featuredmedia":[{"embeddable":true,"href":"https:\/\/vapemaison.com\/cs\/wp-json\/wp\/v2\/media\/25778"}],"wp:attachment":[{"href":"https:\/\/vapemaison.com\/cs\/wp-json\/wp\/v2\/media?parent=25626"}],"wp:term":[{"taxonomy":"product_brand","embeddable":true,"href":"https:\/\/vapemaison.com\/cs\/wp-json\/wp\/v2\/product_brand?post=25626"},{"taxonomy":"product_cat","embeddable":true,"href":"https:\/\/vapemaison.com\/cs\/wp-json\/wp\/v2\/product_cat?post=25626"},{"taxonomy":"product_tag","embeddable":true,"href":"https:\/\/vapemaison.com\/cs\/wp-json\/wp\/v2\/product_tag?post=25626"}],"curies":[{"name":"wp","href":"https:\/\/api.w.org\/{rel}","templated":true}]}}