

{"id":25629,"date":"2026-01-08T09:57:26","date_gmt":"2026-01-08T09:57:26","guid":{"rendered":"https:\/\/vapemaison.com\/?post_type=product&#038;p=25629"},"modified":"2026-04-24T09:12:19","modified_gmt":"2026-04-24T09:12:19","slug":"razz-bar-40000-puffs-dual-flavor-vaping","status":"publish","type":"product","link":"https:\/\/vapemaison.com\/cs\/product\/razz-bar-40000-puffs-dual-flavor-vaping\/","title":{"rendered":"RAZZ BAR 40000 Puffs: Vaping s dv\u011bma p\u0159\u00edchut\u011bmi"},"content":{"rendered":"<p>Na str\u00e1nk\u00e1ch <strong>RAZZ BAR 40000 Puffs<\/strong> je skute\u010dn\u00fdm tit\u00e1nem na trhu jednor\u00e1zov\u00fdch e-cigaret. <strong>Konkr\u00e9tn\u011b<\/strong>, poskytuje nev\u00eddan\u00fdch 40 000 potah\u016f a je vybaven inovativn\u00edm syst\u00e9mem dvou n\u00e1dr\u017eek pro p\u0159izp\u016fsoben\u00ed z\u00e1\u017eitku.<sup><\/sup> <strong>Proto\u017ee<\/strong> toto za\u0159\u00edzen\u00ed jsme navrhli pro maxim\u00e1ln\u00ed \u017eivotnost, slou\u017e\u00ed jako dokonal\u00fd spole\u010dn\u00edk pro v\u00e1\u0161 ka\u017edodenn\u00ed \u017eivot. <strong>D\u00e1le<\/strong>, velkokapacitn\u00ed konstrukce v\u00e1m zaru\u010d\u00ed, \u017ee si u\u017eijete prvot\u0159\u00eddn\u00ed p\u00e1ru bez neust\u00e1l\u00e9 pot\u0159eby v\u00fdm\u011bny.<sup><\/sup>+1<\/p>\n\n\n\n<p>V tomto za\u0159\u00edzen\u00ed se dokonale snoub\u00ed estetika se \u0161pi\u010dkovou funk\u010dnost\u00ed. <strong>Nap\u0159\u00edklad<\/strong>, integrovan\u00fd <strong>LED displej<\/strong> poskytuje v re\u00e1ln\u00e9m \u010dase aktu\u00e1ln\u00ed informace o stavu baterie a e-liquidu.<sup><\/sup> <strong>Mezit\u00edm<\/strong>, pokro\u010dil\u00e1 technologie Mesh Coil zaji\u0161\u0165uje konzistentn\u00ed, intenzivn\u00ed chu\u0165 p\u0159i ka\u017ed\u00e9m potahu. <strong>V d\u016fsledku toho<\/strong>, RAZZ BAR 40000 se stal nejlep\u0161\u00ed volbou pro vapery, kte\u0159\u00ed up\u0159ednost\u0148uj\u00ed rozmanitost, v\u00fdkon a snadn\u00e9 pou\u017e\u00edv\u00e1n\u00ed.<\/p>\n\n\n\n<h3 class=\"wp-block-heading\">Technick\u00e9 specifikace: Dokonalost v ka\u017ed\u00e9m \u0161luku<\/h3>\n\n\n\n<ul class=\"wp-block-list\">\n<li><strong>Obrovsk\u00e1 objemov\u00e1 kapacita:<\/strong> RAZZ BAR poskytuje a\u017e <strong>40 000 obl\u00e1\u010dk\u016f<\/strong>. <strong>V d\u016fsledku toho<\/strong>, m\u016f\u017ee toto za\u0159\u00edzen\u00ed vydr\u017eet n\u011bkolik t\u00fddn\u016f nebo dokonce m\u011bs\u00edc\u016f, v z\u00e1vislosti na va\u0161ich osobn\u00edch n\u00e1vyc\u00edch p\u0159i pou\u017e\u00edv\u00e1n\u00ed.<\/li>\n\n\n\n<li><strong>Inovace s dvoj\u00ed chut\u00ed:<\/strong> Ka\u017ed\u00e9 za\u0159\u00edzen\u00ed obsahuje <strong>syst\u00e9m dvou n\u00e1dr\u017e\u00ed<\/strong>. <strong>Proto<\/strong>, m\u016f\u017eete p\u0159ep\u00ednat mezi dv\u011bma r\u016fzn\u00fdmi p\u0159\u00edchut\u011bmi pouh\u00fdm oto\u010den\u00edm n\u00e1ustku.<\/li>\n\n\n\n<li><strong>Chytr\u00e9 monitorov\u00e1n\u00ed:<\/strong> Vestav\u011bn\u00fd <strong>LED obrazovka<\/strong> sleduje v\u00fddr\u017e baterie a hladinu kapaliny. <strong>V souladu s t\u00edm<\/strong>, m\u016f\u017eete si napl\u00e1novat den bez obav z ne\u010dekan\u00e9ho v\u00fdpadku proudu.<\/li>\n\n\n\n<li><strong>Flexibilita nikotinu:<\/strong> Nab\u00edz\u00edme <strong>2% a 5% soln\u00fd nikotin<\/strong> mo\u017enosti. <strong>Konkr\u00e9tn\u011b<\/strong>, soln\u00fd nikotin zaji\u0161\u0165uje hladk\u00fd z\u00e1sah do krku a rychlej\u0161\u00ed vst\u0159eb\u00e1v\u00e1n\u00ed pro uspokojiv\u00fd z\u00e1\u017eitek.+1<\/li>\n\n\n\n<li><strong>Nap\u00e1jen\u00ed a nab\u00edjen\u00ed:<\/strong> Na str\u00e1nk\u00e1ch <strong>Nab\u00edjec\u00ed baterie s kapacitou 650 mAh<\/strong> vyu\u017e\u00edv\u00e1 <strong>Rychl\u00e9 nab\u00edjen\u00ed typu C<\/strong>. <strong>Tedy<\/strong>, minimalizujete prostoje a udr\u017eujete si trvalej\u0161\u00ed n\u00e1vyk na vaping.<\/li>\n\n\n\n<li><strong>Efektivita velkoobchodu:<\/strong> Bal\u00edme <strong>200 kus\u016f v kartonu<\/strong> na podporu zefektivn\u011bn\u00ed logistiky pro maloobchodn\u00edky a velkoobchodn\u00edky.<\/li>\n<\/ul>\n\n\n\n<h3 class=\"wp-block-heading\">Kombinace dvou chut\u00ed: Dvojn\u00e1sobn\u00fd po\u017eitek<\/h3>\n\n\n\n<p>RAZZ BAR 40000 nab\u00edz\u00ed 10 jedine\u010dn\u00fdch kombinac\u00ed \u201cdvojit\u00e9 v\u016fn\u011b\u201d. <strong>Zda<\/strong> tou\u017e\u00edte po ovocn\u00e9 sladkosti nebo ledov\u00e9m osv\u011b\u017een\u00ed, tyto kombinace v\u00e1m zajist\u00ed vzru\u0161uj\u00edc\u00ed z\u00e1\u017eitek:<\/p>\n\n\n\n<ul class=\"wp-block-list\">\n<li><strong>Lemon Lime \/ Lush Ice<\/strong><\/li>\n\n\n\n<li><strong>Jahodov\u00e1 zmrzlina \/ Sm\u00ed\u0161en\u00e9 bobule<\/strong><\/li>\n\n\n\n<li><strong>Blue Razz Ice \/ Strawberry Watermelon Bubble Gum<\/strong><\/li>\n\n\n\n<li><strong>Jahodov\u00fd ban\u00e1n \/ Red Bull Ice<\/strong><\/li>\n\n\n\n<li><strong>Bor\u016fvkov\u00fd led \/ Love 66<\/strong><\/li>\n\n\n\n<li><strong>Melounov\u00fd led \/ koksov\u00fd led<\/strong><\/li>\n\n\n\n<li><strong>Jahodov\u00fd meloun \/ hroznov\u00fd led<\/strong><\/li>\n<\/ul>\n\n\n\n<h3 class=\"wp-block-heading\">\u010cast\u00e9 dotazy t\u00fdkaj\u00edc\u00ed se ty\u010dinky Razz Bar 40000 Puffs<\/h3>\n\n\n\n<p><strong>1. Jak se p\u0159ep\u00edn\u00e1 mezi dv\u011bma p\u0159\u00edchut\u011bmi?<\/strong> <strong>Jednodu\u0161e<\/strong> ot\u00e1\u010den\u00edm n\u00e1ustku m\u016f\u017eete p\u0159ep\u00ednat mezi dv\u011bma vnit\u0159n\u00edmi n\u00e1dr\u017ekami. <strong>V d\u016fsledku toho<\/strong>, m\u016f\u017eete si vychutnat dv\u011b r\u016fzn\u00e9 chut\u011b, ani\u017e byste museli nosit v\u00edce za\u0159\u00edzen\u00ed.<\/p>\n\n\n\n<p><strong>2. Jak p\u0159esn\u00fd je LED displej?<\/strong> Displej monitoruje stav baterie a e-liquidu v re\u00e1ln\u00e9m \u010dase.<sup><\/sup> <strong>Proto<\/strong>, v\u017edy p\u0159esn\u011b v\u00edte, kdy je \u010das za\u0159\u00edzen\u00ed nab\u00edt nebo vym\u011bnit.<\/p>\n\n\n\n<p><strong>3. Je zaru\u010den po\u010det 40 000 obl\u00e1\u010dk\u016f?<\/strong> P\u0159i standardn\u00edm pou\u017e\u00edv\u00e1n\u00ed vydr\u017e\u00ed p\u0159\u00edstroj a\u017e 40 000 potah\u016f.<sup><\/sup> <strong>Nicm\u00e9n\u011b<\/strong>, po\u010det jednotliv\u00fdch pot\u00e1hnut\u00ed se m\u016f\u017ee li\u0161it v z\u00e1vislosti na d\u00e9lce a intenzit\u011b pot\u00e1hnut\u00ed.<\/p>\n\n\n\n<p><strong>4. Pro\u010d je technologie Mesh Coil d\u016fle\u017eit\u00e1?<\/strong> S\u00ed\u0165ov\u00e1 spir\u00e1la zv\u011bt\u0161uje topnou plochu.<sup><\/sup> <strong>V d\u016fsledku toho<\/strong>, produkuje mnohem intenzivn\u011bj\u0161\u00ed chu\u0165 a hlad\u0161\u00ed p\u00e1ru ne\u017e tradi\u010dn\u00ed dr\u00e1t\u011bn\u00e9 spir\u00e1lky.<\/p>\n\n\n\n<p>Looking to explore more than just the RAZZ BAR 12000? Start from our <strong><a href=\"https:\/\/vapemaison.com\/\" type=\"link\" id=\"https:\/\/vapemaison.com\/\">Domovsk\u00e1 str\u00e1nka<\/a><\/strong> to discover the latest arrivals, trending disposable vapes, and best-selling devices across different categories.<\/p>\n\n\n\n<p>If you&#8217;re ready to browse and compare, head over to the <strong><a href=\"https:\/\/vapemaison.com\/shop\/\" type=\"link\" id=\"https:\/\/vapemaison.com\/shop\/\">Shop Page<\/a><\/strong> where you\u2019ll find a complete selection of disposable vapes, including various puff capacities, designs, and performance levels to match your needs.<\/p>\n\n\n\n<p>Prefer a specific brand? Visit our brand page to explore more products from <strong><a href=\"https:\/\/vapemaison.com\/brand\/razz-bar\/\" type=\"link\" id=\"https:\/\/vapemaison.com\/brand\/razz-bar\/\">RAZZ BAR<\/a><\/strong> and other leading manufacturers, each offering unique features and flavor experiences.<\/p>\n\n\n\n<p>If puff count is your main consideration, visit our <strong><a href=\"https:\/\/vapemaison.com\/product-category\/puffs-count\/40k-puffs\/\" type=\"link\" id=\"https:\/\/vapemaison.com\/product-category\/puffs-count\/12k-puffs\/\">40K Puffs<\/a><\/strong> page to explore more devices with the same puff capacity and compare similar options in one place.<\/p>\n\n\n\n<p><\/p>","protected":false},"excerpt":{"rendered":"<p>RAZZ BAR 40000 Puffs nov\u011b definuje v\u00fddr\u017e d\u00edky sv\u00e9 obrovsk\u00e9 kapacit\u011b a jedine\u010dn\u00e9mu p\u0159ep\u00edna\u010di dvou p\u0159\u00edchut\u00ed. Proto\u017ee je vybaven monitorovac\u00edm LED displejem a rychl\u00fdm nab\u00edjen\u00edm typu C, nab\u00edz\u00ed toto za\u0159\u00edzen\u00ed nejpohodln\u011bj\u0161\u00ed a nejp\u0159ehledn\u011bj\u0161\u00ed z\u00e1\u017eitek na trhu. V d\u016fsledku toho poskytuje bezkonkuren\u010dn\u00ed hodnotu jak pro prodejce, tak pro vysoce intenzivn\u00ed vapery.<\/p>","protected":false},"featured_media":25751,"comment_status":"open","ping_status":"closed","template":"","meta":[],"product_brand":[313],"product_cat":[135],"product_tag":[],"class_list":{"0":"post-25629","1":"product","2":"type-product","3":"status-publish","4":"has-post-thumbnail","6":"product_brand-razz-bar","7":"product_cat-40k-puffs","9":"first","10":"instock","11":"sale","12":"shipping-taxable","13":"purchasable","14":"product-type-variable"},"yoast_head":"<!-- This site is optimized with the Yoast SEO plugin v27.4 - https:\/\/yoast.com\/product\/yoast-seo-wordpress\/ -->\n<title>RAZZ BAR 40000 Puffs | Dual-Flavor Smart Disposable Vape<\/title>\n<meta name=\"description\" content=\"Experience 40k puffs with the RAZZ BAR Dual-Tank Vape. Featuring an LED display, and 10 double-flavor blends. Shop wholesale with fast EU shipping!\" \/>\n<meta name=\"robots\" content=\"index, follow, max-snippet:-1, max-image-preview:large, max-video-preview:-1\" \/>\n<link rel=\"canonical\" href=\"https:\/\/vapemaison.com\/cs\/produkt\/razz-bar-40000-puffs-dual-flavor-vaping\/\" \/>\n<meta property=\"og:locale\" content=\"cs_CZ\" \/>\n<meta property=\"og:type\" content=\"article\" \/>\n<meta property=\"og:title\" content=\"RAZZ BAR 40000 Puffs | Dual-Flavor Smart Disposable Vape\" \/>\n<meta property=\"og:description\" content=\"Experience 40k puffs with the RAZZ BAR Dual-Tank Vape. Featuring an LED display, and 10 double-flavor blends. Shop wholesale with fast EU shipping!\" \/>\n<meta property=\"og:url\" content=\"https:\/\/vapemaison.com\/cs\/produkt\/razz-bar-40000-puffs-dual-flavor-vaping\/\" \/>\n<meta property=\"og:site_name\" content=\"VapeMaison\" \/>\n<meta property=\"article:modified_time\" content=\"2026-04-24T09:12:19+00:00\" \/>\n<meta property=\"og:image\" content=\"https:\/\/vapemaison.com\/wp-content\/uploads\/2026\/01\/razz-bar-40000-puffs-vape-product-display-3.jpg\" \/>\n\t<meta property=\"og:image:width\" content=\"800\" \/>\n\t<meta property=\"og:image:height\" content=\"800\" \/>\n\t<meta property=\"og:image:type\" content=\"image\/jpeg\" \/>\n<meta name=\"twitter:card\" content=\"summary_large_image\" \/>\n<meta name=\"twitter:label1\" content=\"Odhadovan\u00e1 doba \u010dten\u00ed\" \/>\n\t<meta name=\"twitter:data1\" content=\"3 minuty\" \/>\n<!-- \/ Yoast SEO plugin. -->","yoast_head_json":{"title":"RAZZ BAR 40000 Puffs | Chytr\u00e1 jednor\u00e1zov\u00e1 vape s dv\u011bma p\u0159\u00edchut\u011bmi","description":"Vyzkou\u0161ejte 40 tis\u00edc \u0161luk\u016f s dvoutankov\u00fdm vape RAZZ BAR. Je vybaven LED displejem a 10 sm\u011bsmi s dvojitou p\u0159\u00edchut\u00ed. Nakupujte velkoobchodn\u011b s rychlou dopravou v EU!","robots":{"index":"index","follow":"follow","max-snippet":"max-snippet:-1","max-image-preview":"max-image-preview:large","max-video-preview":"max-video-preview:-1"},"canonical":"https:\/\/vapemaison.com\/cs\/produkt\/razz-bar-40000-puffs-dual-flavor-vaping\/","og_locale":"cs_CZ","og_type":"article","og_title":"RAZZ BAR 40000 Puffs | Dual-Flavor Smart Disposable Vape","og_description":"Experience 40k puffs with the RAZZ BAR Dual-Tank Vape. Featuring an LED display, and 10 double-flavor blends. Shop wholesale with fast EU shipping!","og_url":"https:\/\/vapemaison.com\/cs\/produkt\/razz-bar-40000-puffs-dual-flavor-vaping\/","og_site_name":"VapeMaison","article_modified_time":"2026-04-24T09:12:19+00:00","og_image":[{"width":800,"height":800,"url":"https:\/\/vapemaison.com\/wp-content\/uploads\/2026\/01\/razz-bar-40000-puffs-vape-product-display-3.jpg","type":"image\/jpeg"}],"twitter_card":"summary_large_image","twitter_misc":{"Odhadovan\u00e1 doba \u010dten\u00ed":"3 minuty"},"schema":{"@context":"https:\/\/schema.org","@graph":[{"@type":"WebPage","@id":"https:\/\/vapemaison.com\/product\/razz-bar-40000-puffs-dual-flavor-vaping\/","url":"https:\/\/vapemaison.com\/product\/razz-bar-40000-puffs-dual-flavor-vaping\/","name":"RAZZ BAR 40000 Puffs | Chytr\u00e1 jednor\u00e1zov\u00e1 vape s dv\u011bma p\u0159\u00edchut\u011bmi","isPartOf":{"@id":"https:\/\/vapemaison.com\/#website"},"primaryImageOfPage":{"@id":"https:\/\/vapemaison.com\/product\/razz-bar-40000-puffs-dual-flavor-vaping\/#primaryimage"},"image":{"@id":"https:\/\/vapemaison.com\/product\/razz-bar-40000-puffs-dual-flavor-vaping\/#primaryimage"},"thumbnailUrl":"https:\/\/vapemaison.com\/wp-content\/uploads\/2026\/01\/razz-bar-40000-puffs-vape-product-display-3.jpg","datePublished":"2026-01-08T09:57:26+00:00","dateModified":"2026-04-24T09:12:19+00:00","description":"Vyzkou\u0161ejte 40 tis\u00edc \u0161luk\u016f s dvoutankov\u00fdm vape RAZZ BAR. Je vybaven LED displejem a 10 sm\u011bsmi s dvojitou p\u0159\u00edchut\u00ed. Nakupujte velkoobchodn\u011b s rychlou dopravou v EU!","breadcrumb":{"@id":"https:\/\/vapemaison.com\/product\/razz-bar-40000-puffs-dual-flavor-vaping\/#breadcrumb"},"inLanguage":"cs","potentialAction":[{"@type":"ReadAction","target":["https:\/\/vapemaison.com\/product\/razz-bar-40000-puffs-dual-flavor-vaping\/"]}]},{"@type":"ImageObject","inLanguage":"cs","@id":"https:\/\/vapemaison.com\/product\/razz-bar-40000-puffs-dual-flavor-vaping\/#primaryimage","url":"https:\/\/vapemaison.com\/wp-content\/uploads\/2026\/01\/razz-bar-40000-puffs-vape-product-display-3.jpg","contentUrl":"https:\/\/vapemaison.com\/wp-content\/uploads\/2026\/01\/razz-bar-40000-puffs-vape-product-display-3.jpg","width":800,"height":800,"caption":"Razz Bar Puffs Vape Product Display design 2"},{"@type":"BreadcrumbList","@id":"https:\/\/vapemaison.com\/product\/razz-bar-40000-puffs-dual-flavor-vaping\/#breadcrumb","itemListElement":[{"@type":"ListItem","position":1,"name":"\u9996\u9875","item":"https:\/\/vapemaison.com\/"},{"@type":"ListItem","position":2,"name":"Shop","item":"https:\/\/vapemaison.com\/shop\/"},{"@type":"ListItem","position":3,"name":"Razz Bar","item":"https:\/\/vapemaison.com\/brand\/razz-bar\/"},{"@type":"ListItem","position":4,"name":"RAZZ BAR 40000 Puffs: Dual-Flavor Vaping"}]},{"@type":"WebSite","@id":"https:\/\/vapemaison.com\/#website","url":"https:\/\/vapemaison.com\/","name":"VapeMaison","description":"Pr\u00e9miov\u00e1 vapingov\u00e1 za\u0159\u00edzen\u00ed a p\u0159\u00edslu\u0161enstv\u00ed","publisher":{"@id":"https:\/\/vapemaison.com\/#organization"},"potentialAction":[{"@type":"SearchAction","target":{"@type":"EntryPoint","urlTemplate":"https:\/\/vapemaison.com\/?s={search_term_string}"},"query-input":{"@type":"PropertyValueSpecification","valueRequired":true,"valueName":"search_term_string"}}],"inLanguage":"cs"},{"@type":"Organization","@id":"https:\/\/vapemaison.com\/#organization","name":"VapeMaison","url":"https:\/\/vapemaison.com\/","logo":{"@type":"ImageObject","inLanguage":"cs","@id":"https:\/\/vapemaison.com\/#\/schema\/logo\/image\/","url":"https:\/\/vapemaison.com\/wp-content\/uploads\/2026\/01\/cropped-vapemaison-logo-g-2026.webp","contentUrl":"https:\/\/vapemaison.com\/wp-content\/uploads\/2026\/01\/cropped-vapemaison-logo-g-2026.webp","width":350,"height":280,"caption":"VapeMaison"},"image":{"@id":"https:\/\/vapemaison.com\/#\/schema\/logo\/image\/"},"sameAs":["https:\/\/www.youtube.com\/@VapeMaison"]}]}},"tiered_pricing_type":"fixed","tiered_pricing_fixed_rules":{"100":"9.56","200":"8.78","500":"7.99"},"tiered_pricing_product_settings":{"layout":"default","base_unit_name":{"singular":null,"plural":null},"default_variation":null},"tiered_pricing_minimum_quantity":50,"tiered_pricing_roles_data":[],"tiered_pricing_percentage_rules":[],"tiered_pricing_maximum_quantity":null,"tiered_pricing_quantity_step":"10","_links":{"self":[{"href":"https:\/\/vapemaison.com\/cs\/wp-json\/wp\/v2\/product\/25629","targetHints":{"allow":["GET"]}}],"collection":[{"href":"https:\/\/vapemaison.com\/cs\/wp-json\/wp\/v2\/product"}],"about":[{"href":"https:\/\/vapemaison.com\/cs\/wp-json\/wp\/v2\/types\/product"}],"replies":[{"embeddable":true,"href":"https:\/\/vapemaison.com\/cs\/wp-json\/wp\/v2\/comments?post=25629"}],"version-history":[{"count":6,"href":"https:\/\/vapemaison.com\/cs\/wp-json\/wp\/v2\/product\/25629\/revisions"}],"predecessor-version":[{"id":29565,"href":"https:\/\/vapemaison.com\/cs\/wp-json\/wp\/v2\/product\/25629\/revisions\/29565"}],"wp:featuredmedia":[{"embeddable":true,"href":"https:\/\/vapemaison.com\/cs\/wp-json\/wp\/v2\/media\/25751"}],"wp:attachment":[{"href":"https:\/\/vapemaison.com\/cs\/wp-json\/wp\/v2\/media?parent=25629"}],"wp:term":[{"taxonomy":"product_brand","embeddable":true,"href":"https:\/\/vapemaison.com\/cs\/wp-json\/wp\/v2\/product_brand?post=25629"},{"taxonomy":"product_cat","embeddable":true,"href":"https:\/\/vapemaison.com\/cs\/wp-json\/wp\/v2\/product_cat?post=25629"},{"taxonomy":"product_tag","embeddable":true,"href":"https:\/\/vapemaison.com\/cs\/wp-json\/wp\/v2\/product_tag?post=25629"}],"curies":[{"name":"wp","href":"https:\/\/api.w.org\/{rel}","templated":true}]}}