

{"id":25911,"date":"2026-01-12T11:04:05","date_gmt":"2026-01-12T11:04:05","guid":{"rendered":"https:\/\/vapemaison.com\/?post_type=product&#038;p=25911"},"modified":"2026-04-15T10:43:54","modified_gmt":"2026-04-15T10:43:54","slug":"fihp-multi-120k-puffs-6-v-1-prichutich-dobijeci-led-jednorazove-vape","status":"publish","type":"product","link":"https:\/\/vapemaison.com\/cs\/product\/fihp-multi-120k-puffs-6-in-1-flavors-rechargeable-led-disposable-vape\/","title":{"rendered":"FIHP MULTI 120K Puffs 6 v 1 p\u0159\u00edchut\u011b dob\u00edjec\u00ed LED jednor\u00e1zov\u00e9 Vape"},"content":{"rendered":"<p>Na str\u00e1nk\u00e1ch <strong>FIHP MULTI 120K<\/strong> je ur\u010den pro vapery, kte\u0159\u00ed cht\u011bj\u00ed dlouhotrvaj\u00edc\u00ed v\u00fdkon, v\u0161estrann\u00e9 p\u0159\u00edchut\u011b a pokro\u010dil\u00e9 funkce v jednom elegantn\u00edm za\u0159\u00edzen\u00ed. S a\u017e <strong><a href=\"https:\/\/vapemaison.com\/product-category\/puffs-count\/12k-puffs\/\" type=\"link\" id=\"https:\/\/vapemaison.com\/product-category\/puffs-count\/12k-puffs\/\">120k obl\u00e1\u010dk\u016f<\/a><\/strong>, nab\u00edz\u00ed mimo\u0159\u00e1dn\u011b dlouh\u00fd z\u00e1\u017eitek z vapingu bez nutnosti \u010dast\u00e9 v\u00fdm\u011bny. . <strong>LED displej<\/strong> p\u0159ehledn\u011b zobrazuje v\u00fddr\u017e baterie a stav pou\u017e\u00edv\u00e1n\u00ed, tak\u017ee ka\u017ed\u00e9 \u0161luknut\u00ed je plynul\u00e9 a uspokojiv\u00e9.<\/p>\n\n\n\n<p>Plynul\u00e9 p\u0159ep\u00edn\u00e1n\u00ed mezi <strong>6 nastaviteln\u00fdch p\u0159\u00edchut\u00ed<\/strong> podle va\u0161\u00ed n\u00e1lady. Str\u00e1nky <strong>dvojit\u00e1 s\u00ed\u0165ov\u00e1 c\u00edvka<\/strong> zlep\u0161uje konzistenci chuti a hustotu p\u00e1ry a poskytuje bohat\u00e9, \u010dist\u00e9 a dlouhotrvaj\u00edc\u00ed \u0161luky p\u0159i ka\u017ed\u00e9m potahu.<\/p>\n\n\n\n<p>Nap\u00e1jen\u00ed pomoc\u00ed <strong>Nab\u00edjec\u00ed baterie s kapacitou 650 mAh<\/strong> s <strong>Rychl\u00e9 nab\u00edjen\u00ed typu C<\/strong> a velkorys\u00fd <strong>Kapacita 64 ml e-liquidu<\/strong>, FIHP MULTI udr\u017euje chu\u0165 d\u00e9le. Balen\u00ed <strong>10 kus\u016f v krabici<\/strong>, je ide\u00e1ln\u00ed pro osobn\u00ed pou\u017eit\u00ed nebo velkoobchod. Tento vape kombinuje v\u00fdkon, technologii a styl a nastavuje nov\u00fd standard pro dob\u00edjec\u00ed jednor\u00e1zov\u00e1 za\u0159\u00edzen\u00ed.<\/p>\n\n\n\n<h2 class=\"wp-block-heading\"><strong>Specifikace produktu<\/strong><\/h2>\n\n\n\n<ul class=\"wp-block-list\">\n<li><strong>Pufy:<\/strong> A\u017e 120 000<\/li>\n\n\n\n<li><strong>S\u00edla nikotinu:<\/strong> 2% \/ 5%<\/li>\n\n\n\n<li><strong>Kapacita e-kapaliny:<\/strong> 64 ml<\/li>\n\n\n\n<li><strong>P\u0159\u00edchut\u011b:<\/strong> 6 Nastaviteln\u00e9<\/li>\n\n\n\n<li><strong>Typ c\u00edvky:<\/strong> Dvojit\u00e1 s\u00ed\u0165ov\u00e1 c\u00edvka<\/li>\n\n\n\n<li><strong>Baterie:<\/strong> Dob\u00edjec\u00ed baterie 650 mAh<\/li>\n\n\n\n<li><strong>Zobrazen\u00ed:<\/strong> LED<\/li>\n\n\n\n<li><strong>Nab\u00edjen\u00ed:<\/strong> Rychl\u00e9 nab\u00edjen\u00ed typu C<\/li>\n\n\n\n<li><strong>Balen\u00ed:<\/strong> 10 ks\/krabice<\/li>\n<\/ul>\n\n\n\n<h2 class=\"wp-block-heading\"><strong>Kombinace chut\u00ed<\/strong><\/h2>\n\n\n\n<ul class=\"wp-block-list\">\n<li>Jahodov\u00fd meloun, melounov\u00fd led, Red Bull, jahodov\u00e9 kiwi, bor\u016fvkov\u00fd led, citronov\u00e1 limetka<\/li>\n\n\n\n<li>Citronov\u00e1 broskev, jahoda ban\u00e1n, dvojit\u00e9 jablko, malina meloun, kysel\u00e9 mango ananas, tropick\u00e9 ovoce<\/li>\n\n\n\n<li>Jahodov\u00e1 vanilkov\u00e1 kola, Ananasov\u00e1 kokosov\u00e1, Blue Razz, Sm\u00ed\u0161en\u00e9 bobule, Mango broskev, Bor\u016fvkov\u00e1 malina<\/li>\n\n\n\n<li>Gumov\u00fd medv\u00eddek, broskvov\u00e9 bobule, trojit\u00fd meloun, hroznov\u00fd led, \u010dern\u00fd dra\u010d\u00ed led, \u0161umiv\u00fd t\u0159e\u0161\u0148ov\u00fd led<\/li>\n\n\n\n<li>Broskvov\u00fd led, Duhov\u00e9 bonb\u00f3ny, Vi\u0161\u0148ov\u00fd led, L\u00e1ska 666, Mango led, Bor\u016fvkov\u00e1 cukrov\u00e1 vata<\/li>\n\n\n\n<li>Melounov\u00fd citron, Aloe li\u010di led, R\u016f\u017eov\u00fd citron, Ledovcov\u00fd led, Borovicov\u00e1 m\u00e1ta, Led z \u010dern\u00e9ho ryb\u00edzu<\/li>\n<\/ul>\n\n\n\n<p><\/p>","protected":false},"excerpt":{"rendered":"<p data-start=\"613\" data-end=\"994\">Za\u017eijte <strong data-start=\"628\" data-end=\"647\">FIHP MULTI 120K<\/strong>, dob\u00edjec\u00ed jednor\u00e1zov\u00fd vape navr\u017een\u00fd pro dlouhotrvaj\u00edc\u00ed po\u017eitek. P\u0159ep\u00ednejte mezi <strong data-start=\"732\" data-end=\"745\">6 p\u0159\u00edchut\u00ed<\/strong>, sledovat stav baterie a jej\u00ed pou\u017e\u00edv\u00e1n\u00ed pomoc\u00ed <strong data-start=\"780\" data-end=\"795\">LED displej<\/strong>, a u\u017e\u00edvejte si bohatou a konzistentn\u00ed p\u00e1ru d\u00edky technologii <strong data-start=\"844\" data-end=\"862\">dvojit\u00e1 s\u00ed\u0165ov\u00e1 c\u00edvka<\/strong>. S <strong data-start=\"869\" data-end=\"886\">64 ml e-liquidu<\/strong> a <strong data-start=\"891\" data-end=\"915\">Rychl\u00e9 nab\u00edjen\u00ed typu C<\/strong>, tato vape p\u0159in\u00e1\u0161\u00ed pohodl\u00ed, v\u00fdkon a styl v jednom elegantn\u00edm za\u0159\u00edzen\u00ed.<\/p>","protected":false},"featured_media":25912,"comment_status":"open","ping_status":"closed","template":"","meta":[],"product_brand":[59],"product_cat":[153],"product_tag":[],"class_list":{"0":"post-25911","1":"product","2":"type-product","3":"status-publish","4":"has-post-thumbnail","6":"product_brand-waspe","7":"product_cat-120k-puffs","9":"first","10":"instock","11":"sale","12":"shipping-taxable","13":"purchasable","14":"product-type-variable"},"yoast_head":"<!-- This site is optimized with the Yoast SEO plugin v27.4 - https:\/\/yoast.com\/product\/yoast-seo-wordpress\/ -->\n<title>FIHP MULTI 120K Puffs Rechargeable Disposable Vape<\/title>\n<meta name=\"description\" content=\"Discover the FIHP MULTI 120K disposable vape with up to 120,000 puffs, 6 adjustable flavors, LED display, dual mesh coil, and 650mAh rechargeable battery.\" \/>\n<meta name=\"robots\" content=\"index, follow, max-snippet:-1, max-image-preview:large, max-video-preview:-1\" \/>\n<link rel=\"canonical\" href=\"https:\/\/vapemaison.com\/cs\/produkt\/fihp-multi-120k-puffs-6-v-1-prichutich-dobijeci-led-jednorazove-vape\/\" \/>\n<meta property=\"og:locale\" content=\"cs_CZ\" \/>\n<meta property=\"og:type\" content=\"article\" \/>\n<meta property=\"og:title\" content=\"FIHP MULTI 120K Puffs Rechargeable Disposable Vape\" \/>\n<meta property=\"og:description\" content=\"Discover the FIHP MULTI 120K disposable vape with up to 120,000 puffs, 6 adjustable flavors, LED display, dual mesh coil, and 650mAh rechargeable battery.\" \/>\n<meta property=\"og:url\" content=\"https:\/\/vapemaison.com\/cs\/produkt\/fihp-multi-120k-puffs-6-v-1-prichutich-dobijeci-led-jednorazove-vape\/\" \/>\n<meta property=\"og:site_name\" content=\"VapeMaison\" \/>\n<meta property=\"article:modified_time\" content=\"2026-04-15T10:43:54+00:00\" \/>\n<meta property=\"og:image\" content=\"https:\/\/vapemaison.com\/wp-content\/uploads\/2026\/01\/features.jpg.webp\" \/>\n\t<meta property=\"og:image:width\" content=\"800\" \/>\n\t<meta property=\"og:image:height\" content=\"800\" \/>\n\t<meta property=\"og:image:type\" content=\"image\/webp\" \/>\n<meta name=\"twitter:card\" content=\"summary_large_image\" \/>\n<meta name=\"twitter:label1\" content=\"Odhadovan\u00e1 doba \u010dten\u00ed\" \/>\n\t<meta name=\"twitter:data1\" content=\"2 minuty\" \/>\n<!-- \/ Yoast SEO plugin. -->","yoast_head_json":{"title":"FIHP MULTI 120K Puffs dob\u00edjec\u00ed jednor\u00e1zov\u00e9 Vape","description":"Objevte jednor\u00e1zov\u00fd vape FIHP MULTI 120K s v\u00fddr\u017e\u00ed a\u017e 120 000 potah\u016f, 6 nastaviteln\u00fdmi p\u0159\u00edchut\u011bmi, LED displejem, dvojitou mesh spir\u00e1lkou a dob\u00edjec\u00ed bateri\u00ed 650 mAh.","robots":{"index":"index","follow":"follow","max-snippet":"max-snippet:-1","max-image-preview":"max-image-preview:large","max-video-preview":"max-video-preview:-1"},"canonical":"https:\/\/vapemaison.com\/cs\/produkt\/fihp-multi-120k-puffs-6-v-1-prichutich-dobijeci-led-jednorazove-vape\/","og_locale":"cs_CZ","og_type":"article","og_title":"FIHP MULTI 120K Puffs Rechargeable Disposable Vape","og_description":"Discover the FIHP MULTI 120K disposable vape with up to 120,000 puffs, 6 adjustable flavors, LED display, dual mesh coil, and 650mAh rechargeable battery.","og_url":"https:\/\/vapemaison.com\/cs\/produkt\/fihp-multi-120k-puffs-6-v-1-prichutich-dobijeci-led-jednorazove-vape\/","og_site_name":"VapeMaison","article_modified_time":"2026-04-15T10:43:54+00:00","og_image":[{"width":800,"height":800,"url":"https:\/\/vapemaison.com\/wp-content\/uploads\/2026\/01\/features.jpg.webp","type":"image\/webp"}],"twitter_card":"summary_large_image","twitter_misc":{"Odhadovan\u00e1 doba \u010dten\u00ed":"2 minuty"},"schema":{"@context":"https:\/\/schema.org","@graph":[{"@type":"WebPage","@id":"https:\/\/vapemaison.com\/product\/fihp-multi-120k-puffs-6-in-1-flavors-rechargeable-led-disposable-vape\/","url":"https:\/\/vapemaison.com\/product\/fihp-multi-120k-puffs-6-in-1-flavors-rechargeable-led-disposable-vape\/","name":"FIHP MULTI 120K Puffs dob\u00edjec\u00ed jednor\u00e1zov\u00e9 Vape","isPartOf":{"@id":"https:\/\/vapemaison.com\/#website"},"primaryImageOfPage":{"@id":"https:\/\/vapemaison.com\/product\/fihp-multi-120k-puffs-6-in-1-flavors-rechargeable-led-disposable-vape\/#primaryimage"},"image":{"@id":"https:\/\/vapemaison.com\/product\/fihp-multi-120k-puffs-6-in-1-flavors-rechargeable-led-disposable-vape\/#primaryimage"},"thumbnailUrl":"https:\/\/vapemaison.com\/wp-content\/uploads\/2026\/01\/features.jpg.webp","datePublished":"2026-01-12T11:04:05+00:00","dateModified":"2026-04-15T10:43:54+00:00","description":"Objevte jednor\u00e1zov\u00fd vape FIHP MULTI 120K s v\u00fddr\u017e\u00ed a\u017e 120 000 potah\u016f, 6 nastaviteln\u00fdmi p\u0159\u00edchut\u011bmi, LED displejem, dvojitou mesh spir\u00e1lkou a dob\u00edjec\u00ed bateri\u00ed 650 mAh.","breadcrumb":{"@id":"https:\/\/vapemaison.com\/product\/fihp-multi-120k-puffs-6-in-1-flavors-rechargeable-led-disposable-vape\/#breadcrumb"},"inLanguage":"cs","potentialAction":[{"@type":"ReadAction","target":["https:\/\/vapemaison.com\/product\/fihp-multi-120k-puffs-6-in-1-flavors-rechargeable-led-disposable-vape\/"]}]},{"@type":"ImageObject","inLanguage":"cs","@id":"https:\/\/vapemaison.com\/product\/fihp-multi-120k-puffs-6-in-1-flavors-rechargeable-led-disposable-vape\/#primaryimage","url":"https:\/\/vapemaison.com\/wp-content\/uploads\/2026\/01\/features.jpg.webp","contentUrl":"https:\/\/vapemaison.com\/wp-content\/uploads\/2026\/01\/features.jpg.webp","width":800,"height":800,"caption":"Features.jpg Disposable Vape Device"},{"@type":"BreadcrumbList","@id":"https:\/\/vapemaison.com\/product\/fihp-multi-120k-puffs-6-in-1-flavors-rechargeable-led-disposable-vape\/#breadcrumb","itemListElement":[{"@type":"ListItem","position":1,"name":"\u9996\u9875","item":"https:\/\/vapemaison.com\/"},{"@type":"ListItem","position":2,"name":"Shop","item":"https:\/\/vapemaison.com\/shop\/"},{"@type":"ListItem","position":3,"name":"Waspe","item":"https:\/\/vapemaison.com\/brand\/waspe\/"},{"@type":"ListItem","position":4,"name":"FIHP MULTI 120K Puffs 6-in-1 Flavors Rechargeable LED Disposable Vape"}]},{"@type":"WebSite","@id":"https:\/\/vapemaison.com\/#website","url":"https:\/\/vapemaison.com\/","name":"VapeMaison","description":"Pr\u00e9miov\u00e1 vapingov\u00e1 za\u0159\u00edzen\u00ed a p\u0159\u00edslu\u0161enstv\u00ed","publisher":{"@id":"https:\/\/vapemaison.com\/#organization"},"potentialAction":[{"@type":"SearchAction","target":{"@type":"EntryPoint","urlTemplate":"https:\/\/vapemaison.com\/?s={search_term_string}"},"query-input":{"@type":"PropertyValueSpecification","valueRequired":true,"valueName":"search_term_string"}}],"inLanguage":"cs"},{"@type":"Organization","@id":"https:\/\/vapemaison.com\/#organization","name":"VapeMaison","url":"https:\/\/vapemaison.com\/","logo":{"@type":"ImageObject","inLanguage":"cs","@id":"https:\/\/vapemaison.com\/#\/schema\/logo\/image\/","url":"https:\/\/vapemaison.com\/wp-content\/uploads\/2026\/01\/cropped-vapemaison-logo-g-2026.webp","contentUrl":"https:\/\/vapemaison.com\/wp-content\/uploads\/2026\/01\/cropped-vapemaison-logo-g-2026.webp","width":350,"height":280,"caption":"VapeMaison"},"image":{"@id":"https:\/\/vapemaison.com\/#\/schema\/logo\/image\/"},"sameAs":["https:\/\/www.youtube.com\/@VapeMaison"]}]}},"tiered_pricing_type":"fixed","tiered_pricing_fixed_rules":{"30":"10.56","50":"9.99","100":"9.12","200":"8.37"},"tiered_pricing_product_settings":{"layout":"default","base_unit_name":{"singular":null,"plural":null},"default_variation":null},"tiered_pricing_minimum_quantity":10,"tiered_pricing_roles_data":[],"tiered_pricing_percentage_rules":[],"tiered_pricing_maximum_quantity":null,"tiered_pricing_quantity_step":"10","_links":{"self":[{"href":"https:\/\/vapemaison.com\/cs\/wp-json\/wp\/v2\/product\/25911","targetHints":{"allow":["GET"]}}],"collection":[{"href":"https:\/\/vapemaison.com\/cs\/wp-json\/wp\/v2\/product"}],"about":[{"href":"https:\/\/vapemaison.com\/cs\/wp-json\/wp\/v2\/types\/product"}],"replies":[{"embeddable":true,"href":"https:\/\/vapemaison.com\/cs\/wp-json\/wp\/v2\/comments?post=25911"}],"version-history":[{"count":3,"href":"https:\/\/vapemaison.com\/cs\/wp-json\/wp\/v2\/product\/25911\/revisions"}],"predecessor-version":[{"id":29460,"href":"https:\/\/vapemaison.com\/cs\/wp-json\/wp\/v2\/product\/25911\/revisions\/29460"}],"wp:featuredmedia":[{"embeddable":true,"href":"https:\/\/vapemaison.com\/cs\/wp-json\/wp\/v2\/media\/25912"}],"wp:attachment":[{"href":"https:\/\/vapemaison.com\/cs\/wp-json\/wp\/v2\/media?parent=25911"}],"wp:term":[{"taxonomy":"product_brand","embeddable":true,"href":"https:\/\/vapemaison.com\/cs\/wp-json\/wp\/v2\/product_brand?post=25911"},{"taxonomy":"product_cat","embeddable":true,"href":"https:\/\/vapemaison.com\/cs\/wp-json\/wp\/v2\/product_cat?post=25911"},{"taxonomy":"product_tag","embeddable":true,"href":"https:\/\/vapemaison.com\/cs\/wp-json\/wp\/v2\/product_tag?post=25911"}],"curies":[{"name":"wp","href":"https:\/\/api.w.org\/{rel}","templated":true}]}}