

{"id":26265,"date":"2026-01-23T09:20:07","date_gmt":"2026-01-23T09:20:07","guid":{"rendered":"https:\/\/vapemaison.com\/?post_type=product&#038;p=26265"},"modified":"2026-04-11T06:41:14","modified_gmt":"2026-04-11T06:41:14","slug":"airmez-fox-120k-puffs-4-v-1-prichutich-jednorazove-vape-eu-warehouse","status":"publish","type":"product","link":"https:\/\/vapemaison.com\/cs\/product\/airmez-fox-120k-puffs-4-in-1-flavors-disposable-vape-eu-warehouse\/","title":{"rendered":"Airmez Fox 120K Puffs 4 v 1 p\u0159\u00edchut\u00edch Jednor\u00e1zov\u00e9 Vape EU Warehouse"},"content":{"rendered":"<p>Za\u017eijte bezkonkuren\u010dn\u00ed vapingov\u00fd v\u00fdkon s modelem <strong>Airmez Fox 120K Puffs<\/strong>, navr\u017een\u00fd pro dlouhotrvaj\u00edc\u00ed pou\u017e\u00edv\u00e1n\u00ed a p\u0159izp\u016fsobiteln\u00fd po\u017eitek z chuti. Tato inovativn\u00ed dob\u00edjec\u00ed jednor\u00e1zov\u00e1 vapka je vybavena \u010dty\u0159mi nastaviteln\u00fdmi re\u017eimy p\u0159\u00edchut\u00ed, kter\u00e9 v\u00e1m umo\u017en\u00ed bez n\u00e1mahy p\u0159ep\u00ednat p\u0159\u00edchut\u011b a u\u017e\u00edvat si vapov\u00e1n\u00ed na m\u00edru.<\/p>\n\n\n\n<p>Vybaveno <strong>velkokapacitn\u00ed syst\u00e9m e-liquid<\/strong> a <strong>vysoce \u00fa\u010dinn\u00e1 s\u00ed\u0165ov\u00e1 c\u00edvka<\/strong>, Airmez Fox produkuje bohatou, hladkou p\u00e1ru s hust\u00fdmi mraky. Jeho <strong>Dob\u00edjec\u00ed baterie 850 mAh<\/strong> zaji\u0161\u0165uje dlouhodob\u00e9 pou\u017e\u00edv\u00e1n\u00ed, zat\u00edmco integrovan\u00e1 <strong>LED displej<\/strong> poskytuje informace o \u017eivotnosti baterie a stavu vapov\u00e1n\u00ed v re\u00e1ln\u00e9m \u010dase. S <strong>rychl\u00e9 nab\u00edjen\u00ed p\u0159es USB typu C<\/strong> a praktick\u00fdm balen\u00edm je tento p\u0159\u00edstroj ide\u00e1ln\u00ed pro u\u017eivatele, kte\u0159\u00ed hledaj\u00ed kombinaci v\u00fdkonu, rozmanitosti chut\u00ed a modern\u00edho designu.<\/p>\n\n\n\n<h3 class=\"wp-block-heading\">Specifikace<\/h3>\n\n\n\n<figure class=\"wp-block-table is-style-stripes\"><table class=\"has-fixed-layout\"><thead><tr><th>Funkce<\/th><th>Popis<\/th><\/tr><\/thead><tbody><tr><td>Po\u010det puf\u016f<\/td><td>120 000 puf\u016f<\/td><\/tr><tr><td>Kapacita e-kapaliny<\/td><td>15 ml \u00d7 4 n\u00e1dr\u017ee<\/td><\/tr><tr><td>Re\u017eimy p\u0159\u00edchut\u00ed<\/td><td>4 nastaviteln\u00e9 re\u017eimy chuti<\/td><\/tr><tr><td>Typ c\u00edvky<\/td><td>C\u00edvka s oky 1,0\u03a9<\/td><\/tr><tr><td>Baterie<\/td><td>850mAh dob\u00edjec\u00ed<\/td><\/tr><tr><td>Zobrazit<\/td><td>LED displej pro zobrazen\u00ed baterie a stavu<\/td><\/tr><tr><td>Nab\u00edjen\u00ed<\/td><td>Rychl\u00e9 nab\u00edjen\u00ed p\u0159es USB typu C<\/td><\/tr><tr><td>Balen\u00ed<\/td><td>10 kus\u016f v balen\u00ed<\/td><\/tr><tr><td>Dostupn\u00e9 p\u0159\u00edchut\u011b<\/td><td>V\u00edce ne\u017e 40 p\u0159\u00edchut\u00ed v r\u016fzn\u00fdch kombinac\u00edch<\/td><\/tr><\/tbody><\/table><\/figure>\n\n\n\n<h2 class=\"wp-block-heading\">P\u0159\u00edchu\u0165<\/h2>\n\n\n\n<ol class=\"wp-block-list\">\n<li>Jahoda malina &amp; jahoda kiwi &amp; jahoda led &amp; broskev mango meloun<\/li>\n\n\n\n<li>Melounov\u00fd led a jahoda Meloun a malina Meloun a bor\u016fvka Malina<\/li>\n\n\n\n<li>R\u016f\u017eov\u00e1 limon\u00e1da &amp; v\u00e1\u0161niv\u00fd polibek &amp; sm\u00ed\u0161en\u00e9 bobule &amp; trojit\u00e9 bobule<\/li>\n\n\n\n<li>T\u0159e\u0161\u0148ov\u00e1 &amp; Love 66 &amp; Berry Lemonade &amp; Grape Ice<\/li>\n\n\n\n<li>Mango Peach &amp; Tropical Fruit &amp; Peach Ice &amp; Sour Mango Ananas<\/li>\n\n\n\n<li>Hroznov\u00e1 zmrzlina &amp; Love 66 &amp; Bor\u016fvka na ledu &amp; Dra\u010d\u00ed zmrzlina<\/li>\n\n\n\n<li>L\u00e1ska 66 &amp; t\u0159e\u0161e\u0148 &amp; bor\u016fvka na ledu &amp; kiwi mu\u010denka Guava<\/li>\n\n\n\n<li>Broskvov\u00fd led &amp; r\u016f\u017eov\u00e1 limon\u00e1da &amp; melounov\u00fd led &amp; Dr. Blue<\/li>\n\n\n\n<li>\u010cerven\u00e9 mojito &amp; l\u00e1ska 66 &amp; sm\u00ed\u0161en\u00e9 bobule &amp; jahodov\u00fd meloun<\/li>\n\n\n\n<li>Broskev Mango Meloun a bor\u016fvka T\u0159e\u0161e\u0148 a meloun Dra\u010d\u00ed ovoce a polibek z mu\u010denky<\/li>\n<\/ol>\n\n\n\n<p>Pokud zkoum\u00e1te dal\u0161\u00ed mo\u017enosti nad r\u00e1mec <strong>AiRMEZ FOX 120K<\/strong>, je toho je\u0161t\u011b spousta k objevov\u00e1n\u00ed. M\u016f\u017eete si prohl\u00e9dnout n\u00e1\u0161 kompletn\u00ed <strong><a href=\"https:\/\/vapemaison.com\/shop\/\" type=\"link\" id=\"https:\/\/vapemaison.com\/shop\/\">Kolekce obchod\u016f<\/a><\/strong> najdete \u0161irokou \u0161k\u00e1lu vysoce v\u00fdkonn\u00fdch jednor\u00e1zov\u00fdch vap\u016f s r\u016fzn\u00fdm po\u010dtem \u0161luk\u016f, funkcemi a chu\u0165ov\u00fdmi profily, kter\u00e9 odpov\u00eddaj\u00ed va\u0161im preferenc\u00edm.<\/p>\n\n\n\n<p>Pokud se v\u00e1m l\u00edb\u00ed design a inovace tohoto za\u0159\u00edzen\u00ed, doporu\u010dujeme v\u00e1m pod\u00edvat se na dal\u0161\u00ed produkty od spole\u010dnosti <strong><a href=\"https:\/\/vapemaison.com\/brand\/airmez\/\" type=\"link\" id=\"https:\/\/vapemaison.com\/brand\/airmez\/\">Slo\u017een\u00ed spole\u010dnosti Airmez<\/a><\/strong>, kde najdete podobn\u011b pokro\u010dil\u00e9 modely s jedine\u010dn\u00fdmi funkcemi a prvot\u0159\u00eddn\u00ed kvalitou proveden\u00ed.<\/p>\n\n\n\n<p>Pro ty, kte\u0159\u00ed maj\u00ed z\u00e1jem o za\u0159\u00edzen\u00ed s dlouhou \u017eivotnost\u00ed, si nenechte uj\u00edt na\u0161i nab\u00eddku. <strong><a href=\"https:\/\/vapemaison.com\/product-category\/puffs-count\/120k-puffs\/\" type=\"link\" id=\"https:\/\/vapemaison.com\/product-category\/puffs-count\/120k-puffs\/\">120K Puffs<\/a><\/strong> jednor\u00e1zov\u00e9 vapes. Tyto mo\u017enosti nab\u00edzej\u00ed del\u0161\u00ed pou\u017e\u00edv\u00e1n\u00ed, bohat\u00e9 pod\u00e1n\u00ed chuti a vynikaj\u00edc\u00ed hodnotu pro u\u017eivatele, kte\u0159\u00ed cht\u011bj\u00ed m\u00e9n\u011b v\u00fdm\u011bn bez sn\u00ed\u017een\u00ed v\u00fdkonu.<\/p>\n\n\n\n<p>Prozkoumejte v\u00edce a najd\u011bte si dokonal\u00fd vape, kter\u00fd vyhovuje va\u0161emu stylu a pot\u0159eb\u00e1m.<\/p>","protected":false},"excerpt":{"rendered":"<p>Experience unparalleled vaping performance with the Airmez Fox 120K Puffs, designed for long-lasting use and customizable flavor enjoyment. This innovative rechargeable disposable vape features four adjustable flavor modes, allowing you to switch flavors effortlessly and enjoy a tailored vaping experience. Equipped with a large-capacity e-liquid system and a high-efficiency mesh coil, the Airmez Fox produces [&hellip;]<\/p>\n","protected":false},"featured_media":26307,"comment_status":"open","ping_status":"closed","template":"","meta":[],"product_brand":[314],"product_cat":[153],"product_tag":[],"class_list":{"0":"post-26265","1":"product","2":"type-product","3":"status-publish","4":"has-post-thumbnail","6":"product_brand-airmez","7":"product_cat-120k-puffs","9":"first","10":"instock","11":"sale","12":"shipping-taxable","13":"purchasable","14":"product-type-variable"},"yoast_head":"<!-- This site is optimized with the Yoast SEO plugin v27.4 - https:\/\/yoast.com\/product\/yoast-seo-wordpress\/ -->\n<title>Airmez Fox 120K Puffs \u2013 Rechargeable Disposable Vape 4 Flavors<\/title>\n<meta name=\"description\" content=\"Airmez Fox 120K Puffs features 4 adjustable flavors, 120,000 puffs, 15ml\u00d74 tanks, 850mAh rechargeable battery &amp; USB-C charging for smooth vaping.\" \/>\n<meta name=\"robots\" content=\"index, follow, max-snippet:-1, max-image-preview:large, max-video-preview:-1\" \/>\n<link rel=\"canonical\" href=\"https:\/\/vapemaison.com\/cs\/produkt\/airmez-fox-120k-puffs-4-v-1-prichutich-jednorazove-vape-eu-warehouse\/\" \/>\n<meta property=\"og:locale\" content=\"cs_CZ\" \/>\n<meta property=\"og:type\" content=\"article\" \/>\n<meta property=\"og:title\" content=\"Airmez Fox 120K Puffs \u2013 Rechargeable Disposable Vape 4 Flavors\" \/>\n<meta property=\"og:description\" content=\"Airmez Fox 120K Puffs features 4 adjustable flavors, 120,000 puffs, 15ml\u00d74 tanks, 850mAh rechargeable battery &amp; USB-C charging for smooth vaping.\" \/>\n<meta property=\"og:url\" content=\"https:\/\/vapemaison.com\/cs\/produkt\/airmez-fox-120k-puffs-4-v-1-prichutich-jednorazove-vape-eu-warehouse\/\" \/>\n<meta property=\"og:site_name\" content=\"VapeMaison\" \/>\n<meta property=\"article:modified_time\" content=\"2026-04-11T06:41:14+00:00\" \/>\n<meta property=\"og:image\" content=\"https:\/\/vapemaison.com\/wp-content\/uploads\/2026\/01\/airmez-fox-120000-puffs-7.webp\" \/>\n\t<meta property=\"og:image:width\" content=\"805\" \/>\n\t<meta property=\"og:image:height\" content=\"805\" \/>\n\t<meta property=\"og:image:type\" content=\"image\/webp\" \/>\n<meta name=\"twitter:card\" content=\"summary_large_image\" \/>\n<meta name=\"twitter:label1\" content=\"Odhadovan\u00e1 doba \u010dten\u00ed\" \/>\n\t<meta name=\"twitter:data1\" content=\"2 minuty\" \/>\n<!-- \/ Yoast SEO plugin. -->","yoast_head_json":{"title":"Airmez Fox 120K Puffs - dob\u00edjec\u00ed jednor\u00e1zov\u00e1 vape 4 p\u0159\u00edchut\u011b","description":"Airmez Fox 120K Puffs nab\u00edz\u00ed 4 nastaviteln\u00e9 p\u0159\u00edchut\u011b, 120 000 potah\u016f, 15ml \u00d7 4 tanky, dob\u00edjec\u00ed baterii 850mAh a nab\u00edjen\u00ed p\u0159es USB-C pro plynul\u00fd vaping.","robots":{"index":"index","follow":"follow","max-snippet":"max-snippet:-1","max-image-preview":"max-image-preview:large","max-video-preview":"max-video-preview:-1"},"canonical":"https:\/\/vapemaison.com\/cs\/produkt\/airmez-fox-120k-puffs-4-v-1-prichutich-jednorazove-vape-eu-warehouse\/","og_locale":"cs_CZ","og_type":"article","og_title":"Airmez Fox 120K Puffs \u2013 Rechargeable Disposable Vape 4 Flavors","og_description":"Airmez Fox 120K Puffs features 4 adjustable flavors, 120,000 puffs, 15ml\u00d74 tanks, 850mAh rechargeable battery & USB-C charging for smooth vaping.","og_url":"https:\/\/vapemaison.com\/cs\/produkt\/airmez-fox-120k-puffs-4-v-1-prichutich-jednorazove-vape-eu-warehouse\/","og_site_name":"VapeMaison","article_modified_time":"2026-04-11T06:41:14+00:00","og_image":[{"width":805,"height":805,"url":"https:\/\/vapemaison.com\/wp-content\/uploads\/2026\/01\/airmez-fox-120000-puffs-7.webp","type":"image\/webp"}],"twitter_card":"summary_large_image","twitter_misc":{"Odhadovan\u00e1 doba \u010dten\u00ed":"2 minuty"},"schema":{"@context":"https:\/\/schema.org","@graph":[{"@type":"WebPage","@id":"https:\/\/vapemaison.com\/product\/airmez-fox-120k-puffs-4-in-1-flavors-disposable-vape-eu-warehouse\/","url":"https:\/\/vapemaison.com\/product\/airmez-fox-120k-puffs-4-in-1-flavors-disposable-vape-eu-warehouse\/","name":"Airmez Fox 120K Puffs - dob\u00edjec\u00ed jednor\u00e1zov\u00e1 vape 4 p\u0159\u00edchut\u011b","isPartOf":{"@id":"https:\/\/vapemaison.com\/#website"},"primaryImageOfPage":{"@id":"https:\/\/vapemaison.com\/product\/airmez-fox-120k-puffs-4-in-1-flavors-disposable-vape-eu-warehouse\/#primaryimage"},"image":{"@id":"https:\/\/vapemaison.com\/product\/airmez-fox-120k-puffs-4-in-1-flavors-disposable-vape-eu-warehouse\/#primaryimage"},"thumbnailUrl":"https:\/\/vapemaison.com\/wp-content\/uploads\/2026\/01\/airmez-fox-120000-puffs-7.webp","datePublished":"2026-01-23T09:20:07+00:00","dateModified":"2026-04-11T06:41:14+00:00","description":"Airmez Fox 120K Puffs nab\u00edz\u00ed 4 nastaviteln\u00e9 p\u0159\u00edchut\u011b, 120 000 potah\u016f, 15ml \u00d7 4 tanky, dob\u00edjec\u00ed baterii 850mAh a nab\u00edjen\u00ed p\u0159es USB-C pro plynul\u00fd vaping.","breadcrumb":{"@id":"https:\/\/vapemaison.com\/product\/airmez-fox-120k-puffs-4-in-1-flavors-disposable-vape-eu-warehouse\/#breadcrumb"},"inLanguage":"cs","potentialAction":[{"@type":"ReadAction","target":["https:\/\/vapemaison.com\/product\/airmez-fox-120k-puffs-4-in-1-flavors-disposable-vape-eu-warehouse\/"]}]},{"@type":"ImageObject","inLanguage":"cs","@id":"https:\/\/vapemaison.com\/product\/airmez-fox-120k-puffs-4-in-1-flavors-disposable-vape-eu-warehouse\/#primaryimage","url":"https:\/\/vapemaison.com\/wp-content\/uploads\/2026\/01\/airmez-fox-120000-puffs-7.webp","contentUrl":"https:\/\/vapemaison.com\/wp-content\/uploads\/2026\/01\/airmez-fox-120000-puffs-7.webp","width":805,"height":805,"caption":"Airmez Fox Puffs Disposable Vape Device detail"},{"@type":"BreadcrumbList","@id":"https:\/\/vapemaison.com\/product\/airmez-fox-120k-puffs-4-in-1-flavors-disposable-vape-eu-warehouse\/#breadcrumb","itemListElement":[{"@type":"ListItem","position":1,"name":"\u9996\u9875","item":"https:\/\/vapemaison.com\/"},{"@type":"ListItem","position":2,"name":"Shop","item":"https:\/\/vapemaison.com\/shop\/"},{"@type":"ListItem","position":3,"name":"Airmez","item":"https:\/\/vapemaison.com\/brand\/airmez\/"},{"@type":"ListItem","position":4,"name":"Airmez Fox 120K Puffs 4 in 1 Flavors Disposable Vape EU Warehouse"}]},{"@type":"WebSite","@id":"https:\/\/vapemaison.com\/#website","url":"https:\/\/vapemaison.com\/","name":"VapeMaison","description":"Pr\u00e9miov\u00e1 vapingov\u00e1 za\u0159\u00edzen\u00ed a p\u0159\u00edslu\u0161enstv\u00ed","publisher":{"@id":"https:\/\/vapemaison.com\/#organization"},"potentialAction":[{"@type":"SearchAction","target":{"@type":"EntryPoint","urlTemplate":"https:\/\/vapemaison.com\/?s={search_term_string}"},"query-input":{"@type":"PropertyValueSpecification","valueRequired":true,"valueName":"search_term_string"}}],"inLanguage":"cs"},{"@type":"Organization","@id":"https:\/\/vapemaison.com\/#organization","name":"VapeMaison","url":"https:\/\/vapemaison.com\/","logo":{"@type":"ImageObject","inLanguage":"cs","@id":"https:\/\/vapemaison.com\/#\/schema\/logo\/image\/","url":"https:\/\/vapemaison.com\/wp-content\/uploads\/2026\/01\/cropped-vapemaison-logo-g-2026.webp","contentUrl":"https:\/\/vapemaison.com\/wp-content\/uploads\/2026\/01\/cropped-vapemaison-logo-g-2026.webp","width":350,"height":280,"caption":"VapeMaison"},"image":{"@id":"https:\/\/vapemaison.com\/#\/schema\/logo\/image\/"},"sameAs":["https:\/\/www.youtube.com\/@VapeMaison"]}]}},"tiered_pricing_type":"fixed","tiered_pricing_fixed_rules":{"30":"11.73","50":"11.12","100":"10.65","200":"9.99"},"tiered_pricing_product_settings":{"layout":"default","base_unit_name":{"singular":null,"plural":null},"default_variation":null},"tiered_pricing_minimum_quantity":10,"tiered_pricing_roles_data":[],"tiered_pricing_percentage_rules":[],"tiered_pricing_maximum_quantity":null,"tiered_pricing_quantity_step":"10","_links":{"self":[{"href":"https:\/\/vapemaison.com\/cs\/wp-json\/wp\/v2\/product\/26265","targetHints":{"allow":["GET"]}}],"collection":[{"href":"https:\/\/vapemaison.com\/cs\/wp-json\/wp\/v2\/product"}],"about":[{"href":"https:\/\/vapemaison.com\/cs\/wp-json\/wp\/v2\/types\/product"}],"replies":[{"embeddable":true,"href":"https:\/\/vapemaison.com\/cs\/wp-json\/wp\/v2\/comments?post=26265"}],"version-history":[{"count":3,"href":"https:\/\/vapemaison.com\/cs\/wp-json\/wp\/v2\/product\/26265\/revisions"}],"predecessor-version":[{"id":29283,"href":"https:\/\/vapemaison.com\/cs\/wp-json\/wp\/v2\/product\/26265\/revisions\/29283"}],"wp:featuredmedia":[{"embeddable":true,"href":"https:\/\/vapemaison.com\/cs\/wp-json\/wp\/v2\/media\/26307"}],"wp:attachment":[{"href":"https:\/\/vapemaison.com\/cs\/wp-json\/wp\/v2\/media?parent=26265"}],"wp:term":[{"taxonomy":"product_brand","embeddable":true,"href":"https:\/\/vapemaison.com\/cs\/wp-json\/wp\/v2\/product_brand?post=26265"},{"taxonomy":"product_cat","embeddable":true,"href":"https:\/\/vapemaison.com\/cs\/wp-json\/wp\/v2\/product_cat?post=26265"},{"taxonomy":"product_tag","embeddable":true,"href":"https:\/\/vapemaison.com\/cs\/wp-json\/wp\/v2\/product_tag?post=26265"}],"curies":[{"name":"wp","href":"https:\/\/api.w.org\/{rel}","templated":true}]}}