

{"id":26368,"date":"2026-01-26T08:48:03","date_gmt":"2026-01-26T08:48:03","guid":{"rendered":"https:\/\/vapemaison.com\/?post_type=product&#038;p=26368"},"modified":"2026-04-11T06:34:02","modified_gmt":"2026-04-11T06:34:02","slug":"airmez-matrix-30k-jednorazovy-vape","status":"publish","type":"product","link":"https:\/\/vapemaison.com\/cs\/product\/airmez-matrix-30k-disposable-vape\/","title":{"rendered":"Airmez Matrix 30K Vape na jedno pou\u017eit\u00ed"},"content":{"rendered":"<p>Na str\u00e1nk\u00e1ch <strong>Airmez Matrix 30K<\/strong> povy\u0161uje jednor\u00e1zov\u00fd vaping na vy\u0161\u0161\u00ed \u00farove\u0148 d\u00edky dokonal\u00e9 kombinaci chytr\u00e9 technologie, vysokokapacitn\u00edho v\u00fdkonu a modern\u00edho designu. Obsahuje <strong>2,1palcov\u00e1 velk\u00e1 obrazovka<\/strong>, <strong>citliv\u00e1 dotykov\u00e1 podlo\u017eka<\/strong>, a <strong>nastaviteln\u00fd syst\u00e9m proud\u011bn\u00ed vzduchu<\/strong>, poskytuje pln\u011b p\u0159izp\u016fsobiteln\u00fd a interaktivn\u00ed z\u00e1\u017eitek z vapov\u00e1n\u00ed.<\/p>\n\n\n\n<p>Nap\u00e1jen\u00ed pomoc\u00ed <strong>22ml p\u0159edpln\u011bn\u00e9ho e-liquidu<\/strong>, <strong>dvojit\u00e1 s\u00ed\u0165ov\u00e1 c\u00edvka<\/strong>, a <strong>800mAh dob\u00edjec\u00ed baterie<\/strong>, je toto za\u0159\u00edzen\u00ed navr\u017eeno pro u\u017eivatele, kte\u0159\u00ed cht\u011bj\u00ed v\u00fdkon i styl v jednom pr\u00e9miov\u00e9m za\u0159\u00edzen\u00ed na jedno pou\u017eit\u00ed.<\/p>\n\n\n\n<h2 class=\"wp-block-heading\">Kl\u00ed\u010dov\u00e9 vlastnosti<\/h2>\n\n\n\n<figure class=\"wp-block-table is-style-regular has-x-small-font-size\" style=\"line-height:1\"><table class=\"has-background has-fixed-layout\" style=\"background:linear-gradient(135deg,rgb(197,213,224) 0%,rgb(155,81,224) 100%)\"><thead><tr><th>Funkce<\/th><th>Popis<\/th><\/tr><\/thead><tbody><tr><td>A\u017e 30 000 puf\u016f<\/td><td>Navr\u017eeno pro dlouhodob\u00e9 pou\u017e\u00edv\u00e1n\u00ed s \u00fa\u010dinn\u00fdm \u0159\u00edzen\u00edm spot\u0159eby e-liquidu a energie.<\/td><\/tr><tr><td>2,1palcov\u00fd velk\u00fd displej<\/td><td>Poskytuje sledov\u00e1n\u00ed baterie a e-liquidu v re\u00e1ln\u00e9m \u010dase s prvot\u0159\u00eddn\u00edm vizu\u00e1ln\u00edm rozhran\u00edm.<\/td><\/tr><tr><td>Citliv\u00e1 dotykov\u00e1 podlo\u017eka<\/td><td>Umo\u017e\u0148uje plynulou a intuitivn\u00ed interakci pro modern\u00ed u\u017eivatelsk\u00e9 prost\u0159ed\u00ed.<\/td><\/tr><tr><td>Dvojit\u00e1 s\u00ed\u0165ov\u00e1 c\u00edvka (1,2\u03a9)<\/td><td>Zaji\u0161\u0165uje rychlej\u0161\u00ed zah\u0159\u00edv\u00e1n\u00ed, bohat\u0161\u00ed chu\u0165ov\u00e9 vrstvy a konzistentn\u00ed v\u00fdstup p\u00e1ry.<\/td><\/tr><tr><td>Nastaviteln\u00e9 proud\u011bn\u00ed vzduchu<\/td><td>Umo\u017e\u0148uje u\u017eivatel\u016fm p\u0159izp\u016fsobit si odpor tahu pro individu\u00e1ln\u00ed vapingov\u00fd z\u00e1\u017eitek.<\/td><\/tr><tr><td>22ml p\u0159edpln\u011bn\u00fd E-Liquid<\/td><td>Velk\u00e1 kapacita sni\u017euje pot\u0159ebu \u010dast\u00e9 v\u00fdm\u011bny.<\/td><\/tr><tr><td>Dob\u00edjec\u00ed baterie 800 mAh (typ C)<\/td><td>Spolehliv\u00e9 nap\u00e1jen\u00ed s pohodlnou podporou rychl\u00e9ho nab\u00edjen\u00ed<\/td><\/tr><tr><td>Funkce hry Lucky Room<\/td><td>Vestav\u011bn\u00e1 interaktivn\u00ed funkce, kter\u00e1 zvy\u0161uje zapojen\u00ed a jedine\u010dnost produktu<\/td><\/tr><\/tbody><\/table><\/figure>\n\n\n\n<h2 class=\"wp-block-heading\">Dostupn\u00e9 p\u0159\u00edchut\u011b<\/h2>\n\n\n\n<ul class=\"wp-block-list\">\n<li>Melounov\u00fd led<\/li>\n\n\n\n<li>Bor\u016fvka na ledu<\/li>\n\n\n\n<li style=\"border-top-left-radius:0px;border-top-right-radius:0px;border-bottom-left-radius:0px;border-bottom-right-radius:0px\">Bor\u016fvka malina<\/li>\n\n\n\n<li>Jahodov\u00e1 zmrzlina<\/li>\n\n\n\n<li>Hroznov\u00fd led<\/li>\n\n\n\n<li>Sm\u00ed\u0161en\u00e9 bobule<\/li>\n\n\n\n<li>Dra\u010d\u00ed ovoce<\/li>\n\n\n\n<li>Jahodov\u00e9 kiwi<\/li>\n\n\n\n<li>Kiwi Mu\u010denka Ovoce Guava<\/li>\n\n\n\n<li>Modr\u00e1 kysel\u00e1 malina<\/li>\n\n\n\n<li>Cherry Cola<\/li>\n\n\n\n<li>Citron a limetka<\/li>\n<\/ul>\n\n\n\n<h2 class=\"wp-block-heading\">Informace o balen\u00ed<\/h2>\n\n\n\n<ul class=\"wp-block-list\">\n<li><strong>5 ks \/ zobrazovac\u00ed box<\/strong><\/li>\n\n\n\n<li><strong>200 ks \/ karton<\/strong><\/li>\n\n\n\n<li>Ide\u00e1ln\u00ed pro maloobchodn\u00ed reg\u00e1ly a velkoobchodn\u00ed distribuci<\/li>\n<\/ul>\n\n\n\n<h2 class=\"wp-block-heading\">Pro\u010d si vybrat Airmez Matrix 30K?<\/h2>\n\n\n\n<p>\u2714 Chytr\u00fd dotykov\u00fd displej + interaktivn\u00ed funkce<br>\u2714 Dlouhodob\u00fd v\u00fdkon s vysok\u00fdm po\u010dtem puf\u016f<br>\u2714 Konzistentn\u00ed chu\u0165 z dvojit\u00e9 s\u00ed\u0165ov\u00e9 c\u00edvky<br>\u2714 Nastaviteln\u00fd pr\u016ftok vzduchu pro individu\u00e1ln\u00ed vaping<br>\u2714 Pr\u00e9miov\u00fd design pro odli\u0161en\u00ed v maloobchod\u011b<\/p>\n\n\n\n<h2 class=\"wp-block-heading\">Prozkoumejte dal\u0161\u00ed mo\u017enosti<\/h2>\n\n\n\n<p>Hled\u00e1te dal\u0161\u00ed mo\u017enosti krom\u011b Airmez Matrix 30K? Na\u0161i kompletn\u00ed kolekci si m\u016f\u017eete prohl\u00e9dnout v <a href=\"https:\/\/vapemaison.com\/shop\/\" type=\"link\" id=\"https:\/\/vapemaison.com\/shop\/\"><strong>Obchod<\/strong><\/a> a objev\u00edte \u0161irokou \u0161k\u00e1lu jednor\u00e1zov\u00fdch vap\u016f s r\u016fzn\u00fdmi funkcemi, designem a kapacitou \u0161lukov\u00e1n\u00ed.<\/p>\n\n\n\n<p>Pokud v\u00e1s zaj\u00edmaj\u00ed podobn\u00e1 inovativn\u00ed za\u0159\u00edzen\u00ed, pod\u00edvejte se na dal\u0161\u00ed produkty z \u0159ady <strong><a href=\"https:\/\/vapemaison.com\/brand\/airmez\/\" type=\"link\" id=\"https:\/\/vapemaison.com\/brand\/airmez\/\">\u0158ada Airmez<\/a><\/strong>, kde se snoub\u00ed pokro\u010dil\u00e9 technologie a modern\u00ed design.<\/p>\n\n\n\n<p>U\u017eivatel\u016fm, kte\u0159\u00ed d\u00e1vaj\u00ed p\u0159ednost dlouhotrvaj\u00edc\u00edmu v\u00fdkonu, nab\u00edz\u00edme tak\u00e9 \u0159adu <strong><a href=\"https:\/\/vapemaison.com\/product-category\/puffs-count\/30k-puffs\/\" type=\"link\" id=\"https:\/\/vapemaison.com\/product-category\/puffs-count\/30k-puffs\/\">30 tis\u00edc obl\u00e1\u010dk\u016f<\/a> jednor\u00e1zov\u00e9 vapes<\/strong>, co\u017e v\u00e1m d\u00e1v\u00e1 v\u00edce mo\u017enost\u00ed s del\u0161\u00edm vyu\u017eit\u00edm a vynikaj\u00edc\u00ed hodnotou.<\/p>\n\n\n\n<p>Projd\u011bte si v\u00edce informac\u00ed a najd\u011bte si dokonal\u00e9 za\u0159\u00edzen\u00ed, kter\u00e9 vyhovuje va\u0161im pot\u0159eb\u00e1m.<\/p>","protected":false},"excerpt":{"rendered":"<p>The Airmez Matrix 30K elevates disposable vaping with a perfect blend of smart technology, high-capacity performance, and modern design. Featuring a 2.1-inch large screen, responsive touch pad, and adjustable airflow system, it delivers a fully customizable and interactive vaping experience. Powered by a 22ml pre-filled e-liquid, dual mesh coil, and an 800mAh rechargeable battery, this [&hellip;]<\/p>\n","protected":false},"featured_media":26373,"comment_status":"open","ping_status":"closed","template":"","meta":[],"product_brand":[314],"product_cat":[134],"product_tag":[],"class_list":{"0":"post-26368","1":"product","2":"type-product","3":"status-publish","4":"has-post-thumbnail","6":"product_brand-airmez","7":"product_cat-30k-puffs","9":"first","10":"instock","11":"sale","12":"shipping-taxable","13":"purchasable","14":"product-type-variable"},"yoast_head":"<!-- This site is optimized with the Yoast SEO plugin v27.4 - https:\/\/yoast.com\/product\/yoast-seo-wordpress\/ -->\n<title>Airmez Matrix 30K Disposable Vape | 22ml, 5% Nicotine<\/title>\n<meta name=\"description\" content=\"Airmez Matrix 30K disposable vape features 22ml e-liquid, 5% nicotine, dual mesh coil, adjustable airflow, 2.1-inch big screen, touch pad.\" \/>\n<meta name=\"robots\" content=\"index, follow, max-snippet:-1, max-image-preview:large, max-video-preview:-1\" \/>\n<link rel=\"canonical\" href=\"https:\/\/vapemaison.com\/cs\/produkt\/airmez-matrix-30k-jednorazovy-vape\/\" \/>\n<meta property=\"og:locale\" content=\"cs_CZ\" \/>\n<meta property=\"og:type\" content=\"article\" \/>\n<meta property=\"og:title\" content=\"Airmez Matrix 30K Disposable Vape | 22ml, 5% Nicotine\" \/>\n<meta property=\"og:description\" content=\"Airmez Matrix 30K disposable vape features 22ml e-liquid, 5% nicotine, dual mesh coil, adjustable airflow, 2.1-inch big screen, touch pad.\" \/>\n<meta property=\"og:url\" content=\"https:\/\/vapemaison.com\/cs\/produkt\/airmez-matrix-30k-jednorazovy-vape\/\" \/>\n<meta property=\"og:site_name\" content=\"VapeMaison\" \/>\n<meta property=\"article:modified_time\" content=\"2026-04-11T06:34:02+00:00\" \/>\n<meta property=\"og:image\" content=\"https:\/\/vapemaison.com\/wp-content\/uploads\/2026\/01\/Airmez-Matrix-Pro-30000-Puffs-8.webp\" \/>\n\t<meta property=\"og:image:width\" content=\"800\" \/>\n\t<meta property=\"og:image:height\" content=\"800\" \/>\n\t<meta property=\"og:image:type\" content=\"image\/webp\" \/>\n<meta name=\"twitter:card\" content=\"summary_large_image\" \/>\n<meta name=\"twitter:label1\" content=\"Odhadovan\u00e1 doba \u010dten\u00ed\" \/>\n\t<meta name=\"twitter:data1\" content=\"2 minuty\" \/>\n<!-- \/ Yoast SEO plugin. -->","yoast_head_json":{"title":"Airmez Matrix 30K Vape na jedno pou\u017eit\u00ed | 22ml, 5% Nikotin","description":"Jednor\u00e1zov\u00e1 vape Airmez Matrix 30K obsahuje 22 ml e-liquidu, 5% nikotinu, dvojitou s\u00ed\u0165ovou spir\u00e1lku, nastaviteln\u00fd pr\u016ftok vzduchu, 2,1palcov\u00fd velk\u00fd displej, dotykov\u00fd panel.","robots":{"index":"index","follow":"follow","max-snippet":"max-snippet:-1","max-image-preview":"max-image-preview:large","max-video-preview":"max-video-preview:-1"},"canonical":"https:\/\/vapemaison.com\/cs\/produkt\/airmez-matrix-30k-jednorazovy-vape\/","og_locale":"cs_CZ","og_type":"article","og_title":"Airmez Matrix 30K Disposable Vape | 22ml, 5% Nicotine","og_description":"Airmez Matrix 30K disposable vape features 22ml e-liquid, 5% nicotine, dual mesh coil, adjustable airflow, 2.1-inch big screen, touch pad.","og_url":"https:\/\/vapemaison.com\/cs\/produkt\/airmez-matrix-30k-jednorazovy-vape\/","og_site_name":"VapeMaison","article_modified_time":"2026-04-11T06:34:02+00:00","og_image":[{"width":800,"height":800,"url":"https:\/\/vapemaison.com\/wp-content\/uploads\/2026\/01\/Airmez-Matrix-Pro-30000-Puffs-8.webp","type":"image\/webp"}],"twitter_card":"summary_large_image","twitter_misc":{"Odhadovan\u00e1 doba \u010dten\u00ed":"2 minuty"},"schema":{"@context":"https:\/\/schema.org","@graph":[{"@type":"WebPage","@id":"https:\/\/vapemaison.com\/product\/airmez-matrix-30k-disposable-vape\/","url":"https:\/\/vapemaison.com\/product\/airmez-matrix-30k-disposable-vape\/","name":"Airmez Matrix 30K Vape na jedno pou\u017eit\u00ed | 22ml, 5% Nikotin","isPartOf":{"@id":"https:\/\/vapemaison.com\/#website"},"primaryImageOfPage":{"@id":"https:\/\/vapemaison.com\/product\/airmez-matrix-30k-disposable-vape\/#primaryimage"},"image":{"@id":"https:\/\/vapemaison.com\/product\/airmez-matrix-30k-disposable-vape\/#primaryimage"},"thumbnailUrl":"https:\/\/vapemaison.com\/wp-content\/uploads\/2026\/01\/Airmez-Matrix-Pro-30000-Puffs-8.webp","datePublished":"2026-01-26T08:48:03+00:00","dateModified":"2026-04-11T06:34:02+00:00","description":"Jednor\u00e1zov\u00e1 vape Airmez Matrix 30K obsahuje 22 ml e-liquidu, 5% nikotinu, dvojitou s\u00ed\u0165ovou spir\u00e1lku, nastaviteln\u00fd pr\u016ftok vzduchu, 2,1palcov\u00fd velk\u00fd displej, dotykov\u00fd panel.","breadcrumb":{"@id":"https:\/\/vapemaison.com\/product\/airmez-matrix-30k-disposable-vape\/#breadcrumb"},"inLanguage":"cs","potentialAction":[{"@type":"ReadAction","target":["https:\/\/vapemaison.com\/product\/airmez-matrix-30k-disposable-vape\/"]}]},{"@type":"ImageObject","inLanguage":"cs","@id":"https:\/\/vapemaison.com\/product\/airmez-matrix-30k-disposable-vape\/#primaryimage","url":"https:\/\/vapemaison.com\/wp-content\/uploads\/2026\/01\/Airmez-Matrix-Pro-30000-Puffs-8.webp","contentUrl":"https:\/\/vapemaison.com\/wp-content\/uploads\/2026\/01\/Airmez-Matrix-Pro-30000-Puffs-8.webp","width":800,"height":800,"caption":"Airmez Matrix Pro Puffs Disposable Vape Device detail"},{"@type":"BreadcrumbList","@id":"https:\/\/vapemaison.com\/product\/airmez-matrix-30k-disposable-vape\/#breadcrumb","itemListElement":[{"@type":"ListItem","position":1,"name":"\u9996\u9875","item":"https:\/\/vapemaison.com\/"},{"@type":"ListItem","position":2,"name":"Shop","item":"https:\/\/vapemaison.com\/shop\/"},{"@type":"ListItem","position":3,"name":"Airmez","item":"https:\/\/vapemaison.com\/brand\/airmez\/"},{"@type":"ListItem","position":4,"name":"Airmez Matrix 30K Disposable Vape"}]},{"@type":"WebSite","@id":"https:\/\/vapemaison.com\/#website","url":"https:\/\/vapemaison.com\/","name":"VapeMaison","description":"Pr\u00e9miov\u00e1 vapingov\u00e1 za\u0159\u00edzen\u00ed a p\u0159\u00edslu\u0161enstv\u00ed","publisher":{"@id":"https:\/\/vapemaison.com\/#organization"},"potentialAction":[{"@type":"SearchAction","target":{"@type":"EntryPoint","urlTemplate":"https:\/\/vapemaison.com\/?s={search_term_string}"},"query-input":{"@type":"PropertyValueSpecification","valueRequired":true,"valueName":"search_term_string"}}],"inLanguage":"cs"},{"@type":"Organization","@id":"https:\/\/vapemaison.com\/#organization","name":"VapeMaison","url":"https:\/\/vapemaison.com\/","logo":{"@type":"ImageObject","inLanguage":"cs","@id":"https:\/\/vapemaison.com\/#\/schema\/logo\/image\/","url":"https:\/\/vapemaison.com\/wp-content\/uploads\/2026\/01\/cropped-vapemaison-logo-g-2026.webp","contentUrl":"https:\/\/vapemaison.com\/wp-content\/uploads\/2026\/01\/cropped-vapemaison-logo-g-2026.webp","width":350,"height":280,"caption":"VapeMaison"},"image":{"@id":"https:\/\/vapemaison.com\/#\/schema\/logo\/image\/"},"sameAs":["https:\/\/www.youtube.com\/@VapeMaison"]}]}},"tiered_pricing_type":"fixed","tiered_pricing_fixed_rules":{"30":"12.76","50":"12.24","100":"11.88","200":"11.46"},"tiered_pricing_product_settings":{"layout":"default","base_unit_name":{"singular":null,"plural":null},"default_variation":null},"tiered_pricing_minimum_quantity":10,"tiered_pricing_roles_data":[],"tiered_pricing_percentage_rules":[],"tiered_pricing_maximum_quantity":null,"tiered_pricing_quantity_step":"10","_links":{"self":[{"href":"https:\/\/vapemaison.com\/cs\/wp-json\/wp\/v2\/product\/26368","targetHints":{"allow":["GET"]}}],"collection":[{"href":"https:\/\/vapemaison.com\/cs\/wp-json\/wp\/v2\/product"}],"about":[{"href":"https:\/\/vapemaison.com\/cs\/wp-json\/wp\/v2\/types\/product"}],"replies":[{"embeddable":true,"href":"https:\/\/vapemaison.com\/cs\/wp-json\/wp\/v2\/comments?post=26368"}],"version-history":[{"count":4,"href":"https:\/\/vapemaison.com\/cs\/wp-json\/wp\/v2\/product\/26368\/revisions"}],"predecessor-version":[{"id":29277,"href":"https:\/\/vapemaison.com\/cs\/wp-json\/wp\/v2\/product\/26368\/revisions\/29277"}],"wp:featuredmedia":[{"embeddable":true,"href":"https:\/\/vapemaison.com\/cs\/wp-json\/wp\/v2\/media\/26373"}],"wp:attachment":[{"href":"https:\/\/vapemaison.com\/cs\/wp-json\/wp\/v2\/media?parent=26368"}],"wp:term":[{"taxonomy":"product_brand","embeddable":true,"href":"https:\/\/vapemaison.com\/cs\/wp-json\/wp\/v2\/product_brand?post=26368"},{"taxonomy":"product_cat","embeddable":true,"href":"https:\/\/vapemaison.com\/cs\/wp-json\/wp\/v2\/product_cat?post=26368"},{"taxonomy":"product_tag","embeddable":true,"href":"https:\/\/vapemaison.com\/cs\/wp-json\/wp\/v2\/product_tag?post=26368"}],"curies":[{"name":"wp","href":"https:\/\/api.w.org\/{rel}","templated":true}]}}