

{"id":26402,"date":"2026-01-28T03:39:58","date_gmt":"2026-01-28T03:39:58","guid":{"rendered":"https:\/\/vapemaison.com\/?post_type=product&#038;p=26402"},"modified":"2026-05-05T03:13:02","modified_gmt":"2026-05-05T03:13:02","slug":"azul-vape-24k-puff-2-nizky-nikotin-hromadne-koupit-dobijeci-jednorazove-vapes-pero-velkoobchod","status":"publish","type":"product","link":"https:\/\/vapemaison.com\/cs\/product\/azul-vape-24k-puff-2-low-nicotine-bulk-buy-rechargeable-disposable-vapes-pen-wholesale\/","title":{"rendered":"Azul vape 24K Puff 2% Low Nicotine Bulk Buy Rechargeable Disposable Vapes Pen Wholesale"},"content":{"rendered":"<p>Objevte dal\u0161\u00ed \u00farove\u0148 v\u00fdkonu s <strong>Azul Vape 24K na jedno pou\u017eit\u00ed<\/strong>, navr\u017een\u00fd pro vapery, kte\u0159\u00ed cht\u011bj\u00ed <strong>dlouhotrvaj\u00edc\u00ed pou\u017e\u00edv\u00e1n\u00ed, siln\u00e9 pod\u00e1n\u00ed chuti a spolehliv\u00fd hardware.<\/strong> v jednom za\u0159\u00edzen\u00ed. S <strong>a\u017e 24 000 vdech\u016f<\/strong>, a <strong>syst\u00e9m s\u00ed\u0165ov\u00fdch c\u00edvek<\/strong>, a <strong>Dob\u00edjec\u00ed baterie typu C<\/strong>,humo azul 24K je vyroben pro dlouhodobou spokojenost bez ztr\u00e1ty konzistence.<\/p>\n\n\n\n<p>A\u0165 u\u017e jste pravideln\u00fd u\u017eivatel, nebo n\u011bkdo, kdo d\u00e1v\u00e1 p\u0159ednost velkokapacitn\u00edmu za\u0159\u00edzen\u00ed, kter\u00e9 vydr\u017e\u00ed, humo azul poskytuje trvanlivost, intenzitu chuti a hladk\u00fd po\u017eitek z nikotinu p\u0159i ka\u017ed\u00e9m pota\u017een\u00ed.<\/p>\n\n\n\n<h3 class=\"wp-block-heading\"><strong>Pro\u010d si vybrat Azul Vape 24K na jedno pou\u017eit\u00ed?<\/strong><\/h3>\n\n\n\n<h4 class=\"wp-block-heading\"><strong>Velmi vysok\u00e1 kapacita nad\u00fdch\u00e1n\u00ed<\/strong><\/h4>\n\n\n\n<p>Na str\u00e1nk\u00e1ch <strong>humo azul 24K<\/strong> nab\u00edz\u00ed <strong>a\u017e do <a href=\"https:\/\/vapemaison.com\/product-category\/puffs-count\/24k-puffs\/\" type=\"link\" id=\"https:\/\/vapemaison.com\/product-category\/puffs-count\/24k-puffs\/\">24k obl\u00e1\u010dky<\/a><\/strong>, \u010d\u00edm\u017e se \u0159ad\u00ed mezi jednor\u00e1zov\u00e9 vapes s nejvy\u0161\u0161\u00ed dostupnou kapacitou. M\u00e9n\u011b v\u00fdm\u011bn, del\u0161\u00ed cykly pou\u017e\u00edv\u00e1n\u00ed a v\u011bt\u0161\u00ed pohodl\u00ed pro n\u00e1ro\u010dn\u00e9 nebo \u010dast\u00e9 u\u017eivatele.<\/p>\n\n\n\n<h4 class=\"wp-block-heading\"><strong>Pokro\u010dil\u00e1 technologie Mesh Coil<\/strong><\/h4>\n\n\n\n<p>Vybaveno <strong>oh\u0159ev s\u00ed\u0165ov\u00e9 spir\u00e1ly<\/strong>,humo azul zaji\u0161\u0165uje:<\/p>\n\n\n\n<ul class=\"wp-block-list\">\n<li>Rovnom\u011brn\u00e9 odpa\u0159ov\u00e1n\u00ed e-liquidu<\/li>\n\n\n\n<li>Zv\u00fd\u0161en\u00e1 chu\u0165ov\u00e1 \u010distota<\/li>\n\n\n\n<li>Hladk\u00e1 a konzistentn\u00ed produkce p\u00e1ry<br>Tradi\u010dn\u00ed c\u00edvky mohou zp\u016fsobovat nerovnom\u011brn\u00fd oh\u0159ev - <strong>Struktura s\u00edt\u011b Azul Vape<\/strong> udr\u017euje stabiln\u00ed v\u00fdkon od prvn\u00edho do posledn\u00edho v\u00fddechu.<\/li>\n<\/ul>\n\n\n\n<h4 class=\"wp-block-heading\"><strong>Dob\u00edjec\u00ed baterie s dlouhou \u017eivotnost\u00ed<\/strong><\/h4>\n\n\n\n<p>Vestav\u011bn\u00fd <strong>Baterie s kapacitou 600 mAh<\/strong> podporuje velkou kapacitu e-liquidu. Na <strong>Nab\u00edjec\u00ed port typu C<\/strong> umo\u017e\u0148uje rychl\u00e9 a pohodln\u00e9 dob\u00edjen\u00ed, zkracuje prostoje a udr\u017euje za\u0159\u00edzen\u00ed v pohotovosti.<\/p>\n\n\n\n<h4 class=\"wp-block-heading\"><strong>Smooth 2% Nikotinov\u00e1 s\u00edla<\/strong><\/h4>\n\n\n\n<p>Slo\u017een\u00ed s <strong>2% nikotin<\/strong>, humo azul poskytuje vyv\u00e1\u017een\u00fd z\u00e1sah do hrdla a st\u00e1l\u00e9 uspokojen\u00ed p\u0159i zachov\u00e1n\u00ed hladk\u00e9ho z\u00e1\u017eitku z inhalace.<\/p>\n\n\n\n<h2 class=\"wp-block-heading\"><strong>Kl\u00ed\u010dov\u00e9 vlastnosti<\/strong><\/h2>\n\n\n\n<figure class=\"wp-block-table is-style-stripes\"><table class=\"has-fixed-layout\"><thead><tr><th>Funkce<\/th><th>Specifikace<\/th><\/tr><\/thead><tbody><tr><td>Po\u010det puf\u016f<\/td><td>A\u017e do <strong>24 000 puff\u016f<\/strong><\/td><\/tr><tr><td>Typ c\u00edvky<\/td><td><strong>Syst\u00e9m Mesh Coil<\/strong><\/td><\/tr><tr><td>Baterie<\/td><td><strong>600mAh dob\u00edjec\u00ed<\/strong><\/td><\/tr><tr><td>Nab\u00edjec\u00ed port<\/td><td><strong>USB typu C<\/strong><\/td><\/tr><tr><td>S\u00edla nikotinu<\/td><td><strong>2%<\/strong><\/td><\/tr><tr><td>Typ za\u0159\u00edzen\u00ed<\/td><td>Jednor\u00e1zov\u00e9 (nenaplniteln\u00e9)<\/td><\/tr><\/tbody><\/table><\/figure>\n\n\n\n<h2 class=\"wp-block-heading\"><strong>Dostupn\u00e9 p\u0159\u00edchut\u011b Azul Vape<\/strong><\/h2>\n\n\n\n<p>Broskvov\u00fd led<br>Bor\u016fvkov\u00fd led<br>Hroznov\u00fd led<br>Ostru\u017einov\u00fd dra\u010d\u00ed plod<br>Melounov\u00fd led<br>Jahoda Meloun Hroznov\u00e9 v\u00edno<br>Lemon Lime<br>Melounov\u00fd led<br>Jahoda Brusinka T\u0159e\u0161e\u0148<br>Blue Razz Ice<br>Passionfruit Kiwi Guava<\/p>\n\n\n\n<p>Ka\u017ed\u00e1 p\u0159\u00edchu\u0165 je vytvo\u0159ena tak, aby si zachovala intenzitu po celou dobu \u017eivotnosti p\u0159\u00edstroje d\u00edky tomu. <strong>Syst\u00e9m s\u00ed\u0165ov\u00e9 c\u00edvky Azul Vape<\/strong>.<\/p>\n\n\n\n<h2 class=\"wp-block-heading\"><strong>Azul Vape 24K Nej\u010dast\u011bj\u0161\u00ed dotazy<\/strong><\/h2>\n\n\n\n<p><strong>1. Jak dlouho vydr\u017e\u00ed Azul Vape 24K?<\/strong><br>P\u0159\u00edstroj dok\u00e1\u017ee dodat a\u017e <strong>24 000 obl\u00e1\u010dk\u016f<\/strong>. Skute\u010dn\u00e1 doba trv\u00e1n\u00ed z\u00e1vis\u00ed na individu\u00e1ln\u00ed frekvenci pou\u017e\u00edv\u00e1n\u00ed a d\u00e9lce pufov\u00e1n\u00ed.<\/p>\n\n\n\n<p><strong>2. Doba nab\u00edjen\u00ed?<\/strong><br>Baterie s kapacitou 600 mAh obvykle vy\u017eaduje <strong>35-45 minut<\/strong> pro pln\u00e9 nabit\u00ed p\u0159es Type-C.<\/p>\n\n\n\n<p><strong>3. Jak pozn\u00e1m, \u017ee je za\u0159\u00edzen\u00ed hotov\u00e9?<\/strong><br>Vyblednut\u00ed chuti, sn\u00ed\u017een\u00fd v\u00fdstup p\u00e1ry nebo \u017e\u00e1dn\u00e1 produkce p\u00e1ry nazna\u010duj\u00ed, \u017ee je e-liquid vy\u010derpan\u00fd.<\/p>\n\n\n\n<p><strong>4. Lze Azul Vape plnit?<\/strong><br>Ne. <strong>Azul Vape 24K<\/strong> je uzav\u0159en\u00fd p\u0159\u00edstroj na jedno pou\u017eit\u00ed a nen\u00ed ur\u010den k op\u011btovn\u00e9mu pln\u011bn\u00ed.<\/p>\n\n\n\n<p><strong>5. Vhodn\u00e9 pro za\u010d\u00e1te\u010dn\u00edky?<\/strong><br>Ano. Syst\u00e9m aktivovan\u00fd tahem nevy\u017eaduje \u017e\u00e1dn\u00e1 tla\u010d\u00edtka ani nastaven\u00ed.<\/p>\n\n\n\n<p><strong>6. Informace o p\u0159eprav\u011b<\/strong><br>Objedn\u00e1vky se odes\u00edlaj\u00ed do 24 hodin po potvrzen\u00ed platby.<\/p>\n\n\n\n<ul class=\"wp-block-list\">\n<li><strong>N\u011bmecko:<\/strong> 3-5 pracovn\u00edch dn\u016f<\/li>\n\n\n\n<li><strong>Evropa:<\/strong> 5-7 pracovn\u00edch dn\u016f<\/li>\n\n\n\n<li><strong>Mimo Evropu:<\/strong> Odes\u00edl\u00e1 se z \u010c\u00edny, cca 10-15 pracovn\u00edch dn\u016f<\/li>\n<\/ul>\n\n\n\n<p>Doba dod\u00e1n\u00ed se m\u016f\u017ee li\u0161it v z\u00e1vislosti na celn\u00edch podm\u00ednk\u00e1ch nebo m\u00edstn\u00ed logistice.<\/p>\n\n\n\n<h3 class=\"wp-block-heading\"><strong>Prozkoumejte dal\u0161\u00ed za\u0159\u00edzen\u00ed Azul Vape<\/strong><\/h3>\n\n\n\n<p>Prohl\u00e9dn\u011bte si na\u0161i kompletn\u00ed kolekci <strong><a href=\"https:\/\/vapemaison.com\/brand\/humo-azul\/\" type=\"link\" id=\"https:\/\/vapemaison.com\/brand\/humo-azul\/\">Azul Vape<\/a><\/strong> a dal\u0161\u00edch velkokapacitn\u00edch jednor\u00e1zov\u00fdch za\u0159\u00edzen\u00ed, abyste na\u0161li dokonalou chu\u0165 a v\u00fdkon odpov\u00eddaj\u00edc\u00ed va\u0161im preferenc\u00edm.<\/p>\n\n\n\n<p><\/p>","protected":false},"excerpt":{"rendered":"<p>Vyzkou\u0161ejte s\u00edlu <strong data-start=\"317\" data-end=\"345\">Azul Vape 24K na jedno pou\u017eit\u00ed<\/strong> s v\u00fddr\u017e\u00ed a\u017e 24 000 potah\u016f, pokro\u010dilou technologi\u00ed mesh spir\u00e1lek, dob\u00edjec\u00ed bateri\u00ed 600 mAh a hladk\u00fdm nikotinem 2%. Dlouhotrvaj\u00edc\u00ed v\u00fdkon, bohat\u00e1 chu\u0165 a rychl\u00e9 nab\u00edjen\u00ed Type-C v jednom velkokapacitn\u00edm za\u0159\u00edzen\u00ed.<\/p>","protected":false},"featured_media":26405,"comment_status":"open","ping_status":"closed","template":"","meta":[],"product_brand":[166],"product_cat":[292],"product_tag":[],"class_list":{"0":"post-26402","1":"product","2":"type-product","3":"status-publish","4":"has-post-thumbnail","6":"product_brand-humo-azul","7":"product_cat-24k-puffs","9":"first","10":"instock","11":"sale","12":"shipping-taxable","13":"purchasable","14":"product-type-variable"},"yoast_head":"<!-- This site is optimized with the Yoast SEO plugin v27.4 - https:\/\/yoast.com\/product\/yoast-seo-wordpress\/ -->\n<title>Azul Vape 24K Disposable \u2013 24000 Puffs Rechargeable Vape<\/title>\n<meta name=\"description\" content=\"Azul Vape 24K Disposable \u2013 up to 24,000 puffs, mesh coil, 600mAh battery, Type-C charging, smooth 2% nicotine for long-lasting vaping.\" \/>\n<meta name=\"robots\" content=\"index, follow, max-snippet:-1, max-image-preview:large, max-video-preview:-1\" \/>\n<link rel=\"canonical\" href=\"https:\/\/vapemaison.com\/cs\/produkt\/azul-vape-24k-puff-2-nizky-nikotin-hromadne-koupit-dobijeci-jednorazove-vapes-pero-velkoobchod\/\" \/>\n<meta property=\"og:locale\" content=\"cs_CZ\" \/>\n<meta property=\"og:type\" content=\"article\" \/>\n<meta property=\"og:title\" content=\"Azul Vape 24K Disposable \u2013 24000 Puffs Rechargeable Vape\" \/>\n<meta property=\"og:description\" content=\"Azul Vape 24K Disposable \u2013 up to 24,000 puffs, mesh coil, 600mAh battery, Type-C charging, smooth 2% nicotine for long-lasting vaping.\" \/>\n<meta property=\"og:url\" content=\"https:\/\/vapemaison.com\/cs\/produkt\/azul-vape-24k-puff-2-nizky-nikotin-hromadne-koupit-dobijeci-jednorazove-vapes-pero-velkoobchod\/\" \/>\n<meta property=\"og:site_name\" content=\"VapeMaison\" \/>\n<meta property=\"article:modified_time\" content=\"2026-05-05T03:13:02+00:00\" \/>\n<meta property=\"og:image\" content=\"https:\/\/vapemaison.com\/wp-content\/uploads\/2026\/01\/azul-vape-24000-puffs-vape.webp\" \/>\n\t<meta property=\"og:image:width\" content=\"1444\" \/>\n\t<meta property=\"og:image:height\" content=\"1366\" \/>\n\t<meta property=\"og:image:type\" content=\"image\/webp\" \/>\n<meta name=\"twitter:card\" content=\"summary_large_image\" \/>\n<meta name=\"twitter:label1\" content=\"Odhadovan\u00e1 doba \u010dten\u00ed\" \/>\n\t<meta name=\"twitter:data1\" content=\"3 minuty\" \/>\n<!-- \/ Yoast SEO plugin. -->","yoast_head_json":{"title":"Azul Vape 24K Disposable - 24000 Puffs Rechargeable Vape","description":"Azul Vape 24K Disposable - a\u017e 24 000 potah\u016f, s\u00ed\u0165ov\u00e1 spir\u00e1lka, 600mAh baterie, nab\u00edjen\u00ed Type-C, hladk\u00fd nikotin 2% pro dlouhotrvaj\u00edc\u00ed vaping.","robots":{"index":"index","follow":"follow","max-snippet":"max-snippet:-1","max-image-preview":"max-image-preview:large","max-video-preview":"max-video-preview:-1"},"canonical":"https:\/\/vapemaison.com\/cs\/produkt\/azul-vape-24k-puff-2-nizky-nikotin-hromadne-koupit-dobijeci-jednorazove-vapes-pero-velkoobchod\/","og_locale":"cs_CZ","og_type":"article","og_title":"Azul Vape 24K Disposable \u2013 24000 Puffs Rechargeable Vape","og_description":"Azul Vape 24K Disposable \u2013 up to 24,000 puffs, mesh coil, 600mAh battery, Type-C charging, smooth 2% nicotine for long-lasting vaping.","og_url":"https:\/\/vapemaison.com\/cs\/produkt\/azul-vape-24k-puff-2-nizky-nikotin-hromadne-koupit-dobijeci-jednorazove-vapes-pero-velkoobchod\/","og_site_name":"VapeMaison","article_modified_time":"2026-05-05T03:13:02+00:00","og_image":[{"width":1444,"height":1366,"url":"https:\/\/vapemaison.com\/wp-content\/uploads\/2026\/01\/azul-vape-24000-puffs-vape.webp","type":"image\/webp"}],"twitter_card":"summary_large_image","twitter_misc":{"Odhadovan\u00e1 doba \u010dten\u00ed":"3 minuty"},"schema":{"@context":"https:\/\/schema.org","@graph":[{"@type":"WebPage","@id":"https:\/\/vapemaison.com\/product\/azul-vape-24k-puff-2-low-nicotine-bulk-buy-rechargeable-disposable-vapes-pen-wholesale\/","url":"https:\/\/vapemaison.com\/product\/azul-vape-24k-puff-2-low-nicotine-bulk-buy-rechargeable-disposable-vapes-pen-wholesale\/","name":"Azul Vape 24K Disposable - 24000 Puffs Rechargeable Vape","isPartOf":{"@id":"https:\/\/vapemaison.com\/#website"},"primaryImageOfPage":{"@id":"https:\/\/vapemaison.com\/product\/azul-vape-24k-puff-2-low-nicotine-bulk-buy-rechargeable-disposable-vapes-pen-wholesale\/#primaryimage"},"image":{"@id":"https:\/\/vapemaison.com\/product\/azul-vape-24k-puff-2-low-nicotine-bulk-buy-rechargeable-disposable-vapes-pen-wholesale\/#primaryimage"},"thumbnailUrl":"https:\/\/vapemaison.com\/wp-content\/uploads\/2026\/01\/azul-vape-24000-puffs-vape.webp","datePublished":"2026-01-28T03:39:58+00:00","dateModified":"2026-05-05T03:13:02+00:00","description":"Azul Vape 24K Disposable - a\u017e 24 000 potah\u016f, s\u00ed\u0165ov\u00e1 spir\u00e1lka, 600mAh baterie, nab\u00edjen\u00ed Type-C, hladk\u00fd nikotin 2% pro dlouhotrvaj\u00edc\u00ed vaping.","breadcrumb":{"@id":"https:\/\/vapemaison.com\/product\/azul-vape-24k-puff-2-low-nicotine-bulk-buy-rechargeable-disposable-vapes-pen-wholesale\/#breadcrumb"},"inLanguage":"cs","potentialAction":[{"@type":"ReadAction","target":["https:\/\/vapemaison.com\/product\/azul-vape-24k-puff-2-low-nicotine-bulk-buy-rechargeable-disposable-vapes-pen-wholesale\/"]}]},{"@type":"ImageObject","inLanguage":"cs","@id":"https:\/\/vapemaison.com\/product\/azul-vape-24k-puff-2-low-nicotine-bulk-buy-rechargeable-disposable-vapes-pen-wholesale\/#primaryimage","url":"https:\/\/vapemaison.com\/wp-content\/uploads\/2026\/01\/azul-vape-24000-puffs-vape.webp","contentUrl":"https:\/\/vapemaison.com\/wp-content\/uploads\/2026\/01\/azul-vape-24000-puffs-vape.webp","width":1444,"height":1366,"caption":"Azul Vape Puffs"},{"@type":"BreadcrumbList","@id":"https:\/\/vapemaison.com\/product\/azul-vape-24k-puff-2-low-nicotine-bulk-buy-rechargeable-disposable-vapes-pen-wholesale\/#breadcrumb","itemListElement":[{"@type":"ListItem","position":1,"name":"\u9996\u9875","item":"https:\/\/vapemaison.com\/"},{"@type":"ListItem","position":2,"name":"Shop","item":"https:\/\/vapemaison.com\/shop\/"},{"@type":"ListItem","position":3,"name":"Humo Azul","item":"https:\/\/vapemaison.com\/brand\/humo-azul\/"},{"@type":"ListItem","position":4,"name":"Azul vape 24K Puff 2% Low Nicotine Bulk Buy Rechargeable Disposable Vapes Pen Wholesale"}]},{"@type":"WebSite","@id":"https:\/\/vapemaison.com\/#website","url":"https:\/\/vapemaison.com\/","name":"VapeMaison","description":"Pr\u00e9miov\u00e1 vapingov\u00e1 za\u0159\u00edzen\u00ed a p\u0159\u00edslu\u0161enstv\u00ed","publisher":{"@id":"https:\/\/vapemaison.com\/#organization"},"potentialAction":[{"@type":"SearchAction","target":{"@type":"EntryPoint","urlTemplate":"https:\/\/vapemaison.com\/?s={search_term_string}"},"query-input":{"@type":"PropertyValueSpecification","valueRequired":true,"valueName":"search_term_string"}}],"inLanguage":"cs"},{"@type":"Organization","@id":"https:\/\/vapemaison.com\/#organization","name":"VapeMaison","url":"https:\/\/vapemaison.com\/","logo":{"@type":"ImageObject","inLanguage":"cs","@id":"https:\/\/vapemaison.com\/#\/schema\/logo\/image\/","url":"https:\/\/vapemaison.com\/wp-content\/uploads\/2026\/01\/cropped-vapemaison-logo-g-2026.webp","contentUrl":"https:\/\/vapemaison.com\/wp-content\/uploads\/2026\/01\/cropped-vapemaison-logo-g-2026.webp","width":350,"height":280,"caption":"VapeMaison"},"image":{"@id":"https:\/\/vapemaison.com\/#\/schema\/logo\/image\/"},"sameAs":["https:\/\/www.youtube.com\/@VapeMaison"]}]}},"tiered_pricing_type":"fixed","tiered_pricing_fixed_rules":{"30":"8.48","50":"7.99","100":"7.34","200":"6.78"},"tiered_pricing_product_settings":{"layout":"default","base_unit_name":{"singular":null,"plural":null},"default_variation":null},"tiered_pricing_minimum_quantity":10,"tiered_pricing_roles_data":[],"tiered_pricing_percentage_rules":[],"tiered_pricing_maximum_quantity":null,"tiered_pricing_quantity_step":"10","_links":{"self":[{"href":"https:\/\/vapemaison.com\/cs\/wp-json\/wp\/v2\/product\/26402","targetHints":{"allow":["GET"]}}],"collection":[{"href":"https:\/\/vapemaison.com\/cs\/wp-json\/wp\/v2\/product"}],"about":[{"href":"https:\/\/vapemaison.com\/cs\/wp-json\/wp\/v2\/types\/product"}],"replies":[{"embeddable":true,"href":"https:\/\/vapemaison.com\/cs\/wp-json\/wp\/v2\/comments?post=26402"}],"version-history":[{"count":6,"href":"https:\/\/vapemaison.com\/cs\/wp-json\/wp\/v2\/product\/26402\/revisions"}],"predecessor-version":[{"id":29403,"href":"https:\/\/vapemaison.com\/cs\/wp-json\/wp\/v2\/product\/26402\/revisions\/29403"}],"wp:featuredmedia":[{"embeddable":true,"href":"https:\/\/vapemaison.com\/cs\/wp-json\/wp\/v2\/media\/26405"}],"wp:attachment":[{"href":"https:\/\/vapemaison.com\/cs\/wp-json\/wp\/v2\/media?parent=26402"}],"wp:term":[{"taxonomy":"product_brand","embeddable":true,"href":"https:\/\/vapemaison.com\/cs\/wp-json\/wp\/v2\/product_brand?post=26402"},{"taxonomy":"product_cat","embeddable":true,"href":"https:\/\/vapemaison.com\/cs\/wp-json\/wp\/v2\/product_cat?post=26402"},{"taxonomy":"product_tag","embeddable":true,"href":"https:\/\/vapemaison.com\/cs\/wp-json\/wp\/v2\/product_tag?post=26402"}],"curies":[{"name":"wp","href":"https:\/\/api.w.org\/{rel}","templated":true}]}}