

{"id":26566,"date":"2026-01-31T05:50:19","date_gmt":"2026-01-31T05:50:19","guid":{"rendered":"https:\/\/vapemaison.com\/?post_type=product&#038;p=26566"},"modified":"2026-04-14T07:28:24","modified_gmt":"2026-04-14T07:28:24","slug":"elf-bar-18000-kiwi-ananasovy-led","status":"publish","type":"product","link":"https:\/\/vapemaison.com\/cs\/product\/elf-bar-18000-kiwi-pineapple-ice\/","title":{"rendered":"ELF BAR 18000 Kiwi ananasov\u00fd led"},"content":{"rendered":"<p>Na str\u00e1nk\u00e1ch <strong>elf bar 18000<\/strong> je vytvo\u0159en pro u\u017eivatele, kte\u0159\u00ed o\u010dek\u00e1vaj\u00ed <strong>siln\u00e1 chu\u0165, stabiln\u00ed v\u00fdkon a dlouh\u00e1 \u017eivotnost<\/strong> v kompaktn\u00edm za\u0159\u00edzen\u00ed. Poskytuje hladk\u00e9 potahov\u00e1n\u00ed, konzistentn\u00ed produkci p\u00e1ry a modern\u00ed design, kter\u00fd je v ruce prvot\u0159\u00eddn\u00ed. Pokud chcete pohodl\u00ed, ani\u017e byste museli ob\u011btovat kvalitu, toto za\u0159\u00edzen\u00ed tuto roli dokonale spl\u0148uje.<\/p>\n\n\n\n<h3 class=\"wp-block-heading\"><strong>Kompaktn\u00ed, pr\u00e9miov\u00fd design<\/strong><\/h3>\n\n\n\n<p>Model FS18000 je vybaven <strong>elegantn\u00ed ergonomick\u00e9 t\u011blo (47 \u00d7 24 \u00d7 101 mm)<\/strong> kter\u00fd se pohodln\u011b dr\u017e\u00ed v ruce a snadno se vejde do kapsy nebo ta\u0161ky. Minimalistick\u00fd vn\u011bj\u0161\u00ed vzhled j\u00ed dod\u00e1v\u00e1 \u010dist\u00fd, modern\u00ed vzhled, zat\u00edmco solidn\u00ed kvalita proveden\u00ed p\u016fsob\u00ed spolehliv\u00fdm a \u0161pi\u010dkov\u00fdm dojmem.<\/p>\n\n\n\n<h3 class=\"wp-block-heading\"><strong>P\u0159ipraveno k pou\u017eit\u00ed - bez starost\u00ed<\/strong><\/h3>\n\n\n\n<p>Za\u0159\u00edzen\u00ed je navr\u017eeno tak, aby fungovalo jednodu\u0161e. <strong>rovnou po vybalen\u00ed z krabice<\/strong>.<\/p>\n\n\n\n<ul class=\"wp-block-list\">\n<li>\u017d\u00e1dn\u00e9 dopl\u0148ov\u00e1n\u00ed<\/li>\n\n\n\n<li>\u017d\u00e1dn\u00e9 zm\u011bny c\u00edvek<\/li>\n\n\n\n<li>\u017d\u00e1dn\u00e1 \u00fadr\u017eba<\/li>\n<\/ul>\n\n\n\n<p>Na str\u00e1nk\u00e1ch <strong>syst\u00e9m aktivovan\u00fd tahem<\/strong> poka\u017ed\u00e9 poskytuje p\u0159irozen\u00fd a snadn\u00fd n\u00e1dech. A <strong>bo\u010dn\u00ed chytr\u00fd displej<\/strong> ukazuje oba <strong>\u00farove\u0148 nabit\u00ed baterie<\/strong> a <strong>hladina e-kapaliny<\/strong>, abyste v\u017edy v\u011bd\u011bli, kdy je t\u0159eba baterii dob\u00edt nebo vym\u011bnit.<\/p>\n\n\n\n<h3 class=\"wp-block-heading\"><strong>Siln\u00e1 chu\u0165 a stabiln\u00ed v\u00fdkon<\/strong><\/h3>\n\n\n\n<p>J\u00e1drem za\u0159\u00edzen\u00ed FS18000 je <strong>syst\u00e9m trojit\u00e9 s\u00ed\u0165ov\u00e9 c\u00edvky<\/strong> kter\u00e1 zaji\u0161\u0165uje:<\/p>\n\n\n\n<ul class=\"wp-block-list\">\n<li>Bohat\u00e1, pln\u00e1 chu\u0165<\/li>\n\n\n\n<li>Rovnom\u011brn\u00e9 vyt\u00e1p\u011bn\u00ed<\/li>\n\n\n\n<li>Plynul\u00e1 produkce p\u00e1ry<\/li>\n<\/ul>\n\n\n\n<p>S <strong>22 ml e-liquidu<\/strong> a <strong>Dob\u00edjec\u00ed baterie s kapacitou 850 mAh<\/strong>, za\u0159\u00edzen\u00ed poskytuje <strong>a\u017e 18 000 vdech\u016f<\/strong>. V\u00fdkon z\u016fst\u00e1v\u00e1 konzistentn\u00ed od prvn\u00edho do posledn\u00edho \u0161luku, bez sp\u00e1len\u00e9 chuti nebo poklesu chuti.<\/p>\n\n\n\n<h3 class=\"wp-block-heading\"><strong>Pro\u010d si vybrat bar elf 18000<\/strong><\/h3>\n\n\n\n<p>\u2714 Siln\u00fd a stabiln\u00ed v\u00fdstup chuti<br>\u2714 Dlouhotrvaj\u00edc\u00ed kapacita nad\u00fdch\u00e1n\u00ed<br>\u2714 Dob\u00edjec\u00ed pro pln\u00e9 pou\u017eit\u00ed e-liquidu<br>\u2714 Inteligentn\u00ed baterie a tekut\u00fd displej<br>\u2714 Kompaktn\u00ed, cestovn\u00ed design<br>\u2714 Hladk\u00e9 \u010derp\u00e1n\u00ed bez \u00fadr\u017eby<\/p>\n\n\n\n<p>Kombinuje snadnost jednor\u00e1zov\u00e9ho pou\u017eit\u00ed s v\u00fdkonem syst\u00e9mu pod.<\/p>\n\n\n\n<h3 class=\"wp-block-heading\"><strong>Obchod s barem elf 18000<\/strong><\/h3>\n\n\n\n<p>Vyberte si preferovanou p\u0159\u00edchu\u0165 a vyzkou\u0161ejte za\u0159\u00edzen\u00ed, kter\u00e9 nab\u00edz\u00ed <strong>\u010dist\u00fd v\u00fdkon, spolehliv\u00fd v\u00fdstup a snadn\u00e9 pou\u017e\u00edv\u00e1n\u00ed<\/strong>. Dod\u00e1v\u00e1me <strong>autentick\u00e9 v\u00fdrobky<\/strong>, rychl\u00e9 zpracov\u00e1n\u00ed objedn\u00e1vek a spolehliv\u00e1 podpora, kter\u00e1 poka\u017ed\u00e9 zajist\u00ed bezprobl\u00e9mov\u00fd n\u00e1kup.<\/p>\n\n\n\n<p>Vychutnejte si trvalou spokojenost s ka\u017ed\u00fdm pot\u00e1hnut\u00edm.<\/p>\n\n\n\n<p>Prozkoumejte dal\u0161\u00ed produkty z na\u0161\u00ed kolekce a najd\u011bte si ide\u00e1ln\u00ed vape pro sv\u00e9 pot\u0159eby. Prohl\u00e9dn\u011bte si celou na\u0161i nab\u00eddku na <strong><a href=\"https:\/\/vapemaison.com\/\" type=\"link\" id=\"https:\/\/vapemaison.com\/\">Domovsk\u00e1 str\u00e1nka<\/a><\/strong>, objevte podobn\u00e1 vysoce v\u00fdkonn\u00e1 za\u0159\u00edzen\u00ed na str\u00e1nk\u00e1ch <strong><a href=\"https:\/\/vapemaison.com\/shop\/\" type=\"link\" id=\"https:\/\/vapemaison.com\/shop\/\">Jednor\u00e1zov\u00fd obchod Vape<\/a><\/strong>, nebo se dozv\u011bd\u011bt v\u00edce o d\u016fv\u011bryhodn\u00e9 kvalit\u011b <strong><a href=\"https:\/\/vapemaison.com\/brand\/elfbar\/\" type=\"link\" id=\"https:\/\/vapemaison.com\/brand\/elfbar\/\">Zna\u010dka Elfbar<\/a><\/strong>.<\/p>\n\n\n\n<p>Pokud porovn\u00e1v\u00e1te r\u016fzn\u00e9 \u00farovn\u011b vyu\u017eit\u00ed, pod\u00edvejte se na na\u0161e <strong><a href=\"https:\/\/vapemaison.com\/product-category\/puffs-count\/18k-puffs\/\" type=\"link\" id=\"https:\/\/vapemaison.com\/product-category\/puffs-count\/30k-puffs\/\">18K Puffs<\/a><\/strong> a naj\u00edt za\u0159\u00edzen\u00ed, kter\u00e1 odpov\u00eddaj\u00ed va\u0161\u00ed preferovan\u00e9 kapacit\u011b - od kompaktn\u00edch variant a\u017e po modely s velmi vysokou kapacitou.<\/p>","protected":false},"excerpt":{"rendered":"<p>The elf bar 18000 is built for users who expect strong flavor, stable output, and long-lasting performance in a compact device. It delivers a smooth draw, consistent vapor production, and a modern design that feels premium in hand. If you want convenience without sacrificing quality, this device fits the role perfectly. Compact, Premium Design The [&hellip;]<\/p>\n","protected":false},"featured_media":13955,"comment_status":"open","ping_status":"closed","template":"","meta":[],"product_brand":[177],"product_cat":[175],"product_tag":[],"class_list":{"0":"post-26566","1":"product","2":"type-product","3":"status-publish","4":"has-post-thumbnail","6":"product_brand-elfbar","7":"product_cat-18k-puffs","9":"first","10":"instock","11":"sale","12":"shipping-taxable","13":"purchasable","14":"product-type-variable"},"yoast_head":"<!-- This site is optimized with the Yoast SEO plugin v27.4 - https:\/\/yoast.com\/product\/yoast-seo-wordpress\/ -->\n<title>Elf bar 18000 Disposable Vape \u2013 Smooth Draw<\/title>\n<meta name=\"description\" content=\"Experience the elf bar 18000k th rich flavor, up to 18k puff, and a sleek, portable design. Enjoy smooth, consistent performance with zero maintenance.\" \/>\n<meta name=\"robots\" content=\"index, follow, max-snippet:-1, max-image-preview:large, max-video-preview:-1\" \/>\n<link rel=\"canonical\" href=\"https:\/\/vapemaison.com\/cs\/produkt\/elf-bar-18000-kiwi-ananasovy-led\/\" \/>\n<meta property=\"og:locale\" content=\"cs_CZ\" \/>\n<meta property=\"og:type\" content=\"article\" \/>\n<meta property=\"og:title\" content=\"Elf bar 18000 Disposable Vape \u2013 Smooth Draw\" \/>\n<meta property=\"og:description\" content=\"Experience the elf bar 18000k th rich flavor, up to 18k puff, and a sleek, portable design. Enjoy smooth, consistent performance with zero maintenance.\" \/>\n<meta property=\"og:url\" content=\"https:\/\/vapemaison.com\/cs\/produkt\/elf-bar-18000-kiwi-ananasovy-led\/\" \/>\n<meta property=\"og:site_name\" content=\"VapeMaison\" \/>\n<meta property=\"article:modified_time\" content=\"2026-04-14T07:28:24+00:00\" \/>\n<meta property=\"og:image\" content=\"https:\/\/vapemaison.com\/wp-content\/uploads\/2025\/11\/elf-bar-fs18000-kiwi-pineapple-ice-disposable-pod-vape-50mg.webp\" \/>\n\t<meta property=\"og:image:width\" content=\"536\" \/>\n\t<meta property=\"og:image:height\" content=\"536\" \/>\n\t<meta property=\"og:image:type\" content=\"image\/webp\" \/>\n<meta name=\"twitter:card\" content=\"summary_large_image\" \/>\n<meta name=\"twitter:label1\" content=\"Odhadovan\u00e1 doba \u010dten\u00ed\" \/>\n\t<meta name=\"twitter:data1\" content=\"2 minuty\" \/>\n<!-- \/ Yoast SEO plugin. -->","yoast_head_json":{"title":"Elf bar 18000 Vape na jedno pou\u017eit\u00ed - hladk\u00e9 tah\u00e1n\u00ed","description":"Vyzkou\u0161ejte elf bar 18000k th bohatou chu\u0165, a\u017e 18k pufov\u00e1n\u00ed a elegantn\u00ed, p\u0159enosn\u00fd design. Vychutnejte si plynul\u00fd, konzistentn\u00ed v\u00fdkon s nulovou \u00fadr\u017ebou.","robots":{"index":"index","follow":"follow","max-snippet":"max-snippet:-1","max-image-preview":"max-image-preview:large","max-video-preview":"max-video-preview:-1"},"canonical":"https:\/\/vapemaison.com\/cs\/produkt\/elf-bar-18000-kiwi-ananasovy-led\/","og_locale":"cs_CZ","og_type":"article","og_title":"Elf bar 18000 Disposable Vape \u2013 Smooth Draw","og_description":"Experience the elf bar 18000k th rich flavor, up to 18k puff, and a sleek, portable design. Enjoy smooth, consistent performance with zero maintenance.","og_url":"https:\/\/vapemaison.com\/cs\/produkt\/elf-bar-18000-kiwi-ananasovy-led\/","og_site_name":"VapeMaison","article_modified_time":"2026-04-14T07:28:24+00:00","og_image":[{"width":536,"height":536,"url":"https:\/\/vapemaison.com\/wp-content\/uploads\/2025\/11\/elf-bar-fs18000-kiwi-pineapple-ice-disposable-pod-vape-50mg.webp","type":"image\/webp"}],"twitter_card":"summary_large_image","twitter_misc":{"Odhadovan\u00e1 doba \u010dten\u00ed":"2 minuty"},"schema":{"@context":"https:\/\/schema.org","@graph":[{"@type":"WebPage","@id":"https:\/\/vapemaison.com\/product\/elf-bar-18000-kiwi-pineapple-ice\/","url":"https:\/\/vapemaison.com\/product\/elf-bar-18000-kiwi-pineapple-ice\/","name":"Elf bar 18000 Vape na jedno pou\u017eit\u00ed - hladk\u00e9 tah\u00e1n\u00ed","isPartOf":{"@id":"https:\/\/vapemaison.com\/#website"},"primaryImageOfPage":{"@id":"https:\/\/vapemaison.com\/product\/elf-bar-18000-kiwi-pineapple-ice\/#primaryimage"},"image":{"@id":"https:\/\/vapemaison.com\/product\/elf-bar-18000-kiwi-pineapple-ice\/#primaryimage"},"thumbnailUrl":"https:\/\/vapemaison.com\/wp-content\/uploads\/2025\/11\/elf-bar-fs18000-kiwi-pineapple-ice-disposable-pod-vape-50mg.webp","datePublished":"2026-01-31T05:50:19+00:00","dateModified":"2026-04-14T07:28:24+00:00","description":"Vyzkou\u0161ejte elf bar 18000k th bohatou chu\u0165, a\u017e 18k pufov\u00e1n\u00ed a elegantn\u00ed, p\u0159enosn\u00fd design. Vychutnejte si plynul\u00fd, konzistentn\u00ed v\u00fdkon s nulovou \u00fadr\u017ebou.","breadcrumb":{"@id":"https:\/\/vapemaison.com\/product\/elf-bar-18000-kiwi-pineapple-ice\/#breadcrumb"},"inLanguage":"cs","potentialAction":[{"@type":"ReadAction","target":["https:\/\/vapemaison.com\/product\/elf-bar-18000-kiwi-pineapple-ice\/"]}]},{"@type":"ImageObject","inLanguage":"cs","@id":"https:\/\/vapemaison.com\/product\/elf-bar-18000-kiwi-pineapple-ice\/#primaryimage","url":"https:\/\/vapemaison.com\/wp-content\/uploads\/2025\/11\/elf-bar-fs18000-kiwi-pineapple-ice-disposable-pod-vape-50mg.webp","contentUrl":"https:\/\/vapemaison.com\/wp-content\/uploads\/2025\/11\/elf-bar-fs18000-kiwi-pineapple-ice-disposable-pod-vape-50mg.webp","width":536,"height":536,"caption":"Elf Bar Fs Kiwi Pineapple Ice Disposable Vape Pod 50mg"},{"@type":"BreadcrumbList","@id":"https:\/\/vapemaison.com\/product\/elf-bar-18000-kiwi-pineapple-ice\/#breadcrumb","itemListElement":[{"@type":"ListItem","position":1,"name":"\u9996\u9875","item":"https:\/\/vapemaison.com\/"},{"@type":"ListItem","position":2,"name":"Shop","item":"https:\/\/vapemaison.com\/shop\/"},{"@type":"ListItem","position":3,"name":"Elfbar","item":"https:\/\/vapemaison.com\/brand\/elfbar\/"},{"@type":"ListItem","position":4,"name":"ELF BAR 18000 Kiwi Pineapple Ice"}]},{"@type":"WebSite","@id":"https:\/\/vapemaison.com\/#website","url":"https:\/\/vapemaison.com\/","name":"VapeMaison","description":"Pr\u00e9miov\u00e1 vapingov\u00e1 za\u0159\u00edzen\u00ed a p\u0159\u00edslu\u0161enstv\u00ed","publisher":{"@id":"https:\/\/vapemaison.com\/#organization"},"potentialAction":[{"@type":"SearchAction","target":{"@type":"EntryPoint","urlTemplate":"https:\/\/vapemaison.com\/?s={search_term_string}"},"query-input":{"@type":"PropertyValueSpecification","valueRequired":true,"valueName":"search_term_string"}}],"inLanguage":"cs"},{"@type":"Organization","@id":"https:\/\/vapemaison.com\/#organization","name":"VapeMaison","url":"https:\/\/vapemaison.com\/","logo":{"@type":"ImageObject","inLanguage":"cs","@id":"https:\/\/vapemaison.com\/#\/schema\/logo\/image\/","url":"https:\/\/vapemaison.com\/wp-content\/uploads\/2026\/01\/cropped-vapemaison-logo-g-2026.webp","contentUrl":"https:\/\/vapemaison.com\/wp-content\/uploads\/2026\/01\/cropped-vapemaison-logo-g-2026.webp","width":350,"height":280,"caption":"VapeMaison"},"image":{"@id":"https:\/\/vapemaison.com\/#\/schema\/logo\/image\/"},"sameAs":["https:\/\/www.youtube.com\/@VapeMaison"]}]}},"tiered_pricing_type":"fixed","tiered_pricing_fixed_rules":{"30":"15.42","50":"14.12","100":"12.78","200":"11.98"},"tiered_pricing_product_settings":{"layout":"default","base_unit_name":{"singular":null,"plural":null},"default_variation":null},"tiered_pricing_minimum_quantity":10,"tiered_pricing_roles_data":[],"tiered_pricing_percentage_rules":[],"tiered_pricing_maximum_quantity":null,"tiered_pricing_quantity_step":"10","_links":{"self":[{"href":"https:\/\/vapemaison.com\/cs\/wp-json\/wp\/v2\/product\/26566","targetHints":{"allow":["GET"]}}],"collection":[{"href":"https:\/\/vapemaison.com\/cs\/wp-json\/wp\/v2\/product"}],"about":[{"href":"https:\/\/vapemaison.com\/cs\/wp-json\/wp\/v2\/types\/product"}],"replies":[{"embeddable":true,"href":"https:\/\/vapemaison.com\/cs\/wp-json\/wp\/v2\/comments?post=26566"}],"version-history":[{"count":2,"href":"https:\/\/vapemaison.com\/cs\/wp-json\/wp\/v2\/product\/26566\/revisions"}],"predecessor-version":[{"id":29395,"href":"https:\/\/vapemaison.com\/cs\/wp-json\/wp\/v2\/product\/26566\/revisions\/29395"}],"wp:featuredmedia":[{"embeddable":true,"href":"https:\/\/vapemaison.com\/cs\/wp-json\/wp\/v2\/media\/13955"}],"wp:attachment":[{"href":"https:\/\/vapemaison.com\/cs\/wp-json\/wp\/v2\/media?parent=26566"}],"wp:term":[{"taxonomy":"product_brand","embeddable":true,"href":"https:\/\/vapemaison.com\/cs\/wp-json\/wp\/v2\/product_brand?post=26566"},{"taxonomy":"product_cat","embeddable":true,"href":"https:\/\/vapemaison.com\/cs\/wp-json\/wp\/v2\/product_cat?post=26566"},{"taxonomy":"product_tag","embeddable":true,"href":"https:\/\/vapemaison.com\/cs\/wp-json\/wp\/v2\/product_tag?post=26566"}],"curies":[{"name":"wp","href":"https:\/\/api.w.org\/{rel}","templated":true}]}}