

{"id":26604,"date":"2026-01-31T07:30:36","date_gmt":"2026-01-31T07:30:36","guid":{"rendered":"https:\/\/vapemaison.com\/?post_type=product&#038;p=26604"},"modified":"2026-03-24T07:43:39","modified_gmt":"2026-03-24T07:43:39","slug":"solaris-tequila-don-leon-1942-30000-puffs-jednorazovy-vape","status":"publish","type":"product","link":"https:\/\/vapemaison.com\/cs\/product\/solaris-tequila-don-leon-1942-30000-puffs-disposable-vape\/","title":{"rendered":"Solaris Tequila Don Leon 1942 - 30000 Puffs Vape na jedno pou\u017eit\u00ed"},"content":{"rendered":"<p>Na str\u00e1nk\u00e1ch <strong>Solaris Tequila Don Leon 1942<\/strong> jednor\u00e1zov\u00e1 vape vynik\u00e1 designem inspirovan\u00fdm ikonickou lahv\u00ed tequily z roku 1942. Spojuje v\u00fdrazn\u00fd vzhled v luxusn\u00edm stylu s praktick\u00fdm v\u00fdkonem, kter\u00fd u\u017eivatel\u00e9 o\u010dek\u00e1vaj\u00ed od velkokapacitn\u00edho za\u0159\u00edzen\u00ed. V\u00fdsledkem je vape, kter\u00fd vypad\u00e1 jedine\u010dn\u011b a z\u00e1rove\u0148 je spolehliv\u00fd pro ka\u017edodenn\u00ed pou\u017eit\u00ed.<\/p>\n\n\n\n<p>Vestav\u011bn\u00fd <strong>displej baterie<\/strong> zvy\u0161uje pohodl\u00ed, proto\u017ee umo\u017e\u0148uje na prvn\u00ed pohled zkontrolovat \u00farove\u0148 nap\u00e1jen\u00ed a vyhnout se neo\u010dek\u00e1van\u00fdm v\u00fdpadk\u016fm.<\/p>\n\n\n\n<h3 class=\"wp-block-heading\"><strong>Navr\u017eeno pro dlouhodob\u00e9 pou\u017e\u00edv\u00e1n\u00ed<\/strong><\/h3>\n\n\n\n<p>Toto za\u0159\u00edzen\u00ed je ur\u010deno pro u\u017eivatele, kte\u0159\u00ed d\u00e1vaj\u00ed p\u0159ednost men\u0161\u00edmu po\u010dtu v\u00fdm\u011bn a del\u0161\u00ed dob\u011b pou\u017e\u00edv\u00e1n\u00ed.<\/p>\n\n\n\n<ul class=\"wp-block-list\">\n<li><strong>A\u017e 30 000 vdech\u016f<\/strong><\/li>\n\n\n\n<li><strong>Kapacita 24 ml e-liquidu<\/strong><\/li>\n<\/ul>\n\n\n\n<p>Velk\u00fd objem e-liquidu a efektivn\u00ed vnit\u0159n\u00ed struktura pom\u00e1haj\u00ed udr\u017eet stabiln\u00ed v\u00fdkon po del\u0161\u00ed dobu, tak\u017ee je vhodn\u00fd pro pravideln\u00e9 u\u017eivatele.<\/p>\n\n\n\n<h3 class=\"wp-block-heading\"><strong>Hladk\u00e1 a konzistentn\u00ed chu\u0165<\/strong><\/h3>\n\n\n\n<p>Vybaveno <strong>C\u00edvka s oky 1,2\u03a9<\/strong>, Solaris 1942 se zam\u011b\u0159uje na stabiln\u00ed produkci p\u00e1ry a jasn\u00e9 pod\u00e1n\u00ed chuti. Technologie Mesh coil pom\u00e1h\u00e1 rovnom\u011brn\u011b zah\u0159\u00edvat e-liquid a podporuje:<\/p>\n\n\n\n<ul class=\"wp-block-list\">\n<li>Hlad\u0161\u00ed tahy<\/li>\n\n\n\n<li>V\u00edce definovan\u00e1 chu\u0165<\/li>\n\n\n\n<li>Spolehliv\u00fd v\u00fdkon po celou dobu pou\u017e\u00edv\u00e1n\u00ed<\/li>\n<\/ul>\n\n\n\n<h3 class=\"wp-block-heading\"><strong>Dob\u00edjec\u00ed pro pln\u00e9 vyu\u017eit\u00ed<\/strong><\/h3>\n\n\n\n<p>Za\u0159\u00edzen\u00ed obsahuje <strong>Nab\u00edjec\u00ed baterie s kapacitou 650 mAh<\/strong> s <strong>Nab\u00edjen\u00ed typu C<\/strong>, co\u017e v\u00e1m umo\u017en\u00ed dob\u00edjet v p\u0159\u00edpad\u011b pot\u0159eby, m\u00edsto abyste za\u0159\u00edzen\u00ed p\u0159ed\u010dasn\u011b vy\u0159adili. To pom\u00e1h\u00e1 zajistit efektivn\u00ed vyu\u017eit\u00ed e-liquidu a z\u00e1rove\u0148 zachovat jednoduchost ka\u017edodenn\u00edho provozu.<\/p>\n\n\n\n<p><strong>S\u00edla nikotinu:<\/strong> 2%<br>Poskytuje vyv\u00e1\u017een\u00fd z\u00e1tah do krku pro u\u017eivatele, kte\u0159\u00ed d\u00e1vaj\u00ed p\u0159ednost m\u00edrn\u00e9 hladin\u011b nikotinu.<\/p>\n\n\n\n<h3 class=\"wp-block-heading\"><strong>Kl\u00ed\u010dov\u00e9 vlastnosti<\/strong><\/h3>\n\n\n\n<figure class=\"wp-block-table is-style-stripes\"><table class=\"has-fixed-layout\"><thead><tr><th><strong>Specifikace<\/strong><\/th><th><strong>Podrobnosti na<\/strong><\/th><\/tr><\/thead><tbody><tr><td><strong>N\u00e1zev produktu<\/strong><\/td><td>Solaris Tequila Don Leon 1942 Vape na jedno pou\u017eit\u00ed<\/td><\/tr><tr><td><strong>Kapacita nad\u00fdchan\u00e9ho vzduchu<\/strong><\/td><td>A\u017e do <a href=\"https:\/\/vapemaison.com\/product-category\/puffs-count\/30k-puffs\/\">30000 obl\u00e1\u010dk\u016f<\/a><\/td><\/tr><tr><td><strong>S\u00edla nikotinu<\/strong><\/td><td>2%<\/td><\/tr><tr><td><strong>Kapacita e-kapaliny<\/strong><\/td><td>24 ml<\/td><\/tr><tr><td><strong>Typ c\u00edvky<\/strong><\/td><td>1,2\u03a9 Mesh Coil<\/td><\/tr><tr><td><strong>Kapacita baterie<\/strong><\/td><td>Nab\u00edjec\u00ed kapacita 650 mAh<\/td><\/tr><tr><td><strong>Nab\u00edjec\u00ed port<\/strong><\/td><td>Typ C<\/td><\/tr><tr><td><strong>Zobrazit<\/strong><\/td><td>Zobrazen\u00ed \u00farovn\u011b nabit\u00ed baterie<\/td><\/tr><tr><td><strong>Styl designu<\/strong><\/td><td>1942 Design inspirovan\u00fd lahv\u00ed tequily<\/td><\/tr><tr><td><strong>Typ pou\u017eit\u00ed<\/strong><\/td><td>Jednor\u00e1zov\u00e9 (dob\u00edjec\u00ed)<\/td><\/tr><tr><td><strong>Balen\u00ed<\/strong><\/td><td>10 kus\u016f v krabici<\/td><\/tr><\/tbody><\/table><\/figure>\n\n\n\n<h3 class=\"wp-block-heading\"><strong>Dostupn\u00e9 p\u0159\u00edchut\u011b<\/strong><\/h3>\n\n\n\n<ul class=\"wp-block-list\">\n<li>Melounov\u00fd led<\/li>\n\n\n\n<li>Jahodov\u00e9 kiwi<\/li>\n\n\n\n<li>\u0160\u0165avnat\u00e1 broskev<\/li>\n\n\n\n<li>Jahodov\u00fd meloun<\/li>\n\n\n\n<li>\u010cerven\u00e9 broskvov\u00e9 \u0161ampa\u0148sk\u00e9<\/li>\n\n\n\n<li>Blue Razz<\/li>\n\n\n\n<li>Bor\u016fvkov\u00fd led<\/li>\n\n\n\n<li>Sm\u00ed\u0161en\u00e9 bobule<\/li>\n\n\n\n<li>Ovocn\u00e1 mu\u010denka Mango<\/li>\n\n\n\n<li>T\u0159e\u0161\u0148ov\u00e9 dra\u010d\u00ed ovoce<\/li>\n<\/ul>\n\n\n\n<p>Ka\u017ed\u00e1 p\u0159\u00edchu\u0165 je vytvo\u0159ena tak, aby poskytovala jasn\u00fd a p\u0159\u00edjemn\u00fd chu\u0165ov\u00fd profil a umo\u017enila u\u017eivatel\u016fm vybrat si podle toho, zda d\u00e1vaj\u00ed p\u0159ednost ovoci, ledu nebo sm\u011bsi.<\/p>\n\n\n\n<h3 class=\"wp-block-heading\"><strong>Komu toto za\u0159\u00edzen\u00ed vyhovuje<\/strong><\/h3>\n\n\n\n<p>Solaris Tequila Don Leon 1942 je vhodn\u00e1 pro u\u017eivatele, kte\u0159\u00ed cht\u011bj\u00ed:<\/p>\n\n\n\n<ul class=\"wp-block-list\">\n<li>Vizu\u00e1ln\u011b v\u00fdrazn\u00e9 za\u0159\u00edzen\u00ed<\/li>\n\n\n\n<li>Vysok\u00e1 kapacita nad\u00fdch\u00e1n\u00ed<\/li>\n\n\n\n<li>Pohodl\u00ed p\u0159i dob\u00edjen\u00ed<\/li>\n\n\n\n<li>Stabiln\u00ed ka\u017edodenn\u00ed v\u00fdkon<\/li>\n<\/ul>\n\n\n\n<p>Dob\u0159e se hod\u00ed i pro maloobchodn\u00edky a velkoobchodn\u00edky, kte\u0159\u00ed hledaj\u00ed produkt, kter\u00fd kombinuje silnou atraktivitu na pultech s praktick\u00fdmi specifikacemi.<\/p>\n\n\n\n<p>Zobrazit podobn\u00e9 produkty, <a href=\"https:\/\/vapemaison.com\/product\/solaris-champagne-30k-puffs-rechargeable-disposable-vape\/\">\u0160ampa\u0148sk\u00e9 30k<\/a><\/p>\n\n\n\n<p><\/p>","protected":false},"excerpt":{"rendered":"<p>Je konstruov\u00e1n pro dlouhodob\u00e9 pou\u017e\u00edv\u00e1n\u00ed s vysokou kapacitou v\u00fdfuku, co\u017e v\u00e1m umo\u017en\u00ed v\u00edce sezen\u00ed p\u0159ed nutnost\u00ed v\u00fdm\u011bny. Hladk\u00e1 s\u00ed\u0165ovan\u00e1 spir\u00e1lka a v\u00fdrazn\u00fd design jsou praktick\u00e9 i poutav\u00e9.<\/p>","protected":false},"featured_media":26610,"comment_status":"open","ping_status":"closed","template":"","meta":[],"product_brand":[],"product_cat":[16],"product_tag":[],"class_list":{"0":"post-26604","1":"product","2":"type-product","3":"status-publish","4":"has-post-thumbnail","6":"product_cat-uncategorized","8":"first","9":"instock","10":"sale","11":"shipping-taxable","12":"purchasable","13":"product-type-variable"},"yoast_head":"<!-- This site is optimized with the Yoast SEO plugin v27.4 - https:\/\/yoast.com\/product\/yoast-seo-wordpress\/ -->\n<title>Solaris Tequila Don Leon 1942 30K Disposable Vape \u2013 30000 Puff<\/title>\n<meta name=\"description\" content=\"Solaris Tequila Don Leon 1942 disposable vape with up to 30,000 puffs, 24mL e-liquid, mesh coil, rechargeable battery, and unique bottle design.\" \/>\n<meta name=\"robots\" content=\"index, follow, max-snippet:-1, max-image-preview:large, max-video-preview:-1\" \/>\n<link rel=\"canonical\" href=\"https:\/\/vapemaison.com\/cs\/produkt\/solaris-tequila-don-leon-1942-30000-puffs-jednorazovy-vape\/\" \/>\n<meta property=\"og:locale\" content=\"cs_CZ\" \/>\n<meta property=\"og:type\" content=\"article\" \/>\n<meta property=\"og:title\" content=\"Solaris Tequila Don Leon 1942 30K Disposable Vape \u2013 30000 Puff\" \/>\n<meta property=\"og:description\" content=\"Solaris Tequila Don Leon 1942 disposable vape with up to 30,000 puffs, 24mL e-liquid, mesh coil, rechargeable battery, and unique bottle design.\" \/>\n<meta property=\"og:url\" content=\"https:\/\/vapemaison.com\/cs\/produkt\/solaris-tequila-don-leon-1942-30000-puffs-jednorazovy-vape\/\" \/>\n<meta property=\"og:site_name\" content=\"VapeMaison\" \/>\n<meta property=\"article:modified_time\" content=\"2026-03-24T07:43:39+00:00\" \/>\n<meta property=\"og:image\" content=\"https:\/\/vapemaison.com\/wp-content\/uploads\/2026\/01\/solaris-tequila-don-leon-1942-30000-30k-puffs-main-image.jpg.webp\" \/>\n\t<meta property=\"og:image:width\" content=\"2048\" \/>\n\t<meta property=\"og:image:height\" content=\"2048\" \/>\n\t<meta property=\"og:image:type\" content=\"image\/webp\" \/>\n<meta name=\"twitter:card\" content=\"summary_large_image\" \/>\n<meta name=\"twitter:label1\" content=\"Odhadovan\u00e1 doba \u010dten\u00ed\" \/>\n\t<meta name=\"twitter:data1\" content=\"2 minuty\" \/>\n<!-- \/ Yoast SEO plugin. -->","yoast_head_json":{"title":"Solaris Tequila Don Leon 1942 30K Vape na jedno pou\u017eit\u00ed - 30000 Puff","description":"Solaris Tequila Don Leon 1942 jednor\u00e1zov\u00fd vape s v\u00fddr\u017e\u00ed a\u017e 30 000 potah\u016f, 24 ml e-liquidu, s\u00ed\u0165ovou spir\u00e1lkou, dob\u00edjec\u00ed bateri\u00ed a jedine\u010dn\u00fdm designem lahvi\u010dky.","robots":{"index":"index","follow":"follow","max-snippet":"max-snippet:-1","max-image-preview":"max-image-preview:large","max-video-preview":"max-video-preview:-1"},"canonical":"https:\/\/vapemaison.com\/cs\/produkt\/solaris-tequila-don-leon-1942-30000-puffs-jednorazovy-vape\/","og_locale":"cs_CZ","og_type":"article","og_title":"Solaris Tequila Don Leon 1942 30K Disposable Vape \u2013 30000 Puff","og_description":"Solaris Tequila Don Leon 1942 disposable vape with up to 30,000 puffs, 24mL e-liquid, mesh coil, rechargeable battery, and unique bottle design.","og_url":"https:\/\/vapemaison.com\/cs\/produkt\/solaris-tequila-don-leon-1942-30000-puffs-jednorazovy-vape\/","og_site_name":"VapeMaison","article_modified_time":"2026-03-24T07:43:39+00:00","og_image":[{"width":2048,"height":2048,"url":"https:\/\/vapemaison.com\/wp-content\/uploads\/2026\/01\/solaris-tequila-don-leon-1942-30000-30k-puffs-main-image.jpg.webp","type":"image\/webp"}],"twitter_card":"summary_large_image","twitter_misc":{"Odhadovan\u00e1 doba \u010dten\u00ed":"2 minuty"},"schema":{"@context":"https:\/\/schema.org","@graph":[{"@type":"WebPage","@id":"https:\/\/vapemaison.com\/product\/solaris-tequila-don-leon-1942-30000-puffs-disposable-vape\/","url":"https:\/\/vapemaison.com\/product\/solaris-tequila-don-leon-1942-30000-puffs-disposable-vape\/","name":"Solaris Tequila Don Leon 1942 30K Vape na jedno pou\u017eit\u00ed - 30000 Puff","isPartOf":{"@id":"https:\/\/vapemaison.com\/#website"},"primaryImageOfPage":{"@id":"https:\/\/vapemaison.com\/product\/solaris-tequila-don-leon-1942-30000-puffs-disposable-vape\/#primaryimage"},"image":{"@id":"https:\/\/vapemaison.com\/product\/solaris-tequila-don-leon-1942-30000-puffs-disposable-vape\/#primaryimage"},"thumbnailUrl":"https:\/\/vapemaison.com\/wp-content\/uploads\/2026\/01\/solaris-tequila-don-leon-1942-30000-30k-puffs-main-image.jpg.webp","datePublished":"2026-01-31T07:30:36+00:00","dateModified":"2026-03-24T07:43:39+00:00","description":"Solaris Tequila Don Leon 1942 jednor\u00e1zov\u00fd vape s v\u00fddr\u017e\u00ed a\u017e 30 000 potah\u016f, 24 ml e-liquidu, s\u00ed\u0165ovou spir\u00e1lkou, dob\u00edjec\u00ed bateri\u00ed a jedine\u010dn\u00fdm designem lahvi\u010dky.","breadcrumb":{"@id":"https:\/\/vapemaison.com\/product\/solaris-tequila-don-leon-1942-30000-puffs-disposable-vape\/#breadcrumb"},"inLanguage":"cs","potentialAction":[{"@type":"ReadAction","target":["https:\/\/vapemaison.com\/product\/solaris-tequila-don-leon-1942-30000-puffs-disposable-vape\/"]}]},{"@type":"ImageObject","inLanguage":"cs","@id":"https:\/\/vapemaison.com\/product\/solaris-tequila-don-leon-1942-30000-puffs-disposable-vape\/#primaryimage","url":"https:\/\/vapemaison.com\/wp-content\/uploads\/2026\/01\/solaris-tequila-don-leon-1942-30000-30k-puffs-main-image.jpg.webp","contentUrl":"https:\/\/vapemaison.com\/wp-content\/uploads\/2026\/01\/solaris-tequila-don-leon-1942-30000-30k-puffs-main-image.jpg.webp","width":2048,"height":2048,"caption":"Solaris Tequila Don Leon 30k Puffs Main Image.jpg Disposable Vape Device"},{"@type":"BreadcrumbList","@id":"https:\/\/vapemaison.com\/product\/solaris-tequila-don-leon-1942-30000-puffs-disposable-vape\/#breadcrumb","itemListElement":[{"@type":"ListItem","position":1,"name":"\u9996\u9875","item":"https:\/\/vapemaison.com\/"},{"@type":"ListItem","position":2,"name":"Shop","item":"https:\/\/vapemaison.com\/shop\/"},{"@type":"ListItem","position":3,"name":"Solaris Tequila Don Leon 1942 \u2013 30000 Puffs Disposable Vape"}]},{"@type":"WebSite","@id":"https:\/\/vapemaison.com\/#website","url":"https:\/\/vapemaison.com\/","name":"VapeMaison","description":"Pr\u00e9miov\u00e1 vapingov\u00e1 za\u0159\u00edzen\u00ed a p\u0159\u00edslu\u0161enstv\u00ed","publisher":{"@id":"https:\/\/vapemaison.com\/#organization"},"potentialAction":[{"@type":"SearchAction","target":{"@type":"EntryPoint","urlTemplate":"https:\/\/vapemaison.com\/?s={search_term_string}"},"query-input":{"@type":"PropertyValueSpecification","valueRequired":true,"valueName":"search_term_string"}}],"inLanguage":"cs"},{"@type":"Organization","@id":"https:\/\/vapemaison.com\/#organization","name":"VapeMaison","url":"https:\/\/vapemaison.com\/","logo":{"@type":"ImageObject","inLanguage":"cs","@id":"https:\/\/vapemaison.com\/#\/schema\/logo\/image\/","url":"https:\/\/vapemaison.com\/wp-content\/uploads\/2026\/01\/cropped-vapemaison-logo-g-2026.webp","contentUrl":"https:\/\/vapemaison.com\/wp-content\/uploads\/2026\/01\/cropped-vapemaison-logo-g-2026.webp","width":350,"height":280,"caption":"VapeMaison"},"image":{"@id":"https:\/\/vapemaison.com\/#\/schema\/logo\/image\/"},"sameAs":["https:\/\/www.youtube.com\/@VapeMaison"]}]}},"tiered_pricing_type":"fixed","tiered_pricing_fixed_rules":{"30":"9.63","50":"9.12","100":"8.84","200":"8.26"},"tiered_pricing_product_settings":{"layout":"default","base_unit_name":{"singular":null,"plural":null},"default_variation":null},"tiered_pricing_minimum_quantity":10,"tiered_pricing_roles_data":[],"tiered_pricing_percentage_rules":[],"tiered_pricing_maximum_quantity":null,"tiered_pricing_quantity_step":"10","_links":{"self":[{"href":"https:\/\/vapemaison.com\/cs\/wp-json\/wp\/v2\/product\/26604","targetHints":{"allow":["GET"]}}],"collection":[{"href":"https:\/\/vapemaison.com\/cs\/wp-json\/wp\/v2\/product"}],"about":[{"href":"https:\/\/vapemaison.com\/cs\/wp-json\/wp\/v2\/types\/product"}],"replies":[{"embeddable":true,"href":"https:\/\/vapemaison.com\/cs\/wp-json\/wp\/v2\/comments?post=26604"}],"version-history":[{"count":4,"href":"https:\/\/vapemaison.com\/cs\/wp-json\/wp\/v2\/product\/26604\/revisions"}],"predecessor-version":[{"id":28411,"href":"https:\/\/vapemaison.com\/cs\/wp-json\/wp\/v2\/product\/26604\/revisions\/28411"}],"wp:featuredmedia":[{"embeddable":true,"href":"https:\/\/vapemaison.com\/cs\/wp-json\/wp\/v2\/media\/26610"}],"wp:attachment":[{"href":"https:\/\/vapemaison.com\/cs\/wp-json\/wp\/v2\/media?parent=26604"}],"wp:term":[{"taxonomy":"product_brand","embeddable":true,"href":"https:\/\/vapemaison.com\/cs\/wp-json\/wp\/v2\/product_brand?post=26604"},{"taxonomy":"product_cat","embeddable":true,"href":"https:\/\/vapemaison.com\/cs\/wp-json\/wp\/v2\/product_cat?post=26604"},{"taxonomy":"product_tag","embeddable":true,"href":"https:\/\/vapemaison.com\/cs\/wp-json\/wp\/v2\/product_tag?post=26604"}],"curies":[{"name":"wp","href":"https:\/\/api.w.org\/{rel}","templated":true}]}}