

{"id":26956,"date":"2026-02-04T06:50:51","date_gmt":"2026-02-04T06:50:51","guid":{"rendered":"https:\/\/vapemaison.com\/?post_type=product&#038;p=26956"},"modified":"2026-02-04T06:51:11","modified_gmt":"2026-02-04T06:51:11","slug":"randm-tornado-7000-puffs-jednorazove-vape-puff-7k","status":"publish","type":"product","link":"https:\/\/vapemaison.com\/cs\/product\/randm-tornado-7000-puffs-disposable-vape-puff-7k\/","title":{"rendered":"RandM Tornado 7000 Puffs Vape na jedno pou\u017eit\u00ed | Puff 7k"},"content":{"rendered":"<p>Na str\u00e1nk\u00e1ch <strong>RandM Tornado 7000 7k<\/strong> je inovativn\u00ed jednor\u00e1zov\u00fd vape ur\u010den\u00fd pro vapery, kte\u0159\u00ed vy\u017eaduj\u00ed kvalitu a pohodl\u00ed. Kombinuje v\u00fdkonn\u00e9 funkce se snadn\u00fdm pou\u017e\u00edv\u00e1n\u00edm a zaji\u0161\u0165uje uspokojiv\u00fd z\u00e1\u017eitek p\u0159i ka\u017ed\u00e9m potahu.<\/p>\n\n\n\n<p><strong>Nastaviteln\u00e9 proud\u011bn\u00ed vzduchu<\/strong> umo\u017e\u0148uje u\u017eivatel\u016fm ovl\u00e1dat hustotu p\u00e1ry a intenzitu chuti, tak\u017ee si m\u016f\u017eete sv\u016fj vapingov\u00fd z\u00e1\u017eitek dokonale p\u0159izp\u016fsobit.<\/p>\n\n\n\n<p><strong>Dob\u00edjec\u00ed konstrukce<\/strong> se li\u0161\u00ed od typick\u00fdch jednor\u00e1zov\u00fdch v\u00fdrobk\u016f. Nab\u00edjec\u00ed port typu C ve spodn\u00ed \u010d\u00e1sti zaji\u0161\u0165uje, \u017ee m\u016f\u017eete vyu\u017e\u00edt ka\u017edou kapku e-liquidu a prodlou\u017eit tak dobu pou\u017e\u00edv\u00e1n\u00ed za\u0159\u00edzen\u00ed.<\/p>\n\n\n\n<p><strong>Velkorys\u00e1 kapacita e-liquidu<\/strong>: Za\u0159\u00edzen\u00ed s kapacitou 14 ml e-d\u017eus\u016f podporuje dlouh\u00e9 vapov\u00e1n\u00ed a nab\u00edz\u00ed mo\u017enosti nikotinov\u00e9 soli 2% a 5%, kter\u00e9 vyhovuj\u00ed r\u016fzn\u00fdm preferenc\u00edm.<\/p>\n\n\n\n<p>Krom\u011b toho nab\u00edz\u00ed RandM Tornado 7000 7k <strong>56 p\u0159\u00edchut\u00ed<\/strong>, od \u010derstv\u00e9 m\u00e1ty a ovocn\u00fdch sm\u011bs\u00ed a\u017e po dezerty a n\u00e1poje, co\u017e u\u017eivatel\u016fm poskytuje \u0161irokou \u0161k\u00e1lu chu\u0165ov\u00fdch z\u00e1\u017eitk\u016f.<\/p>\n\n\n\n<h3 class=\"wp-block-heading\">Specifikace produktu<\/h3>\n\n\n\n<figure class=\"wp-block-table is-style-stripes\"><table class=\"has-fixed-layout\"><thead><tr><th>Specifikace<\/th><th>Podrobnosti na<\/th><\/tr><\/thead><tbody><tr><td>Nikotinov\u00e1 s\u016fl<\/td><td>2% \/ 5%<\/td><\/tr><tr><td>Kapacita e-liquidu<\/td><td>14 ml<\/td><\/tr><tr><td>Pufy na za\u0159\u00edzen\u00ed<\/td><td>P\u0159ibli\u017en\u011b 7000<\/td><\/tr><tr><td>\u0158\u00edzen\u00ed proud\u011bn\u00ed vzduchu<\/td><td>Nastaviteln\u00e9 pro individu\u00e1ln\u00ed p\u00e1ru a chu\u0165<\/td><\/tr><tr><td>Nab\u00edjec\u00ed port<\/td><td>Typ C<\/td><\/tr><tr><td>Baterie<\/td><td>Vestav\u011bn\u00e1 dob\u00edjec\u00ed baterie 850 mAh<\/td><\/tr><tr><td>Dob\u00edjec\u00ed<\/td><td>Ano<\/td><\/tr><tr><td>Dostupn\u00e9 p\u0159\u00edchut\u011b<\/td><td>56<\/td><\/tr><tr><td>Balen\u00ed<\/td><td>10 ks \/ zobrazovac\u00ed box<\/td><\/tr><\/tbody><\/table><\/figure>\n\n\n\n<h3 class=\"wp-block-heading\">Dostupn\u00e9 p\u0159\u00edchut\u011b<\/h3>\n\n\n\n<ol class=\"wp-block-list\">\n<li>Cool Mint<\/li>\n\n\n\n<li>Sv\u011b\u017e\u00ed led<\/li>\n\n\n\n<li>Mandarinkov\u00fd led<\/li>\n\n\n\n<li>Jahodov\u00fd donut<\/li>\n\n\n\n<li>Gumov\u00fd medv\u00eddek<\/li>\n\n\n\n<li>Bor\u016fvka na ledu<\/li>\n\n\n\n<li>Mango na ledu<\/li>\n\n\n\n<li>Broskvov\u00fd led<\/li>\n\n\n\n<li>Ban\u00e1nov\u00fd led<\/li>\n\n\n\n<li>Hroznov\u00fd led<\/li>\n\n\n\n<li>R\u016f\u017eov\u00e1 limon\u00e1da<\/li>\n\n\n\n<li>Rum Pina Colada<\/li>\n\n\n\n<li>Sm\u00ed\u0161en\u00e9 bobule<\/li>\n\n\n\n<li>Ban\u00e1nov\u00fd ml\u00e9\u010dn\u00fd koktejl<\/li>\n\n\n\n<li>Jahodov\u00fd meloun<\/li>\n\n\n\n<li>\u010cerven\u00e9 jablko Lemon<\/li>\n\n\n\n<li>Ananasov\u00fd led<\/li>\n\n\n\n<li>Cukrov\u00e1 vata<\/li>\n\n\n\n<li>Jahodov\u00fd ban\u00e1n<\/li>\n\n\n\n<li>Jahodov\u00e1 zmrzlina<\/li>\n\n\n\n<li>\u010cerven\u00fd led Energy<\/li>\n\n\n\n<li>Limon\u00e1da Blue Razz<\/li>\n\n\n\n<li>Led z \u010derven\u00e9ho jablka<\/li>\n\n\n\n<li>Jahodov\u00e1 limon\u00e1da<\/li>\n\n\n\n<li>Bor\u016fvkov\u00e1 \u017ev\u00fdka\u010dka<\/li>\n\n\n\n<li>Bluesour Raspberry<\/li>\n\n\n\n<li>Pan Modr\u00fd<\/li>\n\n\n\n<li>Jablko Broskev Hru\u0161ka<\/li>\n\n\n\n<li>Bor\u016fvka Gran\u00e1tov\u00e9 jablko<\/li>\n\n\n\n<li>Vimto<\/li>\n\n\n\n<li>Kiwi Mu\u010denka Ovoce Guava<\/li>\n\n\n\n<li>Cola<\/li>\n\n\n\n<li>Kysel\u00e9 jablko<\/li>\n\n\n\n<li>\u010cern\u00fd ryb\u00edz s mentolem<\/li>\n\n\n\n<li>Tyg\u0159\u00ed krev<\/li>\n\n\n\n<li>Broskvov\u00e9 bor\u016fvkov\u00e9 bonbony<\/li>\n\n\n\n<li>Broskvov\u00e9 mango<\/li>\n\n\n\n<li>Jahodov\u00fd Red Bull<\/li>\n\n\n\n<li>Led z \u010dern\u00e9ho ryb\u00edzu<\/li>\n\n\n\n<li>Jahodov\u00e1 melounov\u00e1 limon\u00e1da<\/li>\n\n\n\n<li>Cherry<\/li>\n\n\n\n<li>Blue Razz Cherry<\/li>\n\n\n\n<li>Ku\u017eelky<\/li>\n\n\n\n<li>Bor\u016fvka malina<\/li>\n\n\n\n<li>Jahodov\u00fd hrozen<\/li>\n\n\n\n<li>Bor\u016fvka T\u0159e\u0161e\u0148 Brusinka<\/li>\n\n\n\n<li>Jable\u010dn\u00fd bobulov\u00fd v\u00fdbuch<\/li>\n\n\n\n<li>Cherry Cola<\/li>\n\n\n\n<li>Citron a limetka<\/li>\n\n\n\n<li>R\u016f\u017eov\u00fd v\u00fdbuch<\/li>\n\n\n\n<li>Pacific Cooler<\/li>\n\n\n\n<li>Ledov\u00fd pop<\/li>\n\n\n\n<li>Bingo Crush<\/li>\n\n\n\n<li>Vimto Crush<\/li>\n\n\n\n<li>Tab\u00e1k<\/li>\n<\/ol>","protected":false},"excerpt":{"rendered":"<p>The RandM Tornado 7000 7k is an innovative disposable vape designed for vapers who demand quality and convenience. It combines powerful features with ease of use, ensuring a satisfying experience with every puff. Adjustable airflow allows users to control vapor density and flavor intensity, letting you customize your vaping experience to perfection. Rechargeable design sets [&hellip;]<\/p>\n","protected":false},"featured_media":26967,"comment_status":"open","ping_status":"closed","template":"","meta":[],"product_brand":[],"product_cat":[16],"product_tag":[],"class_list":{"0":"post-26956","1":"product","2":"type-product","3":"status-publish","4":"has-post-thumbnail","6":"product_cat-uncategorized","8":"first","9":"instock","10":"sale","11":"shipping-taxable","12":"purchasable","13":"product-type-variable"},"yoast_head":"<!-- This site is optimized with the Yoast SEO plugin v27.4 - https:\/\/yoast.com\/product\/yoast-seo-wordpress\/ -->\n<title>RandM Tornado 7000 7k Disposable Vape \u2013 7000 Puffs, 56 Flavor<\/title>\n<meta name=\"description\" content=\"Experience the RandM Tornado disposable vape with 7000 puffs, Choose from 56 flavors and 2% or 5% nicotine salt for a fully customizable vaping experience.\" \/>\n<meta name=\"robots\" content=\"index, follow, max-snippet:-1, max-image-preview:large, max-video-preview:-1\" \/>\n<link rel=\"canonical\" href=\"https:\/\/vapemaison.com\/cs\/produkt\/randm-tornado-7000-puffs-jednorazove-vape-puff-7k\/\" \/>\n<meta property=\"og:locale\" content=\"cs_CZ\" \/>\n<meta property=\"og:type\" content=\"article\" \/>\n<meta property=\"og:title\" content=\"RandM Tornado 7000 7k Disposable Vape \u2013 7000 Puffs, 56 Flavor\" \/>\n<meta property=\"og:description\" content=\"Experience the RandM Tornado disposable vape with 7000 puffs, Choose from 56 flavors and 2% or 5% nicotine salt for a fully customizable vaping experience.\" \/>\n<meta property=\"og:url\" content=\"https:\/\/vapemaison.com\/cs\/produkt\/randm-tornado-7000-puffs-jednorazove-vape-puff-7k\/\" \/>\n<meta property=\"og:site_name\" content=\"VapeMaison\" \/>\n<meta property=\"article:modified_time\" content=\"2026-02-04T06:51:11+00:00\" \/>\n<meta property=\"og:image\" content=\"https:\/\/vapemaison.com\/wp-content\/uploads\/2026\/02\/vapemaison-RandM-tornado-7000-puffs-00011.webp\" \/>\n\t<meta property=\"og:image:width\" content=\"1000\" \/>\n\t<meta property=\"og:image:height\" content=\"1000\" \/>\n\t<meta property=\"og:image:type\" content=\"image\/webp\" \/>\n<meta name=\"twitter:card\" content=\"summary_large_image\" \/>\n<meta name=\"twitter:label1\" content=\"Odhadovan\u00e1 doba \u010dten\u00ed\" \/>\n\t<meta name=\"twitter:data1\" content=\"2 minuty\" \/>\n<!-- \/ Yoast SEO plugin. -->","yoast_head_json":{"title":"RandM Tornado 7000 7k Vape na jedno pou\u017eit\u00ed - 7000 \u0161luk\u016f, 56 p\u0159\u00edchut\u00ed","description":"Vyzkou\u0161ejte jednor\u00e1zov\u00fd vape RandM Tornado se 7000 potahy, vyberte si z 56 p\u0159\u00edchut\u00ed a nikotinov\u00e9 soli 2% nebo 5% pro pln\u011b p\u0159izp\u016fsobiteln\u00fd z\u00e1\u017eitek z vapingu.","robots":{"index":"index","follow":"follow","max-snippet":"max-snippet:-1","max-image-preview":"max-image-preview:large","max-video-preview":"max-video-preview:-1"},"canonical":"https:\/\/vapemaison.com\/cs\/produkt\/randm-tornado-7000-puffs-jednorazove-vape-puff-7k\/","og_locale":"cs_CZ","og_type":"article","og_title":"RandM Tornado 7000 7k Disposable Vape \u2013 7000 Puffs, 56 Flavor","og_description":"Experience the RandM Tornado disposable vape with 7000 puffs, Choose from 56 flavors and 2% or 5% nicotine salt for a fully customizable vaping experience.","og_url":"https:\/\/vapemaison.com\/cs\/produkt\/randm-tornado-7000-puffs-jednorazove-vape-puff-7k\/","og_site_name":"VapeMaison","article_modified_time":"2026-02-04T06:51:11+00:00","og_image":[{"width":1000,"height":1000,"url":"https:\/\/vapemaison.com\/wp-content\/uploads\/2026\/02\/vapemaison-RandM-tornado-7000-puffs-00011.webp","type":"image\/webp"}],"twitter_card":"summary_large_image","twitter_misc":{"Odhadovan\u00e1 doba \u010dten\u00ed":"2 minuty"},"schema":{"@context":"https:\/\/schema.org","@graph":[{"@type":"WebPage","@id":"https:\/\/vapemaison.com\/product\/randm-tornado-7000-puffs-disposable-vape-puff-7k\/","url":"https:\/\/vapemaison.com\/product\/randm-tornado-7000-puffs-disposable-vape-puff-7k\/","name":"RandM Tornado 7000 7k Vape na jedno pou\u017eit\u00ed - 7000 \u0161luk\u016f, 56 p\u0159\u00edchut\u00ed","isPartOf":{"@id":"https:\/\/vapemaison.com\/#website"},"primaryImageOfPage":{"@id":"https:\/\/vapemaison.com\/product\/randm-tornado-7000-puffs-disposable-vape-puff-7k\/#primaryimage"},"image":{"@id":"https:\/\/vapemaison.com\/product\/randm-tornado-7000-puffs-disposable-vape-puff-7k\/#primaryimage"},"thumbnailUrl":"https:\/\/vapemaison.com\/wp-content\/uploads\/2026\/02\/vapemaison-RandM-tornado-7000-puffs-00011.webp","datePublished":"2026-02-04T06:50:51+00:00","dateModified":"2026-02-04T06:51:11+00:00","description":"Vyzkou\u0161ejte jednor\u00e1zov\u00fd vape RandM Tornado se 7000 potahy, vyberte si z 56 p\u0159\u00edchut\u00ed a nikotinov\u00e9 soli 2% nebo 5% pro pln\u011b p\u0159izp\u016fsobiteln\u00fd z\u00e1\u017eitek z vapingu.","breadcrumb":{"@id":"https:\/\/vapemaison.com\/product\/randm-tornado-7000-puffs-disposable-vape-puff-7k\/#breadcrumb"},"inLanguage":"cs","potentialAction":[{"@type":"ReadAction","target":["https:\/\/vapemaison.com\/product\/randm-tornado-7000-puffs-disposable-vape-puff-7k\/"]}]},{"@type":"ImageObject","inLanguage":"cs","@id":"https:\/\/vapemaison.com\/product\/randm-tornado-7000-puffs-disposable-vape-puff-7k\/#primaryimage","url":"https:\/\/vapemaison.com\/wp-content\/uploads\/2026\/02\/vapemaison-RandM-tornado-7000-puffs-00011.webp","contentUrl":"https:\/\/vapemaison.com\/wp-content\/uploads\/2026\/02\/vapemaison-RandM-tornado-7000-puffs-00011.webp","width":1000,"height":1000,"caption":"Vapemaison Randm Tornado Puffs view"},{"@type":"BreadcrumbList","@id":"https:\/\/vapemaison.com\/product\/randm-tornado-7000-puffs-disposable-vape-puff-7k\/#breadcrumb","itemListElement":[{"@type":"ListItem","position":1,"name":"\u9996\u9875","item":"https:\/\/vapemaison.com\/"},{"@type":"ListItem","position":2,"name":"Shop","item":"https:\/\/vapemaison.com\/shop\/"},{"@type":"ListItem","position":3,"name":"RandM Tornado 7000 Puffs Disposable Vape | Puff 7k"}]},{"@type":"WebSite","@id":"https:\/\/vapemaison.com\/#website","url":"https:\/\/vapemaison.com\/","name":"VapeMaison","description":"Pr\u00e9miov\u00e1 vapingov\u00e1 za\u0159\u00edzen\u00ed a p\u0159\u00edslu\u0161enstv\u00ed","publisher":{"@id":"https:\/\/vapemaison.com\/#organization"},"potentialAction":[{"@type":"SearchAction","target":{"@type":"EntryPoint","urlTemplate":"https:\/\/vapemaison.com\/?s={search_term_string}"},"query-input":{"@type":"PropertyValueSpecification","valueRequired":true,"valueName":"search_term_string"}}],"inLanguage":"cs"},{"@type":"Organization","@id":"https:\/\/vapemaison.com\/#organization","name":"VapeMaison","url":"https:\/\/vapemaison.com\/","logo":{"@type":"ImageObject","inLanguage":"cs","@id":"https:\/\/vapemaison.com\/#\/schema\/logo\/image\/","url":"https:\/\/vapemaison.com\/wp-content\/uploads\/2026\/01\/cropped-vapemaison-logo-g-2026.webp","contentUrl":"https:\/\/vapemaison.com\/wp-content\/uploads\/2026\/01\/cropped-vapemaison-logo-g-2026.webp","width":350,"height":280,"caption":"VapeMaison"},"image":{"@id":"https:\/\/vapemaison.com\/#\/schema\/logo\/image\/"},"sameAs":["https:\/\/www.youtube.com\/@VapeMaison"]}]}},"tiered_pricing_type":"fixed","tiered_pricing_fixed_rules":{"30":"9.98","50":"9.12","100":"8.36","200":"7.99"},"tiered_pricing_product_settings":{"layout":"default","base_unit_name":{"singular":null,"plural":null},"default_variation":null},"tiered_pricing_minimum_quantity":10,"tiered_pricing_roles_data":[],"tiered_pricing_percentage_rules":[],"tiered_pricing_maximum_quantity":null,"tiered_pricing_quantity_step":"10","_links":{"self":[{"href":"https:\/\/vapemaison.com\/cs\/wp-json\/wp\/v2\/product\/26956","targetHints":{"allow":["GET"]}}],"collection":[{"href":"https:\/\/vapemaison.com\/cs\/wp-json\/wp\/v2\/product"}],"about":[{"href":"https:\/\/vapemaison.com\/cs\/wp-json\/wp\/v2\/types\/product"}],"replies":[{"embeddable":true,"href":"https:\/\/vapemaison.com\/cs\/wp-json\/wp\/v2\/comments?post=26956"}],"version-history":[{"count":1,"href":"https:\/\/vapemaison.com\/cs\/wp-json\/wp\/v2\/product\/26956\/revisions"}],"predecessor-version":[{"id":26971,"href":"https:\/\/vapemaison.com\/cs\/wp-json\/wp\/v2\/product\/26956\/revisions\/26971"}],"wp:featuredmedia":[{"embeddable":true,"href":"https:\/\/vapemaison.com\/cs\/wp-json\/wp\/v2\/media\/26967"}],"wp:attachment":[{"href":"https:\/\/vapemaison.com\/cs\/wp-json\/wp\/v2\/media?parent=26956"}],"wp:term":[{"taxonomy":"product_brand","embeddable":true,"href":"https:\/\/vapemaison.com\/cs\/wp-json\/wp\/v2\/product_brand?post=26956"},{"taxonomy":"product_cat","embeddable":true,"href":"https:\/\/vapemaison.com\/cs\/wp-json\/wp\/v2\/product_cat?post=26956"},{"taxonomy":"product_tag","embeddable":true,"href":"https:\/\/vapemaison.com\/cs\/wp-json\/wp\/v2\/product_tag?post=26956"}],"curies":[{"name":"wp","href":"https:\/\/api.w.org\/{rel}","templated":true}]}}