

{"id":27354,"date":"2026-02-25T10:08:23","date_gmt":"2026-02-25T10:08:23","guid":{"rendered":"https:\/\/vapemaison.com\/?post_type=product&#038;p=27354"},"modified":"2026-04-15T06:46:51","modified_gmt":"2026-04-15T06:46:51","slug":"vozol-star-click-50000-jednorazovy-vape-50k-puffs","status":"publish","type":"product","link":"https:\/\/vapemaison.com\/cs\/product\/vozol-star-click-50000-disposable-vape-50k-puffs\/","title":{"rendered":"VOZOL STAR CLICK 50000 jednor\u00e1zov\u00fd vape - 50k Puffs"},"content":{"rendered":"<p>Na str\u00e1nk\u00e1ch <strong><a href=\"https:\/\/vapemaison.com\/brand\/vozol\/\" type=\"link\" id=\"https:\/\/vapemaison.com\/brand\/vozol\/\">VOZOL<\/a> STAR CLICK 50000<\/strong> je vysokokapacitn\u00ed dob\u00edjec\u00ed jednor\u00e1zov\u00fd vape ur\u010den\u00fd pro u\u017eivatele, kte\u0159\u00ed oce\u0148uj\u00ed dlouhotrvaj\u00edc\u00ed v\u00fdkon, nastaviteln\u00fd v\u00fdkon a individu\u00e1ln\u00ed ovl\u00e1d\u00e1n\u00ed. S <strong>a\u017e do <a href=\"https:\/\/vapemaison.com\/product-category\/puffs-count\/50k-puffs\/\" type=\"link\" id=\"https:\/\/vapemaison.com\/product-category\/puffs-count\/50k-puffs\/\">50 tis\u00edc obl\u00e1\u010dk\u016f<\/a><\/strong>, za\u0159\u00edzen\u00ed umo\u017e\u0148uje del\u0161\u00ed pou\u017e\u00edv\u00e1n\u00ed p\u0159i zachov\u00e1n\u00ed stabiln\u00ed chuti a v\u00fdstupu p\u00e1ry po celou dobu \u017eivotnosti.<\/p>\n\n\n\n<p>Nap\u00e1jen\u00ed pomoc\u00ed <strong>Dob\u00edjec\u00ed baterie s kapacitou 1000 mAh<\/strong> s <strong>Rychl\u00e9 nab\u00edjen\u00ed p\u0159es USB-C<\/strong>, STAR CLICK 50K zaji\u0161\u0165uje spolehliv\u00e9 ka\u017edodenn\u00ed pou\u017e\u00edv\u00e1n\u00ed a minim\u00e1ln\u00ed prostoje.<\/p>\n\n\n\n<p>Jedn\u00edm z jeho hlavn\u00edch bod\u016f je <strong>Dvoure\u017eimov\u00fd syst\u00e9m nap\u00e1jen\u00ed<\/strong>, co\u017e u\u017eivatel\u016fm umo\u017e\u0148uje p\u0159ep\u00ednat mezi <strong>B\u011b\u017en\u00fd re\u017eim<\/strong> pro plynul\u00fd a efektivn\u00ed ka\u017edodenn\u00ed vaping a <strong>Re\u017eim nap\u00e1jen\u00ed<\/strong> pro siln\u011bj\u0161\u00ed v\u00fdstup, hust\u0161\u00ed p\u00e1ru a intenzivn\u011bj\u0161\u00ed chu\u0165.<\/p>\n\n\n\n<p>Krom\u011b toho je za\u0159\u00edzen\u00ed vybaveno <strong>nastaviteln\u00fd syst\u00e9m proud\u011bn\u00ed vzduchu<\/strong>, co\u017e u\u017eivatel\u016fm umo\u017e\u0148uje vyladit odpor p\u0159i potahov\u00e1n\u00ed a produkci p\u00e1ry podle vlastn\u00edch preferenc\u00ed. VOZOL STAR CLICK 50000 je navr\u017een pro pohodl\u00ed a flexibilitu a je vhodn\u00fd pro osobn\u00ed pou\u017eit\u00ed, maloobchodn\u00ed prodej i velkoobchodn\u00ed distribuci.<\/p>\n\n\n\n<h2 class=\"wp-block-heading\">Specifikace<\/h2>\n\n\n\n<figure class=\"wp-block-table\"><table class=\"has-fixed-layout\"><thead><tr><th>Parametr<\/th><th>Podrobnosti na<\/th><\/tr><\/thead><tbody><tr><td>Kapacita nad\u00fdchan\u00e9ho vzduchu<\/td><td>Up to 50000 puffs<\/td><\/tr><tr><td>Baterie<\/td><td>1000mAh dob\u00edjec\u00ed<\/td><\/tr><tr><td>Nab\u00edjen\u00ed<\/td><td>Rychl\u00e9 nab\u00edjen\u00ed p\u0159es USB-C<\/td><\/tr><tr><td>S\u00edla nikotinu<\/td><td>20 mg\/ml \/ 50 mg\/ml<\/td><\/tr><tr><td>Re\u017eimy nap\u00e1jen\u00ed<\/td><td>Du\u00e1ln\u00ed re\u017eim: B\u011b\u017en\u00fd \/ v\u00fdkonn\u00fd<\/td><\/tr><tr><td>Proud\u011bn\u00ed vzduchu<\/td><td>Nastaviteln\u00fd syst\u00e9m proud\u011bn\u00ed vzduchu<\/td><\/tr><tr><td>E-liquid<\/td><td>P\u0159edpln\u011bn\u00e9 (kapacita se li\u0161\u00ed podle verze)<\/td><\/tr><tr><td>Pou\u017eit\u00ed<\/td><td>Vhodn\u00e9 pro osobn\u00ed pou\u017eit\u00ed a velkoobchod<\/td><\/tr><\/tbody><\/table><\/figure>\n\n\n\n<h2 class=\"wp-block-heading\">P\u0159\u00edchut\u011b<\/h2>\n\n\n\n<ul class=\"wp-block-list\">\n<li>Meloun Meloun<\/li>\n\n\n\n<li>Melounov\u00fd led<\/li>\n\n\n\n<li>Melounov\u00e1 \u017ev\u00fdka\u010dka<\/li>\n\n\n\n<li>Tropick\u00e1 ovocn\u00e1 bou\u0159e<\/li>\n\n\n\n<li>Tyg\u0159\u00ed krev<\/li>\n\n\n\n<li>Jahodov\u00fd meloun<\/li>\n\n\n\n<li>Jahoda malina t\u0159e\u0161e\u0148<\/li>\n\n\n\n<li>Jahodov\u00fd citron<\/li>\n\n\n\n<li>Jahodov\u00e9 kiwi<\/li>\n\n\n\n<li>Jahodov\u00e1 \u017ev\u00fdka\u010dka<\/li>\n\n\n\n<li>Jahodov\u00fd ban\u00e1n<\/li>\n\n\n\n<li>M\u00e1tov\u00e1<\/li>\n\n\n\n<li>Malinov\u00fd meloun<\/li>\n\n\n\n<li>Ananasov\u00fd led<\/li>\n\n\n\n<li>Broskvov\u00fd meloun Mango<\/li>\n\n\n\n<li>Broskvov\u00e9 lce<\/li>\n\n\n\n<li>Pomeran\u010dov\u00e1 melasa<\/li>\n\n\n\n<li>Sm\u00ed\u0161en\u00e9 bobule<\/li>\n\n\n\n<li>Mexick\u00e1 mangov\u00e1 zmrzlina<\/li>\n\n\n\n<li>Melounov\u00e1 \u017ev\u00fdka\u010dka<\/li>\n\n\n\n<li>L\u00e1ska 777<\/li>\n\n\n\n<li>Hroznov\u00e9 v\u00edno<\/li>\n\n\n\n<li>Dragonfruit Banana Cherry<\/li>\n\n\n\n<li>Datlov\u00fd koktejl Melasa<\/li>\n\n\n\n<li>Cherry Cola<\/li>\n\n\n\n<li>Cappuccino<\/li>\n\n\n\n<li>Bor\u016fvkov\u00e1 energie<\/li>\n\n\n\n<li>Blue Razz Ice<\/li>\n\n\n\n<li>Ostru\u017eina Gran\u00e1tov\u00e9 jablko T\u0159e\u0161e\u0148<\/li>\n\n\n\n<li>Arabsk\u00e1 k\u00e1va<\/li>\n<\/ul>\n\n\n\n<h2 class=\"wp-block-heading\">Nejd\u016fle\u017eit\u011bj\u0161\u00ed funkce<\/h2>\n\n\n\n<p><strong>Du\u00e1ln\u00ed re\u017eimy nap\u00e1jen\u00ed<\/strong><br>P\u0159ep\u00ednejte mezi b\u011b\u017en\u00fdm re\u017eimem pro bezprobl\u00e9mov\u00e9 ka\u017edodenn\u00ed pou\u017e\u00edv\u00e1n\u00ed nebo v\u00fdkonn\u00fdm re\u017eimem pro siln\u011bj\u0161\u00ed v\u00fdkon a vy\u0161\u0161\u00ed produkci p\u00e1ry.<\/p>\n\n\n\n<p><strong>Nastaviteln\u00e9 proud\u011bn\u00ed vzduchu<\/strong><br>P\u0159izp\u016fsobte si potahov\u00e1n\u00ed od t\u011bsn\u011bj\u0161\u00edho a\u017e po otev\u0159en\u011bj\u0161\u00ed airflow, co\u017e umo\u017e\u0148uje p\u0159izp\u016fsobit vapov\u00e1n\u00ed na m\u00edru.<\/p>\n\n\n\n<p><strong>Vysokokapacitn\u00ed baterie<\/strong><br>Dob\u00edjec\u00ed baterie s kapacitou 1000 mAh podporuje dlouhodob\u00e9 pou\u017e\u00edv\u00e1n\u00ed a stabiln\u00ed v\u00fdkon s rychl\u00fdm nab\u00edjen\u00edm p\u0159es USB-C.<\/p>\n\n\n\n<p><strong>Dlouhodob\u00fd v\u00fdkon<\/strong><br>Navr\u017eeno tak, aby poskytovalo konzistentn\u00ed chu\u0165 a v\u00fdstup p\u00e1ry po celou dobu \u017eivotnosti za\u0159\u00edzen\u00ed.<\/p>\n\n\n\n<h2 class=\"wp-block-heading\">\u010cASTO KLADEN\u00c9 DOTAZY<\/h2>\n\n\n\n<p><strong>1. Jak dlouho vydr\u017e\u00ed VOZOL STAR CLICK 50000?<\/strong><br>P\u0159\u00edstroj umo\u017e\u0148uje a\u017e 50 000 potah\u016f. Skute\u010dn\u00e1 \u017eivotnost z\u00e1vis\u00ed na individu\u00e1ln\u00edch n\u00e1vyc\u00edch p\u0159i pou\u017e\u00edv\u00e1n\u00ed a zvolen\u00e9m re\u017eimu v\u00fdkonu.<\/p>\n\n\n\n<p><strong>2. Jak\u00fd je rozd\u00edl mezi b\u011b\u017en\u00fdm a v\u00fdkonn\u00fdm re\u017eimem?<\/strong><br>B\u011b\u017en\u00fd re\u017eim poskytuje plynulej\u0161\u00ed a energeticky \u00fasporn\u011bj\u0161\u00ed z\u00e1\u017eitek, zat\u00edmco v\u00fdkonn\u00fd re\u017eim zvy\u0161uje v\u00fdkon pro siln\u011bj\u0161\u00ed p\u00e1ru a lep\u0161\u00ed chu\u0165.<\/p>\n\n\n\n<p><strong>3. Lze za\u0159\u00edzen\u00ed dob\u00edjet?<\/strong><br>Ano, m\u00e1 1000mAh dob\u00edjec\u00ed baterii s rychl\u00fdm nab\u00edjen\u00edm p\u0159es USB-C.<\/p>\n\n\n\n<p><strong>4. Lze nastavit proud\u011bn\u00ed vzduchu?<\/strong><br>Ano, nastaviteln\u00fd syst\u00e9m airflow umo\u017e\u0148uje p\u0159izp\u016fsobit odpor p\u0159i potahov\u00e1n\u00ed a produkci p\u00e1ry.<\/p>\n\n\n\n<p><strong>5. Vy\u017eaduje za\u0159\u00edzen\u00ed dopl\u0148ov\u00e1n\u00ed nebo \u00fadr\u017ebu?<\/strong><br>Ne, dod\u00e1v\u00e1 se p\u0159edem napln\u011bn\u00fd a je navr\u017een pro pohodln\u00e9 a bez\u00fadr\u017ebov\u00e9 pou\u017eit\u00ed.<\/p>\n\n\n\n<p><strong>6. Je tento v\u00fdrobek vhodn\u00fd pro velkoobchodn\u00ed n\u00e1kup?<\/strong><br>Ano, VOZOL STAR CLICK 50000 je vhodn\u00fd pro hromadn\u00e9 objedn\u00e1vky. Kontaktujte n\u00e1s pros\u00edm pro zji\u0161t\u011bn\u00ed velkoobchodn\u00edch cen a dostupnosti.<\/p>\n\n\n\n<h2 class=\"wp-block-heading\">B2B \/ Velkoobchod<\/h2>\n\n\n\n<p>Za\u0159\u00edzen\u00ed VOZOL STAR CLICK 50000 bylo vyvinuto pro distributory a prodejce, kte\u0159\u00ed hledaj\u00ed velkokapacitn\u00ed za\u0159\u00edzen\u00ed s pokro\u010dil\u00fdmi funkcemi a silnou tr\u017en\u00ed atraktivitou. Jeho dva re\u017eimy v\u00fdkonu a nastaviteln\u00e9 proud\u011bn\u00ed vzduchu zaji\u0161\u0165uj\u00ed jasn\u00e9 odli\u0161en\u00ed produktu na konkuren\u010dn\u00edch trz\u00edch.<\/p>\n\n\n\n<p>D\u00edky dob\u00edjec\u00ed baterii s kapacitou 1000 mAh, nab\u00edjen\u00ed p\u0159es USB-C a dlouh\u00e9 kapacit\u011b v\u00fddr\u017ee poskytuje za\u0159\u00edzen\u00ed spolehliv\u00fd v\u00fdkon po celou dobu sv\u00e9 \u017eivotnosti, tak\u017ee je vhodn\u00e9 pro hromadn\u00fd prodej a stabiln\u00ed obrat z\u00e1sob.<\/p>\n\n\n\n<p><strong>Velkoobchodn\u00ed v\u00fdhody:<\/strong><\/p>\n\n\n\n<ul class=\"wp-block-list\">\n<li>Vysok\u00e1 kapacita pufov\u00e1n\u00ed zvy\u0161uje vn\u00edmanou hodnotu<\/li>\n\n\n\n<li>Funkce du\u00e1ln\u00edho re\u017eimu zlep\u0161uje odli\u0161en\u00ed produkt\u016f<\/li>\n\n\n\n<li>Nastaviteln\u00e9 proud\u011bn\u00ed vzduchu vyhovuje r\u016fzn\u00fdm preferenc\u00edm u\u017eivatel\u016f<\/li>\n\n\n\n<li>Dob\u00edjec\u00ed konstrukce USB-C podporuje dlouhodobou pou\u017eitelnost<\/li>\n\n\n\n<li>Vhodn\u00e9 pro maloobchodn\u00ed prodejny, online prodejce a distribu\u010dn\u00ed kan\u00e1ly.<\/li>\n<\/ul>","protected":false},"excerpt":{"rendered":"<p>A\u017e 50 000 potah\u016f s dv\u011bma re\u017eimy v\u00fdkonu pro plynul\u00fd nebo v\u00fdkonn\u00fd vaping.<br data-start=\"2512\" data-end=\"2515\" \/>Nastaviteln\u00fd pr\u016ftok vzduchu a dob\u00edjec\u00ed baterie s kapacitou 1000 mAh zaji\u0161\u0165uj\u00ed plnou kontrolu a dlouhodob\u00e9 pou\u017e\u00edv\u00e1n\u00ed.<\/p>","protected":false},"featured_media":27361,"comment_status":"open","ping_status":"closed","template":"","meta":[],"product_brand":[178],"product_cat":[136],"product_tag":[],"class_list":{"0":"post-27354","1":"product","2":"type-product","3":"status-publish","4":"has-post-thumbnail","6":"product_brand-vozol","7":"product_cat-50k-puffs","9":"first","10":"instock","11":"sale","12":"shipping-taxable","13":"purchasable","14":"product-type-variable"},"yoast_head":"<!-- This site is optimized with the Yoast SEO plugin v27.4 - https:\/\/yoast.com\/product\/yoast-seo-wordpress\/ -->\n<title>VOZOL STAR CLICK 50000 Puffs Disposable Vape<\/title>\n<meta name=\"description\" content=\"Buy VOZOL STAR CLICK 50000 disposable vape with up to 50K puffs, dual power modes, adjustable airflow, 1000mAh battery, and USB-C fast charging.\" \/>\n<meta name=\"robots\" content=\"index, follow, max-snippet:-1, max-image-preview:large, max-video-preview:-1\" \/>\n<link rel=\"canonical\" href=\"https:\/\/vapemaison.com\/cs\/produkt\/vozol-star-click-50000-jednorazovy-vape-50k-puffs\/\" \/>\n<meta property=\"og:locale\" content=\"cs_CZ\" \/>\n<meta property=\"og:type\" content=\"article\" \/>\n<meta property=\"og:title\" content=\"VOZOL STAR CLICK 50000 Puffs Disposable Vape\" \/>\n<meta property=\"og:description\" content=\"Buy VOZOL STAR CLICK 50000 disposable vape with up to 50K puffs, dual power modes, adjustable airflow, 1000mAh battery, and USB-C fast charging.\" \/>\n<meta property=\"og:url\" content=\"https:\/\/vapemaison.com\/cs\/produkt\/vozol-star-click-50000-jednorazovy-vape-50k-puffs\/\" \/>\n<meta property=\"og:site_name\" content=\"VapeMaison\" \/>\n<meta property=\"article:modified_time\" content=\"2026-04-15T06:46:51+00:00\" \/>\n<meta property=\"og:image\" content=\"https:\/\/vapemaison.com\/wp-content\/uploads\/2026\/02\/vozol-star-click-50000-disposable-vape-50000-puffs-flavor-watermelon-gum.webp\" \/>\n\t<meta property=\"og:image:width\" content=\"800\" \/>\n\t<meta property=\"og:image:height\" content=\"800\" \/>\n\t<meta property=\"og:image:type\" content=\"image\/webp\" \/>\n<meta name=\"twitter:card\" content=\"summary_large_image\" \/>\n<meta name=\"twitter:label1\" content=\"Odhadovan\u00e1 doba \u010dten\u00ed\" \/>\n\t<meta name=\"twitter:data1\" content=\"3 minuty\" \/>\n<!-- \/ Yoast SEO plugin. -->","yoast_head_json":{"title":"VOZOL STAR CLICK 50000 Puffs Vape na jedno pou\u017eit\u00ed","description":"Kupte si jednor\u00e1zovou vapku VOZOL STAR CLICK 50000 s v\u00fddr\u017e\u00ed a\u017e 50 000 \u0161luk\u016f, dv\u011bma re\u017eimy v\u00fdkonu, nastaviteln\u00fdm airflow, bateri\u00ed 1000 mAh a rychl\u00fdm nab\u00edjen\u00edm p\u0159es USB-C.","robots":{"index":"index","follow":"follow","max-snippet":"max-snippet:-1","max-image-preview":"max-image-preview:large","max-video-preview":"max-video-preview:-1"},"canonical":"https:\/\/vapemaison.com\/cs\/produkt\/vozol-star-click-50000-jednorazovy-vape-50k-puffs\/","og_locale":"cs_CZ","og_type":"article","og_title":"VOZOL STAR CLICK 50000 Puffs Disposable Vape","og_description":"Buy VOZOL STAR CLICK 50000 disposable vape with up to 50K puffs, dual power modes, adjustable airflow, 1000mAh battery, and USB-C fast charging.","og_url":"https:\/\/vapemaison.com\/cs\/produkt\/vozol-star-click-50000-jednorazovy-vape-50k-puffs\/","og_site_name":"VapeMaison","article_modified_time":"2026-04-15T06:46:51+00:00","og_image":[{"width":800,"height":800,"url":"https:\/\/vapemaison.com\/wp-content\/uploads\/2026\/02\/vozol-star-click-50000-disposable-vape-50000-puffs-flavor-watermelon-gum.webp","type":"image\/webp"}],"twitter_card":"summary_large_image","twitter_misc":{"Odhadovan\u00e1 doba \u010dten\u00ed":"3 minuty"},"schema":{"@context":"https:\/\/schema.org","@graph":[{"@type":"WebPage","@id":"https:\/\/vapemaison.com\/product\/vozol-star-click-50000-disposable-vape-50k-puffs\/","url":"https:\/\/vapemaison.com\/product\/vozol-star-click-50000-disposable-vape-50k-puffs\/","name":"VOZOL STAR CLICK 50000 Puffs Vape na jedno pou\u017eit\u00ed","isPartOf":{"@id":"https:\/\/vapemaison.com\/#website"},"primaryImageOfPage":{"@id":"https:\/\/vapemaison.com\/product\/vozol-star-click-50000-disposable-vape-50k-puffs\/#primaryimage"},"image":{"@id":"https:\/\/vapemaison.com\/product\/vozol-star-click-50000-disposable-vape-50k-puffs\/#primaryimage"},"thumbnailUrl":"https:\/\/vapemaison.com\/wp-content\/uploads\/2026\/02\/vozol-star-click-50000-disposable-vape-50000-puffs-flavor-watermelon-gum.webp","datePublished":"2026-02-25T10:08:23+00:00","dateModified":"2026-04-15T06:46:51+00:00","description":"Kupte si jednor\u00e1zovou vapku VOZOL STAR CLICK 50000 s v\u00fddr\u017e\u00ed a\u017e 50 000 \u0161luk\u016f, dv\u011bma re\u017eimy v\u00fdkonu, nastaviteln\u00fdm airflow, bateri\u00ed 1000 mAh a rychl\u00fdm nab\u00edjen\u00edm p\u0159es USB-C.","breadcrumb":{"@id":"https:\/\/vapemaison.com\/product\/vozol-star-click-50000-disposable-vape-50k-puffs\/#breadcrumb"},"inLanguage":"cs","potentialAction":[{"@type":"ReadAction","target":["https:\/\/vapemaison.com\/product\/vozol-star-click-50000-disposable-vape-50k-puffs\/"]}]},{"@type":"ImageObject","inLanguage":"cs","@id":"https:\/\/vapemaison.com\/product\/vozol-star-click-50000-disposable-vape-50k-puffs\/#primaryimage","url":"https:\/\/vapemaison.com\/wp-content\/uploads\/2026\/02\/vozol-star-click-50000-disposable-vape-50000-puffs-flavor-watermelon-gum.webp","contentUrl":"https:\/\/vapemaison.com\/wp-content\/uploads\/2026\/02\/vozol-star-click-50000-disposable-vape-50000-puffs-flavor-watermelon-gum.webp","width":800,"height":800,"caption":"Vozol Star Click Disposable Vape Puffs Flavor Watermelon Gum"},{"@type":"BreadcrumbList","@id":"https:\/\/vapemaison.com\/product\/vozol-star-click-50000-disposable-vape-50k-puffs\/#breadcrumb","itemListElement":[{"@type":"ListItem","position":1,"name":"\u9996\u9875","item":"https:\/\/vapemaison.com\/"},{"@type":"ListItem","position":2,"name":"Shop","item":"https:\/\/vapemaison.com\/shop\/"},{"@type":"ListItem","position":3,"name":"Vozol","item":"https:\/\/vapemaison.com\/brand\/vozol\/"},{"@type":"ListItem","position":4,"name":"VOZOL STAR CLICK 50000 Disposable Vape \u2013 50k Puffs"}]},{"@type":"WebSite","@id":"https:\/\/vapemaison.com\/#website","url":"https:\/\/vapemaison.com\/","name":"VapeMaison","description":"Pr\u00e9miov\u00e1 vapingov\u00e1 za\u0159\u00edzen\u00ed a p\u0159\u00edslu\u0161enstv\u00ed","publisher":{"@id":"https:\/\/vapemaison.com\/#organization"},"potentialAction":[{"@type":"SearchAction","target":{"@type":"EntryPoint","urlTemplate":"https:\/\/vapemaison.com\/?s={search_term_string}"},"query-input":{"@type":"PropertyValueSpecification","valueRequired":true,"valueName":"search_term_string"}}],"inLanguage":"cs"},{"@type":"Organization","@id":"https:\/\/vapemaison.com\/#organization","name":"VapeMaison","url":"https:\/\/vapemaison.com\/","logo":{"@type":"ImageObject","inLanguage":"cs","@id":"https:\/\/vapemaison.com\/#\/schema\/logo\/image\/","url":"https:\/\/vapemaison.com\/wp-content\/uploads\/2026\/01\/cropped-vapemaison-logo-g-2026.webp","contentUrl":"https:\/\/vapemaison.com\/wp-content\/uploads\/2026\/01\/cropped-vapemaison-logo-g-2026.webp","width":350,"height":280,"caption":"VapeMaison"},"image":{"@id":"https:\/\/vapemaison.com\/#\/schema\/logo\/image\/"},"sameAs":["https:\/\/www.youtube.com\/@VapeMaison"]}]}},"tiered_pricing_type":"fixed","tiered_pricing_fixed_rules":{"30":"12.24","50":"11.56","100":"10.99","200":"9.99"},"tiered_pricing_product_settings":{"layout":"default","base_unit_name":{"singular":null,"plural":null},"default_variation":null},"tiered_pricing_minimum_quantity":10,"tiered_pricing_roles_data":[],"tiered_pricing_percentage_rules":[],"tiered_pricing_maximum_quantity":null,"tiered_pricing_quantity_step":"10","_links":{"self":[{"href":"https:\/\/vapemaison.com\/cs\/wp-json\/wp\/v2\/product\/27354","targetHints":{"allow":["GET"]}}],"collection":[{"href":"https:\/\/vapemaison.com\/cs\/wp-json\/wp\/v2\/product"}],"about":[{"href":"https:\/\/vapemaison.com\/cs\/wp-json\/wp\/v2\/types\/product"}],"replies":[{"embeddable":true,"href":"https:\/\/vapemaison.com\/cs\/wp-json\/wp\/v2\/comments?post=27354"}],"version-history":[{"count":6,"href":"https:\/\/vapemaison.com\/cs\/wp-json\/wp\/v2\/product\/27354\/revisions"}],"predecessor-version":[{"id":29417,"href":"https:\/\/vapemaison.com\/cs\/wp-json\/wp\/v2\/product\/27354\/revisions\/29417"}],"wp:featuredmedia":[{"embeddable":true,"href":"https:\/\/vapemaison.com\/cs\/wp-json\/wp\/v2\/media\/27361"}],"wp:attachment":[{"href":"https:\/\/vapemaison.com\/cs\/wp-json\/wp\/v2\/media?parent=27354"}],"wp:term":[{"taxonomy":"product_brand","embeddable":true,"href":"https:\/\/vapemaison.com\/cs\/wp-json\/wp\/v2\/product_brand?post=27354"},{"taxonomy":"product_cat","embeddable":true,"href":"https:\/\/vapemaison.com\/cs\/wp-json\/wp\/v2\/product_cat?post=27354"},{"taxonomy":"product_tag","embeddable":true,"href":"https:\/\/vapemaison.com\/cs\/wp-json\/wp\/v2\/product_tag?post=27354"}],"curies":[{"name":"wp","href":"https:\/\/api.w.org\/{rel}","templated":true}]}}