

{"id":27399,"date":"2026-02-26T08:47:12","date_gmt":"2026-02-26T08:47:12","guid":{"rendered":"https:\/\/vapemaison.com\/?post_type=product&#038;p=27399"},"modified":"2026-05-15T08:40:20","modified_gmt":"2026-05-15T08:40:20","slug":"waspe-crystal-8v1-180k-jednorazovy-vape","status":"publish","type":"product","link":"https:\/\/vapemaison.com\/cs\/product\/waspe-crystal-8in1-180k-disposable-vape\/","title":{"rendered":"Waspe Crystal 8v1 180K Vape na jedno pou\u017eit\u00ed"},"content":{"rendered":"<p>Za\u017eijte v\u00fdjime\u010dnou \u017eivotnost a v\u00fdkonnost s modelem <strong><a href=\"https:\/\/vapemaison.com\/brand\/waspe\/\" type=\"link\" id=\"https:\/\/vapemaison.com\/brand\/waspe\/\">Waspe<\/a> Crystal 8-in-1 180K Puffs Disposable Vape<\/strong>, navr\u017een\u00fd pro u\u017eivatele, kte\u0159\u00ed vy\u017eaduj\u00ed maxim\u00e1ln\u00ed kapacitu, konzistentn\u00ed chu\u0165 a dlouhodobou spolehlivost.<\/p>\n\n\n\n<p>S neuv\u011b\u0159iteln\u00fdm <strong><strong>180K Puffs<\/strong><\/strong> a masivn\u00ed <strong>Kapacita e-liquidu 68 ml<\/strong>, je toto za\u0159\u00edzen\u00ed konstruov\u00e1no pro dlouhodob\u00e9 pou\u017e\u00edv\u00e1n\u00ed bez nutnosti \u010dast\u00e9 v\u00fdm\u011bny. Pokro\u010dil\u00e9 funkce syst\u00e9mu <strong>\u010dty\u0159i c\u00edvky s oky 1,0\u03a9<\/strong>, kter\u00e1 poskytuje plynul\u00e9 proud\u011bn\u00ed vzduchu, hustou p\u00e1ru a bohatou chu\u0165 od prvn\u00edho potahu a\u017e po ten posledn\u00ed.<\/p>\n\n\n\n<p>Sada Waspe Crystal je navr\u017eena pro v\u011bt\u0161\u00ed pohodl\u00ed a obsahuje <strong>Nab\u00edjec\u00ed baterie s kapacitou 650 mAh<\/strong> s rychl\u00fdm <strong>Nab\u00edjen\u00ed typu C<\/strong>, co\u017e zaji\u0161\u0165uje nep\u0159etr\u017eit\u00fd v\u00fdkon. Vestav\u011bn\u00fd <strong>LED displej<\/strong> umo\u017e\u0148uje snadno sledovat \u00farove\u0148 nabit\u00ed baterie a stav e-liquidu. Navzdory sv\u00e9 siln\u00e9 vnit\u0159n\u00ed kapacit\u011b si za\u0159\u00edzen\u00ed udr\u017euje <strong>kompaktn\u00ed a p\u0159enosn\u00fd design<\/strong>, tak\u017ee je ide\u00e1ln\u00ed pro ka\u017edodenn\u00ed no\u0161en\u00ed.<\/p>\n\n\n\n<h2 class=\"wp-block-heading\">Specifikace produktu<\/h2>\n\n\n\n<figure class=\"wp-block-table\"><table class=\"has-fixed-layout\"><thead><tr><th>Parametr<\/th><th>Podrobnosti na<\/th><\/tr><\/thead><tbody><tr><td>Kapacita nad\u00fdchan\u00e9ho vzduchu<\/td><td><strong>180K Puffs<\/strong><\/td><\/tr><tr><td>Kapacita e-liquidu<\/td><td>68 ml<\/td><\/tr><tr><td>S\u00edla nikotinu<\/td><td>0% \/ 2% \/ 5%<\/td><\/tr><tr><td>Typ c\u00edvky<\/td><td>1,0\u03a9 Mesh Coil \u00d7 4<\/td><\/tr><tr><td>Baterie<\/td><td>Dob\u00edjec\u00ed baterie 650 mAh<\/td><\/tr><tr><td>Nab\u00edjec\u00ed port<\/td><td>Typ C<\/td><\/tr><tr><td>Zobrazit<\/td><td>LED displej (indik\u00e1tor baterie a e-liquidu)<\/td><\/tr><tr><td>Hmotnost v\u00fdrobku<\/td><td>150g<\/td><\/tr><tr><td>Velikost za\u0159\u00edzen\u00ed<\/td><td>53 \u00d7 46 \u00d7 138 mm<\/td><\/tr><\/tbody><\/table><\/figure>\n\n\n\n<h2 class=\"wp-block-heading\">Dostupn\u00e9 p\u0159\u00edchut\u011b<\/h2>\n\n\n\n<p>Melounov\u00fd led, citronov\u00fd led, kysel\u00fd mangov\u00fd led, kiwi melounov\u00fd led<br>Bor\u016fvkov\u00fd led, t\u0159e\u0161\u0148ov\u00e1 cola, jahodov\u00e1 vanilka, citronov\u00e1 t\u0159e\u0161e\u0148<br>Red Bull Ice, Strawberry Ice, Sour Fcuking Fab, Cola Ice<br>Hroznov\u00e1 zmrzlina, jahodov\u00e9 kiwi, melounov\u00e1 zmrzlina, Blue Rancher<br>Melounov\u00e1 mu\u010denka, kysel\u00e9 mango s ananasem, ban\u00e1nov\u00e1 karamelka, jahoda s bobulemi<br>Jahodov\u00fd meloun, Cool Mint, Blue Razz Ice, Blackcurrant Ice<br>Ostru\u017einov\u00fd led, Dvojit\u00e9 jablko, \u010cern\u00fd drak led, Jahodov\u00e9 kiwi<br>Red Bull s jahodami, Cherry Cola, Cherry Lemon, Tropick\u00e9 ovoce<br>Sm\u00ed\u0161en\u00e9 bobule, citronov\u00e1 limetka, bor\u016fvka malina, zelen\u00e9 jablko<br>jahoda malina t\u0159e\u0161e\u0148, jahoda meloun, kiwi meloun, citron limetka<br>jahoda ban\u00e1n, mango broskev, trojit\u00e9 bobule, jahoda ananas<br>Blue Razz Lemonade, Cherry Lemon, Blueberry Ice, Watermelon Peach<\/p>","protected":false},"excerpt":{"rendered":"<p>Velmi vysok\u00e1 kapacita a\u017e 180 000 potah\u016f pro dlouhodob\u00e9 pou\u017e\u00edv\u00e1n\u00ed.<br data-start=\"2290\" data-end=\"2293\" \/>Dob\u00edjec\u00ed konstrukce s LED displejem pro pohodln\u00e9 ka\u017edodenn\u00ed vapov\u00e1n\u00ed.<\/p>","protected":false},"featured_media":27404,"comment_status":"open","ping_status":"closed","template":"","meta":[],"product_brand":[59],"product_cat":[16],"product_tag":[],"class_list":{"0":"post-27399","1":"product","2":"type-product","3":"status-publish","4":"has-post-thumbnail","6":"product_brand-waspe","7":"product_cat-uncategorized","9":"first","10":"instock","11":"sale","12":"shipping-taxable","13":"purchasable","14":"product-type-variable"},"yoast_head":"<!-- This site is optimized with the Yoast SEO plugin v27.4 - https:\/\/yoast.com\/product\/yoast-seo-wordpress\/ -->\n<title>Waspe Crystal 8in1 180K Disposable Vape \u2013 180k Puffs<\/title>\n<meta name=\"description\" content=\"Shop Waspe Crystal 8in1 180K Disposable Vape with up to 180,000 puffs, 68ml e-liquid, 650mAh rechargeable battery, and LED display.\" \/>\n<meta name=\"robots\" content=\"index, follow, max-snippet:-1, max-image-preview:large, max-video-preview:-1\" \/>\n<link rel=\"canonical\" href=\"https:\/\/vapemaison.com\/cs\/produkt\/waspe-crystal-8v1-180k-jednorazovy-vape\/\" \/>\n<meta property=\"og:locale\" content=\"cs_CZ\" \/>\n<meta property=\"og:type\" content=\"article\" \/>\n<meta property=\"og:title\" content=\"Waspe Crystal 8in1 180K Disposable Vape \u2013 180k Puffs\" \/>\n<meta property=\"og:description\" content=\"Shop Waspe Crystal 8in1 180K Disposable Vape with up to 180,000 puffs, 68ml e-liquid, 650mAh rechargeable battery, and LED display.\" \/>\n<meta property=\"og:url\" content=\"https:\/\/vapemaison.com\/cs\/produkt\/waspe-crystal-8v1-180k-jednorazovy-vape\/\" \/>\n<meta property=\"og:site_name\" content=\"VapeMaison\" \/>\n<meta property=\"article:modified_time\" content=\"2026-05-15T08:40:20+00:00\" \/>\n<meta property=\"og:image\" content=\"https:\/\/vapemaison.com\/wp-content\/uploads\/2026\/02\/waspe-crystal-8in1-180k-puffs-disposable-vape-6.webp\" \/>\n\t<meta property=\"og:image:width\" content=\"800\" \/>\n\t<meta property=\"og:image:height\" content=\"800\" \/>\n\t<meta property=\"og:image:type\" content=\"image\/webp\" \/>\n<meta name=\"twitter:card\" content=\"summary_large_image\" \/>\n<meta name=\"twitter:label1\" content=\"Odhadovan\u00e1 doba \u010dten\u00ed\" \/>\n\t<meta name=\"twitter:data1\" content=\"2 minuty\" \/>\n<!-- \/ Yoast SEO plugin. -->","yoast_head_json":{"title":"Waspe Crystal 8v1 180K Vape na jedno pou\u017eit\u00ed - 180k Puffs","description":"Jednor\u00e1zov\u00fd vape Waspe Crystal 8v1 180K s v\u00fddr\u017e\u00ed a\u017e 180 000 potah\u016f, 68 ml e-liquidu, dob\u00edjec\u00ed bateri\u00ed 650 mAh a LED displejem.","robots":{"index":"index","follow":"follow","max-snippet":"max-snippet:-1","max-image-preview":"max-image-preview:large","max-video-preview":"max-video-preview:-1"},"canonical":"https:\/\/vapemaison.com\/cs\/produkt\/waspe-crystal-8v1-180k-jednorazovy-vape\/","og_locale":"cs_CZ","og_type":"article","og_title":"Waspe Crystal 8in1 180K Disposable Vape \u2013 180k Puffs","og_description":"Shop Waspe Crystal 8in1 180K Disposable Vape with up to 180,000 puffs, 68ml e-liquid, 650mAh rechargeable battery, and LED display.","og_url":"https:\/\/vapemaison.com\/cs\/produkt\/waspe-crystal-8v1-180k-jednorazovy-vape\/","og_site_name":"VapeMaison","article_modified_time":"2026-05-15T08:40:20+00:00","og_image":[{"width":800,"height":800,"url":"https:\/\/vapemaison.com\/wp-content\/uploads\/2026\/02\/waspe-crystal-8in1-180k-puffs-disposable-vape-6.webp","type":"image\/webp"}],"twitter_card":"summary_large_image","twitter_misc":{"Odhadovan\u00e1 doba \u010dten\u00ed":"2 minuty"},"schema":{"@context":"https:\/\/schema.org","@graph":[{"@type":"WebPage","@id":"https:\/\/vapemaison.com\/product\/waspe-crystal-8in1-180k-disposable-vape\/","url":"https:\/\/vapemaison.com\/product\/waspe-crystal-8in1-180k-disposable-vape\/","name":"Waspe Crystal 8v1 180K Vape na jedno pou\u017eit\u00ed - 180k Puffs","isPartOf":{"@id":"https:\/\/vapemaison.com\/#website"},"primaryImageOfPage":{"@id":"https:\/\/vapemaison.com\/product\/waspe-crystal-8in1-180k-disposable-vape\/#primaryimage"},"image":{"@id":"https:\/\/vapemaison.com\/product\/waspe-crystal-8in1-180k-disposable-vape\/#primaryimage"},"thumbnailUrl":"https:\/\/vapemaison.com\/wp-content\/uploads\/2026\/02\/waspe-crystal-8in1-180k-puffs-disposable-vape-6.webp","datePublished":"2026-02-26T08:47:12+00:00","dateModified":"2026-05-15T08:40:20+00:00","description":"Jednor\u00e1zov\u00fd vape Waspe Crystal 8v1 180K s v\u00fddr\u017e\u00ed a\u017e 180 000 potah\u016f, 68 ml e-liquidu, dob\u00edjec\u00ed bateri\u00ed 650 mAh a LED displejem.","breadcrumb":{"@id":"https:\/\/vapemaison.com\/product\/waspe-crystal-8in1-180k-disposable-vape\/#breadcrumb"},"inLanguage":"cs","potentialAction":[{"@type":"ReadAction","target":["https:\/\/vapemaison.com\/product\/waspe-crystal-8in1-180k-disposable-vape\/"]}]},{"@type":"ImageObject","inLanguage":"cs","@id":"https:\/\/vapemaison.com\/product\/waspe-crystal-8in1-180k-disposable-vape\/#primaryimage","url":"https:\/\/vapemaison.com\/wp-content\/uploads\/2026\/02\/waspe-crystal-8in1-180k-puffs-disposable-vape-6.webp","contentUrl":"https:\/\/vapemaison.com\/wp-content\/uploads\/2026\/02\/waspe-crystal-8in1-180k-puffs-disposable-vape-6.webp","width":800,"height":800,"caption":"Waspe Crystal 8in1 180k Puffs Disposable Vape detail"},{"@type":"BreadcrumbList","@id":"https:\/\/vapemaison.com\/product\/waspe-crystal-8in1-180k-disposable-vape\/#breadcrumb","itemListElement":[{"@type":"ListItem","position":1,"name":"\u9996\u9875","item":"https:\/\/vapemaison.com\/"},{"@type":"ListItem","position":2,"name":"Shop","item":"https:\/\/vapemaison.com\/shop\/"},{"@type":"ListItem","position":3,"name":"Waspe","item":"https:\/\/vapemaison.com\/brand\/waspe\/"},{"@type":"ListItem","position":4,"name":"Waspe Crystal 8in1 180K Disposable Vape"}]},{"@type":"WebSite","@id":"https:\/\/vapemaison.com\/#website","url":"https:\/\/vapemaison.com\/","name":"VapeMaison","description":"Pr\u00e9miov\u00e1 vapingov\u00e1 za\u0159\u00edzen\u00ed a p\u0159\u00edslu\u0161enstv\u00ed","publisher":{"@id":"https:\/\/vapemaison.com\/#organization"},"potentialAction":[{"@type":"SearchAction","target":{"@type":"EntryPoint","urlTemplate":"https:\/\/vapemaison.com\/?s={search_term_string}"},"query-input":{"@type":"PropertyValueSpecification","valueRequired":true,"valueName":"search_term_string"}}],"inLanguage":"cs"},{"@type":"Organization","@id":"https:\/\/vapemaison.com\/#organization","name":"VapeMaison","url":"https:\/\/vapemaison.com\/","logo":{"@type":"ImageObject","inLanguage":"cs","@id":"https:\/\/vapemaison.com\/#\/schema\/logo\/image\/","url":"https:\/\/vapemaison.com\/wp-content\/uploads\/2026\/01\/cropped-vapemaison-logo-g-2026.webp","contentUrl":"https:\/\/vapemaison.com\/wp-content\/uploads\/2026\/01\/cropped-vapemaison-logo-g-2026.webp","width":350,"height":280,"caption":"VapeMaison"},"image":{"@id":"https:\/\/vapemaison.com\/#\/schema\/logo\/image\/"},"sameAs":["https:\/\/www.youtube.com\/@VapeMaison"]}]}},"tiered_pricing_type":"fixed","tiered_pricing_fixed_rules":{"100":"9.78","200":"8.99"},"tiered_pricing_product_settings":{"layout":"default","base_unit_name":{"singular":null,"plural":null},"default_variation":null},"tiered_pricing_minimum_quantity":50,"tiered_pricing_roles_data":[],"tiered_pricing_percentage_rules":[],"tiered_pricing_maximum_quantity":null,"tiered_pricing_quantity_step":"10","_links":{"self":[{"href":"https:\/\/vapemaison.com\/cs\/wp-json\/wp\/v2\/product\/27399","targetHints":{"allow":["GET"]}}],"collection":[{"href":"https:\/\/vapemaison.com\/cs\/wp-json\/wp\/v2\/product"}],"about":[{"href":"https:\/\/vapemaison.com\/cs\/wp-json\/wp\/v2\/types\/product"}],"replies":[{"embeddable":true,"href":"https:\/\/vapemaison.com\/cs\/wp-json\/wp\/v2\/comments?post=27399"}],"version-history":[{"count":6,"href":"https:\/\/vapemaison.com\/cs\/wp-json\/wp\/v2\/product\/27399\/revisions"}],"predecessor-version":[{"id":29515,"href":"https:\/\/vapemaison.com\/cs\/wp-json\/wp\/v2\/product\/27399\/revisions\/29515"}],"wp:featuredmedia":[{"embeddable":true,"href":"https:\/\/vapemaison.com\/cs\/wp-json\/wp\/v2\/media\/27404"}],"wp:attachment":[{"href":"https:\/\/vapemaison.com\/cs\/wp-json\/wp\/v2\/media?parent=27399"}],"wp:term":[{"taxonomy":"product_brand","embeddable":true,"href":"https:\/\/vapemaison.com\/cs\/wp-json\/wp\/v2\/product_brand?post=27399"},{"taxonomy":"product_cat","embeddable":true,"href":"https:\/\/vapemaison.com\/cs\/wp-json\/wp\/v2\/product_cat?post=27399"},{"taxonomy":"product_tag","embeddable":true,"href":"https:\/\/vapemaison.com\/cs\/wp-json\/wp\/v2\/product_tag?post=27399"}],"curies":[{"name":"wp","href":"https:\/\/api.w.org\/{rel}","templated":true}]}}