

{"id":27451,"date":"2026-02-26T09:56:19","date_gmt":"2026-02-26T09:56:19","guid":{"rendered":"https:\/\/vapemaison.com\/?post_type=product&#038;p=27451"},"modified":"2026-04-11T06:06:04","modified_gmt":"2026-04-11T06:06:04","slug":"airmez-xbeats-pro-50000-smart-vape-se-sluchatky-bluetooth","status":"publish","type":"product","link":"https:\/\/vapemaison.com\/cs\/product\/airmez-xbeats-pro-50000-smart-vape-with-bluetooth-earbuds\/","title":{"rendered":"Airmez Xbeats Pro 50000 Smart Vape s Bluetooth sluch\u00e1tky do u\u0161\u00ed"},"content":{"rendered":"<p>Vychutnejte si zcela nov\u00fd z\u00e1\u017eitek z vapov\u00e1n\u00ed s p\u0159\u00edstrojem <strong>Airmez Xbeats Pro 50000 Vape na jedno pou\u017eit\u00ed<\/strong>, prvn\u00ed inovativn\u00ed za\u0159\u00edzen\u00ed na sv\u011bt\u011b, kter\u00e9 kombinuje vysokokapacitn\u00ed vaping se zabudovan\u00fdmi sluch\u00e1tky TWS Bluetooth.<\/p>\n\n\n\n<p>Toto chytr\u00e9 za\u0159\u00edzen\u00ed je navr\u017eeno pro z\u00e1bavu i v\u00fdkon a poskytuje a\u017e <strong>50 000 vdech\u016f<\/strong> a z\u00e1rove\u0148 obsahuje <strong>Bezdr\u00e1tov\u00e1 sluch\u00e1tka Hi-Fi s technologi\u00ed Bluetooth 5.0<\/strong>. V\u00fdkonn\u00e1 intern\u00ed dob\u00edjec\u00ed baterie podporuje vaping i nab\u00edjen\u00ed sluch\u00e1tek, tak\u017ee si m\u016f\u017eete vychutnat bohatou p\u00e1ru a svou obl\u00edbenou hudbu kdykoli a kdekoli.<\/p>\n\n\n\n<p>Vybaveno <strong>Technologie du\u00e1ln\u00ed s\u00ed\u0165ov\u00e9 c\u00edvky 2. generace<\/strong>, Airmez Xbeats Pro zaji\u0161\u0165uje plynul\u00e9 proud\u011bn\u00ed vzduchu, lep\u0161\u00ed chu\u0165 a konzistentn\u00ed produkci p\u00e1ry. Pohodln\u00fd <strong>bo\u010dn\u00ed digit\u00e1ln\u00ed displej<\/strong> zobrazuje stav baterie a e-liquidu v re\u00e1ln\u00e9m \u010dase, zat\u00edmco na displeji <strong>syst\u00e9m aktivovan\u00fd tahem<\/strong> umo\u017e\u0148uje snadn\u00e9 ovl\u00e1d\u00e1n\u00ed bez pou\u017eit\u00ed tla\u010d\u00edtek.<\/p>\n\n\n\n<p>Toto univerz\u00e1ln\u00ed za\u0159\u00edzen\u00ed je ide\u00e1ln\u00ed pro u\u017eivatele, kte\u0159\u00ed hledaj\u00ed dlouhotrvaj\u00edc\u00ed v\u00fdkon, modern\u00ed funkce a jedine\u010dn\u00fd z\u00e1\u017eitek z vapov\u00e1n\u00ed.<\/p>\n\n\n\n<h2 class=\"wp-block-heading\">Specifikace produktu<\/h2>\n\n\n\n<figure class=\"wp-block-table is-style-stripes\"><table class=\"has-fixed-layout\"><thead><tr><th>Parametr<\/th><th>Podrobnosti na<\/th><\/tr><\/thead><tbody><tr><td>Kapacita nad\u00fdchan\u00e9ho vzduchu<\/td><td>A\u017e 50 000 vdech\u016f<\/td><\/tr><tr><td>S\u00edla nikotinu<\/td><td>5% (50 mg)<\/td><\/tr><tr><td>Typ c\u00edvky<\/td><td>Gen 2 Dual Mesh Coil<\/td><\/tr><tr><td>Baterie<\/td><td>Dob\u00edjec\u00ed (podporuje nab\u00edjen\u00ed sluch\u00e1tek)<\/td><\/tr><tr><td>Nab\u00edjec\u00ed port<\/td><td>USB typu C<\/td><\/tr><tr><td>Sluch\u00e1tka<\/td><td>Vestav\u011bn\u00e1 sluch\u00e1tka Hi-Fi TWS do u\u0161\u00ed<\/td><\/tr><tr><td>Verze Bluetooth<\/td><td>Bluetooth 5.0<\/td><\/tr><tr><td>Zobrazit<\/td><td>Bo\u010dn\u00ed digit\u00e1ln\u00ed obrazovka (baterie a e-liquid)<\/td><\/tr><tr><td>Aktivace<\/td><td>Kreslen\u00ed aktivovan\u00e9<\/td><\/tr><tr><td>Styl vapov\u00e1n\u00ed<\/td><td>MTL (Mouth-to-Lung)<\/td><\/tr><\/tbody><\/table><\/figure>\n\n\n\n<h2 class=\"wp-block-heading\">Dostupn\u00e9 p\u0159\u00edchut\u011b<\/h2>\n\n\n\n<p>Bor\u016fvkov\u00fd meloun<br>\u0160\u0165avnat\u00e1 broskev<br>Hroznov\u00fd led<br>Jahodov\u00fd B-pop<br>Sour Fucking Fab<br>Blue Razz Ice<br>Ledov\u00e1 m\u00e1ta<br>R\u016f\u017eov\u00fd kr\u00e9m Spirit<\/p>\n\n\n\n<p>Pokud zkoum\u00e1te dal\u0161\u00ed mo\u017enosti nad r\u00e1mec <strong><strong>Airmez Xbeats Pro 50000<\/strong><\/strong>, je toho je\u0161t\u011b spousta k objevov\u00e1n\u00ed. M\u016f\u017eete si prohl\u00e9dnout n\u00e1\u0161 kompletn\u00ed <strong><a href=\"https:\/\/vapemaison.com\/shop\/\" type=\"link\" id=\"https:\/\/vapemaison.com\/shop\/\">Kolekce obchod\u016f<\/a><\/strong> najdete \u0161irokou \u0161k\u00e1lu vysoce v\u00fdkonn\u00fdch jednor\u00e1zov\u00fdch vap\u016f s r\u016fzn\u00fdm po\u010dtem \u0161luk\u016f, funkcemi a chu\u0165ov\u00fdmi profily, kter\u00e9 odpov\u00eddaj\u00ed va\u0161im preferenc\u00edm.<\/p>\n\n\n\n<p>Pokud se v\u00e1m l\u00edb\u00ed design a inovace tohoto za\u0159\u00edzen\u00ed, doporu\u010dujeme v\u00e1m pod\u00edvat se na dal\u0161\u00ed produkty od spole\u010dnosti <strong><a href=\"https:\/\/vapemaison.com\/brand\/airmez\/\" type=\"link\" id=\"https:\/\/vapemaison.com\/brand\/airmez\/\">Slo\u017een\u00ed spole\u010dnosti Airmez<\/a><\/strong>, kde najdete podobn\u011b pokro\u010dil\u00e9 modely s jedine\u010dn\u00fdmi funkcemi a prvot\u0159\u00eddn\u00ed kvalitou proveden\u00ed.<\/p>\n\n\n\n<p>Pro ty, kte\u0159\u00ed maj\u00ed z\u00e1jem o za\u0159\u00edzen\u00ed s dlouhou \u017eivotnost\u00ed, si nenechte uj\u00edt na\u0161i nab\u00eddku. <strong><a href=\"https:\/\/vapemaison.com\/product-category\/puffs-count\/50k-puffs\/\" type=\"link\" id=\"https:\/\/vapemaison.com\/product-category\/puffs-count\/50k-puffs\/\">50K obl\u00e1\u010dk\u016f<\/a><\/strong> jednor\u00e1zov\u00e9 vapes. Tyto mo\u017enosti nab\u00edzej\u00ed del\u0161\u00ed pou\u017e\u00edv\u00e1n\u00ed, bohat\u00e9 pod\u00e1n\u00ed chuti a vynikaj\u00edc\u00ed hodnotu pro u\u017eivatele, kte\u0159\u00ed cht\u011bj\u00ed m\u00e9n\u011b v\u00fdm\u011bn bez sn\u00ed\u017een\u00ed v\u00fdkonu.<\/p>\n\n\n\n<p>Prozkoumejte v\u00edce a najd\u011bte si dokonal\u00fd vape, kter\u00fd vyhovuje va\u0161emu stylu a pot\u0159eb\u00e1m.<\/p>\n\n\n\n<p><\/p>","protected":false},"excerpt":{"rendered":"<p data-start=\"1799\" data-end=\"1972\">Inovativn\u00ed design 2 v 1 se zabudovan\u00fdmi sluch\u00e1tky Bluetooth a v\u00fddr\u017e\u00ed a\u017e 50 000 potah\u016f.<br data-start=\"1879\" data-end=\"1882\" \/>Dob\u00edjec\u00ed chytr\u00e1 vape s digit\u00e1ln\u00edm displejem pro dlouhotrvaj\u00edc\u00ed v\u00fdkon a pohodl\u00ed.<\/p>","protected":false},"featured_media":27459,"comment_status":"open","ping_status":"closed","template":"","meta":[],"product_brand":[314],"product_cat":[136],"product_tag":[],"class_list":{"0":"post-27451","1":"product","2":"type-product","3":"status-publish","4":"has-post-thumbnail","6":"product_brand-airmez","7":"product_cat-50k-puffs","9":"first","10":"instock","11":"sale","12":"shipping-taxable","13":"purchasable","14":"product-type-variable"},"yoast_head":"<!-- This site is optimized with the Yoast SEO plugin v27.4 - https:\/\/yoast.com\/product\/yoast-seo-wordpress\/ -->\n<title>Airmez Xbeats Pro 50000 Smart Vape with Bluetooth Earbuds<\/title>\n<meta name=\"description\" content=\"Discover Airmez Xbeats Pro 50000 disposable vape with built-in Bluetooth 5.0 TWS earbuds, up to 50,000 puffs, dual mesh coils, rechargeable battery.\" \/>\n<meta name=\"robots\" content=\"index, follow, max-snippet:-1, max-image-preview:large, max-video-preview:-1\" \/>\n<link rel=\"canonical\" href=\"https:\/\/vapemaison.com\/cs\/produkt\/airmez-xbeats-pro-50000-smart-vape-se-sluchatky-bluetooth\/\" \/>\n<meta property=\"og:locale\" content=\"cs_CZ\" \/>\n<meta property=\"og:type\" content=\"article\" \/>\n<meta property=\"og:title\" content=\"Airmez Xbeats Pro 50000 Smart Vape with Bluetooth Earbuds\" \/>\n<meta property=\"og:description\" content=\"Discover Airmez Xbeats Pro 50000 disposable vape with built-in Bluetooth 5.0 TWS earbuds, up to 50,000 puffs, dual mesh coils, rechargeable battery.\" \/>\n<meta property=\"og:url\" content=\"https:\/\/vapemaison.com\/cs\/produkt\/airmez-xbeats-pro-50000-smart-vape-se-sluchatky-bluetooth\/\" \/>\n<meta property=\"og:site_name\" content=\"VapeMaison\" \/>\n<meta property=\"article:modified_time\" content=\"2026-04-11T06:06:04+00:00\" \/>\n<meta property=\"og:image\" content=\"https:\/\/vapemaison.com\/wp-content\/uploads\/2026\/02\/airmez-xbeats-pro-50000-puffs-x-beats-disposable-vape-strawberry-b-pop.webp\" \/>\n\t<meta property=\"og:image:width\" content=\"1280\" \/>\n\t<meta property=\"og:image:height\" content=\"1280\" \/>\n\t<meta property=\"og:image:type\" content=\"image\/webp\" \/>\n<meta name=\"twitter:card\" content=\"summary_large_image\" \/>\n<meta name=\"twitter:label1\" content=\"Odhadovan\u00e1 doba \u010dten\u00ed\" \/>\n\t<meta name=\"twitter:data1\" content=\"2 minuty\" \/>\n<!-- \/ Yoast SEO plugin. -->","yoast_head_json":{"title":"Airmez Xbeats Pro 50000 Smart Vape s Bluetooth sluch\u00e1tky do u\u0161\u00ed","description":"Objevte jednor\u00e1zov\u00fd vape Airmez Xbeats Pro 50000 s vestav\u011bn\u00fdmi sluch\u00e1tky Bluetooth 5.0 TWS, v\u00fddr\u017e\u00ed a\u017e 50 000 potah\u016f, dv\u011bma s\u00ed\u0165ov\u00fdmi spir\u00e1lkami a dob\u00edjec\u00ed bateri\u00ed.","robots":{"index":"index","follow":"follow","max-snippet":"max-snippet:-1","max-image-preview":"max-image-preview:large","max-video-preview":"max-video-preview:-1"},"canonical":"https:\/\/vapemaison.com\/cs\/produkt\/airmez-xbeats-pro-50000-smart-vape-se-sluchatky-bluetooth\/","og_locale":"cs_CZ","og_type":"article","og_title":"Airmez Xbeats Pro 50000 Smart Vape with Bluetooth Earbuds","og_description":"Discover Airmez Xbeats Pro 50000 disposable vape with built-in Bluetooth 5.0 TWS earbuds, up to 50,000 puffs, dual mesh coils, rechargeable battery.","og_url":"https:\/\/vapemaison.com\/cs\/produkt\/airmez-xbeats-pro-50000-smart-vape-se-sluchatky-bluetooth\/","og_site_name":"VapeMaison","article_modified_time":"2026-04-11T06:06:04+00:00","og_image":[{"width":1280,"height":1280,"url":"https:\/\/vapemaison.com\/wp-content\/uploads\/2026\/02\/airmez-xbeats-pro-50000-puffs-x-beats-disposable-vape-strawberry-b-pop.webp","type":"image\/webp"}],"twitter_card":"summary_large_image","twitter_misc":{"Odhadovan\u00e1 doba \u010dten\u00ed":"2 minuty"},"schema":{"@context":"https:\/\/schema.org","@graph":[{"@type":"WebPage","@id":"https:\/\/vapemaison.com\/product\/airmez-xbeats-pro-50000-smart-vape-with-bluetooth-earbuds\/","url":"https:\/\/vapemaison.com\/product\/airmez-xbeats-pro-50000-smart-vape-with-bluetooth-earbuds\/","name":"Airmez Xbeats Pro 50000 Smart Vape s Bluetooth sluch\u00e1tky do u\u0161\u00ed","isPartOf":{"@id":"https:\/\/vapemaison.com\/#website"},"primaryImageOfPage":{"@id":"https:\/\/vapemaison.com\/product\/airmez-xbeats-pro-50000-smart-vape-with-bluetooth-earbuds\/#primaryimage"},"image":{"@id":"https:\/\/vapemaison.com\/product\/airmez-xbeats-pro-50000-smart-vape-with-bluetooth-earbuds\/#primaryimage"},"thumbnailUrl":"https:\/\/vapemaison.com\/wp-content\/uploads\/2026\/02\/airmez-xbeats-pro-50000-puffs-x-beats-disposable-vape-strawberry-b-pop.webp","datePublished":"2026-02-26T09:56:19+00:00","dateModified":"2026-04-11T06:06:04+00:00","description":"Objevte jednor\u00e1zov\u00fd vape Airmez Xbeats Pro 50000 s vestav\u011bn\u00fdmi sluch\u00e1tky Bluetooth 5.0 TWS, v\u00fddr\u017e\u00ed a\u017e 50 000 potah\u016f, dv\u011bma s\u00ed\u0165ov\u00fdmi spir\u00e1lkami a dob\u00edjec\u00ed bateri\u00ed.","breadcrumb":{"@id":"https:\/\/vapemaison.com\/product\/airmez-xbeats-pro-50000-smart-vape-with-bluetooth-earbuds\/#breadcrumb"},"inLanguage":"cs","potentialAction":[{"@type":"ReadAction","target":["https:\/\/vapemaison.com\/product\/airmez-xbeats-pro-50000-smart-vape-with-bluetooth-earbuds\/"]}]},{"@type":"ImageObject","inLanguage":"cs","@id":"https:\/\/vapemaison.com\/product\/airmez-xbeats-pro-50000-smart-vape-with-bluetooth-earbuds\/#primaryimage","url":"https:\/\/vapemaison.com\/wp-content\/uploads\/2026\/02\/airmez-xbeats-pro-50000-puffs-x-beats-disposable-vape-strawberry-b-pop.webp","contentUrl":"https:\/\/vapemaison.com\/wp-content\/uploads\/2026\/02\/airmez-xbeats-pro-50000-puffs-x-beats-disposable-vape-strawberry-b-pop.webp","width":1280,"height":1280,"caption":"Airmez Xbeats Pro Puffs X Beats Disposable Vape Strawberry B Pop"},{"@type":"BreadcrumbList","@id":"https:\/\/vapemaison.com\/product\/airmez-xbeats-pro-50000-smart-vape-with-bluetooth-earbuds\/#breadcrumb","itemListElement":[{"@type":"ListItem","position":1,"name":"\u9996\u9875","item":"https:\/\/vapemaison.com\/"},{"@type":"ListItem","position":2,"name":"Shop","item":"https:\/\/vapemaison.com\/shop\/"},{"@type":"ListItem","position":3,"name":"Airmez","item":"https:\/\/vapemaison.com\/brand\/airmez\/"},{"@type":"ListItem","position":4,"name":"Airmez Xbeats Pro 50000 Smart Vape with Bluetooth Earbuds"}]},{"@type":"WebSite","@id":"https:\/\/vapemaison.com\/#website","url":"https:\/\/vapemaison.com\/","name":"VapeMaison","description":"Pr\u00e9miov\u00e1 vapingov\u00e1 za\u0159\u00edzen\u00ed a p\u0159\u00edslu\u0161enstv\u00ed","publisher":{"@id":"https:\/\/vapemaison.com\/#organization"},"potentialAction":[{"@type":"SearchAction","target":{"@type":"EntryPoint","urlTemplate":"https:\/\/vapemaison.com\/?s={search_term_string}"},"query-input":{"@type":"PropertyValueSpecification","valueRequired":true,"valueName":"search_term_string"}}],"inLanguage":"cs"},{"@type":"Organization","@id":"https:\/\/vapemaison.com\/#organization","name":"VapeMaison","url":"https:\/\/vapemaison.com\/","logo":{"@type":"ImageObject","inLanguage":"cs","@id":"https:\/\/vapemaison.com\/#\/schema\/logo\/image\/","url":"https:\/\/vapemaison.com\/wp-content\/uploads\/2026\/01\/cropped-vapemaison-logo-g-2026.webp","contentUrl":"https:\/\/vapemaison.com\/wp-content\/uploads\/2026\/01\/cropped-vapemaison-logo-g-2026.webp","width":350,"height":280,"caption":"VapeMaison"},"image":{"@id":"https:\/\/vapemaison.com\/#\/schema\/logo\/image\/"},"sameAs":["https:\/\/www.youtube.com\/@VapeMaison"]}]}},"tiered_pricing_type":"fixed","tiered_pricing_fixed_rules":{"30":"12.34","50":"11.23","100":"10.56","200":"9.99"},"tiered_pricing_product_settings":{"layout":"default","base_unit_name":{"singular":null,"plural":null},"default_variation":null},"tiered_pricing_minimum_quantity":10,"tiered_pricing_roles_data":[],"tiered_pricing_percentage_rules":[],"tiered_pricing_maximum_quantity":null,"tiered_pricing_quantity_step":"10","_links":{"self":[{"href":"https:\/\/vapemaison.com\/cs\/wp-json\/wp\/v2\/product\/27451","targetHints":{"allow":["GET"]}}],"collection":[{"href":"https:\/\/vapemaison.com\/cs\/wp-json\/wp\/v2\/product"}],"about":[{"href":"https:\/\/vapemaison.com\/cs\/wp-json\/wp\/v2\/types\/product"}],"replies":[{"embeddable":true,"href":"https:\/\/vapemaison.com\/cs\/wp-json\/wp\/v2\/comments?post=27451"}],"version-history":[{"count":3,"href":"https:\/\/vapemaison.com\/cs\/wp-json\/wp\/v2\/product\/27451\/revisions"}],"predecessor-version":[{"id":29272,"href":"https:\/\/vapemaison.com\/cs\/wp-json\/wp\/v2\/product\/27451\/revisions\/29272"}],"wp:featuredmedia":[{"embeddable":true,"href":"https:\/\/vapemaison.com\/cs\/wp-json\/wp\/v2\/media\/27459"}],"wp:attachment":[{"href":"https:\/\/vapemaison.com\/cs\/wp-json\/wp\/v2\/media?parent=27451"}],"wp:term":[{"taxonomy":"product_brand","embeddable":true,"href":"https:\/\/vapemaison.com\/cs\/wp-json\/wp\/v2\/product_brand?post=27451"},{"taxonomy":"product_cat","embeddable":true,"href":"https:\/\/vapemaison.com\/cs\/wp-json\/wp\/v2\/product_cat?post=27451"},{"taxonomy":"product_tag","embeddable":true,"href":"https:\/\/vapemaison.com\/cs\/wp-json\/wp\/v2\/product_tag?post=27451"}],"curies":[{"name":"wp","href":"https:\/\/api.w.org\/{rel}","templated":true}]}}