

{"id":27497,"date":"2026-02-27T09:19:39","date_gmt":"2026-02-27T09:19:39","guid":{"rendered":"https:\/\/vapemaison.com\/?post_type=product&#038;p=27497"},"modified":"2026-02-27T09:19:45","modified_gmt":"2026-02-27T09:19:45","slug":"razz-bar-50k-puffs-jednorazove-vape","status":"publish","type":"product","link":"https:\/\/vapemaison.com\/cs\/product\/razz-bar-50k-puffs-disposable-vape\/","title":{"rendered":"RAZZ BAR 50K Puffs Vape na jedno pou\u017eit\u00ed"},"content":{"rendered":"<p>Na str\u00e1nk\u00e1ch <strong>RAZZ BAR 50K Jednor\u00e1zov\u00e9 vape<\/strong> p\u0159in\u00e1\u0161\u00ed silnou kombinaci vysok\u00e9 kapacity, spolehliv\u00e9ho v\u00fdkonu a dlouhodob\u00e9 hodnoty. Je navr\u017een pro u\u017eivatele, kte\u0159\u00ed od jednor\u00e1zov\u00e9ho za\u0159\u00edzen\u00ed o\u010dek\u00e1vaj\u00ed v\u00edce, a poskytuje plynul\u00fd a konzistentn\u00ed z\u00e1\u017eitek od prvn\u00edho a\u017e po posledn\u00ed \u0161luknut\u00ed.<\/p>\n\n\n\n<p>Vestav\u011bn\u00fd <strong>Nab\u00edjec\u00ed baterie s kapacitou 650 mAh<\/strong> zaji\u0161\u0165uje stabiln\u00ed nap\u00e1jen\u00ed po celou dobu \u017eivotnosti. U\u017eivatel\u00e9 mohou za\u0159\u00edzen\u00ed rychle dob\u00edjet pomoc\u00ed <strong>Port Type-C<\/strong> a pokra\u010dovat ve vapov\u00e1n\u00ed bez p\u0159eru\u0161en\u00ed. Tato dob\u00edjec\u00ed konstrukce z\u00e1rove\u0148 sni\u017euje pl\u00fdtv\u00e1n\u00ed bateri\u00ed a zvy\u0161uje celkovou \u00fa\u010dinnost.<\/p>\n\n\n\n<p>Krom\u011b toho pokro\u010dil\u00e9 <strong>technologie s\u00ed\u0165ov\u00e9 c\u00edvky<\/strong> zlep\u0161uje chu\u0165 i produkci p\u00e1ry. C\u00edvka zah\u0159\u00edv\u00e1 e-liquid rovnom\u011brn\u011b, tak\u017ee ka\u017ed\u00e9 pota\u017een\u00ed z\u016fst\u00e1v\u00e1 hladk\u00e9, bohat\u00e9 a konzistentn\u00ed. U\u017eivatel\u00e9 proto za\u017e\u00edvaj\u00ed vyv\u00e1\u017een\u00fd v\u00fdkon bez sp\u00e1len\u00e9 chuti nebo ztr\u00e1ty aromatu.<\/p>\n\n\n\n<p>Vysokokapacitn\u00ed konstrukce podporuje del\u0161\u00ed pou\u017e\u00edv\u00e1n\u00ed, tak\u017ee je za\u0159\u00edzen\u00ed vhodn\u00e9 pro aktivn\u00ed \u017eivotn\u00ed styl a pohodl\u00ed na cest\u00e1ch. Navzdory velk\u00e9mu v\u00fdkonu z\u016fst\u00e1v\u00e1 konstrukce praktick\u00e1 pro skladov\u00e1n\u00ed, p\u0159epravu a vystaven\u00ed v maloobchod\u011b.<\/p>\n\n\n\n<p>Krom\u011b toho je RAZZ BAR k dispozici v n\u011bkolika sil\u00e1ch nikotinu a v \u0161irok\u00e9 \u0161k\u00e1le obl\u00edben\u00fdch p\u0159\u00edchut\u00ed. Tato rozmanitost pom\u00e1h\u00e1 prodejc\u016fm uspokojit r\u016fzn\u00e9 preference z\u00e1kazn\u00edk\u016f a zvy\u0161uje obrat v\u00fdrobk\u016f.<\/p>\n\n\n\n<h2 class=\"wp-block-heading\">Specifikace produktu<\/h2>\n\n\n\n<figure class=\"wp-block-table\"><table class=\"has-fixed-layout\"><thead><tr><th>Parametr<\/th><th>Podrobnosti na<\/th><\/tr><\/thead><tbody><tr><td>Kapacita nad\u00fdchan\u00e9ho vzduchu<\/td><td>A\u017e 50 000 vdech\u016f<\/td><\/tr><tr><td>S\u00edla nikotinu<\/td><td>2% \/ 5%<\/td><\/tr><tr><td>Typ c\u00edvky<\/td><td>S\u00ed\u0165ov\u00e1 c\u00edvka<\/td><\/tr><tr><td>Baterie<\/td><td>Dob\u00edjec\u00ed baterie 650 mAh<\/td><\/tr><tr><td>Nab\u00edjec\u00ed port<\/td><td>Typ C<\/td><\/tr><tr><td>Typ za\u0159\u00edzen\u00ed<\/td><td>Jednor\u00e1zov\u00e9 (dob\u00edjec\u00ed)<\/td><\/tr><tr><td>Mno\u017estv\u00ed v kartonu<\/td><td>200 ks v kartonu<\/td><\/tr><tr><td>Hmotnost kartonu<\/td><td>23 kg<\/td><\/tr><tr><td>Velikost kartonu<\/td><td>60,5 \u00d7 36 \u00d7 25,5 cm<\/td><\/tr><tr><td>Mo\u017enosti p\u0159\u00edchut\u00ed<\/td><td>16 p\u0159\u00edchut\u00ed<\/td><\/tr><\/tbody><\/table><\/figure>\n\n\n\n<h2 class=\"wp-block-heading\">Dostupn\u00e9 p\u0159\u00edchut\u011b<\/h2>\n\n\n\n<p>Malinov\u00fd meloun<br>Jahodov\u00e1 zmrzlina<br>Red Bull Grape<br>Tropick\u00e9 ovoce<br>Ban\u00e1n<br>Bor\u016fvkov\u00fd led<br>Broskvov\u00fd led<br>Ananasov\u00fd kokos<br>Melounov\u00fd led<br>Lemon Lime<br>Jahodov\u00fd ban\u00e1n<br>Pan Modr\u00fd<br>Jahodov\u00e1 \u017ev\u00fdka\u010dka s melounem<br>R\u016f\u017eov\u00e1 limon\u00e1da<br>Cherry Cola<br>Gumov\u00fd medv\u00eddek<\/p>\n\n\n\n<figure class=\"wp-block-image aligncenter size-full has-custom-border\"><a href=\"https:\/\/vapemaison.com\/wp-content\/uploads\/2026\/02\/vapemaison-puff-30000-razz-bar-16-parfums-flavor-list.webp\"><img fetchpriority=\"high\" decoding=\"async\" width=\"493\" height=\"838\" src=\"https:\/\/vapemaison.com\/wp-content\/uploads\/2026\/02\/vapemaison-puff-30000-razz-bar-16-parfums-flavor-list.webp\" alt=\"vapemaison-puff-30000-razz-bar-16-parfums-flavor-list\" class=\"wp-image-27500\" style=\"border-top-left-radius:20px;border-top-right-radius:20px;border-bottom-left-radius:20px;border-bottom-right-radius:20px\" srcset=\"https:\/\/vapemaison.com\/wp-content\/uploads\/2026\/02\/vapemaison-puff-30000-razz-bar-16-parfums-flavor-list.webp 493w, https:\/\/vapemaison.com\/wp-content\/uploads\/2026\/02\/vapemaison-puff-30000-razz-bar-16-parfums-flavor-list-176x300.webp 176w, https:\/\/vapemaison.com\/wp-content\/uploads\/2026\/02\/vapemaison-puff-30000-razz-bar-16-parfums-flavor-list-7x12.webp 7w, https:\/\/vapemaison.com\/wp-content\/uploads\/2026\/02\/vapemaison-puff-30000-razz-bar-16-parfums-flavor-list-441x750.webp 441w, https:\/\/vapemaison.com\/wp-content\/uploads\/2026\/02\/vapemaison-puff-30000-razz-bar-16-parfums-flavor-list-150x255.webp 150w\" sizes=\"(max-width: 493px) 100vw, 493px\" \/><\/a><\/figure>","protected":false},"excerpt":{"rendered":"<p>A\u017e 50 000 potah\u016f s dob\u00edjec\u00ed bateri\u00ed typu C pro del\u0161\u00ed pou\u017e\u00edv\u00e1n\u00ed.<br data-start=\"1894\" data-end=\"1897\" \/>Vysokokapacitn\u00ed jednor\u00e1zov\u00e1 vape se s\u00ed\u0165ovou spir\u00e1lkou, ide\u00e1ln\u00ed pro maloobchodn\u00ed a velkoobchodn\u00ed dod\u00e1vky.<\/p>","protected":false},"featured_media":27504,"comment_status":"open","ping_status":"closed","template":"","meta":[],"product_brand":[313],"product_cat":[136],"product_tag":[],"class_list":{"0":"post-27497","1":"product","2":"type-product","3":"status-publish","4":"has-post-thumbnail","6":"product_brand-razz-bar","7":"product_cat-50k-puffs","9":"first","10":"instock","11":"sale","12":"shipping-taxable","13":"purchasable","14":"product-type-variable"},"yoast_head":"<!-- This site is optimized with the Yoast SEO plugin v27.4 - https:\/\/yoast.com\/product\/yoast-seo-wordpress\/ -->\n<title>RAZZ BAR 50K Disposable Vape \u2013 50000 Puffs Rechargeable<\/title>\n<meta name=\"description\" content=\"Buy RAZZ BAR 50K disposable vape with up to 50,000 puffs, rechargeable 650mAh battery, mesh coil technology, and multiple flavor options.\" \/>\n<meta name=\"robots\" content=\"index, follow, max-snippet:-1, max-image-preview:large, max-video-preview:-1\" \/>\n<link rel=\"canonical\" href=\"https:\/\/vapemaison.com\/cs\/produkt\/razz-bar-50k-puffs-jednorazove-vape\/\" \/>\n<meta property=\"og:locale\" content=\"cs_CZ\" \/>\n<meta property=\"og:type\" content=\"article\" \/>\n<meta property=\"og:title\" content=\"RAZZ BAR 50K Disposable Vape \u2013 50000 Puffs Rechargeable\" \/>\n<meta property=\"og:description\" content=\"Buy RAZZ BAR 50K disposable vape with up to 50,000 puffs, rechargeable 650mAh battery, mesh coil technology, and multiple flavor options.\" \/>\n<meta property=\"og:url\" content=\"https:\/\/vapemaison.com\/cs\/produkt\/razz-bar-50k-puffs-jednorazove-vape\/\" \/>\n<meta property=\"og:site_name\" content=\"VapeMaison\" \/>\n<meta property=\"article:modified_time\" content=\"2026-02-27T09:19:45+00:00\" \/>\n<meta property=\"og:image\" content=\"https:\/\/vapemaison.com\/wp-content\/uploads\/2026\/02\/vapemaison-puff-30000-razz-bar-16-parfums-main-picture.webp\" \/>\n\t<meta property=\"og:image:width\" content=\"1100\" \/>\n\t<meta property=\"og:image:height\" content=\"1100\" \/>\n\t<meta property=\"og:image:type\" content=\"image\/webp\" \/>\n<meta name=\"twitter:card\" content=\"summary_large_image\" \/>\n<meta name=\"twitter:label1\" content=\"Odhadovan\u00e1 doba \u010dten\u00ed\" \/>\n\t<meta name=\"twitter:data1\" content=\"2 minuty\" \/>\n<!-- \/ Yoast SEO plugin. -->","yoast_head_json":{"title":"RAZZ BAR 50K Jednor\u00e1zov\u00fd vape - 50000 Puffs Dob\u00edjec\u00ed","description":"Kupte si jednor\u00e1zov\u00fd vape RAZZ BAR 50K s v\u00fddr\u017e\u00ed a\u017e 50 000 potah\u016f, dob\u00edjec\u00ed bateri\u00ed 650 mAh, technologi\u00ed mesh coil a n\u011bkolika mo\u017enostmi p\u0159\u00edchut\u00ed.","robots":{"index":"index","follow":"follow","max-snippet":"max-snippet:-1","max-image-preview":"max-image-preview:large","max-video-preview":"max-video-preview:-1"},"canonical":"https:\/\/vapemaison.com\/cs\/produkt\/razz-bar-50k-puffs-jednorazove-vape\/","og_locale":"cs_CZ","og_type":"article","og_title":"RAZZ BAR 50K Disposable Vape \u2013 50000 Puffs Rechargeable","og_description":"Buy RAZZ BAR 50K disposable vape with up to 50,000 puffs, rechargeable 650mAh battery, mesh coil technology, and multiple flavor options.","og_url":"https:\/\/vapemaison.com\/cs\/produkt\/razz-bar-50k-puffs-jednorazove-vape\/","og_site_name":"VapeMaison","article_modified_time":"2026-02-27T09:19:45+00:00","og_image":[{"width":1100,"height":1100,"url":"https:\/\/vapemaison.com\/wp-content\/uploads\/2026\/02\/vapemaison-puff-30000-razz-bar-16-parfums-main-picture.webp","type":"image\/webp"}],"twitter_card":"summary_large_image","twitter_misc":{"Odhadovan\u00e1 doba \u010dten\u00ed":"2 minuty"},"schema":{"@context":"https:\/\/schema.org","@graph":[{"@type":"WebPage","@id":"https:\/\/vapemaison.com\/product\/razz-bar-50k-puffs-disposable-vape\/","url":"https:\/\/vapemaison.com\/product\/razz-bar-50k-puffs-disposable-vape\/","name":"RAZZ BAR 50K Jednor\u00e1zov\u00fd vape - 50000 Puffs Dob\u00edjec\u00ed","isPartOf":{"@id":"https:\/\/vapemaison.com\/#website"},"primaryImageOfPage":{"@id":"https:\/\/vapemaison.com\/product\/razz-bar-50k-puffs-disposable-vape\/#primaryimage"},"image":{"@id":"https:\/\/vapemaison.com\/product\/razz-bar-50k-puffs-disposable-vape\/#primaryimage"},"thumbnailUrl":"https:\/\/vapemaison.com\/wp-content\/uploads\/2026\/02\/vapemaison-puff-30000-razz-bar-16-parfums-main-picture.webp","datePublished":"2026-02-27T09:19:39+00:00","dateModified":"2026-02-27T09:19:45+00:00","description":"Kupte si jednor\u00e1zov\u00fd vape RAZZ BAR 50K s v\u00fddr\u017e\u00ed a\u017e 50 000 potah\u016f, dob\u00edjec\u00ed bateri\u00ed 650 mAh, technologi\u00ed mesh coil a n\u011bkolika mo\u017enostmi p\u0159\u00edchut\u00ed.","breadcrumb":{"@id":"https:\/\/vapemaison.com\/product\/razz-bar-50k-puffs-disposable-vape\/#breadcrumb"},"inLanguage":"cs","potentialAction":[{"@type":"ReadAction","target":["https:\/\/vapemaison.com\/product\/razz-bar-50k-puffs-disposable-vape\/"]}]},{"@type":"ImageObject","inLanguage":"cs","@id":"https:\/\/vapemaison.com\/product\/razz-bar-50k-puffs-disposable-vape\/#primaryimage","url":"https:\/\/vapemaison.com\/wp-content\/uploads\/2026\/02\/vapemaison-puff-30000-razz-bar-16-parfums-main-picture.webp","contentUrl":"https:\/\/vapemaison.com\/wp-content\/uploads\/2026\/02\/vapemaison-puff-30000-razz-bar-16-parfums-main-picture.webp","width":1100,"height":1100,"caption":"Vapemaison Puff Razz Bar 16 Parfums Main Picture"},{"@type":"BreadcrumbList","@id":"https:\/\/vapemaison.com\/product\/razz-bar-50k-puffs-disposable-vape\/#breadcrumb","itemListElement":[{"@type":"ListItem","position":1,"name":"\u9996\u9875","item":"https:\/\/vapemaison.com\/"},{"@type":"ListItem","position":2,"name":"Shop","item":"https:\/\/vapemaison.com\/shop\/"},{"@type":"ListItem","position":3,"name":"Razz Bar","item":"https:\/\/vapemaison.com\/brand\/razz-bar\/"},{"@type":"ListItem","position":4,"name":"RAZZ BAR 50K Puffs Disposable Vape"}]},{"@type":"WebSite","@id":"https:\/\/vapemaison.com\/#website","url":"https:\/\/vapemaison.com\/","name":"VapeMaison","description":"Pr\u00e9miov\u00e1 vapingov\u00e1 za\u0159\u00edzen\u00ed a p\u0159\u00edslu\u0161enstv\u00ed","publisher":{"@id":"https:\/\/vapemaison.com\/#organization"},"potentialAction":[{"@type":"SearchAction","target":{"@type":"EntryPoint","urlTemplate":"https:\/\/vapemaison.com\/?s={search_term_string}"},"query-input":{"@type":"PropertyValueSpecification","valueRequired":true,"valueName":"search_term_string"}}],"inLanguage":"cs"},{"@type":"Organization","@id":"https:\/\/vapemaison.com\/#organization","name":"VapeMaison","url":"https:\/\/vapemaison.com\/","logo":{"@type":"ImageObject","inLanguage":"cs","@id":"https:\/\/vapemaison.com\/#\/schema\/logo\/image\/","url":"https:\/\/vapemaison.com\/wp-content\/uploads\/2026\/01\/cropped-vapemaison-logo-g-2026.webp","contentUrl":"https:\/\/vapemaison.com\/wp-content\/uploads\/2026\/01\/cropped-vapemaison-logo-g-2026.webp","width":350,"height":280,"caption":"VapeMaison"},"image":{"@id":"https:\/\/vapemaison.com\/#\/schema\/logo\/image\/"},"sameAs":["https:\/\/www.youtube.com\/@VapeMaison"]}]}},"tiered_pricing_type":"fixed","tiered_pricing_fixed_rules":{"100":"9.19","200":"8.59","500":"7.99"},"tiered_pricing_product_settings":{"layout":"default","base_unit_name":{"singular":null,"plural":null},"default_variation":null},"tiered_pricing_minimum_quantity":50,"tiered_pricing_roles_data":[],"tiered_pricing_percentage_rules":[],"tiered_pricing_maximum_quantity":null,"tiered_pricing_quantity_step":"10","_links":{"self":[{"href":"https:\/\/vapemaison.com\/cs\/wp-json\/wp\/v2\/product\/27497","targetHints":{"allow":["GET"]}}],"collection":[{"href":"https:\/\/vapemaison.com\/cs\/wp-json\/wp\/v2\/product"}],"about":[{"href":"https:\/\/vapemaison.com\/cs\/wp-json\/wp\/v2\/types\/product"}],"replies":[{"embeddable":true,"href":"https:\/\/vapemaison.com\/cs\/wp-json\/wp\/v2\/comments?post=27497"}],"version-history":[{"count":3,"href":"https:\/\/vapemaison.com\/cs\/wp-json\/wp\/v2\/product\/27497\/revisions"}],"predecessor-version":[{"id":27507,"href":"https:\/\/vapemaison.com\/cs\/wp-json\/wp\/v2\/product\/27497\/revisions\/27507"}],"wp:featuredmedia":[{"embeddable":true,"href":"https:\/\/vapemaison.com\/cs\/wp-json\/wp\/v2\/media\/27504"}],"wp:attachment":[{"href":"https:\/\/vapemaison.com\/cs\/wp-json\/wp\/v2\/media?parent=27497"}],"wp:term":[{"taxonomy":"product_brand","embeddable":true,"href":"https:\/\/vapemaison.com\/cs\/wp-json\/wp\/v2\/product_brand?post=27497"},{"taxonomy":"product_cat","embeddable":true,"href":"https:\/\/vapemaison.com\/cs\/wp-json\/wp\/v2\/product_cat?post=27497"},{"taxonomy":"product_tag","embeddable":true,"href":"https:\/\/vapemaison.com\/cs\/wp-json\/wp\/v2\/product_tag?post=27497"}],"curies":[{"name":"wp","href":"https:\/\/api.w.org\/{rel}","templated":true}]}}