

{"id":27559,"date":"2026-03-02T10:32:38","date_gmt":"2026-03-02T10:32:38","guid":{"rendered":"https:\/\/vapemaison.com\/?post_type=product&#038;p=27559"},"modified":"2026-03-26T06:06:44","modified_gmt":"2026-03-26T06:06:44","slug":"bang-king-250k-4-v-1-jednorazove-vape","status":"publish","type":"product","link":"https:\/\/vapemaison.com\/cs\/product\/bang-king-250k-4-in-1-disposable-vape\/","title":{"rendered":"Bang King 250K 4 v 1 jednor\u00e1zov\u00fd Vape"},"content":{"rendered":"<p>Na str\u00e1nk\u00e1ch <strong>Bang King 250K 4 v 1 jednor\u00e1zov\u00fd Vape<\/strong> je ur\u010den pro u\u017eivatele a distributory, kte\u0159\u00ed hledaj\u00ed mimo\u0159\u00e1dn\u011b vysokou kapacitu, vysok\u00fd v\u00fdkon a maxim\u00e1ln\u00ed chu\u0165ovou flexibilitu. D\u00edky kombinaci masivn\u00edho v\u00fdkonu a syst\u00e9mu s v\u00edce p\u0159\u00edchut\u011bmi poskytuje v\u00fdkonn\u00e9 \u0159e\u0161en\u00ed vapingu \"v\u0161e v jednom\". V\u00edce informac\u00ed se dozv\u00edte na na\u0161ich <a href=\"https:\/\/vapemaison.com\/shop\/\" type=\"link\" id=\"https:\/\/vapemaison.com\/shop\/\">str\u00e1nka obchodu<\/a> nebo si prohl\u00e9dn\u011bte cel\u00fd <a href=\"https:\/\/vapemaison.com\/brand\/bang\/\">Kolekce zna\u010dky Bang<\/a>.<\/p>\n\n\n\n<p>P\u0159\u00edstroj nab\u00edz\u00ed a\u017e 250 000 potah\u016f, \u010d\u00edm\u017e se \u0159ad\u00ed mezi jednor\u00e1zov\u00e9 p\u0159\u00edstroje s nejvy\u0161\u0161\u00ed kapacitou na trhu. Pod\u00edvejte se na dal\u0161\u00ed mo\u017enosti, jako je nap\u0159. <a href=\"https:\/\/vapemaison.com\/product\/bang-king-250k-4-in-1-disposable-vape\/\" type=\"link\" id=\"https:\/\/vapemaison.com\/product\/bang-king-250k-4-in-1-disposable-vape\/\">Bang 200K<\/a> nebo <a href=\"https:\/\/vapemaison.com\/product\/bang-leader-stoll-350k-puffs-8-in-1-disposable-vape\/\" type=\"link\" id=\"https:\/\/vapemaison.com\/product\/bang-leader-stoll-350k-puffs-8-in-1-disposable-vape\/\">Bang 350K <\/a> pro r\u016fzn\u00e9 kapacity nad\u00fdch\u00e1n\u00ed. To zaji\u0161\u0165uje dlouhodob\u00e9 pou\u017e\u00edv\u00e1n\u00ed pro spot\u0159ebitele a siln\u00fd potenci\u00e1l pro velkoobchodn\u00edky zam\u011b\u0159en\u00e9 na pr\u00e9miov\u00e9 segmenty.<\/p>\n\n\n\n<p>Jeho syst\u00e9m p\u0159ep\u00edn\u00e1n\u00ed p\u0159\u00edchut\u00ed 4 v 1 integruje \u010dty\u0159i p\u0159\u00edchut\u011b do jednoho za\u0159\u00edzen\u00ed, co\u017e u\u017eivatel\u016fm umo\u017e\u0148uje okam\u017eit\u00e9 p\u0159ep\u00edn\u00e1n\u00ed bez nutnosti v\u00fdm\u011bny jednotek. To zvy\u0161uje rozmanitost a udr\u017euje z\u00e1\u017eitek sv\u011b\u017e\u00ed po celou dobu \u017eivotnosti v\u00fdrobku.<\/p>\n\n\n\n<p>Za\u0159\u00edzen\u00ed je vybaveno 1,0\u03a9 mesh spir\u00e1lkou, kter\u00e1 zaji\u0161\u0165uje konzistentn\u00ed \u017ehaven\u00ed a \u00fa\u010dinnou vaporizaci a poskytuje plynul\u00e9 proud\u011bn\u00ed vzduchu, bohatou chu\u0165 a hustou p\u00e1ru p\u0159i ka\u017ed\u00e9m potahu.<\/p>\n\n\n\n<p>Vestav\u011bn\u00e1 dob\u00edjec\u00ed baterie s kapacitou 650 mAh ve spojen\u00ed s nab\u00edjec\u00edm portem typu C zaji\u0161\u0165uje stabiln\u00ed v\u00fdkon a minim\u00e1ln\u00ed prostoje.<\/p>\n\n\n\n<p>Bang King 250K podporuje nikotinov\u00e9 s\u00edly 0%, 2%, 3% a 5% a nab\u00edz\u00ed kompletn\u00ed p\u0159izp\u016fsoben\u00ed OEM\/ODM, tak\u017ee je vhodn\u00fd pro priv\u00e1tn\u00ed zna\u010dky, vlastn\u00edky zna\u010dek a velkodistribuci.<\/p>\n\n\n\n<p>Celkov\u011b v sob\u011b spojuje extr\u00e9mn\u00ed kapacitu, chu\u0165ovou v\u0161estrannost a spolehliv\u00fd v\u00fdkon, tak\u017ee je konkurenceschopnou volbou jak pro koncov\u00e9 u\u017eivatele, tak pro glob\u00e1ln\u00ed velkoobchodn\u00ed trhy. Nav\u0161tivte na\u0161i <a href=\"https:\/\/vapemaison.com\/shop\/\">str\u00e1nka obchodu<\/a> proch\u00e1zet nyn\u00ed.<\/p>\n\n\n\n<h2 class=\"wp-block-heading\">Specifikace produktu<\/h2>\n\n\n\n<figure class=\"wp-block-table\"><table class=\"has-fixed-layout\"><thead><tr><th>Parametr<\/th><th>Podrobnosti na<\/th><\/tr><\/thead><tbody><tr><td>Kapacita nad\u00fdchan\u00e9ho vzduchu<\/td><td>A\u017e 250 000 vdech\u016f<\/td><\/tr><tr><td>Syst\u00e9m p\u0159\u00edchut\u00ed<\/td><td>P\u0159ep\u00edn\u00e1n\u00ed v\u00edce p\u0159\u00edchut\u00ed 4 v 1<\/td><\/tr><tr><td>S\u00edla nikotinu<\/td><td>0% \/ 2% \/ 3% \/ 5%<\/td><\/tr><tr><td>Typ c\u00edvky<\/td><td>1,0\u03a9 Mesh Coil<\/td><\/tr><tr><td>Baterie<\/td><td>Dob\u00edjec\u00ed baterie 650 mAh<\/td><\/tr><tr><td>Nab\u00edjec\u00ed port<\/td><td>Typ C<\/td><\/tr><tr><td>Typ za\u0159\u00edzen\u00ed<\/td><td>Jednor\u00e1zov\u00e9 (dob\u00edjec\u00ed)<\/td><\/tr><tr><td>P\u0159izp\u016fsoben\u00ed<\/td><td>OEM \/ ODM k dispozici<\/td><\/tr><tr><td>Kombinace chut\u00ed<\/td><td>10 mo\u017enost\u00ed (4 p\u0159\u00edchut\u011b na za\u0159\u00edzen\u00ed)<\/td><\/tr><\/tbody><\/table><\/figure>\n\n\n\n<h2 class=\"wp-block-heading\">Mo\u017enosti kombinace chut\u00ed<\/h2>\n\n\n\n<p>Citronov\u00e1 limetka, Melounov\u00fd led, \u010cern\u00fd led Dra\u010d\u00ed ovoce Jahoda, Love 66<br>Citronov\u00e1 limetka, jahodov\u00fd led, malinov\u00fd meloun, \u0161umiv\u00e1 t\u0159e\u0161e\u0148<br>Vanilkov\u00e1 cola, citronov\u00e1 broskev, jahodov\u00e1 malina, t\u0159e\u0161\u0148ov\u00fd led, hroznov\u00fd led<br>R\u016f\u017eov\u00e1 limon\u00e1da, kiwi, mu\u010denka, guava, broskev, jahoda, ban\u00e1n<br>Grape Burst, Lychee Ice, Peach Berry, Kiwi Passion Fruit Guava<br>Jahodov\u00e9 mango, Blue Razz Lemonade, Vanilkov\u00e1 zmrzlina, Sour Triple Berry<br>Melounov\u00fd led, jahodov\u00fd mangov\u00fd led, bor\u016fvkov\u00fd led, \u0161umiv\u00fd t\u0159e\u0161\u0148ov\u00fd led<br>Mixed Berry, Cherry Lemon, Strawberry Kiwi, Strawberry Watermelon Bubblegum<br>Jahodov\u00fd meloun, t\u0159e\u0161\u0148ov\u00e1 cola, \u0161\u0165avnat\u00fd broskvov\u00fd led, grapefruitov\u00fd osv\u011b\u017eova\u010d<br>Mojito, Monster Mango, Lady Killer, Pink Lemonade<\/p>\n\n\n\n<p><\/p>","protected":false},"excerpt":{"rendered":"<p>A\u017e 250 000 \u0161luk\u016f s inovativn\u00edm p\u0159ep\u00edn\u00e1n\u00edm p\u0159\u00edchut\u00ed 4 v 1 pro maxim\u00e1ln\u00ed rozmanitost.<br data-start=\"3222\" data-end=\"3225\" \/>Dob\u00edjec\u00ed baterie a technologie mesh coil pro dlouhotrvaj\u00edc\u00ed a konzistentn\u00ed v\u00fdkon.<\/p>","protected":false},"featured_media":27569,"comment_status":"open","ping_status":"closed","template":"","meta":[],"product_brand":[57],"product_cat":[],"product_tag":[],"class_list":{"0":"post-27559","1":"product","2":"type-product","3":"status-publish","4":"has-post-thumbnail","6":"product_brand-bang","8":"first","9":"instock","10":"sale","11":"shipping-taxable","12":"purchasable","13":"product-type-variable"},"yoast_head":"<!-- This site is optimized with the Yoast SEO plugin v27.4 - https:\/\/yoast.com\/product\/yoast-seo-wordpress\/ -->\n<title>Bang King 25000 250K Puffs 4-in-1 Disposable Vape<\/title>\n<meta name=\"description\" content=\"Shop Bang King 250K 4-in-1 disposable vape with up to 250k puffs, four flavors in one device, mesh coil technology, and rechargeable Type-C battery.\" \/>\n<meta name=\"robots\" content=\"index, follow, max-snippet:-1, max-image-preview:large, max-video-preview:-1\" \/>\n<link rel=\"canonical\" href=\"https:\/\/vapemaison.com\/cs\/produkt\/bang-king-250k-4-v-1-jednorazove-vape\/\" \/>\n<meta property=\"og:locale\" content=\"cs_CZ\" \/>\n<meta property=\"og:type\" content=\"article\" \/>\n<meta property=\"og:title\" content=\"Bang King 25000 250K Puffs 4-in-1 Disposable Vape\" \/>\n<meta property=\"og:description\" content=\"Shop Bang King 250K 4-in-1 disposable vape with up to 250k puffs, four flavors in one device, mesh coil technology, and rechargeable Type-C battery.\" \/>\n<meta property=\"og:url\" content=\"https:\/\/vapemaison.com\/cs\/produkt\/bang-king-250k-4-v-1-jednorazove-vape\/\" \/>\n<meta property=\"og:site_name\" content=\"VapeMaison\" \/>\n<meta property=\"article:modified_time\" content=\"2026-03-26T06:06:44+00:00\" \/>\n<meta property=\"og:image\" content=\"https:\/\/vapemaison.com\/wp-content\/uploads\/2026\/03\/bang-king-250000-puffs-disposable-vape-flavor-10-scaled.webp\" \/>\n\t<meta property=\"og:image:width\" content=\"1652\" \/>\n\t<meta property=\"og:image:height\" content=\"2560\" \/>\n\t<meta property=\"og:image:type\" content=\"image\/webp\" \/>\n<meta name=\"twitter:card\" content=\"summary_large_image\" \/>\n<meta name=\"twitter:label1\" content=\"Odhadovan\u00e1 doba \u010dten\u00ed\" \/>\n\t<meta name=\"twitter:data1\" content=\"2 minuty\" \/>\n<!-- \/ Yoast SEO plugin. -->","yoast_head_json":{"title":"Bang King 25000 250K Puffs 4 v 1 Jednor\u00e1zov\u00e9 vape","description":"Obchod Bang King 250K 4 v 1 jednor\u00e1zov\u00e1 vape s a\u017e 250 tis\u00edci \u0161luky, \u010dty\u0159mi p\u0159\u00edchut\u011bmi v jednom za\u0159\u00edzen\u00ed, technologi\u00ed mesh coil a dob\u00edjec\u00ed bateri\u00ed typu C.","robots":{"index":"index","follow":"follow","max-snippet":"max-snippet:-1","max-image-preview":"max-image-preview:large","max-video-preview":"max-video-preview:-1"},"canonical":"https:\/\/vapemaison.com\/cs\/produkt\/bang-king-250k-4-v-1-jednorazove-vape\/","og_locale":"cs_CZ","og_type":"article","og_title":"Bang King 25000 250K Puffs 4-in-1 Disposable Vape","og_description":"Shop Bang King 250K 4-in-1 disposable vape with up to 250k puffs, four flavors in one device, mesh coil technology, and rechargeable Type-C battery.","og_url":"https:\/\/vapemaison.com\/cs\/produkt\/bang-king-250k-4-v-1-jednorazove-vape\/","og_site_name":"VapeMaison","article_modified_time":"2026-03-26T06:06:44+00:00","og_image":[{"width":1652,"height":2560,"url":"https:\/\/vapemaison.com\/wp-content\/uploads\/2026\/03\/bang-king-250000-puffs-disposable-vape-flavor-10-scaled.webp","type":"image\/webp"}],"twitter_card":"summary_large_image","twitter_misc":{"Odhadovan\u00e1 doba \u010dten\u00ed":"2 minuty"},"schema":{"@context":"https:\/\/schema.org","@graph":[{"@type":"WebPage","@id":"https:\/\/vapemaison.com\/product\/bang-king-250k-4-in-1-disposable-vape\/","url":"https:\/\/vapemaison.com\/product\/bang-king-250k-4-in-1-disposable-vape\/","name":"Bang King 25000 250K Puffs 4 v 1 Jednor\u00e1zov\u00e9 vape","isPartOf":{"@id":"https:\/\/vapemaison.com\/#website"},"primaryImageOfPage":{"@id":"https:\/\/vapemaison.com\/product\/bang-king-250k-4-in-1-disposable-vape\/#primaryimage"},"image":{"@id":"https:\/\/vapemaison.com\/product\/bang-king-250k-4-in-1-disposable-vape\/#primaryimage"},"thumbnailUrl":"https:\/\/vapemaison.com\/wp-content\/uploads\/2026\/03\/bang-king-250000-puffs-disposable-vape-flavor-10-scaled.webp","datePublished":"2026-03-02T10:32:38+00:00","dateModified":"2026-03-26T06:06:44+00:00","description":"Obchod Bang King 250K 4 v 1 jednor\u00e1zov\u00e1 vape s a\u017e 250 tis\u00edci \u0161luky, \u010dty\u0159mi p\u0159\u00edchut\u011bmi v jednom za\u0159\u00edzen\u00ed, technologi\u00ed mesh coil a dob\u00edjec\u00ed bateri\u00ed typu C.","breadcrumb":{"@id":"https:\/\/vapemaison.com\/product\/bang-king-250k-4-in-1-disposable-vape\/#breadcrumb"},"inLanguage":"cs","potentialAction":[{"@type":"ReadAction","target":["https:\/\/vapemaison.com\/product\/bang-king-250k-4-in-1-disposable-vape\/"]}]},{"@type":"ImageObject","inLanguage":"cs","@id":"https:\/\/vapemaison.com\/product\/bang-king-250k-4-in-1-disposable-vape\/#primaryimage","url":"https:\/\/vapemaison.com\/wp-content\/uploads\/2026\/03\/bang-king-250000-puffs-disposable-vape-flavor-10-scaled.webp","contentUrl":"https:\/\/vapemaison.com\/wp-content\/uploads\/2026\/03\/bang-king-250000-puffs-disposable-vape-flavor-10-scaled.webp","width":1652,"height":2560,"caption":"Bang King Puffs Disposable Vape Flavor 10 Scaled"},{"@type":"BreadcrumbList","@id":"https:\/\/vapemaison.com\/product\/bang-king-250k-4-in-1-disposable-vape\/#breadcrumb","itemListElement":[{"@type":"ListItem","position":1,"name":"\u9996\u9875","item":"https:\/\/vapemaison.com\/"},{"@type":"ListItem","position":2,"name":"Shop","item":"https:\/\/vapemaison.com\/shop\/"},{"@type":"ListItem","position":3,"name":"Bang","item":"https:\/\/vapemaison.com\/brand\/bang\/"},{"@type":"ListItem","position":4,"name":"Bang King 250K 4-in-1 Disposable Vape"}]},{"@type":"WebSite","@id":"https:\/\/vapemaison.com\/#website","url":"https:\/\/vapemaison.com\/","name":"VapeMaison","description":"Pr\u00e9miov\u00e1 vapingov\u00e1 za\u0159\u00edzen\u00ed a p\u0159\u00edslu\u0161enstv\u00ed","publisher":{"@id":"https:\/\/vapemaison.com\/#organization"},"potentialAction":[{"@type":"SearchAction","target":{"@type":"EntryPoint","urlTemplate":"https:\/\/vapemaison.com\/?s={search_term_string}"},"query-input":{"@type":"PropertyValueSpecification","valueRequired":true,"valueName":"search_term_string"}}],"inLanguage":"cs"},{"@type":"Organization","@id":"https:\/\/vapemaison.com\/#organization","name":"VapeMaison","url":"https:\/\/vapemaison.com\/","logo":{"@type":"ImageObject","inLanguage":"cs","@id":"https:\/\/vapemaison.com\/#\/schema\/logo\/image\/","url":"https:\/\/vapemaison.com\/wp-content\/uploads\/2026\/01\/cropped-vapemaison-logo-g-2026.webp","contentUrl":"https:\/\/vapemaison.com\/wp-content\/uploads\/2026\/01\/cropped-vapemaison-logo-g-2026.webp","width":350,"height":280,"caption":"VapeMaison"},"image":{"@id":"https:\/\/vapemaison.com\/#\/schema\/logo\/image\/"},"sameAs":["https:\/\/www.youtube.com\/@VapeMaison"]}]}},"tiered_pricing_type":"fixed","tiered_pricing_fixed_rules":{"30":"11.99","50":"11.12","100":"10.56","200":"9.99"},"tiered_pricing_product_settings":{"layout":"default","base_unit_name":{"singular":null,"plural":null},"default_variation":null},"tiered_pricing_minimum_quantity":10,"tiered_pricing_roles_data":[],"tiered_pricing_percentage_rules":[],"tiered_pricing_maximum_quantity":null,"tiered_pricing_quantity_step":"10","_links":{"self":[{"href":"https:\/\/vapemaison.com\/cs\/wp-json\/wp\/v2\/product\/27559","targetHints":{"allow":["GET"]}}],"collection":[{"href":"https:\/\/vapemaison.com\/cs\/wp-json\/wp\/v2\/product"}],"about":[{"href":"https:\/\/vapemaison.com\/cs\/wp-json\/wp\/v2\/types\/product"}],"replies":[{"embeddable":true,"href":"https:\/\/vapemaison.com\/cs\/wp-json\/wp\/v2\/comments?post=27559"}],"version-history":[{"count":4,"href":"https:\/\/vapemaison.com\/cs\/wp-json\/wp\/v2\/product\/27559\/revisions"}],"predecessor-version":[{"id":28469,"href":"https:\/\/vapemaison.com\/cs\/wp-json\/wp\/v2\/product\/27559\/revisions\/28469"}],"wp:featuredmedia":[{"embeddable":true,"href":"https:\/\/vapemaison.com\/cs\/wp-json\/wp\/v2\/media\/27569"}],"wp:attachment":[{"href":"https:\/\/vapemaison.com\/cs\/wp-json\/wp\/v2\/media?parent=27559"}],"wp:term":[{"taxonomy":"product_brand","embeddable":true,"href":"https:\/\/vapemaison.com\/cs\/wp-json\/wp\/v2\/product_brand?post=27559"},{"taxonomy":"product_cat","embeddable":true,"href":"https:\/\/vapemaison.com\/cs\/wp-json\/wp\/v2\/product_cat?post=27559"},{"taxonomy":"product_tag","embeddable":true,"href":"https:\/\/vapemaison.com\/cs\/wp-json\/wp\/v2\/product_tag?post=27559"}],"curies":[{"name":"wp","href":"https:\/\/api.w.org\/{rel}","templated":true}]}}