

{"id":27677,"date":"2026-03-04T10:40:22","date_gmt":"2026-03-04T10:40:22","guid":{"rendered":"https:\/\/vapemaison.com\/?post_type=product&#038;p=27677"},"modified":"2026-03-04T10:40:28","modified_gmt":"2026-03-04T10:40:28","slug":"fumot-digital-monkey-40000-jednorazove-vape-40k-puffs","status":"publish","type":"product","link":"https:\/\/vapemaison.com\/cs\/product\/fumot-digital-monkey-40000-disposable-vape-40k-puffs\/","title":{"rendered":"Fumot Digital Monkey 40000 jednor\u00e1zov\u00fdch vape | 40k Puffs"},"content":{"rendered":"<h2 class=\"wp-block-heading\">Inteligentn\u00ed v\u00fdkon se setk\u00e1v\u00e1 s vysokokapacitn\u00edm designem<\/h2>\n\n\n\n<p>Na str\u00e1nk\u00e1ch <strong>Fumot Digital Monkey 40000<\/strong> je ur\u010den pro u\u017eivatele, kte\u0159\u00ed kladou d\u016fraz na dlouhou \u017eivotnost, konzistentn\u00ed kvalitu p\u00e1ry a monitorov\u00e1n\u00ed za\u0159\u00edzen\u00ed v re\u00e1ln\u00e9m \u010dase. Tato vysokokapacitn\u00ed jednor\u00e1zov\u00e1 vapka s v\u00fddr\u017e\u00ed a\u017e 40 000 \u0161luk\u016f kombinuje v\u00fddr\u017e s inteligentn\u00edmi ovl\u00e1dac\u00edmi funkcemi pro spolehliv\u00fd ka\u017edodenn\u00ed z\u00e1\u017eitek.<\/p>\n\n\n\n<p>Ur\u010deno pro u\u017eivatele zam\u011b\u0159en\u00e9 na v\u00fdkon i velkoobchodn\u00ed odb\u011bratele.<\/p>\n\n\n\n<h2 class=\"wp-block-heading\">Kl\u00ed\u010dov\u00e9 vlastnosti<\/h2>\n\n\n\n<h3 class=\"wp-block-heading\">A\u017e 40 000 puf\u016f<\/h3>\n\n\n\n<p>Jsou navr\u017eeny pro del\u0161\u00ed pou\u017e\u00edv\u00e1n\u00ed, sni\u017euj\u00ed \u010detnost v\u00fdm\u011bny a zvy\u0161uj\u00ed celkovou hodnotu. Ide\u00e1ln\u00ed pro n\u00e1ro\u010dn\u00e9 u\u017eivatele a dlouhodob\u00e9 po\u017eadavky na v\u00fdkon.<\/p>\n\n\n\n<h3 class=\"wp-block-heading\">Syst\u00e9m digit\u00e1ln\u00edho zobrazen\u00ed<\/h3>\n\n\n\n<p>Integrovan\u00e1 chytr\u00e1 obrazovka poskytuje:<\/p>\n\n\n\n<ul class=\"wp-block-list\">\n<li>\u00darove\u0148 nabit\u00ed baterie v re\u00e1ln\u00e9m \u010dase<\/li>\n\n\n\n<li>Monitorov\u00e1n\u00ed e-liquidu<\/li>\n<\/ul>\n\n\n\n<p>Jasn\u00fd p\u0159ehled odstra\u0148uje nejistotu a zaji\u0161\u0165uje optim\u00e1ln\u00ed \u0159\u00edzen\u00ed vyu\u017eit\u00ed.<\/p>\n\n\n\n<h3 class=\"wp-block-heading\">Pokro\u010dil\u00e1 technologie dvojit\u00e9 s\u00ed\u0165oviny<\/h3>\n\n\n\n<p>Vybaven vysoce \u00fa\u010dinn\u00fdm <strong>syst\u00e9m dvojit\u00e9 s\u00ed\u0165ov\u00e9 c\u00edvky<\/strong> kter\u00e1 p\u0159in\u00e1\u0161\u00ed:<\/p>\n\n\n\n<ul class=\"wp-block-list\">\n<li>Rychlej\u0161\u00ed reakce na oh\u0159ev<\/li>\n\n\n\n<li>Zv\u00fd\u0161en\u00e1 koncentrace chuti<\/li>\n\n\n\n<li>Plynul\u00fd a stabiln\u00ed v\u00fdstup p\u00e1ry<\/li>\n\n\n\n<li>Konzistentn\u00ed v\u00fdkon po celou dobu \u017eivotnosti za\u0159\u00edzen\u00ed<\/li>\n<\/ul>\n\n\n\n<p>Navr\u017eeno tak, aby si zachovalo integritu chuti od prvn\u00edho do posledn\u00edho \u0161luku.<\/p>\n\n\n\n<h3 class=\"wp-block-heading\">Dob\u00edjec\u00ed baterie 850 mAh<\/h3>\n\n\n\n<p>Vysokokapacitn\u00ed intern\u00ed baterie podporuje prodlou\u017een\u00fd provoz a stabiln\u00ed v\u00fdstup.<\/p>\n\n\n\n<p>Ve spojen\u00ed s <strong>Port pro rychl\u00e9 nab\u00edjen\u00ed typu C<\/strong>, co\u017e zaji\u0161\u0165uje:<\/p>\n\n\n\n<ul class=\"wp-block-list\">\n<li>Zkr\u00e1cen\u00ed prostoj\u016f<\/li>\n\n\n\n<li>Rychlej\u0161\u00ed dob\u00edjec\u00ed cykly<\/li>\n\n\n\n<li>Spolehliv\u00e1 ka\u017edodenn\u00ed pou\u017eitelnost<\/li>\n<\/ul>\n\n\n\n<h3 class=\"wp-block-heading\">Flexibiln\u00ed mo\u017enosti s\u00edly nikotinu<\/h3>\n\n\n\n<p>K dispozici je n\u011bkolik \u00farovn\u00ed nikotinu:<\/p>\n\n\n\n<ul class=\"wp-block-list\">\n<li>0%<\/li>\n\n\n\n<li>2%<\/li>\n\n\n\n<li>3%<\/li>\n\n\n\n<li>5%<\/li>\n<\/ul>\n\n\n\n<p>Vhodn\u00e9 pro r\u016fzn\u00e9 preference u\u017eivatel\u016f a po\u017eadavky region\u00e1ln\u00edho trhu.<\/p>\n\n\n\n<h2 class=\"wp-block-heading\">Z\u00e1kladn\u00ed specifikace<\/h2>\n\n\n\n<ul class=\"wp-block-list\">\n<li>Kapacita pufu: A\u017e 40 000 puf\u016f<\/li>\n\n\n\n<li>Zobrazen\u00ed: Digit\u00e1ln\u00ed indik\u00e1tor baterie a e-liquidu<\/li>\n\n\n\n<li>C\u00edvka: C\u00edvka s dvojit\u00fdm pletivem<\/li>\n\n\n\n<li>Baterie: 850mAh dob\u00edjec\u00ed<\/li>\n\n\n\n<li>Nab\u00edjec\u00ed port: Type-C<\/li>\n\n\n\n<li>S\u00edla nikotinu: 0% \/ 2% \/ 3% \/ 5%<\/li>\n\n\n\n<li>Balen\u00ed: 10 kus\u016f v krabici<\/li>\n<\/ul>\n\n\n\n<h2 class=\"wp-block-heading\">V\u00fdb\u011br p\u0159\u00edchut\u00ed (16 mo\u017enost\u00ed)<\/h2>\n\n\n\n<ol class=\"wp-block-list\">\n<li>Ban\u00e1nov\u00fd led<\/li>\n\n\n\n<li>Jahodov\u00fd meloun<\/li>\n\n\n\n<li>Mincovna Miami<\/li>\n\n\n\n<li>Bor\u016fvka malina<\/li>\n\n\n\n<li>\u010cern\u00fd led<\/li>\n\n\n\n<li>B\u00edl\u00fd gumov\u00fd led<\/li>\n\n\n\n<li>Melounov\u00fd led<\/li>\n\n\n\n<li>\u0160\u0165avnat\u00fd broskvov\u00fd led<\/li>\n\n\n\n<li>R\u016f\u017eov\u00e1 limon\u00e1da<\/li>\n\n\n\n<li>Jahodov\u00e9 mango<\/li>\n\n\n\n<li>Broskvov\u00fd meloun Mango<\/li>\n\n\n\n<li>Hroznov\u00fd citron<\/li>\n\n\n\n<li>Tropick\u00fd duhov\u00fd v\u00fdbuch<\/li>\n\n\n\n<li>T\u0159e\u0161\u0148ov\u00e1 bomba<\/li>\n\n\n\n<li>Jahodov\u00e9 m\u00e1tov\u00e9 bonbony<\/li>\n\n\n\n<li>Dvojit\u00e9 jablko<\/li>\n<\/ol>\n\n\n\n<p>Vyv\u00e1\u017een\u00e9 profily ovoce, ledu, cukrovinek a m\u00e1ty, kter\u00e9 jsou ur\u010deny pro \u0161irok\u00fd trh.<\/p>\n\n\n\n<h2 class=\"wp-block-heading\">Pro\u010d si vybrat Fumot Digital Monkey 40000?<\/h2>\n\n\n\n<ul class=\"wp-block-list\">\n<li>Vysok\u00e1 kapacita pufov\u00e1n\u00ed (40K)<\/li>\n\n\n\n<li>Chytr\u00fd monitorovac\u00ed displej<\/li>\n\n\n\n<li>Optimalizace chuti s dvojit\u00fdm okem<\/li>\n\n\n\n<li>Dob\u00edjec\u00ed baterie s Type-C<\/li>\n\n\n\n<li>P\u0159izp\u016fsobivost v\u00edce nikotinov\u00fdm l\u00e1tk\u00e1m<\/li>\n\n\n\n<li>Vhodn\u00e9 pro maloobchodn\u00ed a velkoobchodn\u00ed dod\u00e1vky<\/li>\n<\/ul>\n\n\n\n<p>Toto za\u0159\u00edzen\u00ed kombinuje viditelnost, odolnost a stabiln\u00ed v\u00fdstup v jedin\u00e9m integrovan\u00e9m syst\u00e9mu.<\/p>","protected":false},"excerpt":{"rendered":"<p>Smart Performance Meets High-Capacity Design The Fumot Digital Monkey 40000 is built for users who prioritize longevity, consistent vapor quality, and real-time device monitoring. Delivering up to 40,000 puffs, this high-capacity disposable vape combines endurance with intelligent control features for a reliable daily experience. Designed for performance-focused users and wholesale buyers alike. Key Features Up [&hellip;]<\/p>\n","protected":false},"featured_media":27679,"comment_status":"open","ping_status":"closed","template":"","meta":[],"product_brand":[],"product_cat":[],"product_tag":[],"class_list":{"0":"post-27677","1":"product","2":"type-product","3":"status-publish","4":"has-post-thumbnail","7":"first","8":"instock","9":"sale","10":"shipping-taxable","11":"purchasable","12":"product-type-variable"},"yoast_head":"<!-- This site is optimized with the Yoast SEO plugin v27.4 - https:\/\/yoast.com\/product\/yoast-seo-wordpress\/ -->\n<title>Fumot Digital Monkey 40000 Disposable Vape | 40k Puffs<\/title>\n<meta name=\"description\" content=\"Buy Fumot Digital Monkey 40000 disposable vape with 40,000 puffs, double mesh coil, digital display, Type-C charging, and 0%-5% nicotine options.\" \/>\n<meta name=\"robots\" content=\"index, follow, max-snippet:-1, max-image-preview:large, max-video-preview:-1\" \/>\n<link rel=\"canonical\" href=\"https:\/\/vapemaison.com\/cs\/produkt\/fumot-digital-monkey-40000-jednorazove-vape-40k-puffs\/\" \/>\n<meta property=\"og:locale\" content=\"cs_CZ\" \/>\n<meta property=\"og:type\" content=\"article\" \/>\n<meta property=\"og:title\" content=\"Fumot Digital Monkey 40000 Disposable Vape | 40k Puffs\" \/>\n<meta property=\"og:description\" content=\"Buy Fumot Digital Monkey 40000 disposable vape with 40,000 puffs, double mesh coil, digital display, Type-C charging, and 0%-5% nicotine options.\" \/>\n<meta property=\"og:url\" content=\"https:\/\/vapemaison.com\/cs\/produkt\/fumot-digital-monkey-40000-jednorazove-vape-40k-puffs\/\" \/>\n<meta property=\"og:site_name\" content=\"VapeMaison\" \/>\n<meta property=\"article:modified_time\" content=\"2026-03-04T10:40:28+00:00\" \/>\n<meta property=\"og:image\" content=\"https:\/\/vapemaison.com\/wp-content\/uploads\/2026\/03\/fumot-digital-monkey-40000-kasumivape.webp\" \/>\n\t<meta property=\"og:image:width\" content=\"640\" \/>\n\t<meta property=\"og:image:height\" content=\"640\" \/>\n\t<meta property=\"og:image:type\" content=\"image\/webp\" \/>\n<meta name=\"twitter:card\" content=\"summary_large_image\" \/>\n<meta name=\"twitter:label1\" content=\"Odhadovan\u00e1 doba \u010dten\u00ed\" \/>\n\t<meta name=\"twitter:data1\" content=\"2 minuty\" \/>\n<!-- \/ Yoast SEO plugin. -->","yoast_head_json":{"title":"Fumot Digital Monkey 40000 jednor\u00e1zov\u00fdch vape | 40k Puffs","description":"Prod\u00e1m jednor\u00e1zov\u00fd vape Fumot Digital Monkey 40000 s 40 000 potahy, dvojitou s\u00ed\u0165ovou spir\u00e1lkou, digit\u00e1ln\u00edm displejem, nab\u00edjen\u00edm typu C a mo\u017enostmi nikotinu 0%-5%.","robots":{"index":"index","follow":"follow","max-snippet":"max-snippet:-1","max-image-preview":"max-image-preview:large","max-video-preview":"max-video-preview:-1"},"canonical":"https:\/\/vapemaison.com\/cs\/produkt\/fumot-digital-monkey-40000-jednorazove-vape-40k-puffs\/","og_locale":"cs_CZ","og_type":"article","og_title":"Fumot Digital Monkey 40000 Disposable Vape | 40k Puffs","og_description":"Buy Fumot Digital Monkey 40000 disposable vape with 40,000 puffs, double mesh coil, digital display, Type-C charging, and 0%-5% nicotine options.","og_url":"https:\/\/vapemaison.com\/cs\/produkt\/fumot-digital-monkey-40000-jednorazove-vape-40k-puffs\/","og_site_name":"VapeMaison","article_modified_time":"2026-03-04T10:40:28+00:00","og_image":[{"width":640,"height":640,"url":"https:\/\/vapemaison.com\/wp-content\/uploads\/2026\/03\/fumot-digital-monkey-40000-kasumivape.webp","type":"image\/webp"}],"twitter_card":"summary_large_image","twitter_misc":{"Odhadovan\u00e1 doba \u010dten\u00ed":"2 minuty"},"schema":{"@context":"https:\/\/schema.org","@graph":[{"@type":"WebPage","@id":"https:\/\/vapemaison.com\/product\/fumot-digital-monkey-40000-disposable-vape-40k-puffs\/","url":"https:\/\/vapemaison.com\/product\/fumot-digital-monkey-40000-disposable-vape-40k-puffs\/","name":"Fumot Digital Monkey 40000 jednor\u00e1zov\u00fdch vape | 40k Puffs","isPartOf":{"@id":"https:\/\/vapemaison.com\/#website"},"primaryImageOfPage":{"@id":"https:\/\/vapemaison.com\/product\/fumot-digital-monkey-40000-disposable-vape-40k-puffs\/#primaryimage"},"image":{"@id":"https:\/\/vapemaison.com\/product\/fumot-digital-monkey-40000-disposable-vape-40k-puffs\/#primaryimage"},"thumbnailUrl":"https:\/\/vapemaison.com\/wp-content\/uploads\/2026\/03\/fumot-digital-monkey-40000-kasumivape.webp","datePublished":"2026-03-04T10:40:22+00:00","dateModified":"2026-03-04T10:40:28+00:00","description":"Prod\u00e1m jednor\u00e1zov\u00fd vape Fumot Digital Monkey 40000 s 40 000 potahy, dvojitou s\u00ed\u0165ovou spir\u00e1lkou, digit\u00e1ln\u00edm displejem, nab\u00edjen\u00edm typu C a mo\u017enostmi nikotinu 0%-5%.","breadcrumb":{"@id":"https:\/\/vapemaison.com\/product\/fumot-digital-monkey-40000-disposable-vape-40k-puffs\/#breadcrumb"},"inLanguage":"cs","potentialAction":[{"@type":"ReadAction","target":["https:\/\/vapemaison.com\/product\/fumot-digital-monkey-40000-disposable-vape-40k-puffs\/"]}]},{"@type":"ImageObject","inLanguage":"cs","@id":"https:\/\/vapemaison.com\/product\/fumot-digital-monkey-40000-disposable-vape-40k-puffs\/#primaryimage","url":"https:\/\/vapemaison.com\/wp-content\/uploads\/2026\/03\/fumot-digital-monkey-40000-kasumivape.webp","contentUrl":"https:\/\/vapemaison.com\/wp-content\/uploads\/2026\/03\/fumot-digital-monkey-40000-kasumivape.webp","width":640,"height":640,"caption":"Fumot Digital Monkey Kasumivape"},{"@type":"BreadcrumbList","@id":"https:\/\/vapemaison.com\/product\/fumot-digital-monkey-40000-disposable-vape-40k-puffs\/#breadcrumb","itemListElement":[{"@type":"ListItem","position":1,"name":"\u9996\u9875","item":"https:\/\/vapemaison.com\/"},{"@type":"ListItem","position":2,"name":"Shop","item":"https:\/\/vapemaison.com\/shop\/"},{"@type":"ListItem","position":3,"name":"Fumot Digital Monkey 40000 Disposable Vape | 40k Puffs"}]},{"@type":"WebSite","@id":"https:\/\/vapemaison.com\/#website","url":"https:\/\/vapemaison.com\/","name":"VapeMaison","description":"Pr\u00e9miov\u00e1 vapingov\u00e1 za\u0159\u00edzen\u00ed a p\u0159\u00edslu\u0161enstv\u00ed","publisher":{"@id":"https:\/\/vapemaison.com\/#organization"},"potentialAction":[{"@type":"SearchAction","target":{"@type":"EntryPoint","urlTemplate":"https:\/\/vapemaison.com\/?s={search_term_string}"},"query-input":{"@type":"PropertyValueSpecification","valueRequired":true,"valueName":"search_term_string"}}],"inLanguage":"cs"},{"@type":"Organization","@id":"https:\/\/vapemaison.com\/#organization","name":"VapeMaison","url":"https:\/\/vapemaison.com\/","logo":{"@type":"ImageObject","inLanguage":"cs","@id":"https:\/\/vapemaison.com\/#\/schema\/logo\/image\/","url":"https:\/\/vapemaison.com\/wp-content\/uploads\/2026\/01\/cropped-vapemaison-logo-g-2026.webp","contentUrl":"https:\/\/vapemaison.com\/wp-content\/uploads\/2026\/01\/cropped-vapemaison-logo-g-2026.webp","width":350,"height":280,"caption":"VapeMaison"},"image":{"@id":"https:\/\/vapemaison.com\/#\/schema\/logo\/image\/"},"sameAs":["https:\/\/www.youtube.com\/@VapeMaison"]}]}},"tiered_pricing_type":"fixed","tiered_pricing_fixed_rules":{"30":"11.56","50":"10.99","100":"9.42","200":"8.36"},"tiered_pricing_product_settings":{"layout":"default","base_unit_name":{"singular":null,"plural":null},"default_variation":null},"tiered_pricing_minimum_quantity":10,"tiered_pricing_roles_data":[],"tiered_pricing_percentage_rules":[],"tiered_pricing_maximum_quantity":null,"tiered_pricing_quantity_step":"10","_links":{"self":[{"href":"https:\/\/vapemaison.com\/cs\/wp-json\/wp\/v2\/product\/27677","targetHints":{"allow":["GET"]}}],"collection":[{"href":"https:\/\/vapemaison.com\/cs\/wp-json\/wp\/v2\/product"}],"about":[{"href":"https:\/\/vapemaison.com\/cs\/wp-json\/wp\/v2\/types\/product"}],"replies":[{"embeddable":true,"href":"https:\/\/vapemaison.com\/cs\/wp-json\/wp\/v2\/comments?post=27677"}],"version-history":[{"count":1,"href":"https:\/\/vapemaison.com\/cs\/wp-json\/wp\/v2\/product\/27677\/revisions"}],"predecessor-version":[{"id":27682,"href":"https:\/\/vapemaison.com\/cs\/wp-json\/wp\/v2\/product\/27677\/revisions\/27682"}],"wp:featuredmedia":[{"embeddable":true,"href":"https:\/\/vapemaison.com\/cs\/wp-json\/wp\/v2\/media\/27679"}],"wp:attachment":[{"href":"https:\/\/vapemaison.com\/cs\/wp-json\/wp\/v2\/media?parent=27677"}],"wp:term":[{"taxonomy":"product_brand","embeddable":true,"href":"https:\/\/vapemaison.com\/cs\/wp-json\/wp\/v2\/product_brand?post=27677"},{"taxonomy":"product_cat","embeddable":true,"href":"https:\/\/vapemaison.com\/cs\/wp-json\/wp\/v2\/product_cat?post=27677"},{"taxonomy":"product_tag","embeddable":true,"href":"https:\/\/vapemaison.com\/cs\/wp-json\/wp\/v2\/product_tag?post=27677"}],"curies":[{"name":"wp","href":"https:\/\/api.w.org\/{rel}","templated":true}]}}