

{"id":27761,"date":"2026-03-05T09:16:15","date_gmt":"2026-03-05T09:16:15","guid":{"rendered":"https:\/\/vapemaison.com\/?post_type=product&#038;p=27761"},"modified":"2026-03-05T09:16:21","modified_gmt":"2026-03-05T09:16:21","slug":"airmez-tornado-25000-jednorazovy-vape","status":"publish","type":"product","link":"https:\/\/vapemaison.com\/cs\/product\/airmez-tornado-25000-disposable-vape\/","title":{"rendered":"Airmez Tornado 25000 Vape na jedno pou\u017eit\u00ed"},"content":{"rendered":"<h2 class=\"wp-block-heading\">Siln\u00fd v\u00fdkon se setk\u00e1v\u00e1 s ikonick\u00fdm designem<\/h2>\n\n\n\n<p>Na str\u00e1nk\u00e1ch <strong>Airmez Tornado 25000<\/strong> p\u0159in\u00e1\u0161\u00ed legend\u00e1rn\u00ed v\u00fdkon ve stylu Tornado s vylep\u0161enou kapacitou a modern\u00ed regulac\u00ed proud\u011bn\u00ed vzduchu. Toto za\u0159\u00edzen\u00ed je zkonstruov\u00e1no pro dlouhotrvaj\u00edc\u00ed pou\u017e\u00edv\u00e1n\u00ed a kombinuje velk\u00e9 mno\u017estv\u00ed <strong>25ml z\u00e1sobn\u00edk na e-liquid<\/strong>, a <strong>dob\u00edjec\u00ed baterie 850mAh<\/strong>, a hladk\u00fd <strong>technologie s\u00ed\u0165ov\u00e9 c\u00edvky<\/strong> a poskytuje konzistentn\u00ed chu\u0165 a hustou p\u00e1ru.<\/p>\n\n\n\n<p>Jej\u00ed v\u00fdzna\u010dn\u00e1 vlastnost <strong>design inspirovan\u00fd streetartem<\/strong> je p\u0159\u00edstroj okam\u017eit\u011b rozpoznateln\u00fd, zat\u00edmco ozna\u010den\u00ed <strong>360\u00b0 nastaviteln\u00fd syst\u00e9m proud\u011bn\u00ed vzduchu<\/strong> umo\u017e\u0148uje u\u017eivatel\u016fm p\u0159izp\u016fsobit si ka\u017ed\u00fd tah.<\/p>\n\n\n\n<p>A\u0165 u\u017e d\u00e1v\u00e1te p\u0159ednost hutn\u00e9mu n\u00e1dechu, nebo hladk\u00e9mu mraku, Tornado 25K se p\u0159izp\u016fsob\u00ed va\u0161emu stylu.<\/p>\n\n\n\n<h1 class=\"wp-block-heading\">Kl\u00ed\u010dov\u00e9 vlastnosti<\/h1>\n\n\n\n<h3 class=\"wp-block-heading\">360\u00b0 nastaviteln\u00e9 proud\u011bn\u00ed vzduchu<\/h3>\n\n\n\n<p>Oto\u010dn\u00fd regul\u00e1tor proud\u011bn\u00ed vzduchu na z\u00e1kladn\u011b umo\u017e\u0148uje snadno nastavit odpor p\u0159i tahu. P\u0159epn\u011bte z omezen\u00e9ho \u0161lukov\u00e1n\u00ed na otev\u0159en\u00e9 proud\u011bn\u00ed vzduchu pro v\u011bt\u0161\u00ed mraky.<\/p>\n\n\n\n<h3 class=\"wp-block-heading\">Velk\u00e1 kapacita 25 ml e-liquidu<\/h3>\n\n\n\n<p>P\u0159edpln\u011bn\u00e9 <strong>25 ml pr\u00e9miov\u00e9ho e-liquidu<\/strong>, a poskytuje a\u017e <strong>25 000 obl\u00e1\u010dk\u016f<\/strong> v z\u00e1vislosti na zp\u016fsobu pou\u017e\u00edv\u00e1n\u00ed.<\/p>\n\n\n\n<h3 class=\"wp-block-heading\">Dob\u00edjec\u00ed baterie 850 mAh<\/h3>\n\n\n\n<p>Vybaven spolehliv\u00fdm <strong>Baterie s kapacitou 850 mAh<\/strong> a <strong>Nab\u00edjen\u00ed p\u0159es USB typu C<\/strong>, co\u017e zaji\u0161\u0165uje stabiln\u00ed v\u00fdkon po celou dobu \u017eivotnosti za\u0159\u00edzen\u00ed.<\/p>\n\n\n\n<h3 class=\"wp-block-heading\">Pokro\u010dil\u00e1 s\u00ed\u0165ov\u00e1 c\u00edvka<\/h3>\n\n\n\n<p>Vestav\u011bn\u00fd <strong>C\u00edvka s oky 0,9\u03a9<\/strong> zlep\u0161uje produkci p\u00e1ry a poskytuje konzistentn\u00ed chu\u0165 od prvn\u00edho potahu a\u017e po posledn\u00ed.<\/p>\n\n\n\n<h3 class=\"wp-block-heading\">Ikonick\u00fd streetartov\u00fd design<\/h3>\n\n\n\n<p>Za\u0159\u00edzen\u00ed je inspirov\u00e1no estetikou slavn\u00e9 \u0159ady Tornado a d\u00edky v\u00fdrazn\u00e9 grafice ve stylu opic je vizu\u00e1ln\u011b jedine\u010dn\u00e9.<\/p>\n\n\n\n<h1 class=\"wp-block-heading\">Specifikace za\u0159\u00edzen\u00ed<\/h1>\n\n\n\n<figure class=\"wp-block-table\"><table class=\"has-fixed-layout\"><thead><tr><th>Funkce<\/th><th>Specifikace<\/th><\/tr><\/thead><tbody><tr><td>Model<\/td><td>Airmez Tornado 25000<\/td><\/tr><tr><td>Kapacita nad\u00fdchan\u00e9ho vzduchu<\/td><td>A\u017e 25 000 vdech\u016f<\/td><\/tr><tr><td>Kapacita e-kapaliny<\/td><td>25 ml<\/td><\/tr><tr><td>Baterie<\/td><td>850mAh dob\u00edjec\u00ed<\/td><\/tr><tr><td>Nab\u00edjec\u00ed port<\/td><td>USB typu C<\/td><\/tr><tr><td>C\u00edvka<\/td><td>0,9\u03a9 Mesh Coil<\/td><\/tr><tr><td>Proud\u011bn\u00ed vzduchu<\/td><td>360\u00b0 nastaviteln\u00e9 spodn\u00ed proud\u011bn\u00ed vzduchu<\/td><\/tr><\/tbody><\/table><\/figure>\n\n\n\n<h1 class=\"wp-block-heading\">Dostupn\u00e9 p\u0159\u00edchut\u011b<\/h1>\n\n\n\n<p>Na str\u00e1nk\u00e1ch <strong>Airmez Tornado 25K<\/strong> je k dispozici v \u0161irok\u00e9 \u0161k\u00e1le ovocn\u00fdch a ledov\u00fdch p\u0159\u00edchut\u00ed.<\/p>\n\n\n\n<ul class=\"wp-block-list\">\n<li>Hroznov\u00fd led<\/li>\n\n\n\n<li>Bor\u016fvkov\u00fd led<\/li>\n\n\n\n<li>Jahodov\u00e1 zmrzlina<\/li>\n\n\n\n<li>Sv\u011b\u017e\u00ed led<\/li>\n\n\n\n<li>Broskvov\u00fd led<\/li>\n\n\n\n<li>Broskvov\u00e9 mango<\/li>\n\n\n\n<li>Kiwi Passion Guava<\/li>\n\n\n\n<li>Jahodov\u00fd meloun<\/li>\n\n\n\n<li>Cherry<\/li>\n\n\n\n<li>Citron a limetka<\/li>\n\n\n\n<li>Kysel\u00e9 jablko<\/li>\n\n\n\n<li>Sm\u00ed\u0161en\u00e9 bobule<\/li>\n\n\n\n<li>Jahodov\u00e1 limon\u00e1da<\/li>\n\n\n\n<li>Dra\u010d\u00ed ovoce<\/li>\n\n\n\n<li>Trojit\u00e9 bobule<\/li>\n<\/ul>\n\n\n\n<h1 class=\"wp-block-heading\">Pr\u016fvodce chu\u0165ov\u00fdm profilem<\/h1>\n\n\n\n<p><strong>Hroznov\u00fd led<\/strong> - Bohat\u00e1 hroznov\u00e1 chu\u0165 s chladn\u00fdm ledov\u00fdm z\u00e1v\u011brem.<br><strong>Bor\u016fvkov\u00fd led<\/strong> - Sladk\u00e9 t\u00f3ny bor\u016fvek vyv\u00e1\u017een\u00e9 osv\u011b\u017euj\u00edc\u00edm mentolem.<br><strong>Jahodov\u00e1 zmrzlina<\/strong> - \u010cerstv\u00e9 jahody s chladiv\u00fdm v\u00fddechem.<br><strong>Sv\u011b\u017e\u00ed led<\/strong> - \u0160\u0165avnat\u00fd meloun dopln\u011bn\u00fd chladiv\u00fdm ledem.<br><strong>Broskvov\u00fd led<\/strong> - Jemn\u00e1 broskvov\u00e1 chu\u0165 s k\u0159upav\u00fdm chladiv\u00fdm n\u00e1dechem.<br><strong>Broskvov\u00e9 mango<\/strong> - Tropick\u00e1 sm\u011bs sladk\u00fdch broskv\u00ed a manga.<br><strong>Kiwi Passion Guava<\/strong> - Exotick\u00e1 ovocn\u00e1 sm\u011bs s jasn\u00fdmi tropick\u00fdmi t\u00f3ny.<br><strong>Jahodov\u00fd meloun<\/strong> - Osv\u011b\u017euj\u00edc\u00ed kombinace letn\u00edho ovoce.<br><strong>Cherry<\/strong> - Klasick\u00e1 sladk\u00e1 t\u0159e\u0161\u0148ov\u00e1 p\u0159\u00edchu\u0165.<br><strong>Citron a limetka<\/strong> - Z\u00e1\u0159iv\u00e9 citrusy s osv\u011b\u017euj\u00edc\u00edm n\u00e1dechem.<br><strong>Kysel\u00e9 jablko<\/strong> - Pikantn\u00ed zelen\u00e9 jablko s ostr\u00fdm ovocn\u00fdm n\u00e1dechem.<br><strong>Sm\u00ed\u0161en\u00e9 bobule<\/strong> - Vyv\u00e1\u017een\u00e1 sm\u011bs lesn\u00edch plod\u016f.<br><strong>Jahodov\u00e1 limon\u00e1da<\/strong> - Limon\u00e1da s p\u0159\u00edm\u011bs\u00ed sladk\u00fdch bobul\u00ed.<br><strong>Dra\u010d\u00ed ovoce<\/strong> - Lehk\u00e1 exotick\u00e1 sladkost s jemn\u00fdmi tropick\u00fdmi t\u00f3ny.<br><strong>Trojit\u00e9 bobule<\/strong> - Kombinace jahod, malin a bor\u016fvek.<\/p>\n\n\n\n<h1 class=\"wp-block-heading\">D\u016fle\u017eit\u00e9 upozorn\u011bn\u00ed<\/h1>\n\n\n\n<p>\u26a0\ufe0f <strong>V\u011bkov\u00e9 omezen\u00ed:<\/strong> Tento v\u00fdrobek je ur\u010den pouze pro dosp\u011bl\u00e9. Prodej nezletil\u00fdm je p\u0159\u00edsn\u011b zak\u00e1z\u00e1n.<\/p>\n\n\n\n<p>Pozn\u00e1mka: N\u011bkter\u00e9 s\u00e9rie v\u00fdrobk\u016f mohou obsahovat designov\u00e9 prvky odkazuj\u00edc\u00ed na v\u00fdrobn\u00ed \u0159adu Tornado.<\/p>","protected":false},"excerpt":{"rendered":"<p>Powerful Performance Meets Iconic Design The Airmez Tornado 25000 brings back the legendary Tornado-style performance with upgraded capacity and modern airflow control. Built for long-lasting use, this device combines a large 25ml e-liquid reservoir, a rechargeable 850mAh battery, and smooth mesh coil technology to deliver consistent flavor and dense vapor. Its standout street-art inspired ape [&hellip;]<\/p>\n","protected":false},"featured_media":27771,"comment_status":"open","ping_status":"closed","template":"","meta":[],"product_brand":[],"product_cat":[],"product_tag":[],"class_list":{"0":"post-27761","1":"product","2":"type-product","3":"status-publish","4":"has-post-thumbnail","7":"first","8":"instock","9":"shipping-taxable","10":"purchasable","11":"product-type-variable"},"yoast_head":"<!-- This site is optimized with the Yoast SEO plugin v27.4 - https:\/\/yoast.com\/product\/yoast-seo-wordpress\/ -->\n<title>Airmez Tornado 25000 Vape \u2013 25K Puffs, 25ml, Rechargeable<\/title>\n<meta name=\"description\" content=\"Discover the Airmez Tornado 25000 disposable vape with 25,000 puffs, 25ml e-liquid, adjustable airflow, mesh coil and 850mAh rechargeable battery.\" \/>\n<meta name=\"robots\" content=\"index, follow, max-snippet:-1, max-image-preview:large, max-video-preview:-1\" \/>\n<link rel=\"canonical\" href=\"https:\/\/vapemaison.com\/cs\/produkt\/airmez-tornado-25000-jednorazovy-vape\/\" \/>\n<meta property=\"og:locale\" content=\"cs_CZ\" \/>\n<meta property=\"og:type\" content=\"article\" \/>\n<meta property=\"og:title\" content=\"Airmez Tornado 25000 Vape \u2013 25K Puffs, 25ml, Rechargeable\" \/>\n<meta property=\"og:description\" content=\"Discover the Airmez Tornado 25000 disposable vape with 25,000 puffs, 25ml e-liquid, adjustable airflow, mesh coil and 850mAh rechargeable battery.\" \/>\n<meta property=\"og:url\" content=\"https:\/\/vapemaison.com\/cs\/produkt\/airmez-tornado-25000-jednorazovy-vape\/\" \/>\n<meta property=\"og:site_name\" content=\"VapeMaison\" \/>\n<meta property=\"article:modified_time\" content=\"2026-03-05T09:16:21+00:00\" \/>\n<meta property=\"og:image\" content=\"https:\/\/vapemaison.com\/wp-content\/uploads\/2026\/03\/vapemaison-airmez-tornado-25000-puffs-disposable-vape-flavor-peach-mango.webp\" \/>\n\t<meta property=\"og:image:width\" content=\"1080\" \/>\n\t<meta property=\"og:image:height\" content=\"1080\" \/>\n\t<meta property=\"og:image:type\" content=\"image\/webp\" \/>\n<meta name=\"twitter:card\" content=\"summary_large_image\" \/>\n<meta name=\"twitter:label1\" content=\"Odhadovan\u00e1 doba \u010dten\u00ed\" \/>\n\t<meta name=\"twitter:data1\" content=\"3 minuty\" \/>\n<!-- \/ Yoast SEO plugin. -->","yoast_head_json":{"title":"Airmez Tornado 25000 Vape - 25K Puffs, 25ml, dob\u00edjec\u00ed baterie","description":"Objevte jednor\u00e1zov\u00fd vape Airmez Tornado 25000 s 25 000 potahy, 25 ml e-liquidu, nastaviteln\u00fdm airflow, s\u00ed\u0165ovou spir\u00e1lkou a dob\u00edjec\u00ed bateri\u00ed 850 mAh.","robots":{"index":"index","follow":"follow","max-snippet":"max-snippet:-1","max-image-preview":"max-image-preview:large","max-video-preview":"max-video-preview:-1"},"canonical":"https:\/\/vapemaison.com\/cs\/produkt\/airmez-tornado-25000-jednorazovy-vape\/","og_locale":"cs_CZ","og_type":"article","og_title":"Airmez Tornado 25000 Vape \u2013 25K Puffs, 25ml, Rechargeable","og_description":"Discover the Airmez Tornado 25000 disposable vape with 25,000 puffs, 25ml e-liquid, adjustable airflow, mesh coil and 850mAh rechargeable battery.","og_url":"https:\/\/vapemaison.com\/cs\/produkt\/airmez-tornado-25000-jednorazovy-vape\/","og_site_name":"VapeMaison","article_modified_time":"2026-03-05T09:16:21+00:00","og_image":[{"width":1080,"height":1080,"url":"https:\/\/vapemaison.com\/wp-content\/uploads\/2026\/03\/vapemaison-airmez-tornado-25000-puffs-disposable-vape-flavor-peach-mango.webp","type":"image\/webp"}],"twitter_card":"summary_large_image","twitter_misc":{"Odhadovan\u00e1 doba \u010dten\u00ed":"3 minuty"},"schema":{"@context":"https:\/\/schema.org","@graph":[{"@type":"WebPage","@id":"https:\/\/vapemaison.com\/product\/airmez-tornado-25000-disposable-vape\/","url":"https:\/\/vapemaison.com\/product\/airmez-tornado-25000-disposable-vape\/","name":"Airmez Tornado 25000 Vape - 25K Puffs, 25ml, dob\u00edjec\u00ed baterie","isPartOf":{"@id":"https:\/\/vapemaison.com\/#website"},"primaryImageOfPage":{"@id":"https:\/\/vapemaison.com\/product\/airmez-tornado-25000-disposable-vape\/#primaryimage"},"image":{"@id":"https:\/\/vapemaison.com\/product\/airmez-tornado-25000-disposable-vape\/#primaryimage"},"thumbnailUrl":"https:\/\/vapemaison.com\/wp-content\/uploads\/2026\/03\/vapemaison-airmez-tornado-25000-puffs-disposable-vape-flavor-peach-mango.webp","datePublished":"2026-03-05T09:16:15+00:00","dateModified":"2026-03-05T09:16:21+00:00","description":"Objevte jednor\u00e1zov\u00fd vape Airmez Tornado 25000 s 25 000 potahy, 25 ml e-liquidu, nastaviteln\u00fdm airflow, s\u00ed\u0165ovou spir\u00e1lkou a dob\u00edjec\u00ed bateri\u00ed 850 mAh.","breadcrumb":{"@id":"https:\/\/vapemaison.com\/product\/airmez-tornado-25000-disposable-vape\/#breadcrumb"},"inLanguage":"cs","potentialAction":[{"@type":"ReadAction","target":["https:\/\/vapemaison.com\/product\/airmez-tornado-25000-disposable-vape\/"]}]},{"@type":"ImageObject","inLanguage":"cs","@id":"https:\/\/vapemaison.com\/product\/airmez-tornado-25000-disposable-vape\/#primaryimage","url":"https:\/\/vapemaison.com\/wp-content\/uploads\/2026\/03\/vapemaison-airmez-tornado-25000-puffs-disposable-vape-flavor-peach-mango.webp","contentUrl":"https:\/\/vapemaison.com\/wp-content\/uploads\/2026\/03\/vapemaison-airmez-tornado-25000-puffs-disposable-vape-flavor-peach-mango.webp","width":1080,"height":1080,"caption":"Vapemaison Airmez Tornado Puffs Disposable Vape Flavor Peach Mango"},{"@type":"BreadcrumbList","@id":"https:\/\/vapemaison.com\/product\/airmez-tornado-25000-disposable-vape\/#breadcrumb","itemListElement":[{"@type":"ListItem","position":1,"name":"\u9996\u9875","item":"https:\/\/vapemaison.com\/"},{"@type":"ListItem","position":2,"name":"Shop","item":"https:\/\/vapemaison.com\/shop\/"},{"@type":"ListItem","position":3,"name":"Airmez Tornado 25000 Disposable Vape"}]},{"@type":"WebSite","@id":"https:\/\/vapemaison.com\/#website","url":"https:\/\/vapemaison.com\/","name":"VapeMaison","description":"Pr\u00e9miov\u00e1 vapingov\u00e1 za\u0159\u00edzen\u00ed a p\u0159\u00edslu\u0161enstv\u00ed","publisher":{"@id":"https:\/\/vapemaison.com\/#organization"},"potentialAction":[{"@type":"SearchAction","target":{"@type":"EntryPoint","urlTemplate":"https:\/\/vapemaison.com\/?s={search_term_string}"},"query-input":{"@type":"PropertyValueSpecification","valueRequired":true,"valueName":"search_term_string"}}],"inLanguage":"cs"},{"@type":"Organization","@id":"https:\/\/vapemaison.com\/#organization","name":"VapeMaison","url":"https:\/\/vapemaison.com\/","logo":{"@type":"ImageObject","inLanguage":"cs","@id":"https:\/\/vapemaison.com\/#\/schema\/logo\/image\/","url":"https:\/\/vapemaison.com\/wp-content\/uploads\/2026\/01\/cropped-vapemaison-logo-g-2026.webp","contentUrl":"https:\/\/vapemaison.com\/wp-content\/uploads\/2026\/01\/cropped-vapemaison-logo-g-2026.webp","width":350,"height":280,"caption":"VapeMaison"},"image":{"@id":"https:\/\/vapemaison.com\/#\/schema\/logo\/image\/"},"sameAs":["https:\/\/www.youtube.com\/@VapeMaison"]}]}},"tiered_pricing_type":"fixed","tiered_pricing_fixed_rules":{"30":"10.99","50":"9.98","100":"9.42","200":"8.99"},"tiered_pricing_product_settings":{"layout":"default","base_unit_name":{"singular":null,"plural":null},"default_variation":null},"tiered_pricing_minimum_quantity":10,"tiered_pricing_roles_data":[],"tiered_pricing_percentage_rules":[],"tiered_pricing_maximum_quantity":null,"tiered_pricing_quantity_step":"10","_links":{"self":[{"href":"https:\/\/vapemaison.com\/cs\/wp-json\/wp\/v2\/product\/27761","targetHints":{"allow":["GET"]}}],"collection":[{"href":"https:\/\/vapemaison.com\/cs\/wp-json\/wp\/v2\/product"}],"about":[{"href":"https:\/\/vapemaison.com\/cs\/wp-json\/wp\/v2\/types\/product"}],"replies":[{"embeddable":true,"href":"https:\/\/vapemaison.com\/cs\/wp-json\/wp\/v2\/comments?post=27761"}],"version-history":[{"count":1,"href":"https:\/\/vapemaison.com\/cs\/wp-json\/wp\/v2\/product\/27761\/revisions"}],"predecessor-version":[{"id":27775,"href":"https:\/\/vapemaison.com\/cs\/wp-json\/wp\/v2\/product\/27761\/revisions\/27775"}],"wp:featuredmedia":[{"embeddable":true,"href":"https:\/\/vapemaison.com\/cs\/wp-json\/wp\/v2\/media\/27771"}],"wp:attachment":[{"href":"https:\/\/vapemaison.com\/cs\/wp-json\/wp\/v2\/media?parent=27761"}],"wp:term":[{"taxonomy":"product_brand","embeddable":true,"href":"https:\/\/vapemaison.com\/cs\/wp-json\/wp\/v2\/product_brand?post=27761"},{"taxonomy":"product_cat","embeddable":true,"href":"https:\/\/vapemaison.com\/cs\/wp-json\/wp\/v2\/product_cat?post=27761"},{"taxonomy":"product_tag","embeddable":true,"href":"https:\/\/vapemaison.com\/cs\/wp-json\/wp\/v2\/product_tag?post=27761"}],"curies":[{"name":"wp","href":"https:\/\/api.w.org\/{rel}","templated":true}]}}