

{"id":27822,"date":"2026-03-10T06:51:09","date_gmt":"2026-03-10T06:51:09","guid":{"rendered":"https:\/\/vapemaison.com\/?post_type=product&#038;p=27822"},"modified":"2026-03-10T06:51:14","modified_gmt":"2026-03-10T06:51:14","slug":"jnr-falcon-bar-48000-jednorazove-vape-48000-puffs-dual-mesh-coil","status":"publish","type":"product","link":"https:\/\/vapemaison.com\/cs\/product\/jnr-falcon-bar-48000-disposable-vape-48000-puffs-dual-mesh-coil\/","title":{"rendered":"JNR Falcon Bar 48000 Vape na jedno pou\u017eit\u00ed | 48 000 \u0161luk\u016f | Dual Mesh Coil"},"content":{"rendered":"<p>Na str\u00e1nk\u00e1ch <strong>JNR Falcon Bar 48000<\/strong> je ur\u010den pro vapery, kte\u0159\u00ed cht\u011bj\u00ed vy\u0161\u0161\u00ed v\u00fdkon, bohat\u00e9 pod\u00e1n\u00ed chuti a modern\u00ed pr\u016fhledn\u00fd design. S a\u017e <strong>48 000 obl\u00e1\u010dk\u016f<\/strong>, v\u00fdkonn\u00fd <strong>Dob\u00edjec\u00ed baterie s kapacitou 1000 mAh<\/strong>, a <strong>technologie dvojit\u00e9 s\u00ed\u0165ov\u00e9 c\u00edvky<\/strong>, toto za\u0159\u00edzen\u00ed poskytuje konzistentn\u00ed a uspokojiv\u00fd vapingov\u00fd z\u00e1\u017eitek od za\u010d\u00e1tku do konce.<\/p>\n\n\n\n<p>Jeho <strong>ultrapr\u016fhledn\u00fd pl\u00e1\u0161\u0165<\/strong> vytv\u00e1\u0159\u00ed nejen futuristick\u00fd estetick\u00fd dojem, ale tak\u00e9 umo\u017e\u0148uje u\u017eivatel\u016fm snadno sledovat hladinu e-liquidu. V kombinaci s nastaviteln\u00fdm pr\u016ftokem vzduchu a aktivac\u00ed potahov\u00e1n\u00ed nab\u00edz\u00ed Falcon 48000 jednoduchost i p\u0159izp\u016fsoben\u00ed v jednom v\u00fdkonn\u00e9m za\u0159\u00edzen\u00ed.<\/p>\n\n\n\n<h3 class=\"wp-block-heading\">A\u017e 48 000 puf\u016f<\/h3>\n\n\n\n<p>Falcon 48000 je konstruov\u00e1n pro dlouhodob\u00e9 pou\u017e\u00edv\u00e1n\u00ed a poskytuje v\u00fdjime\u010dnou kapacitu pufov\u00e1n\u00ed s <strong>45 ml e-liquidu<\/strong>, co\u017e sni\u017euje pot\u0159ebu \u010dast\u00e9 v\u00fdm\u011bny za\u0159\u00edzen\u00ed.<\/p>\n\n\n\n<h3 class=\"wp-block-heading\">Technologie Dual Mesh Coil<\/h3>\n\n\n\n<p>Pokro\u010dil\u00e9 <strong>syst\u00e9m dvojit\u00e9 s\u00ed\u0165ov\u00e9 c\u00edvky<\/strong> zaji\u0161\u0165uje:<\/p>\n\n\n\n<ul class=\"wp-block-list\">\n<li>Rychlej\u0161\u00ed reakce na oh\u0159ev<\/li>\n\n\n\n<li>Zv\u00fd\u0161en\u00e1 intenzita chuti<\/li>\n\n\n\n<li>Hladk\u00e1 a hust\u00e1 produkce p\u00e1ry<\/li>\n\n\n\n<li>Konzistentn\u00ed v\u00fdstup po celou dobu \u017eivotnosti za\u0159\u00edzen\u00ed<\/li>\n<\/ul>\n\n\n\n<p>Navr\u017eeno tak, aby si zachovalo \u010distou chu\u0165 od prvn\u00edho do posledn\u00edho \u0161luku.<\/p>\n\n\n\n<h3 class=\"wp-block-heading\">Ultra-transparentn\u00ed design pl\u00e1\u0161t\u011b<\/h3>\n\n\n\n<p>V\u00fdrazn\u00e9 pr\u016fhledn\u00e9 t\u011blo umo\u017e\u0148uje u\u017eivatel\u016fm snadno sledovat hladinu e-liquidu a z\u00e1rove\u0148 ukazuje vnit\u0159n\u00ed strukturu za\u0159\u00edzen\u00ed.<\/p>\n\n\n\n<ul class=\"wp-block-list\">\n<li>Modern\u00ed estetick\u00fd design<\/li>\n\n\n\n<li>Funk\u010dn\u00ed viditelnost<\/li>\n\n\n\n<li>Prvot\u0159\u00eddn\u00ed vizu\u00e1ln\u00ed p\u0159ita\u017elivost<\/li>\n<\/ul>\n\n\n\n<h3 class=\"wp-block-heading\">Nastaviteln\u00e1 regulace proud\u011bn\u00ed vzduchu<\/h3>\n\n\n\n<p>P\u0159izp\u016fsobte si sv\u016fj styl vapov\u00e1n\u00ed d\u00edky nastaviteln\u00e9mu airflow:<\/p>\n\n\n\n<ul class=\"wp-block-list\">\n<li>T\u011bsn\u00fd <strong>MTL \u010derp\u00e1<\/strong> pro vapov\u00e1n\u00ed ve stylu cigaret<\/li>\n\n\n\n<li>Vzdu\u0161n\u00fd <strong>DTL \u010derp\u00e1<\/strong> pro v\u011bt\u0161\u00ed oblaka p\u00e1ry<\/li>\n<\/ul>\n\n\n\n<p>P\u0159izp\u016fsobte si proud\u011bn\u00ed vzduchu podle sv\u00fdch osobn\u00edch preferenc\u00ed.<\/p>\n\n\n\n<h3 class=\"wp-block-heading\">Dob\u00edjec\u00ed baterie 1000 mAh<\/h3>\n\n\n\n<p>V\u00fdkonn\u00fd <strong>1000mAh baterie<\/strong> zaji\u0161\u0165uje stabiln\u00ed v\u00fdkon a dlouhodob\u00e9 pou\u017e\u00edv\u00e1n\u00ed.<\/p>\n\n\n\n<p>Ve spojen\u00ed s <strong>Rychl\u00e9 nab\u00edjen\u00ed typu C<\/strong>, poskytuje:<\/p>\n\n\n\n<ul class=\"wp-block-list\">\n<li>Rychl\u00e9 dob\u00edjen\u00ed<\/li>\n\n\n\n<li>Spolehliv\u00fd v\u00fdstupn\u00ed v\u00fdkon<\/li>\n\n\n\n<li>Zkr\u00e1cen\u00ed prostoj\u016f<\/li>\n<\/ul>\n\n\n\n<h3 class=\"wp-block-heading\">Operace aktivovan\u00e1 tahem<\/h3>\n\n\n\n<p>Falcon 48000 pou\u017e\u00edv\u00e1 <strong>syst\u00e9m aktivace tahu bez pou\u017eit\u00ed tla\u010d\u00edtek<\/strong>, tak\u017ee se velmi snadno pou\u017e\u00edv\u00e1.<\/p>\n\n\n\n<p>Za\u0159\u00edzen\u00ed aktivujete pouh\u00fdm vdechnut\u00edm.<\/p>\n\n\n\n<h2 class=\"wp-block-heading\">Specifikace<\/h2>\n\n\n\n<ul class=\"wp-block-list\">\n<li>Kapacita pufu: A\u017e 48 000 puf\u016f<\/li>\n\n\n\n<li>Kapacita e-liquidu: 45ml<\/li>\n\n\n\n<li>Baterie: 1000mAh dob\u00edjec\u00ed<\/li>\n\n\n\n<li>C\u00edvka: Du\u00e1ln\u00ed s\u00ed\u0165ov\u00e1 c\u00edvka<\/li>\n\n\n\n<li>Proud\u011bn\u00ed vzduchu: Nastaviteln\u00fd<\/li>\n\n\n\n<li>Nab\u00edjec\u00ed port: Type-C<\/li>\n\n\n\n<li>Aktivace: Aktivace kreslen\u00edm<\/li>\n\n\n\n<li>Design: Ultratransparentn\u00ed pl\u00e1\u0161\u0165<\/li>\n<\/ul>\n\n\n\n<h2 class=\"wp-block-heading\">Kolekce p\u0159\u00edchut\u00ed<\/h2>\n\n\n\n<p>K dispozici je \u0161irok\u00e1 \u0161k\u00e1la obl\u00edben\u00fdch p\u0159\u00edchut\u00ed:<\/p>\n\n\n\n<ul class=\"wp-block-list\">\n<li>Melounov\u00fd led<\/li>\n\n\n\n<li>Meloun Mango Broskev<\/li>\n\n\n\n<li>Jahodov\u00fd melounov\u00fd led<\/li>\n\n\n\n<li>Jahodov\u00fd Red Bull<\/li>\n\n\n\n<li>Jahodov\u00e1 malinov\u00e1 t\u0159e\u0161\u0148ov\u00e1 zmrzlina<\/li>\n\n\n\n<li>Jahodov\u00e9 kiwi<\/li>\n\n\n\n<li>Jahodov\u00e1 zmrzlina<\/li>\n\n\n\n<li>Ovocn\u00e1 mu\u010denka Kiwi<\/li>\n\n\n\n<li>Sm\u00ed\u0161en\u00e9 bobule<\/li>\n\n\n\n<li>L\u00e1ska 66<\/li>\n\n\n\n<li>Kiwi a melounov\u00fd led<\/li>\n\n\n\n<li>\u0160\u0165avnat\u00e9 broskve<\/li>\n\n\n\n<li>\u0160umiv\u00e9 jahodov\u00e9 prou\u017eky<\/li>\n\n\n\n<li>Havaj<\/li>\n\n\n\n<li>Cherry Cola<\/li>\n\n\n\n<li>Cherry Berry<\/li>\n\n\n\n<li>Bor\u016fvka malina<\/li>\n\n\n\n<li>Bor\u016fvkov\u00e9 kiwi<\/li>\n\n\n\n<li>Blue Razz Cherry<\/li>\n\n\n\n<li>Black Dragon Ice<\/li>\n<\/ul>\n\n\n\n<p>Tyto chu\u0165ov\u00e9 profily kombinuj\u00ed ovocn\u00e9, ledov\u00e9, cukrov\u00e9 a n\u00e1pojov\u00e9 inspirace, aby poskytly vyv\u00e1\u017een\u00fd a p\u0159\u00edjemn\u00fd vapingov\u00fd z\u00e1\u017eitek.<\/p>\n\n\n\n<h2 class=\"wp-block-heading\">Pro\u010d si vybrat ty\u010d JNR Falcon Bar 48000?<\/h2>\n\n\n\n<ul class=\"wp-block-list\">\n<li>Velmi vysok\u00e1 kapacita nad\u00fdch\u00e1n\u00ed<\/li>\n\n\n\n<li>Transparentn\u00ed modern\u00ed design<\/li>\n\n\n\n<li>Technologie chuti s dvojitou s\u00ed\u0165ovou c\u00edvkou<\/li>\n\n\n\n<li>Nastaviteln\u00e1 regulace proud\u011bn\u00ed vzduchu<\/li>\n\n\n\n<li>V\u00fdkonn\u00e1 dob\u00edjec\u00ed baterie<\/li>\n\n\n\n<li>\u0160irok\u00fd v\u00fdb\u011br p\u0159\u00edchut\u00ed<\/li>\n<\/ul>\n\n\n\n<p>Na str\u00e1nk\u00e1ch <strong>JNR Falcon Bar 48000<\/strong> kombinuje v\u00fdkon, estetiku a spolehlivost v jedin\u00e9m velkokapacitn\u00edm jednor\u00e1zov\u00e9m \u0161luk\u00e1tku navr\u017een\u00e9m pro dlouhodobou spokojenost.<\/p>","protected":false},"excerpt":{"rendered":"<p>The JNR Falcon Bar 48000 is designed for vapers who want extended performance, rich flavor delivery, and a modern transparent design. With up to 48,000 puffs, a powerful 1000mAh rechargeable battery, and dual mesh coil technology, this device delivers a consistent and satisfying vaping experience from start to finish. Its ultra-transparent shell not only creates [&hellip;]<\/p>\n","protected":false},"featured_media":27832,"comment_status":"open","ping_status":"closed","template":"","meta":[],"product_brand":[168],"product_cat":[],"product_tag":[],"class_list":{"0":"post-27822","1":"product","2":"type-product","3":"status-publish","4":"has-post-thumbnail","6":"product_brand-jnr","8":"first","9":"instock","10":"sale","11":"shipping-taxable","12":"purchasable","13":"product-type-variable"},"yoast_head":"<!-- This site is optimized with the Yoast SEO plugin v27.4 - https:\/\/yoast.com\/product\/yoast-seo-wordpress\/ -->\n<title>JNR Falcon Bar 48000 Disposable Vape | 48K Puffs<\/title>\n<meta name=\"description\" content=\"Shop JNR Falcon Bar 48000 disposable vape with 48K puffs 45ml e-liquid capacity, adjustable airflow, and 1000mAh rechargeable battery with Type-C charging.\" \/>\n<meta name=\"robots\" content=\"index, follow, max-snippet:-1, max-image-preview:large, max-video-preview:-1\" \/>\n<link rel=\"canonical\" href=\"https:\/\/vapemaison.com\/cs\/produkt\/jnr-falcon-bar-48000-jednorazove-vape-48000-puffs-dual-mesh-coil\/\" \/>\n<meta property=\"og:locale\" content=\"cs_CZ\" \/>\n<meta property=\"og:type\" content=\"article\" \/>\n<meta property=\"og:title\" content=\"JNR Falcon Bar 48000 Disposable Vape | 48K Puffs\" \/>\n<meta property=\"og:description\" content=\"Shop JNR Falcon Bar 48000 disposable vape with 48K puffs 45ml e-liquid capacity, adjustable airflow, and 1000mAh rechargeable battery with Type-C charging.\" \/>\n<meta property=\"og:url\" content=\"https:\/\/vapemaison.com\/cs\/produkt\/jnr-falcon-bar-48000-jednorazove-vape-48000-puffs-dual-mesh-coil\/\" \/>\n<meta property=\"og:site_name\" content=\"VapeMaison\" \/>\n<meta property=\"article:modified_time\" content=\"2026-03-10T06:51:14+00:00\" \/>\n<meta property=\"og:image\" content=\"https:\/\/vapemaison.com\/wp-content\/uploads\/2026\/03\/vapemaison-jnr-falcon-bar-48000-puffs-dispasable-vape-flavor-strawberry-watermelon-ice.webp\" \/>\n\t<meta property=\"og:image:width\" content=\"1600\" \/>\n\t<meta property=\"og:image:height\" content=\"1600\" \/>\n\t<meta property=\"og:image:type\" content=\"image\/webp\" \/>\n<meta name=\"twitter:card\" content=\"summary_large_image\" \/>\n<meta name=\"twitter:label1\" content=\"Odhadovan\u00e1 doba \u010dten\u00ed\" \/>\n\t<meta name=\"twitter:data1\" content=\"3 minuty\" \/>\n<!-- \/ Yoast SEO plugin. -->","yoast_head_json":{"title":"JNR Falcon Bar 48000 Vape na jedno pou\u017eit\u00ed | 48K Puffs","description":"Obchod JNR Falcon Bar 48000 jednor\u00e1zov\u00fd vape s kapacitou 48 tis\u00edc \u0161luk\u016f 45 ml e-liquidu, nastaviteln\u00fdm airflow a 1000mAh dob\u00edjec\u00ed bateri\u00ed s nab\u00edjen\u00edm typu C.","robots":{"index":"index","follow":"follow","max-snippet":"max-snippet:-1","max-image-preview":"max-image-preview:large","max-video-preview":"max-video-preview:-1"},"canonical":"https:\/\/vapemaison.com\/cs\/produkt\/jnr-falcon-bar-48000-jednorazove-vape-48000-puffs-dual-mesh-coil\/","og_locale":"cs_CZ","og_type":"article","og_title":"JNR Falcon Bar 48000 Disposable Vape | 48K Puffs","og_description":"Shop JNR Falcon Bar 48000 disposable vape with 48K puffs 45ml e-liquid capacity, adjustable airflow, and 1000mAh rechargeable battery with Type-C charging.","og_url":"https:\/\/vapemaison.com\/cs\/produkt\/jnr-falcon-bar-48000-jednorazove-vape-48000-puffs-dual-mesh-coil\/","og_site_name":"VapeMaison","article_modified_time":"2026-03-10T06:51:14+00:00","og_image":[{"width":1600,"height":1600,"url":"https:\/\/vapemaison.com\/wp-content\/uploads\/2026\/03\/vapemaison-jnr-falcon-bar-48000-puffs-dispasable-vape-flavor-strawberry-watermelon-ice.webp","type":"image\/webp"}],"twitter_card":"summary_large_image","twitter_misc":{"Odhadovan\u00e1 doba \u010dten\u00ed":"3 minuty"},"schema":{"@context":"https:\/\/schema.org","@graph":[{"@type":"WebPage","@id":"https:\/\/vapemaison.com\/product\/jnr-falcon-bar-48000-disposable-vape-48000-puffs-dual-mesh-coil\/","url":"https:\/\/vapemaison.com\/product\/jnr-falcon-bar-48000-disposable-vape-48000-puffs-dual-mesh-coil\/","name":"JNR Falcon Bar 48000 Vape na jedno pou\u017eit\u00ed | 48K Puffs","isPartOf":{"@id":"https:\/\/vapemaison.com\/#website"},"primaryImageOfPage":{"@id":"https:\/\/vapemaison.com\/product\/jnr-falcon-bar-48000-disposable-vape-48000-puffs-dual-mesh-coil\/#primaryimage"},"image":{"@id":"https:\/\/vapemaison.com\/product\/jnr-falcon-bar-48000-disposable-vape-48000-puffs-dual-mesh-coil\/#primaryimage"},"thumbnailUrl":"https:\/\/vapemaison.com\/wp-content\/uploads\/2026\/03\/vapemaison-jnr-falcon-bar-48000-puffs-dispasable-vape-flavor-strawberry-watermelon-ice.webp","datePublished":"2026-03-10T06:51:09+00:00","dateModified":"2026-03-10T06:51:14+00:00","description":"Obchod JNR Falcon Bar 48000 jednor\u00e1zov\u00fd vape s kapacitou 48 tis\u00edc \u0161luk\u016f 45 ml e-liquidu, nastaviteln\u00fdm airflow a 1000mAh dob\u00edjec\u00ed bateri\u00ed s nab\u00edjen\u00edm typu C.","breadcrumb":{"@id":"https:\/\/vapemaison.com\/product\/jnr-falcon-bar-48000-disposable-vape-48000-puffs-dual-mesh-coil\/#breadcrumb"},"inLanguage":"cs","potentialAction":[{"@type":"ReadAction","target":["https:\/\/vapemaison.com\/product\/jnr-falcon-bar-48000-disposable-vape-48000-puffs-dual-mesh-coil\/"]}]},{"@type":"ImageObject","inLanguage":"cs","@id":"https:\/\/vapemaison.com\/product\/jnr-falcon-bar-48000-disposable-vape-48000-puffs-dual-mesh-coil\/#primaryimage","url":"https:\/\/vapemaison.com\/wp-content\/uploads\/2026\/03\/vapemaison-jnr-falcon-bar-48000-puffs-dispasable-vape-flavor-strawberry-watermelon-ice.webp","contentUrl":"https:\/\/vapemaison.com\/wp-content\/uploads\/2026\/03\/vapemaison-jnr-falcon-bar-48000-puffs-dispasable-vape-flavor-strawberry-watermelon-ice.webp","width":1600,"height":1600,"caption":"Vapemaison Jnr Falcon Bar Puffs Dispasable Vape Flavor Strawberry Watermelon Ice"},{"@type":"BreadcrumbList","@id":"https:\/\/vapemaison.com\/product\/jnr-falcon-bar-48000-disposable-vape-48000-puffs-dual-mesh-coil\/#breadcrumb","itemListElement":[{"@type":"ListItem","position":1,"name":"\u9996\u9875","item":"https:\/\/vapemaison.com\/"},{"@type":"ListItem","position":2,"name":"Shop","item":"https:\/\/vapemaison.com\/shop\/"},{"@type":"ListItem","position":3,"name":"JNR","item":"https:\/\/vapemaison.com\/brand\/jnr\/"},{"@type":"ListItem","position":4,"name":"JNR Falcon Bar 48000 Disposable Vape | 48,000 Puffs | Dual Mesh Coil"}]},{"@type":"WebSite","@id":"https:\/\/vapemaison.com\/#website","url":"https:\/\/vapemaison.com\/","name":"VapeMaison","description":"Pr\u00e9miov\u00e1 vapingov\u00e1 za\u0159\u00edzen\u00ed a p\u0159\u00edslu\u0161enstv\u00ed","publisher":{"@id":"https:\/\/vapemaison.com\/#organization"},"potentialAction":[{"@type":"SearchAction","target":{"@type":"EntryPoint","urlTemplate":"https:\/\/vapemaison.com\/?s={search_term_string}"},"query-input":{"@type":"PropertyValueSpecification","valueRequired":true,"valueName":"search_term_string"}}],"inLanguage":"cs"},{"@type":"Organization","@id":"https:\/\/vapemaison.com\/#organization","name":"VapeMaison","url":"https:\/\/vapemaison.com\/","logo":{"@type":"ImageObject","inLanguage":"cs","@id":"https:\/\/vapemaison.com\/#\/schema\/logo\/image\/","url":"https:\/\/vapemaison.com\/wp-content\/uploads\/2026\/01\/cropped-vapemaison-logo-g-2026.webp","contentUrl":"https:\/\/vapemaison.com\/wp-content\/uploads\/2026\/01\/cropped-vapemaison-logo-g-2026.webp","width":350,"height":280,"caption":"VapeMaison"},"image":{"@id":"https:\/\/vapemaison.com\/#\/schema\/logo\/image\/"},"sameAs":["https:\/\/www.youtube.com\/@VapeMaison"]}]}},"tiered_pricing_type":"fixed","tiered_pricing_fixed_rules":{"30":"11.99","50":"11.36","100":"10.78","200":"9.99"},"tiered_pricing_product_settings":{"layout":"default","base_unit_name":{"singular":null,"plural":null},"default_variation":null},"tiered_pricing_minimum_quantity":10,"tiered_pricing_roles_data":[],"tiered_pricing_percentage_rules":[],"tiered_pricing_maximum_quantity":null,"tiered_pricing_quantity_step":"10","_links":{"self":[{"href":"https:\/\/vapemaison.com\/cs\/wp-json\/wp\/v2\/product\/27822","targetHints":{"allow":["GET"]}}],"collection":[{"href":"https:\/\/vapemaison.com\/cs\/wp-json\/wp\/v2\/product"}],"about":[{"href":"https:\/\/vapemaison.com\/cs\/wp-json\/wp\/v2\/types\/product"}],"replies":[{"embeddable":true,"href":"https:\/\/vapemaison.com\/cs\/wp-json\/wp\/v2\/comments?post=27822"}],"version-history":[{"count":1,"href":"https:\/\/vapemaison.com\/cs\/wp-json\/wp\/v2\/product\/27822\/revisions"}],"predecessor-version":[{"id":27835,"href":"https:\/\/vapemaison.com\/cs\/wp-json\/wp\/v2\/product\/27822\/revisions\/27835"}],"wp:featuredmedia":[{"embeddable":true,"href":"https:\/\/vapemaison.com\/cs\/wp-json\/wp\/v2\/media\/27832"}],"wp:attachment":[{"href":"https:\/\/vapemaison.com\/cs\/wp-json\/wp\/v2\/media?parent=27822"}],"wp:term":[{"taxonomy":"product_brand","embeddable":true,"href":"https:\/\/vapemaison.com\/cs\/wp-json\/wp\/v2\/product_brand?post=27822"},{"taxonomy":"product_cat","embeddable":true,"href":"https:\/\/vapemaison.com\/cs\/wp-json\/wp\/v2\/product_cat?post=27822"},{"taxonomy":"product_tag","embeddable":true,"href":"https:\/\/vapemaison.com\/cs\/wp-json\/wp\/v2\/product_tag?post=27822"}],"curies":[{"name":"wp","href":"https:\/\/api.w.org\/{rel}","templated":true}]}}