

{"id":27868,"date":"2026-03-12T03:34:34","date_gmt":"2026-03-12T03:34:34","guid":{"rendered":"https:\/\/vapemaison.com\/?post_type=product&#038;p=27868"},"modified":"2026-03-12T03:34:39","modified_gmt":"2026-03-12T03:34:39","slug":"fumot-digital-monkey-40000-40k-puffs-jednorazovy-vape","status":"publish","type":"product","link":"https:\/\/vapemaison.com\/cs\/product\/fumot-digital-monkey-40000-40k-puffs-disposable-vape\/","title":{"rendered":"Fumot Digital Monkey 40000 40K Puffs Jednor\u00e1zov\u00e9 vape"},"content":{"rendered":"<p>Na str\u00e1nk\u00e1ch <strong>Fumot Digital Monkey 40000 40K Puffs Jednor\u00e1zov\u00e9 vape<\/strong> je v\u00fdkonn\u00fd upgrade zn\u00e1m\u00e9ho <strong>Fumot 12000<\/strong>. Tento p\u0159\u00edstroj, navr\u017een\u00fd s pokro\u010dilou technologi\u00ed a modern\u00edm vzhledem, kombinuje <strong>v\u00fdkon du\u00e1ln\u00ed s\u00ed\u0165ov\u00e9 c\u00edvky, chytr\u00fd displej a p\u0159ep\u00ednateln\u00e9 re\u017eimy vapov\u00e1n\u00ed.<\/strong> a p\u0159in\u00e1\u0161\u00ed tak interaktivn\u011bj\u0161\u00ed z\u00e1\u017eitek z vapingu.<\/p>\n\n\n\n<p>Za\u0159\u00edzen\u00ed je p\u0159edev\u0161\u00edm vybaveno <strong>stylov\u00fd vn\u011bj\u0161\u00ed povrch s prosklen\u00fdm vzorem<\/strong> spolu s ikonick\u00fdm <strong>\u201cGrafika \u201dDigital Monkey\"<\/strong>, co\u017e mu dod\u00e1v\u00e1 osobit\u00fd a prvot\u0159\u00eddn\u00ed vzhled. Sou\u010dasn\u011b se <strong>velk\u00e1 p\u0159edn\u00ed chytr\u00e1 obrazovka<\/strong> zobrazuje d\u016fle\u017eit\u00e9 informace v re\u00e1ln\u00e9m \u010dase, v\u010detn\u011b <strong>\u00farove\u0148 nabit\u00ed baterie, stav e-liquidu a aktu\u00e1ln\u00ed re\u017eim vapov\u00e1n\u00ed.<\/strong>.<\/p>\n\n\n\n<h2 class=\"wp-block-heading\">Chytr\u00fd displej s informacemi v re\u00e1ln\u00e9m \u010dase<\/h2>\n\n\n\n<p>Jednou z nejv\u00fdznamn\u011bj\u0161\u00edch funkc\u00ed syst\u00e9mu Digital Monkey je. <strong>40K Puffs<\/strong> je jeho <strong>integrovan\u00fd syst\u00e9m chytr\u00e9ho displeje<\/strong>. Obrazovka nejen zv\u00fdraz\u0148uje design Digital Monkey, ale tak\u00e9 poskytuje <strong>\u017eiv\u00e1 provozn\u00ed data<\/strong> pro pohodln\u011bj\u0161\u00ed vapov\u00e1n\u00ed.<\/p>\n\n\n\n<p>Na displeji se zobraz\u00ed:<\/p>\n\n\n\n<ul class=\"wp-block-list\">\n<li>Zb\u00fdvaj\u00edc\u00ed <strong>\u00farove\u0148 nabit\u00ed baterie<\/strong><\/li>\n\n\n\n<li><strong>Hladina e-kapaliny<\/strong><\/li>\n\n\n\n<li>Aktu\u00e1ln\u00ed <strong>re\u017eim vapov\u00e1n\u00ed<\/strong><\/li>\n\n\n\n<li>Indik\u00e1tory stavu za\u0159\u00edzen\u00ed<\/li>\n<\/ul>\n\n\n\n<p>U\u017eivatel\u00e9 tak mohou za\u0159\u00edzen\u00ed snadno sledovat a vyhnout se neo\u010dek\u00e1van\u00fdm p\u0159eru\u0161en\u00edm.<\/p>\n\n\n\n<h2 class=\"wp-block-heading\">Re\u017eimy vapov\u00e1n\u00ed s dv\u011bma motory<\/h2>\n\n\n\n<p>Krom\u011b toho za\u0159\u00edzen\u00ed nab\u00edz\u00ed <strong>dva voliteln\u00e9 re\u017eimy nap\u00e1jen\u00ed<\/strong> pro r\u016fzn\u00e9 styly vapingu.<\/p>\n\n\n\n<p><strong>Re\u017eim dvou motor\u016f (D)<\/strong><br>Produkuje siln\u011bj\u0161\u00ed p\u00e1ru a intenzivn\u011bj\u0161\u00ed chu\u0165.<\/p>\n\n\n\n<p><strong>Re\u017eim jednoho motoru (S)<\/strong><br>Zaji\u0161\u0165uje plynulej\u0161\u00ed a vyv\u00e1\u017een\u011bj\u0161\u00ed ka\u017edodenn\u00ed vaping.<\/p>\n\n\n\n<p>P\u0159ep\u00edn\u00e1n\u00ed mezi t\u011bmito re\u017eimy je nav\u00edc jednoduch\u00e9. U\u017eivatel\u016fm sta\u010d\u00ed stisknout tla\u010d\u00edtko <strong>tla\u010d\u00edtko um\u00edst\u011bn\u00e9 ve spodn\u00ed \u010d\u00e1sti za\u0159\u00edzen\u00ed<\/strong>.<\/p>\n\n\n\n<h2 class=\"wp-block-heading\">Technologie Dual Mesh Coil<\/h2>\n\n\n\n<p>Dal\u0161\u00edm kl\u00ed\u010dov\u00fdm prvkem je <strong>syst\u00e9m dvojit\u00e9 s\u00ed\u0165ov\u00e9 c\u00edvky<\/strong>. Ve srovn\u00e1n\u00ed s tradi\u010dn\u00edmi c\u00edvkami vyu\u017e\u00edv\u00e1 tato konstrukce <strong>dv\u011b vrstvy s\u00ed\u0165ov\u00e9ho topn\u00e9ho materi\u00e1lu<\/strong>, \u010d\u00edm\u017e se zv\u011bt\u0161uje plocha, kter\u00e1 p\u0159ich\u00e1z\u00ed do styku s e-liquidem.<\/p>\n\n\n\n<p>D\u00edky t\u00e9to struktu\u0159e:<\/p>\n\n\n\n<ul class=\"wp-block-list\">\n<li>Rovnom\u011brn\u011bj\u0161\u00ed rozlo\u017een\u00ed tepla<\/li>\n\n\n\n<li>Produkce p\u00e1ry je plynulej\u0161\u00ed<\/li>\n\n\n\n<li>Intenzita chuti se v\u00fdrazn\u011b zlep\u0161uje<\/li>\n<\/ul>\n\n\n\n<p>Proto ka\u017ed\u00fd v\u00fddech p\u0159in\u00e1\u0161\u00ed <strong>bohat\u0161\u00ed a uspokojiv\u011bj\u0161\u00ed chu\u0165<\/strong>.<\/p>\n\n\n\n<h2 class=\"wp-block-heading\">Dob\u00edjec\u00ed baterie pro del\u0161\u00ed pou\u017eit\u00ed<\/h2>\n\n\n\n<p>Mezit\u00edm je za\u0159\u00edzen\u00ed nap\u00e1jeno <strong>Dob\u00edjec\u00ed baterie 850 mAh<\/strong> s <strong>Rychl\u00e9 nab\u00edjen\u00ed p\u0159es USB-C<\/strong>. To umo\u017e\u0148uje u\u017eivatel\u016fm dob\u00edjet za\u0159\u00edzen\u00ed v\u00edcekr\u00e1t b\u011bhem jeho \u017eivotnosti.<\/p>\n\n\n\n<p>Baterie se proto nevybije d\u0159\u00edve, ne\u017e se vybije. <strong>p\u0159edpln\u011bn\u00fd e-liquid<\/strong> je pln\u011b vyu\u017eita, co\u017e zaji\u0161\u0165uje del\u0161\u00ed a spolehliv\u011bj\u0161\u00ed vaping.<\/p>\n\n\n\n<h2 class=\"wp-block-heading\">Rychl\u00e9 specifikace<\/h2>\n\n\n\n<p>Pufy: <strong>A\u017e 40 000 puf\u016f<\/strong><br>Baterie: <strong>Dob\u00edjec\u00ed kapacita 850 mAh (USB-C)<\/strong><br>C\u00edvka: <strong>Dvojit\u00e1 s\u00ed\u0165ov\u00e1 c\u00edvka<\/strong><br>Zobrazen\u00ed: <strong>Inteligentn\u00ed obrazovka (baterie, \u00farove\u0148 e-liquidu, indik\u00e1tor re\u017eimu)<\/strong><br>Kapacita e-liquidu: <strong>16 ml p\u0159edpln\u011bn\u00e9 n\u00e1pln\u011b<\/strong><br>S\u00edla nikotinu: <strong>2% (20 mg) \/ 5% (50 mg)<\/strong><br>Re\u017eimy: <strong>Dva motory (D) \/ jeden motor (S)<\/strong><br>Design: <strong>Vn\u011bj\u0161\u00ed prosklen\u00fd vzor + digit\u00e1ln\u00ed opi\u010d\u00ed grafika<\/strong><\/p>\n\n\n\n<h2 class=\"wp-block-heading\">Dostupn\u00e9 p\u0159\u00edchut\u011b<\/h2>\n\n\n\n<p>Ban\u00e1nov\u00fd led<br>Jahodov\u00fd meloun<br>Mincovna Miami<br>Bor\u016fvka malina<br>\u010cern\u00fd led<br>B\u00edl\u00fd gumov\u00fd led<br>Melounov\u00fd led<br>\u0160\u0165avnat\u00fd broskvov\u00fd led<br>R\u016f\u017eov\u00e1 limon\u00e1da<br>Jahodov\u00e9 mango<br>Broskvov\u00fd meloun Mango<br>Hroznov\u00fd citron<br>Tropick\u00fd duhov\u00fd v\u00fdbuch<br>T\u0159e\u0161\u0148ov\u00e1 bomba<br>Jahodov\u00e9 m\u00e1tov\u00e9 bonbony<br>Dvojit\u00e9 jablko<\/p>","protected":false},"excerpt":{"rendered":"<p>Fumot Digital Monkey 40000 kombinuje v\u00fdkon dvou s\u00ed\u0165ov\u00fdch spir\u00e1lek, technologii inteligentn\u00edho displeje a p\u0159ep\u00ednateln\u00e9 re\u017eimy vapov\u00e1n\u00ed.<br data-start=\"3810\" data-end=\"3813\" \/>S kapacitou a\u017e 40 000 potah\u016f a dob\u00edjec\u00ed bateri\u00ed 850 mAh poskytuje siln\u00fd a dlouhotrvaj\u00edc\u00ed vapingov\u00fd z\u00e1\u017eitek.<\/p>","protected":false},"featured_media":27882,"comment_status":"open","ping_status":"closed","template":"","meta":[],"product_brand":[58],"product_cat":[135],"product_tag":[],"class_list":{"0":"post-27868","1":"product","2":"type-product","3":"status-publish","4":"has-post-thumbnail","6":"product_brand-fumot","7":"product_cat-40k-puffs","9":"first","10":"instock","11":"sale","12":"shipping-taxable","13":"purchasable","14":"product-type-variable"},"yoast_head":"<!-- This site is optimized with the Yoast SEO plugin v27.4 - https:\/\/yoast.com\/product\/yoast-seo-wordpress\/ -->\n<title>Fumot Digital Monkey 40000 40K Puffs Disposable Vape<\/title>\n<meta name=\"description\" content=\"Fumot Digital Monkey 40000 disposable vape with dual mesh coil, smart display, dual modes and rechargeable 850mAh battery. Up to 40K puffs.\" \/>\n<meta name=\"robots\" content=\"index, follow, max-snippet:-1, max-image-preview:large, max-video-preview:-1\" \/>\n<link rel=\"canonical\" href=\"https:\/\/vapemaison.com\/cs\/produkt\/fumot-digital-monkey-40000-40k-puffs-jednorazovy-vape\/\" \/>\n<meta property=\"og:locale\" content=\"cs_CZ\" \/>\n<meta property=\"og:type\" content=\"article\" \/>\n<meta property=\"og:title\" content=\"Fumot Digital Monkey 40000 40K Puffs Disposable Vape\" \/>\n<meta property=\"og:description\" content=\"Fumot Digital Monkey 40000 disposable vape with dual mesh coil, smart display, dual modes and rechargeable 850mAh battery. Up to 40K puffs.\" \/>\n<meta property=\"og:url\" content=\"https:\/\/vapemaison.com\/cs\/produkt\/fumot-digital-monkey-40000-40k-puffs-jednorazovy-vape\/\" \/>\n<meta property=\"og:site_name\" content=\"VapeMaison\" \/>\n<meta property=\"article:modified_time\" content=\"2026-03-12T03:34:39+00:00\" \/>\n<meta property=\"og:image\" content=\"https:\/\/vapemaison.com\/wp-content\/uploads\/2026\/03\/vapemaison-fumot-digital-monkey-40000-puffs-strawberry-watermelon.webp\" \/>\n\t<meta property=\"og:image:width\" content=\"1000\" \/>\n\t<meta property=\"og:image:height\" content=\"1000\" \/>\n\t<meta property=\"og:image:type\" content=\"image\/webp\" \/>\n<meta name=\"twitter:card\" content=\"summary_large_image\" \/>\n<meta name=\"twitter:label1\" content=\"Odhadovan\u00e1 doba \u010dten\u00ed\" \/>\n\t<meta name=\"twitter:data1\" content=\"3 minuty\" \/>\n<!-- \/ Yoast SEO plugin. -->","yoast_head_json":{"title":"Fumot Digital Monkey 40000 40K Puffs Jednor\u00e1zov\u00e9 vape","description":"Jednor\u00e1zov\u00fd vape Fumot Digital Monkey 40000 s dvojitou mesh spir\u00e1lkou, chytr\u00fdm displejem, dv\u011bma re\u017eimy a dob\u00edjec\u00ed bateri\u00ed 850 mAh. V\u00fddr\u017e a\u017e 40 000 potah\u016f.","robots":{"index":"index","follow":"follow","max-snippet":"max-snippet:-1","max-image-preview":"max-image-preview:large","max-video-preview":"max-video-preview:-1"},"canonical":"https:\/\/vapemaison.com\/cs\/produkt\/fumot-digital-monkey-40000-40k-puffs-jednorazovy-vape\/","og_locale":"cs_CZ","og_type":"article","og_title":"Fumot Digital Monkey 40000 40K Puffs Disposable Vape","og_description":"Fumot Digital Monkey 40000 disposable vape with dual mesh coil, smart display, dual modes and rechargeable 850mAh battery. Up to 40K puffs.","og_url":"https:\/\/vapemaison.com\/cs\/produkt\/fumot-digital-monkey-40000-40k-puffs-jednorazovy-vape\/","og_site_name":"VapeMaison","article_modified_time":"2026-03-12T03:34:39+00:00","og_image":[{"width":1000,"height":1000,"url":"https:\/\/vapemaison.com\/wp-content\/uploads\/2026\/03\/vapemaison-fumot-digital-monkey-40000-puffs-strawberry-watermelon.webp","type":"image\/webp"}],"twitter_card":"summary_large_image","twitter_misc":{"Odhadovan\u00e1 doba \u010dten\u00ed":"3 minuty"},"schema":{"@context":"https:\/\/schema.org","@graph":[{"@type":"WebPage","@id":"https:\/\/vapemaison.com\/product\/fumot-digital-monkey-40000-40k-puffs-disposable-vape\/","url":"https:\/\/vapemaison.com\/product\/fumot-digital-monkey-40000-40k-puffs-disposable-vape\/","name":"Fumot Digital Monkey 40000 40K Puffs Jednor\u00e1zov\u00e9 vape","isPartOf":{"@id":"https:\/\/vapemaison.com\/#website"},"primaryImageOfPage":{"@id":"https:\/\/vapemaison.com\/product\/fumot-digital-monkey-40000-40k-puffs-disposable-vape\/#primaryimage"},"image":{"@id":"https:\/\/vapemaison.com\/product\/fumot-digital-monkey-40000-40k-puffs-disposable-vape\/#primaryimage"},"thumbnailUrl":"https:\/\/vapemaison.com\/wp-content\/uploads\/2026\/03\/vapemaison-fumot-digital-monkey-40000-puffs-strawberry-watermelon.webp","datePublished":"2026-03-12T03:34:34+00:00","dateModified":"2026-03-12T03:34:39+00:00","description":"Jednor\u00e1zov\u00fd vape Fumot Digital Monkey 40000 s dvojitou mesh spir\u00e1lkou, chytr\u00fdm displejem, dv\u011bma re\u017eimy a dob\u00edjec\u00ed bateri\u00ed 850 mAh. V\u00fddr\u017e a\u017e 40 000 potah\u016f.","breadcrumb":{"@id":"https:\/\/vapemaison.com\/product\/fumot-digital-monkey-40000-40k-puffs-disposable-vape\/#breadcrumb"},"inLanguage":"cs","potentialAction":[{"@type":"ReadAction","target":["https:\/\/vapemaison.com\/product\/fumot-digital-monkey-40000-40k-puffs-disposable-vape\/"]}]},{"@type":"ImageObject","inLanguage":"cs","@id":"https:\/\/vapemaison.com\/product\/fumot-digital-monkey-40000-40k-puffs-disposable-vape\/#primaryimage","url":"https:\/\/vapemaison.com\/wp-content\/uploads\/2026\/03\/vapemaison-fumot-digital-monkey-40000-puffs-strawberry-watermelon.webp","contentUrl":"https:\/\/vapemaison.com\/wp-content\/uploads\/2026\/03\/vapemaison-fumot-digital-monkey-40000-puffs-strawberry-watermelon.webp","width":1000,"height":1000,"caption":"Vapemaison Fumot Digital Monkey Puffs Strawberry Watermelon"},{"@type":"BreadcrumbList","@id":"https:\/\/vapemaison.com\/product\/fumot-digital-monkey-40000-40k-puffs-disposable-vape\/#breadcrumb","itemListElement":[{"@type":"ListItem","position":1,"name":"\u9996\u9875","item":"https:\/\/vapemaison.com\/"},{"@type":"ListItem","position":2,"name":"Shop","item":"https:\/\/vapemaison.com\/shop\/"},{"@type":"ListItem","position":3,"name":"Fumot","item":"https:\/\/vapemaison.com\/brand\/fumot\/"},{"@type":"ListItem","position":4,"name":"Fumot Digital Monkey 40000 40K Puffs Disposable Vape"}]},{"@type":"WebSite","@id":"https:\/\/vapemaison.com\/#website","url":"https:\/\/vapemaison.com\/","name":"VapeMaison","description":"Pr\u00e9miov\u00e1 vapingov\u00e1 za\u0159\u00edzen\u00ed a p\u0159\u00edslu\u0161enstv\u00ed","publisher":{"@id":"https:\/\/vapemaison.com\/#organization"},"potentialAction":[{"@type":"SearchAction","target":{"@type":"EntryPoint","urlTemplate":"https:\/\/vapemaison.com\/?s={search_term_string}"},"query-input":{"@type":"PropertyValueSpecification","valueRequired":true,"valueName":"search_term_string"}}],"inLanguage":"cs"},{"@type":"Organization","@id":"https:\/\/vapemaison.com\/#organization","name":"VapeMaison","url":"https:\/\/vapemaison.com\/","logo":{"@type":"ImageObject","inLanguage":"cs","@id":"https:\/\/vapemaison.com\/#\/schema\/logo\/image\/","url":"https:\/\/vapemaison.com\/wp-content\/uploads\/2026\/01\/cropped-vapemaison-logo-g-2026.webp","contentUrl":"https:\/\/vapemaison.com\/wp-content\/uploads\/2026\/01\/cropped-vapemaison-logo-g-2026.webp","width":350,"height":280,"caption":"VapeMaison"},"image":{"@id":"https:\/\/vapemaison.com\/#\/schema\/logo\/image\/"},"sameAs":["https:\/\/www.youtube.com\/@VapeMaison"]}]}},"tiered_pricing_type":"fixed","tiered_pricing_fixed_rules":{"30":"9.78","50":"8.99","100":"8.45","200":"7.99"},"tiered_pricing_product_settings":{"layout":"default","base_unit_name":{"singular":null,"plural":null},"default_variation":null},"tiered_pricing_minimum_quantity":10,"tiered_pricing_roles_data":[],"tiered_pricing_percentage_rules":[],"tiered_pricing_maximum_quantity":null,"tiered_pricing_quantity_step":"10","_links":{"self":[{"href":"https:\/\/vapemaison.com\/cs\/wp-json\/wp\/v2\/product\/27868","targetHints":{"allow":["GET"]}}],"collection":[{"href":"https:\/\/vapemaison.com\/cs\/wp-json\/wp\/v2\/product"}],"about":[{"href":"https:\/\/vapemaison.com\/cs\/wp-json\/wp\/v2\/types\/product"}],"replies":[{"embeddable":true,"href":"https:\/\/vapemaison.com\/cs\/wp-json\/wp\/v2\/comments?post=27868"}],"version-history":[{"count":4,"href":"https:\/\/vapemaison.com\/cs\/wp-json\/wp\/v2\/product\/27868\/revisions"}],"predecessor-version":[{"id":27921,"href":"https:\/\/vapemaison.com\/cs\/wp-json\/wp\/v2\/product\/27868\/revisions\/27921"}],"wp:featuredmedia":[{"embeddable":true,"href":"https:\/\/vapemaison.com\/cs\/wp-json\/wp\/v2\/media\/27882"}],"wp:attachment":[{"href":"https:\/\/vapemaison.com\/cs\/wp-json\/wp\/v2\/media?parent=27868"}],"wp:term":[{"taxonomy":"product_brand","embeddable":true,"href":"https:\/\/vapemaison.com\/cs\/wp-json\/wp\/v2\/product_brand?post=27868"},{"taxonomy":"product_cat","embeddable":true,"href":"https:\/\/vapemaison.com\/cs\/wp-json\/wp\/v2\/product_cat?post=27868"},{"taxonomy":"product_tag","embeddable":true,"href":"https:\/\/vapemaison.com\/cs\/wp-json\/wp\/v2\/product_tag?post=27868"}],"curies":[{"name":"wp","href":"https:\/\/api.w.org\/{rel}","templated":true}]}}