

{"id":28087,"date":"2026-03-17T09:03:40","date_gmt":"2026-03-17T09:03:40","guid":{"rendered":"https:\/\/vapemaison.com\/?post_type=product&#038;p=28087"},"modified":"2026-03-17T09:03:46","modified_gmt":"2026-03-17T09:03:46","slug":"bang-legend-geek-60000-puffs-jednorazove-vape","status":"publish","type":"product","link":"https:\/\/vapemaison.com\/cs\/product\/bang-legend-geek-60000-puffs-disposable-vape\/","title":{"rendered":"Bang Legend Geek 60000 Puffs Vape na jedno pou\u017eit\u00ed"},"content":{"rendered":"<p>Na str\u00e1nk\u00e1ch <strong>Bang Legend Geek 60000 Puffs Vape na jedno pou\u017eit\u00ed<\/strong> je ur\u010den pro vapery, kte\u0159\u00ed vy\u017eaduj\u00ed <strong>extr\u00e9mn\u00ed v\u00fdkon, p\u0159izp\u016fsobiteln\u00fd vaping a inteligentn\u00ed ovl\u00e1d\u00e1n\u00ed<\/strong>. Dod\u00e1vka a\u017e do <strong>60000 puff\u016f<\/strong>, toto za\u0159\u00edzen\u00ed kombinuje <strong>vysokokapacitn\u00ed e-liquid, pokro\u010dil\u00e1 technologie mesh c\u00edvek a dob\u00edjec\u00ed baterie.<\/strong> poskytuje dlouhotrvaj\u00edc\u00ed po\u017eitek a bohatou chu\u0165, tak\u017ee je ide\u00e1ln\u00ed pro ka\u017edodenn\u00ed pou\u017eit\u00ed, velkoobchod nebo maloobchod.<\/p>\n\n\n\n<h3 class=\"wp-block-heading\">Maxim\u00e1ln\u00ed v\u00fdkon a odolnost<\/h3>\n\n\n\n<p>Vybaveno <strong>Dob\u00edjec\u00ed baterie 850 mAh<\/strong> a <strong>Rychl\u00e9 nab\u00edjen\u00ed typu C<\/strong>, Bang Legend Geek 60K zaji\u0161\u0165uje nep\u0159etr\u017eit\u00fd vaping. Jeho <strong>C\u00edvka s oky 1,0\u03a9<\/strong> poskytuje hladk\u00e9 potahov\u00e1n\u00ed, hust\u00e9 mraky a zv\u00fd\u0161enou chu\u0165ovou \u010distotu. . <strong>Kapacita 19 ml e-liquidu<\/strong> umo\u017e\u0148uje del\u0161\u00ed sezen\u00ed bez \u010dast\u00e9ho dopl\u0148ov\u00e1n\u00ed a <strong>pr\u016fhledn\u00e9 ok\u00e9nko e-liquidu<\/strong> pom\u00e1h\u00e1 sledovat hladinu, aby se zabr\u00e1nilo z\u00e1sah\u016fm na sucho.<\/p>\n\n\n\n<h3 class=\"wp-block-heading\">P\u0159izp\u016fsobiteln\u00fd z\u00e1\u017eitek z vapingu<\/h3>\n\n\n\n<p>Za\u0159\u00edzen\u00ed je navr\u017eeno s ohledem na flexibilitu u\u017eivatele:<\/p>\n\n\n\n<ul class=\"wp-block-list\">\n<li><strong>Nastaviteln\u00e9 proud\u011bn\u00ed vzduchu<\/strong> - Vyla\u010fte si ka\u017ed\u00fd n\u00e1dech podle preferenc\u00ed MTL nebo DTL.<\/li>\n\n\n\n<li><strong>Re\u017eim Turbo<\/strong> - Zvy\u0161uje v\u00fdkon pro siln\u011bj\u0161\u00ed a intenzivn\u011bj\u0161\u00ed vaping.<\/li>\n\n\n\n<li>Kompaktn\u00ed <strong>48,5 \u00d7 27 \u00d7 100 mm<\/strong> t\u011blo - p\u0159enosn\u00e9 a ergonomick\u00e9 pro ka\u017edodenn\u00ed pou\u017eit\u00ed.<\/li>\n<\/ul>\n\n\n\n<h3 class=\"wp-block-heading\">Mo\u017enosti nikotinu a p\u0159\u00edchut\u00ed<\/h3>\n\n\n\n<p>K dispozici v <strong>2%, 3% a 5% nikotinu<\/strong>, Bang Legend Geek 60K je vhodn\u00fd jak pro nen\u00e1ro\u010dn\u00e9, tak pro n\u00e1ro\u010dn\u00e9 u\u017eivatele. S <strong>12 lahodn\u00fdch p\u0159\u00edchut\u00ed<\/strong>, m\u016f\u017eete si vychutnat r\u016fzn\u00e9 chut\u011b:<\/p>\n\n\n\n<ul class=\"wp-block-list\">\n<li>Jahodov\u00fd meloun<\/li>\n\n\n\n<li>Bor\u016fvkov\u00fd led<\/li>\n\n\n\n<li>Bor\u016fvka malina<\/li>\n\n\n\n<li>Jahoda Kiwi Ovoce<\/li>\n\n\n\n<li>Jahodov\u00fd ban\u00e1n<\/li>\n\n\n\n<li>Hroznov\u00fd led<\/li>\n\n\n\n<li>Jahodov\u00e9 mango<\/li>\n\n\n\n<li>Kiwi Mu\u010denka Ovoce Guava<\/li>\n\n\n\n<li>Mamba<\/li>\n\n\n\n<li>L\u00e1ska 66<\/li>\n\n\n\n<li>Sm\u00ed\u0161en\u00e9 bobule<\/li>\n\n\n\n<li>Broskvov\u00fd led<\/li>\n<\/ul>\n\n\n\n<h3 class=\"wp-block-heading\">Specifikace produktu<\/h3>\n\n\n\n<figure class=\"wp-block-table\"><table class=\"has-fixed-layout\"><thead><tr><th>Funkce<\/th><th>Podrobnosti na<\/th><\/tr><\/thead><tbody><tr><td>Po\u010det puf\u016f<\/td><td>A\u017e 60 000 vdech\u016f<\/td><\/tr><tr><td>Mo\u017enosti nikotinu<\/td><td>2%, 3%, 5%<\/td><\/tr><tr><td>Kapacita e-liquidu<\/td><td>19 ml<\/td><\/tr><tr><td>C\u00edvka<\/td><td>1,0\u03a9 Mesh Coil<\/td><\/tr><tr><td>Baterie<\/td><td>850mAh dob\u00edjec\u00ed<\/td><\/tr><tr><td>Nab\u00edjec\u00ed port<\/td><td>Typ C<\/td><\/tr><tr><td>Proud\u011bn\u00ed vzduchu<\/td><td>Nastaviteln\u00e9<\/td><\/tr><tr><td>Speci\u00e1ln\u00ed re\u017eim<\/td><td>Re\u017eim Turbo<\/td><\/tr><tr><td>Okno pro e-kapalinu<\/td><td>P\u0159ehledn\u00e9 pro snadn\u00e9 sledov\u00e1n\u00ed<\/td><\/tr><tr><td>Rozm\u011bry<\/td><td>48,5 \u00d7 27 \u00d7 100 mm<\/td><\/tr><tr><td>P\u0159\u00edchut\u011b<\/td><td>12 pr\u00e9miov\u00fdch mo\u017enost\u00ed<\/td><\/tr><tr><td>Balen\u00ed<\/td><td>10 ks\/krabice<\/td><\/tr><\/tbody><\/table><\/figure>\n\n\n\n<h3 class=\"wp-block-heading\">Pro\u010d si vybrat Bang Legend Geek 60K?<\/h3>\n\n\n\n<ol class=\"wp-block-list\">\n<li><strong>Extr\u00e9mn\u00ed po\u010det puf\u016f<\/strong> - A\u017e 60 000 potah\u016f pro dlouhotrvaj\u00edc\u00ed po\u017eitek.<\/li>\n\n\n\n<li><strong>Vysok\u00e1 \u010distota chuti<\/strong> - Pokro\u010dil\u00e1 technologie mesh coil zlep\u0161uje ka\u017ed\u00e9 pota\u017een\u00ed.<\/li>\n\n\n\n<li><strong>P\u0159izp\u016fsobiteln\u00e9 a v\u00fdkonn\u00e9<\/strong> - Nastaviteln\u00e9 proud\u011bn\u00ed vzduchu a re\u017eim Turbo vyhovuj\u00ed individu\u00e1ln\u00edm preferenc\u00edm.<\/li>\n\n\n\n<li><strong>Dlouhotrvaj\u00edc\u00ed \u0161\u0165\u00e1va<\/strong> - Kapacita 19 ml e-liquidu minimalizuje p\u0159eru\u0161en\u00ed dopl\u0148ov\u00e1n\u00ed.<\/li>\n\n\n\n<li><strong>Chytr\u00e9 a pohodln\u00e9<\/strong> - Dob\u00edjec\u00ed baterie s Type-C a pr\u016fhledn\u00fdm ok\u00e9nkem pro e-liquid pro bezstarostn\u00e9 pou\u017e\u00edv\u00e1n\u00ed.<\/li>\n\n\n\n<li><strong>R\u016fzn\u00e9 p\u0159\u00edchut\u011b<\/strong> - 12 lahodn\u00fdch p\u0159\u00edchut\u00ed zaru\u010duje, \u017ee si ka\u017ed\u00fd vybere.<\/li>\n<\/ol>\n\n\n\n<p>Na str\u00e1nk\u00e1ch <strong>Bang Legend Geek 60000 Puffs Vape na jedno pou\u017eit\u00ed<\/strong> kombinuje <strong>vysok\u00fd v\u00fdkon, odolnost a pohodl\u00ed<\/strong>, co\u017e z n\u011bj \u010din\u00ed vynikaj\u00edc\u00ed volbu pro vapery, kte\u0159\u00ed cht\u011bj\u00ed <strong>dlouhotrvaj\u00edc\u00ed mraky, bohat\u00e1 chu\u0165 a p\u0159izp\u016fsobiteln\u00fd z\u00e1\u017eitek.<\/strong>.<\/p>","protected":false},"excerpt":{"rendered":"<p>A\u017e 60 000 potah\u016f s 12 pr\u00e9miov\u00fdmi p\u0159\u00edchut\u011bmi pro dlouhotrvaj\u00edc\u00ed po\u017eitek.<br data-start=\"629\" data-end=\"632\" \/>Nastaviteln\u00fd airflow, re\u017eim Turbo a dob\u00edjec\u00ed baterie typu C pro v\u00fdkonn\u00fd a konzistentn\u00ed vaping.<\/p>","protected":false},"featured_media":28098,"comment_status":"open","ping_status":"closed","template":"","meta":[],"product_brand":[57],"product_cat":[137],"product_tag":[],"class_list":{"0":"post-28087","1":"product","2":"type-product","3":"status-publish","4":"has-post-thumbnail","6":"product_brand-bang","7":"product_cat-60k-puffs","9":"first","10":"instock","11":"sale","12":"shipping-taxable","13":"purchasable","14":"product-type-variable"},"yoast_head":"<!-- This site is optimized with the Yoast SEO plugin v27.4 - https:\/\/yoast.com\/product\/yoast-seo-wordpress\/ -->\n<title>Bang Legend Geek 60000 Puffs Disposable Vape - VapeMaison<\/title>\n<meta name=\"description\" content=\"Experience the Bang Legend Geek 60000 Puffs Disposable Vape with up to 60,000 puffs, and 12 delicious flavors for long-lasting, flavorful vaping.\" \/>\n<meta name=\"robots\" content=\"index, follow, max-snippet:-1, max-image-preview:large, max-video-preview:-1\" \/>\n<link rel=\"canonical\" href=\"https:\/\/vapemaison.com\/cs\/produkt\/bang-legend-geek-60000-puffs-jednorazove-vape\/\" \/>\n<meta property=\"og:locale\" content=\"cs_CZ\" \/>\n<meta property=\"og:type\" content=\"article\" \/>\n<meta property=\"og:title\" content=\"Bang Legend Geek 60000 Puffs Disposable Vape - VapeMaison\" \/>\n<meta property=\"og:description\" content=\"Experience the Bang Legend Geek 60000 Puffs Disposable Vape with up to 60,000 puffs, and 12 delicious flavors for long-lasting, flavorful vaping.\" \/>\n<meta property=\"og:url\" content=\"https:\/\/vapemaison.com\/cs\/produkt\/bang-legend-geek-60000-puffs-jednorazove-vape\/\" \/>\n<meta property=\"og:site_name\" content=\"VapeMaison\" \/>\n<meta property=\"article:modified_time\" content=\"2026-03-17T09:03:46+00:00\" \/>\n<meta property=\"og:image\" content=\"https:\/\/vapemaison.com\/wp-content\/uploads\/2026\/03\/vapemaison-bang-legend-geek-60000-60k-puffs-strawberry-kiwi-fruit.webp\" \/>\n\t<meta property=\"og:image:width\" content=\"2000\" \/>\n\t<meta property=\"og:image:height\" content=\"2000\" \/>\n\t<meta property=\"og:image:type\" content=\"image\/webp\" \/>\n<meta name=\"twitter:card\" content=\"summary_large_image\" \/>\n<meta name=\"twitter:label1\" content=\"Odhadovan\u00e1 doba \u010dten\u00ed\" \/>\n\t<meta name=\"twitter:data1\" content=\"2 minuty\" \/>\n<!-- \/ Yoast SEO plugin. -->","yoast_head_json":{"title":"Bang Legend Geek 60000 Puffs Vape na jedno pou\u017eit\u00ed - VapeMaison","description":"Vyzkou\u0161ejte jednor\u00e1zovou vapku Bang Legend Geek 60000 potah\u016f s v\u00fddr\u017e\u00ed a\u017e 60 000 potah\u016f a 12 lahodn\u00fdmi p\u0159\u00edchut\u011bmi pro dlouhotrvaj\u00edc\u00ed vapov\u00e1n\u00ed s plnou chut\u00ed.","robots":{"index":"index","follow":"follow","max-snippet":"max-snippet:-1","max-image-preview":"max-image-preview:large","max-video-preview":"max-video-preview:-1"},"canonical":"https:\/\/vapemaison.com\/cs\/produkt\/bang-legend-geek-60000-puffs-jednorazove-vape\/","og_locale":"cs_CZ","og_type":"article","og_title":"Bang Legend Geek 60000 Puffs Disposable Vape - VapeMaison","og_description":"Experience the Bang Legend Geek 60000 Puffs Disposable Vape with up to 60,000 puffs, and 12 delicious flavors for long-lasting, flavorful vaping.","og_url":"https:\/\/vapemaison.com\/cs\/produkt\/bang-legend-geek-60000-puffs-jednorazove-vape\/","og_site_name":"VapeMaison","article_modified_time":"2026-03-17T09:03:46+00:00","og_image":[{"width":2000,"height":2000,"url":"https:\/\/vapemaison.com\/wp-content\/uploads\/2026\/03\/vapemaison-bang-legend-geek-60000-60k-puffs-strawberry-kiwi-fruit.webp","type":"image\/webp"}],"twitter_card":"summary_large_image","twitter_misc":{"Odhadovan\u00e1 doba \u010dten\u00ed":"2 minuty"},"schema":{"@context":"https:\/\/schema.org","@graph":[{"@type":"WebPage","@id":"https:\/\/vapemaison.com\/product\/bang-legend-geek-60000-puffs-disposable-vape\/","url":"https:\/\/vapemaison.com\/product\/bang-legend-geek-60000-puffs-disposable-vape\/","name":"Bang Legend Geek 60000 Puffs Vape na jedno pou\u017eit\u00ed - VapeMaison","isPartOf":{"@id":"https:\/\/vapemaison.com\/#website"},"primaryImageOfPage":{"@id":"https:\/\/vapemaison.com\/product\/bang-legend-geek-60000-puffs-disposable-vape\/#primaryimage"},"image":{"@id":"https:\/\/vapemaison.com\/product\/bang-legend-geek-60000-puffs-disposable-vape\/#primaryimage"},"thumbnailUrl":"https:\/\/vapemaison.com\/wp-content\/uploads\/2026\/03\/vapemaison-bang-legend-geek-60000-60k-puffs-strawberry-kiwi-fruit.webp","datePublished":"2026-03-17T09:03:40+00:00","dateModified":"2026-03-17T09:03:46+00:00","description":"Vyzkou\u0161ejte jednor\u00e1zovou vapku Bang Legend Geek 60000 potah\u016f s v\u00fddr\u017e\u00ed a\u017e 60 000 potah\u016f a 12 lahodn\u00fdmi p\u0159\u00edchut\u011bmi pro dlouhotrvaj\u00edc\u00ed vapov\u00e1n\u00ed s plnou chut\u00ed.","breadcrumb":{"@id":"https:\/\/vapemaison.com\/product\/bang-legend-geek-60000-puffs-disposable-vape\/#breadcrumb"},"inLanguage":"cs","potentialAction":[{"@type":"ReadAction","target":["https:\/\/vapemaison.com\/product\/bang-legend-geek-60000-puffs-disposable-vape\/"]}]},{"@type":"ImageObject","inLanguage":"cs","@id":"https:\/\/vapemaison.com\/product\/bang-legend-geek-60000-puffs-disposable-vape\/#primaryimage","url":"https:\/\/vapemaison.com\/wp-content\/uploads\/2026\/03\/vapemaison-bang-legend-geek-60000-60k-puffs-strawberry-kiwi-fruit.webp","contentUrl":"https:\/\/vapemaison.com\/wp-content\/uploads\/2026\/03\/vapemaison-bang-legend-geek-60000-60k-puffs-strawberry-kiwi-fruit.webp","width":2000,"height":2000,"caption":"Vapemaison Bang Legend Geek 60k Puffs Strawberry Kiwi Fruit"},{"@type":"BreadcrumbList","@id":"https:\/\/vapemaison.com\/product\/bang-legend-geek-60000-puffs-disposable-vape\/#breadcrumb","itemListElement":[{"@type":"ListItem","position":1,"name":"\u9996\u9875","item":"https:\/\/vapemaison.com\/"},{"@type":"ListItem","position":2,"name":"Shop","item":"https:\/\/vapemaison.com\/shop\/"},{"@type":"ListItem","position":3,"name":"Bang","item":"https:\/\/vapemaison.com\/brand\/bang\/"},{"@type":"ListItem","position":4,"name":"Bang Legend Geek 60000 Puffs Disposable Vape"}]},{"@type":"WebSite","@id":"https:\/\/vapemaison.com\/#website","url":"https:\/\/vapemaison.com\/","name":"VapeMaison","description":"Pr\u00e9miov\u00e1 vapingov\u00e1 za\u0159\u00edzen\u00ed a p\u0159\u00edslu\u0161enstv\u00ed","publisher":{"@id":"https:\/\/vapemaison.com\/#organization"},"potentialAction":[{"@type":"SearchAction","target":{"@type":"EntryPoint","urlTemplate":"https:\/\/vapemaison.com\/?s={search_term_string}"},"query-input":{"@type":"PropertyValueSpecification","valueRequired":true,"valueName":"search_term_string"}}],"inLanguage":"cs"},{"@type":"Organization","@id":"https:\/\/vapemaison.com\/#organization","name":"VapeMaison","url":"https:\/\/vapemaison.com\/","logo":{"@type":"ImageObject","inLanguage":"cs","@id":"https:\/\/vapemaison.com\/#\/schema\/logo\/image\/","url":"https:\/\/vapemaison.com\/wp-content\/uploads\/2026\/01\/cropped-vapemaison-logo-g-2026.webp","contentUrl":"https:\/\/vapemaison.com\/wp-content\/uploads\/2026\/01\/cropped-vapemaison-logo-g-2026.webp","width":350,"height":280,"caption":"VapeMaison"},"image":{"@id":"https:\/\/vapemaison.com\/#\/schema\/logo\/image\/"},"sameAs":["https:\/\/www.youtube.com\/@VapeMaison"]}]}},"tiered_pricing_type":"fixed","tiered_pricing_fixed_rules":{"30":"9.78","50":"9.24","100":"8.99","200":"8.36"},"tiered_pricing_product_settings":{"layout":"default","base_unit_name":{"singular":null,"plural":null},"default_variation":null},"tiered_pricing_minimum_quantity":10,"tiered_pricing_roles_data":[],"tiered_pricing_percentage_rules":[],"tiered_pricing_maximum_quantity":null,"tiered_pricing_quantity_step":"10","_links":{"self":[{"href":"https:\/\/vapemaison.com\/cs\/wp-json\/wp\/v2\/product\/28087","targetHints":{"allow":["GET"]}}],"collection":[{"href":"https:\/\/vapemaison.com\/cs\/wp-json\/wp\/v2\/product"}],"about":[{"href":"https:\/\/vapemaison.com\/cs\/wp-json\/wp\/v2\/types\/product"}],"replies":[{"embeddable":true,"href":"https:\/\/vapemaison.com\/cs\/wp-json\/wp\/v2\/comments?post=28087"}],"version-history":[{"count":3,"href":"https:\/\/vapemaison.com\/cs\/wp-json\/wp\/v2\/product\/28087\/revisions"}],"predecessor-version":[{"id":28139,"href":"https:\/\/vapemaison.com\/cs\/wp-json\/wp\/v2\/product\/28087\/revisions\/28139"}],"wp:featuredmedia":[{"embeddable":true,"href":"https:\/\/vapemaison.com\/cs\/wp-json\/wp\/v2\/media\/28098"}],"wp:attachment":[{"href":"https:\/\/vapemaison.com\/cs\/wp-json\/wp\/v2\/media?parent=28087"}],"wp:term":[{"taxonomy":"product_brand","embeddable":true,"href":"https:\/\/vapemaison.com\/cs\/wp-json\/wp\/v2\/product_brand?post=28087"},{"taxonomy":"product_cat","embeddable":true,"href":"https:\/\/vapemaison.com\/cs\/wp-json\/wp\/v2\/product_cat?post=28087"},{"taxonomy":"product_tag","embeddable":true,"href":"https:\/\/vapemaison.com\/cs\/wp-json\/wp\/v2\/product_tag?post=28087"}],"curies":[{"name":"wp","href":"https:\/\/api.w.org\/{rel}","templated":true}]}}