

{"id":28250,"date":"2026-03-24T06:01:05","date_gmt":"2026-03-24T06:01:05","guid":{"rendered":"https:\/\/vapemaison.com\/?post_type=product&#038;p=28250"},"modified":"2026-04-11T05:57:07","modified_gmt":"2026-04-11T05:57:07","slug":"airmez-matrix-25k-jednorazovy-vape-dotykovy-displej-25000-puffs-smart-vape","status":"publish","type":"product","link":"https:\/\/vapemaison.com\/cs\/product\/airmez-matrix-25k-disposable-vape-touch-screen-25000-puffs-smart-vape\/","title":{"rendered":"AiRMEZ Matrix 25K Jednor\u00e1zov\u00e1 vape dotykov\u00e1 obrazovka 25000 Puffs Smart Vape"},"content":{"rendered":"<p><strong>AiRMEZ Matrix 25K<\/strong> Jednor\u00e1zov\u00fd Vape nov\u011b definuje z\u00e1\u017eitek z vapingu d\u00edky inovativn\u00edmu 2,1palcov\u00e9mu dotykov\u00e9mu LED displeji, kter\u00fd p\u0159in\u00e1\u0161\u00ed inteligentn\u00ed interaktivitu do jednor\u00e1zov\u00e9ho za\u0159\u00edzen\u00ed. Snadno a na prvn\u00ed pohled m\u016f\u017eete sledovat v\u00fddr\u017e baterie a hladinu e-liquidu nebo si d\u00e1t pauzu a u\u017e\u00edt si vestav\u011bnou hru Lucky Room, kter\u00e1 v\u00e1m poskytne dal\u0161\u00ed z\u00e1bavu. Nap\u00e1jen\u00ed zaji\u0161\u0165uje dob\u00edjec\u00ed baterie s kapacitou 850 mAh, kter\u00e1 vysta\u010d\u00ed a\u017e na 25 000 potah\u016f pro dlouhotrvaj\u00edc\u00ed v\u00fdkon bez nutnosti \u010dast\u00e9 v\u00fdm\u011bny. D\u00edky nastaviteln\u00e9mu airflow a v\u00fdstupn\u00edmu v\u00fdkonu si m\u016f\u017eete ka\u017ed\u00e9 potahov\u00e1n\u00ed p\u0159izp\u016fsobit sv\u00fdm preferenc\u00edm, zat\u00edmco pokro\u010dil\u00e1 spir\u00e1lka s dvojitou m\u0159\u00ed\u017ekou zaji\u0161\u0165uje konzistentn\u011b bohatou chu\u0165 a hladkou p\u00e1ru p\u0159i ka\u017ed\u00e9m potahu.<\/p>\n\n\n\n<h3 class=\"wp-block-heading\"><strong>Specifikace produktu<\/strong><\/h3>\n\n\n\n<figure class=\"wp-block-table\"><table class=\"has-fixed-layout\"><thead><tr><th>Specifikace<\/th><th>Podrobnosti na<\/th><\/tr><\/thead><tbody><tr><td>Po\u010det puf\u016f<\/td><td>B\u011b\u017en\u00fd re\u017eim: A\u017e 25 000 vdech\u016f<\/td><\/tr><tr><td>Styl vapov\u00e1n\u00ed<\/td><td>MTL (Mouth-to-Lung)<\/td><\/tr><tr><td>Baterie<\/td><td>850mAh dob\u00edjec\u00ed<\/td><\/tr><tr><td>Kapacita e-liquidu<\/td><td>20 ml p\u0159edpln\u011bn\u00e9 n\u00e1pln\u011b<\/td><\/tr><tr><td>S\u00edla nikotinu<\/td><td>5% (50 mg)<\/td><\/tr><tr><td>Obrazovka<\/td><td>2,1palcov\u00fd dotykov\u00fd displej LED<\/td><\/tr><tr><td>C\u00edvka<\/td><td>Dvojit\u00e1 s\u00ed\u0165ov\u00e1 c\u00edvka<\/td><\/tr><tr><td>Nab\u00edjen\u00ed<\/td><td>USB typu C<\/td><\/tr><tr><td>Aktivace<\/td><td>Kreslen\u00ed aktivovan\u00e9<\/td><\/tr><\/tbody><\/table><\/figure>\n\n\n\n<h3 class=\"wp-block-heading\">Dostupn\u00e9 p\u0159\u00edchut\u011b<\/h3>\n\n\n\n<ul class=\"wp-block-list\">\n<li>Ban\u00e1nov\u00e9 bobule Fantasy<\/li>\n\n\n\n<li>Modr\u00fd chladiv\u00fd v\u00e1nek<\/li>\n\n\n\n<li>T\u0159e\u0161\u0148ov\u00e1 sopka<\/li>\n\n\n\n<li>T\u0159e\u0161\u0148ov\u00e1 citronov\u00e1 k\u016fra<\/li>\n\n\n\n<li>Dezert Bloom Delight<\/li>\n\n\n\n<li>Limon\u00e1da z dra\u010d\u00edho ovoce<\/li>\n\n\n\n<li>P\u016flno\u010dn\u00ed t\u0159e\u0161e\u0148<\/li>\n\n\n\n<li>Ledovec Frozen Grape<\/li>\n\n\n\n<li>Zmrzl\u00fd jahodov\u00fd drift<\/li>\n\n\n\n<li>Trojit\u00fd bobulov\u00fd blizard<\/li>\n\n\n\n<li>Mystic Dragon Fusion<\/li>\n\n\n\n<li>Vlna melounov\u00fdch bobul\u00ed<\/li>\n<\/ul>\n\n\n\n<h3 class=\"wp-block-heading\">Pro\u010d si vybrat AiRMEZ Matrix 25K?<\/h3>\n\n\n\n<p>\u2714 V\u016fbec prvn\u00ed jednor\u00e1zov\u00e1 vape s dotykov\u00fdm displejem<br>\u2714 Masivn\u00ed po\u010det obl\u00e1\u010dk\u016f s dob\u00edjec\u00ed bateri\u00ed<br>\u2714 Interaktivn\u00ed hern\u00ed funkce<br>\u2714 Pln\u011b p\u0159izp\u016fsobiteln\u00fd z\u00e1\u017eitek z vapingu<br>\u2714 Pr\u00e9miov\u00e1 chu\u0165 s dvojitou s\u00ed\u0165ovou c\u00edvkou<\/p>\n\n\n\n<p>Pokud zkoum\u00e1te dal\u0161\u00ed mo\u017enosti nad r\u00e1mec <strong>AiRMEZ Matrix 25K<\/strong>, je toho je\u0161t\u011b spousta k objevov\u00e1n\u00ed. M\u016f\u017eete si prohl\u00e9dnout n\u00e1\u0161 kompletn\u00ed <strong><a href=\"https:\/\/vapemaison.com\/shop\/\" type=\"link\" id=\"https:\/\/vapemaison.com\/shop\/\">Kolekce obchod\u016f<\/a><\/strong> najdete \u0161irokou \u0161k\u00e1lu vysoce v\u00fdkonn\u00fdch jednor\u00e1zov\u00fdch vap\u016f s r\u016fzn\u00fdm po\u010dtem \u0161luk\u016f, funkcemi a chu\u0165ov\u00fdmi profily, kter\u00e9 odpov\u00eddaj\u00ed va\u0161im preferenc\u00edm.<\/p>\n\n\n\n<p>Pokud se v\u00e1m l\u00edb\u00ed design a inovace tohoto za\u0159\u00edzen\u00ed, doporu\u010dujeme v\u00e1m pod\u00edvat se na dal\u0161\u00ed produkty od spole\u010dnosti <strong><a href=\"https:\/\/vapemaison.com\/brand\/airmez\/\" type=\"link\" id=\"https:\/\/vapemaison.com\/brand\/airmez\/\">Slo\u017een\u00ed spole\u010dnosti Airmez<\/a><\/strong>, kde najdete podobn\u011b pokro\u010dil\u00e9 modely s jedine\u010dn\u00fdmi funkcemi a prvot\u0159\u00eddn\u00ed kvalitou proveden\u00ed.<\/p>\n\n\n\n<p>Pro ty, kte\u0159\u00ed maj\u00ed z\u00e1jem o za\u0159\u00edzen\u00ed s dlouhou \u017eivotnost\u00ed, si nenechte uj\u00edt na\u0161i nab\u00eddku. <strong><a href=\"https:\/\/vapemaison.com\/product-category\/puffs-count\/25k-puffs\/\" type=\"link\" id=\"https:\/\/vapemaison.com\/product-category\/puffs-count\/25k-puffs\/\">25 tis\u00edc obl\u00e1\u010dk\u016f<\/a><\/strong> jednor\u00e1zov\u00e9 vapes. Tyto mo\u017enosti nab\u00edzej\u00ed del\u0161\u00ed pou\u017e\u00edv\u00e1n\u00ed, bohat\u00e9 pod\u00e1n\u00ed chuti a vynikaj\u00edc\u00ed hodnotu pro u\u017eivatele, kte\u0159\u00ed cht\u011bj\u00ed m\u00e9n\u011b v\u00fdm\u011bn bez sn\u00ed\u017een\u00ed v\u00fdkonu.<\/p>\n\n\n\n<p>Prozkoumejte v\u00edce a najd\u011bte si dokonal\u00fd vape, kter\u00fd vyhovuje va\u0161emu stylu a pot\u0159eb\u00e1m.<\/p>\n\n\n\n<p><\/p>","protected":false},"excerpt":{"rendered":"<p>AiRMEZ Matrix 25K - prvn\u00ed chytr\u00e1 vape s dotykov\u00fdm displejem 2,1\u201d LED dotykov\u00fd displej - 25 000 potah\u016f - nastaviteln\u00fd v\u00fdkon a pr\u016ftok vzduchu V\u00edce ne\u017e vape - je to interaktivn\u00ed z\u00e1\u017eitek.<\/p>","protected":false},"featured_media":28316,"comment_status":"open","ping_status":"closed","template":"","meta":[],"product_brand":[314],"product_cat":[144],"product_tag":[],"class_list":{"0":"post-28250","1":"product","2":"type-product","3":"status-publish","4":"has-post-thumbnail","6":"product_brand-airmez","7":"product_cat-25k-puffs","9":"first","10":"instock","11":"sale","12":"shipping-taxable","13":"purchasable","14":"product-type-variable"},"yoast_head":"<!-- This site is optimized with the Yoast SEO plugin v27.4 - https:\/\/yoast.com\/product\/yoast-seo-wordpress\/ -->\n<title>AiRMEZ Matrix 25K Disposable Vape | 2.1&quot; Touch Screen Vape<\/title>\n<meta name=\"description\" content=\"Experience the AiRMEZ Matrix 25K disposable vape with a 2.1-inch touch screen, adjustable airflow, and up to 25k puffs. Smart vaping with dual mesh coil.\" \/>\n<meta name=\"robots\" content=\"index, follow, max-snippet:-1, max-image-preview:large, max-video-preview:-1\" \/>\n<link rel=\"canonical\" href=\"https:\/\/vapemaison.com\/cs\/produkt\/airmez-matrix-25k-jednorazovy-vape-dotykovy-displej-25000-puffs-smart-vape\/\" \/>\n<meta property=\"og:locale\" content=\"cs_CZ\" \/>\n<meta property=\"og:type\" content=\"article\" \/>\n<meta property=\"og:title\" content=\"AiRMEZ Matrix 25K Disposable Vape | 2.1&quot; Touch Screen Vape\" \/>\n<meta property=\"og:description\" content=\"Experience the AiRMEZ Matrix 25K disposable vape with a 2.1-inch touch screen, adjustable airflow, and up to 25k puffs. Smart vaping with dual mesh coil.\" \/>\n<meta property=\"og:url\" content=\"https:\/\/vapemaison.com\/cs\/produkt\/airmez-matrix-25k-jednorazovy-vape-dotykovy-displej-25000-puffs-smart-vape\/\" \/>\n<meta property=\"og:site_name\" content=\"VapeMaison\" \/>\n<meta property=\"article:modified_time\" content=\"2026-04-11T05:57:07+00:00\" \/>\n<meta property=\"og:image\" content=\"https:\/\/vapemaison.com\/wp-content\/uploads\/2026\/03\/airmez-tornado-25000-puffs-vape-flavor-sour-apple.webp\" \/>\n\t<meta property=\"og:image:width\" content=\"1080\" \/>\n\t<meta property=\"og:image:height\" content=\"1080\" \/>\n\t<meta property=\"og:image:type\" content=\"image\/webp\" \/>\n<meta name=\"twitter:card\" content=\"summary_large_image\" \/>\n<meta name=\"twitter:label1\" content=\"Odhadovan\u00e1 doba \u010dten\u00ed\" \/>\n\t<meta name=\"twitter:data1\" content=\"2 minuty\" \/>\n<!-- \/ Yoast SEO plugin. -->","yoast_head_json":{"title":"AiRMEZ Matrix 25K Vape na jedno pou\u017eit\u00ed | 2,1\" dotykov\u00fd displej Vape","description":"Vyzkou\u0161ejte jednor\u00e1zovou vapku AiRMEZ Matrix 25K s 2,1palcov\u00fdm dotykov\u00fdm displejem, nastaviteln\u00fdm pr\u016ftokem vzduchu a a\u017e 25 tis\u00edci potahy. Chytr\u00e9 vapov\u00e1n\u00ed s du\u00e1ln\u00ed mesh spir\u00e1lkou.","robots":{"index":"index","follow":"follow","max-snippet":"max-snippet:-1","max-image-preview":"max-image-preview:large","max-video-preview":"max-video-preview:-1"},"canonical":"https:\/\/vapemaison.com\/cs\/produkt\/airmez-matrix-25k-jednorazovy-vape-dotykovy-displej-25000-puffs-smart-vape\/","og_locale":"cs_CZ","og_type":"article","og_title":"AiRMEZ Matrix 25K Disposable Vape | 2.1\" Touch Screen Vape","og_description":"Experience the AiRMEZ Matrix 25K disposable vape with a 2.1-inch touch screen, adjustable airflow, and up to 25k puffs. Smart vaping with dual mesh coil.","og_url":"https:\/\/vapemaison.com\/cs\/produkt\/airmez-matrix-25k-jednorazovy-vape-dotykovy-displej-25000-puffs-smart-vape\/","og_site_name":"VapeMaison","article_modified_time":"2026-04-11T05:57:07+00:00","og_image":[{"width":1080,"height":1080,"url":"https:\/\/vapemaison.com\/wp-content\/uploads\/2026\/03\/airmez-tornado-25000-puffs-vape-flavor-sour-apple.webp","type":"image\/webp"}],"twitter_card":"summary_large_image","twitter_misc":{"Odhadovan\u00e1 doba \u010dten\u00ed":"2 minuty"},"schema":{"@context":"https:\/\/schema.org","@graph":[{"@type":"WebPage","@id":"https:\/\/vapemaison.com\/product\/airmez-matrix-25k-disposable-vape-touch-screen-25000-puffs-smart-vape\/","url":"https:\/\/vapemaison.com\/product\/airmez-matrix-25k-disposable-vape-touch-screen-25000-puffs-smart-vape\/","name":"AiRMEZ Matrix 25K Vape na jedno pou\u017eit\u00ed | 2,1\" dotykov\u00fd displej Vape","isPartOf":{"@id":"https:\/\/vapemaison.com\/#website"},"primaryImageOfPage":{"@id":"https:\/\/vapemaison.com\/product\/airmez-matrix-25k-disposable-vape-touch-screen-25000-puffs-smart-vape\/#primaryimage"},"image":{"@id":"https:\/\/vapemaison.com\/product\/airmez-matrix-25k-disposable-vape-touch-screen-25000-puffs-smart-vape\/#primaryimage"},"thumbnailUrl":"https:\/\/vapemaison.com\/wp-content\/uploads\/2026\/03\/airmez-tornado-25000-puffs-vape-flavor-sour-apple.webp","datePublished":"2026-03-24T06:01:05+00:00","dateModified":"2026-04-11T05:57:07+00:00","description":"Vyzkou\u0161ejte jednor\u00e1zovou vapku AiRMEZ Matrix 25K s 2,1palcov\u00fdm dotykov\u00fdm displejem, nastaviteln\u00fdm pr\u016ftokem vzduchu a a\u017e 25 tis\u00edci potahy. Chytr\u00e9 vapov\u00e1n\u00ed s du\u00e1ln\u00ed mesh spir\u00e1lkou.","breadcrumb":{"@id":"https:\/\/vapemaison.com\/product\/airmez-matrix-25k-disposable-vape-touch-screen-25000-puffs-smart-vape\/#breadcrumb"},"inLanguage":"cs","potentialAction":[{"@type":"ReadAction","target":["https:\/\/vapemaison.com\/product\/airmez-matrix-25k-disposable-vape-touch-screen-25000-puffs-smart-vape\/"]}]},{"@type":"ImageObject","inLanguage":"cs","@id":"https:\/\/vapemaison.com\/product\/airmez-matrix-25k-disposable-vape-touch-screen-25000-puffs-smart-vape\/#primaryimage","url":"https:\/\/vapemaison.com\/wp-content\/uploads\/2026\/03\/airmez-tornado-25000-puffs-vape-flavor-sour-apple.webp","contentUrl":"https:\/\/vapemaison.com\/wp-content\/uploads\/2026\/03\/airmez-tornado-25000-puffs-vape-flavor-sour-apple.webp","width":1080,"height":1080,"caption":"Airmez Tornado Puffs Vape Flavor Sour Apple"},{"@type":"BreadcrumbList","@id":"https:\/\/vapemaison.com\/product\/airmez-matrix-25k-disposable-vape-touch-screen-25000-puffs-smart-vape\/#breadcrumb","itemListElement":[{"@type":"ListItem","position":1,"name":"\u9996\u9875","item":"https:\/\/vapemaison.com\/"},{"@type":"ListItem","position":2,"name":"Shop","item":"https:\/\/vapemaison.com\/shop\/"},{"@type":"ListItem","position":3,"name":"Airmez","item":"https:\/\/vapemaison.com\/brand\/airmez\/"},{"@type":"ListItem","position":4,"name":"AiRMEZ Matrix 25K Disposable Vape Touch Screen 25000 Puffs Smart Vape"}]},{"@type":"WebSite","@id":"https:\/\/vapemaison.com\/#website","url":"https:\/\/vapemaison.com\/","name":"VapeMaison","description":"Pr\u00e9miov\u00e1 vapingov\u00e1 za\u0159\u00edzen\u00ed a p\u0159\u00edslu\u0161enstv\u00ed","publisher":{"@id":"https:\/\/vapemaison.com\/#organization"},"potentialAction":[{"@type":"SearchAction","target":{"@type":"EntryPoint","urlTemplate":"https:\/\/vapemaison.com\/?s={search_term_string}"},"query-input":{"@type":"PropertyValueSpecification","valueRequired":true,"valueName":"search_term_string"}}],"inLanguage":"cs"},{"@type":"Organization","@id":"https:\/\/vapemaison.com\/#organization","name":"VapeMaison","url":"https:\/\/vapemaison.com\/","logo":{"@type":"ImageObject","inLanguage":"cs","@id":"https:\/\/vapemaison.com\/#\/schema\/logo\/image\/","url":"https:\/\/vapemaison.com\/wp-content\/uploads\/2026\/01\/cropped-vapemaison-logo-g-2026.webp","contentUrl":"https:\/\/vapemaison.com\/wp-content\/uploads\/2026\/01\/cropped-vapemaison-logo-g-2026.webp","width":350,"height":280,"caption":"VapeMaison"},"image":{"@id":"https:\/\/vapemaison.com\/#\/schema\/logo\/image\/"},"sameAs":["https:\/\/www.youtube.com\/@VapeMaison"]}]}},"tiered_pricing_type":"fixed","tiered_pricing_fixed_rules":{"30":"11.68","50":"11.12","100":"10.56","200":"9.99"},"tiered_pricing_product_settings":{"layout":"default","base_unit_name":{"singular":null,"plural":null},"default_variation":null},"tiered_pricing_minimum_quantity":10,"tiered_pricing_roles_data":[],"tiered_pricing_percentage_rules":[],"tiered_pricing_maximum_quantity":null,"tiered_pricing_quantity_step":"10","_links":{"self":[{"href":"https:\/\/vapemaison.com\/cs\/wp-json\/wp\/v2\/product\/28250","targetHints":{"allow":["GET"]}}],"collection":[{"href":"https:\/\/vapemaison.com\/cs\/wp-json\/wp\/v2\/product"}],"about":[{"href":"https:\/\/vapemaison.com\/cs\/wp-json\/wp\/v2\/types\/product"}],"replies":[{"embeddable":true,"href":"https:\/\/vapemaison.com\/cs\/wp-json\/wp\/v2\/comments?post=28250"}],"version-history":[{"count":7,"href":"https:\/\/vapemaison.com\/cs\/wp-json\/wp\/v2\/product\/28250\/revisions"}],"predecessor-version":[{"id":29269,"href":"https:\/\/vapemaison.com\/cs\/wp-json\/wp\/v2\/product\/28250\/revisions\/29269"}],"wp:featuredmedia":[{"embeddable":true,"href":"https:\/\/vapemaison.com\/cs\/wp-json\/wp\/v2\/media\/28316"}],"wp:attachment":[{"href":"https:\/\/vapemaison.com\/cs\/wp-json\/wp\/v2\/media?parent=28250"}],"wp:term":[{"taxonomy":"product_brand","embeddable":true,"href":"https:\/\/vapemaison.com\/cs\/wp-json\/wp\/v2\/product_brand?post=28250"},{"taxonomy":"product_cat","embeddable":true,"href":"https:\/\/vapemaison.com\/cs\/wp-json\/wp\/v2\/product_cat?post=28250"},{"taxonomy":"product_tag","embeddable":true,"href":"https:\/\/vapemaison.com\/cs\/wp-json\/wp\/v2\/product_tag?post=28250"}],"curies":[{"name":"wp","href":"https:\/\/api.w.org\/{rel}","templated":true}]}}