

{"id":28649,"date":"2026-04-01T08:53:24","date_gmt":"2026-04-01T08:53:24","guid":{"rendered":"https:\/\/vapemaison.com\/?post_type=product&#038;p=28649"},"modified":"2026-04-01T09:48:07","modified_gmt":"2026-04-01T09:48:07","slug":"wasbar-60000-puffs-dobijeci-jednorazove-vape-s-dvojitou-sitovou-civkou","status":"publish","type":"product","link":"https:\/\/vapemaison.com\/cs\/product\/wasbar-60000-puffs-rechargeable-disposable-vape-with-dual-mesh-coil\/","title":{"rendered":"Wasbar 60000 Puffs - dob\u00edjec\u00ed jednor\u00e1zov\u00e1 vape s dvojitou s\u00ed\u0165ovou c\u00edvkou"},"content":{"rendered":"<p>Na str\u00e1nk\u00e1ch <strong>Wasbar 60000 Puffs Vape na jedno pou\u017eit\u00ed<\/strong> je ur\u010den pro u\u017eivatele, kte\u0159\u00ed hledaj\u00ed rovnov\u00e1hu mezi v\u00fdkonem, konzistenc\u00ed chuti a pohodl\u00edm. S a\u017e <strong>60 000 vdech\u016f<\/strong>, nab\u00edz\u00ed ve srovn\u00e1n\u00ed se standardn\u00edmi jednor\u00e1zov\u00fdmi za\u0159\u00edzen\u00edmi del\u0161\u00ed pou\u017e\u00edv\u00e1n\u00ed, tak\u017ee je vhodn\u00fd pro ka\u017edodenn\u00ed pot\u0159eby vapingu.<\/p>\n\n\n\n<p>Vybaveno <strong>dob\u00edjec\u00ed baterie<\/strong> a <strong>Nab\u00edjen\u00ed typu C<\/strong>, za\u0159\u00edzen\u00ed zaji\u0161\u0165uje spolehliv\u00e9 nap\u00e1jen\u00ed a snadn\u00e9 dob\u00edjen\u00ed. Bez ohledu na to, zda se pou\u017e\u00edv\u00e1 po cel\u00fd den nebo b\u011bhem cestov\u00e1n\u00ed, udr\u017euje stabiln\u00ed v\u00fdkon bez nutnosti \u010dast\u00e9 v\u00fdm\u011bny.<\/p>\n\n\n\n<h3 class=\"wp-block-heading\">V\u00fdkon a design<\/h3>\n\n\n\n<p>Na str\u00e1nk\u00e1ch <strong>syst\u00e9m dvojit\u00e9 s\u00ed\u0165ov\u00e9 c\u00edvky<\/strong> zvy\u0161uje celkovou kvalitu vapingu t\u00edm, \u017ee poskytuje:<\/p>\n\n\n\n<ul class=\"wp-block-list\">\n<li>Hladk\u00e1 a konzistentn\u00ed p\u00e1ra<\/li>\n\n\n\n<li>Zlep\u0161en\u00e1 chu\u0165ov\u00e1 \u010distota<\/li>\n\n\n\n<li>Rovnom\u011brn\u00fd oh\u0159ev e-liquidu pro lep\u0161\u00ed \u00fa\u010dinnost<\/li>\n<\/ul>\n\n\n\n<p>Jej\u00ed zjednodu\u0161en\u00fd, modern\u00ed design kombinuje prakti\u010dnost s \u010dist\u00fdm estetick\u00fdm vzhledem a zaji\u0161\u0165uje pohodlnou manipulaci a snadn\u00e9 pou\u017e\u00edv\u00e1n\u00ed.<\/p>\n\n\n\n<h3 class=\"wp-block-heading\">Specifikace<\/h3>\n\n\n\n<figure class=\"wp-block-table\"><table class=\"has-fixed-layout\"><thead><tr><th>Specifikace<\/th><th>Podrobnosti na<\/th><\/tr><\/thead><tbody><tr><td>Po\u010det puf\u016f<\/td><td>A\u017e 60 000 vdech\u016f<\/td><\/tr><tr><td>S\u00edla nikotinu<\/td><td>2% \/ 5%<\/td><\/tr><tr><td>Typ c\u00edvky<\/td><td>Dvojit\u00e1 s\u00ed\u0165ov\u00e1 c\u00edvka<\/td><\/tr><tr><td>Baterie<\/td><td>Dob\u00edjec\u00ed<\/td><\/tr><tr><td>Nab\u00edjec\u00ed port<\/td><td>Typ C<\/td><\/tr><tr><td>Mo\u017enosti p\u0159\u00edchut\u00ed<\/td><td>10 p\u0159\u00edchut\u00ed<\/td><\/tr><tr><td>Hmotnost<\/td><td>0,12 kg<\/td><\/tr><\/tbody><\/table><\/figure>\n\n\n\n<h3 class=\"wp-block-heading\">Dostupn\u00e9 p\u0159\u00edchut\u011b<\/h3>\n\n\n\n<ul class=\"wp-block-list\">\n<li>Melounov\u00fd led<\/li>\n\n\n\n<li>Jahodov\u00e1 zmrzlina<\/li>\n\n\n\n<li>Jahodov\u00fd melounov\u00fd led<\/li>\n\n\n\n<li>Blue Razz Ice<\/li>\n\n\n\n<li>Bor\u016fvka malina<\/li>\n\n\n\n<li>Hroznov\u00fd led<\/li>\n\n\n\n<li>Sm\u00ed\u0161en\u00e9 bobule<\/li>\n\n\n\n<li>Mincovna Miami<\/li>\n\n\n\n<li>Jahodov\u00e9 kiwi<\/li>\n\n\n\n<li>Cherry Cola<\/li>\n\n\n\n<li>N\u00e1hodn\u00e9 p\u0159\u00edchut\u011b (mo\u017enost rychl\u00e9ho dod\u00e1n\u00ed)<\/li>\n<\/ul>\n\n\n\n<p>Ka\u017ed\u00e1 p\u0159\u00edchu\u0165 je pe\u010dliv\u011b vytvo\u0159ena tak, aby poskytovala vyv\u00e1\u017een\u00fd profil. <strong>sladkost, sv\u011b\u017eest a chladiv\u00fd pocit.<\/strong>, kter\u00e9 jsou ur\u010deny jak pro milovn\u00edky ovoce, tak pro milovn\u00edky mentolu.<\/p>\n\n\n\n<h3 class=\"wp-block-heading\">Pro\u010d si vybrat Wasbar 60000?<\/h3>\n\n\n\n<ul class=\"wp-block-list\">\n<li><strong>Roz\u0161\u00ed\u0159en\u00e9 pou\u017eit\u00ed<\/strong> - Jeden p\u0159\u00edstroj vydr\u017e\u00ed podstatn\u011b d\u00e9le ne\u017e typick\u00e9 jednor\u00e1zov\u00e9 pom\u016fcky<\/li>\n\n\n\n<li><strong>Pohodl\u00ed p\u0159i dob\u00edjen\u00ed<\/strong> - \u017d\u00e1dn\u00fd odpad z nedokon\u010den\u00e9ho e-liquidu<\/li>\n\n\n\n<li><strong>Dod\u00e1vka pr\u00e9miov\u00e9 chuti<\/strong> - Dvojit\u00e1 s\u00ed\u0165ov\u00e1 c\u00edvka zaji\u0161\u0165uje konzistentn\u00ed chu\u0165<\/li>\n\n\n\n<li><strong>U\u017eivatelsky p\u0159\u00edv\u011btiv\u00fd design<\/strong> - \u017d\u00e1dn\u00e1 \u00fadr\u017eba, \u017e\u00e1dn\u00e9 dopl\u0148ov\u00e1n\u00ed<\/li>\n\n\n\n<li><strong>N\u00e1kladov\u011b efektivn\u00ed<\/strong> - Vysok\u00fd po\u010det obl\u00e1\u010dk\u016f sni\u017euje \u010detnost v\u00fdm\u011bny<\/li>\n<\/ul>","protected":false},"excerpt":{"rendered":"<p>A\u017e 60 000 potah\u016f s dvojitou mesh spir\u00e1lkou, dob\u00edjec\u00ed bateri\u00ed a 10 pr\u00e9miov\u00fdmi p\u0159\u00edchut\u011bmi. Vytvo\u0159eno pro dlouhotrvaj\u00edc\u00ed v\u00fdkon a plynul\u00fd, konzistentn\u00ed vaping.<\/p>","protected":false},"featured_media":28657,"comment_status":"open","ping_status":"closed","template":"","meta":[],"product_brand":[],"product_cat":[137],"product_tag":[],"class_list":{"0":"post-28649","1":"product","2":"type-product","3":"status-publish","4":"has-post-thumbnail","6":"product_cat-60k-puffs","8":"first","9":"instock","10":"sale","11":"shipping-taxable","12":"purchasable","13":"product-type-variable"},"yoast_head":"<!-- This site is optimized with the Yoast SEO plugin v27.4 - https:\/\/yoast.com\/product\/yoast-seo-wordpress\/ -->\n<title>Wasbar 60000 60K Puffs \u2013 Rechargeable Vape<\/title>\n<meta name=\"description\" content=\"Discover the Wasbar 60000 Puffs Disposable Vape with up to 60K puffs, dual mesh coil, rechargeable battery, and Type-C charging.\" \/>\n<meta name=\"robots\" content=\"index, follow, max-snippet:-1, max-image-preview:large, max-video-preview:-1\" \/>\n<link rel=\"canonical\" href=\"https:\/\/vapemaison.com\/cs\/produkt\/wasbar-60000-puffs-dobijeci-jednorazove-vape-s-dvojitou-sitovou-civkou\/\" \/>\n<meta property=\"og:locale\" content=\"cs_CZ\" \/>\n<meta property=\"og:type\" content=\"article\" \/>\n<meta property=\"og:title\" content=\"Wasbar 60000 60K Puffs \u2013 Rechargeable Vape\" \/>\n<meta property=\"og:description\" content=\"Discover the Wasbar 60000 Puffs Disposable Vape with up to 60K puffs, dual mesh coil, rechargeable battery, and Type-C charging.\" \/>\n<meta property=\"og:url\" content=\"https:\/\/vapemaison.com\/cs\/produkt\/wasbar-60000-puffs-dobijeci-jednorazove-vape-s-dvojitou-sitovou-civkou\/\" \/>\n<meta property=\"og:site_name\" content=\"VapeMaison\" \/>\n<meta property=\"article:modified_time\" content=\"2026-04-01T09:48:07+00:00\" \/>\n<meta property=\"og:image\" content=\"https:\/\/vapemaison.com\/wp-content\/uploads\/2026\/04\/wasbar-60000-puffs-disposable-vape-flavor-strawberry-kiwi.webp\" \/>\n\t<meta property=\"og:image:width\" content=\"2000\" \/>\n\t<meta property=\"og:image:height\" content=\"2000\" \/>\n\t<meta property=\"og:image:type\" content=\"image\/webp\" \/>\n<meta name=\"twitter:card\" content=\"summary_large_image\" \/>\n<meta name=\"twitter:label1\" content=\"Odhadovan\u00e1 doba \u010dten\u00ed\" \/>\n\t<meta name=\"twitter:data1\" content=\"2 minuty\" \/>\n<!-- \/ Yoast SEO plugin. -->","yoast_head_json":{"title":"Wasbar 60000 60K Puffs - dob\u00edjec\u00ed vape","description":"Objevte jednor\u00e1zovou vapku Wasbar 60000 potah\u016f s a\u017e 60 tis\u00edci potahy, dvojitou s\u00ed\u0165ovou spir\u00e1lkou, dob\u00edjec\u00ed bateri\u00ed a nab\u00edjen\u00edm Type-C.","robots":{"index":"index","follow":"follow","max-snippet":"max-snippet:-1","max-image-preview":"max-image-preview:large","max-video-preview":"max-video-preview:-1"},"canonical":"https:\/\/vapemaison.com\/cs\/produkt\/wasbar-60000-puffs-dobijeci-jednorazove-vape-s-dvojitou-sitovou-civkou\/","og_locale":"cs_CZ","og_type":"article","og_title":"Wasbar 60000 60K Puffs \u2013 Rechargeable Vape","og_description":"Discover the Wasbar 60000 Puffs Disposable Vape with up to 60K puffs, dual mesh coil, rechargeable battery, and Type-C charging.","og_url":"https:\/\/vapemaison.com\/cs\/produkt\/wasbar-60000-puffs-dobijeci-jednorazove-vape-s-dvojitou-sitovou-civkou\/","og_site_name":"VapeMaison","article_modified_time":"2026-04-01T09:48:07+00:00","og_image":[{"width":2000,"height":2000,"url":"https:\/\/vapemaison.com\/wp-content\/uploads\/2026\/04\/wasbar-60000-puffs-disposable-vape-flavor-strawberry-kiwi.webp","type":"image\/webp"}],"twitter_card":"summary_large_image","twitter_misc":{"Odhadovan\u00e1 doba \u010dten\u00ed":"2 minuty"},"schema":{"@context":"https:\/\/schema.org","@graph":[{"@type":"WebPage","@id":"https:\/\/vapemaison.com\/product\/wasbar-60000-puffs-rechargeable-disposable-vape-with-dual-mesh-coil\/","url":"https:\/\/vapemaison.com\/product\/wasbar-60000-puffs-rechargeable-disposable-vape-with-dual-mesh-coil\/","name":"Wasbar 60000 60K Puffs - dob\u00edjec\u00ed vape","isPartOf":{"@id":"https:\/\/vapemaison.com\/#website"},"primaryImageOfPage":{"@id":"https:\/\/vapemaison.com\/product\/wasbar-60000-puffs-rechargeable-disposable-vape-with-dual-mesh-coil\/#primaryimage"},"image":{"@id":"https:\/\/vapemaison.com\/product\/wasbar-60000-puffs-rechargeable-disposable-vape-with-dual-mesh-coil\/#primaryimage"},"thumbnailUrl":"https:\/\/vapemaison.com\/wp-content\/uploads\/2026\/04\/wasbar-60000-puffs-disposable-vape-flavor-strawberry-kiwi.webp","datePublished":"2026-04-01T08:53:24+00:00","dateModified":"2026-04-01T09:48:07+00:00","description":"Objevte jednor\u00e1zovou vapku Wasbar 60000 potah\u016f s a\u017e 60 tis\u00edci potahy, dvojitou s\u00ed\u0165ovou spir\u00e1lkou, dob\u00edjec\u00ed bateri\u00ed a nab\u00edjen\u00edm Type-C.","breadcrumb":{"@id":"https:\/\/vapemaison.com\/product\/wasbar-60000-puffs-rechargeable-disposable-vape-with-dual-mesh-coil\/#breadcrumb"},"inLanguage":"cs","potentialAction":[{"@type":"ReadAction","target":["https:\/\/vapemaison.com\/product\/wasbar-60000-puffs-rechargeable-disposable-vape-with-dual-mesh-coil\/"]}]},{"@type":"ImageObject","inLanguage":"cs","@id":"https:\/\/vapemaison.com\/product\/wasbar-60000-puffs-rechargeable-disposable-vape-with-dual-mesh-coil\/#primaryimage","url":"https:\/\/vapemaison.com\/wp-content\/uploads\/2026\/04\/wasbar-60000-puffs-disposable-vape-flavor-strawberry-kiwi.webp","contentUrl":"https:\/\/vapemaison.com\/wp-content\/uploads\/2026\/04\/wasbar-60000-puffs-disposable-vape-flavor-strawberry-kiwi.webp","width":2000,"height":2000,"caption":"Wasbar Puffs Disposable Vape Flavor Strawberry Kiwi"},{"@type":"BreadcrumbList","@id":"https:\/\/vapemaison.com\/product\/wasbar-60000-puffs-rechargeable-disposable-vape-with-dual-mesh-coil\/#breadcrumb","itemListElement":[{"@type":"ListItem","position":1,"name":"\u9996\u9875","item":"https:\/\/vapemaison.com\/"},{"@type":"ListItem","position":2,"name":"Shop","item":"https:\/\/vapemaison.com\/shop\/"},{"@type":"ListItem","position":3,"name":"Wasbar 60000 Puffs \u2013 Rechargeable Disposable Vape with Dual Mesh Coil"}]},{"@type":"WebSite","@id":"https:\/\/vapemaison.com\/#website","url":"https:\/\/vapemaison.com\/","name":"VapeMaison","description":"Pr\u00e9miov\u00e1 vapingov\u00e1 za\u0159\u00edzen\u00ed a p\u0159\u00edslu\u0161enstv\u00ed","publisher":{"@id":"https:\/\/vapemaison.com\/#organization"},"potentialAction":[{"@type":"SearchAction","target":{"@type":"EntryPoint","urlTemplate":"https:\/\/vapemaison.com\/?s={search_term_string}"},"query-input":{"@type":"PropertyValueSpecification","valueRequired":true,"valueName":"search_term_string"}}],"inLanguage":"cs"},{"@type":"Organization","@id":"https:\/\/vapemaison.com\/#organization","name":"VapeMaison","url":"https:\/\/vapemaison.com\/","logo":{"@type":"ImageObject","inLanguage":"cs","@id":"https:\/\/vapemaison.com\/#\/schema\/logo\/image\/","url":"https:\/\/vapemaison.com\/wp-content\/uploads\/2026\/01\/cropped-vapemaison-logo-g-2026.webp","contentUrl":"https:\/\/vapemaison.com\/wp-content\/uploads\/2026\/01\/cropped-vapemaison-logo-g-2026.webp","width":350,"height":280,"caption":"VapeMaison"},"image":{"@id":"https:\/\/vapemaison.com\/#\/schema\/logo\/image\/"},"sameAs":["https:\/\/www.youtube.com\/@VapeMaison"]}]}},"tiered_pricing_type":"fixed","tiered_pricing_fixed_rules":{"30":"11.99","50":"11.45","100":"10.78","200":"10.21"},"tiered_pricing_product_settings":{"layout":"default","base_unit_name":{"singular":null,"plural":null},"default_variation":null},"tiered_pricing_minimum_quantity":10,"tiered_pricing_roles_data":[],"tiered_pricing_percentage_rules":[],"tiered_pricing_maximum_quantity":null,"tiered_pricing_quantity_step":"10","_links":{"self":[{"href":"https:\/\/vapemaison.com\/cs\/wp-json\/wp\/v2\/product\/28649","targetHints":{"allow":["GET"]}}],"collection":[{"href":"https:\/\/vapemaison.com\/cs\/wp-json\/wp\/v2\/product"}],"about":[{"href":"https:\/\/vapemaison.com\/cs\/wp-json\/wp\/v2\/types\/product"}],"replies":[{"embeddable":true,"href":"https:\/\/vapemaison.com\/cs\/wp-json\/wp\/v2\/comments?post=28649"}],"version-history":[{"count":4,"href":"https:\/\/vapemaison.com\/cs\/wp-json\/wp\/v2\/product\/28649\/revisions"}],"predecessor-version":[{"id":28673,"href":"https:\/\/vapemaison.com\/cs\/wp-json\/wp\/v2\/product\/28649\/revisions\/28673"}],"wp:featuredmedia":[{"embeddable":true,"href":"https:\/\/vapemaison.com\/cs\/wp-json\/wp\/v2\/media\/28657"}],"wp:attachment":[{"href":"https:\/\/vapemaison.com\/cs\/wp-json\/wp\/v2\/media?parent=28649"}],"wp:term":[{"taxonomy":"product_brand","embeddable":true,"href":"https:\/\/vapemaison.com\/cs\/wp-json\/wp\/v2\/product_brand?post=28649"},{"taxonomy":"product_cat","embeddable":true,"href":"https:\/\/vapemaison.com\/cs\/wp-json\/wp\/v2\/product_cat?post=28649"},{"taxonomy":"product_tag","embeddable":true,"href":"https:\/\/vapemaison.com\/cs\/wp-json\/wp\/v2\/product_tag?post=28649"}],"curies":[{"name":"wp","href":"https:\/\/api.w.org\/{rel}","templated":true}]}}