{"id":28944,"date":"2026-04-07T08:18:46","date_gmt":"2026-04-07T08:18:46","guid":{"rendered":"https:\/\/vapemaison.com\/?post_type=product&#038;p=28944"},"modified":"2026-04-07T08:18:52","modified_gmt":"2026-04-07T08:18:52","slug":"bang-de-300k-puffs5-v-1-jednorazove-vape","status":"publish","type":"product","link":"https:\/\/vapemaison.com\/cs\/product\/bang-de-300k-puffs5-in-1-disposable-vape\/","title":{"rendered":"Bang DE 300k puffs5-in-1 Jednor\u00e1zov\u00e9 Vape"},"content":{"rendered":"<p>Rozlu\u010dte se s dopl\u0148ov\u00e1n\u00edm n\u00e1pln\u00ed a v\u00fdm\u011bnou za\u0159\u00edzen\u00ed a p\u0159ejd\u011bte na novou \u00farove\u0148 pohodl\u00ed vapingu s n\u00e1stavcem <strong>Bang DE 300K 5 v 1 jednor\u00e1zov\u00fd Vape<\/strong>. Toto velkokapacitn\u00ed za\u0159\u00edzen\u00ed, kter\u00e9 bylo zkonstruov\u00e1no s ohledem na v\u00fdkon a v\u0161estrannost, poskytuje neuv\u011b\u0159iteln\u00fd v\u00fdkon. <strong>a\u017e 300 tis\u00edc vdech\u016f<\/strong>, co\u017e z n\u011bj \u010din\u00ed jeden z nejd\u00e9le trvaj\u00edc\u00edch jednor\u00e1zov\u00fdch v\u00fdrobk\u016f na trhu.<\/p>\n\n\n\n<p>To, co ji skute\u010dn\u011b odli\u0161uje, je <strong>inovativn\u00ed syst\u00e9m p\u0159\u00edchut\u00ed 5 v 1<\/strong>, co\u017e v\u00e1m umo\u017en\u00ed p\u0159ep\u00ednat mezi v\u00edce p\u0159\u00edchut\u011bmi v jednom za\u0159\u00edzen\u00ed - u\u017e nemus\u00edte nosit n\u011bkolik vapes. A\u0165 u\u017e d\u00e1v\u00e1te p\u0159ednost ovocn\u00fdm, ledov\u00fdm nebo sladk\u00fdm profil\u016fm, toto za\u0159\u00edzen\u00ed se okam\u017eit\u011b p\u0159izp\u016fsob\u00ed va\u0161\u00ed chuti.<\/p>\n\n\n\n<p>Nap\u00e1jen\u00ed pomoc\u00ed <strong>Nab\u00edjec\u00ed baterie s kapacitou 650 mAh<\/strong> s <strong>Rychl\u00e9 nab\u00edjen\u00ed typu C<\/strong>, a vybaven <strong>chytr\u00fd LED displej<\/strong> monitorovat \u00farove\u0148 nabit\u00ed baterie, zaji\u0161\u0165uje plynul\u00fd a nep\u0159eru\u0161ovan\u00fd z\u00e1\u017eitek od za\u010d\u00e1tku a\u017e do konce. S n\u011bkolika mo\u017enostmi s\u00edly nikotinu v rozmez\u00ed od <strong>0% a\u017e 5%<\/strong>, je ur\u010den jak pro p\u0159\u00edle\u017eitostn\u00e9 u\u017eivatele, tak pro n\u00e1ro\u010dn\u00e9 vapery.<\/p>\n\n\n\n<p>Je ide\u00e1ln\u00ed pro osobn\u00ed pou\u017eit\u00ed i velkoobchodn\u00ed distribuci a p\u0159edstavuje skute\u010dn\u00e9 vapingov\u00e9 \u0159e\u0161en\u00ed \"v\u0161e v jednom\".<\/p>\n\n\n\n<h2 class=\"wp-block-heading\">Specifikace<\/h2>\n\n\n\n<figure class=\"wp-block-table\"><table class=\"has-fixed-layout\"><thead><tr><th>Specifikace<\/th><th>Podrobnosti na<\/th><\/tr><\/thead><tbody><tr><td>Po\u010det puf\u016f<\/td><td>A\u017e 300 tis\u00edc vdech\u016f<\/td><\/tr><tr><td>E-liquid<\/td><td>P\u0159edpln\u011bn\u00e9 str\u00e1nky<\/td><\/tr><tr><td>S\u00edla nikotinu<\/td><td>0% \/ 2% \/ 3% \/ 5%<\/td><\/tr><tr><td>Kapacita baterie<\/td><td>650 mAh<\/td><\/tr><tr><td>Nab\u00edjec\u00ed port<\/td><td>Typ C<\/td><\/tr><tr><td>Syst\u00e9m p\u0159\u00edchut\u00ed<\/td><td>P\u0159\u00edchu\u0165 5 v 1<\/td><\/tr><tr><td>Zobrazit<\/td><td>Chytr\u00e1 obrazovka LED<\/td><\/tr><tr><td>Typ za\u0159\u00edzen\u00ed<\/td><td>Jednor\u00e1zov\u00e9 (dob\u00edjec\u00ed)<\/td><\/tr><\/tbody><\/table><\/figure>\n\n\n\n<h2 class=\"wp-block-heading\">Kl\u00ed\u010dov\u00e9 vlastnosti<\/h2>\n\n\n\n<p><strong>Velmi vysok\u00e1 kapacita nad\u00fdch\u00e1n\u00ed<\/strong> - A\u017e 300 000 v\u00fddech\u016f pro del\u0161\u00ed pou\u017eit\u00ed<\/p>\n\n\n\n<p><strong>P\u0159ep\u00edn\u00e1n\u00ed p\u0159\u00edchut\u00ed 5 v 1<\/strong> - V\u00edce p\u0159\u00edchut\u00ed v jednom za\u0159\u00edzen\u00ed<\/p>\n\n\n\n<p><strong>Dob\u00edjec\u00ed baterie<\/strong> - 650 mAh s rychl\u00fdm nab\u00edjen\u00edm Type-C<\/p>\n\n\n\n<p><strong>Chytr\u00fd LED displej<\/strong> - Snadn\u00e9 sledov\u00e1n\u00ed stavu baterie<\/p>\n\n\n\n<p><strong>V\u00edce mo\u017enost\u00ed nikotinu<\/strong> - 0% a\u017e 5% pro r\u016fzn\u00e9 preference<\/p>\n\n\n\n<p><strong>Maloobchodn\u00ed a velkoobchodn\u00ed prodej<\/strong> - Produkt s vysokou popt\u00e1vkou a mar\u017e\u00ed<\/p>\n\n\n\n<h2 class=\"wp-block-heading\">Mo\u017enosti p\u0159\u00edchut\u00ed<\/h2>\n\n\n\n<p>Ka\u017ed\u00e9 za\u0159\u00edzen\u00ed nab\u00edz\u00ed jedine\u010dnou kombinaci chut\u00ed:<\/p>\n\n\n\n<ol class=\"wp-block-list\">\n<li>Melounov\u00fd led &amp; Sm\u00ed\u0161en\u00e9 bobule &amp; Jablko Hru\u0161ka &amp; Bor\u016fvka M\u00e1ta &amp; Letn\u00ed \u010das &amp; Broskev<\/li>\n\n\n\n<li>Energetick\u00fd n\u00e1poj &amp; broskvov\u00fd led &amp; mangov\u00fd led &amp; goji bobule &amp; \u010dern\u00fd ryb\u00edz &amp; mamba<\/li>\n\n\n\n<li>Vi\u0161\u0148ov\u00e1 cola &amp; bor\u016fvkov\u00e1 malina &amp; \u010dern\u00fd drak led &amp; duhov\u00e9 bonb\u00f3ny &amp; Fuji led &amp; melounov\u00e1 kysel\u00e1 broskev<\/li>\n\n\n\n<li>Red Bull &amp; jahoda Kiwi &amp; jahoda Ban\u00e1n &amp; li\u010di Led &amp; meloun Bobule &amp; mu\u010denka Mango<\/li>\n\n\n\n<li>Red Bull Cola Ice &amp; Strawberry Raspberry Cherry &amp; Blackberry Dragon Fruit &amp; Lemon Lime &amp; Raspberry Pomp &amp; Watermelon Kiwi<\/li>\n\n\n\n<li>Jahoda Ban\u00e1n &amp; dvojit\u00e9 jablko &amp; malina Meloun &amp; kysel\u00e9 mango Ananas &amp; tropick\u00e9 ovoce &amp; citron Broskev<\/li>\n\n\n\n<li>Ananas Kokos &amp; Blue Razz &amp; Mixed Berries &amp; Mango Broskev &amp; Bor\u016fvka Malina &amp; Jahoda Vanilkov\u00e1 kola<\/li>\n\n\n\n<li>Broskvov\u00fd led &amp; Trojit\u00fd meloun &amp; Hroznov\u00fd led &amp; \u010cern\u00fd drak &amp; \u0160umiv\u00fd t\u0159e\u0161\u0148ov\u00fd led &amp; Gumov\u00fd medv\u00eddek<\/li>\n\n\n\n<li>Duhov\u00e9 bonb\u00f3ny &amp; t\u0159e\u0161\u0148ov\u00e1 kola &amp; l\u00e1ska 666 &amp; mangov\u00fd led &amp; bor\u016fvkov\u00e1 cukrov\u00e1 vata &amp; broskvov\u00fd led<\/li>\n\n\n\n<li>Led z aloe li\u010di &amp; r\u016f\u017eov\u00fd citron &amp; ledovcov\u00fd led &amp; borovicov\u00e1 m\u00e1ta &amp; led z \u010dern\u00e9ho ryb\u00edzu &amp; melounov\u00fd citron<\/li>\n<\/ol>","protected":false},"excerpt":{"rendered":"<p>Say goodbye to refills and device switching, and step into a new level of vaping convenience with the Bang DE 300K 5-in-1 Disposable Vape. Built for performance and versatility, this high-capacity device delivers an incredible up to 300k puffs, making it one of the longest-lasting disposables on the market. What truly sets it apart is [&hellip;]<\/p>\n","protected":false},"featured_media":28953,"comment_status":"open","ping_status":"closed","template":"","meta":{"googlesitekit_rrm_CAow8MHCDA:productID":""},"product_brand":[57],"product_cat":[311,294],"product_tag":[],"class_list":{"0":"post-28944","1":"product","2":"type-product","3":"status-publish","4":"has-post-thumbnail","6":"product_brand-bang","7":"product_cat-300k-puffs","8":"product_cat-no-nicotine-vape","10":"first","11":"instock","12":"sale","13":"shipping-taxable","14":"purchasable","15":"product-type-variable"},"yoast_head":"<!-- This site is optimized with the Yoast SEO plugin v27.3 - https:\/\/yoast.com\/product\/yoast-seo-wordpress\/ -->\n<title>Bang DE 300K Puffs | 300k Vape with Multi-Flavors<\/title>\n<meta name=\"description\" content=\"Experience the Bang DE 300K 5-in-1 disposable vape with up to 300k puffs, rechargeable 650mAh battery, Type-C charging, and multiple flavor options.\" \/>\n<meta name=\"robots\" content=\"index, follow, max-snippet:-1, max-image-preview:large, max-video-preview:-1\" \/>\n<link rel=\"canonical\" href=\"https:\/\/vapemaison.com\/cs\/produkt\/bang-de-300k-puffs5-v-1-jednorazove-vape\/\" \/>\n<meta property=\"og:locale\" content=\"cs_CZ\" \/>\n<meta property=\"og:type\" content=\"article\" \/>\n<meta property=\"og:title\" content=\"Bang DE 300K Puffs | 300k Vape with Multi-Flavors\" \/>\n<meta property=\"og:description\" content=\"Experience the Bang DE 300K 5-in-1 disposable vape with up to 300k puffs, rechargeable 650mAh battery, Type-C charging, and multiple flavor options.\" \/>\n<meta property=\"og:url\" content=\"https:\/\/vapemaison.com\/cs\/produkt\/bang-de-300k-puffs5-v-1-jednorazove-vape\/\" \/>\n<meta property=\"og:site_name\" content=\"VapeMaison\" \/>\n<meta property=\"article:modified_time\" content=\"2026-04-07T08:18:52+00:00\" \/>\n<meta property=\"og:image\" content=\"https:\/\/vapemaison.com\/wp-content\/uploads\/2026\/04\/bangde-300000-puffs-vape-5in1-flavor-blue-ranch-peach-mango-watermelon-cherry-cola-grape-blackberry-ice-mango-peach-appicot.webp\" \/>\n\t<meta property=\"og:image:width\" content=\"1000\" \/>\n\t<meta property=\"og:image:height\" content=\"1000\" \/>\n\t<meta property=\"og:image:type\" content=\"image\/webp\" \/>\n<meta name=\"twitter:card\" content=\"summary_large_image\" \/>\n<meta name=\"twitter:label1\" content=\"Odhadovan\u00e1 doba \u010dten\u00ed\" \/>\n\t<meta name=\"twitter:data1\" content=\"2 minuty\" \/>\n<!-- \/ Yoast SEO plugin. -->","yoast_head_json":{"title":"Bang DE 300K Puffs | 300k Vape s v\u00edce p\u0159\u00edchut\u011bmi","description":"Vyzkou\u0161ejte jednor\u00e1zovou vapku Bang DE 300K 5 v 1 s a\u017e 300 tis\u00edci \u0161luky, dob\u00edjec\u00ed bateri\u00ed 650 mAh, nab\u00edjen\u00edm Type-C a r\u016fzn\u00fdmi mo\u017enostmi p\u0159\u00edchut\u00ed.","robots":{"index":"index","follow":"follow","max-snippet":"max-snippet:-1","max-image-preview":"max-image-preview:large","max-video-preview":"max-video-preview:-1"},"canonical":"https:\/\/vapemaison.com\/cs\/produkt\/bang-de-300k-puffs5-v-1-jednorazove-vape\/","og_locale":"cs_CZ","og_type":"article","og_title":"Bang DE 300K Puffs | 300k Vape with Multi-Flavors","og_description":"Experience the Bang DE 300K 5-in-1 disposable vape with up to 300k puffs, rechargeable 650mAh battery, Type-C charging, and multiple flavor options.","og_url":"https:\/\/vapemaison.com\/cs\/produkt\/bang-de-300k-puffs5-v-1-jednorazove-vape\/","og_site_name":"VapeMaison","article_modified_time":"2026-04-07T08:18:52+00:00","og_image":[{"width":1000,"height":1000,"url":"https:\/\/vapemaison.com\/wp-content\/uploads\/2026\/04\/bangde-300000-puffs-vape-5in1-flavor-blue-ranch-peach-mango-watermelon-cherry-cola-grape-blackberry-ice-mango-peach-appicot.webp","type":"image\/webp"}],"twitter_card":"summary_large_image","twitter_misc":{"Odhadovan\u00e1 doba \u010dten\u00ed":"2 minuty"},"schema":{"@context":"https:\/\/schema.org","@graph":[{"@type":"WebPage","@id":"https:\/\/vapemaison.com\/product\/bang-de-300k-puffs5-in-1-disposable-vape\/","url":"https:\/\/vapemaison.com\/product\/bang-de-300k-puffs5-in-1-disposable-vape\/","name":"Bang DE 300K Puffs | 300k Vape s v\u00edce p\u0159\u00edchut\u011bmi","isPartOf":{"@id":"https:\/\/vapemaison.com\/#website"},"primaryImageOfPage":{"@id":"https:\/\/vapemaison.com\/product\/bang-de-300k-puffs5-in-1-disposable-vape\/#primaryimage"},"image":{"@id":"https:\/\/vapemaison.com\/product\/bang-de-300k-puffs5-in-1-disposable-vape\/#primaryimage"},"thumbnailUrl":"https:\/\/vapemaison.com\/wp-content\/uploads\/2026\/04\/bangde-300000-puffs-vape-5in1-flavor-blue-ranch-peach-mango-watermelon-cherry-cola-grape-blackberry-ice-mango-peach-appicot.webp","datePublished":"2026-04-07T08:18:46+00:00","dateModified":"2026-04-07T08:18:52+00:00","description":"Vyzkou\u0161ejte jednor\u00e1zovou vapku Bang DE 300K 5 v 1 s a\u017e 300 tis\u00edci \u0161luky, dob\u00edjec\u00ed bateri\u00ed 650 mAh, nab\u00edjen\u00edm Type-C a r\u016fzn\u00fdmi mo\u017enostmi p\u0159\u00edchut\u00ed.","breadcrumb":{"@id":"https:\/\/vapemaison.com\/product\/bang-de-300k-puffs5-in-1-disposable-vape\/#breadcrumb"},"inLanguage":"cs","potentialAction":[{"@type":"ReadAction","target":["https:\/\/vapemaison.com\/product\/bang-de-300k-puffs5-in-1-disposable-vape\/"]}]},{"@type":"ImageObject","inLanguage":"cs","@id":"https:\/\/vapemaison.com\/product\/bang-de-300k-puffs5-in-1-disposable-vape\/#primaryimage","url":"https:\/\/vapemaison.com\/wp-content\/uploads\/2026\/04\/bangde-300000-puffs-vape-5in1-flavor-blue-ranch-peach-mango-watermelon-cherry-cola-grape-blackberry-ice-mango-peach-appicot.webp","contentUrl":"https:\/\/vapemaison.com\/wp-content\/uploads\/2026\/04\/bangde-300000-puffs-vape-5in1-flavor-blue-ranch-peach-mango-watermelon-cherry-cola-grape-blackberry-ice-mango-peach-appicot.webp","width":1000,"height":1000,"caption":"bangde-300000-puffs-vape-5in1-flavor-blue-ranch-peach-mango-watermelon-cherry-cola-grape-blackberry-ice-mango-peach-appicot"},{"@type":"BreadcrumbList","@id":"https:\/\/vapemaison.com\/product\/bang-de-300k-puffs5-in-1-disposable-vape\/#breadcrumb","itemListElement":[{"@type":"ListItem","position":1,"name":"\u9996\u9875","item":"https:\/\/vapemaison.com\/"},{"@type":"ListItem","position":2,"name":"Shop","item":"https:\/\/vapemaison.com\/shop\/"},{"@type":"ListItem","position":3,"name":"Bang","item":"https:\/\/vapemaison.com\/brand\/bang\/"},{"@type":"ListItem","position":4,"name":"Bang DE 300k puffs5-in-1 Disposable Vape"}]},{"@type":"WebSite","@id":"https:\/\/vapemaison.com\/#website","url":"https:\/\/vapemaison.com\/","name":"VapeMaison","description":"Pr\u00e9miov\u00e1 vapingov\u00e1 za\u0159\u00edzen\u00ed a p\u0159\u00edslu\u0161enstv\u00ed","publisher":{"@id":"https:\/\/vapemaison.com\/#organization"},"potentialAction":[{"@type":"SearchAction","target":{"@type":"EntryPoint","urlTemplate":"https:\/\/vapemaison.com\/?s={search_term_string}"},"query-input":{"@type":"PropertyValueSpecification","valueRequired":true,"valueName":"search_term_string"}}],"inLanguage":"cs"},{"@type":"Organization","@id":"https:\/\/vapemaison.com\/#organization","name":"VapeMaison","url":"https:\/\/vapemaison.com\/","logo":{"@type":"ImageObject","inLanguage":"cs","@id":"https:\/\/vapemaison.com\/#\/schema\/logo\/image\/","url":"https:\/\/vapemaison.com\/wp-content\/uploads\/2026\/01\/cropped-vapemaison-logo-g-2026.webp","contentUrl":"https:\/\/vapemaison.com\/wp-content\/uploads\/2026\/01\/cropped-vapemaison-logo-g-2026.webp","width":350,"height":280,"caption":"VapeMaison"},"image":{"@id":"https:\/\/vapemaison.com\/#\/schema\/logo\/image\/"},"sameAs":["https:\/\/www.youtube.com\/@VapeMaison"]}]}},"tiered_pricing_type":"fixed","tiered_pricing_fixed_rules":{"30":"12.12","50":"11.56","100":"10.99","200":"10.34"},"tiered_pricing_product_settings":{"layout":"default","base_unit_name":{"singular":null,"plural":null},"default_variation":null},"tiered_pricing_minimum_quantity":10,"tiered_pricing_roles_data":[],"tiered_pricing_percentage_rules":[],"tiered_pricing_maximum_quantity":null,"tiered_pricing_quantity_step":"10","_links":{"self":[{"href":"https:\/\/vapemaison.com\/cs\/wp-json\/wp\/v2\/product\/28944","targetHints":{"allow":["GET"]}}],"collection":[{"href":"https:\/\/vapemaison.com\/cs\/wp-json\/wp\/v2\/product"}],"about":[{"href":"https:\/\/vapemaison.com\/cs\/wp-json\/wp\/v2\/types\/product"}],"replies":[{"embeddable":true,"href":"https:\/\/vapemaison.com\/cs\/wp-json\/wp\/v2\/comments?post=28944"}],"version-history":[{"count":1,"href":"https:\/\/vapemaison.com\/cs\/wp-json\/wp\/v2\/product\/28944\/revisions"}],"predecessor-version":[{"id":28956,"href":"https:\/\/vapemaison.com\/cs\/wp-json\/wp\/v2\/product\/28944\/revisions\/28956"}],"wp:featuredmedia":[{"embeddable":true,"href":"https:\/\/vapemaison.com\/cs\/wp-json\/wp\/v2\/media\/28953"}],"wp:attachment":[{"href":"https:\/\/vapemaison.com\/cs\/wp-json\/wp\/v2\/media?parent=28944"}],"wp:term":[{"taxonomy":"product_brand","embeddable":true,"href":"https:\/\/vapemaison.com\/cs\/wp-json\/wp\/v2\/product_brand?post=28944"},{"taxonomy":"product_cat","embeddable":true,"href":"https:\/\/vapemaison.com\/cs\/wp-json\/wp\/v2\/product_cat?post=28944"},{"taxonomy":"product_tag","embeddable":true,"href":"https:\/\/vapemaison.com\/cs\/wp-json\/wp\/v2\/product_tag?post=28944"}],"curies":[{"name":"wp","href":"https:\/\/api.w.org\/{rel}","templated":true}]}}