

{"id":29047,"date":"2026-04-07T09:58:49","date_gmt":"2026-04-07T09:58:49","guid":{"rendered":"https:\/\/vapemaison.com\/?post_type=product&#038;p=29047"},"modified":"2026-04-08T03:21:28","modified_gmt":"2026-04-08T03:21:28","slug":"waspe-bar-60k-vape-60k-puffs-36ml-dobijeci-vape-s-led-displejem","status":"publish","type":"product","link":"https:\/\/vapemaison.com\/cs\/product\/waspe-bar-60k-vape-60k-puffs-36ml-rechargeable-vape-with-led-display\/","title":{"rendered":"Waspe Bar 60K Vape | 60k Puffs 36ml dob\u00edjec\u00ed vape s LED displejem"},"content":{"rendered":"<figure class=\"wp-block-image size-large has-custom-border wp-duotone-unset-1\"><a href=\"https:\/\/vapemaison.com\/wp-content\/uploads\/2026\/04\/waspe-bar-60000-puffs-new-vape-banner-scaled.webp\"><img fetchpriority=\"high\" decoding=\"async\" width=\"1024\" height=\"576\" src=\"https:\/\/vapemaison.com\/wp-content\/uploads\/2026\/04\/waspe-bar-60000-puffs-new-vape-banner-1024x576.webp\" alt=\"waspe-bar-60000-puffs-new-vape-banner\" class=\"wp-image-29048\" style=\"border-top-left-radius:10px;border-top-right-radius:10px;border-bottom-left-radius:10px;border-bottom-right-radius:10px\" srcset=\"https:\/\/vapemaison.com\/wp-content\/uploads\/2026\/04\/waspe-bar-60000-puffs-new-vape-banner-1024x576.webp 1024w, https:\/\/vapemaison.com\/wp-content\/uploads\/2026\/04\/waspe-bar-60000-puffs-new-vape-banner-300x169.webp 300w, https:\/\/vapemaison.com\/wp-content\/uploads\/2026\/04\/waspe-bar-60000-puffs-new-vape-banner-768x432.webp 768w, https:\/\/vapemaison.com\/wp-content\/uploads\/2026\/04\/waspe-bar-60000-puffs-new-vape-banner-1536x864.webp 1536w, https:\/\/vapemaison.com\/wp-content\/uploads\/2026\/04\/waspe-bar-60000-puffs-new-vape-banner-2048x1152.webp 2048w, https:\/\/vapemaison.com\/wp-content\/uploads\/2026\/04\/waspe-bar-60000-puffs-new-vape-banner-18x10.webp 18w, https:\/\/vapemaison.com\/wp-content\/uploads\/2026\/04\/waspe-bar-60000-puffs-new-vape-banner-990x557.webp 990w, https:\/\/vapemaison.com\/wp-content\/uploads\/2026\/04\/waspe-bar-60000-puffs-new-vape-banner-441x248.webp 441w, https:\/\/vapemaison.com\/wp-content\/uploads\/2026\/04\/waspe-bar-60000-puffs-new-vape-banner-800x450.webp 800w, https:\/\/vapemaison.com\/wp-content\/uploads\/2026\/04\/waspe-bar-60000-puffs-new-vape-banner-150x84.webp 150w\" sizes=\"(max-width: 1024px) 100vw, 1024px\" \/><\/a><\/figure>\n\n\n\n<p>Na str\u00e1nk\u00e1ch <strong>Waspe Bar 60K Vape na jedno pou\u017eit\u00ed<\/strong> je navr\u017een pro u\u017eivatele, kte\u0159\u00ed vy\u017eaduj\u00ed dlouhou \u017eivotnost a st\u00e1l\u00fd v\u00fdkon. Poskytuje a\u017e <strong>60 000 vdech\u016f<\/strong> a s velk\u00fdm <strong>Kapacita p\u0159edpln\u011bn\u00e9ho e-liquidu 36 ml<\/strong>, je toto za\u0159\u00edzen\u00ed zkonstruov\u00e1no tak, aby poskytovalo dlouhodob\u00fd a nep\u0159eru\u0161ovan\u00fd z\u00e1\u017eitek z vapov\u00e1n\u00ed.<\/p>\n\n\n\n<p>Je navr\u017een s ohledem na v\u0161estrannost a nab\u00edz\u00ed v\u00edce mo\u017enost\u00ed. <strong>mo\u017enosti s\u00edly nikotinu (0%, 2% a 5%).<\/strong>, tak\u017ee je vhodn\u00fd pro \u0161irokou \u0161k\u00e1lu u\u017eivatel\u016f - od p\u0159\u00edle\u017eitostn\u00fdch vaper\u016f a\u017e po ty, kte\u0159\u00ed hledaj\u00ed siln\u011bj\u0161\u00ed z\u00e1sah. Integrovan\u00fd <strong>Nab\u00edjec\u00ed baterie s kapacitou 650 mAh<\/strong> v kombinaci s <strong>Nab\u00edjec\u00ed port typu C<\/strong> zaji\u0161\u0165uje stabiln\u00ed v\u00fdstupn\u00ed v\u00fdkon a rychl\u00e9 a pohodln\u00e9 dob\u00edjen\u00ed.<\/p>\n\n\n\n<p>V\u00fdrazn\u00fdm prvkem je <strong>chytr\u00fd LED displej<\/strong>, co\u017e u\u017eivatel\u016fm umo\u017e\u0148uje snadno sledovat stav baterie a udr\u017eovat plnou kontrolu nad za\u0159\u00edzen\u00edm. Ve spojen\u00ed s rozmanit\u00fdm v\u00fdb\u011brem <strong>p\u0159\u00edchut\u011b inspirovan\u00e9 ovocem, ledem a n\u00e1poji.<\/strong>, Waspe Bar 60K p\u0159in\u00e1\u0161\u00ed jemnou a konzistentn\u00ed chu\u0165 p\u0159i ka\u017ed\u00e9m \u0161luknut\u00ed.<\/p>\n\n\n\n<p>Vytvo\u0159eno pro oba <strong>atraktivita maloobchodu a efektivita velkoobchodu<\/strong>, ka\u017ed\u00e1 p\u0159\u00edchu\u0165 se dod\u00e1v\u00e1 v <strong>10d\u00edln\u00fd stojan<\/strong>, co\u017e z n\u011bj \u010din\u00ed vynikaj\u00edc\u00ed volbu pro distributory a vape obchody.<\/p>\n\n\n\n<h2 class=\"wp-block-heading\">Kl\u00ed\u010dov\u00e9 vlastnosti<\/h2>\n\n\n\n<ul class=\"wp-block-list\">\n<li><strong>A\u017e 60 000 puf\u016f<\/strong> - Dlouhodob\u00fd v\u00fdkon<\/li>\n\n\n\n<li><strong>36ml p\u0159edpln\u011bn\u00fd e-liquid<\/strong> - Prodlou\u017een\u00e9 pou\u017e\u00edv\u00e1n\u00ed bez nutnosti dopl\u0148ov\u00e1n\u00ed n\u00e1pln\u00ed<\/li>\n\n\n\n<li><strong>Nab\u00edjec\u00ed baterie 650 mAh<\/strong> - Stabiln\u00ed a spolehliv\u00e9 nap\u00e1jen\u00ed<\/li>\n\n\n\n<li><strong>Nab\u00edjen\u00ed typu C<\/strong> - Rychl\u00e9 a pohodln\u00e9 dob\u00edjen\u00ed<\/li>\n\n\n\n<li><strong>Chytr\u00fd LED displej<\/strong> - Snadn\u00e9 monitorov\u00e1n\u00ed baterie<\/li>\n\n\n\n<li><strong>V\u00edce mo\u017enost\u00ed nikotinu<\/strong> - 0%, 2%, 5%<\/li>\n\n\n\n<li><strong>Obaly p\u0159ipraven\u00e9 pro maloobchodn\u00ed prodej<\/strong> - 10 kus\u016f v krabi\u010dce s p\u0159\u00edchut\u00ed<\/li>\n<\/ul>\n\n\n\n<h2 class=\"wp-block-heading\">Specifikace<\/h2>\n\n\n\n<figure class=\"wp-block-table\"><table class=\"has-fixed-layout\"><thead><tr><th>Specifikace<\/th><th>Podrobnosti na<\/th><\/tr><\/thead><tbody><tr><td>Po\u010det puf\u016f<\/td><td>A\u017e 60 000 puf\u016f<\/td><\/tr><tr><td>Kapacita e-liquidu<\/td><td>36 ml<\/td><\/tr><tr><td>S\u00edla nikotinu<\/td><td>0% \/ 2% \/ 5%<\/td><\/tr><tr><td>Kapacita baterie<\/td><td>650 mAh<\/td><\/tr><tr><td>Nab\u00edjec\u00ed port<\/td><td>Typ C<\/td><\/tr><tr><td>Zobrazit<\/td><td>Chytr\u00e1 obrazovka LED<\/td><\/tr><tr><td>Typ za\u0159\u00edzen\u00ed<\/td><td>Jednor\u00e1zov\u00e9 (dob\u00edjec\u00ed)<\/td><\/tr><tr><td>Balen\u00ed<\/td><td>10 ks \/ p\u0159\u00edchu\u0165 zobrazovac\u00ed box<\/td><\/tr><\/tbody><\/table><\/figure>\n\n\n\n<h2 class=\"wp-block-heading\">P\u0159\u00edchu\u0165<\/h2>\n\n\n\n<div class=\"wp-block-buttons is-layout-flex wp-block-buttons-is-layout-flex\">\n<div class=\"wp-block-button\"><a class=\"wp-block-button__link wp-element-button\">1.Watermelon Ice<\/a><\/div>\n\n\n\n<div class=\"wp-block-button\"><a class=\"wp-block-button__link wp-element-button\">2.Blueberry Ice<\/a><\/div>\n\n\n\n<div class=\"wp-block-button\"><a class=\"wp-block-button__link wp-element-button\">3.Grape Ice<\/a><\/div>\n\n\n\n<div class=\"wp-block-button\"><a class=\"wp-block-button__link wp-element-button\">4.Lemon Lime<\/a><\/div>\n\n\n\n<div class=\"wp-block-button\"><a class=\"wp-block-button__link wp-element-button\">5.Strawberry Banana<\/a><\/div>\n\n\n\n<div class=\"wp-block-button\"><a class=\"wp-block-button__link wp-element-button\">6.Sm\u00ed\u0161en\u00e9 bobule<\/a><\/div>\n\n\n\n<div class=\"wp-block-button\"><a class=\"wp-block-button__link wp-element-button\">7.Red Bull Ice<\/a><\/div>\n\n\n\n<div class=\"wp-block-button\"><a class=\"wp-block-button__link wp-element-button\">8.Strawberry Watermelon<\/a><\/div>\n\n\n\n<div class=\"wp-block-button\"><a class=\"wp-block-button__link wp-element-button\">9.Blueberry Raspberry Cherry<\/a><\/div>\n\n\n\n<div class=\"wp-block-button\"><a class=\"wp-block-button__link wp-element-button\">10.Strawberry Kiwi<\/a><\/div>\n\n\n\n<div class=\"wp-block-button\"><a class=\"wp-block-button__link wp-element-button\">11.Peach Mango Ananas<\/a><\/div>\n\n\n\n<div class=\"wp-block-button\"><a class=\"wp-block-button__link wp-element-button\">12.Kiwi Meloun<\/a><\/div>\n\n\n\n<div class=\"wp-block-button\"><a class=\"wp-block-button__link wp-element-button\">13.Blackberry \u010cern\u00fd ryb\u00edz<\/a><\/div>\n\n\n\n<div class=\"wp-block-button\"><a class=\"wp-block-button__link wp-element-button\">14.Strawberry Black Dragon Ice<\/a><\/div>\n\n\n\n<div class=\"wp-block-button\"><a class=\"wp-block-button__link wp-element-button\">15.Blue Cherry Cola<\/a><\/div>\n\n\n\n<div class=\"wp-block-button\"><a class=\"wp-block-button__link wp-element-button\">16.Kiwi Melounov\u00fd led<\/a><\/div>\n<\/div>\n\n\n\n<figure class=\"wp-block-image size-large\"><a href=\"https:\/\/vapemaison.com\/wp-content\/uploads\/2026\/04\/waspe-bar-60000-puffs-new-vape-flavor-list-scaled.webp\"><img decoding=\"async\" width=\"876\" height=\"1024\" src=\"https:\/\/vapemaison.com\/wp-content\/uploads\/2026\/04\/waspe-bar-60000-puffs-new-vape-flavor-list-876x1024.webp\" alt=\"waspe-bar-60000-puffs-new-vape-flavor-list\" class=\"wp-image-29057\" srcset=\"https:\/\/vapemaison.com\/wp-content\/uploads\/2026\/04\/waspe-bar-60000-puffs-new-vape-flavor-list-876x1024.webp 876w, https:\/\/vapemaison.com\/wp-content\/uploads\/2026\/04\/waspe-bar-60000-puffs-new-vape-flavor-list-257x300.webp 257w, https:\/\/vapemaison.com\/wp-content\/uploads\/2026\/04\/waspe-bar-60000-puffs-new-vape-flavor-list-768x898.webp 768w, https:\/\/vapemaison.com\/wp-content\/uploads\/2026\/04\/waspe-bar-60000-puffs-new-vape-flavor-list-1314x1536.webp 1314w, https:\/\/vapemaison.com\/wp-content\/uploads\/2026\/04\/waspe-bar-60000-puffs-new-vape-flavor-list-1752x2048.webp 1752w, https:\/\/vapemaison.com\/wp-content\/uploads\/2026\/04\/waspe-bar-60000-puffs-new-vape-flavor-list-10x12.webp 10w, https:\/\/vapemaison.com\/wp-content\/uploads\/2026\/04\/waspe-bar-60000-puffs-new-vape-flavor-list-990x1157.webp 990w, https:\/\/vapemaison.com\/wp-content\/uploads\/2026\/04\/waspe-bar-60000-puffs-new-vape-flavor-list-441x515.webp 441w, https:\/\/vapemaison.com\/wp-content\/uploads\/2026\/04\/waspe-bar-60000-puffs-new-vape-flavor-list-800x935.webp 800w, https:\/\/vapemaison.com\/wp-content\/uploads\/2026\/04\/waspe-bar-60000-puffs-new-vape-flavor-list-150x175.webp 150w\" sizes=\"(max-width: 876px) 100vw, 876px\" \/><\/a><\/figure>","protected":false},"excerpt":{"rendered":"<p>The Waspe Bar 60K Disposable Vape is engineered for users who demand both longevity and consistent performance. Delivering up to 60,000 puffs and featuring a large 36ml pre-filled e-liquid capacity, this device is built to provide an extended and uninterrupted vaping experience. Designed with versatility in mind, it offers multiple nicotine strength options (0%, 2%, [&hellip;]<\/p>\n","protected":false},"featured_media":29053,"comment_status":"open","ping_status":"closed","template":"","meta":[],"product_brand":[59],"product_cat":[137],"product_tag":[],"class_list":{"0":"post-29047","1":"product","2":"type-product","3":"status-publish","4":"has-post-thumbnail","6":"product_brand-waspe","7":"product_cat-60k-puffs","9":"first","10":"instock","11":"sale","12":"shipping-taxable","13":"purchasable","14":"product-type-variable"},"yoast_head":"<!-- This site is optimized with the Yoast SEO plugin v27.4 - https:\/\/yoast.com\/product\/yoast-seo-wordpress\/ -->\n<title>Waspe Bar 60K Vape | 60k Puffs with LED Display<\/title>\n<meta name=\"description\" content=\"Buy Waspe Bar 60K disposable vape with up to 60k puffs, 36ml e-liquid, rechargeable 650mAh battery, and smart LED display.\" \/>\n<meta name=\"robots\" content=\"index, follow, max-snippet:-1, max-image-preview:large, max-video-preview:-1\" \/>\n<link rel=\"canonical\" href=\"https:\/\/vapemaison.com\/cs\/produkt\/waspe-bar-60k-vape-60k-puffs-36ml-dobijeci-vape-s-led-displejem\/\" \/>\n<meta property=\"og:locale\" content=\"cs_CZ\" \/>\n<meta property=\"og:type\" content=\"article\" \/>\n<meta property=\"og:title\" content=\"Waspe Bar 60K Vape | 60k Puffs with LED Display\" \/>\n<meta property=\"og:description\" content=\"Buy Waspe Bar 60K disposable vape with up to 60k puffs, 36ml e-liquid, rechargeable 650mAh battery, and smart LED display.\" \/>\n<meta property=\"og:url\" content=\"https:\/\/vapemaison.com\/cs\/produkt\/waspe-bar-60k-vape-60k-puffs-36ml-dobijeci-vape-s-led-displejem\/\" \/>\n<meta property=\"og:site_name\" content=\"VapeMaison\" \/>\n<meta property=\"article:modified_time\" content=\"2026-04-08T03:21:28+00:00\" \/>\n<meta property=\"og:image\" content=\"https:\/\/vapemaison.com\/wp-content\/uploads\/2026\/04\/waspe-bar-60000-puffs-new-vape-flavor-grape-ice.webp\" \/>\n\t<meta property=\"og:image:width\" content=\"1200\" \/>\n\t<meta property=\"og:image:height\" content=\"1200\" \/>\n\t<meta property=\"og:image:type\" content=\"image\/webp\" \/>\n<meta name=\"twitter:card\" content=\"summary_large_image\" \/>\n<meta name=\"twitter:label1\" content=\"Odhadovan\u00e1 doba \u010dten\u00ed\" \/>\n\t<meta name=\"twitter:data1\" content=\"2 minuty\" \/>\n<!-- \/ Yoast SEO plugin. -->","yoast_head_json":{"title":"Waspe Bar 60K Vape | 60k Puffs s LED displejem","description":"Kupte si jednor\u00e1zov\u00fd vape Waspe Bar 60K s v\u00fddr\u017e\u00ed a\u017e 60 tis\u00edc \u0161luk\u016f, 36 ml e-liquidu, dob\u00edjec\u00ed bateri\u00ed 650 mAh a chytr\u00fdm LED displejem.","robots":{"index":"index","follow":"follow","max-snippet":"max-snippet:-1","max-image-preview":"max-image-preview:large","max-video-preview":"max-video-preview:-1"},"canonical":"https:\/\/vapemaison.com\/cs\/produkt\/waspe-bar-60k-vape-60k-puffs-36ml-dobijeci-vape-s-led-displejem\/","og_locale":"cs_CZ","og_type":"article","og_title":"Waspe Bar 60K Vape | 60k Puffs with LED Display","og_description":"Buy Waspe Bar 60K disposable vape with up to 60k puffs, 36ml e-liquid, rechargeable 650mAh battery, and smart LED display.","og_url":"https:\/\/vapemaison.com\/cs\/produkt\/waspe-bar-60k-vape-60k-puffs-36ml-dobijeci-vape-s-led-displejem\/","og_site_name":"VapeMaison","article_modified_time":"2026-04-08T03:21:28+00:00","og_image":[{"width":1200,"height":1200,"url":"https:\/\/vapemaison.com\/wp-content\/uploads\/2026\/04\/waspe-bar-60000-puffs-new-vape-flavor-grape-ice.webp","type":"image\/webp"}],"twitter_card":"summary_large_image","twitter_misc":{"Odhadovan\u00e1 doba \u010dten\u00ed":"2 minuty"},"schema":{"@context":"https:\/\/schema.org","@graph":[{"@type":"WebPage","@id":"https:\/\/vapemaison.com\/product\/waspe-bar-60k-vape-60k-puffs-36ml-rechargeable-vape-with-led-display\/","url":"https:\/\/vapemaison.com\/product\/waspe-bar-60k-vape-60k-puffs-36ml-rechargeable-vape-with-led-display\/","name":"Waspe Bar 60K Vape | 60k Puffs s LED displejem","isPartOf":{"@id":"https:\/\/vapemaison.com\/#website"},"primaryImageOfPage":{"@id":"https:\/\/vapemaison.com\/product\/waspe-bar-60k-vape-60k-puffs-36ml-rechargeable-vape-with-led-display\/#primaryimage"},"image":{"@id":"https:\/\/vapemaison.com\/product\/waspe-bar-60k-vape-60k-puffs-36ml-rechargeable-vape-with-led-display\/#primaryimage"},"thumbnailUrl":"https:\/\/vapemaison.com\/wp-content\/uploads\/2026\/04\/waspe-bar-60000-puffs-new-vape-flavor-grape-ice.webp","datePublished":"2026-04-07T09:58:49+00:00","dateModified":"2026-04-08T03:21:28+00:00","description":"Kupte si jednor\u00e1zov\u00fd vape Waspe Bar 60K s v\u00fddr\u017e\u00ed a\u017e 60 tis\u00edc \u0161luk\u016f, 36 ml e-liquidu, dob\u00edjec\u00ed bateri\u00ed 650 mAh a chytr\u00fdm LED displejem.","breadcrumb":{"@id":"https:\/\/vapemaison.com\/product\/waspe-bar-60k-vape-60k-puffs-36ml-rechargeable-vape-with-led-display\/#breadcrumb"},"inLanguage":"cs","potentialAction":[{"@type":"ReadAction","target":["https:\/\/vapemaison.com\/product\/waspe-bar-60k-vape-60k-puffs-36ml-rechargeable-vape-with-led-display\/"]}]},{"@type":"ImageObject","inLanguage":"cs","@id":"https:\/\/vapemaison.com\/product\/waspe-bar-60k-vape-60k-puffs-36ml-rechargeable-vape-with-led-display\/#primaryimage","url":"https:\/\/vapemaison.com\/wp-content\/uploads\/2026\/04\/waspe-bar-60000-puffs-new-vape-flavor-grape-ice.webp","contentUrl":"https:\/\/vapemaison.com\/wp-content\/uploads\/2026\/04\/waspe-bar-60000-puffs-new-vape-flavor-grape-ice.webp","width":1200,"height":1200,"caption":"waspe-bar-60000-puffs-new-vape-flavor-grape-ice"},{"@type":"BreadcrumbList","@id":"https:\/\/vapemaison.com\/product\/waspe-bar-60k-vape-60k-puffs-36ml-rechargeable-vape-with-led-display\/#breadcrumb","itemListElement":[{"@type":"ListItem","position":1,"name":"\u9996\u9875","item":"https:\/\/vapemaison.com\/"},{"@type":"ListItem","position":2,"name":"Shop","item":"https:\/\/vapemaison.com\/shop\/"},{"@type":"ListItem","position":3,"name":"Waspe","item":"https:\/\/vapemaison.com\/brand\/waspe\/"},{"@type":"ListItem","position":4,"name":"Waspe Bar 60K Vape | 60k Puffs 36ml Rechargeable Vape with LED Display"}]},{"@type":"WebSite","@id":"https:\/\/vapemaison.com\/#website","url":"https:\/\/vapemaison.com\/","name":"VapeMaison","description":"Pr\u00e9miov\u00e1 vapingov\u00e1 za\u0159\u00edzen\u00ed a p\u0159\u00edslu\u0161enstv\u00ed","publisher":{"@id":"https:\/\/vapemaison.com\/#organization"},"potentialAction":[{"@type":"SearchAction","target":{"@type":"EntryPoint","urlTemplate":"https:\/\/vapemaison.com\/?s={search_term_string}"},"query-input":{"@type":"PropertyValueSpecification","valueRequired":true,"valueName":"search_term_string"}}],"inLanguage":"cs"},{"@type":"Organization","@id":"https:\/\/vapemaison.com\/#organization","name":"VapeMaison","url":"https:\/\/vapemaison.com\/","logo":{"@type":"ImageObject","inLanguage":"cs","@id":"https:\/\/vapemaison.com\/#\/schema\/logo\/image\/","url":"https:\/\/vapemaison.com\/wp-content\/uploads\/2026\/01\/cropped-vapemaison-logo-g-2026.webp","contentUrl":"https:\/\/vapemaison.com\/wp-content\/uploads\/2026\/01\/cropped-vapemaison-logo-g-2026.webp","width":350,"height":280,"caption":"VapeMaison"},"image":{"@id":"https:\/\/vapemaison.com\/#\/schema\/logo\/image\/"},"sameAs":["https:\/\/www.youtube.com\/@VapeMaison"]}]}},"tiered_pricing_type":"fixed","tiered_pricing_fixed_rules":{"100":"8.34","200":"7.99"},"tiered_pricing_product_settings":{"layout":"default","base_unit_name":{"singular":null,"plural":null},"default_variation":null},"tiered_pricing_minimum_quantity":50,"tiered_pricing_roles_data":[],"tiered_pricing_percentage_rules":[],"tiered_pricing_maximum_quantity":null,"tiered_pricing_quantity_step":null,"_links":{"self":[{"href":"https:\/\/vapemaison.com\/cs\/wp-json\/wp\/v2\/product\/29047","targetHints":{"allow":["GET"]}}],"collection":[{"href":"https:\/\/vapemaison.com\/cs\/wp-json\/wp\/v2\/product"}],"about":[{"href":"https:\/\/vapemaison.com\/cs\/wp-json\/wp\/v2\/types\/product"}],"replies":[{"embeddable":true,"href":"https:\/\/vapemaison.com\/cs\/wp-json\/wp\/v2\/comments?post=29047"}],"version-history":[{"count":1,"href":"https:\/\/vapemaison.com\/cs\/wp-json\/wp\/v2\/product\/29047\/revisions"}],"predecessor-version":[{"id":29114,"href":"https:\/\/vapemaison.com\/cs\/wp-json\/wp\/v2\/product\/29047\/revisions\/29114"}],"wp:featuredmedia":[{"embeddable":true,"href":"https:\/\/vapemaison.com\/cs\/wp-json\/wp\/v2\/media\/29053"}],"wp:attachment":[{"href":"https:\/\/vapemaison.com\/cs\/wp-json\/wp\/v2\/media?parent=29047"}],"wp:term":[{"taxonomy":"product_brand","embeddable":true,"href":"https:\/\/vapemaison.com\/cs\/wp-json\/wp\/v2\/product_brand?post=29047"},{"taxonomy":"product_cat","embeddable":true,"href":"https:\/\/vapemaison.com\/cs\/wp-json\/wp\/v2\/product_cat?post=29047"},{"taxonomy":"product_tag","embeddable":true,"href":"https:\/\/vapemaison.com\/cs\/wp-json\/wp\/v2\/product_tag?post=29047"}],"curies":[{"name":"wp","href":"https:\/\/api.w.org\/{rel}","templated":true}]}}