{"id":29184,"date":"2026-04-10T08:33:34","date_gmt":"2026-04-10T08:33:34","guid":{"rendered":"https:\/\/vapemaison.com\/?post_type=product&#038;p=29184"},"modified":"2026-04-11T09:09:03","modified_gmt":"2026-04-11T09:09:03","slug":"al-fakher-nic-salt-e-liquid-10ml-20mg-2-vice-prichuti-k-dispozici","status":"publish","type":"product","link":"https:\/\/vapemaison.com\/cs\/product\/al-fakher-nic-salt-e-liquid-10ml-20mg-2-multiple-flavours-available\/","title":{"rendered":"Al Fakher Nic Salt E-Liquid 10ml 20mg (2%) - k dispozici v\u00edce p\u0159\u00edchut\u00ed"},"content":{"rendered":"<p>Vyzkou\u0161ejte pr\u00e9miovou \u0159adu <strong><strong>Al Fakher Liquid<\/strong> E-liquidy s nikotinovou sol\u00ed<\/strong>. Tyto vape d\u017eusy jsou vytvo\u0159eny pro hladk\u00e9 uspokojen\u00ed. Krom\u011b toho p\u0159in\u00e1\u0161ej\u00ed bohatou a autentickou chu\u0165 p\u0159i ka\u017ed\u00e9m \u0161luknut\u00ed.<\/p>\n\n\n\n<p>Tato kolekce obsahuje mnoho r\u016fzn\u00fdch chu\u0165ov\u00fdch profil\u016f. Vychutnat si m\u016f\u017eete nap\u0159\u00edklad <strong>osv\u011b\u017euj\u00edc\u00ed m\u00e1ta, ledov\u00e9 ovoce a sladk\u00e1 sm\u011bs<\/strong>s. Proto si v\u017edy m\u016f\u017eete vybrat p\u0159\u00edchu\u0165, kter\u00e1 odpov\u00edd\u00e1 va\u0161im preferenc\u00edm.<\/p>\n\n\n\n<p>Ka\u017ed\u00fd <strong>e-liquid<\/strong> pou\u017e\u00edv\u00e1 vyv\u00e1\u017een\u00fd pom\u011br 50VG\/50PG. D\u00edky tomu z\u00edsk\u00e1te silnou chu\u0165 i jemnou p\u00e1ru. Slo\u017een\u00ed nav\u00edc zaji\u0161\u0165uje konzistentn\u00ed v\u00fdkon.<\/p>\n\n\n\n<p>Na str\u00e1nk\u00e1ch <strong>s\u00edla nikotinu je 20 mg (2%)<\/strong> nic soli. D\u00edky tomu je vst\u0159eb\u00e1v\u00e1n\u00ed nikotinu rychl\u00e9 a uspokojiv\u00e9. Krom\u011b toho je vhodn\u00fd pro pod syst\u00e9my a MTL za\u0159\u00edzen\u00ed.<\/p>\n\n\n\n<p>A\u0165 u\u017e d\u00e1v\u00e1te p\u0159ednost ovocn\u00fdm, ledov\u00fdm nebo klasick\u00fdm profil\u016fm, tato \u0159ada nab\u00edz\u00ed rozmanitost. M\u016f\u017eete tak kdykoli snadno p\u0159ep\u00ednat mezi p\u0159\u00edchut\u011bmi.<\/p>\n\n\n\n<h3 class=\"wp-block-heading\">Kl\u00ed\u010dov\u00e9 vlastnosti<\/h3>\n\n\n\n<ul class=\"wp-block-list\">\n<li>\u0160irok\u00e1 nab\u00eddka obl\u00edben\u00fdch p\u0159\u00edchut\u00ed<\/li>\n\n\n\n<li>Velikost lahvi\u010dky 10 ml<\/li>\n\n\n\n<li>20 mg (2%) nikotinov\u00e9 soli<\/li>\n\n\n\n<li>Hladk\u00e9 a rychl\u00e9 dod\u00e1v\u00e1n\u00ed nikotinu<\/li>\n\n\n\n<li>Pom\u011br 50VG\/50PG pro vyv\u00e1\u017een\u00fd v\u00fdkon<\/li>\n\n\n\n<li>Ur\u010deno pro syst\u00e9my pod a za\u0159\u00edzen\u00ed MTL<\/li>\n\n\n\n<li>Autentick\u00e9 p\u0159\u00edchut\u011b inspirovan\u00e9 \u0161i\u0161kou Al Fakher<\/li>\n<\/ul>\n\n\n\n<h3 class=\"wp-block-heading\">Dostupn\u00e9 p\u0159\u00edchut\u011b<\/h3>\n\n\n\n<p>Tato kolekce obsahuje rozmanit\u00fd v\u00fdb\u011br p\u0159\u00edchut\u00ed, jako jsou:<\/p>\n\n\n\n<p class=\"has-pale-pink-color has-text-color has-link-color wp-elements-8a05a1628708385c7669c7d98216b092\"><strong>Ovocn\u00e9 a sladk\u00e9:<br>\u017dV\u00ddKA\u010cKOV\u00c1 M\u00c1TA, BOBULOV\u00dd LED, LED Z \u010cERN\u00c9HO RYB\u00cdZU, LIMON\u00c1DA BLUE RAZZ, BOR\u016eVKOV\u00c1 \u017dV\u00ddKA\u010cKA, T\u0158E\u0160\u0147OV\u00c1 FIESTA, JAHODOV\u00dd PUN\u010c, MIX BOBUL\u00cd, BOBULOV\u00c1 MOD\u0158<\/strong><\/p>\n\n\n\n<p class=\"has-vivid-green-cyan-color has-text-color has-link-color wp-elements-253015ea3756f77bdf6c12a41af5d5f4\"><strong>Sv\u011b\u017e\u00ed a m\u00e1tov\u00e1:<br>HROZNOV\u00c1 M\u00c1TA, CITRONOV\u00c1 M\u00c1TA, M\u00c1TA Z \u010cERN\u00c9HO RYB\u00cdZU, POMERAN\u010cOV\u00c1 M\u00c1TA, M\u00c1TA, MENTOLOV\u00c1 M\u00c1TA<\/strong><\/p>\n\n\n\n<p class=\"has-vivid-cyan-blue-color has-text-color has-link-color wp-elements-bebf0fafe554d32a22f7a47e8f071895\"><strong>Icy &amp; Cooling:<br>SV\u011a\u017d\u00cd LED, BROSKVOV\u00dd LED, ANANASOV\u00dd LED, T\u0158E\u0160\u0147OV\u00dd LED<\/strong><\/p>\n\n\n\n<p class=\"has-luminous-vivid-orange-color has-text-color has-link-color wp-elements-e5f777c7e4d8d63384bb659078b67d0c\"><strong>Exotick\u00e9 a sm\u011bsi:<br>MAGIC LOVE, SPACE DREAM, HUBBA, TWO APPLE, COOL MANGO, MANGO ANANAS, WATERMELON LIME, WATERMELON ANANAS, BLUEBERRY RASPBERRY, BLUEBERRY SOUR RASPBERRY, LEMON LIME, CHERRY FIZZ.<\/strong><\/p>\n\n\n\n<h3 class=\"wp-block-heading\">O e-liquidech Al Fakher Nic Salt<\/h3>\n\n\n\n<p>E-liquidy Al Fakher Nic Salt jsou inspirov\u00e1ny sv\u011btov\u011b proslul\u00fdm d\u011bdictv\u00edm t\u00e9to zna\u010dky a p\u0159in\u00e1\u0161ej\u00ed bohat\u00e9 bl\u00edzkov\u00fdchodn\u00ed chu\u0165ov\u00e9 profily do modern\u00edho vapingu. Tyto vape d\u017eusy, zn\u00e1m\u00e9 svou hloubkou, jemnost\u00ed a konzistenc\u00ed, jsou ur\u010deny pro u\u017eivatele, kte\u0159\u00ed si cen\u00ed jak kvality chuti, tak v\u00fdkonu.<\/p>\n\n\n\n<p>Ide\u00e1ln\u00ed pro ka\u017edodenn\u00ed vaping, <strong><strong>Al Fakher Liquid<\/strong><\/strong> nikov\u00e9 soli poskytuj\u00ed spolehliv\u00fd a p\u0159\u00edjemn\u00fd z\u00e1\u017eitek p\u0159i ka\u017ed\u00e9m pou\u017eit\u00ed.<\/p>\n\n\n\n<p>Pokud hled\u00e1te pohodln\u011bj\u0161\u00ed alternativu, n\u00e1\u0161 obchod nab\u00edz\u00ed tak\u00e9 \u0161irok\u00fd v\u00fdb\u011br <strong><a href=\"https:\/\/vapemaison.com\/shop\/\" type=\"link\" id=\"https:\/\/vapemaison.com\/shop\/\">jednor\u00e1zov\u00e9 vapes<\/a><\/strong>. Tato za\u0159\u00edzen\u00ed jsou dod\u00e1v\u00e1na s p\u0159edpln\u011bnou n\u00e1pln\u00ed a p\u0159ipravena k pou\u017eit\u00ed, bez nutnosti dopl\u0148ov\u00e1n\u00ed nebo \u00fadr\u017eby - ide\u00e1ln\u00ed pro u\u017eivatele, kte\u0159\u00ed d\u00e1vaj\u00ed p\u0159ednost bezprobl\u00e9mov\u00e9mu vapov\u00e1n\u00ed.<\/p>\n\n\n\n<p>Pokud se v\u00e1m l\u00edb\u00ed kvalita chuti t\u00e9to \u0159ady, m\u016f\u017eete si prohl\u00e9dnout dal\u0161\u00ed produkty z \u0159ady <strong><a href=\"https:\/\/vapemaison.com\/brand\/al-fakher\/\" type=\"link\" id=\"https:\/\/vapemaison.com\/brand\/al-fakher\/\">Al Fakher<\/a><\/strong> v\u010detn\u011b jednor\u00e1zov\u00fdch variant, kter\u00e9 poskytuj\u00ed stejnou bohatou chu\u0165 inspirovanou \u0161i\u0161kou v pohodln\u011bj\u0161\u00edm form\u00e1tu.<\/p>\n\n\n\n<p>Pro ty, kte\u0159\u00ed cht\u011bj\u00ed del\u0161\u00ed v\u00fddr\u017e, nab\u00edz\u00edme tak\u00e9 \u0159adu jednor\u00e1zov\u00fdch vap\u016f s vysok\u00fdm po\u010dtem \u0161luk\u016f, kter\u00e9 v\u00e1m d\u00e1vaj\u00ed v\u011bt\u0161\u00ed v\u00fdb\u011br p\u0159i del\u0161\u00edm pou\u017e\u00edv\u00e1n\u00ed a konzistentn\u00edm pod\u00e1v\u00e1n\u00ed chuti.<\/p>\n\n\n\n<p>Projd\u011bte si v\u00edce a najd\u011bte styl vapingu, kter\u00fd vyhovuje va\u0161im pot\u0159eb\u00e1m.<\/p>","protected":false},"excerpt":{"rendered":"<p>Experience the premium range of Al Fakher Liquid Nic Salt E-Liquids. These vape juices are crafted for smooth satisfaction. In addition, they deliver rich and authentic flavor in every puff. This collection includes many different flavor profiles. For example, you can enjoy refreshing mint, icy fruits, and sweet blends. Therefore, there is always a flavor [&hellip;]<\/p>\n","protected":false},"featured_media":29220,"comment_status":"open","ping_status":"closed","template":"","meta":{"googlesitekit_rrm_CAow8MHCDA:productID":""},"product_brand":[179],"product_cat":[324],"product_tag":[],"class_list":{"0":"post-29184","1":"product","2":"type-product","3":"status-publish","4":"has-post-thumbnail","6":"product_brand-al-fakher","7":"product_cat-vape-liquid","9":"first","10":"instock","11":"shipping-taxable","12":"purchasable","13":"product-type-variable","14":"has-default-attributes"},"yoast_head":"<!-- This site is optimized with the Yoast SEO plugin v27.3 - https:\/\/yoast.com\/product\/yoast-seo-wordpress\/ -->\n<title>Al Fakher Nic Salt E-Liquid 10ml 20mg (2%) | Vape Juice Flavours<\/title>\n<meta name=\"description\" content=\"Shop Al Fakher Nic Salt E-Liquid 10ml 20mg (2%). Enjoy smooth vape juice with a wide range of flavours including mint, fruit, and icy blends.\" \/>\n<meta name=\"robots\" content=\"index, follow, max-snippet:-1, max-image-preview:large, max-video-preview:-1\" \/>\n<link rel=\"canonical\" href=\"https:\/\/vapemaison.com\/cs\/produkt\/al-fakher-nic-salt-e-liquid-10ml-20mg-2-vice-prichuti-k-dispozici\/\" \/>\n<meta property=\"og:locale\" content=\"cs_CZ\" \/>\n<meta property=\"og:type\" content=\"article\" \/>\n<meta property=\"og:title\" content=\"Al Fakher Nic Salt E-Liquid 10ml 20mg (2%) | Vape Juice Flavours\" \/>\n<meta property=\"og:description\" content=\"Shop Al Fakher Nic Salt E-Liquid 10ml 20mg (2%). Enjoy smooth vape juice with a wide range of flavours including mint, fruit, and icy blends.\" \/>\n<meta property=\"og:url\" content=\"https:\/\/vapemaison.com\/cs\/produkt\/al-fakher-nic-salt-e-liquid-10ml-20mg-2-vice-prichuti-k-dispozici\/\" \/>\n<meta property=\"og:site_name\" content=\"VapeMaison\" \/>\n<meta property=\"article:modified_time\" content=\"2026-04-11T09:09:03+00:00\" \/>\n<meta property=\"og:image\" content=\"https:\/\/vapemaison.com\/wp-content\/uploads\/2026\/04\/vapemaison-al-fakher-peach-ice-10ml-nic-salt-e-liquid.webp\" \/>\n\t<meta property=\"og:image:width\" content=\"900\" \/>\n\t<meta property=\"og:image:height\" content=\"900\" \/>\n\t<meta property=\"og:image:type\" content=\"image\/webp\" \/>\n<meta name=\"twitter:card\" content=\"summary_large_image\" \/>\n<meta name=\"twitter:label1\" content=\"Odhadovan\u00e1 doba \u010dten\u00ed\" \/>\n\t<meta name=\"twitter:data1\" content=\"3 minuty\" \/>\n<!-- \/ Yoast SEO plugin. -->","yoast_head_json":{"title":"Al Fakher Nic Salt E-Liquid 10ml 20mg (2%) | Vape Juice Flavours","description":"Obchod Al Fakher Nic Salt E-Liquid 10ml 20mg (2%). Vychutnejte si hladkou vape \u0161\u0165\u00e1vu s \u0161irokou \u0161k\u00e1lou p\u0159\u00edchut\u00ed v\u010detn\u011b m\u00e1ty, ovoce a ledov\u00fdch sm\u011bs\u00ed.","robots":{"index":"index","follow":"follow","max-snippet":"max-snippet:-1","max-image-preview":"max-image-preview:large","max-video-preview":"max-video-preview:-1"},"canonical":"https:\/\/vapemaison.com\/cs\/produkt\/al-fakher-nic-salt-e-liquid-10ml-20mg-2-vice-prichuti-k-dispozici\/","og_locale":"cs_CZ","og_type":"article","og_title":"Al Fakher Nic Salt E-Liquid 10ml 20mg (2%) | Vape Juice Flavours","og_description":"Shop Al Fakher Nic Salt E-Liquid 10ml 20mg (2%). Enjoy smooth vape juice with a wide range of flavours including mint, fruit, and icy blends.","og_url":"https:\/\/vapemaison.com\/cs\/produkt\/al-fakher-nic-salt-e-liquid-10ml-20mg-2-vice-prichuti-k-dispozici\/","og_site_name":"VapeMaison","article_modified_time":"2026-04-11T09:09:03+00:00","og_image":[{"width":900,"height":900,"url":"https:\/\/vapemaison.com\/wp-content\/uploads\/2026\/04\/vapemaison-al-fakher-peach-ice-10ml-nic-salt-e-liquid.webp","type":"image\/webp"}],"twitter_card":"summary_large_image","twitter_misc":{"Odhadovan\u00e1 doba \u010dten\u00ed":"3 minuty"},"schema":{"@context":"https:\/\/schema.org","@graph":[{"@type":"WebPage","@id":"https:\/\/vapemaison.com\/product\/al-fakher-nic-salt-e-liquid-10ml-20mg-2-multiple-flavours-available\/","url":"https:\/\/vapemaison.com\/product\/al-fakher-nic-salt-e-liquid-10ml-20mg-2-multiple-flavours-available\/","name":"Al Fakher Nic Salt E-Liquid 10ml 20mg (2%) | Vape Juice Flavours","isPartOf":{"@id":"https:\/\/vapemaison.com\/#website"},"primaryImageOfPage":{"@id":"https:\/\/vapemaison.com\/product\/al-fakher-nic-salt-e-liquid-10ml-20mg-2-multiple-flavours-available\/#primaryimage"},"image":{"@id":"https:\/\/vapemaison.com\/product\/al-fakher-nic-salt-e-liquid-10ml-20mg-2-multiple-flavours-available\/#primaryimage"},"thumbnailUrl":"https:\/\/vapemaison.com\/wp-content\/uploads\/2026\/04\/vapemaison-al-fakher-peach-ice-10ml-nic-salt-e-liquid.webp","datePublished":"2026-04-10T08:33:34+00:00","dateModified":"2026-04-11T09:09:03+00:00","description":"Obchod Al Fakher Nic Salt E-Liquid 10ml 20mg (2%). Vychutnejte si hladkou vape \u0161\u0165\u00e1vu s \u0161irokou \u0161k\u00e1lou p\u0159\u00edchut\u00ed v\u010detn\u011b m\u00e1ty, ovoce a ledov\u00fdch sm\u011bs\u00ed.","breadcrumb":{"@id":"https:\/\/vapemaison.com\/product\/al-fakher-nic-salt-e-liquid-10ml-20mg-2-multiple-flavours-available\/#breadcrumb"},"inLanguage":"cs","potentialAction":[{"@type":"ReadAction","target":["https:\/\/vapemaison.com\/product\/al-fakher-nic-salt-e-liquid-10ml-20mg-2-multiple-flavours-available\/"]}]},{"@type":"ImageObject","inLanguage":"cs","@id":"https:\/\/vapemaison.com\/product\/al-fakher-nic-salt-e-liquid-10ml-20mg-2-multiple-flavours-available\/#primaryimage","url":"https:\/\/vapemaison.com\/wp-content\/uploads\/2026\/04\/vapemaison-al-fakher-peach-ice-10ml-nic-salt-e-liquid.webp","contentUrl":"https:\/\/vapemaison.com\/wp-content\/uploads\/2026\/04\/vapemaison-al-fakher-peach-ice-10ml-nic-salt-e-liquid.webp","width":900,"height":900,"caption":"vapemaison-al-fakher-peach-ice-10ml-nic-salt-e-liquid"},{"@type":"BreadcrumbList","@id":"https:\/\/vapemaison.com\/product\/al-fakher-nic-salt-e-liquid-10ml-20mg-2-multiple-flavours-available\/#breadcrumb","itemListElement":[{"@type":"ListItem","position":1,"name":"\u9996\u9875","item":"https:\/\/vapemaison.com\/"},{"@type":"ListItem","position":2,"name":"Shop","item":"https:\/\/vapemaison.com\/shop\/"},{"@type":"ListItem","position":3,"name":"Al Fakher","item":"https:\/\/vapemaison.com\/brand\/al-fakher\/"},{"@type":"ListItem","position":4,"name":"Al Fakher Nic Salt E-Liquid 10ml 20mg (2%) \u2013 Multiple Flavours Available"}]},{"@type":"WebSite","@id":"https:\/\/vapemaison.com\/#website","url":"https:\/\/vapemaison.com\/","name":"VapeMaison","description":"Pr\u00e9miov\u00e1 vapingov\u00e1 za\u0159\u00edzen\u00ed a p\u0159\u00edslu\u0161enstv\u00ed","publisher":{"@id":"https:\/\/vapemaison.com\/#organization"},"potentialAction":[{"@type":"SearchAction","target":{"@type":"EntryPoint","urlTemplate":"https:\/\/vapemaison.com\/?s={search_term_string}"},"query-input":{"@type":"PropertyValueSpecification","valueRequired":true,"valueName":"search_term_string"}}],"inLanguage":"cs"},{"@type":"Organization","@id":"https:\/\/vapemaison.com\/#organization","name":"VapeMaison","url":"https:\/\/vapemaison.com\/","logo":{"@type":"ImageObject","inLanguage":"cs","@id":"https:\/\/vapemaison.com\/#\/schema\/logo\/image\/","url":"https:\/\/vapemaison.com\/wp-content\/uploads\/2026\/01\/cropped-vapemaison-logo-g-2026.webp","contentUrl":"https:\/\/vapemaison.com\/wp-content\/uploads\/2026\/01\/cropped-vapemaison-logo-g-2026.webp","width":350,"height":280,"caption":"VapeMaison"},"image":{"@id":"https:\/\/vapemaison.com\/#\/schema\/logo\/image\/"},"sameAs":["https:\/\/www.youtube.com\/@VapeMaison"]}]}},"tiered_pricing_type":"fixed","tiered_pricing_fixed_rules":{"30":"1.99","100":"1.79"},"tiered_pricing_product_settings":{"layout":"default","base_unit_name":{"singular":null,"plural":null},"default_variation":null},"tiered_pricing_minimum_quantity":10,"tiered_pricing_roles_data":[],"tiered_pricing_percentage_rules":[],"tiered_pricing_maximum_quantity":null,"tiered_pricing_quantity_step":"10","_links":{"self":[{"href":"https:\/\/vapemaison.com\/cs\/wp-json\/wp\/v2\/product\/29184","targetHints":{"allow":["GET"]}}],"collection":[{"href":"https:\/\/vapemaison.com\/cs\/wp-json\/wp\/v2\/product"}],"about":[{"href":"https:\/\/vapemaison.com\/cs\/wp-json\/wp\/v2\/types\/product"}],"replies":[{"embeddable":true,"href":"https:\/\/vapemaison.com\/cs\/wp-json\/wp\/v2\/comments?post=29184"}],"version-history":[{"count":2,"href":"https:\/\/vapemaison.com\/cs\/wp-json\/wp\/v2\/product\/29184\/revisions"}],"predecessor-version":[{"id":29288,"href":"https:\/\/vapemaison.com\/cs\/wp-json\/wp\/v2\/product\/29184\/revisions\/29288"}],"wp:featuredmedia":[{"embeddable":true,"href":"https:\/\/vapemaison.com\/cs\/wp-json\/wp\/v2\/media\/29220"}],"wp:attachment":[{"href":"https:\/\/vapemaison.com\/cs\/wp-json\/wp\/v2\/media?parent=29184"}],"wp:term":[{"taxonomy":"product_brand","embeddable":true,"href":"https:\/\/vapemaison.com\/cs\/wp-json\/wp\/v2\/product_brand?post=29184"},{"taxonomy":"product_cat","embeddable":true,"href":"https:\/\/vapemaison.com\/cs\/wp-json\/wp\/v2\/product_cat?post=29184"},{"taxonomy":"product_tag","embeddable":true,"href":"https:\/\/vapemaison.com\/cs\/wp-json\/wp\/v2\/product_tag?post=29184"}],"curies":[{"name":"wp","href":"https:\/\/api.w.org\/{rel}","templated":true}]}}