

{"id":7230,"date":"2025-10-15T07:56:47","date_gmt":"2025-10-15T07:56:47","guid":{"rendered":"https:\/\/vapemaison.com\/?post_type=product&#038;p=7230"},"modified":"2026-05-05T17:27:01","modified_gmt":"2026-05-05T17:27:01","slug":"bang-blaze-60000-puffs-bang-vape","status":"publish","type":"product","link":"https:\/\/vapemaison.com\/cs\/product\/bang-blaze-60000-puffs-bang-vape\/","title":{"rendered":"Bang Vape 60K Puffs Vape | Bang Blaze 60000"},"content":{"rendered":"<p>Na str\u00e1nk\u00e1ch <strong>Bang Blaze 60 000<\/strong> je vlajkov\u00e1 lo\u010f jednor\u00e1zov\u00fdch vap\u016f ur\u010den\u00e1 pro u\u017eivatele, kte\u0159\u00ed vy\u017eaduj\u00ed extr\u00e9mn\u00ed v\u00fddr\u017e a chu\u0165ovou v\u0161estrannost. D\u00edky masivn\u00edmu <strong>56ml p\u0159edpln\u011bn\u00fd z\u00e1sobn\u00edk na e-liquid<\/strong> a inovativn\u00ed <strong>Syst\u00e9m p\u0159ep\u00edn\u00e1n\u00ed 4 p\u0159\u00edchut\u00ed<\/strong>, je toto za\u0159\u00edzen\u00ed konstruov\u00e1no tak, aby poskytovalo t\u00fddny konzistentn\u00edho a vysoce kvalitn\u00edho v\u00fdkonu bez nutnosti \u010dast\u00e9 v\u00fdm\u011bny.<\/p>\n\n\n\n<h2 class=\"wp-block-heading\">Hlavn\u00ed funkce a v\u00fdhody<\/h2>\n\n\n\n<h3 class=\"wp-block-heading\">1. Bezkonkuren\u010dn\u00ed \u017eivotnost<\/h3>\n\n\n\n<p>S nejlep\u0161\u00ed kapacitou v oboru <strong>60 000 vdech\u016f<\/strong>, Bang Blaze odstra\u0148uje \u201cobavy z baterie\u201d a neust\u00e1lou pot\u0159ebu nov\u00fdch za\u0159\u00edzen\u00ed. Je to definitivn\u00ed volba pro n\u00e1ro\u010dn\u00e9 vapery a cestovatele na dlouh\u00e9 vzd\u00e1lenosti.<\/p>\n\n\n\n<h3 class=\"wp-block-heading\">2. Revolu\u010dn\u00ed p\u0159ep\u00edna\u010d chut\u00ed 4 v 1<\/h3>\n\n\n\n<p>Pro\u010d se spokojit s jednou p\u0159\u00edchut\u00ed, kdy\u017e m\u016f\u017eete m\u00edt \u010dty\u0159i? Ka\u017ed\u00fd p\u0159\u00edstroj obsahuje \u010dty\u0159i r\u016fzn\u00e9, vysoce kvalitn\u00ed sm\u011bsi. Jednoduch\u00fdm ot\u00e1\u010den\u00edm m\u016f\u017eete okam\u017eit\u011b m\u011bnit sv\u016fj profil a p\u0159izp\u016fsobit se tak sv\u00e9 n\u00e1lad\u011b b\u011bhem dne.<\/p>\n\n\n\n<h3 class=\"wp-block-heading\">3. Pokro\u010dil\u00e1 technologie Mesh Coil<\/h3>\n\n\n\n<p>Vybaveno <strong>C\u00edvka s p\u0159esn\u00fdmi oky 1,0 \u03a9<\/strong>, Bang Blaze zaji\u0161\u0165uje rovnom\u011brn\u00e9 zah\u0159\u00edv\u00e1n\u00ed a rychl\u00e9 odpa\u0159ov\u00e1n\u00ed. Tato technologie zaru\u010duje hladk\u00fd n\u00e1raz do hrdla a bohatou hustotu chuti od prvn\u00edho potahu a\u017e po 60 000. potah.<\/p>\n\n\n\n<h2 class=\"wp-block-heading\">Technick\u00e9 specifikace<\/h2>\n\n\n\n<figure class=\"wp-block-table is-style-stripes\"><table class=\"has-fixed-layout\"><thead><tr><td><strong>Funkce<\/strong><\/td><td><strong>Specifikace<\/strong><\/td><\/tr><\/thead><tbody><tr><td><strong>Po\u010det puf\u016f<\/strong><\/td><td>P\u0159ibli\u017en\u011b 60 000 puf\u016f<\/td><\/tr><tr><td><strong>Kapacita e-kapaliny<\/strong><\/td><td>56 ml (p\u0159edpln\u011bn\u00e9)<\/td><\/tr><tr><td><strong>Kapacita baterie<\/strong><\/td><td>650 mAh (dob\u00edjec\u00ed)<\/td><\/tr><tr><td><strong>Nab\u00edjec\u00ed port<\/strong><\/td><td>Rychl\u00e9 nab\u00edjen\u00ed typu C<\/td><\/tr><tr><td><strong>Typ rozpra\u0161ova\u010de<\/strong><\/td><td>1,0 \u03a9 Mesh Coil<\/td><\/tr><tr><td><strong>Siln\u00e9 str\u00e1nky nikotinu<\/strong><\/td><td>0% \/ 2% \/ 3% \/ 5%<\/td><\/tr><tr><td><strong>Speci\u00e1ln\u00ed funkce<\/strong><\/td><td>Oto\u010dn\u00fd p\u0159ep\u00edna\u010d p\u0159\u00edchut\u00ed 4 v 1<\/td><\/tr><\/tbody><\/table><\/figure>\n\n\n\n<h2 class=\"wp-block-heading\">Kur\u00e1torsk\u00e1 matice chut\u00ed<\/h2>\n\n\n\n<p>Bang Blaze nab\u00edz\u00ed odborn\u011b slad\u011bn\u00e9 kombinace chut\u00ed, kter\u00e9 jsou navr\u017eeny tak, aby poskytovaly komplexn\u00ed smyslov\u00fd z\u00e1\u017eitek.<\/p>\n\n\n\n<h3 class=\"wp-block-heading\">A: Osv\u011b\u017euj\u00edc\u00ed f\u00faze<\/h3>\n\n\n\n<ul class=\"wp-block-list\">\n<li><strong>Melounov\u00fd led<\/strong><\/li>\n\n\n\n<li><strong>Bor\u016fvkov\u00e1 m\u00e1ta<\/strong><\/li>\n\n\n\n<li><strong>Ovocn\u00fd led<\/strong><\/li>\n\n\n\n<li><strong>Lime Romance<\/strong><\/li>\n<\/ul>\n\n\n\n<h3 class=\"wp-block-heading\">B: Tropick\u00e1 symfonie<\/h3>\n\n\n\n<ul class=\"wp-block-list\">\n<li><strong>Bor\u016fvkov\u00fd led<\/strong><\/li>\n\n\n\n<li><strong>Broskvov\u00fd meloun Mango<\/strong><\/li>\n\n\n\n<li><strong>Polibek z v\u00e1\u0161n\u011b<\/strong><\/li>\n\n\n\n<li><strong>Melounov\u00e9 jablko<\/strong><\/li>\n<\/ul>\n\n\n\n<h3 class=\"wp-block-heading\">C: Sladk\u00e9 a klasick\u00e9<\/h3>\n\n\n\n<ul class=\"wp-block-list\">\n<li><strong>Jahodov\u00e9 mango<\/strong><\/li>\n\n\n\n<li><strong>Melounov\u00e1 \u017ev\u00fdka\u010dka<\/strong><\/li>\n\n\n\n<li><strong>\u010cerven\u00e9 Mojito<\/strong><\/li>\n\n\n\n<li><strong>Love 66 (klasick\u00e1 sm\u011bs na \u0161i\u0161u)<\/strong><\/li>\n<\/ul>\n\n\n\n<h2 class=\"wp-block-heading\">Pro\u010d si vybrat Bang Blaze 60 000?<\/h2>\n\n\n\n<ul class=\"wp-block-list\">\n<li><strong>N\u00e1kladov\u00e1 efektivita:<\/strong> Velmi vysok\u00fd po\u010det puf\u016f v\u00fdrazn\u011b sni\u017euje n\u00e1klady na jedno pou\u017eit\u00ed v porovn\u00e1n\u00ed se standardn\u00edmi jednor\u00e1zov\u00fdmi pom\u016fckami.<\/li>\n\n\n\n<li><strong>Minim\u00e1ln\u00ed prostoje:<\/strong> Baterie s kapacitou 650 mAh ve spojen\u00ed s <strong>Rychl\u00e9 nab\u00edjen\u00ed typu C<\/strong> zajist\u00ed, \u017ee za\u0159\u00edzen\u00ed str\u00e1v\u00ed v\u00edce \u010dasu v ruce a m\u00e9n\u011b na kabelu.<\/li>\n\n\n\n<li><strong>P\u0159izp\u016fsobiteln\u00fd z\u00e1\u017eitek:<\/strong> D\u00edky \u010dty\u0159em mo\u017enostem volby nikotinu m\u016f\u017eete p\u0159esn\u011b kontrolovat mno\u017estv\u00ed nikotinu, a\u0165 u\u017e p\u0159ech\u00e1z\u00edte od klasick\u00fdch cigaret, nebo hled\u00e1te siln\u011bj\u0161\u00ed d\u00e1vku.<\/li>\n\n\n\n<li><strong>P\u0159enosn\u00e9 odr\u016fdy:<\/strong> U\u017eijte si luxus p\u0159en\u00e1\u0161en\u00ed \u010dty\u0159 p\u0159\u00edchut\u00ed v jednom kompaktn\u00edm, ergonomick\u00e9m \u0161asi - odpad\u00e1 tak nutnost p\u0159en\u00e1\u0161et v\u00edce za\u0159\u00edzen\u00ed.<\/li>\n<\/ul>\n\n\n\n<p>Podtr\u017eeno, se\u010dteno:<\/p>\n\n\n\n<p>Bang Blaze 60 000 je v\u00edc ne\u017e jen vape; je to vysoce v\u00fdkonn\u00e9 \u0159e\u0161en\u00ed pro nad\u0161ence, kte\u0159\u00ed si cen\u00ed v\u00fddr\u017ee, rozmanitosti a integrity chuti. Nastavuje nov\u00e9 m\u011b\u0159\u00edtko toho, \u010deho m\u016f\u017ee pr\u00e9miov\u00e9 jednor\u00e1zov\u00e9 za\u0159\u00edzen\u00ed dos\u00e1hnout.<\/p>\n\n\n\n<p>Pokud byste cht\u011bli prozkoumat dal\u0161\u00ed za\u0159\u00edzen\u00ed stejn\u00e9 zna\u010dky, m\u016f\u017eete si prohl\u00e9dnout n\u00e1\u0161 kompletn\u00ed seznam <strong><a href=\"https:\/\/vapemaison.com\/\">Bang jednor\u00e1zov\u00e1 kolekce vape<\/a><\/strong> k porovn\u00e1n\u00ed r\u016fzn\u00fdch model\u016f a po\u010dt\u016f puf\u016f. Pro u\u017eivatele, kte\u0159\u00ed hledaj\u00ed roz\u0161\u00ed\u0159en\u00fd vapingov\u00fd v\u00fdkon, je toto za\u0159\u00edzen\u00ed tak\u00e9 sou\u010d\u00e1st\u00ed na\u0161\u00ed nab\u00eddky. <strong><a href=\"https:\/\/vapemaison.com\/product-category\/puffs-count\/60k-puffs\/\">60K puffs jednor\u00e1zov\u00e9 vape<\/a><\/strong> a vyzna\u010duj\u00ed se dlouhou \u017eivotnost\u00ed a velkokapacitn\u00edm proveden\u00edm. Pokud porovn\u00e1v\u00e1te podobn\u00e9 mo\u017enosti s vysok\u00fdm obsahem vzduchu, pak je to <strong><a href=\"https:\/\/vapemaison.com\/product\/bang-leader-stoll-300k-puffs-disposable-vape\/\">Bang 300k Puffs Vape na jedno pou\u017eit\u00ed<\/a><\/strong> a <strong><a href=\"https:\/\/vapemaison.com\/product\/hume-azul-24000-puffs-disposable-vape\/\">Humo Azul 24000 Puffs<\/a><\/strong> jsou obl\u00edben\u00e9 alternativy se srovnatelnou kapacitou a v\u00fdkonem.<\/p>\n\n\n\n<h2 class=\"wp-block-heading\">\u010cASTO KLADEN\u00c9 DOTAZY<\/h2>\n\n\n\n<h3 class=\"wp-block-heading\">1. Jak poprv\u00e9 pou\u017e\u00edt jednor\u00e1zovou vape Bang 60000 Puffs?<\/h3>\n\n\n\n<p>Za\u0159\u00edzen\u00ed se aktivuje tahem, tak\u017ee nevy\u017eaduje \u017e\u00e1dn\u00e1 tla\u010d\u00edtka. Sta\u010d\u00ed odstranit v\u0161echny ochrann\u00e9 plomby, ujistit se, \u017ee je za\u0159\u00edzen\u00ed nabit\u00e9, a jemn\u011b inhalovat p\u0159es n\u00e1ustek. Pomal\u00e9 a plynul\u00e9 potahov\u00e1n\u00ed poskytuje nejlep\u0161\u00ed v\u00fdkon.<\/p>\n\n\n\n<h3 class=\"wp-block-heading\">2. Mus\u00edm za\u0159\u00edzen\u00ed p\u0159ed pou\u017eit\u00edm nab\u00edt?<\/h3>\n\n\n\n<p>Za\u0159\u00edzen\u00ed se dod\u00e1v\u00e1 \u010d\u00e1ste\u010dn\u011b nabit\u00e9 a lze jej pou\u017e\u00edvat po vybalen\u00ed z krabice. Pro optim\u00e1ln\u00ed v\u00fdkon - zejm\u00e9na p\u0159i dlouhodob\u00e9m pou\u017e\u00edv\u00e1n\u00ed - v\u0161ak doporu\u010dujeme p\u0159ed del\u0161\u00edm vapov\u00e1n\u00edm za\u0159\u00edzen\u00ed pln\u011b nab\u00edt.<\/p>\n\n\n\n<h3 class=\"wp-block-heading\">3. Opravdu z tohoto za\u0159\u00edzen\u00ed dostanu 60 000 \u0161luk\u016f?<\/h3>\n\n\n\n<p>Po\u010det 60 000 v\u00fddech\u016f vych\u00e1z\u00ed z laboratorn\u00edho testov\u00e1n\u00ed za standardn\u00edch podm\u00ednek. Skute\u010dn\u00e1 spot\u0159eba z\u00e1vis\u00ed na individu\u00e1ln\u00edch vapovac\u00edch n\u00e1vyc\u00edch, jako je d\u00e9lka a frekvence potahov\u00e1n\u00ed. V\u011bt\u0161ina u\u017eivatel\u016f za\u017e\u00edv\u00e1 sp\u00ed\u0161e dlouhodob\u00e9 pou\u017e\u00edv\u00e1n\u00ed po del\u0161\u00ed dobu ne\u017e pevn\u00fd po\u010det potah\u016f.<\/p>\n\n\n\n<h3 class=\"wp-block-heading\">4. Jakou nab\u00edje\u010dku m\u00e1m pou\u017e\u00edt a jak dlouho trv\u00e1 nab\u00edjen\u00ed?<\/h3>\n\n\n\n<p>Toto za\u0159\u00edzen\u00ed pou\u017e\u00edv\u00e1 nab\u00edjec\u00ed port typu C. Doporu\u010dujeme pou\u017e\u00edvat standardn\u00ed n\u00edzkonap\u011b\u0165ovou nab\u00edje\u010dku (5 V). Nab\u00edjen\u00ed obvykle trv\u00e1 60-90 minut. V z\u00e1jmu ochrany \u017eivotnosti baterie se vyhn\u011bte rychlonab\u00edje\u010dk\u00e1m.<\/p>\n\n\n\n<h3 class=\"wp-block-heading\">5. Pro\u010d m\u016fj p\u0159\u00edstroj nevytv\u00e1\u0159\u00ed p\u00e1ru?<\/h3>\n\n\n\n<p>Nejprve se ujist\u011bte, \u017ee je za\u0159\u00edzen\u00ed pln\u011b nabit\u00e9 a \u017ee byly sejmuty v\u0161echny ochrann\u00e9 kryty. Zkuste m\u00edsto siln\u00fdch potah\u016f pomaleji a jemn\u011bji potahovat. Pokud probl\u00e9m p\u0159etrv\u00e1v\u00e1, kontaktujte na\u0161i <a href=\"https:\/\/wa.me\/8617602190264?text=Hi!%20I%20am%20from%20vapemaison.com\">t\u00fdm z\u00e1kaznick\u00e9 podpory<\/a> o pomoc.<\/p>\n\n\n\n<h3 class=\"wp-block-heading\">6. Co m\u00e1m d\u011blat, kdy\u017e je chu\u0165 sp\u00e1len\u00e1?<\/h3>\n\n\n\n<p>P\u0159i nep\u0159etr\u017eit\u00e9m pou\u017e\u00edv\u00e1n\u00ed p\u0159\u00edstroje bez p\u0159est\u00e1vek m\u016f\u017ee doj\u00edt ke sp\u00e1len\u00e9 chuti. Mezi jednotliv\u00fdmi sezen\u00edmi nechte za\u0159\u00edzen\u00ed n\u011bkolik minut odpo\u010d\u00edvat, aby se spir\u00e1lka mohla ochladit a znovu nas\u00e1t e-liquid, co\u017e pom\u00e1h\u00e1 udr\u017eet konzistentn\u00ed chu\u0165.<\/p>\n\n\n\n<h3 class=\"wp-block-heading\">7. Co kdy\u017e za\u0159\u00edzen\u00ed doraz\u00ed vadn\u00e9 nebo nefunguje?<\/h3>\n\n\n\n<p>Pokud je va\u0161e za\u0159\u00edzen\u00ed po p\u0159\u00edchodu vadn\u00e9, kontaktujte n\u00e1s v uveden\u00e9 lh\u016ft\u011b podpory a za\u0161lete n\u00e1m fotografie nebo videa probl\u00e9mu. N\u00e1\u0161 t\u00fdm podpory v\u00e1m co nejrychleji pom\u016f\u017ee s v\u00fdm\u011bnou nebo \u0159e\u0161en\u00edm.<\/p>","protected":false},"excerpt":{"rendered":"<p><!-- wp:list --><\/p>\n<ul class=\"wp-block-list\"><!-- wp:list-item --><\/p>\n<li>Po\u010det puf\u016f: A\u017e 60 000 \u0161luk\u016f<\/li>\n<p><!-- \/wp:list-item --><\/p>\n<p><!-- wp:list-item --><\/p>\n<li>E-liquid: 56 ml p\u0159edpln\u011bn\u00e9 n\u00e1pln\u011b<\/li>\n<p><!-- \/wp:list-item --><\/p>\n<p><!-- wp:list-item --><\/p>\n<li>Baterie: 650 mAh, nab\u00edjen\u00ed Type-C<\/li>\n<p><!-- \/wp:list-item --><\/p>\n<p><!-- wp:list-item --><\/p>\n<li>C\u00edvka: 1,0 \u03a9 mesh coil<\/li>\n<p><!-- \/wp:list-item --><\/p>\n<p><!-- wp:list-item --><\/p>\n<li>Nikotin: 0% \/ 2% \/ 3% \/ 5%<\/li>\n<p><!-- \/wp:list-item --><\/p>\n<p><!-- wp:list-item --><\/p>\n<li>P\u0159\u00edchut\u011b: 12 kurentovan\u00fdch sad 4 v 1\u00a0<\/li>\n<\/ul>","protected":false},"featured_media":8102,"comment_status":"open","ping_status":"closed","template":"","meta":[],"product_brand":[57],"product_cat":[137],"product_tag":[145,147],"class_list":{"0":"post-7230","1":"product","2":"type-product","3":"status-publish","4":"has-post-thumbnail","6":"product_brand-bang","7":"product_cat-60k-puffs","8":"product_tag-disposable-vape","9":"product_tag-recharge","11":"first","12":"instock","13":"sale","14":"shipping-taxable","15":"purchasable","16":"product-type-variable"},"yoast_head":"<!-- This site is optimized with the Yoast SEO plugin v27.4 - https:\/\/yoast.com\/product\/yoast-seo-wordpress\/ -->\n<title>Bang Blaze 60000 Puffs 4-in-1 Vape | Bang Vape Rechargeable<\/title>\n<meta name=\"description\" content=\"Experience the 60k Bang Vape Disposable Vape \u2014 up to 60,000 puffs, 12 flavor options, fast charging, and ultra-smooth vapor.\" \/>\n<meta name=\"robots\" content=\"index, follow, max-snippet:-1, max-image-preview:large, max-video-preview:-1\" \/>\n<link rel=\"canonical\" href=\"https:\/\/vapemaison.com\/cs\/produkt\/bang-blaze-60000-puffs-bang-vape\/\" \/>\n<meta property=\"og:locale\" content=\"cs_CZ\" \/>\n<meta property=\"og:type\" content=\"article\" \/>\n<meta property=\"og:title\" content=\"Bang Blaze 60000 Puffs 4-in-1 Vape | Bang Vape Rechargeable\" \/>\n<meta property=\"og:description\" content=\"Experience the 60k Bang Vape Disposable Vape \u2014 up to 60,000 puffs, 12 flavor options, fast charging, and ultra-smooth vapor.\" \/>\n<meta property=\"og:url\" content=\"https:\/\/vapemaison.com\/cs\/produkt\/bang-blaze-60000-puffs-bang-vape\/\" \/>\n<meta property=\"og:site_name\" content=\"VapeMaison\" \/>\n<meta property=\"article:modified_time\" content=\"2026-05-05T17:27:01+00:00\" \/>\n<meta property=\"og:image\" content=\"https:\/\/vapemaison.com\/wp-content\/uploads\/2025\/10\/bang-blaze-4in1-60000-flavor-10.jpg\" \/>\n\t<meta property=\"og:image:width\" content=\"2000\" \/>\n\t<meta property=\"og:image:height\" content=\"2000\" \/>\n\t<meta property=\"og:image:type\" content=\"image\/jpeg\" \/>\n<meta name=\"twitter:card\" content=\"summary_large_image\" \/>\n<meta name=\"twitter:label1\" content=\"Odhadovan\u00e1 doba \u010dten\u00ed\" \/>\n\t<meta name=\"twitter:data1\" content=\"4 minuty\" \/>\n<!-- \/ Yoast SEO plugin. -->","yoast_head_json":{"title":"Bang Blaze 60000 Puffs 4 v 1 Vape | Bang Vape Dob\u00edjec\u00ed baterie","description":"Vyzkou\u0161ejte jednor\u00e1zovou vapku Bang Vape 60k - a\u017e 60 000 potah\u016f, 12 mo\u017enost\u00ed p\u0159\u00edchut\u00ed, rychl\u00e9 nab\u00edjen\u00ed a velmi jemn\u00e1 p\u00e1ra.","robots":{"index":"index","follow":"follow","max-snippet":"max-snippet:-1","max-image-preview":"max-image-preview:large","max-video-preview":"max-video-preview:-1"},"canonical":"https:\/\/vapemaison.com\/cs\/produkt\/bang-blaze-60000-puffs-bang-vape\/","og_locale":"cs_CZ","og_type":"article","og_title":"Bang Blaze 60000 Puffs 4-in-1 Vape | Bang Vape Rechargeable","og_description":"Experience the 60k Bang Vape Disposable Vape \u2014 up to 60,000 puffs, 12 flavor options, fast charging, and ultra-smooth vapor.","og_url":"https:\/\/vapemaison.com\/cs\/produkt\/bang-blaze-60000-puffs-bang-vape\/","og_site_name":"VapeMaison","article_modified_time":"2026-05-05T17:27:01+00:00","og_image":[{"width":2000,"height":2000,"url":"https:\/\/vapemaison.com\/wp-content\/uploads\/2025\/10\/bang-blaze-4in1-60000-flavor-10.jpg","type":"image\/jpeg"}],"twitter_card":"summary_large_image","twitter_misc":{"Odhadovan\u00e1 doba \u010dten\u00ed":"4 minuty"},"schema":{"@context":"https:\/\/schema.org","@graph":[{"@type":"WebPage","@id":"https:\/\/vapemaison.com\/product\/bang-blaze-60000-puffs-bang-vape\/","url":"https:\/\/vapemaison.com\/product\/bang-blaze-60000-puffs-bang-vape\/","name":"Bang Blaze 60000 Puffs 4 v 1 Vape | Bang Vape Dob\u00edjec\u00ed baterie","isPartOf":{"@id":"https:\/\/vapemaison.com\/#website"},"primaryImageOfPage":{"@id":"https:\/\/vapemaison.com\/product\/bang-blaze-60000-puffs-bang-vape\/#primaryimage"},"image":{"@id":"https:\/\/vapemaison.com\/product\/bang-blaze-60000-puffs-bang-vape\/#primaryimage"},"thumbnailUrl":"https:\/\/vapemaison.com\/wp-content\/uploads\/2025\/10\/bang-blaze-4in1-60000-flavor-10.jpg","datePublished":"2025-10-15T07:56:47+00:00","dateModified":"2026-05-05T17:27:01+00:00","description":"Vyzkou\u0161ejte jednor\u00e1zovou vapku Bang Vape 60k - a\u017e 60 000 potah\u016f, 12 mo\u017enost\u00ed p\u0159\u00edchut\u00ed, rychl\u00e9 nab\u00edjen\u00ed a velmi jemn\u00e1 p\u00e1ra.","breadcrumb":{"@id":"https:\/\/vapemaison.com\/product\/bang-blaze-60000-puffs-bang-vape\/#breadcrumb"},"inLanguage":"cs","potentialAction":[{"@type":"ReadAction","target":["https:\/\/vapemaison.com\/product\/bang-blaze-60000-puffs-bang-vape\/"]}]},{"@type":"ImageObject","inLanguage":"cs","@id":"https:\/\/vapemaison.com\/product\/bang-blaze-60000-puffs-bang-vape\/#primaryimage","url":"https:\/\/vapemaison.com\/wp-content\/uploads\/2025\/10\/bang-blaze-4in1-60000-flavor-10.jpg","contentUrl":"https:\/\/vapemaison.com\/wp-content\/uploads\/2025\/10\/bang-blaze-4in1-60000-flavor-10.jpg","width":2000,"height":2000,"caption":"Bang Blaze 4in1 60000 Puffs disposable vape, all four flavors displayed-10"},{"@type":"BreadcrumbList","@id":"https:\/\/vapemaison.com\/product\/bang-blaze-60000-puffs-bang-vape\/#breadcrumb","itemListElement":[{"@type":"ListItem","position":1,"name":"\u9996\u9875","item":"https:\/\/vapemaison.com\/"},{"@type":"ListItem","position":2,"name":"Shop","item":"https:\/\/vapemaison.com\/shop\/"},{"@type":"ListItem","position":3,"name":"Bang","item":"https:\/\/vapemaison.com\/brand\/bang\/"},{"@type":"ListItem","position":4,"name":"Bang Vape 60K Puffs Vape | Bang Blaze 60000"}]},{"@type":"WebSite","@id":"https:\/\/vapemaison.com\/#website","url":"https:\/\/vapemaison.com\/","name":"VapeMaison","description":"Pr\u00e9miov\u00e1 vapingov\u00e1 za\u0159\u00edzen\u00ed a p\u0159\u00edslu\u0161enstv\u00ed","publisher":{"@id":"https:\/\/vapemaison.com\/#organization"},"potentialAction":[{"@type":"SearchAction","target":{"@type":"EntryPoint","urlTemplate":"https:\/\/vapemaison.com\/?s={search_term_string}"},"query-input":{"@type":"PropertyValueSpecification","valueRequired":true,"valueName":"search_term_string"}}],"inLanguage":"cs"},{"@type":"Organization","@id":"https:\/\/vapemaison.com\/#organization","name":"VapeMaison","url":"https:\/\/vapemaison.com\/","logo":{"@type":"ImageObject","inLanguage":"cs","@id":"https:\/\/vapemaison.com\/#\/schema\/logo\/image\/","url":"https:\/\/vapemaison.com\/wp-content\/uploads\/2026\/01\/cropped-vapemaison-logo-g-2026.webp","contentUrl":"https:\/\/vapemaison.com\/wp-content\/uploads\/2026\/01\/cropped-vapemaison-logo-g-2026.webp","width":350,"height":280,"caption":"VapeMaison"},"image":{"@id":"https:\/\/vapemaison.com\/#\/schema\/logo\/image\/"},"sameAs":["https:\/\/www.youtube.com\/@VapeMaison"]}]}},"tiered_pricing_type":"fixed","tiered_pricing_fixed_rules":{"30":"11.99","50":"11.39","100":"10.99","200":"10.59"},"tiered_pricing_product_settings":{"layout":"default","base_unit_name":{"singular":null,"plural":null},"default_variation":null},"tiered_pricing_minimum_quantity":10,"tiered_pricing_roles_data":[],"tiered_pricing_percentage_rules":[],"tiered_pricing_maximum_quantity":null,"tiered_pricing_quantity_step":"10","_links":{"self":[{"href":"https:\/\/vapemaison.com\/cs\/wp-json\/wp\/v2\/product\/7230","targetHints":{"allow":["GET"]}}],"collection":[{"href":"https:\/\/vapemaison.com\/cs\/wp-json\/wp\/v2\/product"}],"about":[{"href":"https:\/\/vapemaison.com\/cs\/wp-json\/wp\/v2\/types\/product"}],"replies":[{"embeddable":true,"href":"https:\/\/vapemaison.com\/cs\/wp-json\/wp\/v2\/comments?post=7230"}],"version-history":[{"count":2,"href":"https:\/\/vapemaison.com\/cs\/wp-json\/wp\/v2\/product\/7230\/revisions"}],"predecessor-version":[{"id":26135,"href":"https:\/\/vapemaison.com\/cs\/wp-json\/wp\/v2\/product\/7230\/revisions\/26135"}],"wp:featuredmedia":[{"embeddable":true,"href":"https:\/\/vapemaison.com\/cs\/wp-json\/wp\/v2\/media\/8102"}],"wp:attachment":[{"href":"https:\/\/vapemaison.com\/cs\/wp-json\/wp\/v2\/media?parent=7230"}],"wp:term":[{"taxonomy":"product_brand","embeddable":true,"href":"https:\/\/vapemaison.com\/cs\/wp-json\/wp\/v2\/product_brand?post=7230"},{"taxonomy":"product_cat","embeddable":true,"href":"https:\/\/vapemaison.com\/cs\/wp-json\/wp\/v2\/product_cat?post=7230"},{"taxonomy":"product_tag","embeddable":true,"href":"https:\/\/vapemaison.com\/cs\/wp-json\/wp\/v2\/product_tag?post=7230"}],"curies":[{"name":"wp","href":"https:\/\/api.w.org\/{rel}","templated":true}]}}