

{"id":7296,"date":"2025-10-16T06:47:28","date_gmt":"2025-10-16T06:47:28","guid":{"rendered":"https:\/\/vapemaison.com\/?post_type=product&#038;p=7296"},"modified":"2026-05-15T06:18:39","modified_gmt":"2026-05-15T06:18:39","slug":"waspe-aiviou-60000-puffs-3v1-jednorazovy-vape","status":"publish","type":"product","link":"https:\/\/vapemaison.com\/cs\/product\/waspe-aiviou-60000-puffs-3in1-disposable-vape\/","title":{"rendered":"WASPE 60k Puffs | Dob\u00edjec\u00ed obrazovka LED Vape"},"content":{"rendered":"<h3 class=\"wp-block-heading\"><strong>WASPE AIVIOU 60k Puffs Vape na jedno pou\u017eit\u00ed | 3 p\u0159\u00edchut\u011b v jednom<\/strong><\/h3>\n\n\n\n<p>Na str\u00e1nk\u00e1ch <strong>WASPE<\/strong> AIVIOU 60000 Puffs p\u0159in\u00e1\u0161\u00ed maxim\u00e1ln\u00ed pohodl\u00ed p\u0159i vapov\u00e1n\u00ed.<br>Ka\u017ed\u00e9 za\u0159\u00edzen\u00ed obsahuje t\u0159i lahodn\u00e9 p\u0159\u00edchut\u011b, obrovskou kapacitu 54 ml e-liquidu a LED displej zobrazuj\u00edc\u00ed stav baterie i liquidu.D\u00edky dob\u00edjec\u00ed baterii typu C a syst\u00e9mu trojit\u00e9 s\u00ed\u0165ov\u00e9 spir\u00e1lky si u\u017eijete hladkou p\u00e1ru, bohatou chu\u0165 a dlouhotrvaj\u00edc\u00ed spokojenost.<\/p>\n\n\n\n<h3 class=\"wp-block-heading\"><strong>Kl\u00ed\u010dov\u00e9 vlastnosti<\/strong><\/h3>\n\n\n\n<ul class=\"wp-block-list\">\n<li><strong>A\u017e 60 000 puf\u016f:<\/strong> Dlouh\u00e1 \u017eivotnost pro n\u00e1ro\u010dn\u00e9 u\u017eivatele.<\/li>\n\n\n\n<li><strong>3 p\u0159\u00edchut\u011b v 1 za\u0159\u00edzen\u00ed:<\/strong> Snadno p\u0159ep\u00ednejte mezi p\u0159\u00edchut\u011bmi a z\u00edskejte nov\u00fd z\u00e1\u017eitek.<\/li>\n\n\n\n<li><strong>Displej LED:<\/strong> Sledujte stav baterie a e-liquidu v re\u00e1ln\u00e9m \u010dase.<\/li>\n\n\n\n<li><strong>Dob\u00edjec\u00ed baterie:<\/strong> Rychl\u00e9 nab\u00edjen\u00ed typu C zaji\u0161\u0165uje nep\u0159etr\u017eit\u00e9 pou\u017e\u00edv\u00e1n\u00ed.<\/li>\n\n\n\n<li><strong>Trojit\u00e9 s\u00ed\u0165ov\u00e9 c\u00edvky:<\/strong> Poskytuje hustou p\u00e1ru a intenzivn\u00ed chu\u0165.<\/li>\n\n\n\n<li><strong>Kompaktn\u00ed a lehk\u00fd:<\/strong> (47 mm \u00d7 47 mm \u00d7 116 mm) pro snadnou manipulaci.<\/li>\n\n\n\n<li><strong>Mo\u017enosti nikotinu:<\/strong> 0%, 2% nebo 5%.<\/li>\n<\/ul>\n\n\n\n<h3 class=\"wp-block-heading\"><strong>Dostupn\u00e9 kombinace chut\u00ed<\/strong><\/h3>\n\n\n\n<ol class=\"wp-block-list\">\n<li>Melounov\u00fd led - Jahoda Kiwi - Citronov\u00e1 limetka<\/li>\n\n\n\n<li>Jahodov\u00fd meloun - Jahodovo-malinov\u00e9 bonbony - Hroznov\u00e1 zmrzlina<\/li>\n\n\n\n<li>Blueberry Ice - Black Dragon Ice - Fizzy Cherry Ice<\/li>\n\n\n\n<li>Jahoda Malina T\u0159e\u0161e\u0148 - Love 666 - T\u0159e\u0161\u0148ov\u00fd cukrov\u00fd led<\/li>\n\n\n\n<li>Broskvov\u00fd led - Ananas Mango Broskev - Brusinka Citron<\/li>\n\n\n\n<li>Red Bull Ice - Jahoda Mango - Jahoda Meloun Bubblegum<\/li>\n\n\n\n<li>Sm\u00ed\u0161en\u00e9 bobule - Gumov\u00fd medv\u00eddek - Sm\u00ed\u0161en\u00e9 ovoce<\/li>\n\n\n\n<li>Trojit\u00fd melounov\u00fd led - Duhov\u00e9 bonb\u00f3ny - Bor\u016fvkov\u00e9 bonb\u00f3ny<\/li>\n\n\n\n<li>Hroznov\u00e1 zmrzlina - Jahodov\u00e9 bonbony - Jahoda malina t\u0159e\u0161e\u0148<\/li>\n\n\n\n<li>Jahodov\u00fd ban\u00e1n - ananasov\u00fd kokosov\u00fd led - mangov\u00fd led<\/li>\n\n\n\n<li>Cherry Cola Ice - Jahodov\u00e1 Cola - Cola Ice<\/li>\n\n\n\n<li>Bor\u016fvkov\u00e1 malina - Bor\u016fvkov\u00e1 cukrov\u00e1 vata - Dvojit\u00fd jable\u010dn\u00fd led<\/li>\n<\/ol>\n\n\n\n<p>Objevte pr\u00e9miov\u00fd vaping na <a href=\"https:\/\/vapemaison.com\/\">VapeMaison<\/a>, v\u00e1\u0161 c\u00edl pro kvalitu a inovace. Prozkoumejte na\u0161i kompletn\u00ed nab\u00eddku na <a href=\"https:\/\/vapemaison.com\/shop\/\">Obchod<\/a> nebo se pod\u00edvejte na popul\u00e1rn\u00ed <a href=\"https:\/\/vapemaison.com\/brand\/bang\/\">Bang<\/a> a <a href=\"https:\/\/vapemaison.com\/brand\/waspe\/\">WASPE<\/a> produkty, kter\u00e9 si obl\u00edbili v\u0161ichni vape\u0159i. Hled\u00e1te dal\u0161\u00ed mo\u017enosti? Prohl\u00e9dn\u011bte si v\u0161echny na\u0161e <a href=\"https:\/\/vapemaison.com\/product-category\/puffs-count\/\">Puffy<\/a> za\u0159\u00edzen\u00ed, abyste na\u0161li ide\u00e1ln\u00ed vape pro sv\u016fj styl a vkus.<\/p>","protected":false},"excerpt":{"rendered":"<p>Za\u017eijte dlouhotrvaj\u00edc\u00ed vaping s p\u0159\u00edstrojem <strong data-start=\"1068\" data-end=\"1112\">WASPE AIVIOU 60000 Puffs Vape na jedno pou\u017eit\u00ed<\/strong>. Toto za\u0159\u00edzen\u00ed 3 v 1 je ur\u010deno pro evropsk\u00e9 velkoobchodn\u00edky a milovn\u00edky vapingu a kombinuje pohodl\u00ed, rozmanitost a v\u00fdkon. Vychutnejte si a\u017e 60 000 potah\u016f s LED displejem, 54 ml e-liquidu a dob\u00edjec\u00ed bateri\u00ed typu C.<\/p>","protected":false},"featured_media":7985,"comment_status":"open","ping_status":"closed","template":"","meta":[],"product_brand":[59],"product_cat":[137],"product_tag":[],"class_list":{"0":"post-7296","1":"product","2":"type-product","3":"status-publish","4":"has-post-thumbnail","6":"product_brand-waspe","7":"product_cat-60k-puffs","9":"first","10":"instock","11":"sale","12":"featured","13":"shipping-taxable","14":"purchasable","15":"product-type-variable"},"yoast_head":"<!-- This site is optimized with the Yoast SEO plugin v27.4 - https:\/\/yoast.com\/product\/yoast-seo-wordpress\/ -->\n<title>WASPE AIVIOU 60k Puffs | 3 in 1 Flavors Disposable Vape<\/title>\n<meta name=\"description\" content=\"Discover the WASPE AIVIOU 60k Puffs Disposable Vape.featuring 3 flavors in one device. Perfect for wholesalers and vape retailers across Europe.\" \/>\n<meta name=\"robots\" content=\"index, follow, max-snippet:-1, max-image-preview:large, max-video-preview:-1\" \/>\n<link rel=\"canonical\" href=\"https:\/\/vapemaison.com\/cs\/produkt\/waspe-aiviou-60000-puffs-3v1-jednorazovy-vape\/\" \/>\n<meta property=\"og:locale\" content=\"cs_CZ\" \/>\n<meta property=\"og:type\" content=\"article\" \/>\n<meta property=\"og:title\" content=\"WASPE AIVIOU 60k Puffs | 3 in 1 Flavors Disposable Vape\" \/>\n<meta property=\"og:description\" content=\"Discover the WASPE AIVIOU 60k Puffs Disposable Vape.featuring 3 flavors in one device. Perfect for wholesalers and vape retailers across Europe.\" \/>\n<meta property=\"og:url\" content=\"https:\/\/vapemaison.com\/cs\/produkt\/waspe-aiviou-60000-puffs-3v1-jednorazovy-vape\/\" \/>\n<meta property=\"og:site_name\" content=\"VapeMaison\" \/>\n<meta property=\"article:modified_time\" content=\"2026-05-15T06:18:39+00:00\" \/>\n<meta property=\"og:image\" content=\"https:\/\/vapemaison.com\/wp-content\/uploads\/2025\/10\/waspe-3in1-60k-0.jpg\" \/>\n\t<meta property=\"og:image:width\" content=\"1200\" \/>\n\t<meta property=\"og:image:height\" content=\"1200\" \/>\n\t<meta property=\"og:image:type\" content=\"image\/jpeg\" \/>\n<meta name=\"twitter:card\" content=\"summary_large_image\" \/>\n<meta name=\"twitter:label1\" content=\"Odhadovan\u00e1 doba \u010dten\u00ed\" \/>\n\t<meta name=\"twitter:data1\" content=\"2 minuty\" \/>\n<!-- \/ Yoast SEO plugin. -->","yoast_head_json":{"title":"WASPE AIVIOU 60k Puffs | 3 v 1 p\u0159\u00edchut\u011b jednor\u00e1zov\u00e9 Vape","description":"Objevte WASPE AIVIOU 60k Puffs Disposable Vape.featuring 3 flavors in one device. Ide\u00e1ln\u00ed pro velkoobchody a maloobchody s vape po cel\u00e9 Evrop\u011b.","robots":{"index":"index","follow":"follow","max-snippet":"max-snippet:-1","max-image-preview":"max-image-preview:large","max-video-preview":"max-video-preview:-1"},"canonical":"https:\/\/vapemaison.com\/cs\/produkt\/waspe-aiviou-60000-puffs-3v1-jednorazovy-vape\/","og_locale":"cs_CZ","og_type":"article","og_title":"WASPE AIVIOU 60k Puffs | 3 in 1 Flavors Disposable Vape","og_description":"Discover the WASPE AIVIOU 60k Puffs Disposable Vape.featuring 3 flavors in one device. Perfect for wholesalers and vape retailers across Europe.","og_url":"https:\/\/vapemaison.com\/cs\/produkt\/waspe-aiviou-60000-puffs-3v1-jednorazovy-vape\/","og_site_name":"VapeMaison","article_modified_time":"2026-05-15T06:18:39+00:00","og_image":[{"width":1200,"height":1200,"url":"https:\/\/vapemaison.com\/wp-content\/uploads\/2025\/10\/waspe-3in1-60k-0.jpg","type":"image\/jpeg"}],"twitter_card":"summary_large_image","twitter_misc":{"Odhadovan\u00e1 doba \u010dten\u00ed":"2 minuty"},"schema":{"@context":"https:\/\/schema.org","@graph":[{"@type":"WebPage","@id":"https:\/\/vapemaison.com\/product\/waspe-aiviou-60000-puffs-3in1-disposable-vape\/","url":"https:\/\/vapemaison.com\/product\/waspe-aiviou-60000-puffs-3in1-disposable-vape\/","name":"WASPE AIVIOU 60k Puffs | 3 v 1 p\u0159\u00edchut\u011b jednor\u00e1zov\u00e9 Vape","isPartOf":{"@id":"https:\/\/vapemaison.com\/#website"},"primaryImageOfPage":{"@id":"https:\/\/vapemaison.com\/product\/waspe-aiviou-60000-puffs-3in1-disposable-vape\/#primaryimage"},"image":{"@id":"https:\/\/vapemaison.com\/product\/waspe-aiviou-60000-puffs-3in1-disposable-vape\/#primaryimage"},"thumbnailUrl":"https:\/\/vapemaison.com\/wp-content\/uploads\/2025\/10\/waspe-3in1-60k-0.jpg","datePublished":"2025-10-16T06:47:28+00:00","dateModified":"2026-05-15T06:18:39+00:00","description":"Objevte WASPE AIVIOU 60k Puffs Disposable Vape.featuring 3 flavors in one device. Ide\u00e1ln\u00ed pro velkoobchody a maloobchody s vape po cel\u00e9 Evrop\u011b.","breadcrumb":{"@id":"https:\/\/vapemaison.com\/product\/waspe-aiviou-60000-puffs-3in1-disposable-vape\/#breadcrumb"},"inLanguage":"cs","potentialAction":[{"@type":"ReadAction","target":["https:\/\/vapemaison.com\/product\/waspe-aiviou-60000-puffs-3in1-disposable-vape\/"]}]},{"@type":"ImageObject","inLanguage":"cs","@id":"https:\/\/vapemaison.com\/product\/waspe-aiviou-60000-puffs-3in1-disposable-vape\/#primaryimage","url":"https:\/\/vapemaison.com\/wp-content\/uploads\/2025\/10\/waspe-3in1-60k-0.jpg","contentUrl":"https:\/\/vapemaison.com\/wp-content\/uploads\/2025\/10\/waspe-3in1-60k-0.jpg","width":1200,"height":1200,"caption":"Waspe 3in1 60k Disposable Vape Device detail"},{"@type":"BreadcrumbList","@id":"https:\/\/vapemaison.com\/product\/waspe-aiviou-60000-puffs-3in1-disposable-vape\/#breadcrumb","itemListElement":[{"@type":"ListItem","position":1,"name":"\u9996\u9875","item":"https:\/\/vapemaison.com\/"},{"@type":"ListItem","position":2,"name":"Shop","item":"https:\/\/vapemaison.com\/shop\/"},{"@type":"ListItem","position":3,"name":"Waspe","item":"https:\/\/vapemaison.com\/brand\/waspe\/"},{"@type":"ListItem","position":4,"name":"WASPE 60k Puffs | Rechargeable Vape LED Screen"}]},{"@type":"WebSite","@id":"https:\/\/vapemaison.com\/#website","url":"https:\/\/vapemaison.com\/","name":"VapeMaison","description":"Pr\u00e9miov\u00e1 vapingov\u00e1 za\u0159\u00edzen\u00ed a p\u0159\u00edslu\u0161enstv\u00ed","publisher":{"@id":"https:\/\/vapemaison.com\/#organization"},"potentialAction":[{"@type":"SearchAction","target":{"@type":"EntryPoint","urlTemplate":"https:\/\/vapemaison.com\/?s={search_term_string}"},"query-input":{"@type":"PropertyValueSpecification","valueRequired":true,"valueName":"search_term_string"}}],"inLanguage":"cs"},{"@type":"Organization","@id":"https:\/\/vapemaison.com\/#organization","name":"VapeMaison","url":"https:\/\/vapemaison.com\/","logo":{"@type":"ImageObject","inLanguage":"cs","@id":"https:\/\/vapemaison.com\/#\/schema\/logo\/image\/","url":"https:\/\/vapemaison.com\/wp-content\/uploads\/2026\/01\/cropped-vapemaison-logo-g-2026.webp","contentUrl":"https:\/\/vapemaison.com\/wp-content\/uploads\/2026\/01\/cropped-vapemaison-logo-g-2026.webp","width":350,"height":280,"caption":"VapeMaison"},"image":{"@id":"https:\/\/vapemaison.com\/#\/schema\/logo\/image\/"},"sameAs":["https:\/\/www.youtube.com\/@VapeMaison"]}]}},"tiered_pricing_type":"fixed","tiered_pricing_fixed_rules":{"30":"11.99","50":"10.99","100":"9.98","200":"8.88"},"tiered_pricing_product_settings":{"layout":"default","base_unit_name":{"singular":null,"plural":null},"default_variation":null},"tiered_pricing_minimum_quantity":10,"tiered_pricing_roles_data":[],"tiered_pricing_percentage_rules":[],"tiered_pricing_maximum_quantity":null,"tiered_pricing_quantity_step":"10","_links":{"self":[{"href":"https:\/\/vapemaison.com\/cs\/wp-json\/wp\/v2\/product\/7296","targetHints":{"allow":["GET"]}}],"collection":[{"href":"https:\/\/vapemaison.com\/cs\/wp-json\/wp\/v2\/product"}],"about":[{"href":"https:\/\/vapemaison.com\/cs\/wp-json\/wp\/v2\/types\/product"}],"replies":[{"embeddable":true,"href":"https:\/\/vapemaison.com\/cs\/wp-json\/wp\/v2\/comments?post=7296"}],"version-history":[{"count":0,"href":"https:\/\/vapemaison.com\/cs\/wp-json\/wp\/v2\/product\/7296\/revisions"}],"wp:featuredmedia":[{"embeddable":true,"href":"https:\/\/vapemaison.com\/cs\/wp-json\/wp\/v2\/media\/7985"}],"wp:attachment":[{"href":"https:\/\/vapemaison.com\/cs\/wp-json\/wp\/v2\/media?parent=7296"}],"wp:term":[{"taxonomy":"product_brand","embeddable":true,"href":"https:\/\/vapemaison.com\/cs\/wp-json\/wp\/v2\/product_brand?post=7296"},{"taxonomy":"product_cat","embeddable":true,"href":"https:\/\/vapemaison.com\/cs\/wp-json\/wp\/v2\/product_cat?post=7296"},{"taxonomy":"product_tag","embeddable":true,"href":"https:\/\/vapemaison.com\/cs\/wp-json\/wp\/v2\/product_tag?post=7296"}],"curies":[{"name":"wp","href":"https:\/\/api.w.org\/{rel}","templated":true}]}}