

{"id":7853,"date":"2025-10-21T09:25:48","date_gmt":"2025-10-21T09:25:48","guid":{"rendered":"https:\/\/vapemaison.com\/?post_type=product&#038;p=7853"},"modified":"2026-05-14T20:34:29","modified_gmt":"2026-05-14T20:34:29","slug":"nejnovejsi-bang-legenda-120000-puffs-vape","status":"publish","type":"product","link":"https:\/\/vapemaison.com\/cs\/product\/newest-bang-legend-120000-puffs-vape\/","title":{"rendered":"Bang Legend 120K Puffs 5-in-1 Flavor Switch Vape"},"content":{"rendered":"<p>Jednor\u00e1zov\u00e1 vape Bang Legend 120K potah\u016f je navr\u017eena pro maxim\u00e1ln\u00ed \u017eivotnost a v\u0161estrannost a poskytuje a\u017e 120 000 potah\u016f v kompaktn\u00edm proveden\u00ed s vysokou kapacitou. Je vybaven inovativn\u00edm syst\u00e9mem p\u0159ep\u00edn\u00e1n\u00ed p\u0159\u00edchut\u00ed 5 v 1, kter\u00fd umo\u017e\u0148uje plynule st\u0159\u00eddat p\u011bt r\u016fzn\u00fdch p\u0159\u00edchut\u00ed v jednom za\u0159\u00edzen\u00ed, co\u017e v\u00e1m poskytne skute\u010dn\u011b p\u0159izp\u016fsobiteln\u00fd vapingov\u00fd z\u00e1\u017eitek.<\/p>\n\n\n\n<p>D\u00edky jedine\u010dn\u00e9 struktu\u0159e p\u011bti n\u00e1dr\u017e\u00ed je ka\u017ed\u00e1 p\u0159\u00edchu\u0165 ulo\u017eena zvl\u00e1\u0161\u0165, aby se zachovala \u010distota a zabr\u00e1nilo se jej\u00edmu sm\u00edch\u00e1n\u00ed. V kombinaci s pokro\u010dilou technologi\u00ed mesh spir\u00e1lek p\u0159in\u00e1\u0161\u00ed ka\u017ed\u00e9 \u0161luknut\u00ed hustou p\u00e1ru a bohatou, konzistentn\u00ed chu\u0165. Integrovan\u00fd LED displej poskytuje v re\u00e1ln\u00e9m \u010dase aktu\u00e1ln\u00ed informace o v\u00fddr\u017ei baterie, po\u010dtu potah\u016f a aktivn\u00edm re\u017eimu p\u0159\u00edchut\u011b, zat\u00edmco dob\u00edjec\u00ed baterie s kapacitou 850 mAh a nab\u00edjen\u00edm typu C zaji\u0161\u0165uje spolehliv\u00fd v\u00fdkon p\u0159i dlouhodob\u00e9m pou\u017e\u00edv\u00e1n\u00ed.<\/p>\n\n\n\n<h2 class=\"wp-block-heading\"><strong>Kl\u00ed\u010dov\u00e9 vlastnosti<\/strong><\/h2>\n\n\n\n<p>Bang Legend vynik\u00e1 mimo\u0159\u00e1dn\u011b velkou kapacitou \u0161lukov\u00e1n\u00ed a flexibilitou v\u00edce p\u0159\u00edchut\u00ed, tak\u017ee je ide\u00e1ln\u00ed pro u\u017eivatele, kte\u0159\u00ed cht\u011bj\u00ed rozmanitost, ani\u017e by museli nosit v\u00edce za\u0159\u00edzen\u00ed. Syst\u00e9m p\u0159ep\u00edn\u00e1n\u00ed p\u0159\u00edchut\u00ed 5 v 1 umo\u017e\u0148uje snadnou zm\u011bnu p\u0159\u00edchut\u00ed podle n\u00e1lady, zat\u00edmco nez\u00e1visl\u00e1 konstrukce tanku zaji\u0161\u0165uje, \u017ee ka\u017ed\u00e1 p\u0159\u00edchu\u0165 z\u016fstane \u010derstv\u00e1 a konzistentn\u00ed.<\/p>\n\n\n\n<p>Pokro\u010dil\u00fd syst\u00e9m mesh spir\u00e1lek zvy\u0161uje produkci p\u00e1ry a zintenziv\u0148uje pod\u00e1n\u00ed chuti, \u010d\u00edm\u017e vytv\u00e1\u0159\u00ed hladk\u00fd a uspokojiv\u00fd z\u00e1\u017eitek. D\u00edky chytr\u00e9mu LED displeji a rychl\u00e9mu nab\u00edjen\u00ed Type-C kombinuje toto za\u0159\u00edzen\u00ed pohodl\u00ed, v\u00fdkon a ovl\u00e1d\u00e1n\u00ed v jednom v\u00fdkonn\u00e9m jednor\u00e1zov\u00e9m vapu.<\/p>\n\n\n\n<h2 class=\"wp-block-heading\"><strong>Specifikace<\/strong><\/h2>\n\n\n\n<figure class=\"wp-block-table\"><table class=\"has-fixed-layout\"><thead><tr><th>Specifikace<\/th><th>Podrobnosti na<\/th><\/tr><\/thead><tbody><tr><td>Po\u010det puf\u016f<\/td><td>A\u017e 120 000 vdech\u016f<\/td><\/tr><tr><td>Syst\u00e9m p\u0159\u00edchut\u00ed<\/td><td>P\u0159ep\u00ednateln\u00e9 p\u0159\u00edchut\u011b 5 v 1<\/td><\/tr><tr><td>Design e-liquidu<\/td><td>5 nez\u00e1visl\u00fdch n\u00e1dr\u017e\u00ed<\/td><\/tr><tr><td>Baterie<\/td><td>850mAh dob\u00edjec\u00ed<\/td><\/tr><tr><td>C\u00edvka<\/td><td>Technologie Multi Mesh Coil<\/td><\/tr><tr><td>Zobrazit<\/td><td>LED obrazovka<\/td><\/tr><tr><td>Indik\u00e1tory<\/td><td>Baterie, po\u010det \u0161luk\u016f, re\u017eim aktivn\u00ed p\u0159\u00edchuti<\/td><\/tr><tr><td>Nab\u00edjen\u00ed<\/td><td>USB typu C<\/td><\/tr><tr><td>Operace<\/td><td>Kreslen\u00ed aktivovan\u00e9<\/td><\/tr><\/tbody><\/table><\/figure>\n\n\n\n<h2 class=\"wp-block-heading\"><strong>Kombinace chut\u00ed<\/strong><\/h2>\n\n\n\n<p>Vyberte si z 12 jedine\u010dn\u00fdch sad p\u0159\u00edchut\u00ed 5 v 1, kter\u00e9 kombinuj\u00ed ovocn\u00e9, ledov\u00e9 a n\u00e1pojov\u00e9 profily:<\/p>\n\n\n\n<ul class=\"wp-block-list\">\n<li>Jahodov\u00fd meloun + Cantaloupe Apple + Cola Ice + Mango Peach + Love 66<\/li>\n\n\n\n<li>Bor\u016fvkov\u00fd led + kiwi a mu\u010denka Guava + trojit\u00fd meloun + broskev a ananas + v\u00e1\u0161niv\u00fd polibek<\/li>\n\n\n\n<li>Melounov\u00e1 zmrzlina + Sm\u00ed\u0161en\u00e9 bobule + Jable\u010dn\u00e1 hru\u0161ka + Bor\u016fvkov\u00e1 m\u00e1ta + Letn\u00ed \u010das<\/li>\n\n\n\n<li>Bor\u016fvka malina + Duhov\u00e9 bonb\u00f3ny + Fuji Ice + Meloun + Kysel\u00e1 broskev<\/li>\n\n\n\n<li>Jahodov\u00e9 kiwi + li\u010di led + melounov\u00e9 bobule + mu\u010denka mango<\/li>\n\n\n\n<li>A dal\u0161\u00ed pr\u00e9miov\u00e9 kombinace<\/li>\n<\/ul>\n\n\n\n<h2 class=\"wp-block-heading\"><strong>Pro\u010d si vybrat Bang Legend 120K?<\/strong><\/h2>\n\n\n\n<p>Bang Legend 120K je ur\u010den pro u\u017eivatele, kte\u0159\u00ed cht\u011bj\u00ed v\u00fdkon a flexibilitu v jednom za\u0159\u00edzen\u00ed. Jeho obrovsk\u00e1 kapacita \u0161lukov\u00e1n\u00ed v\u00fdrazn\u011b sni\u017euje frekvenci v\u00fdm\u011bny, zat\u00edmco syst\u00e9m p\u0159\u00edchut\u00ed 5 v 1 eliminuje pot\u0159ebu nosit s sebou v\u00edce vap\u016f. Nez\u00e1visl\u00e1 konstrukce tanku zaji\u0161\u0165uje \u010distou a konzistentn\u00ed chu\u0165 a technologie mesh coil vylep\u0161uje ka\u017ed\u00e9 potahov\u00e1n\u00ed hladkou a hustou p\u00e1rou.<\/p>\n\n\n\n<p>D\u00edky chytr\u00e9mu displeji a dob\u00edjec\u00ed baterii nab\u00edz\u00ed modern\u00ed, u\u017eivatelsky p\u0159\u00edv\u011btiv\u00e9 prost\u0159ed\u00ed, kter\u00e9 kombinuje pohodl\u00ed, inovace a dlouhodobou hodnotu.<\/p>\n\n\n\n<h2 class=\"wp-block-heading\"><strong>Balen\u00ed obsahuje<\/strong><\/h2>\n\n\n\n<ul class=\"wp-block-list\">\n<li>1 \u00d7 Bang Legend 120K Puffs Vape na jedno pou\u017eit\u00ed<\/li>\n<\/ul>\n\n\n\n<h2 class=\"wp-block-heading\"><strong>V\u00fdzva k akci<\/strong><\/h2>\n\n\n\n<p>Upgradujte na dokonal\u00fd z\u00e1\u017eitek s v\u00edce p\u0159\u00edchut\u011bmi d\u00edky Bang Legend 120K.<br>Kdykoli m\u016f\u017eete m\u011bnit p\u0159\u00edchut\u011b a u\u017e\u00edvat si jeden z nejd\u00e9le trvaj\u00edc\u00edch jednor\u00e1zov\u00fdch vap\u016f.<\/p>\n\n\n\n<p>Hled\u00e1te dal\u0161\u00ed mo\u017enosti od spole\u010dnosti BANG? Prozkoumejte na\u0161i nab\u00eddku <strong><a href=\"https:\/\/vapemaison.com\/brand\/bang\/\">Kolekce Bang Vape<\/a><\/strong> a objevte \u0161irokou \u0161k\u00e1lu p\u0159\u00edchut\u00ed, po\u010dt\u016f puf\u016f a nejnov\u011bj\u0161\u00edch dostupn\u00fdch model\u016f.<\/p>\n\n\n\n<p>M\u016f\u017eete si tak\u00e9 prohl\u00e9dnout na\u0161e <strong><a href=\"https:\/\/vapemaison.com\/product-category\/hot-series\/\">nejprod\u00e1van\u011bj\u0161\u00ed jednor\u00e1zov\u00e9 vapes<\/a><\/strong> a pod\u00edvat se, co pr\u00e1v\u011b te\u010f kupuj\u00ed ostatn\u00ed z\u00e1kazn\u00edci.<\/p>","protected":false},"excerpt":{"rendered":"<p>Za\u017eijte maxim\u00e1ln\u00ed v\u00fddr\u017e p\u0159i vapov\u00e1n\u00ed s jednor\u00e1zovou vapkou Bang Legend 120K puff\u016f s p\u0159\u00edchut\u00ed 5 v 1. Jeho inovativn\u00ed syst\u00e9m 5 n\u00e1dr\u017eek v sob\u011b ukr\u00fdv\u00e1 5 r\u016fzn\u00fdch p\u0159\u00edchut\u00ed v jednom za\u0159\u00edzen\u00ed a umo\u017e\u0148uje bezprobl\u00e9mov\u00e9 p\u0159ep\u00edn\u00e1n\u00ed pomoc\u00ed pokro\u010dil\u00fdch s\u00ed\u0165ov\u00fdch spir\u00e1lek. Chytr\u00fd LED displej monitoruje po\u010det bateri\u00ed\/puff\u016f, zat\u00edmco dob\u00edjec\u00ed baterie s kapacitou 850 mAh zaji\u0161\u0165uje dlouhodob\u00e9 pou\u017e\u00edv\u00e1n\u00ed. Vyberte si z 12 kombinac\u00ed p\u0159\u00edchut\u00ed a vychutnejte si hustou a bohatou p\u00e1ru p\u0159i ka\u017ed\u00e9m potahu. Bang Legend big puff multi flavor vape je ide\u00e1ln\u00ed pro siln\u00e9 ku\u0159\u00e1ky a velkoodb\u011bratele, kte\u0159\u00ed hledaj\u00ed rozmanitost a v\u00fdkon.<\/p>","protected":false},"featured_media":8677,"comment_status":"open","ping_status":"closed","template":"","meta":[],"product_brand":[57],"product_cat":[153,142,16],"product_tag":[],"class_list":{"0":"post-7853","1":"product","2":"type-product","3":"status-publish","4":"has-post-thumbnail","6":"product_brand-bang","7":"product_cat-120k-puffs","8":"product_cat-eu-stock","9":"product_cat-uncategorized","11":"first","12":"instock","13":"sale","14":"featured","15":"shipping-taxable","16":"purchasable","17":"product-type-variable"},"yoast_head":"<!-- This site is optimized with the Yoast SEO plugin v27.4 - https:\/\/yoast.com\/product\/yoast-seo-wordpress\/ -->\n<title>Newest Bang Legend 120k Puffs Disposable Vape<\/title>\n<meta name=\"description\" content=\"Experience the Bang Legend 120K Puffs Vape with 5-in-1 flavor switch technology, and ultra-long-lasting performance for ultimate satisfaction.\" \/>\n<meta name=\"robots\" content=\"index, follow, max-snippet:-1, max-image-preview:large, max-video-preview:-1\" \/>\n<link rel=\"canonical\" href=\"https:\/\/vapemaison.com\/cs\/produkt\/nejnovejsi-bang-legenda-120000-puffs-vape\/\" \/>\n<meta property=\"og:locale\" content=\"cs_CZ\" \/>\n<meta property=\"og:type\" content=\"article\" \/>\n<meta property=\"og:title\" content=\"Newest Bang Legend 120k Puffs Disposable Vape\" \/>\n<meta property=\"og:description\" content=\"Experience the Bang Legend 120K Puffs Vape with 5-in-1 flavor switch technology, and ultra-long-lasting performance for ultimate satisfaction.\" \/>\n<meta property=\"og:url\" content=\"https:\/\/vapemaison.com\/cs\/produkt\/nejnovejsi-bang-legenda-120000-puffs-vape\/\" \/>\n<meta property=\"og:site_name\" content=\"VapeMaison\" \/>\n<meta property=\"article:modified_time\" content=\"2026-05-14T20:34:29+00:00\" \/>\n<meta property=\"og:image\" content=\"https:\/\/vapemaison.com\/wp-content\/uploads\/2025\/10\/bang-legend-120000-puffs-flavor-2.png\" \/>\n\t<meta property=\"og:image:width\" content=\"600\" \/>\n\t<meta property=\"og:image:height\" content=\"600\" \/>\n\t<meta property=\"og:image:type\" content=\"image\/png\" \/>\n<meta name=\"twitter:card\" content=\"summary_large_image\" \/>\n<meta name=\"twitter:label1\" content=\"Odhadovan\u00e1 doba \u010dten\u00ed\" \/>\n\t<meta name=\"twitter:data1\" content=\"3 minuty\" \/>\n<!-- \/ Yoast SEO plugin. -->","yoast_head_json":{"title":"Nejnov\u011bj\u0161\u00ed Bang Legend 120k Puffs Vape na jedno pou\u017eit\u00ed","description":"Vyzkou\u0161ejte Bang Legend 120K Puffs Vape s technologi\u00ed p\u0159ep\u00edn\u00e1n\u00ed p\u0159\u00edchut\u00ed 5 v 1 a mimo\u0159\u00e1dn\u011b dlouhou v\u00fddr\u017e\u00ed pro maxim\u00e1ln\u00ed uspokojen\u00ed.","robots":{"index":"index","follow":"follow","max-snippet":"max-snippet:-1","max-image-preview":"max-image-preview:large","max-video-preview":"max-video-preview:-1"},"canonical":"https:\/\/vapemaison.com\/cs\/produkt\/nejnovejsi-bang-legenda-120000-puffs-vape\/","og_locale":"cs_CZ","og_type":"article","og_title":"Newest Bang Legend 120k Puffs Disposable Vape","og_description":"Experience the Bang Legend 120K Puffs Vape with 5-in-1 flavor switch technology, and ultra-long-lasting performance for ultimate satisfaction.","og_url":"https:\/\/vapemaison.com\/cs\/produkt\/nejnovejsi-bang-legenda-120000-puffs-vape\/","og_site_name":"VapeMaison","article_modified_time":"2026-05-14T20:34:29+00:00","og_image":[{"width":600,"height":600,"url":"https:\/\/vapemaison.com\/wp-content\/uploads\/2025\/10\/bang-legend-120000-puffs-flavor-2.png","type":"image\/png"}],"twitter_card":"summary_large_image","twitter_misc":{"Odhadovan\u00e1 doba \u010dten\u00ed":"3 minuty"},"schema":{"@context":"https:\/\/schema.org","@graph":[{"@type":"WebPage","@id":"https:\/\/vapemaison.com\/product\/newest-bang-legend-120000-puffs-vape\/","url":"https:\/\/vapemaison.com\/product\/newest-bang-legend-120000-puffs-vape\/","name":"Nejnov\u011bj\u0161\u00ed Bang Legend 120k Puffs Vape na jedno pou\u017eit\u00ed","isPartOf":{"@id":"https:\/\/vapemaison.com\/#website"},"primaryImageOfPage":{"@id":"https:\/\/vapemaison.com\/product\/newest-bang-legend-120000-puffs-vape\/#primaryimage"},"image":{"@id":"https:\/\/vapemaison.com\/product\/newest-bang-legend-120000-puffs-vape\/#primaryimage"},"thumbnailUrl":"https:\/\/vapemaison.com\/wp-content\/uploads\/2025\/10\/bang-legend-120000-puffs-flavor-2.png","datePublished":"2025-10-21T09:25:48+00:00","dateModified":"2026-05-14T20:34:29+00:00","description":"Vyzkou\u0161ejte Bang Legend 120K Puffs Vape s technologi\u00ed p\u0159ep\u00edn\u00e1n\u00ed p\u0159\u00edchut\u00ed 5 v 1 a mimo\u0159\u00e1dn\u011b dlouhou v\u00fddr\u017e\u00ed pro maxim\u00e1ln\u00ed uspokojen\u00ed.","breadcrumb":{"@id":"https:\/\/vapemaison.com\/product\/newest-bang-legend-120000-puffs-vape\/#breadcrumb"},"inLanguage":"cs","potentialAction":[{"@type":"ReadAction","target":["https:\/\/vapemaison.com\/product\/newest-bang-legend-120000-puffs-vape\/"]}]},{"@type":"ImageObject","inLanguage":"cs","@id":"https:\/\/vapemaison.com\/product\/newest-bang-legend-120000-puffs-vape\/#primaryimage","url":"https:\/\/vapemaison.com\/wp-content\/uploads\/2025\/10\/bang-legend-120000-puffs-flavor-2.png","contentUrl":"https:\/\/vapemaison.com\/wp-content\/uploads\/2025\/10\/bang-legend-120000-puffs-flavor-2.png","width":600,"height":600,"caption":"Bang Legend Puffs Flavor Disposable Vape Device variant 2"},{"@type":"BreadcrumbList","@id":"https:\/\/vapemaison.com\/product\/newest-bang-legend-120000-puffs-vape\/#breadcrumb","itemListElement":[{"@type":"ListItem","position":1,"name":"\u9996\u9875","item":"https:\/\/vapemaison.com\/"},{"@type":"ListItem","position":2,"name":"Shop","item":"https:\/\/vapemaison.com\/shop\/"},{"@type":"ListItem","position":3,"name":"Bang","item":"https:\/\/vapemaison.com\/brand\/bang\/"},{"@type":"ListItem","position":4,"name":"Bang Legend 120K Puffs 5-in-1 Flavor Switch Vape"}]},{"@type":"WebSite","@id":"https:\/\/vapemaison.com\/#website","url":"https:\/\/vapemaison.com\/","name":"VapeMaison","description":"Pr\u00e9miov\u00e1 vapingov\u00e1 za\u0159\u00edzen\u00ed a p\u0159\u00edslu\u0161enstv\u00ed","publisher":{"@id":"https:\/\/vapemaison.com\/#organization"},"potentialAction":[{"@type":"SearchAction","target":{"@type":"EntryPoint","urlTemplate":"https:\/\/vapemaison.com\/?s={search_term_string}"},"query-input":{"@type":"PropertyValueSpecification","valueRequired":true,"valueName":"search_term_string"}}],"inLanguage":"cs"},{"@type":"Organization","@id":"https:\/\/vapemaison.com\/#organization","name":"VapeMaison","url":"https:\/\/vapemaison.com\/","logo":{"@type":"ImageObject","inLanguage":"cs","@id":"https:\/\/vapemaison.com\/#\/schema\/logo\/image\/","url":"https:\/\/vapemaison.com\/wp-content\/uploads\/2026\/01\/cropped-vapemaison-logo-g-2026.webp","contentUrl":"https:\/\/vapemaison.com\/wp-content\/uploads\/2026\/01\/cropped-vapemaison-logo-g-2026.webp","width":350,"height":280,"caption":"VapeMaison"},"image":{"@id":"https:\/\/vapemaison.com\/#\/schema\/logo\/image\/"},"sameAs":["https:\/\/www.youtube.com\/@VapeMaison"]}]}},"tiered_pricing_type":"fixed","tiered_pricing_fixed_rules":{"50":"12.18","100":"11.69","200":"10.99"},"tiered_pricing_product_settings":{"layout":"default","base_unit_name":{"singular":null,"plural":null},"default_variation":null},"tiered_pricing_minimum_quantity":10,"tiered_pricing_roles_data":[],"tiered_pricing_percentage_rules":[],"tiered_pricing_maximum_quantity":null,"tiered_pricing_quantity_step":"10","_links":{"self":[{"href":"https:\/\/vapemaison.com\/cs\/wp-json\/wp\/v2\/product\/7853","targetHints":{"allow":["GET"]}}],"collection":[{"href":"https:\/\/vapemaison.com\/cs\/wp-json\/wp\/v2\/product"}],"about":[{"href":"https:\/\/vapemaison.com\/cs\/wp-json\/wp\/v2\/types\/product"}],"replies":[{"embeddable":true,"href":"https:\/\/vapemaison.com\/cs\/wp-json\/wp\/v2\/comments?post=7853"}],"version-history":[{"count":1,"href":"https:\/\/vapemaison.com\/cs\/wp-json\/wp\/v2\/product\/7853\/revisions"}],"predecessor-version":[{"id":28415,"href":"https:\/\/vapemaison.com\/cs\/wp-json\/wp\/v2\/product\/7853\/revisions\/28415"}],"wp:featuredmedia":[{"embeddable":true,"href":"https:\/\/vapemaison.com\/cs\/wp-json\/wp\/v2\/media\/8677"}],"wp:attachment":[{"href":"https:\/\/vapemaison.com\/cs\/wp-json\/wp\/v2\/media?parent=7853"}],"wp:term":[{"taxonomy":"product_brand","embeddable":true,"href":"https:\/\/vapemaison.com\/cs\/wp-json\/wp\/v2\/product_brand?post=7853"},{"taxonomy":"product_cat","embeddable":true,"href":"https:\/\/vapemaison.com\/cs\/wp-json\/wp\/v2\/product_cat?post=7853"},{"taxonomy":"product_tag","embeddable":true,"href":"https:\/\/vapemaison.com\/cs\/wp-json\/wp\/v2\/product_tag?post=7853"}],"curies":[{"name":"wp","href":"https:\/\/api.w.org\/{rel}","templated":true}]}}