

{"id":8066,"date":"2025-10-22T07:07:43","date_gmt":"2025-10-22T07:07:43","guid":{"rendered":"https:\/\/vapemaison.com\/?post_type=product&#038;p=8066"},"modified":"2026-05-13T05:49:54","modified_gmt":"2026-05-13T05:49:54","slug":"bang-king-50000-puffs-jednorazove-vape","status":"publish","type":"product","link":"https:\/\/vapemaison.com\/cs\/product\/bang-king-50000-puffs-disposable-vape\/","title":{"rendered":"Bang King 50000 Puffs Vape na jedno pou\u017eit\u00ed"},"content":{"rendered":"<h2 class=\"wp-block-heading\"><strong>Bang King 50000 jednor\u00e1zov\u00fd vape - 50 000 \u0161luk\u016f, dv\u011b p\u0159\u00edchut\u011b, dob\u00edjec\u00ed typ C<\/strong><\/h2>\n\n\n\n<p>Bang King 50000 poskytuje v\u00fdjime\u010dnou v\u00fddr\u017e a\u017e 50 000 potah\u016f, je nap\u00e1jen dob\u00edjec\u00ed bateri\u00ed 850 mAh a 50 ml pr\u00e9miov\u00e9ho e-liquidu. Toto jednor\u00e1zov\u00e9 \u0161luk\u00e1tko se dv\u011bma p\u0159\u00edchut\u011bmi, ur\u010den\u00e9 pro u\u017eivatele, kte\u0159\u00ed oce\u0148uj\u00ed silnou chu\u0165, dlouhou \u017eivotnost a pohodl\u00ed, nab\u00edz\u00ed plynul\u00fd a konzistentn\u00ed vaping od za\u010d\u00e1tku do konce.<br>K dispozici jsou nikotinov\u00e9 varianty 0%, 2%, 3% a 5%, kter\u00e9 jsou ur\u010deny jak pro u\u017eivatele bez nikotinu, tak pro ty, kte\u0159\u00ed hledaj\u00ed siln\u00fd hit.<\/p>\n\n\n\n<h3 class=\"wp-block-heading\"><strong>Kl\u00ed\u010dov\u00e9 vlastnosti<\/strong><\/h3>\n\n\n\n<ul class=\"wp-block-list\">\n<li><strong>Kapacita 50 000 puf\u016f<\/strong><\/li>\n\n\n\n<li><strong>Kapacita 50 ml e-kapaliny<\/strong><\/li>\n\n\n\n<li><strong>Nastaviteln\u00e9 hladiny nikotinu (0%-5%)<\/strong><\/li>\n\n\n\n<li><strong>Dob\u00edjec\u00ed baterie 850 mAh<\/strong><\/li>\n\n\n\n<li><strong>Kompaktn\u00ed a p\u0159enosn\u00fd<\/strong><\/li>\n<\/ul>\n\n\n\n<h3 class=\"wp-block-heading\"><strong>Dostupn\u00e9 varianty s dv\u011bma p\u0159\u00edchut\u011bmi<\/strong><\/h3>\n\n\n\n<p>Melounov\u00fd led \/ bor\u016fvkov\u00e1 m\u00e1ta<br>Vodn\u00ed meloun \/ Bor\u016fvka T\u0159e\u0161e\u0148<br>Bor\u016fvkov\u00fd led \/ broskvov\u00fd meloun s mangem<br>Bor\u016fvkov\u00fd led \/ broskvov\u00fd led<br>Bor\u016fvka malina \/ Sm\u00ed\u0161en\u00e9 bobule<br>Bor\u016fvkov\u00fd malinov\u00fd \/ hroznov\u00fd led<br>Red Bull \/ Jahodov\u00fd ban\u00e1n<br>Red Bull \/ Bor\u016fvkov\u00fd meloun<br>\u017dv\u00fdka\u010dka Strawberry Mango \/ Watermelon Bubble Gum<br>Jahodov\u00e9 mango \/ Jahodov\u00e9 kiwi<br>Jahodov\u00fd meloun \/ Black Dragon Ice<br>Jahoda Meloun \/ Kiwi Mu\u010denka Guava<\/p>\n\n\n\n<h3 class=\"wp-block-heading\"><strong>Specifikace<\/strong><\/h3>\n\n\n\n<ul class=\"wp-block-list\">\n<li><strong>Zna\u010dka:<\/strong> Bang King<\/li>\n\n\n\n<li><strong>Model:<\/strong> 50000 Puffs Dual-Flavor na jedno pou\u017eit\u00ed<\/li>\n\n\n\n<li><strong>Baterie:<\/strong> 850 mAh (dob\u00edjec\u00ed)<\/li>\n\n\n\n<li><strong>E-liquid:<\/strong> 50 ml<\/li>\n\n\n\n<li><strong>Nikotin:<\/strong> 0%, 2%, 3%, 5%<\/li>\n\n\n\n<li><strong>Nab\u00edjen\u00ed:<\/strong> Typ C<\/li>\n\n\n\n<li><strong>Aktivace:<\/strong> Aktivace kreslen\u00edm<\/li>\n<\/ul>\n\n\n\n<p>St\u00e1le zkoum\u00e1te sv\u00e9 mo\u017enosti? V\u00edce informac\u00ed se dozv\u00edte z na\u0161\u00ed <strong><a href=\"https:\/\/vapemaison.com\/brand\/fumot\/\">Kolekce Fumot Vape<\/a><\/strong>, nebo si prohl\u00e9dn\u011bte dal\u0161\u00ed <strong><a href=\"https:\/\/vapemaison.com\/product-category\/puffs-count\/50k-puffs\/\">puff 50k vape za\u0159\u00edzen\u00ed<\/a><\/strong> a <strong><a href=\"https:\/\/vapemaison.com\/product-category\/puffs-count\/300k-puffs\/\">jednor\u00e1zov\u00e9 dob\u00edjec\u00ed materi\u00e1ly s vysok\u00fdm obsahem pufru<\/a><\/strong> navr\u017een\u00e9 pro dlouhotrvaj\u00edc\u00ed v\u00fdkon. Pokud v\u00e1s zaj\u00edmaj\u00ed sladk\u00e9 profily, jako je tento, pod\u00edvejte se na na\u0161e vapery s p\u0159\u00edchut\u00ed bonb\u00f3n\u016f a p\u0159\u00edchut\u011b inspirovan\u00e9 n\u00e1poji, kde najdete podobn\u00e9 odv\u00e1\u017en\u00e9 chu\u0165ov\u00e9 z\u00e1\u017eitky. Nab\u00edz\u00edme tak\u00e9 \u0161pi\u010dkov\u00e1 za\u0159\u00edzen\u00ed od <strong><a href=\"https:\/\/vapemaison.com\/brand\/elfbar\/\">Elf Bar<\/a><\/strong>, <strong><a href=\"https:\/\/vapemaison.com\/brand\/humo-azul\/\">Humo Azul<\/a><\/strong>, a <strong><a href=\"https:\/\/vapemaison.com\/brand\/airmez\/\">Airmez<\/a><\/strong>, tak\u017ee si m\u016f\u017eete vybrat z v\u00edce styl\u016f airflow, \u00farovn\u00ed sladkosti a hustoty p\u00e1ry - tak\u017ee si m\u016f\u017eete naj\u00edt nastaven\u00ed, kter\u00e9 odpov\u00edd\u00e1 va\u0161im preferenc\u00edm pro celodenn\u00ed vaping.<\/p>\n\n\n\n<h3 class=\"wp-block-heading\"><strong>Bezpe\u010dnostn\u00ed upozorn\u011bn\u00ed<\/strong><\/h3>\n\n\n\n<p>Pro dosp\u011bl\u00e9 21+. Uchov\u00e1vejte mimo dosah d\u011bt\u00ed a dom\u00e1c\u00edch zv\u00ed\u0159at. Obsahuje nikotin (krom\u011b 0%), kter\u00fd je n\u00e1vykovou l\u00e1tkou.<\/p>\n\n\n\n<p><\/p>","protected":false},"excerpt":{"rendered":"<p>Bang King 50000 Puffs Disposable Vape je pr\u00e9miov\u00e9 vapovac\u00ed za\u0159\u00edzen\u00ed navr\u017een\u00e9 pro dlouhotrvaj\u00edc\u00ed v\u00fdkon. S bateri\u00ed o kapacit\u011b 850 mAh, kapacitou 50 ml e-liquidu a mo\u017enostmi nikotinu v rozmez\u00ed 0% a\u017e 5% poskytuje tento vape a\u017e 50 000 potah\u016f hladk\u00e9 a aromatick\u00e9 p\u00e1ry. Ide\u00e1ln\u00ed pro vapery, kte\u0159\u00ed si cen\u00ed pohodl\u00ed a kvality.<\/p>","protected":false},"featured_media":8111,"comment_status":"open","ping_status":"closed","template":"","meta":[],"product_brand":[57],"product_cat":[136,142],"product_tag":[145],"class_list":{"0":"post-8066","1":"product","2":"type-product","3":"status-publish","4":"has-post-thumbnail","6":"product_brand-bang","7":"product_cat-50k-puffs","8":"product_cat-eu-stock","9":"product_tag-disposable-vape","11":"first","12":"instock","13":"sale","14":"shipping-taxable","15":"purchasable","16":"product-type-variable"},"yoast_head":"<!-- This site is optimized with the Yoast SEO plugin v27.4 - https:\/\/yoast.com\/product\/yoast-seo-wordpress\/ -->\n<title>Bang King 50000 Puffs Disposable Vape Long-Lasting Vape<\/title>\n<meta name=\"description\" content=\"Discover the Bang King 50000 Puffs Disposable Vape featuring 50mL e-liquid, and up to 50,000 puffs. Choose your nicotine level and enjoy vaping anywhere.\" \/>\n<meta name=\"robots\" content=\"index, follow, max-snippet:-1, max-image-preview:large, max-video-preview:-1\" \/>\n<link rel=\"canonical\" href=\"https:\/\/vapemaison.com\/cs\/produkt\/bang-king-50000-puffs-jednorazove-vape\/\" \/>\n<meta property=\"og:locale\" content=\"cs_CZ\" \/>\n<meta property=\"og:type\" content=\"article\" \/>\n<meta property=\"og:title\" content=\"Bang King 50000 Puffs Disposable Vape Long-Lasting Vape\" \/>\n<meta property=\"og:description\" content=\"Discover the Bang King 50000 Puffs Disposable Vape featuring 50mL e-liquid, and up to 50,000 puffs. Choose your nicotine level and enjoy vaping anywhere.\" \/>\n<meta property=\"og:url\" content=\"https:\/\/vapemaison.com\/cs\/produkt\/bang-king-50000-puffs-jednorazove-vape\/\" \/>\n<meta property=\"og:site_name\" content=\"VapeMaison\" \/>\n<meta property=\"article:modified_time\" content=\"2026-05-13T05:49:54+00:00\" \/>\n<meta property=\"og:image\" content=\"https:\/\/vapemaison.com\/wp-content\/uploads\/2025\/10\/bang-king-50000-50k-puffs-main-image.jpg.webp\" \/>\n\t<meta property=\"og:image:width\" content=\"1000\" \/>\n\t<meta property=\"og:image:height\" content=\"1000\" \/>\n\t<meta property=\"og:image:type\" content=\"image\/webp\" \/>\n<meta name=\"twitter:card\" content=\"summary_large_image\" \/>\n<meta name=\"twitter:label1\" content=\"Odhadovan\u00e1 doba \u010dten\u00ed\" \/>\n\t<meta name=\"twitter:data1\" content=\"2 minuty\" \/>\n<!-- \/ Yoast SEO plugin. -->","yoast_head_json":{"title":"Bang King 50000 Puffs Vape na jedno pou\u017eit\u00ed Vape s dlouhou \u017eivotnost\u00ed","description":"Objevte jednor\u00e1zovou vapku Bang King 50000 potah\u016f s 50 ml e-liquidu a v\u00fddr\u017e\u00ed a\u017e 50 000 potah\u016f. Vyberte si \u00farove\u0148 nikotinu a u\u017eijte si vaping kdekoli.","robots":{"index":"index","follow":"follow","max-snippet":"max-snippet:-1","max-image-preview":"max-image-preview:large","max-video-preview":"max-video-preview:-1"},"canonical":"https:\/\/vapemaison.com\/cs\/produkt\/bang-king-50000-puffs-jednorazove-vape\/","og_locale":"cs_CZ","og_type":"article","og_title":"Bang King 50000 Puffs Disposable Vape Long-Lasting Vape","og_description":"Discover the Bang King 50000 Puffs Disposable Vape featuring 50mL e-liquid, and up to 50,000 puffs. Choose your nicotine level and enjoy vaping anywhere.","og_url":"https:\/\/vapemaison.com\/cs\/produkt\/bang-king-50000-puffs-jednorazove-vape\/","og_site_name":"VapeMaison","article_modified_time":"2026-05-13T05:49:54+00:00","og_image":[{"width":1000,"height":1000,"url":"https:\/\/vapemaison.com\/wp-content\/uploads\/2025\/10\/bang-king-50000-50k-puffs-main-image.jpg.webp","type":"image\/webp"}],"twitter_card":"summary_large_image","twitter_misc":{"Odhadovan\u00e1 doba \u010dten\u00ed":"2 minuty"},"schema":{"@context":"https:\/\/schema.org","@graph":[{"@type":"WebPage","@id":"https:\/\/vapemaison.com\/product\/bang-king-50000-puffs-disposable-vape\/","url":"https:\/\/vapemaison.com\/product\/bang-king-50000-puffs-disposable-vape\/","name":"Bang King 50000 Puffs Vape na jedno pou\u017eit\u00ed Vape s dlouhou \u017eivotnost\u00ed","isPartOf":{"@id":"https:\/\/vapemaison.com\/#website"},"primaryImageOfPage":{"@id":"https:\/\/vapemaison.com\/product\/bang-king-50000-puffs-disposable-vape\/#primaryimage"},"image":{"@id":"https:\/\/vapemaison.com\/product\/bang-king-50000-puffs-disposable-vape\/#primaryimage"},"thumbnailUrl":"https:\/\/vapemaison.com\/wp-content\/uploads\/2025\/10\/bang-king-50000-50k-puffs-main-image.jpg.webp","datePublished":"2025-10-22T07:07:43+00:00","dateModified":"2026-05-13T05:49:54+00:00","description":"Objevte jednor\u00e1zovou vapku Bang King 50000 potah\u016f s 50 ml e-liquidu a v\u00fddr\u017e\u00ed a\u017e 50 000 potah\u016f. Vyberte si \u00farove\u0148 nikotinu a u\u017eijte si vaping kdekoli.","breadcrumb":{"@id":"https:\/\/vapemaison.com\/product\/bang-king-50000-puffs-disposable-vape\/#breadcrumb"},"inLanguage":"cs","potentialAction":[{"@type":"ReadAction","target":["https:\/\/vapemaison.com\/product\/bang-king-50000-puffs-disposable-vape\/"]}]},{"@type":"ImageObject","inLanguage":"cs","@id":"https:\/\/vapemaison.com\/product\/bang-king-50000-puffs-disposable-vape\/#primaryimage","url":"https:\/\/vapemaison.com\/wp-content\/uploads\/2025\/10\/bang-king-50000-50k-puffs-main-image.jpg.webp","contentUrl":"https:\/\/vapemaison.com\/wp-content\/uploads\/2025\/10\/bang-king-50000-50k-puffs-main-image.jpg.webp","width":1000,"height":1000,"caption":"Bang King 50000 Puffs disposable vape, main product image"},{"@type":"BreadcrumbList","@id":"https:\/\/vapemaison.com\/product\/bang-king-50000-puffs-disposable-vape\/#breadcrumb","itemListElement":[{"@type":"ListItem","position":1,"name":"\u9996\u9875","item":"https:\/\/vapemaison.com\/"},{"@type":"ListItem","position":2,"name":"Shop","item":"https:\/\/vapemaison.com\/shop\/"},{"@type":"ListItem","position":3,"name":"Bang","item":"https:\/\/vapemaison.com\/brand\/bang\/"},{"@type":"ListItem","position":4,"name":"Bang King 50000 Puffs Disposable Vape"}]},{"@type":"WebSite","@id":"https:\/\/vapemaison.com\/#website","url":"https:\/\/vapemaison.com\/","name":"VapeMaison","description":"Pr\u00e9miov\u00e1 vapingov\u00e1 za\u0159\u00edzen\u00ed a p\u0159\u00edslu\u0161enstv\u00ed","publisher":{"@id":"https:\/\/vapemaison.com\/#organization"},"potentialAction":[{"@type":"SearchAction","target":{"@type":"EntryPoint","urlTemplate":"https:\/\/vapemaison.com\/?s={search_term_string}"},"query-input":{"@type":"PropertyValueSpecification","valueRequired":true,"valueName":"search_term_string"}}],"inLanguage":"cs"},{"@type":"Organization","@id":"https:\/\/vapemaison.com\/#organization","name":"VapeMaison","url":"https:\/\/vapemaison.com\/","logo":{"@type":"ImageObject","inLanguage":"cs","@id":"https:\/\/vapemaison.com\/#\/schema\/logo\/image\/","url":"https:\/\/vapemaison.com\/wp-content\/uploads\/2026\/01\/cropped-vapemaison-logo-g-2026.webp","contentUrl":"https:\/\/vapemaison.com\/wp-content\/uploads\/2026\/01\/cropped-vapemaison-logo-g-2026.webp","width":350,"height":280,"caption":"VapeMaison"},"image":{"@id":"https:\/\/vapemaison.com\/#\/schema\/logo\/image\/"},"sameAs":["https:\/\/www.youtube.com\/@VapeMaison"]}]}},"tiered_pricing_type":"fixed","tiered_pricing_fixed_rules":{"30":"10.38","50":"9.99","100":"9.59","200":"9.19"},"tiered_pricing_product_settings":{"layout":"default","base_unit_name":{"singular":null,"plural":null},"default_variation":null},"tiered_pricing_minimum_quantity":10,"tiered_pricing_roles_data":[],"tiered_pricing_percentage_rules":[],"tiered_pricing_maximum_quantity":null,"tiered_pricing_quantity_step":"10","_links":{"self":[{"href":"https:\/\/vapemaison.com\/cs\/wp-json\/wp\/v2\/product\/8066","targetHints":{"allow":["GET"]}}],"collection":[{"href":"https:\/\/vapemaison.com\/cs\/wp-json\/wp\/v2\/product"}],"about":[{"href":"https:\/\/vapemaison.com\/cs\/wp-json\/wp\/v2\/types\/product"}],"replies":[{"embeddable":true,"href":"https:\/\/vapemaison.com\/cs\/wp-json\/wp\/v2\/comments?post=8066"}],"version-history":[{"count":1,"href":"https:\/\/vapemaison.com\/cs\/wp-json\/wp\/v2\/product\/8066\/revisions"}],"predecessor-version":[{"id":26478,"href":"https:\/\/vapemaison.com\/cs\/wp-json\/wp\/v2\/product\/8066\/revisions\/26478"}],"wp:featuredmedia":[{"embeddable":true,"href":"https:\/\/vapemaison.com\/cs\/wp-json\/wp\/v2\/media\/8111"}],"wp:attachment":[{"href":"https:\/\/vapemaison.com\/cs\/wp-json\/wp\/v2\/media?parent=8066"}],"wp:term":[{"taxonomy":"product_brand","embeddable":true,"href":"https:\/\/vapemaison.com\/cs\/wp-json\/wp\/v2\/product_brand?post=8066"},{"taxonomy":"product_cat","embeddable":true,"href":"https:\/\/vapemaison.com\/cs\/wp-json\/wp\/v2\/product_cat?post=8066"},{"taxonomy":"product_tag","embeddable":true,"href":"https:\/\/vapemaison.com\/cs\/wp-json\/wp\/v2\/product_tag?post=8066"}],"curies":[{"name":"wp","href":"https:\/\/api.w.org\/{rel}","templated":true}]}}