

{"id":8068,"date":"2025-10-22T07:08:18","date_gmt":"2025-10-22T07:08:18","guid":{"rendered":"https:\/\/vapemaison.com\/?post_type=product&#038;p=8068"},"modified":"2026-05-13T11:13:37","modified_gmt":"2026-05-13T11:13:37","slug":"bang-leader-45000-puffs-jednorazove-zarizeni","status":"publish","type":"product","link":"https:\/\/vapemaison.com\/cs\/product\/bang-leader-45000-puffs-disposable-device\/","title":{"rendered":"Bang Leader 45000 Puffs Dual-Chamber Disposable Device - dob\u00edjec\u00ed typ C"},"content":{"rendered":"<h3 class=\"wp-block-heading\"><strong>Extr\u00e9mn\u00ed \u017eivotnost - a\u017e 45000 vdechnut\u00ed<\/strong><\/h3>\n\n\n\n<p>Na str\u00e1nk\u00e1ch <strong>Bang Leader 45000 Puffs jednor\u00e1zov\u00e9 za\u0159\u00edzen\u00ed<\/strong> je konstruov\u00e1n pro v\u00fdkon, s\u00edlu a v\u00fddr\u017e. Je navr\u017een pro u\u017eivatele, kte\u0159\u00ed vy\u017eaduj\u00ed dlouhotrvaj\u00edc\u00ed spokojenost, a p\u0159in\u00e1\u0161\u00ed a\u017e <strong>45 000 obl\u00e1\u010dk\u016f<\/strong> konzistentn\u00ed a bohat\u00e9 p\u00e1ry.<\/p>\n\n\n\n<p>Nap\u00e1jen\u00ed pomoc\u00ed <strong>Nab\u00edjec\u00ed baterie s kapacitou 650 mAh<\/strong> s <strong>Rychl\u00e9 nab\u00edjen\u00ed typu C<\/strong>, udr\u017e\u00ed v\u00e1s v chodu n\u011bkolik dn\u00ed bez p\u0159eru\u0161en\u00ed. Na <strong>du\u00e1ln\u00ed 30ML e-liquid lusky<\/strong> zaji\u0161\u0165uj\u00ed dlouhodob\u00e9 pou\u017e\u00edv\u00e1n\u00ed a snadn\u00e9 p\u0159ep\u00edn\u00e1n\u00ed mezi p\u0159\u00edchut\u011bmi, co\u017e nab\u00edz\u00ed rozmanitost i pohodl\u00ed.<\/p>\n\n\n\n<p>S <strong>C\u00edvka s oky 1,0\u03a9<\/strong>, ka\u017ed\u00e9 \u0161luknut\u00ed p\u0159in\u00e1\u0161\u00ed hustou p\u00e1ru a hladk\u00e9 potahov\u00e1n\u00ed. Vyberte si z <strong>S\u00edla nikotinu 0%, 2%, 3% nebo 5%<\/strong>, a prozkoumat <strong>12 lahodn\u00fdch p\u0159\u00edchut\u00ed<\/strong> - od ovocn\u00fdch sm\u011bs\u00ed a\u017e po ledov\u011b chladiv\u00e9 pocity. Na <strong>Bang Leader 45000<\/strong> kombinuje obrovskou kapacitu, p\u0159izp\u016fsobiteln\u00fd vkus a \u0161pi\u010dkov\u00fd design v jednom elegantn\u00edm p\u0159enosn\u00e9m za\u0159\u00edzen\u00ed.<\/p>\n\n\n\n<h3 class=\"wp-block-heading\"><strong>Kl\u00ed\u010dov\u00e9 vlastnosti:<\/strong><\/h3>\n\n\n\n<ul class=\"wp-block-list\">\n<li>A\u017e do\u00a0<strong>45000 obl\u00e1\u010dk\u016f<\/strong>\u00a0na za\u0159\u00edzen\u00ed<\/li>\n\n\n\n<li><strong>30ml+30ml p\u0159edpln\u011bn\u00e9 e-d\u017eusy<\/strong><\/li>\n\n\n\n<li><strong>Nab\u00edjec\u00ed baterie s kapacitou 650 mAh<\/strong><\/li>\n\n\n\n<li><strong>Rychl\u00e9 nab\u00edjen\u00ed typu C<\/strong><\/li>\n\n\n\n<li><strong>C\u00edvka s oky 1,0\u03a9<\/strong>&nbsp;pro hladkou p\u00e1ru<\/li>\n\n\n\n<li><strong>S\u00edla nikotinu<\/strong>: 0%, 2%, 3%, 5%<\/li>\n\n\n\n<li><strong>12 mo\u017enost\u00ed p\u0159\u00edchut\u00ed<\/strong>&nbsp;u\u017e\u00edvat si<\/li>\n<\/ul>\n\n\n\n<h3 class=\"wp-block-heading\"><strong>Chut\u011b\uff1a<\/strong><\/h3>\n\n\n\n<div class=\"wp-block-group has-global-padding is-layout-constrained wp-block-group-is-layout-constrained\">\n<div class=\"wp-block-group has-global-padding is-layout-constrained wp-block-group-is-layout-constrained\">\n<ul class=\"wp-block-list\">\n<li>Melounov\u00fd led a jahody a mango<\/li>\n\n\n\n<li>Jahoda a meloun &amp; kiwi Mu\u010denka Guava<\/li>\n\n\n\n<li>Jahodov\u00fd a melounov\u00fd a hroznov\u00fd led<\/li>\n\n\n\n<li>Bor\u016fvka malina a broskev mango meloun<\/li>\n\n\n\n<li>Bor\u016fvkov\u00fd meloun a jahodov\u00e9 mango<\/li>\n\n\n\n<li>Bor\u016fvkov\u00fd led a led z \u010dern\u00e9ho draka<\/li>\n\n\n\n<li>Bor\u016fvkov\u00fd led a jahody a ban\u00e1n<\/li>\n\n\n\n<li>Red Bull a bor\u016fvkov\u00fd meloun<\/li>\n\n\n\n<li>Red Bull &amp; Watermelon Bubble Candy<\/li>\n\n\n\n<li>Jahodov\u00fd kiwi a broskvov\u00fd led<\/li>\n\n\n\n<li>Cola Ice &amp; Cherry Cranberry<\/li>\n\n\n\n<li>Ananasov\u00fd led a trojit\u00e9 mango<\/li>\n\n\n\n<li>Jahodov\u00e1 zmrzlina a r\u016f\u017eov\u00fd citronov\u00fd led<\/li>\n\n\n\n<li>Zmrzlina z t\u0159e\u0161\u0148ov\u00e9 koly a melounov\u00e9 \u017ev\u00fdka\u010dky<\/li>\n\n\n\n<li>T\u0159e\u0161\u0148ov\u00fd led a jahodov\u00fd brusinkov\u00fd t\u0159e\u0161\u0148ov\u00fd led<\/li>\n\n\n\n<li>Citron a limetka &amp; Blue Razzle<\/li>\n\n\n\n<li>Malinov\u00e9 Mojito Broskvov\u00fd led a jablko Hru\u0161ka<\/li>\n\n\n\n<li>Led z li\u010di a melounov\u00fd d\u017eem<\/li>\n<\/ul>\n<\/div>\n\n\n\n<p>V\u00edce o <a href=\"https:\/\/vapemaison.com\/brand\/bang\/\">Bang<\/a> !<\/p>\n<\/div>","protected":false},"excerpt":{"rendered":"<p>Jednor\u00e1zov\u00e9 za\u0159\u00edzen\u00ed Bang Leader 45000 Puffs je konstruov\u00e1no pro v\u00fdkon, s\u00edlu a v\u00fddr\u017e. Je navr\u017een pro u\u017eivatele, kte\u0159\u00ed vy\u017eaduj\u00ed dlouhotrvaj\u00edc\u00ed spokojenost, a poskytuje a\u017e 45 000 potah\u016f konzistentn\u00ed, bohat\u00e9 p\u00e1ry.<\/p>","protected":false},"featured_media":8119,"comment_status":"open","ping_status":"closed","template":"","meta":[],"product_brand":[57],"product_cat":[156,142],"product_tag":[],"class_list":{"0":"post-8068","1":"product","2":"type-product","3":"status-publish","4":"has-post-thumbnail","6":"product_brand-bang","7":"product_cat-45k-puffs","8":"product_cat-eu-stock","10":"first","11":"instock","12":"sale","13":"shipping-taxable","14":"purchasable","15":"product-type-variable"},"yoast_head":"<!-- This site is optimized with the Yoast SEO plugin v27.4 - https:\/\/yoast.com\/product\/yoast-seo-wordpress\/ -->\n<title>Bang Leader 45000 Puffs Disposable Device Dual E-liquid Pods<\/title>\n<meta name=\"description\" content=\"Explore the Bang Leader 45000 Puffs Disposable Device. Enjoy 12 unique flavors, and multiple nicotine options for a smooth and lasting experience.\" \/>\n<meta name=\"robots\" content=\"index, follow, max-snippet:-1, max-image-preview:large, max-video-preview:-1\" \/>\n<link rel=\"canonical\" href=\"https:\/\/vapemaison.com\/cs\/produkt\/bang-leader-45000-puffs-jednorazove-zarizeni\/\" \/>\n<meta property=\"og:locale\" content=\"cs_CZ\" \/>\n<meta property=\"og:type\" content=\"article\" \/>\n<meta property=\"og:title\" content=\"Bang Leader 45000 Puffs Disposable Device Dual E-liquid Pods\" \/>\n<meta property=\"og:description\" content=\"Explore the Bang Leader 45000 Puffs Disposable Device. Enjoy 12 unique flavors, and multiple nicotine options for a smooth and lasting experience.\" \/>\n<meta property=\"og:url\" content=\"https:\/\/vapemaison.com\/cs\/produkt\/bang-leader-45000-puffs-jednorazove-zarizeni\/\" \/>\n<meta property=\"og:site_name\" content=\"VapeMaison\" \/>\n<meta property=\"article:modified_time\" content=\"2026-05-13T11:13:37+00:00\" \/>\n<meta property=\"og:image\" content=\"https:\/\/vapemaison.com\/wp-content\/uploads\/2025\/10\/vape-bang-leader-45000-45k-puffs-pineapple-ice-triple-mango.jpg\" \/>\n\t<meta property=\"og:image:width\" content=\"800\" \/>\n\t<meta property=\"og:image:height\" content=\"800\" \/>\n\t<meta property=\"og:image:type\" content=\"image\/jpeg\" \/>\n<meta name=\"twitter:card\" content=\"summary_large_image\" \/>\n<meta name=\"twitter:label1\" content=\"Odhadovan\u00e1 doba \u010dten\u00ed\" \/>\n\t<meta name=\"twitter:data1\" content=\"2 minuty\" \/>\n<!-- \/ Yoast SEO plugin. -->","yoast_head_json":{"title":"Bang Leader 45000 Puffs jednor\u00e1zov\u00e9 za\u0159\u00edzen\u00ed Dual E-liquid Pods","description":"Prozkoumejte jednor\u00e1zov\u00e9 za\u0159\u00edzen\u00ed Bang Leader 45000 Puffs. Vychutnejte si 12 jedine\u010dn\u00fdch p\u0159\u00edchut\u00ed a n\u011bkolik mo\u017enost\u00ed nikotinu pro hladk\u00fd a dlouhotrvaj\u00edc\u00ed z\u00e1\u017eitek.","robots":{"index":"index","follow":"follow","max-snippet":"max-snippet:-1","max-image-preview":"max-image-preview:large","max-video-preview":"max-video-preview:-1"},"canonical":"https:\/\/vapemaison.com\/cs\/produkt\/bang-leader-45000-puffs-jednorazove-zarizeni\/","og_locale":"cs_CZ","og_type":"article","og_title":"Bang Leader 45000 Puffs Disposable Device Dual E-liquid Pods","og_description":"Explore the Bang Leader 45000 Puffs Disposable Device. Enjoy 12 unique flavors, and multiple nicotine options for a smooth and lasting experience.","og_url":"https:\/\/vapemaison.com\/cs\/produkt\/bang-leader-45000-puffs-jednorazove-zarizeni\/","og_site_name":"VapeMaison","article_modified_time":"2026-05-13T11:13:37+00:00","og_image":[{"width":800,"height":800,"url":"https:\/\/vapemaison.com\/wp-content\/uploads\/2025\/10\/vape-bang-leader-45000-45k-puffs-pineapple-ice-triple-mango.jpg","type":"image\/jpeg"}],"twitter_card":"summary_large_image","twitter_misc":{"Odhadovan\u00e1 doba \u010dten\u00ed":"2 minuty"},"schema":{"@context":"https:\/\/schema.org","@graph":[{"@type":"WebPage","@id":"https:\/\/vapemaison.com\/product\/bang-leader-45000-puffs-disposable-device\/","url":"https:\/\/vapemaison.com\/product\/bang-leader-45000-puffs-disposable-device\/","name":"Bang Leader 45000 Puffs jednor\u00e1zov\u00e9 za\u0159\u00edzen\u00ed Dual E-liquid Pods","isPartOf":{"@id":"https:\/\/vapemaison.com\/#website"},"primaryImageOfPage":{"@id":"https:\/\/vapemaison.com\/product\/bang-leader-45000-puffs-disposable-device\/#primaryimage"},"image":{"@id":"https:\/\/vapemaison.com\/product\/bang-leader-45000-puffs-disposable-device\/#primaryimage"},"thumbnailUrl":"https:\/\/vapemaison.com\/wp-content\/uploads\/2025\/10\/vape-bang-leader-45000-45k-puffs-pineapple-ice-triple-mango.jpg","datePublished":"2025-10-22T07:08:18+00:00","dateModified":"2026-05-13T11:13:37+00:00","description":"Prozkoumejte jednor\u00e1zov\u00e9 za\u0159\u00edzen\u00ed Bang Leader 45000 Puffs. Vychutnejte si 12 jedine\u010dn\u00fdch p\u0159\u00edchut\u00ed a n\u011bkolik mo\u017enost\u00ed nikotinu pro hladk\u00fd a dlouhotrvaj\u00edc\u00ed z\u00e1\u017eitek.","breadcrumb":{"@id":"https:\/\/vapemaison.com\/product\/bang-leader-45000-puffs-disposable-device\/#breadcrumb"},"inLanguage":"cs","potentialAction":[{"@type":"ReadAction","target":["https:\/\/vapemaison.com\/product\/bang-leader-45000-puffs-disposable-device\/"]}]},{"@type":"ImageObject","inLanguage":"cs","@id":"https:\/\/vapemaison.com\/product\/bang-leader-45000-puffs-disposable-device\/#primaryimage","url":"https:\/\/vapemaison.com\/wp-content\/uploads\/2025\/10\/vape-bang-leader-45000-45k-puffs-pineapple-ice-triple-mango.jpg","contentUrl":"https:\/\/vapemaison.com\/wp-content\/uploads\/2025\/10\/vape-bang-leader-45000-45k-puffs-pineapple-ice-triple-mango.jpg","width":800,"height":800,"caption":"Vape Bang Leader 45k Puffs Pineapple Ice Triple Mango"},{"@type":"BreadcrumbList","@id":"https:\/\/vapemaison.com\/product\/bang-leader-45000-puffs-disposable-device\/#breadcrumb","itemListElement":[{"@type":"ListItem","position":1,"name":"\u9996\u9875","item":"https:\/\/vapemaison.com\/"},{"@type":"ListItem","position":2,"name":"Shop","item":"https:\/\/vapemaison.com\/shop\/"},{"@type":"ListItem","position":3,"name":"Bang","item":"https:\/\/vapemaison.com\/brand\/bang\/"},{"@type":"ListItem","position":4,"name":"Bang Leader 45000 Puffs Dual-Chamber Disposable Device \u2013 Type-C Rechargeable"}]},{"@type":"WebSite","@id":"https:\/\/vapemaison.com\/#website","url":"https:\/\/vapemaison.com\/","name":"VapeMaison","description":"Pr\u00e9miov\u00e1 vapingov\u00e1 za\u0159\u00edzen\u00ed a p\u0159\u00edslu\u0161enstv\u00ed","publisher":{"@id":"https:\/\/vapemaison.com\/#organization"},"potentialAction":[{"@type":"SearchAction","target":{"@type":"EntryPoint","urlTemplate":"https:\/\/vapemaison.com\/?s={search_term_string}"},"query-input":{"@type":"PropertyValueSpecification","valueRequired":true,"valueName":"search_term_string"}}],"inLanguage":"cs"},{"@type":"Organization","@id":"https:\/\/vapemaison.com\/#organization","name":"VapeMaison","url":"https:\/\/vapemaison.com\/","logo":{"@type":"ImageObject","inLanguage":"cs","@id":"https:\/\/vapemaison.com\/#\/schema\/logo\/image\/","url":"https:\/\/vapemaison.com\/wp-content\/uploads\/2026\/01\/cropped-vapemaison-logo-g-2026.webp","contentUrl":"https:\/\/vapemaison.com\/wp-content\/uploads\/2026\/01\/cropped-vapemaison-logo-g-2026.webp","width":350,"height":280,"caption":"VapeMaison"},"image":{"@id":"https:\/\/vapemaison.com\/#\/schema\/logo\/image\/"},"sameAs":["https:\/\/www.youtube.com\/@VapeMaison"]}]}},"tiered_pricing_type":"fixed","tiered_pricing_fixed_rules":{"30":"8.68","50":"8.21","100":"7.99","200":"7.68"},"tiered_pricing_product_settings":{"layout":"default","base_unit_name":{"singular":null,"plural":null},"default_variation":null},"tiered_pricing_minimum_quantity":10,"tiered_pricing_roles_data":[],"tiered_pricing_percentage_rules":[],"tiered_pricing_maximum_quantity":null,"tiered_pricing_quantity_step":"10","_links":{"self":[{"href":"https:\/\/vapemaison.com\/cs\/wp-json\/wp\/v2\/product\/8068","targetHints":{"allow":["GET"]}}],"collection":[{"href":"https:\/\/vapemaison.com\/cs\/wp-json\/wp\/v2\/product"}],"about":[{"href":"https:\/\/vapemaison.com\/cs\/wp-json\/wp\/v2\/types\/product"}],"replies":[{"embeddable":true,"href":"https:\/\/vapemaison.com\/cs\/wp-json\/wp\/v2\/comments?post=8068"}],"version-history":[{"count":0,"href":"https:\/\/vapemaison.com\/cs\/wp-json\/wp\/v2\/product\/8068\/revisions"}],"wp:featuredmedia":[{"embeddable":true,"href":"https:\/\/vapemaison.com\/cs\/wp-json\/wp\/v2\/media\/8119"}],"wp:attachment":[{"href":"https:\/\/vapemaison.com\/cs\/wp-json\/wp\/v2\/media?parent=8068"}],"wp:term":[{"taxonomy":"product_brand","embeddable":true,"href":"https:\/\/vapemaison.com\/cs\/wp-json\/wp\/v2\/product_brand?post=8068"},{"taxonomy":"product_cat","embeddable":true,"href":"https:\/\/vapemaison.com\/cs\/wp-json\/wp\/v2\/product_cat?post=8068"},{"taxonomy":"product_tag","embeddable":true,"href":"https:\/\/vapemaison.com\/cs\/wp-json\/wp\/v2\/product_tag?post=8068"}],"curies":[{"name":"wp","href":"https:\/\/api.w.org\/{rel}","templated":true}]}}