

{"id":8070,"date":"2025-10-22T07:08:47","date_gmt":"2025-10-22T07:08:47","guid":{"rendered":"https:\/\/vapemaison.com\/?post_type=product&#038;p=8070"},"modified":"2026-01-31T10:04:28","modified_gmt":"2026-01-31T10:04:28","slug":"bang-leader-50000","status":"publish","type":"product","link":"https:\/\/vapemaison.com\/cs\/product\/bang-leader-50000\/","title":{"rendered":"Bang Leader 50000 Puffs Vape | 50k Puffs"},"content":{"rendered":"<p>Na str\u00e1nk\u00e1ch <strong>Bang Leader 50 000<\/strong> p\u0159edstavuje vrchol technologie jednor\u00e1zov\u00e9ho vapingu. Toto za\u0159\u00edzen\u00ed jsme zkonstruovali speci\u00e1ln\u011b pro u\u017eivatele, kte\u0159\u00ed vy\u017eaduj\u00ed maxim\u00e1ln\u00ed v\u00fdkon a obrovskou kapacitu e-liquidu. <strong>D\u00e1le<\/strong>, integrac\u00ed revolu\u010dn\u00edho syst\u00e9mu dvou n\u00e1ustk\u016f jsme nov\u011b definovali standardy pro dlouhou \u017eivotnost a pohodl\u00ed ve vapingov\u00e9m pr\u016fmyslu.<\/p>\n\n\n\n<h2 class=\"wp-block-heading\">Pro\u010d Bang Leader 50 000 dominuje trhu<\/h2>\n\n\n\n<h3 class=\"wp-block-heading\">1. Masivn\u00ed n\u00e1dr\u017e se dv\u011bma n\u00e1dobami<\/h3>\n\n\n\n<p>Toto za\u0159\u00edzen\u00ed je vybaveno dv\u011bma nez\u00e1visl\u00fdmi 20ml lusky, kter\u00e9 poskytuj\u00ed <strong>ohromuj\u00edc\u00edch 40 ml pr\u00e9miov\u00e9ho e-liquidu<\/strong>. <strong>V d\u016fsledku toho<\/strong>, m\u00e1te k dispozici dvojn\u00e1sobnou kapacitu oproti standardn\u00edm jednor\u00e1zov\u00fdm v\u00fdrobk\u016fm s vysok\u00fdm obsahem p\u011bny. <strong>Krom\u011b toho<\/strong>, tato konstrukce zaru\u010duje, \u017ee chu\u0165 z\u016fstane sv\u011b\u017e\u00ed od prvn\u00edho \u0161luku a\u017e do 50 000. \u0161luku.<\/p>\n\n\n\n<h3 class=\"wp-block-heading\">2. Vysoce p\u0159esn\u00e1 spr\u00e1va nap\u00e1jen\u00ed<\/h3>\n\n\n\n<p>Bang Leader jsme vybavili za\u0159\u00edzen\u00edm s vysokou hustotou. <strong>Nab\u00edjec\u00ed baterie s kapacitou 650 mAh<\/strong>. <strong>Krom\u011b toho<\/strong>, port pro rychl\u00e9 nab\u00edjen\u00ed typu C zajist\u00ed, \u017ee str\u00e1v\u00edte v\u00edce \u010dasu vapov\u00e1n\u00edm a m\u00e9n\u011b \u010dek\u00e1n\u00edm. Tento aktivn\u00ed syst\u00e9m \u0159\u00edzen\u00ed nap\u00e1jen\u00ed poskytuje konzistentn\u00ed nap\u011bt\u00ed, kter\u00e9 udr\u017euje hustotu p\u00e1ry bez ohledu na \u00farove\u0148 nabit\u00ed baterie.<\/p>\n\n\n\n<h3 class=\"wp-block-heading\">3. Nikotinov\u00e1 flexibilita na m\u00edru<\/h3>\n\n\n\n<p>A\u0165 u\u017e se sna\u017e\u00edte sn\u00ed\u017eit spot\u0159ebu, nebo tou\u017e\u00edte po siln\u00e9m n\u00e1dechu, nab\u00edz\u00edme \u010dty\u0159i p\u0159esn\u00e9 s\u00edly nikotinu (0%, 2%, 3%, 5%). <strong>V d\u016fsledku toho<\/strong>, m\u016f\u017ee ka\u017ed\u00fd vaper naj\u00edt svou dokonalou rovnov\u00e1hu, ani\u017e by to bylo na \u00fakor \u00faderu do hrdla nebo produkce mrak\u016f.<\/p>\n\n\n\n<h2 class=\"wp-block-heading\">Technick\u00e9 specifikace<\/h2>\n\n\n\n<figure class=\"wp-block-table is-style-stripes\"><table class=\"has-fixed-layout\"><thead><tr><td><strong>Funkce<\/strong><\/td><td><strong>Podrobn\u00e1 specifikace<\/strong><\/td><\/tr><\/thead><tbody><tr><td><strong>Maximum Puffs<\/strong><\/td><td>50 000 puff\u016f (vysoce vytrvalostn\u00ed)<\/td><\/tr><tr><td><strong>Kapacita e-kapaliny<\/strong><\/td><td>Celkem 40 ml (dva 20ml + 20ml pody)<\/td><\/tr><tr><td><strong>Typ baterie<\/strong><\/td><td>650mAh kobaltov\u00fd akumul\u00e1tor<\/td><\/tr><tr><td><strong>Nab\u00edjec\u00ed port<\/strong><\/td><td>Rychl\u00e9 nab\u00edjen\u00ed typu C<\/td><\/tr><tr><td><strong>Hladiny nikotinu<\/strong><\/td><td>0%, 2%, 3%, 5% (nastaviteln\u00e9)<\/td><\/tr><tr><td><strong>Faktor designu<\/strong><\/td><td>Kompaktn\u00ed, kapesn\u00ed \u0161asi<\/td><\/tr><tr><td><strong>Operace<\/strong><\/td><td>Aktivace kreslen\u00edm (bez tla\u010d\u00edtek)<\/td><\/tr><\/tbody><\/table><\/figure>\n\n\n\n<h2 class=\"wp-block-heading\">Pr\u00e9miov\u00e9 kombinace chut\u00ed<\/h2>\n\n\n\n<p>Bang Leader nab\u00edz\u00ed sofistikovan\u00e9 menu 12 odborn\u011b slad\u011bn\u00fdch chu\u0165ov\u00fdch profil\u016f. <strong>M\u00edsto toho<\/strong> nespokojte se se z\u00e1kladn\u00edmi chut\u011bmi a vyzkou\u0161ejte na\u0161e mnohovrstevnat\u00e9 ovocn\u00e9 a mentolov\u00e9 sm\u011bsi:<\/p>\n\n\n\n<ol start=\"1\" class=\"wp-block-list\">\n<li>Jahoda Malina T\u0159e\u0161e\u0148 Led &amp; T\u0159e\u0161e\u0148<\/li>\n\n\n\n<li>Vodn\u00ed meloun jahoda a vodn\u00ed meloun Redbull<\/li>\n\n\n\n<li>\u010cern\u00fd hrozen a zelen\u00fd hrozen<\/li>\n\n\n\n<li>Jablko Hru\u0161ka a kiwi Mu\u010denka Guava<\/li>\n\n\n\n<li>Kysel\u00e1 ananasov\u00e1 limon\u00e1da a citronov\u00e1 limetka<\/li>\n\n\n\n<li>Ban\u00e1nov\u00fd led a mango<\/li>\n\n\n\n<li>Bor\u016fvkov\u00fd kysel\u00fd malinov\u00fd a bor\u016fvkov\u00fd<\/li>\n\n\n\n<li>Cherry Cola a r\u016f\u017eov\u00e1 limon\u00e1da<\/li>\n\n\n\n<li>Bor\u016fvkov\u00e1 malinov\u00e1 limon\u00e1da a jahodov\u00e1 malinov\u00e1 t\u0159e\u0161\u0148ov\u00e1 zmrzlina<\/li>\n\n\n\n<li>Jahodov\u00e9 kiwi a jahodov\u00fd led<\/li>\n\n\n\n<li>Ananasov\u00e1 maracuja a ananasov\u00fd led<\/li>\n\n\n\n<li>Malinov\u00e9 mojito a t\u0159e\u0161\u0148ov\u00e9 malinov\u00e9 limetky<\/li>\n<\/ol>\n\n\n\n<h2 class=\"wp-block-heading\">Nejlep\u0161\u00ed volba pro velkoobchod a maloobchod<\/h2>\n\n\n\n<p><strong>Z\u00e1v\u011brem<\/strong>, Bang Leader 50 000 p\u0159ekon\u00e1v\u00e1 t\u00e9m\u011b\u0159 v\u0161echny konkuren\u010dn\u00ed p\u0159\u00edstroje na prodejn\u00edch pultech. <strong>D\u00e1le<\/strong>, na\u0161e prvot\u0159\u00eddn\u00ed \u0159emesln\u00e9 zpracov\u00e1n\u00ed zaru\u010duje nepropustnost a st\u00e1lou kvalitu v\u00fdpar\u016f. <strong>Proto<\/strong>, v\u00fdb\u011brem tohoto modelu poskytnete sv\u00fdm z\u00e1kazn\u00edk\u016fm nejspolehliv\u011bj\u0161\u00ed a cenov\u011b nejv\u00fdhodn\u011bj\u0161\u00ed \u0159e\u0161en\u00ed pro dlouhodob\u00fd vaping.<\/p>\n\n\n\n<p>Pokud byste cht\u011bli prozkoumat dal\u0161\u00ed za\u0159\u00edzen\u00ed stejn\u00e9 zna\u010dky, m\u016f\u017eete si prohl\u00e9dnout n\u00e1\u0161 kompletn\u00ed seznam\u00a0<strong><a href=\"https:\/\/vapemaison.com\/\">Bang jednor\u00e1zov\u00e1 kolekce vape<\/a><\/strong>\u00a0k porovn\u00e1n\u00ed r\u016fzn\u00fdch model\u016f a po\u010dt\u016f puf\u016f. Pro u\u017eivatele, kte\u0159\u00ed hledaj\u00ed roz\u0161\u00ed\u0159en\u00fd vapingov\u00fd v\u00fdkon, je toto za\u0159\u00edzen\u00ed tak\u00e9 sou\u010d\u00e1st\u00ed na\u0161\u00ed nab\u00eddky.\u00a0<strong><a href=\"https:\/\/vapemaison.com\/product-category\/puffs-count\/40k-puffs\/\">60K puffs jednor\u00e1zov\u00e9 vape<\/a><\/strong>\u00a0a vyzna\u010duj\u00ed se dlouhou \u017eivotnost\u00ed a velkokapacitn\u00edm proveden\u00edm. Pokud porovn\u00e1v\u00e1te podobn\u00e9 mo\u017enosti s vysok\u00fdm obsahem vzduchu, pak je to\u00a0<strong><a href=\"https:\/\/vapemaison.com\/product\/bang-leader-stoll-300k-puffs-disposable-vape\/\">Bang 300k Puffs Vape na jedno pou\u017eit\u00ed<\/a><\/strong>\u00a0a <strong><a href=\"https:\/\/vapemaison.com\/product-category\/puffs-count\/50k-puffs\/\">puff 50k<\/a><\/strong> jsou obl\u00edben\u00e9 alternativy se srovnatelnou kapacitou a v\u00fdkonem.<\/p>\n\n\n\n<h2 class=\"wp-block-heading\">\u010cASTO KLADEN\u00c9 DOTAZY<\/h2>\n\n\n\n<h3 class=\"wp-block-heading\"><strong>Jak mi du\u00e1ln\u00ed 20ml pody zlep\u0161\u00ed z\u00e1\u017eitek z vapov\u00e1n\u00ed?<\/strong> <\/h3>\n\n\n\n<p> Syst\u00e9m dvou \u0161lukovek jsme navrhli tak, aby pojal celkem 40 ml e-liquidu, co\u017e efektivn\u011b zdvojn\u00e1sobuje \u017eivotnost va\u0161eho za\u0159\u00edzen\u00ed. <strong>D\u00e1le<\/strong>, toto odd\u011blen\u00ed udr\u017euje e-liquid v ka\u017ed\u00e9 n\u00e1dr\u017ece \u010derstv\u00fd. <strong>V d\u016fsledku toho<\/strong>, si u\u017eijete sv\u011b\u017e\u00ed a konzistentn\u00ed chu\u0165 od prvn\u00edho \u0161luku a\u017e po 50 000 \u0161luk\u016f.<\/p>\n\n\n\n<h3 class=\"wp-block-heading\"><strong>Jak pozn\u00e1m, \u017ee je t\u0159eba baterii dob\u00edt?<\/strong> <\/h3>\n\n\n\n<p>Bang Leader je vybaven inteligentn\u00edm syst\u00e9mem indik\u00e1tor\u016f, kter\u00fd sleduje \u00farove\u0148 v\u00fdkonu. <strong>Krom\u011b toho<\/strong>, si za\u0159\u00edzen\u00ed udr\u017euje st\u00e1l\u00fd v\u00fdkon i p\u0159i klesaj\u00edc\u00ed v\u00fddr\u017ei baterie. <strong>Proto<\/strong>, kdy\u017e zaznamen\u00e1te m\u00edrnou zm\u011bnu v produkci p\u00e1ry, jednodu\u0161e p\u0159ipojte kabel typu C a rychle obnovte pln\u00e9 nap\u00e1jen\u00ed.<\/p>\n\n\n\n<h3 class=\"wp-block-heading\"><strong>Je Bang Leader 50 000 dostate\u010dn\u011b p\u0159enosn\u00fd na cesty?<\/strong><\/h3>\n\n\n\n<p>Rozhodn\u011b. Navzdory obrovsk\u00e9 kapacit\u011b jsme pou\u017eili kompaktn\u00ed vnit\u0159n\u00ed uspo\u0159\u00e1d\u00e1n\u00ed, aby \u0161asi z\u016fstalo elegantn\u00ed a kapesn\u00ed. <strong>Krom\u011b toho<\/strong>, nepropustn\u00e1 konstrukce kapsle zabra\u0148uje jak\u00e9mukoli rozlit\u00ed v ta\u0161ce nebo kapse. <strong>V d\u016fsledku toho<\/strong>, slou\u017e\u00ed jako dokonal\u00fd spole\u010dn\u00edk pro cestov\u00e1n\u00ed na dlouh\u00e9 vzd\u00e1lenosti i ka\u017edodenn\u00ed doj\u00ed\u017ed\u011bn\u00ed.<\/p>\n\n\n\n<h3 class=\"wp-block-heading\"><strong>Jak rychle zpracov\u00e1v\u00e1te a odes\u00edl\u00e1te velkoobchodn\u00ed objedn\u00e1vky?<\/strong> <\/h3>\n\n\n\n<p>Up\u0159ednost\u0148ujeme efektivitu a v\u011bt\u0161inu objedn\u00e1vek vy\u0159izujeme do 24 a\u017e 48 hodin. <strong>Jakmile<\/strong> z\u00e1silka opust\u00ed n\u00e1\u0161 sklad, poskytneme v\u00e1m \u010d\u00edslo pro sledov\u00e1n\u00ed z\u00e1silky v re\u00e1ln\u00e9m \u010dase. <strong>V d\u016fsledku toho<\/strong>, m\u016f\u017eete sledovat pr\u016fb\u011bh p\u0159epravy z\u00e1sob na ka\u017ed\u00e9m kroku, dokud nedoraz\u00ed k va\u0161im dve\u0159\u00edm.<\/p>\n\n\n\n<h3 class=\"wp-block-heading\"><strong>Jak\u00e9 jsou typick\u00e9 dodac\u00ed lh\u016fty a zp\u016fsoby p\u0159epravy?<\/strong><\/h3>\n\n\n\n<p>Spolupracujeme s p\u0159edn\u00edmi mezin\u00e1rodn\u00edmi kur\u00fdry, abychom zajistili rychl\u00e9 a bezpe\u010dn\u00e9 doru\u010den\u00ed. <strong>Obecn\u011b<\/strong>, leteck\u00e1 p\u0159eprava trv\u00e1 p\u0159ibli\u017en\u011b 7-12 pracovn\u00edch dn\u016f v z\u00e1vislosti na va\u0161\u00ed poloze. <strong>D\u00e1le<\/strong>, vy\u0159\u00edd\u00edme pot\u0159ebnou v\u00fdvozn\u00ed dokumentaci, abychom zajistili hladk\u00fd pr\u016fb\u011bh celn\u00edho odbaven\u00ed va\u0161\u00ed hromadn\u00e9 z\u00e1silky.Tento v\u00fdrobek je samoz\u0159ejm\u011b ulo\u017een ve skladu v N\u011bmecku. Pokud je skladem, m\u016f\u017ee b\u00fdt dod\u00e1vka v r\u00e1mci N\u011bmecka dokon\u010dena do 3-5 dn\u016f.<\/p>","protected":false},"excerpt":{"rendered":"<p data-start=\"136\" data-end=\"516\">Jednor\u00e1zov\u00e1 vapka Bang Leader 50000 potah\u016f m\u011bn\u00ed pravidla hry ve sv\u011bt\u011b jednor\u00e1zov\u00e9ho vapingu.D\u00edky dv\u011bma kapsl\u00edm (20 ml + 20 ml), dob\u00edjec\u00ed baterii 650 mAh a mo\u017enostem volby nikotinu od 0% do 5% poskytuje toto za\u0159\u00edzen\u00ed a\u017e 50 000 potah\u016f hladk\u00e9 a aromatick\u00e9 p\u00e1ry.Je ide\u00e1ln\u00ed pro vapery, kte\u0159\u00ed vy\u017eaduj\u00ed dlouhotrvaj\u00edc\u00ed v\u00fdkon, pohodl\u00ed a v\u0161estrannost.<\/p>","protected":false},"featured_media":8487,"comment_status":"open","ping_status":"closed","template":"","meta":[],"product_brand":[57],"product_cat":[136,142],"product_tag":[],"class_list":{"0":"post-8070","1":"product","2":"type-product","3":"status-publish","4":"has-post-thumbnail","6":"product_brand-bang","7":"product_cat-50k-puffs","8":"product_cat-eu-stock","10":"first","11":"instock","12":"sale","13":"shipping-taxable","14":"purchasable","15":"product-type-variable"},"yoast_head":"<!-- This site is optimized with the Yoast SEO plugin v27.4 - https:\/\/yoast.com\/product\/yoast-seo-wordpress\/ -->\n<title>Bang Leader 50000 Puffs Dual-Pod Disposable Device<\/title>\n<meta name=\"description\" content=\"Experience the Bang Leader 50000 puffs dual-pod disposable device with 40mL capacity, powerful 650mAh battery, and adjustable nicotine levels.\" \/>\n<meta name=\"robots\" content=\"index, follow, max-snippet:-1, max-image-preview:large, max-video-preview:-1\" \/>\n<link rel=\"canonical\" href=\"https:\/\/vapemaison.com\/cs\/produkt\/bang-leader-50000\/\" \/>\n<meta property=\"og:locale\" content=\"cs_CZ\" \/>\n<meta property=\"og:type\" content=\"article\" \/>\n<meta property=\"og:title\" content=\"Bang Leader 50000 Puffs Dual-Pod Disposable Device\" \/>\n<meta property=\"og:description\" content=\"Experience the Bang Leader 50000 puffs dual-pod disposable device with 40mL capacity, powerful 650mAh battery, and adjustable nicotine levels.\" \/>\n<meta property=\"og:url\" content=\"https:\/\/vapemaison.com\/cs\/produkt\/bang-leader-50000\/\" \/>\n<meta property=\"og:site_name\" content=\"VapeMaison\" \/>\n<meta property=\"article:modified_time\" content=\"2026-01-31T10:04:28+00:00\" \/>\n<meta property=\"og:image\" content=\"https:\/\/vapemaison.com\/wp-content\/uploads\/2025\/10\/bang-leader-50000-puffs-banana-ice-mango-flavor-picture.jpg\" \/>\n\t<meta property=\"og:image:width\" content=\"800\" \/>\n\t<meta property=\"og:image:height\" content=\"800\" \/>\n\t<meta property=\"og:image:type\" content=\"image\/jpeg\" \/>\n<meta name=\"twitter:card\" content=\"summary_large_image\" \/>\n<meta name=\"twitter:label1\" content=\"Odhadovan\u00e1 doba \u010dten\u00ed\" \/>\n\t<meta name=\"twitter:data1\" content=\"4 minuty\" \/>\n<!-- \/ Yoast SEO plugin. -->","yoast_head_json":{"title":"Bang Leader 50000 Puffs Dual-Pod jednor\u00e1zov\u00e9 za\u0159\u00edzen\u00ed","description":"Vyzkou\u0161ejte jednor\u00e1zov\u00e9 za\u0159\u00edzen\u00ed Bang Leader 50000 potah\u016f s kapacitou 40 ml, v\u00fdkonnou bateri\u00ed 650 mAh a nastavitelnou hladinou nikotinu.","robots":{"index":"index","follow":"follow","max-snippet":"max-snippet:-1","max-image-preview":"max-image-preview:large","max-video-preview":"max-video-preview:-1"},"canonical":"https:\/\/vapemaison.com\/cs\/produkt\/bang-leader-50000\/","og_locale":"cs_CZ","og_type":"article","og_title":"Bang Leader 50000 Puffs Dual-Pod Disposable Device","og_description":"Experience the Bang Leader 50000 puffs dual-pod disposable device with 40mL capacity, powerful 650mAh battery, and adjustable nicotine levels.","og_url":"https:\/\/vapemaison.com\/cs\/produkt\/bang-leader-50000\/","og_site_name":"VapeMaison","article_modified_time":"2026-01-31T10:04:28+00:00","og_image":[{"width":800,"height":800,"url":"https:\/\/vapemaison.com\/wp-content\/uploads\/2025\/10\/bang-leader-50000-puffs-banana-ice-mango-flavor-picture.jpg","type":"image\/jpeg"}],"twitter_card":"summary_large_image","twitter_misc":{"Odhadovan\u00e1 doba \u010dten\u00ed":"4 minuty"},"schema":{"@context":"https:\/\/schema.org","@graph":[{"@type":"WebPage","@id":"https:\/\/vapemaison.com\/product\/bang-leader-50000\/","url":"https:\/\/vapemaison.com\/product\/bang-leader-50000\/","name":"Bang Leader 50000 Puffs Dual-Pod jednor\u00e1zov\u00e9 za\u0159\u00edzen\u00ed","isPartOf":{"@id":"https:\/\/vapemaison.com\/#website"},"primaryImageOfPage":{"@id":"https:\/\/vapemaison.com\/product\/bang-leader-50000\/#primaryimage"},"image":{"@id":"https:\/\/vapemaison.com\/product\/bang-leader-50000\/#primaryimage"},"thumbnailUrl":"https:\/\/vapemaison.com\/wp-content\/uploads\/2025\/10\/bang-leader-50000-puffs-banana-ice-mango-flavor-picture.jpg","datePublished":"2025-10-22T07:08:47+00:00","dateModified":"2026-01-31T10:04:28+00:00","description":"Vyzkou\u0161ejte jednor\u00e1zov\u00e9 za\u0159\u00edzen\u00ed Bang Leader 50000 potah\u016f s kapacitou 40 ml, v\u00fdkonnou bateri\u00ed 650 mAh a nastavitelnou hladinou nikotinu.","breadcrumb":{"@id":"https:\/\/vapemaison.com\/product\/bang-leader-50000\/#breadcrumb"},"inLanguage":"cs","potentialAction":[{"@type":"ReadAction","target":["https:\/\/vapemaison.com\/product\/bang-leader-50000\/"]}]},{"@type":"ImageObject","inLanguage":"cs","@id":"https:\/\/vapemaison.com\/product\/bang-leader-50000\/#primaryimage","url":"https:\/\/vapemaison.com\/wp-content\/uploads\/2025\/10\/bang-leader-50000-puffs-banana-ice-mango-flavor-picture.jpg","contentUrl":"https:\/\/vapemaison.com\/wp-content\/uploads\/2025\/10\/bang-leader-50000-puffs-banana-ice-mango-flavor-picture.jpg","width":800,"height":800,"caption":"Bang Leader Puffs Banana Ice Mango Flavor Picture Disposable Vape Device"},{"@type":"BreadcrumbList","@id":"https:\/\/vapemaison.com\/product\/bang-leader-50000\/#breadcrumb","itemListElement":[{"@type":"ListItem","position":1,"name":"\u9996\u9875","item":"https:\/\/vapemaison.com\/"},{"@type":"ListItem","position":2,"name":"Shop","item":"https:\/\/vapemaison.com\/shop\/"},{"@type":"ListItem","position":3,"name":"Bang","item":"https:\/\/vapemaison.com\/brand\/bang\/"},{"@type":"ListItem","position":4,"name":"Bang Leader 50000 Puffs Vape | 50k Puffs"}]},{"@type":"WebSite","@id":"https:\/\/vapemaison.com\/#website","url":"https:\/\/vapemaison.com\/","name":"VapeMaison","description":"Pr\u00e9miov\u00e1 vapingov\u00e1 za\u0159\u00edzen\u00ed a p\u0159\u00edslu\u0161enstv\u00ed","publisher":{"@id":"https:\/\/vapemaison.com\/#organization"},"potentialAction":[{"@type":"SearchAction","target":{"@type":"EntryPoint","urlTemplate":"https:\/\/vapemaison.com\/?s={search_term_string}"},"query-input":{"@type":"PropertyValueSpecification","valueRequired":true,"valueName":"search_term_string"}}],"inLanguage":"cs"},{"@type":"Organization","@id":"https:\/\/vapemaison.com\/#organization","name":"VapeMaison","url":"https:\/\/vapemaison.com\/","logo":{"@type":"ImageObject","inLanguage":"cs","@id":"https:\/\/vapemaison.com\/#\/schema\/logo\/image\/","url":"https:\/\/vapemaison.com\/wp-content\/uploads\/2026\/01\/cropped-vapemaison-logo-g-2026.webp","contentUrl":"https:\/\/vapemaison.com\/wp-content\/uploads\/2026\/01\/cropped-vapemaison-logo-g-2026.webp","width":350,"height":280,"caption":"VapeMaison"},"image":{"@id":"https:\/\/vapemaison.com\/#\/schema\/logo\/image\/"},"sameAs":["https:\/\/www.youtube.com\/@VapeMaison"]}]}},"tiered_pricing_type":"fixed","tiered_pricing_fixed_rules":{"30":"9.69","50":"9.24","100":"8.99","200":"8.59"},"tiered_pricing_product_settings":{"layout":"default","base_unit_name":{"singular":null,"plural":null},"default_variation":null},"tiered_pricing_minimum_quantity":10,"tiered_pricing_roles_data":[],"tiered_pricing_percentage_rules":[],"tiered_pricing_maximum_quantity":null,"tiered_pricing_quantity_step":"10","_links":{"self":[{"href":"https:\/\/vapemaison.com\/cs\/wp-json\/wp\/v2\/product\/8070","targetHints":{"allow":["GET"]}}],"collection":[{"href":"https:\/\/vapemaison.com\/cs\/wp-json\/wp\/v2\/product"}],"about":[{"href":"https:\/\/vapemaison.com\/cs\/wp-json\/wp\/v2\/types\/product"}],"replies":[{"embeddable":true,"href":"https:\/\/vapemaison.com\/cs\/wp-json\/wp\/v2\/comments?post=8070"}],"version-history":[{"count":4,"href":"https:\/\/vapemaison.com\/cs\/wp-json\/wp\/v2\/product\/8070\/revisions"}],"predecessor-version":[{"id":26507,"href":"https:\/\/vapemaison.com\/cs\/wp-json\/wp\/v2\/product\/8070\/revisions\/26507"}],"wp:featuredmedia":[{"embeddable":true,"href":"https:\/\/vapemaison.com\/cs\/wp-json\/wp\/v2\/media\/8487"}],"wp:attachment":[{"href":"https:\/\/vapemaison.com\/cs\/wp-json\/wp\/v2\/media?parent=8070"}],"wp:term":[{"taxonomy":"product_brand","embeddable":true,"href":"https:\/\/vapemaison.com\/cs\/wp-json\/wp\/v2\/product_brand?post=8070"},{"taxonomy":"product_cat","embeddable":true,"href":"https:\/\/vapemaison.com\/cs\/wp-json\/wp\/v2\/product_cat?post=8070"},{"taxonomy":"product_tag","embeddable":true,"href":"https:\/\/vapemaison.com\/cs\/wp-json\/wp\/v2\/product_tag?post=8070"}],"curies":[{"name":"wp","href":"https:\/\/api.w.org\/{rel}","templated":true}]}}