

{"id":8078,"date":"2025-10-22T07:10:33","date_gmt":"2025-10-22T07:10:33","guid":{"rendered":"https:\/\/vapemaison.com\/?post_type=product&#038;p=8078"},"modified":"2026-05-06T12:50:01","modified_gmt":"2026-05-06T12:50:01","slug":"waspe-fihp-40000","status":"publish","type":"product","link":"https:\/\/vapemaison.com\/cs\/product\/waspe-fihp-40000\/","title":{"rendered":"Waspe FIHP 40000 Puffs jednor\u00e1zov\u00e9 Vape velkoobchod"},"content":{"rendered":"<p>Na str\u00e1nk\u00e1ch <strong>WASPE FIHP 40000 Puffs Vape na jedno pou\u017eit\u00ed<\/strong> je navr\u017een pro vapery, kte\u0159\u00ed po\u017eaduj\u00ed dlouhotrvaj\u00edc\u00ed v\u00fdkon, pohodl\u00ed a inovace v jednom za\u0159\u00edzen\u00ed. S a\u017e <strong>40 000 obl\u00e1\u010dk\u016f<\/strong>, dv\u011bma p\u0159\u00edchut\u011bmi a chytr\u00fdm LED displejem, tato vape nov\u011b definuje p\u0159enosn\u00fd vaping.<\/p>\n\n\n\n<p>P\u0159ep\u00edn\u00e1n\u00ed mezi <strong>dv\u011b p\u0159\u00edchut\u011b v jednom za\u0159\u00edzen\u00ed<\/strong> bez n\u00e1mahy - jednodu\u0161e oto\u010dte n\u00e1ustkem a vychutnejte si hladkou a aromatickou p\u00e1ru z ka\u017ed\u00e9ho struku. Nap\u00e1jen\u00ed <strong>du\u00e1ln\u00ed c\u00edvky s oky 0,9\u03a9<\/strong>, FIHP 40000 poskytuje hust\u00e9 mraky a konzistentn\u00ed chu\u0165 p\u0159i ka\u017ed\u00e9m potahu, co\u017e zaru\u010duje uspokojiv\u00fd z\u00e1\u017eitek od za\u010d\u00e1tku a\u017e do konce.<\/p>\n\n\n\n<p>Balen\u00ed obsahuje <strong>36 ml pr\u00e9miov\u00e9ho e-liquidu<\/strong> a <strong>Dob\u00edjec\u00ed baterie 850 mAh<\/strong>, WASPE FIHP 40000 podporuje prodlou\u017een\u00e9 relace bez p\u0159eru\u0161en\u00ed. Na adrese <strong>Rychl\u00e9 nab\u00edjen\u00ed typu C<\/strong> v\u00e1s udr\u017e\u00ed v provozu, zat\u00edmco <strong>LED obrazovka<\/strong> zobrazuje stav baterie a e-liquidu v re\u00e1ln\u00e9m \u010dase, co\u017e v\u00e1m umo\u017e\u0148uje snadnou kontrolu.<\/p>\n\n\n\n<p>K dispozici v <strong>S\u00edla nikotinu 0%, 2% a 5%<\/strong> a <strong>16 r\u016fzn\u00fdch kombinac\u00ed chut\u00ed<\/strong>, toto za\u0159\u00edzen\u00ed v\u00e1m umo\u017en\u00ed p\u0159izp\u016fsobit si z\u00e1\u017eitek z vapov\u00e1n\u00ed - od ovocn\u00e9ho a jemn\u00e9ho po ledov\u00fd a osv\u011b\u017euj\u00edc\u00ed. Kompaktn\u00ed, elegantn\u00ed a p\u0159ipraven\u00fd pro jak\u00fdkoli \u017eivotn\u00ed styl, WASPE FIHP 40000 je ide\u00e1ln\u00ed pro za\u010d\u00e1te\u010dn\u00edky i zku\u0161en\u00e9 vapery.<\/p>\n\n\n\n<h3 class=\"wp-block-heading\">Rychl\u00e9 funkce<\/h3>\n\n\n\n<ul class=\"wp-block-list\">\n<li><strong>Dva pody, dv\u011b p\u0159\u00edchut\u011b<\/strong> - Okam\u017eit\u011b p\u0159ep\u00ednejte mezi dv\u011bma p\u0159ednahran\u00fdmi p\u0159\u00edchut\u011bmi.<\/li>\n\n\n\n<li><strong>A\u017e 40 000 puf\u016f<\/strong> - Dlouhodob\u00fd v\u00fdkon pro dlouhodob\u00e9 pou\u017e\u00edv\u00e1n\u00ed.<\/li>\n\n\n\n<li><strong>Kapacita e-kapaliny 36 ml<\/strong> - Velkorys\u00e1 \u0161\u0165\u00e1va pro nep\u0159eru\u0161ovan\u00fd vaping.<\/li>\n\n\n\n<li><strong>Du\u00e1ln\u00ed 0,9\u03a9 Mesh c\u00edvky<\/strong> - Hladk\u00e1, bohat\u00e1 chu\u0165 a hust\u00e1 p\u00e1ra.<\/li>\n\n\n\n<li><strong>Dob\u00edjec\u00ed baterie 850 mAh<\/strong> - Dlouhotrvaj\u00edc\u00ed nap\u00e1jen\u00ed d\u00edky rychl\u00e9mu nab\u00edjen\u00ed Type-C.<\/li>\n\n\n\n<li><strong>Chytr\u00fd LED displej<\/strong> - Ukazuje v\u00fddr\u017e baterie a \u00farove\u0148 e-liquidu.<\/li>\n\n\n\n<li><strong>Mo\u017enosti nikotinu<\/strong> - 0%, 2% nebo 5%, kter\u00e9 vyhov\u00ed ka\u017ed\u00e9mu.<\/li>\n\n\n\n<li><strong>16 kombinac\u00ed chut\u00ed<\/strong> - Od ovocn\u00fdch po ledov\u00e9, vytvo\u0159en\u00e9 pro v\u0161echny chut\u011b.<\/li>\n\n\n\n<li><strong>Kompaktn\u00ed a p\u0159enosn\u00fd<\/strong> - Ide\u00e1ln\u00ed pro ka\u017edodenn\u00ed pou\u017eit\u00ed, cestov\u00e1n\u00ed nebo vystaven\u00ed v maloobchod\u011b.<\/li>\n<\/ul>\n\n\n\n<h3 class=\"wp-block-heading\">Dostupn\u00e9 p\u0159\u00edchut\u011b<\/h3>\n\n\n\n<ul class=\"wp-block-list\">\n<li>Melounov\u00fd led a citronov\u00e1 limetka<\/li>\n\n\n\n<li>\u0160umiv\u00fd t\u0159e\u0161\u0148ov\u00fd led a bor\u016fvkov\u00e1 cukrov\u00e1 vata<\/li>\n\n\n\n<li>Jahoda Meloun &amp; bor\u016fvka Malina<\/li>\n\n\n\n<li>Red Bull Ice &amp; Strawberry Mango<\/li>\n\n\n\n<li>Broskvov\u00fd led a ananas Mango Peach<\/li>\n\n\n\n<li>Hroznov\u00fd led a jahodov\u00e9 kiwi<\/li>\n\n\n\n<li>Jahoda Meloun \u017dv\u00fdka\u010dka a sm\u00ed\u0161en\u00e9 ovoce<\/li>\n\n\n\n<li>Trojit\u00fd melounov\u00fd led a malinov\u00fd meloun<\/li>\n<\/ul>\n\n\n\n<h3 class=\"wp-block-heading\">Balen\u00ed a p\u0159eprava<\/h3>\n\n\n\n<ul class=\"wp-block-list\">\n<li>Hmotnost v\u00fdrobku: 120 g na za\u0159\u00edzen\u00ed<\/li>\n\n\n\n<li>Velikost: 61 \u00d7 31 \u00d7 115 mm<\/li>\n\n\n\n<li>1 ks v jedn\u00e9 krabici \/ 10 ks v jedn\u00e9 krabici s displejem<\/li>\n\n\n\n<li>160 kus\u016f v kartonu<\/li>\n\n\n\n<li>Hrub\u00e1 hmotnost: 20 kg<\/li>\n<\/ul>\n\n\n\n<p>Objevte pr\u00e9miov\u00fd vaping na <a href=\"https:\/\/vapemaison.com\/\">VapeMaison<\/a>, v\u00e1\u0161 c\u00edl pro kvalitu a inovace. Prozkoumejte na\u0161i kompletn\u00ed nab\u00eddku na <a href=\"https:\/\/vapemaison.com\/shop\/\">Obchod<\/a> nebo se pod\u00edvejte na popul\u00e1rn\u00ed <a href=\"https:\/\/vapemaison.com\/brand\/bang\/\">Bang<\/a> a <a href=\"https:\/\/vapemaison.com\/brand\/waspe\/\">WASPE<\/a> produkty, kter\u00e9 si obl\u00edbili v\u0161ichni vape\u0159i. Hled\u00e1te dal\u0161\u00ed mo\u017enosti? Prohl\u00e9dn\u011bte si v\u0161echny na\u0161e <a href=\"https:\/\/vapemaison.com\/product-category\/puffs-count\/\">Puffy<\/a> za\u0159\u00edzen\u00ed, abyste na\u0161li ide\u00e1ln\u00ed vape pro sv\u016fj styl a vkus.<\/p>","protected":false},"excerpt":{"rendered":"<p>Vape WASPE FIHP 40000 Puffs kombinuje dv\u011b p\u0159\u00edchut\u011b, dv\u011b s\u00ed\u0165ov\u00e9 spir\u00e1lky a chytr\u00fd LED displej pro z\u00e1\u017eitek z vapingu na nov\u00e9 \u00farovni.S 36 ml e-liquidu, dob\u00edjec\u00ed bateri\u00ed typu C o kapacit\u011b 850 mAh a v\u00fddr\u017e\u00ed a\u017e 40 000 potah\u016f p\u0159in\u00e1\u0161\u00ed hladkou a bohatou chu\u0165 - kdykoli a kdekoli.<\/p>","protected":false},"featured_media":8216,"comment_status":"open","ping_status":"closed","template":"","meta":[],"product_brand":[59],"product_cat":[135,142],"product_tag":[],"class_list":{"0":"post-8078","1":"product","2":"type-product","3":"status-publish","4":"has-post-thumbnail","6":"product_brand-waspe","7":"product_cat-40k-puffs","8":"product_cat-eu-stock","10":"first","11":"instock","12":"sale","13":"shipping-taxable","14":"purchasable","15":"product-type-variable"},"yoast_head":"<!-- This site is optimized with the Yoast SEO plugin v27.4 - https:\/\/yoast.com\/product\/yoast-seo-wordpress\/ -->\n<title>WASPE FIHP 40000 Puffs Disposable Vape Dual-Flavor<\/title>\n<meta name=\"description\" content=\"Experience the WASPE FIHP 40000 Puffs Disposable Vape featuring dual flavors, LED display, and Type-C. Enjoy long-lasting performance\" \/>\n<meta name=\"robots\" content=\"index, follow, max-snippet:-1, max-image-preview:large, max-video-preview:-1\" \/>\n<link rel=\"canonical\" href=\"https:\/\/vapemaison.com\/cs\/produkt\/waspe-fihp-40000\/\" \/>\n<meta property=\"og:locale\" content=\"cs_CZ\" \/>\n<meta property=\"og:type\" content=\"article\" \/>\n<meta property=\"og:title\" content=\"WASPE FIHP 40000 Puffs Disposable Vape Dual-Flavor\" \/>\n<meta property=\"og:description\" content=\"Experience the WASPE FIHP 40000 Puffs Disposable Vape featuring dual flavors, LED display, and Type-C. Enjoy long-lasting performance\" \/>\n<meta property=\"og:url\" content=\"https:\/\/vapemaison.com\/cs\/produkt\/waspe-fihp-40000\/\" \/>\n<meta property=\"og:site_name\" content=\"VapeMaison\" \/>\n<meta property=\"article:modified_time\" content=\"2026-05-06T12:50:01+00:00\" \/>\n<meta property=\"og:image\" content=\"https:\/\/vapemaison.com\/wp-content\/uploads\/2025\/10\/Waspe-FIHP-40000-Puffs-40K-Disposable-Vape-Wholesale-Blue-Razz-Lemonade-Watermelon-Bubblegum.png\" \/>\n\t<meta property=\"og:image:width\" content=\"800\" \/>\n\t<meta property=\"og:image:height\" content=\"800\" \/>\n\t<meta property=\"og:image:type\" content=\"image\/png\" \/>\n<meta name=\"twitter:card\" content=\"summary_large_image\" \/>\n<meta name=\"twitter:label1\" content=\"Odhadovan\u00e1 doba \u010dten\u00ed\" \/>\n\t<meta name=\"twitter:data1\" content=\"2 minuty\" \/>\n<!-- \/ Yoast SEO plugin. -->","yoast_head_json":{"title":"WASPE FIHP 40000 Puffs jednor\u00e1zov\u00e9 Vape Dual-Flavor","description":"Vyzkou\u0161ejte jednor\u00e1zov\u00fd vape WASPE FIHP 40000 Puffs s dv\u011bma p\u0159\u00edchut\u011bmi, LED displejem a Type-C. U\u017eijte si dlouhotrvaj\u00edc\u00ed v\u00fdkon","robots":{"index":"index","follow":"follow","max-snippet":"max-snippet:-1","max-image-preview":"max-image-preview:large","max-video-preview":"max-video-preview:-1"},"canonical":"https:\/\/vapemaison.com\/cs\/produkt\/waspe-fihp-40000\/","og_locale":"cs_CZ","og_type":"article","og_title":"WASPE FIHP 40000 Puffs Disposable Vape Dual-Flavor","og_description":"Experience the WASPE FIHP 40000 Puffs Disposable Vape featuring dual flavors, LED display, and Type-C. Enjoy long-lasting performance","og_url":"https:\/\/vapemaison.com\/cs\/produkt\/waspe-fihp-40000\/","og_site_name":"VapeMaison","article_modified_time":"2026-05-06T12:50:01+00:00","og_image":[{"width":800,"height":800,"url":"https:\/\/vapemaison.com\/wp-content\/uploads\/2025\/10\/Waspe-FIHP-40000-Puffs-40K-Disposable-Vape-Wholesale-Blue-Razz-Lemonade-Watermelon-Bubblegum.png","type":"image\/png"}],"twitter_card":"summary_large_image","twitter_misc":{"Odhadovan\u00e1 doba \u010dten\u00ed":"2 minuty"},"schema":{"@context":"https:\/\/schema.org","@graph":[{"@type":"WebPage","@id":"https:\/\/vapemaison.com\/product\/waspe-fihp-40000\/","url":"https:\/\/vapemaison.com\/product\/waspe-fihp-40000\/","name":"WASPE FIHP 40000 Puffs jednor\u00e1zov\u00e9 Vape Dual-Flavor","isPartOf":{"@id":"https:\/\/vapemaison.com\/#website"},"primaryImageOfPage":{"@id":"https:\/\/vapemaison.com\/product\/waspe-fihp-40000\/#primaryimage"},"image":{"@id":"https:\/\/vapemaison.com\/product\/waspe-fihp-40000\/#primaryimage"},"thumbnailUrl":"https:\/\/vapemaison.com\/wp-content\/uploads\/2025\/10\/Waspe-FIHP-40000-Puffs-40K-Disposable-Vape-Wholesale-Blue-Razz-Lemonade-Watermelon-Bubblegum.png","datePublished":"2025-10-22T07:10:33+00:00","dateModified":"2026-05-06T12:50:01+00:00","description":"Vyzkou\u0161ejte jednor\u00e1zov\u00fd vape WASPE FIHP 40000 Puffs s dv\u011bma p\u0159\u00edchut\u011bmi, LED displejem a Type-C. U\u017eijte si dlouhotrvaj\u00edc\u00ed v\u00fdkon","breadcrumb":{"@id":"https:\/\/vapemaison.com\/product\/waspe-fihp-40000\/#breadcrumb"},"inLanguage":"cs","potentialAction":[{"@type":"ReadAction","target":["https:\/\/vapemaison.com\/product\/waspe-fihp-40000\/"]}]},{"@type":"ImageObject","inLanguage":"cs","@id":"https:\/\/vapemaison.com\/product\/waspe-fihp-40000\/#primaryimage","url":"https:\/\/vapemaison.com\/wp-content\/uploads\/2025\/10\/Waspe-FIHP-40000-Puffs-40K-Disposable-Vape-Wholesale-Blue-Razz-Lemonade-Watermelon-Bubblegum.png","contentUrl":"https:\/\/vapemaison.com\/wp-content\/uploads\/2025\/10\/Waspe-FIHP-40000-Puffs-40K-Disposable-Vape-Wholesale-Blue-Razz-Lemonade-Watermelon-Bubblegum.png","width":800,"height":800,"caption":"Waspe Fihp Puffs 40k Disposable Vape Wholesale Blue Razz Lemonade Watermelon Bubblegum"},{"@type":"BreadcrumbList","@id":"https:\/\/vapemaison.com\/product\/waspe-fihp-40000\/#breadcrumb","itemListElement":[{"@type":"ListItem","position":1,"name":"\u9996\u9875","item":"https:\/\/vapemaison.com\/"},{"@type":"ListItem","position":2,"name":"Shop","item":"https:\/\/vapemaison.com\/shop\/"},{"@type":"ListItem","position":3,"name":"Waspe","item":"https:\/\/vapemaison.com\/brand\/waspe\/"},{"@type":"ListItem","position":4,"name":"Waspe FIHP 40000 Puffs Disposable Vape Wholesale"}]},{"@type":"WebSite","@id":"https:\/\/vapemaison.com\/#website","url":"https:\/\/vapemaison.com\/","name":"VapeMaison","description":"Pr\u00e9miov\u00e1 vapingov\u00e1 za\u0159\u00edzen\u00ed a p\u0159\u00edslu\u0161enstv\u00ed","publisher":{"@id":"https:\/\/vapemaison.com\/#organization"},"potentialAction":[{"@type":"SearchAction","target":{"@type":"EntryPoint","urlTemplate":"https:\/\/vapemaison.com\/?s={search_term_string}"},"query-input":{"@type":"PropertyValueSpecification","valueRequired":true,"valueName":"search_term_string"}}],"inLanguage":"cs"},{"@type":"Organization","@id":"https:\/\/vapemaison.com\/#organization","name":"VapeMaison","url":"https:\/\/vapemaison.com\/","logo":{"@type":"ImageObject","inLanguage":"cs","@id":"https:\/\/vapemaison.com\/#\/schema\/logo\/image\/","url":"https:\/\/vapemaison.com\/wp-content\/uploads\/2026\/01\/cropped-vapemaison-logo-g-2026.webp","contentUrl":"https:\/\/vapemaison.com\/wp-content\/uploads\/2026\/01\/cropped-vapemaison-logo-g-2026.webp","width":350,"height":280,"caption":"VapeMaison"},"image":{"@id":"https:\/\/vapemaison.com\/#\/schema\/logo\/image\/"},"sameAs":["https:\/\/www.youtube.com\/@VapeMaison"]}]}},"tiered_pricing_type":"fixed","tiered_pricing_fixed_rules":{"30":"11.63","50":"10.99","100":"10.69","200":"9.99"},"tiered_pricing_product_settings":{"layout":"default","base_unit_name":{"singular":null,"plural":null},"default_variation":null},"tiered_pricing_minimum_quantity":10,"tiered_pricing_roles_data":[],"tiered_pricing_percentage_rules":[],"tiered_pricing_maximum_quantity":null,"tiered_pricing_quantity_step":"10","_links":{"self":[{"href":"https:\/\/vapemaison.com\/cs\/wp-json\/wp\/v2\/product\/8078","targetHints":{"allow":["GET"]}}],"collection":[{"href":"https:\/\/vapemaison.com\/cs\/wp-json\/wp\/v2\/product"}],"about":[{"href":"https:\/\/vapemaison.com\/cs\/wp-json\/wp\/v2\/types\/product"}],"replies":[{"embeddable":true,"href":"https:\/\/vapemaison.com\/cs\/wp-json\/wp\/v2\/comments?post=8078"}],"version-history":[{"count":1,"href":"https:\/\/vapemaison.com\/cs\/wp-json\/wp\/v2\/product\/8078\/revisions"}],"predecessor-version":[{"id":27199,"href":"https:\/\/vapemaison.com\/cs\/wp-json\/wp\/v2\/product\/8078\/revisions\/27199"}],"wp:featuredmedia":[{"embeddable":true,"href":"https:\/\/vapemaison.com\/cs\/wp-json\/wp\/v2\/media\/8216"}],"wp:attachment":[{"href":"https:\/\/vapemaison.com\/cs\/wp-json\/wp\/v2\/media?parent=8078"}],"wp:term":[{"taxonomy":"product_brand","embeddable":true,"href":"https:\/\/vapemaison.com\/cs\/wp-json\/wp\/v2\/product_brand?post=8078"},{"taxonomy":"product_cat","embeddable":true,"href":"https:\/\/vapemaison.com\/cs\/wp-json\/wp\/v2\/product_cat?post=8078"},{"taxonomy":"product_tag","embeddable":true,"href":"https:\/\/vapemaison.com\/cs\/wp-json\/wp\/v2\/product_tag?post=8078"}],"curies":[{"name":"wp","href":"https:\/\/api.w.org\/{rel}","templated":true}]}}