

{"id":8126,"date":"2025-10-22T09:24:24","date_gmt":"2025-10-22T09:24:24","guid":{"rendered":"https:\/\/vapemaison.com\/?post_type=product&#038;p=8126"},"modified":"2026-05-08T16:38:01","modified_gmt":"2026-05-08T16:38:01","slug":"bang-king-triple-85000-3v1-vape","status":"publish","type":"product","link":"https:\/\/vapemaison.com\/cs\/product\/bang-king-triple-85000-3in1-vape\/","title":{"rendered":"Bang King Triple 85K 3-v-1 jednor\u00e1zov\u00fd vape | 85 000 \u0161luk\u016f | Pody s trojitou p\u0159\u00edchut\u00ed"},"content":{"rendered":"<p>Na str\u00e1nk\u00e1ch <strong>Bang King Triple 85K Vape na jedno pou\u017eit\u00ed<\/strong> je navr\u017een pro u\u017eivatele, kte\u0159\u00ed oce\u0148uj\u00ed rozmanitost chut\u00ed, vysokou kapacitu a st\u00e1l\u00fd v\u00fdkon za\u0159\u00edzen\u00ed. Je vybaven <strong>Syst\u00e9m p\u0159\u00edchut\u00ed 3 v 1<\/strong> s <strong>t\u0159i 15ml komory na e-liquid (celkem 45ml)<\/strong>, umo\u017e\u0148uje plynul\u00e9 p\u0159ep\u00edn\u00e1n\u00ed nebo m\u00edch\u00e1n\u00ed p\u0159\u00edchut\u00ed v r\u00e1mci jednoho za\u0159\u00edzen\u00ed. S mo\u017enost\u00ed a\u017e <strong>85 000 obl\u00e1\u010dk\u016f<\/strong>, a <strong>Nab\u00edjec\u00ed baterie 650 mAh s nab\u00edjen\u00edm typu C<\/strong>, a <strong>C\u00edvka s oky 1,0\u03a9<\/strong>, za\u0159\u00edzen\u00ed poskytuje plynulou p\u00e1ru, stabiln\u00ed v\u00fdstup a spolehlivou konzistenci chuti po celou dobu pou\u017e\u00edv\u00e1n\u00ed. Podpora <strong>r\u016fzn\u00e9 s\u00edly nikotinu (0%-5%)<\/strong> a <strong>16 trojkombinac\u00ed chut\u00ed<\/strong>, poskytuje flexibilitu pro r\u016fzn\u00e9 preference u\u017eivatel\u016f p\u0159i zachov\u00e1n\u00ed pohodl\u00ed a efektivity.<\/p>\n\n\n\n<h3 class=\"wp-block-heading\">Specifikace<\/h3>\n\n\n\n<figure class=\"wp-block-table\"><table class=\"has-fixed-layout\"><thead><tr><th>Specifikace<\/th><th>Podrobnosti na<\/th><\/tr><\/thead><tbody><tr><td>Po\u010det puf\u016f<\/td><td>A\u017e 85 000 vdech\u016f<\/td><\/tr><tr><td>Kapacita e-kapaliny<\/td><td>45 ml (3 \u00d7 15 ml)<\/td><\/tr><tr><td>Syst\u00e9m p\u0159\u00edchut\u00ed<\/td><td>3 v 1 (trojit\u00e1 p\u0159\u00edchu\u0165)<\/td><\/tr><tr><td>Typ c\u00edvky<\/td><td>1,0\u03a9 Mesh Coil<\/td><\/tr><tr><td>Baterie<\/td><td>Dob\u00edjec\u00ed baterie 650 mAh<\/td><\/tr><tr><td>Nab\u00edjec\u00ed port<\/td><td>Typ C<\/td><\/tr><tr><td>S\u00edla nikotinu<\/td><td>0% \/ 2% \/ 3% \/ 5%<\/td><\/tr><tr><td>Mo\u017enosti p\u0159\u00edchut\u00ed<\/td><td>16 trojkombinac\u00ed chut\u00ed<\/td><\/tr><tr><td>Typ pou\u017eit\u00ed<\/td><td>Jednor\u00e1zov\u00e9 (dob\u00edjec\u00ed)<\/td><\/tr><\/tbody><\/table><\/figure>\n\n\n\n<h3 class=\"wp-block-heading\">P\u0159\u00edchu\u0165<\/h3>\n\n\n\n<ol class=\"wp-block-list\">\n<li>Meloun a Red Bull a jahodov\u00e9 kiwi<\/li>\n\n\n\n<li>Citronov\u00e1 limetka a jahoda Meloun a bor\u016fvkov\u00fd led<\/li>\n\n\n\n<li>Jahodov\u00fd ban\u00e1n a maliny Meloun a r\u016f\u017eov\u00e1 limon\u00e1da<\/li>\n\n\n\n<li>Blue Razz Cherry &amp; Cool Mint &amp; Peach Mango<\/li>\n\n\n\n<li>Tropick\u00e9 ovoce a jahody Meloun a citron Broskev<\/li>\n\n\n\n<li>Ananasov\u00fd kokos &amp; jahoda Ban\u00e1n &amp; Blue Razz<\/li>\n\n\n\n<li>Jahodov\u00fd meloun a trojit\u00fd meloun a jahodov\u00fd led<\/li>\n\n\n\n<li>Sm\u00ed\u0161en\u00e9 ovoce a mango Broskvov\u00fd a hroznov\u00fd led<\/li>\n\n\n\n<li>Jahodov\u00e1 vanilkov\u00e1 kola a broskvov\u00fd led a led z \u010dern\u00e9ho draka<\/li>\n\n\n\n<li>Lush Ice &amp; Kiwi Passion Fruit Guava &amp; Straw Mango<\/li>\n\n\n\n<li>Jahodov\u00fd meloun &amp; meloun &amp; Blue Razz Ice<\/li>\n\n\n\n<li>Berry Lemonade &amp; Strawberry Red Bull &amp; Strawberry Pomp<\/li>\n\n\n\n<li>Dvojit\u00e9 jablko &amp; ovocn\u00e1 sm\u011bs &amp; ananasov\u00fd led<\/li>\n\n\n\n<li>Cola Ice &amp; Mr Blue &amp; Cherry Cola<\/li>\n\n\n\n<li>Jahodov\u00fd kobl\u00ed\u017eek a ban\u00e1nov\u00e1 zmrzlina &amp; Love66<\/li>\n\n\n\n<li>Ice Tea Lemon Ice &amp; Mango On Ice &amp; Lychee Ice<\/li>\n<\/ol>\n\n\n\n<h3 class=\"wp-block-heading\">Pro\u010d si vybrat Bang King Triple 85K?<\/h3>\n\n\n\n<p><strong>Efektivn\u00ed pou\u017e\u00edv\u00e1n\u00ed<\/strong> - Sni\u017euje \u010detnost v\u00fdm\u011bny za\u0159\u00edzen\u00ed<\/p>\n\n\n\n<p><strong>Integrace v\u00edce p\u0159\u00edchut\u00ed<\/strong> - T\u0159i p\u0159\u00edchut\u011b v jednom kompaktn\u00edm za\u0159\u00edzen\u00ed<\/p>\n\n\n\n<p><strong>Vysokokapacitn\u00ed konstrukce<\/strong> - Celkem 45 ml e-liquidu pro del\u0161\u00ed pou\u017eit\u00ed<\/p>\n\n\n\n<p><strong>Konzistentn\u00ed v\u00fdstup<\/strong> - S\u00ed\u0165ov\u00e1 c\u00edvka zaji\u0161\u0165uje hladkou p\u00e1ru a stabiln\u00ed chu\u0165<\/p>\n\n\n\n<p><strong>Flexibiln\u00ed mo\u017enosti nikotinu<\/strong> - Vhodn\u00e9 pro r\u016fzn\u00e9 pot\u0159eby u\u017eivatel\u016f<\/p>\n\n\n\n<p><strong>Pohodl\u00ed p\u0159i dob\u00edjen\u00ed<\/strong> - Nab\u00edjen\u00ed typu C pro snadn\u00fd p\u0159\u00edstup k nap\u00e1jen\u00ed<\/p>\n\n\n\n<p>Na str\u00e1nk\u00e1ch <strong>Bang King Triple 85K Vape<\/strong> kombinuje <strong>rozmanitost, v\u00fdkon a p\u0159enosnost<\/strong> jako \u017e\u00e1dn\u00fd jin\u00fd.<br>P\u0159ep\u00ednejte mezi p\u0159\u00edchut\u011bmi b\u011bhem n\u011bkolika sekund, u\u017e\u00edvejte si obrovskou kapacitu a za\u017eijte \u010distou, konzistentn\u00ed p\u00e1ru, a\u0165 jste kdekoli.<\/p>\n\n\n\n<p><strong>Objevte svou dokonalou sm\u011bs - trojn\u00e1sobn\u00e1 chu\u0165, trojn\u00e1sobn\u00e1 spokojenost.<\/strong><\/p>\n\n\n\n<p>Prozkoumejte dal\u0161\u00ed vysokokapacitn\u00ed jednor\u00e1zov\u00e9 vapes v na\u0161em <a href=\"https:\/\/vapemaison.com\/shop\/\" type=\"link\" id=\"https:\/\/vapemaison.com\/shop\/\"><strong>Obchod<\/strong><\/a> naj\u00edt nejnov\u011bj\u0161\u00ed za\u0159\u00edzen\u00ed s pokro\u010dil\u00fdmi funkcemi a r\u016fzn\u00fdmi mo\u017enostmi p\u0159\u00edchut\u00ed. M\u016f\u017eete si tak\u00e9 prohl\u00e9dnout kompletn\u00ed <strong><a href=\"https:\/\/vapemaison.com\/brand\/bang\/\" type=\"link\" id=\"https:\/\/vapemaison.com\/brand\/bang\/\">Bang vape<\/a><\/strong> a objevte dal\u0161\u00ed inovativn\u00ed vapov\u00e1n\u00ed s v\u00edce p\u0159\u00edchut\u011bmi, kter\u00e1 jsou navr\u017eena pro v\u00fdkon, rozmanitost a ka\u017edodenn\u00ed pohodl\u00ed.<\/p>\n\n\n\n<p><\/p>","protected":false},"excerpt":{"rendered":"<p>Vyzkou\u0161ejte Bang King Triple 85000 Puffs 3 v 1 Vape s 45ML n\u00e1dr\u017eemi s trojitou p\u0159\u00edchut\u00ed Vychutnejte si bohatou chu\u0165 16 jedine\u010dn\u00fdch kombinac\u00ed chut\u00ed v jednom za\u0159\u00edzen\u00ed.<\/p>","protected":false},"featured_media":8131,"comment_status":"open","ping_status":"closed","template":"","meta":[],"product_brand":[57],"product_cat":[155,142,294],"product_tag":[],"class_list":{"0":"post-8126","1":"product","2":"type-product","3":"status-publish","4":"has-post-thumbnail","6":"product_brand-bang","7":"product_cat-85k-puffs","8":"product_cat-eu-stock","9":"product_cat-no-nicotine-vape","11":"first","12":"instock","13":"sale","14":"shipping-taxable","15":"purchasable","16":"product-type-variable"},"yoast_head":"<!-- This site is optimized with the Yoast SEO plugin v27.4 - https:\/\/yoast.com\/product\/yoast-seo-wordpress\/ -->\n<title>Bang King Triple 85000 Puffs 3-in-1 Vape | 45ML Triple Flavor<\/title>\n<meta name=\"description\" content=\"Experience the Bang King Triple 85000 Puffs 3-in-1 Vape featuring 45ML triple-flavor tanks Enjoy rich taste 16 unique flavor combinations in one device.\" \/>\n<meta name=\"robots\" content=\"index, follow, max-snippet:-1, max-image-preview:large, max-video-preview:-1\" \/>\n<link rel=\"canonical\" href=\"https:\/\/vapemaison.com\/cs\/produkt\/bang-king-triple-85000-3v1-vape\/\" \/>\n<meta property=\"og:locale\" content=\"cs_CZ\" \/>\n<meta property=\"og:type\" content=\"article\" \/>\n<meta property=\"og:title\" content=\"Bang King Triple 85000 Puffs 3-in-1 Vape | 45ML Triple Flavor\" \/>\n<meta property=\"og:description\" content=\"Experience the Bang King Triple 85000 Puffs 3-in-1 Vape featuring 45ML triple-flavor tanks Enjoy rich taste 16 unique flavor combinations in one device.\" \/>\n<meta property=\"og:url\" content=\"https:\/\/vapemaison.com\/cs\/produkt\/bang-king-triple-85000-3v1-vape\/\" \/>\n<meta property=\"og:site_name\" content=\"VapeMaison\" \/>\n<meta property=\"article:modified_time\" content=\"2026-05-08T16:38:01+00:00\" \/>\n<meta property=\"og:image\" content=\"https:\/\/vapemaison.com\/wp-content\/uploads\/2025\/10\/bang-king-85000-triple-3in1-vape-pen-pink.jpg\" \/>\n\t<meta property=\"og:image:width\" content=\"1000\" \/>\n\t<meta property=\"og:image:height\" content=\"1000\" \/>\n\t<meta property=\"og:image:type\" content=\"image\/jpeg\" \/>\n<meta name=\"twitter:card\" content=\"summary_large_image\" \/>\n<meta name=\"twitter:label1\" content=\"Odhadovan\u00e1 doba \u010dten\u00ed\" \/>\n\t<meta name=\"twitter:data1\" content=\"2 minuty\" \/>\n<!-- \/ Yoast SEO plugin. -->","yoast_head_json":{"title":"Bang King Triple 85000 Puffs 3 v 1 Vape | 45ML Triple Flavor","description":"Vyzkou\u0161ejte Bang King Triple 85000 Puffs 3 v 1 Vape s 45ML n\u00e1dr\u017eemi s trojitou p\u0159\u00edchut\u00ed Vychutnejte si bohatou chu\u0165 16 jedine\u010dn\u00fdch kombinac\u00ed chut\u00ed v jednom za\u0159\u00edzen\u00ed.","robots":{"index":"index","follow":"follow","max-snippet":"max-snippet:-1","max-image-preview":"max-image-preview:large","max-video-preview":"max-video-preview:-1"},"canonical":"https:\/\/vapemaison.com\/cs\/produkt\/bang-king-triple-85000-3v1-vape\/","og_locale":"cs_CZ","og_type":"article","og_title":"Bang King Triple 85000 Puffs 3-in-1 Vape | 45ML Triple Flavor","og_description":"Experience the Bang King Triple 85000 Puffs 3-in-1 Vape featuring 45ML triple-flavor tanks Enjoy rich taste 16 unique flavor combinations in one device.","og_url":"https:\/\/vapemaison.com\/cs\/produkt\/bang-king-triple-85000-3v1-vape\/","og_site_name":"VapeMaison","article_modified_time":"2026-05-08T16:38:01+00:00","og_image":[{"width":1000,"height":1000,"url":"https:\/\/vapemaison.com\/wp-content\/uploads\/2025\/10\/bang-king-85000-triple-3in1-vape-pen-pink.jpg","type":"image\/jpeg"}],"twitter_card":"summary_large_image","twitter_misc":{"Odhadovan\u00e1 doba \u010dten\u00ed":"2 minuty"},"schema":{"@context":"https:\/\/schema.org","@graph":[{"@type":"WebPage","@id":"https:\/\/vapemaison.com\/product\/bang-king-triple-85000-3in1-vape\/","url":"https:\/\/vapemaison.com\/product\/bang-king-triple-85000-3in1-vape\/","name":"Bang King Triple 85000 Puffs 3 v 1 Vape | 45ML Triple Flavor","isPartOf":{"@id":"https:\/\/vapemaison.com\/#website"},"primaryImageOfPage":{"@id":"https:\/\/vapemaison.com\/product\/bang-king-triple-85000-3in1-vape\/#primaryimage"},"image":{"@id":"https:\/\/vapemaison.com\/product\/bang-king-triple-85000-3in1-vape\/#primaryimage"},"thumbnailUrl":"https:\/\/vapemaison.com\/wp-content\/uploads\/2025\/10\/bang-king-85000-triple-3in1-vape-pen-pink.jpg","datePublished":"2025-10-22T09:24:24+00:00","dateModified":"2026-05-08T16:38:01+00:00","description":"Vyzkou\u0161ejte Bang King Triple 85000 Puffs 3 v 1 Vape s 45ML n\u00e1dr\u017eemi s trojitou p\u0159\u00edchut\u00ed Vychutnejte si bohatou chu\u0165 16 jedine\u010dn\u00fdch kombinac\u00ed chut\u00ed v jednom za\u0159\u00edzen\u00ed.","breadcrumb":{"@id":"https:\/\/vapemaison.com\/product\/bang-king-triple-85000-3in1-vape\/#breadcrumb"},"inLanguage":"cs","potentialAction":[{"@type":"ReadAction","target":["https:\/\/vapemaison.com\/product\/bang-king-triple-85000-3in1-vape\/"]}]},{"@type":"ImageObject","inLanguage":"cs","@id":"https:\/\/vapemaison.com\/product\/bang-king-triple-85000-3in1-vape\/#primaryimage","url":"https:\/\/vapemaison.com\/wp-content\/uploads\/2025\/10\/bang-king-85000-triple-3in1-vape-pen-pink.jpg","contentUrl":"https:\/\/vapemaison.com\/wp-content\/uploads\/2025\/10\/bang-king-85000-triple-3in1-vape-pen-pink.jpg","width":1000,"height":1000,"caption":"Bang King Triple 3in1 Vape Pen Pink"},{"@type":"BreadcrumbList","@id":"https:\/\/vapemaison.com\/product\/bang-king-triple-85000-3in1-vape\/#breadcrumb","itemListElement":[{"@type":"ListItem","position":1,"name":"\u9996\u9875","item":"https:\/\/vapemaison.com\/"},{"@type":"ListItem","position":2,"name":"Shop","item":"https:\/\/vapemaison.com\/shop\/"},{"@type":"ListItem","position":3,"name":"Bang","item":"https:\/\/vapemaison.com\/brand\/bang\/"},{"@type":"ListItem","position":4,"name":"Bang King Triple 85K 3\u2011in\u20111 Disposable Vape | 85,000 Puffs | Triple Flavor Pods"}]},{"@type":"WebSite","@id":"https:\/\/vapemaison.com\/#website","url":"https:\/\/vapemaison.com\/","name":"VapeMaison","description":"Pr\u00e9miov\u00e1 vapingov\u00e1 za\u0159\u00edzen\u00ed a p\u0159\u00edslu\u0161enstv\u00ed","publisher":{"@id":"https:\/\/vapemaison.com\/#organization"},"potentialAction":[{"@type":"SearchAction","target":{"@type":"EntryPoint","urlTemplate":"https:\/\/vapemaison.com\/?s={search_term_string}"},"query-input":{"@type":"PropertyValueSpecification","valueRequired":true,"valueName":"search_term_string"}}],"inLanguage":"cs"},{"@type":"Organization","@id":"https:\/\/vapemaison.com\/#organization","name":"VapeMaison","url":"https:\/\/vapemaison.com\/","logo":{"@type":"ImageObject","inLanguage":"cs","@id":"https:\/\/vapemaison.com\/#\/schema\/logo\/image\/","url":"https:\/\/vapemaison.com\/wp-content\/uploads\/2026\/01\/cropped-vapemaison-logo-g-2026.webp","contentUrl":"https:\/\/vapemaison.com\/wp-content\/uploads\/2026\/01\/cropped-vapemaison-logo-g-2026.webp","width":350,"height":280,"caption":"VapeMaison"},"image":{"@id":"https:\/\/vapemaison.com\/#\/schema\/logo\/image\/"},"sameAs":["https:\/\/www.youtube.com\/@VapeMaison"]}]}},"tiered_pricing_type":"fixed","tiered_pricing_fixed_rules":{"30":"9.69","50":"9.39","100":"8.99","200":"8.19"},"tiered_pricing_product_settings":{"layout":"default","base_unit_name":{"singular":null,"plural":null},"default_variation":null},"tiered_pricing_minimum_quantity":10,"tiered_pricing_roles_data":[],"tiered_pricing_percentage_rules":[],"tiered_pricing_maximum_quantity":null,"tiered_pricing_quantity_step":"10","_links":{"self":[{"href":"https:\/\/vapemaison.com\/cs\/wp-json\/wp\/v2\/product\/8126","targetHints":{"allow":["GET"]}}],"collection":[{"href":"https:\/\/vapemaison.com\/cs\/wp-json\/wp\/v2\/product"}],"about":[{"href":"https:\/\/vapemaison.com\/cs\/wp-json\/wp\/v2\/types\/product"}],"replies":[{"embeddable":true,"href":"https:\/\/vapemaison.com\/cs\/wp-json\/wp\/v2\/comments?post=8126"}],"version-history":[{"count":4,"href":"https:\/\/vapemaison.com\/cs\/wp-json\/wp\/v2\/product\/8126\/revisions"}],"predecessor-version":[{"id":28864,"href":"https:\/\/vapemaison.com\/cs\/wp-json\/wp\/v2\/product\/8126\/revisions\/28864"}],"wp:featuredmedia":[{"embeddable":true,"href":"https:\/\/vapemaison.com\/cs\/wp-json\/wp\/v2\/media\/8131"}],"wp:attachment":[{"href":"https:\/\/vapemaison.com\/cs\/wp-json\/wp\/v2\/media?parent=8126"}],"wp:term":[{"taxonomy":"product_brand","embeddable":true,"href":"https:\/\/vapemaison.com\/cs\/wp-json\/wp\/v2\/product_brand?post=8126"},{"taxonomy":"product_cat","embeddable":true,"href":"https:\/\/vapemaison.com\/cs\/wp-json\/wp\/v2\/product_cat?post=8126"},{"taxonomy":"product_tag","embeddable":true,"href":"https:\/\/vapemaison.com\/cs\/wp-json\/wp\/v2\/product_tag?post=8126"}],"curies":[{"name":"wp","href":"https:\/\/api.w.org\/{rel}","templated":true}]}}