

{"id":8133,"date":"2025-10-22T10:12:47","date_gmt":"2025-10-22T10:12:47","guid":{"rendered":"https:\/\/vapemaison.com\/?post_type=product&#038;p=8133"},"modified":"2026-05-01T09:16:42","modified_gmt":"2026-05-01T09:16:42","slug":"bang-blaze-40000-puffs-vape-recharge-32-prichuti-combos","status":"publish","type":"product","link":"https:\/\/vapemaison.com\/cs\/product\/bang-blaze-40000-puffs-vape-recharge-32-flavor-combos\/","title":{"rendered":"Bang Blaze 40000 40K Puffs Vape"},"content":{"rendered":"<p>Bang Blaze 40000 <a href=\"https:\/\/vapemaison.com\/product-category\/puffs-count\/40k-puffs\/\">40K Puffs<\/a> Jednor\u00e1zov\u00fd vape je navr\u017een pro prodlou\u017een\u00fd v\u00fdkon a chu\u0165ovou flexibilitu a poskytuje a\u017e 40 000 potah\u016f v kompaktn\u00edm dob\u00edjec\u00edm za\u0159\u00edzen\u00ed. D\u00edky syst\u00e9mu dvou p\u0159\u00edchut\u00ed a 40ml p\u0159edpln\u011bn\u00e9ho e-liquidu mohou u\u017eivatel\u00e9 p\u0159ep\u00ednat mezi dv\u011bma p\u0159\u00edchut\u011bmi nebo je kombinovat pro sm\u00ed\u0161en\u00fd z\u00e1\u017eitek.<\/p>\n\n\n\n<p>Je vybaven 0,6\u03a9 spir\u00e1lkou s dvojitou m\u0159\u00ed\u017ekou, kter\u00e1 zaji\u0161\u0165uje hladkou, konzistentn\u00ed p\u00e1ru a lep\u0161\u00ed pod\u00e1n\u00ed chuti. Dob\u00edjec\u00ed baterie o kapacit\u011b 650 mAh s nab\u00edjen\u00edm typu C poskytuje spolehlivou energii pro dlouhotrvaj\u00edc\u00ed pou\u017e\u00edv\u00e1n\u00ed, zat\u00edmco v\u00edce nikotinov\u00fdch mo\u017enost\u00ed umo\u017e\u0148uje individu\u00e1ln\u00ed vapingov\u00fd z\u00e1\u017eitek.<\/p>\n\n\n\n<p>Hled\u00e1te dal\u0161\u00ed mo\u017enosti od spole\u010dnosti BANG? Prozkoumejte na\u0161i nab\u00eddku <strong><a href=\"https:\/\/vapemaison.com\/brand\/bang\/\">Kolekce Bang Vape<\/a><\/strong> a objevte \u0161irokou \u0161k\u00e1lu p\u0159\u00edchut\u00ed, po\u010dt\u016f puf\u016f a nejnov\u011bj\u0161\u00edch dostupn\u00fdch model\u016f.<\/p>\n\n\n\n<h2 class=\"wp-block-heading\"><strong>Specifikace<\/strong><\/h2>\n\n\n\n<figure class=\"wp-block-table\"><table class=\"has-fixed-layout\"><thead><tr><th>Specifikace<\/th><th>Podrobnosti na<\/th><\/tr><\/thead><tbody><tr><td>Po\u010det puf\u016f<\/td><td>A\u017e 40 000 vdech\u016f<\/td><\/tr><tr><td>Kapacita e-liquidu<\/td><td>40 ml p\u0159edpln\u011bn\u00e9 n\u00e1pln\u011b<\/td><\/tr><tr><td>Syst\u00e9m p\u0159\u00edchut\u00ed<\/td><td>Dvojit\u00e1 p\u0159\u00edchu\u0165 (m\u00edchateln\u00e1)<\/td><\/tr><tr><td>Baterie<\/td><td>Dob\u00edjec\u00ed baterie 650 mAh<\/td><\/tr><tr><td>C\u00edvka<\/td><td>Dvojit\u00e1 s\u00ed\u0165ov\u00e1 c\u00edvka (0,6\u03a9)<\/td><\/tr><tr><td>Nab\u00edjen\u00ed<\/td><td>USB typu C<\/td><\/tr><tr><td>S\u00edla nikotinu<\/td><td>0%, 2%, 3%, 5%<\/td><\/tr><tr><td>Operace<\/td><td>Kreslen\u00ed aktivovan\u00e9<\/td><\/tr><\/tbody><\/table><\/figure>\n\n\n\n<h3 class=\"wp-block-heading\">Dostupn\u00e9 kombinace dvou p\u0159\u00edchut\u00ed (32 mo\u017enost\u00ed):<\/h3>\n\n\n\n<ol class=\"wp-block-list\">\n<li>Vodn\u00ed meloun \/ Jahodov\u00fd meloun<\/li>\n\n\n\n<li>Bor\u016fvkov\u00fd led \/ Bor\u016fvkov\u00e1 malina<\/li>\n\n\n\n<li>Mango Ice \/ Strawberry Mango<\/li>\n\n\n\n<li>Vodn\u00ed meloun \/ Vodn\u00ed meloun Bubblegum<\/li>\n\n\n\n<li>Ananasov\u00fd led \/ Ananasov\u00fd kokos<\/li>\n\n\n\n<li>Sm\u00ed\u0161en\u00e9 ovoce \/ Trojit\u00e9 bobule<\/li>\n\n\n\n<li>Broskvov\u00fd led \/ Mango Peach<\/li>\n\n\n\n<li>T\u0159e\u0161\u0148ov\u00e1 \/ Cherry Coke<\/li>\n\n\n\n<li>Hroznov\u00e9 v\u00edno \/ Bor\u016fvka Hroznov\u00e9 v\u00edno<\/li>\n\n\n\n<li>M\u00e1ta \/ Bor\u016fvkov\u00e1 m\u00e1ta<\/li>\n\n\n\n<li>Black Dragon Ice \/ Red Bull<\/li>\n\n\n\n<li>Jahodov\u00fd led \/ Jahodov\u00e9 kiwi<\/li>\n\n\n\n<li>Tropick\u00e9 ovoce \/ Trojit\u00fd meloun<\/li>\n\n\n\n<li>Kysel\u00e9 mango ananas \/ citron limetka<\/li>\n\n\n\n<li>Letn\u00ed \u010das \/ Jable\u010dn\u00fd led<\/li>\n\n\n\n<li>Duhov\u00e9 bonb\u00f3ny \/ Arktick\u00e9 mra\u017een\u00ed<\/li>\n\n\n\n<li>Malinov\u00fd meloun \/ Jieshuang<\/li>\n\n\n\n<li>Lemon Romance \/ California Cherry<\/li>\n\n\n\n<li>Mango Peach Apricot \/ White Gummies<\/li>\n\n\n\n<li>Mary's Dream \/ Aloe Mango Melon Ice<\/li>\n\n\n\n<li>Kiwi Mu\u010denka Guava \/ Bor\u016fvka T\u0159e\u0161e\u0148<\/li>\n\n\n\n<li>Ananasov\u00e9 mango \/ ananasovo-kokosov\u00fd led<\/li>\n\n\n\n<li>Malina Meloun \/ Aloe Vera Hroznov\u00e9 v\u00edno<\/li>\n\n\n\n<li>Lychee Ice \/ Strawberry Lychee<\/li>\n\n\n\n<li>Pl\u00e1\u017eov\u00fd sex \/ Malinov\u00fd meloun<\/li>\n\n\n\n<li>Gumov\u00fd medv\u00eddek \/ Malinov\u00e1 \u010dern\u00e1 t\u0159pytka<\/li>\n\n\n\n<li>Bobule Cool \/ Meloun Sour Peach<\/li>\n\n\n\n<li>Jahoda Ban\u00e1n \/ Mu\u010denka Kiwi<\/li>\n\n\n\n<li>Acai Storm Ice \/ Love 66<\/li>\n\n\n\n<li>R\u016f\u017eov\u00e1 limon\u00e1da \/ Blueberry Cherry Lemon<\/li>\n\n\n\n<li>Jahodov\u00e1 zmrzlina \/ Jahodov\u00e1 vanilka<\/li>\n\n\n\n<li>Bor\u016fvka Brusinka T\u0159e\u0161e\u0148 \/ Meloun T\u0159e\u0161e\u0148<\/li>\n<\/ol>\n\n\n\n<p><\/p>","protected":false},"excerpt":{"rendered":"<p>Za\u017eijte v\u00fddr\u017e a chu\u0165 na nov\u00e9 \u00farovni s Bang Blaze 40000 Puffs Vape. D\u00edky syst\u00e9mu dvou p\u0159\u00edchut\u00ed o objemu 40 ml si m\u016f\u017eete vychutnat dv\u011b odd\u011blen\u00e9 p\u0159\u00edchut\u011b nebo je sm\u00edchat a z\u00edskat tak jedine\u010dnou t\u0159et\u00ed sm\u011bs.  Je k dispozici v nikotinov\u00fdch variant\u00e1ch 0%, 2%, 3% a 5% a p\u0159edstavuje ide\u00e1ln\u00ed volbu pro u\u017eivatele, kte\u0159\u00ed si cen\u00ed v\u00fdkonu i rozmanitosti.<\/p>","protected":false},"featured_media":8156,"comment_status":"open","ping_status":"closed","template":"","meta":[],"product_brand":[57],"product_cat":[135,142],"product_tag":[],"class_list":{"0":"post-8133","1":"product","2":"type-product","3":"status-publish","4":"has-post-thumbnail","6":"product_brand-bang","7":"product_cat-40k-puffs","8":"product_cat-eu-stock","10":"first","11":"instock","12":"sale","13":"shipping-taxable","14":"purchasable","15":"product-type-variable"},"yoast_head":"<!-- This site is optimized with the Yoast SEO plugin v27.4 - https:\/\/yoast.com\/product\/yoast-seo-wordpress\/ -->\n<title>Bang Blaze 40000 40K Puffs Disposable Vape<\/title>\n<meta name=\"description\" content=\"Experience the Bang Blaze 40000 40K Puffs Vape with 40ML dual-flavor e-liquid. Enjoy up to 40K Puffs with triple taste options .\" \/>\n<meta name=\"robots\" content=\"index, follow, max-snippet:-1, max-image-preview:large, max-video-preview:-1\" \/>\n<link rel=\"canonical\" href=\"https:\/\/vapemaison.com\/cs\/produkt\/bang-blaze-40000-puffs-vape-recharge-32-prichuti-combos\/\" \/>\n<meta property=\"og:locale\" content=\"cs_CZ\" \/>\n<meta property=\"og:type\" content=\"article\" \/>\n<meta property=\"og:title\" content=\"Bang Blaze 40000 40K Puffs Disposable Vape\" \/>\n<meta property=\"og:description\" content=\"Experience the Bang Blaze 40000 40K Puffs Vape with 40ML dual-flavor e-liquid. Enjoy up to 40K Puffs with triple taste options .\" \/>\n<meta property=\"og:url\" content=\"https:\/\/vapemaison.com\/cs\/produkt\/bang-blaze-40000-puffs-vape-recharge-32-prichuti-combos\/\" \/>\n<meta property=\"og:site_name\" content=\"VapeMaison\" \/>\n<meta property=\"article:modified_time\" content=\"2026-05-01T09:16:42+00:00\" \/>\n<meta property=\"og:image\" content=\"https:\/\/vapemaison.com\/wp-content\/uploads\/2025\/10\/bang-blaze-40000-puffs-vape-flavor-12.jpg\" \/>\n\t<meta property=\"og:image:width\" content=\"800\" \/>\n\t<meta property=\"og:image:height\" content=\"800\" \/>\n\t<meta property=\"og:image:type\" content=\"image\/jpeg\" \/>\n<meta name=\"twitter:card\" content=\"summary_large_image\" \/>\n<meta name=\"twitter:label1\" content=\"Odhadovan\u00e1 doba \u010dten\u00ed\" \/>\n\t<meta name=\"twitter:data1\" content=\"2 minuty\" \/>\n<!-- \/ Yoast SEO plugin. -->","yoast_head_json":{"title":"Bang Blaze 40000 40K Puffs Jednor\u00e1zov\u00e9 vape","description":"Vyzkou\u0161ejte Bang Blaze 40000 40K Puffs Vape s 40ML e-liquidem s dvoj\u00ed p\u0159\u00edchut\u00ed. Vychutnejte si a\u017e 40K Puffs s troj\u00ed mo\u017enost\u00ed chuti .","robots":{"index":"index","follow":"follow","max-snippet":"max-snippet:-1","max-image-preview":"max-image-preview:large","max-video-preview":"max-video-preview:-1"},"canonical":"https:\/\/vapemaison.com\/cs\/produkt\/bang-blaze-40000-puffs-vape-recharge-32-prichuti-combos\/","og_locale":"cs_CZ","og_type":"article","og_title":"Bang Blaze 40000 40K Puffs Disposable Vape","og_description":"Experience the Bang Blaze 40000 40K Puffs Vape with 40ML dual-flavor e-liquid. Enjoy up to 40K Puffs with triple taste options .","og_url":"https:\/\/vapemaison.com\/cs\/produkt\/bang-blaze-40000-puffs-vape-recharge-32-prichuti-combos\/","og_site_name":"VapeMaison","article_modified_time":"2026-05-01T09:16:42+00:00","og_image":[{"width":800,"height":800,"url":"https:\/\/vapemaison.com\/wp-content\/uploads\/2025\/10\/bang-blaze-40000-puffs-vape-flavor-12.jpg","type":"image\/jpeg"}],"twitter_card":"summary_large_image","twitter_misc":{"Odhadovan\u00e1 doba \u010dten\u00ed":"2 minuty"},"schema":{"@context":"https:\/\/schema.org","@graph":[{"@type":"WebPage","@id":"https:\/\/vapemaison.com\/product\/bang-blaze-40000-puffs-vape-recharge-32-flavor-combos\/","url":"https:\/\/vapemaison.com\/product\/bang-blaze-40000-puffs-vape-recharge-32-flavor-combos\/","name":"Bang Blaze 40000 40K Puffs Jednor\u00e1zov\u00e9 vape","isPartOf":{"@id":"https:\/\/vapemaison.com\/#website"},"primaryImageOfPage":{"@id":"https:\/\/vapemaison.com\/product\/bang-blaze-40000-puffs-vape-recharge-32-flavor-combos\/#primaryimage"},"image":{"@id":"https:\/\/vapemaison.com\/product\/bang-blaze-40000-puffs-vape-recharge-32-flavor-combos\/#primaryimage"},"thumbnailUrl":"https:\/\/vapemaison.com\/wp-content\/uploads\/2025\/10\/bang-blaze-40000-puffs-vape-flavor-12.jpg","datePublished":"2025-10-22T10:12:47+00:00","dateModified":"2026-05-01T09:16:42+00:00","description":"Vyzkou\u0161ejte Bang Blaze 40000 40K Puffs Vape s 40ML e-liquidem s dvoj\u00ed p\u0159\u00edchut\u00ed. Vychutnejte si a\u017e 40K Puffs s troj\u00ed mo\u017enost\u00ed chuti .","breadcrumb":{"@id":"https:\/\/vapemaison.com\/product\/bang-blaze-40000-puffs-vape-recharge-32-flavor-combos\/#breadcrumb"},"inLanguage":"cs","potentialAction":[{"@type":"ReadAction","target":["https:\/\/vapemaison.com\/product\/bang-blaze-40000-puffs-vape-recharge-32-flavor-combos\/"]}]},{"@type":"ImageObject","inLanguage":"cs","@id":"https:\/\/vapemaison.com\/product\/bang-blaze-40000-puffs-vape-recharge-32-flavor-combos\/#primaryimage","url":"https:\/\/vapemaison.com\/wp-content\/uploads\/2025\/10\/bang-blaze-40000-puffs-vape-flavor-12.jpg","contentUrl":"https:\/\/vapemaison.com\/wp-content\/uploads\/2025\/10\/bang-blaze-40000-puffs-vape-flavor-12.jpg","width":800,"height":800,"caption":"Bang Blaze Puffs Vape Flavor"},{"@type":"BreadcrumbList","@id":"https:\/\/vapemaison.com\/product\/bang-blaze-40000-puffs-vape-recharge-32-flavor-combos\/#breadcrumb","itemListElement":[{"@type":"ListItem","position":1,"name":"\u9996\u9875","item":"https:\/\/vapemaison.com\/"},{"@type":"ListItem","position":2,"name":"Shop","item":"https:\/\/vapemaison.com\/shop\/"},{"@type":"ListItem","position":3,"name":"Bang","item":"https:\/\/vapemaison.com\/brand\/bang\/"},{"@type":"ListItem","position":4,"name":"Bang Blaze 40000 40K Puffs Vape"}]},{"@type":"WebSite","@id":"https:\/\/vapemaison.com\/#website","url":"https:\/\/vapemaison.com\/","name":"VapeMaison","description":"Pr\u00e9miov\u00e1 vapingov\u00e1 za\u0159\u00edzen\u00ed a p\u0159\u00edslu\u0161enstv\u00ed","publisher":{"@id":"https:\/\/vapemaison.com\/#organization"},"potentialAction":[{"@type":"SearchAction","target":{"@type":"EntryPoint","urlTemplate":"https:\/\/vapemaison.com\/?s={search_term_string}"},"query-input":{"@type":"PropertyValueSpecification","valueRequired":true,"valueName":"search_term_string"}}],"inLanguage":"cs"},{"@type":"Organization","@id":"https:\/\/vapemaison.com\/#organization","name":"VapeMaison","url":"https:\/\/vapemaison.com\/","logo":{"@type":"ImageObject","inLanguage":"cs","@id":"https:\/\/vapemaison.com\/#\/schema\/logo\/image\/","url":"https:\/\/vapemaison.com\/wp-content\/uploads\/2026\/01\/cropped-vapemaison-logo-g-2026.webp","contentUrl":"https:\/\/vapemaison.com\/wp-content\/uploads\/2026\/01\/cropped-vapemaison-logo-g-2026.webp","width":350,"height":280,"caption":"VapeMaison"},"image":{"@id":"https:\/\/vapemaison.com\/#\/schema\/logo\/image\/"},"sameAs":["https:\/\/www.youtube.com\/@VapeMaison"]}]}},"tiered_pricing_type":"fixed","tiered_pricing_fixed_rules":{"30":"8.98","50":"8.58","100":"8.10","200":"7.69"},"tiered_pricing_product_settings":{"layout":"default","base_unit_name":{"singular":null,"plural":null},"default_variation":null},"tiered_pricing_minimum_quantity":10,"tiered_pricing_roles_data":[],"tiered_pricing_percentage_rules":[],"tiered_pricing_maximum_quantity":null,"tiered_pricing_quantity_step":"10","_links":{"self":[{"href":"https:\/\/vapemaison.com\/cs\/wp-json\/wp\/v2\/product\/8133","targetHints":{"allow":["GET"]}}],"collection":[{"href":"https:\/\/vapemaison.com\/cs\/wp-json\/wp\/v2\/product"}],"about":[{"href":"https:\/\/vapemaison.com\/cs\/wp-json\/wp\/v2\/types\/product"}],"replies":[{"embeddable":true,"href":"https:\/\/vapemaison.com\/cs\/wp-json\/wp\/v2\/comments?post=8133"}],"version-history":[{"count":2,"href":"https:\/\/vapemaison.com\/cs\/wp-json\/wp\/v2\/product\/8133\/revisions"}],"predecessor-version":[{"id":28427,"href":"https:\/\/vapemaison.com\/cs\/wp-json\/wp\/v2\/product\/8133\/revisions\/28427"}],"wp:featuredmedia":[{"embeddable":true,"href":"https:\/\/vapemaison.com\/cs\/wp-json\/wp\/v2\/media\/8156"}],"wp:attachment":[{"href":"https:\/\/vapemaison.com\/cs\/wp-json\/wp\/v2\/media?parent=8133"}],"wp:term":[{"taxonomy":"product_brand","embeddable":true,"href":"https:\/\/vapemaison.com\/cs\/wp-json\/wp\/v2\/product_brand?post=8133"},{"taxonomy":"product_cat","embeddable":true,"href":"https:\/\/vapemaison.com\/cs\/wp-json\/wp\/v2\/product_cat?post=8133"},{"taxonomy":"product_tag","embeddable":true,"href":"https:\/\/vapemaison.com\/cs\/wp-json\/wp\/v2\/product_tag?post=8133"}],"curies":[{"name":"wp","href":"https:\/\/api.w.org\/{rel}","templated":true}]}}