

{"id":8253,"date":"2025-10-23T05:30:13","date_gmt":"2025-10-23T05:30:13","guid":{"rendered":"https:\/\/vapemaison.com\/?post_type=product&#038;p=8253"},"modified":"2026-04-14T10:58:49","modified_gmt":"2026-04-14T10:58:49","slug":"bang-25000-puffs-jednorazove-vape","status":"publish","type":"product","link":"https:\/\/vapemaison.com\/cs\/product\/bang-25000-puffs-disposable-vape\/","title":{"rendered":"Bang 25000 25k Puffs Vape na jedno pou\u017eit\u00ed"},"content":{"rendered":"<p>Jednor\u00e1zov\u00e1 vape Bang 25k Puffs je navr\u017eena tak, aby poskytovala rovnov\u00e1hu mezi dlouhotrvaj\u00edc\u00edm v\u00fdkonem, konzistentn\u00ed chut\u00ed a u\u017eivatelsky p\u0159\u00edv\u011btiv\u00fdm ovl\u00e1d\u00e1n\u00edm. S v\u00fddr\u017e\u00ed a\u017e 25 000 potah\u016f a kapacitou 30 ml p\u0159edpln\u011bn\u00e9ho e-liquidu umo\u017e\u0148uje del\u0161\u00ed pou\u017e\u00edv\u00e1n\u00ed ve srovn\u00e1n\u00ed se standardn\u00edmi jednor\u00e1zov\u00fdmi za\u0159\u00edzen\u00edmi.<\/p>\n\n\n\n<p>Za\u0159\u00edzen\u00ed je nap\u00e1jeno dob\u00edjec\u00ed bateri\u00ed s kapacitou 650 mAh, kter\u00e1 zaji\u0161\u0165uje stabiln\u00ed v\u00fdkon po celou dobu \u017eivotnosti. Nastaviteln\u00fd syst\u00e9m airflow umo\u017e\u0148uje u\u017eivatel\u016fm jemn\u011b vyladit hustotu p\u00e1ry a odpor potahu, zat\u00edmco 1,0\u03a9 mesh spir\u00e1lka zvy\u0161uje konzistenci chuti a plynulou produkci p\u00e1ry. K dispozici je n\u011bkolik mo\u017enost\u00ed s\u00edly nikotinu, kter\u00e9 nab\u00edzej\u00ed flexibilitu pro r\u016fzn\u00e9 preference.<\/p>\n\n\n\n<p>Hled\u00e1te dal\u0161\u00ed mo\u017enosti od spole\u010dnosti BANG? Prozkoumejte na\u0161i nab\u00eddku <strong><a href=\"https:\/\/vapemaison.com\/brand\/bang\/\">Kolekce Bang Vape<\/a><\/strong> a objevte \u0161irokou \u0161k\u00e1lu p\u0159\u00edchut\u00ed, po\u010dt\u016f puf\u016f a nejnov\u011bj\u0161\u00edch dostupn\u00fdch model\u016f.Nev\u00edte, kter\u00fd si vybrat? P\u0159e\u010dt\u011bte si n\u00e1\u0161 <strong><a href=\"https:\/\/vapemaison.com\/2026-no-nicotine-vape-guide-why-zero-nic-is-the-future-of-vaping\/\">n\u00e1vod, jak si vybrat spr\u00e1vnou jednor\u00e1zovou vapku<\/a><\/strong> a naj\u00edt tu nejlep\u0161\u00ed mo\u017enost pro va\u0161e pot\u0159eby.M\u016f\u017eete si tak\u00e9 prohl\u00e9dnout na\u0161e <strong><a href=\"https:\/\/vapemaison.com\/product-category\/hot-series\/\">nejprod\u00e1van\u011bj\u0161\u00ed jednor\u00e1zov\u00e9 vapes<\/a><\/strong> a pod\u00edvat se, co pr\u00e1v\u011b te\u010f kupuj\u00ed ostatn\u00ed z\u00e1kazn\u00edci.<\/p>\n\n\n\n<p><\/p>\n\n\n\n<h2 class=\"wp-block-heading\"><strong>Specifikace<\/strong><\/h2>\n\n\n\n<figure class=\"wp-block-table\"><table class=\"has-fixed-layout\"><thead><tr><th>Specifikace<\/th><th>Podrobnosti na<\/th><\/tr><\/thead><tbody><tr><td>Po\u010det puf\u016f<\/td><td>A\u017e 25 000 puff\u016f<\/td><\/tr><tr><td>Kapacita e-liquidu<\/td><td>30 ml p\u0159edpln\u011bn\u00e9 n\u00e1pln\u011b<\/td><\/tr><tr><td>Baterie<\/td><td>Dob\u00edjec\u00ed baterie 650 mAh<\/td><\/tr><tr><td>C\u00edvka<\/td><td>S\u00ed\u0165ov\u00e1 c\u00edvka (1,0\u03a9)<\/td><\/tr><tr><td>Proud\u011bn\u00ed vzduchu<\/td><td>Nastaviteln\u00e9<\/td><\/tr><tr><td>Nab\u00edjen\u00ed<\/td><td>USB typu C<\/td><\/tr><tr><td>S\u00edla nikotinu<\/td><td>0%, 2%, 3%, 5%<\/td><\/tr><tr><td>Operace<\/td><td>Kreslen\u00ed aktivovan\u00e9<\/td><\/tr><\/tbody><\/table><\/figure>\n\n\n\n<h2 class=\"wp-block-heading\"><strong>Dostupn\u00e9 p\u0159\u00edchut\u011b<\/strong><\/h2>\n\n\n\n<ul class=\"wp-block-list\">\n<li>Bor\u016fvkov\u00fd led<\/li>\n\n\n\n<li>Jahodov\u00e9 kiwi<\/li>\n\n\n\n<li>Jahodov\u00fd meloun<\/li>\n\n\n\n<li>Sm\u00ed\u0161en\u00e9 ovoce<\/li>\n\n\n\n<li>Bor\u016fvkov\u00e1 m\u00e1ta<\/li>\n\n\n\n<li>Tyg\u0159\u00ed krev<\/li>\n\n\n\n<li>Mango Peach<\/li>\n\n\n\n<li>Hroznov\u00fd led<\/li>\n\n\n\n<li>Bor\u016fvka malina<\/li>\n\n\n\n<li>Melounov\u00fd led<\/li>\n\n\n\n<li>Melounov\u00e1 \u017ev\u00fdka\u010dka<\/li>\n\n\n\n<li>Jahodov\u00e1 zmrzlina<\/li>\n<\/ul>\n\n\n\n<h2 class=\"wp-block-heading\"><strong>Pro\u010d si vybrat Bang 25k Puffs<\/strong><\/h2>\n\n\n\n<p>Bang 25000 je ur\u010den pro u\u017eivatele, kte\u0159\u00ed vy\u017eaduj\u00ed del\u0161\u00ed pou\u017e\u00edv\u00e1n\u00ed bez ztr\u00e1ty kontroly nebo kvality chuti. Jeho velk\u00e1 kapacita e-liquidu a vysok\u00fd po\u010det \u0161luk\u016f sni\u017euj\u00ed pot\u0159ebu \u010dast\u00e9 v\u00fdm\u011bny, zat\u00edmco nastaviteln\u00fd syst\u00e9m airflow umo\u017e\u0148uje individu\u00e1ln\u011bj\u0161\u00ed vaping.<\/p>\n\n\n\n<p>Technologie mesh coil zaji\u0161\u0165uje konzistentn\u00ed \u017ehaven\u00ed a plynul\u00fd p\u0159\u00edsun p\u00e1ry a udr\u017euje stabilitu chuti po celou dobu pou\u017e\u00edv\u00e1n\u00ed. V kombinaci s dob\u00edjec\u00ed bateri\u00ed a n\u011bkolika mo\u017enostmi nikotinu nab\u00edz\u00ed praktick\u00e9 a flexibiln\u00ed \u0159e\u0161en\u00ed pro ka\u017edodenn\u00ed vaping.<\/p>\n\n\n\n<p><\/p>","protected":false},"excerpt":{"rendered":"<p>P\u0159edstavujeme jednor\u00e1zov\u00fd vape Bang 25000 potah\u016f, velkokapacitn\u00ed za\u0159\u00edzen\u00ed nab\u00edzej\u00edc\u00ed \u00factyhodn\u00fdch 25 000 potah\u016f pro bezkonkuren\u010dn\u00ed pohodl\u00ed. Tento jednor\u00e1zov\u00fd vape je p\u0159edem napln\u011bn 30 ml e-liquidu a nab\u00edz\u00ed mo\u017enosti s\u00edly nikotinu 0%, 2%, 3% a 5%, co\u017e vyhovuje r\u016fzn\u00fdm u\u017eivatelsk\u00fdm preferenc\u00edm.\u00a0<\/p>","protected":false},"featured_media":8261,"comment_status":"open","ping_status":"closed","template":"","meta":[],"product_brand":[57],"product_cat":[144,142],"product_tag":[],"class_list":{"0":"post-8253","1":"product","2":"type-product","3":"status-publish","4":"has-post-thumbnail","6":"product_brand-bang","7":"product_cat-25k-puffs","8":"product_cat-eu-stock","10":"first","11":"instock","12":"sale","13":"shipping-taxable","14":"purchasable","15":"product-type-variable"},"yoast_head":"<!-- This site is optimized with the Yoast SEO plugin v27.4 - https:\/\/yoast.com\/product\/yoast-seo-wordpress\/ -->\n<title>Bang 25000 25k Puffs Disposable Vape - VapeMaison<\/title>\n<meta name=\"description\" content=\"Discover the Bang 25000 25k Puffs Disposable Vape with 30ml e-liquid, adjustable airflow, and 1.0\u03a9 mesh coil for rich, smooth flavor.\" \/>\n<meta name=\"robots\" content=\"index, follow, max-snippet:-1, max-image-preview:large, max-video-preview:-1\" \/>\n<link rel=\"canonical\" href=\"https:\/\/vapemaison.com\/cs\/produkt\/bang-25000-puffs-jednorazove-vape\/\" \/>\n<meta property=\"og:locale\" content=\"cs_CZ\" \/>\n<meta property=\"og:type\" content=\"article\" \/>\n<meta property=\"og:title\" content=\"Bang 25000 25k Puffs Disposable Vape - VapeMaison\" \/>\n<meta property=\"og:description\" content=\"Discover the Bang 25000 25k Puffs Disposable Vape with 30ml e-liquid, adjustable airflow, and 1.0\u03a9 mesh coil for rich, smooth flavor.\" \/>\n<meta property=\"og:url\" content=\"https:\/\/vapemaison.com\/cs\/produkt\/bang-25000-puffs-jednorazove-vape\/\" \/>\n<meta property=\"og:site_name\" content=\"VapeMaison\" \/>\n<meta property=\"article:modified_time\" content=\"2026-04-14T10:58:49+00:00\" \/>\n<meta property=\"og:image\" content=\"https:\/\/vapemaison.com\/wp-content\/uploads\/2025\/10\/bang-25000-puffs-strawberry-ice-flavor.webp\" \/>\n\t<meta property=\"og:image:width\" content=\"1000\" \/>\n\t<meta property=\"og:image:height\" content=\"1000\" \/>\n\t<meta property=\"og:image:type\" content=\"image\/webp\" \/>\n<meta name=\"twitter:card\" content=\"summary_large_image\" \/>\n<meta name=\"twitter:label1\" content=\"Odhadovan\u00e1 doba \u010dten\u00ed\" \/>\n\t<meta name=\"twitter:data1\" content=\"2 minuty\" \/>\n<!-- \/ Yoast SEO plugin. -->","yoast_head_json":{"title":"Bang 25000 25k Puffs Vape na jedno pou\u017eit\u00ed - VapeMaison","description":"Objevte jednor\u00e1zovou vape Bang 25000 25k Puffs s 30 ml e-liquidu, nastaviteln\u00fdm airflow a 1,0\u03a9 mesh spir\u00e1lkou pro bohatou a jemnou chu\u0165.","robots":{"index":"index","follow":"follow","max-snippet":"max-snippet:-1","max-image-preview":"max-image-preview:large","max-video-preview":"max-video-preview:-1"},"canonical":"https:\/\/vapemaison.com\/cs\/produkt\/bang-25000-puffs-jednorazove-vape\/","og_locale":"cs_CZ","og_type":"article","og_title":"Bang 25000 25k Puffs Disposable Vape - VapeMaison","og_description":"Discover the Bang 25000 25k Puffs Disposable Vape with 30ml e-liquid, adjustable airflow, and 1.0\u03a9 mesh coil for rich, smooth flavor.","og_url":"https:\/\/vapemaison.com\/cs\/produkt\/bang-25000-puffs-jednorazove-vape\/","og_site_name":"VapeMaison","article_modified_time":"2026-04-14T10:58:49+00:00","og_image":[{"width":1000,"height":1000,"url":"https:\/\/vapemaison.com\/wp-content\/uploads\/2025\/10\/bang-25000-puffs-strawberry-ice-flavor.webp","type":"image\/webp"}],"twitter_card":"summary_large_image","twitter_misc":{"Odhadovan\u00e1 doba \u010dten\u00ed":"2 minuty"},"schema":{"@context":"https:\/\/schema.org","@graph":[{"@type":"WebPage","@id":"https:\/\/vapemaison.com\/product\/bang-25000-puffs-disposable-vape\/","url":"https:\/\/vapemaison.com\/product\/bang-25000-puffs-disposable-vape\/","name":"Bang 25000 25k Puffs Vape na jedno pou\u017eit\u00ed - VapeMaison","isPartOf":{"@id":"https:\/\/vapemaison.com\/#website"},"primaryImageOfPage":{"@id":"https:\/\/vapemaison.com\/product\/bang-25000-puffs-disposable-vape\/#primaryimage"},"image":{"@id":"https:\/\/vapemaison.com\/product\/bang-25000-puffs-disposable-vape\/#primaryimage"},"thumbnailUrl":"https:\/\/vapemaison.com\/wp-content\/uploads\/2025\/10\/bang-25000-puffs-strawberry-ice-flavor.webp","datePublished":"2025-10-23T05:30:13+00:00","dateModified":"2026-04-14T10:58:49+00:00","description":"Objevte jednor\u00e1zovou vape Bang 25000 25k Puffs s 30 ml e-liquidu, nastaviteln\u00fdm airflow a 1,0\u03a9 mesh spir\u00e1lkou pro bohatou a jemnou chu\u0165.","breadcrumb":{"@id":"https:\/\/vapemaison.com\/product\/bang-25000-puffs-disposable-vape\/#breadcrumb"},"inLanguage":"cs","potentialAction":[{"@type":"ReadAction","target":["https:\/\/vapemaison.com\/product\/bang-25000-puffs-disposable-vape\/"]}]},{"@type":"ImageObject","inLanguage":"cs","@id":"https:\/\/vapemaison.com\/product\/bang-25000-puffs-disposable-vape\/#primaryimage","url":"https:\/\/vapemaison.com\/wp-content\/uploads\/2025\/10\/bang-25000-puffs-strawberry-ice-flavor.webp","contentUrl":"https:\/\/vapemaison.com\/wp-content\/uploads\/2025\/10\/bang-25000-puffs-strawberry-ice-flavor.webp","width":1000,"height":1000,"caption":"Bang Puffs Strawberry Ice Flavor Disposable Vape Device"},{"@type":"BreadcrumbList","@id":"https:\/\/vapemaison.com\/product\/bang-25000-puffs-disposable-vape\/#breadcrumb","itemListElement":[{"@type":"ListItem","position":1,"name":"\u9996\u9875","item":"https:\/\/vapemaison.com\/"},{"@type":"ListItem","position":2,"name":"Shop","item":"https:\/\/vapemaison.com\/shop\/"},{"@type":"ListItem","position":3,"name":"Bang","item":"https:\/\/vapemaison.com\/brand\/bang\/"},{"@type":"ListItem","position":4,"name":"Bang 25000 25k Puffs Disposable Vape"}]},{"@type":"WebSite","@id":"https:\/\/vapemaison.com\/#website","url":"https:\/\/vapemaison.com\/","name":"VapeMaison","description":"Pr\u00e9miov\u00e1 vapingov\u00e1 za\u0159\u00edzen\u00ed a p\u0159\u00edslu\u0161enstv\u00ed","publisher":{"@id":"https:\/\/vapemaison.com\/#organization"},"potentialAction":[{"@type":"SearchAction","target":{"@type":"EntryPoint","urlTemplate":"https:\/\/vapemaison.com\/?s={search_term_string}"},"query-input":{"@type":"PropertyValueSpecification","valueRequired":true,"valueName":"search_term_string"}}],"inLanguage":"cs"},{"@type":"Organization","@id":"https:\/\/vapemaison.com\/#organization","name":"VapeMaison","url":"https:\/\/vapemaison.com\/","logo":{"@type":"ImageObject","inLanguage":"cs","@id":"https:\/\/vapemaison.com\/#\/schema\/logo\/image\/","url":"https:\/\/vapemaison.com\/wp-content\/uploads\/2026\/01\/cropped-vapemaison-logo-g-2026.webp","contentUrl":"https:\/\/vapemaison.com\/wp-content\/uploads\/2026\/01\/cropped-vapemaison-logo-g-2026.webp","width":350,"height":280,"caption":"VapeMaison"},"image":{"@id":"https:\/\/vapemaison.com\/#\/schema\/logo\/image\/"},"sameAs":["https:\/\/www.youtube.com\/@VapeMaison"]}]}},"tiered_pricing_type":"fixed","tiered_pricing_fixed_rules":{"30":"10.99","50":"10.29","100":"9.56","200":"8.42"},"tiered_pricing_product_settings":{"layout":"default","base_unit_name":{"singular":null,"plural":null},"default_variation":null},"tiered_pricing_minimum_quantity":10,"tiered_pricing_roles_data":[],"tiered_pricing_percentage_rules":[],"tiered_pricing_maximum_quantity":null,"tiered_pricing_quantity_step":"10","_links":{"self":[{"href":"https:\/\/vapemaison.com\/cs\/wp-json\/wp\/v2\/product\/8253","targetHints":{"allow":["GET"]}}],"collection":[{"href":"https:\/\/vapemaison.com\/cs\/wp-json\/wp\/v2\/product"}],"about":[{"href":"https:\/\/vapemaison.com\/cs\/wp-json\/wp\/v2\/types\/product"}],"replies":[{"embeddable":true,"href":"https:\/\/vapemaison.com\/cs\/wp-json\/wp\/v2\/comments?post=8253"}],"version-history":[{"count":2,"href":"https:\/\/vapemaison.com\/cs\/wp-json\/wp\/v2\/product\/8253\/revisions"}],"predecessor-version":[{"id":28430,"href":"https:\/\/vapemaison.com\/cs\/wp-json\/wp\/v2\/product\/8253\/revisions\/28430"}],"wp:featuredmedia":[{"embeddable":true,"href":"https:\/\/vapemaison.com\/cs\/wp-json\/wp\/v2\/media\/8261"}],"wp:attachment":[{"href":"https:\/\/vapemaison.com\/cs\/wp-json\/wp\/v2\/media?parent=8253"}],"wp:term":[{"taxonomy":"product_brand","embeddable":true,"href":"https:\/\/vapemaison.com\/cs\/wp-json\/wp\/v2\/product_brand?post=8253"},{"taxonomy":"product_cat","embeddable":true,"href":"https:\/\/vapemaison.com\/cs\/wp-json\/wp\/v2\/product_cat?post=8253"},{"taxonomy":"product_tag","embeddable":true,"href":"https:\/\/vapemaison.com\/cs\/wp-json\/wp\/v2\/product_tag?post=8253"}],"curies":[{"name":"wp","href":"https:\/\/api.w.org\/{rel}","templated":true}]}}