

{"id":8747,"date":"2025-10-24T08:35:37","date_gmt":"2025-10-24T08:35:37","guid":{"rendered":"https:\/\/vapemaison.com\/?post_type=product&#038;p=8747"},"modified":"2026-03-24T09:07:45","modified_gmt":"2026-03-24T09:07:45","slug":"bang-legenda-150k-puffs-6v1-prichute-jednorazove-vape-tovarna-velkoobchod","status":"publish","type":"product","link":"https:\/\/vapemaison.com\/cs\/product\/bang-legend-150k-puffs-6in1-flavors-disposable-vape-factory-wholesale\/","title":{"rendered":"Bang Legend 150k Puffs | Vape Factory Wholesale"},"content":{"rendered":"<p>Bang Legend <a href=\"https:\/\/vapemaison.com\/product-category\/puffs-count\/150k-puffs\/\">150k Puffs<\/a> Jednor\u00e1zov\u00e9 \u0161luk\u00e1tko Vape nastavuje nov\u00e9 m\u011b\u0159\u00edtko v oblasti dlouh\u00e9 \u017eivotnosti a inovace chuti. Je vybaven <strong>syst\u00e9m t\u0159\u00ed n\u00e1dr\u017e\u00ed<\/strong> a <strong>p\u0159ep\u00edn\u00e1n\u00ed p\u0159\u00edchut\u00ed v \u0161esti re\u017eimech<\/strong>, toto za\u0159\u00edzen\u00ed poskytuje a\u017e <strong>150 000 obl\u00e1\u010dk\u016f<\/strong>, kter\u00e9 vydr\u017e\u00ed d\u00e9le ne\u017e v\u0161echny standardn\u00ed jednor\u00e1zov\u00e9 vapes. Jeho integrovan\u00e1 <strong>Dob\u00edjec\u00ed baterie 850 mAh<\/strong> zaji\u0161\u0165uje konzistentn\u00ed v\u00fdkon, zat\u00edmco <strong>Chytr\u00fd LED displej<\/strong> sleduje po\u010det \u0161luk\u016f, stav baterie a e-liquidu v re\u00e1ln\u00e9m \u010dase.<\/p>\n\n\n\n<p>Hled\u00e1te dal\u0161\u00ed mo\u017enosti od spole\u010dnosti BANG? Prozkoumejte na\u0161i nab\u00eddku <strong><a href=\"https:\/\/vapemaison.com\/brand\/bang\/\">Kolekce Bang Vape<\/a><\/strong> a objevte \u0161irokou \u0161k\u00e1lu p\u0159\u00edchut\u00ed, po\u010dt\u016f puf\u016f a nejnov\u011bj\u0161\u00edch dostupn\u00fdch model\u016f.<\/p>\n\n\n\n<p>Ka\u017ed\u00e9 za\u0159\u00edzen\u00ed je ur\u010deno pro milovn\u00edky chut\u00ed a nab\u00edz\u00ed <strong>t\u0159i pr\u00e9miov\u00e9 p\u0159\u00edchut\u011b<\/strong> s mo\u017enost\u00ed vytv\u00e1\u0159et hybridn\u00ed sm\u011bsi, kter\u00e9 poskytuj\u00ed <strong>bezkonkuren\u010dn\u00ed v\u0161estrannost<\/strong> pro pln\u011b p\u0159izp\u016fsoben\u00fd vapingov\u00fd z\u00e1\u017eitek.<\/p>\n\n\n\n<h2 class=\"wp-block-heading\"><strong>Kl\u00ed\u010dov\u00e9 vlastnosti<\/strong><\/h2>\n\n\n\n<figure class=\"wp-block-table\"><table class=\"has-fixed-layout\"><thead><tr><th>Funkce<\/th><th>Podrobnosti na<\/th><\/tr><\/thead><tbody><tr><td>Maxim\u00e1ln\u00ed po\u010det \u0161luk\u016f<\/td><td>A\u017e 150 tis\u00edc vdech\u016f<\/td><\/tr><tr><td>Konfigurace n\u00e1dr\u017ee<\/td><td>3 nez\u00e1visl\u00e9 n\u00e1dr\u017ee na e-liquid<\/td><\/tr><tr><td>Re\u017eimy p\u0159\u00edchut\u00ed<\/td><td>6 re\u017eim\u016f (A, B, C, A+B, A+C, B+C)<\/td><\/tr><tr><td>Baterie<\/td><td>850mAh dob\u00edjec\u00ed<\/td><\/tr><tr><td>Nab\u00edjen\u00ed<\/td><td>Rychl\u00e9 nab\u00edjen\u00ed typu C<\/td><\/tr><tr><td>Technologie c\u00edvek<\/td><td>Vysoce v\u00fdkonn\u00e1 s\u00ed\u0165ov\u00e1 c\u00edvka<\/td><\/tr><tr><td>Zobrazit<\/td><td>Chytr\u00e1 LED dioda (po\u010det \u0161luk\u016f, baterie, hladina e-liquidu)<\/td><\/tr><tr><td>Mo\u017enosti nikotinu<\/td><td>2%, 3%, 5%<\/td><\/tr><tr><td>Balen\u00ed<\/td><td>10 za\u0159\u00edzen\u00ed v jednom boxu<\/td><\/tr><\/tbody><\/table><\/figure>\n\n\n\n<h2 class=\"wp-block-heading\"><strong>Pr\u00e9miov\u00e9 trojice p\u0159\u00edchut\u00ed<\/strong><\/h2>\n\n\n\n<p>Ka\u017ed\u00e9 za\u0159\u00edzen\u00ed obsahuje <strong>t\u0159i odborn\u011b vybran\u00e9 p\u0159\u00edchut\u011b<\/strong>, s dal\u0161\u00edmi t\u0159emi hybridn\u00edmi mo\u017enostmi:<\/p>\n\n\n\n<figure class=\"wp-block-table is-style-stripes\"><table class=\"has-fixed-layout\"><thead><tr><th>N\u00e1zev tria<\/th><th>P\u0159\u00edchut\u011b<\/th><\/tr><\/thead><tbody><tr><td>Trio mu\u010denek<\/td><td>V\u00e1\u0161niv\u00e1 mu\u010denka \/ Guava Lime \/ Mu\u010denka Lemon<\/td><\/tr><tr><td>Peach Fusion<\/td><td>Peach Ice \/ Mango Peach \/ Blueberry Peach<\/td><\/tr><tr><td>Ananasov\u00e1 bla\u017eenost<\/td><td>Ananasov\u00fd led \/ Ananasov\u00fd kokos \/ Kiwi Ananasov\u00fd led<\/td><\/tr><tr><td>Hroznov\u00e1 symfonie<\/td><td>Hroznov\u00fd led \/ Hroznov\u00e1 \u017ev\u00fdka\u010dka \/ Hroznov\u00e1 malina<\/td><\/tr><tr><td>Sm\u011bs vodn\u00edch meloun\u016f<\/td><td>Melounov\u00fd led \/ Melounov\u00e9 bobule \/ Jahodov\u00fd meloun<\/td><\/tr><tr><td>Bor\u016fvkov\u00e1 kolekce<\/td><td>Bor\u016fvkov\u00fd led \/ bor\u016fvka malina \/ bor\u016fvka brusinka t\u0159e\u0161e\u0148<\/td><\/tr><tr><td>Exotick\u00e1 sm\u011bs<\/td><td>Ban\u00e1nov\u00fd led \/ jahodov\u00fd ban\u00e1n \/ kyselina citronov\u00e1 Orange<\/td><\/tr><tr><td>Jable\u010dn\u00fd sad<\/td><td>Jable\u010dn\u00fd led \/ Jable\u010dn\u00fd hrozen \/ Bor\u016fvkov\u00fd hrozen<\/td><\/tr><tr><td>Mango Medley<\/td><td>Mango Ice \/ Broskev Mango Meloun \/ Gumov\u00fd medv\u00eddek<\/td><\/tr><tr><td>Red Berry Cola<\/td><td>T\u0159e\u0161\u0148ov\u00fd led \/ Sm\u00ed\u0161en\u00e9 bobule \/ \u010cerven\u00e1 kola<\/td><\/tr><tr><td>Energetick\u00fd mix<\/td><td>Red Bull \/ \u017dv\u00fdka\u010dka s melounem \/ L\u00e1ska 66<\/td><\/tr><tr><td>Jahodov\u00e9 pot\u011b\u0161en\u00ed<\/td><td>Jahodov\u00fd led \/ Jahodov\u00e9 kiwi \/ Jahodov\u00e9 li\u010di<\/td><\/tr><\/tbody><\/table><\/figure>\n\n\n\n<h2 class=\"wp-block-heading\"><strong>Pro\u010d si vybrat Bang Legend 150 000<\/strong><\/h2>\n\n\n\n<ul class=\"wp-block-list\">\n<li><strong>Bezkonkuren\u010dn\u00ed v\u00fddr\u017e:<\/strong> Syst\u00e9m t\u0159\u00ed n\u00e1dr\u017eek vydr\u017e\u00ed 150 000 potah\u016f - nejd\u00e9le vydr\u017e\u00ed jednor\u00e1zov\u00e9 \u0161lukov\u00e1n\u00ed na trhu.<\/li>\n\n\n\n<li><strong>P\u0159ep\u00edn\u00e1n\u00ed p\u0159\u00edchut\u00ed v 6 re\u017eimech:<\/strong> Kombinujte p\u0159\u00edchut\u011b pro nekone\u010dnou rozmanitost bez nutnosti m\u011bnit za\u0159\u00edzen\u00ed.<\/li>\n\n\n\n<li><strong>Chytr\u00fd LED displej:<\/strong> Monitorov\u00e1n\u00ed potah\u016f, baterie a e-liquidu v re\u00e1ln\u00e9m \u010dase zaji\u0161\u0165uje bezprobl\u00e9mov\u00e9 pou\u017e\u00edv\u00e1n\u00ed.<\/li>\n\n\n\n<li><strong>Pr\u00e9miov\u00fd v\u00fdkon:<\/strong> Technologie Mesh coil zaji\u0161\u0165uje plynulou p\u00e1ru a konzistentn\u00ed chu\u0165.<\/li>\n\n\n\n<li><strong>Dob\u00edjec\u00ed a pohodln\u00e9:<\/strong> 850mAh baterie s rychl\u00fdm nab\u00edjen\u00edm Type-C pro del\u0161\u00ed sezen\u00ed.<\/li>\n\n\n\n<li><strong>Velkoobchodn\u00ed p\u0159ipravenost:<\/strong> 10 za\u0159\u00edzen\u00ed v jednom boxu, ide\u00e1ln\u00ed pro velkoobjemov\u00fd maloobchod a distribuci.<\/li>\n<\/ul>\n\n\n\n<h2 class=\"wp-block-heading\"><strong>\u010cASTO KLADEN\u00c9 DOTAZY<\/strong><\/h2>\n\n\n\n<p><strong>1. Jak funguje syst\u00e9m t\u0159\u00ed n\u00e1dr\u017e\u00ed?<\/strong><br>T\u0159i nez\u00e1visl\u00e9 n\u00e1dr\u017ee umo\u017e\u0148uj\u00ed p\u0159\u00edstup k \u0161esti re\u017eim\u016fm chuti: A, B, C, A+B, A+C, B+C. U\u017eivatel\u00e9 mohou p\u0159ep\u00ednat nebo m\u00edchat p\u0159\u00edchut\u011b bez nutnosti v\u00fdm\u011bny za\u0159\u00edzen\u00ed.<\/p>\n\n\n\n<p><strong>2. Mohu b\u011bhem pou\u017e\u00edv\u00e1n\u00ed m\u011bnit p\u0159\u00edchut\u011b?<\/strong><br>Ano. Re\u017eimy p\u0159\u00edchut\u00ed lze kdykoli m\u011bnit, abyste z\u00edskali dynamick\u00fd a personalizovan\u00fd vapingov\u00fd z\u00e1\u017eitek.<\/p>\n\n\n\n<p><strong>3. Lze za\u0159\u00edzen\u00ed dob\u00edjet?<\/strong><br>Ano, je dod\u00e1v\u00e1n s <strong>Dob\u00edjec\u00ed baterie 850 mAh<\/strong> a podporuje <strong>Rychl\u00e9 nab\u00edjen\u00ed typu C<\/strong>.<\/p>\n\n\n\n<p><strong>4. Co zobrazuje chytr\u00fd LED displej?<\/strong><br>Zobrazuje <strong>po\u010d\u00edt\u00e1n\u00ed v\u00fdfukov\u00fdch plyn\u016f v re\u00e1ln\u00e9m \u010dase<\/strong>, <strong>\u00farove\u0148 nabit\u00ed baterie<\/strong>, a <strong>hladiny e-liquidu<\/strong> pro ka\u017edou n\u00e1dr\u017e.<\/p>\n\n\n\n<p><strong>5. Jak\u00e1 je s\u00edla nikotinu?<\/strong><br>K dispozici jsou varianty nikotinu 2%, 3% a 5%, kter\u00e9 vyhovuj\u00ed r\u016fzn\u00fdm preferenc\u00edm a p\u0159edpis\u016fm.<\/p>\n\n\n\n<p><strong>6. Jak dlouho trv\u00e1 p\u0159eprava?<\/strong><\/p>\n\n\n\n<ul class=\"wp-block-list\">\n<li>N\u011bmecko: 3-5 pracovn\u00edch dn\u016f<\/li>\n\n\n\n<li>Ostatn\u00ed zem\u011b EU: 5-7 pracovn\u00edch dn\u016f<\/li>\n\n\n\n<li>Mimo Evropu: ~10-15 pracovn\u00edch dn\u016f (z \u010c\u00edny)<\/li>\n<\/ul>\n\n\n\n<p><strong>7. Je tento v\u00fdrobek vhodn\u00fd pro velkoobchod?<\/strong><br>Rozhodn\u011b. Se 150 000 v\u00fddechy, pokro\u010dil\u00fdmi funkcemi a <strong>10 za\u0159\u00edzen\u00ed v krabici<\/strong>, je ide\u00e1ln\u00ed pro maloobchodn\u00edky a distributory, kte\u0159\u00ed hledaj\u00ed v\u00fdrobky s vysokou mar\u017e\u00ed a vysokou popt\u00e1vkou.<\/p>","protected":false},"excerpt":{"rendered":"<p>Jednor\u00e1zov\u00e1 e-cigareta Bang Legend 150 000 \u0161luk\u016f 6 v 1 nastavuje nov\u00e9 m\u011b\u0159\u00edtko pro e-cigarety d\u00edky sv\u00e9 revolu\u010dn\u00ed t\u0159\u00edkomorov\u00e9 konstrukci a v\u00fddr\u017ei a\u017e 150 000 \u0161luk\u016f. Nab\u00edz\u00ed t\u0159i koncentrace nikotinu (2%\/3%\/5%) a \u0161est re\u017eim\u016f p\u0159\u00edchut\u00ed pro bezkonkuren\u010dn\u00ed personalizaci. S\u00ed\u0165ov\u00fd atomiz\u00e9r poskytuje bohatou chu\u0165, zat\u00edmco inteligentn\u00ed LED displej a 850mAh baterie zaji\u0161\u0165uj\u00ed provozuschopnost a dlouhou v\u00fddr\u017e. Je ide\u00e1ln\u00ed volbou pro nad\u0161ence a prodejce e-cigaret.<\/p>","protected":false},"featured_media":8759,"comment_status":"open","ping_status":"closed","template":"","meta":[],"product_brand":[57],"product_cat":[310],"product_tag":[],"class_list":{"0":"post-8747","1":"product","2":"type-product","3":"status-publish","4":"has-post-thumbnail","6":"product_brand-bang","7":"product_cat-150k-puffs","9":"first","10":"instock","11":"sale","12":"shipping-taxable","13":"purchasable","14":"product-type-variable"},"yoast_head":"<!-- This site is optimized with the Yoast SEO plugin v27.4 - https:\/\/yoast.com\/product\/yoast-seo-wordpress\/ -->\n<title>Bang Legend 150k Puffs 6 in 1 Flavors Disposable Vape - VapeMaison<\/title>\n<meta name=\"description\" content=\"Discover the Bang Legend 150k Puffs Disposable Vape, up to 150,000 puffs.Enjoy intense flavor vapor with the ultimate vaping experience.\" \/>\n<meta name=\"robots\" content=\"index, follow, max-snippet:-1, max-image-preview:large, max-video-preview:-1\" \/>\n<link rel=\"canonical\" href=\"https:\/\/vapemaison.com\/cs\/produkt\/bang-legenda-150k-puffs-6v1-prichute-jednorazove-vape-tovarna-velkoobchod\/\" \/>\n<meta property=\"og:locale\" content=\"cs_CZ\" \/>\n<meta property=\"og:type\" content=\"article\" \/>\n<meta property=\"og:title\" content=\"Bang Legend 150k Puffs 6 in 1 Flavors Disposable Vape - VapeMaison\" \/>\n<meta property=\"og:description\" content=\"Discover the Bang Legend 150k Puffs Disposable Vape, up to 150,000 puffs.Enjoy intense flavor vapor with the ultimate vaping experience.\" \/>\n<meta property=\"og:url\" content=\"https:\/\/vapemaison.com\/cs\/produkt\/bang-legenda-150k-puffs-6v1-prichute-jednorazove-vape-tovarna-velkoobchod\/\" \/>\n<meta property=\"og:site_name\" content=\"VapeMaison\" \/>\n<meta property=\"article:modified_time\" content=\"2026-03-24T09:07:45+00:00\" \/>\n<meta property=\"og:image\" content=\"https:\/\/vapemaison.com\/wp-content\/uploads\/2025\/10\/Fdvape-Bang-Legend-150000-150k-Puffs-6-in-1-Flavors-Disposable-Vape-2-3-5-Nicotine-12Tastes-Smart-Display-Vape-Factory-Wholesale.png\" \/>\n\t<meta property=\"og:image:width\" content=\"1000\" \/>\n\t<meta property=\"og:image:height\" content=\"1000\" \/>\n\t<meta property=\"og:image:type\" content=\"image\/png\" \/>\n<meta name=\"twitter:card\" content=\"summary_large_image\" \/>\n<meta name=\"twitter:label1\" content=\"Odhadovan\u00e1 doba \u010dten\u00ed\" \/>\n\t<meta name=\"twitter:data1\" content=\"3 minuty\" \/>\n<!-- \/ Yoast SEO plugin. -->","yoast_head_json":{"title":"Bang Legend 150k Puffs 6 v 1 p\u0159\u00edchut\u00edch na jedno pou\u017eit\u00ed - VapeMaison","description":"Objevte jednor\u00e1zovou vapku Bang Legend 150k Puffs, kter\u00e1 vydr\u017e\u00ed a\u017e 150 000 potah\u016f.Vychutnejte si intenzivn\u00ed chu\u0165 p\u00e1ry a dokonal\u00fd z\u00e1\u017eitek z vapov\u00e1n\u00ed.","robots":{"index":"index","follow":"follow","max-snippet":"max-snippet:-1","max-image-preview":"max-image-preview:large","max-video-preview":"max-video-preview:-1"},"canonical":"https:\/\/vapemaison.com\/cs\/produkt\/bang-legenda-150k-puffs-6v1-prichute-jednorazove-vape-tovarna-velkoobchod\/","og_locale":"cs_CZ","og_type":"article","og_title":"Bang Legend 150k Puffs 6 in 1 Flavors Disposable Vape - VapeMaison","og_description":"Discover the Bang Legend 150k Puffs Disposable Vape, up to 150,000 puffs.Enjoy intense flavor vapor with the ultimate vaping experience.","og_url":"https:\/\/vapemaison.com\/cs\/produkt\/bang-legenda-150k-puffs-6v1-prichute-jednorazove-vape-tovarna-velkoobchod\/","og_site_name":"VapeMaison","article_modified_time":"2026-03-24T09:07:45+00:00","og_image":[{"url":"https:\/\/vapemaison.com\/wp-content\/uploads\/2025\/10\/Fdvape-Bang-Legend-150000-150k-Puffs-6-in-1-Flavors-Disposable-Vape-2-3-5-Nicotine-12Tastes-Smart-Display-Vape-Factory-Wholesale.png","width":1000,"height":1000,"type":"image\/png"}],"twitter_card":"summary_large_image","twitter_misc":{"Odhadovan\u00e1 doba \u010dten\u00ed":"3 minuty"},"schema":{"@context":"https:\/\/schema.org","@graph":[{"@type":"WebPage","@id":"https:\/\/vapemaison.com\/product\/bang-legend-150k-puffs-6in1-flavors-disposable-vape-factory-wholesale\/","url":"https:\/\/vapemaison.com\/product\/bang-legend-150k-puffs-6in1-flavors-disposable-vape-factory-wholesale\/","name":"Bang Legend 150k Puffs 6 v 1 p\u0159\u00edchut\u00edch na jedno pou\u017eit\u00ed - VapeMaison","isPartOf":{"@id":"https:\/\/vapemaison.com\/#website"},"primaryImageOfPage":{"@id":"https:\/\/vapemaison.com\/product\/bang-legend-150k-puffs-6in1-flavors-disposable-vape-factory-wholesale\/#primaryimage"},"image":{"@id":"https:\/\/vapemaison.com\/product\/bang-legend-150k-puffs-6in1-flavors-disposable-vape-factory-wholesale\/#primaryimage"},"thumbnailUrl":"https:\/\/vapemaison.com\/wp-content\/uploads\/2025\/10\/Fdvape-Bang-Legend-150000-150k-Puffs-6-in-1-Flavors-Disposable-Vape-2-3-5-Nicotine-12Tastes-Smart-Display-Vape-Factory-Wholesale.png","datePublished":"2025-10-24T08:35:37+00:00","dateModified":"2026-03-24T09:07:45+00:00","description":"Objevte jednor\u00e1zovou vapku Bang Legend 150k Puffs, kter\u00e1 vydr\u017e\u00ed a\u017e 150 000 potah\u016f.Vychutnejte si intenzivn\u00ed chu\u0165 p\u00e1ry a dokonal\u00fd z\u00e1\u017eitek z vapov\u00e1n\u00ed.","breadcrumb":{"@id":"https:\/\/vapemaison.com\/product\/bang-legend-150k-puffs-6in1-flavors-disposable-vape-factory-wholesale\/#breadcrumb"},"inLanguage":"cs","potentialAction":[{"@type":"ReadAction","target":["https:\/\/vapemaison.com\/product\/bang-legend-150k-puffs-6in1-flavors-disposable-vape-factory-wholesale\/"]}]},{"@type":"ImageObject","inLanguage":"cs","@id":"https:\/\/vapemaison.com\/product\/bang-legend-150k-puffs-6in1-flavors-disposable-vape-factory-wholesale\/#primaryimage","url":"https:\/\/vapemaison.com\/wp-content\/uploads\/2025\/10\/Fdvape-Bang-Legend-150000-150k-Puffs-6-in-1-Flavors-Disposable-Vape-2-3-5-Nicotine-12Tastes-Smart-Display-Vape-Factory-Wholesale.png","contentUrl":"https:\/\/vapemaison.com\/wp-content\/uploads\/2025\/10\/Fdvape-Bang-Legend-150000-150k-Puffs-6-in-1-Flavors-Disposable-Vape-2-3-5-Nicotine-12Tastes-Smart-Display-Vape-Factory-Wholesale.png","width":1000,"height":1000,"caption":"Fdvape Bang Legend 150k Puffs 6 In 1 Flavors Disposable Vape 2 3 5 Nicotine 12tastes Smart Display Factory Wholesale"},{"@type":"BreadcrumbList","@id":"https:\/\/vapemaison.com\/product\/bang-legend-150k-puffs-6in1-flavors-disposable-vape-factory-wholesale\/#breadcrumb","itemListElement":[{"@type":"ListItem","position":1,"name":"\u9996\u9875","item":"https:\/\/vapemaison.com\/"},{"@type":"ListItem","position":2,"name":"Shop","item":"https:\/\/vapemaison.com\/shop\/"},{"@type":"ListItem","position":3,"name":"Bang","item":"https:\/\/vapemaison.com\/brand\/bang\/"},{"@type":"ListItem","position":4,"name":"Bang Legend 150k Puffs | Vape Factory Wholesale"}]},{"@type":"WebSite","@id":"https:\/\/vapemaison.com\/#website","url":"https:\/\/vapemaison.com\/","name":"VapeMaison","description":"Pr\u00e9miov\u00e1 vapingov\u00e1 za\u0159\u00edzen\u00ed a p\u0159\u00edslu\u0161enstv\u00ed","publisher":{"@id":"https:\/\/vapemaison.com\/#organization"},"potentialAction":[{"@type":"SearchAction","target":{"@type":"EntryPoint","urlTemplate":"https:\/\/vapemaison.com\/?s={search_term_string}"},"query-input":{"@type":"PropertyValueSpecification","valueRequired":true,"valueName":"search_term_string"}}],"inLanguage":"cs"},{"@type":"Organization","@id":"https:\/\/vapemaison.com\/#organization","name":"VapeMaison","url":"https:\/\/vapemaison.com\/","logo":{"@type":"ImageObject","inLanguage":"cs","@id":"https:\/\/vapemaison.com\/#\/schema\/logo\/image\/","url":"https:\/\/vapemaison.com\/wp-content\/uploads\/2026\/01\/cropped-vapemaison-logo-g-2026.webp","contentUrl":"https:\/\/vapemaison.com\/wp-content\/uploads\/2026\/01\/cropped-vapemaison-logo-g-2026.webp","width":350,"height":280,"caption":"VapeMaison"},"image":{"@id":"https:\/\/vapemaison.com\/#\/schema\/logo\/image\/"},"sameAs":["https:\/\/www.youtube.com\/@VapeMaison"]}]}},"tiered_pricing_type":"fixed","tiered_pricing_fixed_rules":{"30":"11.12","50":"10.63","100":"9.98","200":"9.58"},"tiered_pricing_product_settings":{"layout":"default","base_unit_name":{"singular":null,"plural":null},"default_variation":null},"tiered_pricing_minimum_quantity":10,"tiered_pricing_roles_data":[],"tiered_pricing_percentage_rules":[],"tiered_pricing_maximum_quantity":null,"tiered_pricing_quantity_step":"10","_links":{"self":[{"href":"https:\/\/vapemaison.com\/cs\/wp-json\/wp\/v2\/product\/8747","targetHints":{"allow":["GET"]}}],"collection":[{"href":"https:\/\/vapemaison.com\/cs\/wp-json\/wp\/v2\/product"}],"about":[{"href":"https:\/\/vapemaison.com\/cs\/wp-json\/wp\/v2\/types\/product"}],"replies":[{"embeddable":true,"href":"https:\/\/vapemaison.com\/cs\/wp-json\/wp\/v2\/comments?post=8747"}],"version-history":[{"count":2,"href":"https:\/\/vapemaison.com\/cs\/wp-json\/wp\/v2\/product\/8747\/revisions"}],"predecessor-version":[{"id":28432,"href":"https:\/\/vapemaison.com\/cs\/wp-json\/wp\/v2\/product\/8747\/revisions\/28432"}],"wp:featuredmedia":[{"embeddable":true,"href":"https:\/\/vapemaison.com\/cs\/wp-json\/wp\/v2\/media\/8759"}],"wp:attachment":[{"href":"https:\/\/vapemaison.com\/cs\/wp-json\/wp\/v2\/media?parent=8747"}],"wp:term":[{"taxonomy":"product_brand","embeddable":true,"href":"https:\/\/vapemaison.com\/cs\/wp-json\/wp\/v2\/product_brand?post=8747"},{"taxonomy":"product_cat","embeddable":true,"href":"https:\/\/vapemaison.com\/cs\/wp-json\/wp\/v2\/product_cat?post=8747"},{"taxonomy":"product_tag","embeddable":true,"href":"https:\/\/vapemaison.com\/cs\/wp-json\/wp\/v2\/product_tag?post=8747"}],"curies":[{"name":"wp","href":"https:\/\/api.w.org\/{rel}","templated":true}]}}