

{"id":8801,"date":"2025-10-24T10:32:47","date_gmt":"2025-10-24T10:32:47","guid":{"rendered":"https:\/\/vapemaison.com\/?post_type=product&#038;p=8801"},"modified":"2026-03-25T08:13:54","modified_gmt":"2026-03-25T08:13:54","slug":"bang-12000-puffs-jednorazove-vape","status":"publish","type":"product","link":"https:\/\/vapemaison.com\/cs\/product\/bang-12000-puffs-disposable-vape\/","title":{"rendered":"Bang Puff 12k Vape na jedno pou\u017eit\u00ed"},"content":{"rendered":"<p>Vyzkou\u0161ejte si v\u00fdkon nov\u00e9 \u00farovn\u011b s vapem Puff 12k, kter\u00fd je ur\u010den pro milovn\u00edky chuti i n\u00e1ro\u010dn\u00e9 u\u017eivatele. Je vybaven v\u00fdkonnou 650mAh bateri\u00ed a velkou kapacitou 20ML e-liquidu, co\u017e zaru\u010duje dlouhotrvaj\u00edc\u00ed pou\u017e\u00edv\u00e1n\u00ed bez nutnosti \u010dast\u00e9ho dob\u00edjen\u00ed.<\/p>\n\n\n\n<p>Pokro\u010dil\u00e9 <strong>Technologie Mesh Coil v kombinaci s mechovou c\u00edvkou 1,0\u03a9<\/strong> poskytuje hlad\u0161\u00ed p\u00e1ru a v\u00fdrazn\u011b zvy\u0161uje \u010distotu chuti. Ka\u017ed\u00e9 \u0161luknut\u00ed je bohat\u00e9, konzistentn\u00ed a uspokojiv\u00e9.<\/p>\n\n\n\n<p>Dob\u00edjen\u00ed je snadn\u00e9 d\u00edky <strong>Port Type-C se vstupem 5V\/1A<\/strong>, co\u017e v\u00e1m umo\u017en\u00ed rychle se vr\u00e1tit k vapov\u00e1n\u00ed. Vestav\u011bn\u00fd <strong>Sv\u011bteln\u00fd efekt LED<\/strong> dod\u00e1v\u00e1 modern\u00ed a stylov\u00fd vzhled a zp\u0159\u00edjem\u0148uje ka\u017ed\u00e9 sezen\u00ed.<\/p>\n\n\n\n<p>A\u0165 u\u017e d\u00e1v\u00e1te p\u0159ednost beznikotinov\u00e9 variant\u011b nebo siln\u011bj\u0161\u00edmu uspokojen\u00ed, tento p\u0159\u00edstroj nab\u00edz\u00ed <strong>0%, 2%, 3% a 5% hladina nikotinu v soli<\/strong> podle sv\u00fdch osobn\u00edch preferenc\u00ed.<\/p>\n\n\n\n<p>Hled\u00e1te dal\u0161\u00ed mo\u017enosti? M\u016f\u017eete prozkoumat na\u0161e <strong><a href=\"https:\/\/vapemaison.com\/brand\/bang\/\">Kolekce BANG vape<\/a><\/strong> a objevte dal\u0161\u00ed p\u0159\u00edchut\u011b a modely. Pokud chcete porovnat s jin\u00fdmi za\u0159\u00edzen\u00edmi, pod\u00edvejte se na na\u0161i nab\u00eddku. <strong>kategorie jednor\u00e1zov\u00fdch vape<\/strong> pro nejprod\u00e1van\u011bj\u0161\u00ed produkty. Nev\u00edte, kter\u00fd si vybrat? P\u0159e\u010dt\u011bte si n\u00e1\u0161 <strong>n\u00e1vod, jak si vybrat spr\u00e1vnou jednor\u00e1zovou vapku<\/strong>. M\u016f\u017eete si tak\u00e9 prohl\u00e9dnout na\u0161e <strong>nejprod\u00e1van\u011bj\u0161\u00ed jednor\u00e1zov\u00e9 vapes<\/strong> a pod\u00edvejte se, co se l\u00edb\u00ed ostatn\u00edm z\u00e1kazn\u00edk\u016fm.<\/p>\n\n\n\n<figure class=\"wp-block-table\"><table class=\"has-fixed-layout\"><thead><tr><th>Specifikace<\/th><th>Podrobnosti na<\/th><\/tr><\/thead><tbody><tr><td>Kapacita e-liquidu<\/td><td>20ML<\/td><\/tr><tr><td>Baterie<\/td><td>650 mAh<\/td><\/tr><tr><td>Nab\u00edjec\u00ed port<\/td><td>Typ C<\/td><\/tr><tr><td>Vstup<\/td><td>5V \/ 1A<\/td><\/tr><tr><td>Typ c\u00edvky<\/td><td>S\u00ed\u0165ov\u00e1 c\u00edvka<\/td><\/tr><tr><td>Odolnost<\/td><td>1.0\u03a9 Mech Coil<\/td><\/tr><tr><td>S\u00edla nikotinu<\/td><td>0% \/ 2% \/ 3% \/ 5%<\/td><\/tr><tr><td>Materi\u00e1l<\/td><td>PC<\/td><\/tr><tr><td>Sv\u011btlo LED<\/td><td>Ano<\/td><\/tr><tr><td>Balen\u00ed<\/td><td>10 ks \/ krabice<\/td><\/tr><tr><td>Z\u00e1ruka<\/td><td>1 rok<\/td><\/tr><tr><td>MFD<\/td><td>Viz balen\u00ed<\/td><\/tr><\/tbody><\/table><\/figure>\n\n\n\n<h2 class=\"wp-block-heading\">Seznam p\u0159\u00edchut\u00ed<\/h2>\n\n\n\n<p>Jahodov\u00fd ban\u00e1n<br>Kiwi Mu\u010denka Ovoce Guava<br>Jahodov\u00e9 kiwi<br>Blue Razz Ice<br>Kysel\u00e9 jablko malina<br>Melounov\u00e1 \u017ev\u00fdka\u010dka<br>Jahodov\u00fd meloun<br>Jahodov\u00fd d\u017eus<br>Black Dragon Ice<br>Melounov\u00fd led<br>Bor\u016fvkov\u00fd led<br>Broskvov\u00fd meloun Mango<br>Hroznov\u00fd led<br>Sm\u00ed\u0161en\u00e9 ovoce<br>Jahodov\u00e9 li\u010di<br>M\u00e1tov\u00fd led<br>Malinov\u00fd meloun<br>Jahodov\u00e1 zmrzlina<br>Broskvov\u00fd led<br>Jahodov\u00e9 mango<\/p>","protected":false},"excerpt":{"rendered":"<p>Experience next-level performance with Puff 12k vape, designed for both flavor lovers and heavy users. Equipped with a powerful 650mAh battery and a large 20ML e-liquid capacity, it ensures long-lasting use without frequent recharging. The advanced Mesh Coil technology combined with a 1.0\u03a9 mech coil delivers smoother vapor and significantly enhances flavor purity. Every puff [&hellip;]<\/p>\n","protected":false},"featured_media":8814,"comment_status":"open","ping_status":"closed","template":"","meta":[],"product_brand":[57],"product_cat":[154],"product_tag":[],"class_list":{"0":"post-8801","1":"product","2":"type-product","3":"status-publish","4":"has-post-thumbnail","6":"product_brand-bang","7":"product_cat-12k-puffs","9":"first","10":"instock","11":"sale","12":"shipping-taxable","13":"purchasable","14":"product-type-variable"},"yoast_head":"<!-- This site is optimized with the Yoast SEO plugin v27.4 - https:\/\/yoast.com\/product\/yoast-seo-wordpress\/ -->\n<title>Bang Puff 12k Disposable Vape - 20ML E-Liquid, Fast Charging<\/title>\n<meta name=\"description\" content=\"Experience the Bang Puff 12k Disposable Vape. Enjoy quick recharging with TYPE-C fast charging and vibrant LED effects. Available your preferences.\" \/>\n<meta name=\"robots\" content=\"index, follow, max-snippet:-1, max-image-preview:large, max-video-preview:-1\" \/>\n<link rel=\"canonical\" href=\"https:\/\/vapemaison.com\/cs\/produkt\/bang-12000-puffs-jednorazove-vape\/\" \/>\n<meta property=\"og:locale\" content=\"cs_CZ\" \/>\n<meta property=\"og:type\" content=\"article\" \/>\n<meta property=\"og:title\" content=\"Bang Puff 12k Disposable Vape - 20ML E-Liquid, Fast Charging\" \/>\n<meta property=\"og:description\" content=\"Experience the Bang Puff 12k Disposable Vape. Enjoy quick recharging with TYPE-C fast charging and vibrant LED effects. Available your preferences.\" \/>\n<meta property=\"og:url\" content=\"https:\/\/vapemaison.com\/cs\/produkt\/bang-12000-puffs-jednorazove-vape\/\" \/>\n<meta property=\"og:site_name\" content=\"VapeMaison\" \/>\n<meta property=\"article:modified_time\" content=\"2026-03-25T08:13:54+00:00\" \/>\n<meta property=\"og:image\" content=\"https:\/\/vapemaison.com\/wp-content\/uploads\/2025\/10\/Bang_12k-1-scaled-1.jpg\" \/>\n\t<meta property=\"og:image:width\" content=\"2045\" \/>\n\t<meta property=\"og:image:height\" content=\"2560\" \/>\n\t<meta property=\"og:image:type\" content=\"image\/jpeg\" \/>\n<meta name=\"twitter:card\" content=\"summary_large_image\" \/>\n<meta name=\"twitter:label1\" content=\"Odhadovan\u00e1 doba \u010dten\u00ed\" \/>\n\t<meta name=\"twitter:data1\" content=\"2 minuty\" \/>\n<!-- \/ Yoast SEO plugin. -->","yoast_head_json":{"title":"Bang Puff 12k jednor\u00e1zov\u00e1 vape - 20ML E-Liquid, rychl\u00e9 nab\u00edjen\u00ed","description":"Vyzkou\u0161ejte jednor\u00e1zov\u00fd vape Bang Puff 12k. U\u017eijte si rychl\u00e9 dob\u00edjen\u00ed d\u00edky rychl\u00e9mu nab\u00edjen\u00ed TYPE-C a z\u00e1\u0159iv\u00e9 LED efekty. K dispozici jsou va\u0161e preference.","robots":{"index":"index","follow":"follow","max-snippet":"max-snippet:-1","max-image-preview":"max-image-preview:large","max-video-preview":"max-video-preview:-1"},"canonical":"https:\/\/vapemaison.com\/cs\/produkt\/bang-12000-puffs-jednorazove-vape\/","og_locale":"cs_CZ","og_type":"article","og_title":"Bang Puff 12k Disposable Vape - 20ML E-Liquid, Fast Charging","og_description":"Experience the Bang Puff 12k Disposable Vape. Enjoy quick recharging with TYPE-C fast charging and vibrant LED effects. Available your preferences.","og_url":"https:\/\/vapemaison.com\/cs\/produkt\/bang-12000-puffs-jednorazove-vape\/","og_site_name":"VapeMaison","article_modified_time":"2026-03-25T08:13:54+00:00","og_image":[{"width":2045,"height":2560,"url":"https:\/\/vapemaison.com\/wp-content\/uploads\/2025\/10\/Bang_12k-1-scaled-1.jpg","type":"image\/jpeg"}],"twitter_card":"summary_large_image","twitter_misc":{"Odhadovan\u00e1 doba \u010dten\u00ed":"2 minuty"},"schema":{"@context":"https:\/\/schema.org","@graph":[{"@type":"WebPage","@id":"https:\/\/vapemaison.com\/product\/bang-12000-puffs-disposable-vape\/","url":"https:\/\/vapemaison.com\/product\/bang-12000-puffs-disposable-vape\/","name":"Bang Puff 12k jednor\u00e1zov\u00e1 vape - 20ML E-Liquid, rychl\u00e9 nab\u00edjen\u00ed","isPartOf":{"@id":"https:\/\/vapemaison.com\/#website"},"primaryImageOfPage":{"@id":"https:\/\/vapemaison.com\/product\/bang-12000-puffs-disposable-vape\/#primaryimage"},"image":{"@id":"https:\/\/vapemaison.com\/product\/bang-12000-puffs-disposable-vape\/#primaryimage"},"thumbnailUrl":"https:\/\/vapemaison.com\/wp-content\/uploads\/2025\/10\/Bang_12k-1-scaled-1.jpg","datePublished":"2025-10-24T10:32:47+00:00","dateModified":"2026-03-25T08:13:54+00:00","description":"Vyzkou\u0161ejte jednor\u00e1zov\u00fd vape Bang Puff 12k. U\u017eijte si rychl\u00e9 dob\u00edjen\u00ed d\u00edky rychl\u00e9mu nab\u00edjen\u00ed TYPE-C a z\u00e1\u0159iv\u00e9 LED efekty. K dispozici jsou va\u0161e preference.","breadcrumb":{"@id":"https:\/\/vapemaison.com\/product\/bang-12000-puffs-disposable-vape\/#breadcrumb"},"inLanguage":"cs","potentialAction":[{"@type":"ReadAction","target":["https:\/\/vapemaison.com\/product\/bang-12000-puffs-disposable-vape\/"]}]},{"@type":"ImageObject","inLanguage":"cs","@id":"https:\/\/vapemaison.com\/product\/bang-12000-puffs-disposable-vape\/#primaryimage","url":"https:\/\/vapemaison.com\/wp-content\/uploads\/2025\/10\/Bang_12k-1-scaled-1.jpg","contentUrl":"https:\/\/vapemaison.com\/wp-content\/uploads\/2025\/10\/Bang_12k-1-scaled-1.jpg","width":2045,"height":2560,"caption":"Bang 12k 1 Scaled Disposable Vape Device"},{"@type":"BreadcrumbList","@id":"https:\/\/vapemaison.com\/product\/bang-12000-puffs-disposable-vape\/#breadcrumb","itemListElement":[{"@type":"ListItem","position":1,"name":"\u9996\u9875","item":"https:\/\/vapemaison.com\/"},{"@type":"ListItem","position":2,"name":"Shop","item":"https:\/\/vapemaison.com\/shop\/"},{"@type":"ListItem","position":3,"name":"Bang","item":"https:\/\/vapemaison.com\/brand\/bang\/"},{"@type":"ListItem","position":4,"name":"Bang Puff 12k Disposable Vape"}]},{"@type":"WebSite","@id":"https:\/\/vapemaison.com\/#website","url":"https:\/\/vapemaison.com\/","name":"VapeMaison","description":"Pr\u00e9miov\u00e1 vapingov\u00e1 za\u0159\u00edzen\u00ed a p\u0159\u00edslu\u0161enstv\u00ed","publisher":{"@id":"https:\/\/vapemaison.com\/#organization"},"potentialAction":[{"@type":"SearchAction","target":{"@type":"EntryPoint","urlTemplate":"https:\/\/vapemaison.com\/?s={search_term_string}"},"query-input":{"@type":"PropertyValueSpecification","valueRequired":true,"valueName":"search_term_string"}}],"inLanguage":"cs"},{"@type":"Organization","@id":"https:\/\/vapemaison.com\/#organization","name":"VapeMaison","url":"https:\/\/vapemaison.com\/","logo":{"@type":"ImageObject","inLanguage":"cs","@id":"https:\/\/vapemaison.com\/#\/schema\/logo\/image\/","url":"https:\/\/vapemaison.com\/wp-content\/uploads\/2026\/01\/cropped-vapemaison-logo-g-2026.webp","contentUrl":"https:\/\/vapemaison.com\/wp-content\/uploads\/2026\/01\/cropped-vapemaison-logo-g-2026.webp","width":350,"height":280,"caption":"VapeMaison"},"image":{"@id":"https:\/\/vapemaison.com\/#\/schema\/logo\/image\/"},"sameAs":["https:\/\/www.youtube.com\/@VapeMaison"]}]}},"tiered_pricing_type":"fixed","tiered_pricing_fixed_rules":{"30":"11.99","50":"10.68","100":"9.42","200":"8.56"},"tiered_pricing_product_settings":{"layout":"default","base_unit_name":{"singular":null,"plural":null},"default_variation":null},"tiered_pricing_minimum_quantity":10,"tiered_pricing_roles_data":[],"tiered_pricing_percentage_rules":[],"tiered_pricing_maximum_quantity":null,"tiered_pricing_quantity_step":"10","_links":{"self":[{"href":"https:\/\/vapemaison.com\/cs\/wp-json\/wp\/v2\/product\/8801","targetHints":{"allow":["GET"]}}],"collection":[{"href":"https:\/\/vapemaison.com\/cs\/wp-json\/wp\/v2\/product"}],"about":[{"href":"https:\/\/vapemaison.com\/cs\/wp-json\/wp\/v2\/types\/product"}],"replies":[{"embeddable":true,"href":"https:\/\/vapemaison.com\/cs\/wp-json\/wp\/v2\/comments?post=8801"}],"version-history":[{"count":2,"href":"https:\/\/vapemaison.com\/cs\/wp-json\/wp\/v2\/product\/8801\/revisions"}],"predecessor-version":[{"id":28449,"href":"https:\/\/vapemaison.com\/cs\/wp-json\/wp\/v2\/product\/8801\/revisions\/28449"}],"wp:featuredmedia":[{"embeddable":true,"href":"https:\/\/vapemaison.com\/cs\/wp-json\/wp\/v2\/media\/8814"}],"wp:attachment":[{"href":"https:\/\/vapemaison.com\/cs\/wp-json\/wp\/v2\/media?parent=8801"}],"wp:term":[{"taxonomy":"product_brand","embeddable":true,"href":"https:\/\/vapemaison.com\/cs\/wp-json\/wp\/v2\/product_brand?post=8801"},{"taxonomy":"product_cat","embeddable":true,"href":"https:\/\/vapemaison.com\/cs\/wp-json\/wp\/v2\/product_cat?post=8801"},{"taxonomy":"product_tag","embeddable":true,"href":"https:\/\/vapemaison.com\/cs\/wp-json\/wp\/v2\/product_tag?post=8801"}],"curies":[{"name":"wp","href":"https:\/\/api.w.org\/{rel}","templated":true}]}}