

{"id":8984,"date":"2025-10-25T07:07:17","date_gmt":"2025-10-25T07:07:17","guid":{"rendered":"https:\/\/vapemaison.com\/?post_type=product&#038;p=8984"},"modified":"2026-05-16T09:26:14","modified_gmt":"2026-05-16T09:26:14","slug":"hume-azul-24000-puffs-jednorazove-vape","status":"publish","type":"product","link":"https:\/\/vapemaison.com\/cs\/product\/hume-azul-24000-puffs-disposable-vape\/","title":{"rendered":"Azul Puff 24k Vape na jedno pou\u017eit\u00ed - pr\u00e9miov\u00e1 s\u00ed\u0165ov\u00e1 c\u00edvka, baterie 600mAh, nikotin 2%"},"content":{"rendered":"<p>Objevte dokonal\u00fd z\u00e1\u017eitek z vapingu s <strong>Azul Puff 24k Vape na jedno pou\u017eit\u00ed<\/strong>, ur\u010den\u00e9 pro ty, kte\u0159\u00ed hledaj\u00ed vysok\u00fd v\u00fdkon a v\u00fdjime\u010dnou chu\u0165. S a\u017e <strong>24 000 obl\u00e1\u010dk\u016f<\/strong> na za\u0159\u00edzen\u00ed, slibuje dlouhodobou spokojenost. Obsahuje <strong>s\u00ed\u0165ov\u00e1 c\u00edvka<\/strong>, a <strong>Baterie s kapacitou 600 mAh<\/strong>, a <strong>Nab\u00edjec\u00ed port typu C<\/strong>, je toto za\u0159\u00edzen\u00ed zkonstruov\u00e1no pro plynul\u00fd a konzistentn\u00ed provoz. Vychutnejte si \u0159adu lahodn\u00fdch chut\u00ed s <strong>2% obsah nikotinu<\/strong>, ide\u00e1ln\u00ed pro ka\u017ed\u00fd vkus.<\/p>\n\n\n\n<figure class=\"wp-block-embed is-type-video is-provider-youtube wp-block-embed-youtube wp-embed-aspect-9-16 wp-has-aspect-ratio\"><div class=\"wp-block-embed__wrapper\">\n<div class=\"video-container\"><iframe title=\"Humo Azul 24000 Puffs Vape - rozbalen\u00ed a n\u00e1vod k pou\u017eit\u00ed | P\u0159\u00edchu\u0165 vodn\u00edho melounu Ice\" width=\"563\" height=\"1000\" src=\"https:\/\/www.youtube.com\/embed\/U0POWHMEwbU?feature=oembed\" frameborder=\"0\" allow=\"accelerometer; autoplay; clipboard-write; encrypted-media; gyroscope; picture-in-picture; web-share\" referrerpolicy=\"strict-origin-when-cross-origin\" allowfullscreen><\/iframe><\/div>\n<\/div><\/figure>\n\n\n\n<h3 class=\"wp-block-heading\"><strong>Pro\u010d si vybrat <strong>Azul Puff 24k Vape na jedno pou\u017eit\u00ed<\/strong>?<\/strong><\/h3>\n\n\n\n<p><strong>Bezkonkuren\u010dn\u00ed kapacita nad\u00fdch\u00e1n\u00ed<\/strong><br>S a\u017e <strong>24000 obl\u00e1\u010dk\u016f<\/strong>, ... <strong>Humo Azul<\/strong> je jedn\u00edm z nejtrvanliv\u011bj\u0161\u00edch jednor\u00e1zov\u00fdch vap\u016f na sou\u010dasn\u00e9m trhu. Rozlu\u010dte se s neust\u00e1l\u00fdm vym\u011b\u0148ov\u00e1n\u00edm a p\u0159iv\u00edtejte t\u00fddny nep\u0159etr\u017eit\u00e9ho po\u017eitku. Je ide\u00e1ln\u00ed pro vapery, kte\u0159\u00ed vy\u017eaduj\u00ed dlouhou \u017eivotnost bez kompromis\u016f ve v\u00fdkonu.<\/p>\n\n\n\n<p><strong>Pokro\u010dil\u00e1 technologie Mesh Coil<\/strong><br>Na\u0161e <strong>S\u00ed\u0165ov\u00e1 c\u00edvka<\/strong> technologick\u00e9 z\u00e1ruky <strong>bohat\u0161\u00ed a jemn\u011bj\u0161\u00ed chu\u0165<\/strong> s ka\u017ed\u00fdm n\u00e1dechem. Na rozd\u00edl od tradi\u010dn\u00edch spir\u00e1lek zah\u0159\u00edvaj\u00ed s\u00ed\u0165ov\u00e9 spir\u00e1lky e-liquid rovnom\u011brn\u011b, \u010d\u00edm\u017e vytv\u00e1\u0159ej\u00ed uspokojiv\u011bj\u0161\u00ed a aromati\u010dt\u011bj\u0161\u00ed p\u00e1ru. O\u010dek\u00e1vejte konzistentn\u00ed chu\u0165, kter\u00e1 se neztr\u00e1c\u00ed - ide\u00e1ln\u00ed pro ka\u017ed\u00e9 sezen\u00ed.<\/p>\n\n\n\n<p><strong>Dlouhotrvaj\u00edc\u00ed v\u00fdkon<\/strong><br>Nap\u00e1jen\u00ed pomoc\u00ed <strong>Dob\u00edjec\u00ed baterie s kapacitou 600 mAh<\/strong>, ... <strong><strong>Humo Azul 24000 Puffs Vape na jedno pou\u017eit\u00ed<\/strong><\/strong> je konstruov\u00e1n pro dlouhodob\u00e9 pou\u017e\u00edv\u00e1n\u00ed. Nab\u00edjejte ji pomoc\u00ed praktick\u00e9ho <strong>Port Type-C<\/strong>, a b\u011bhem okam\u017eiku se vr\u00e1t\u00edte k vapov\u00e1n\u00ed s minim\u00e1ln\u00edmi prostoji.<\/p>\n\n\n\n<p><strong>Hladk\u00e1 nikotinov\u00e1 spokojenost<\/strong><br>S <strong>2% nikotin<\/strong>, ka\u017ed\u00e9 \u0161luknut\u00ed poskytuje ide\u00e1ln\u00ed rovnov\u00e1hu mezi uspokojiv\u00fdm z\u00e1sahem a hladk\u00fdm vapingov\u00fdm z\u00e1\u017eitkem. A\u0165 u\u017e chcete p\u0159ej\u00edt od tradi\u010dn\u00edch cigaret, nebo si prost\u011b jen u\u017e\u00edt \u010dist\u0161\u00ed alternativu, tato vapka v\u00e1m poka\u017ed\u00e9 vyhov\u00ed.<\/p>\n\n\n\n<p><strong>Kl\u00ed\u010dov\u00e9 vlastnosti<\/strong>:<\/p>\n\n\n\n<ul class=\"wp-block-list\">\n<li><strong>24 000 puff\u016f<\/strong>: Maxim\u00e1ln\u00ed kapacita \u0161lukov\u00e1n\u00ed pro del\u0161\u00ed z\u00e1\u017eitek z vapingu.<\/li>\n\n\n\n<li><strong>Technologie Mesh Coil<\/strong>: S ka\u017ed\u00fdm n\u00e1dechem p\u0159in\u00e1\u0161\u00ed bohatou a plnou chu\u0165.<\/li>\n\n\n\n<li><strong>Baterie s kapacitou 600 mAh<\/strong>: Dlouhodob\u00fd a \u00fa\u010dinn\u00fd v\u00fdkon, kter\u00fd zaji\u0161\u0165uje nep\u0159etr\u017eit\u00fd po\u017eitek z pou\u017e\u00edv\u00e1n\u00ed.<\/li>\n\n\n\n<li><strong>Nab\u00edjen\u00ed typu C<\/strong>: Rychl\u00e9 a snadn\u00e9 nab\u00edjen\u00ed pro maxim\u00e1ln\u00ed pohodl\u00ed.<\/li>\n\n\n\n<li><strong>2% Obsah nikotinu<\/strong>: Hladk\u00fd a uspokojiv\u00fd nikotinov\u00fd z\u00e1sah.<\/li>\n<\/ul>\n\n\n\n<p><strong>Dostupn\u00e9 p\u0159\u00edchut\u011b<\/strong>:<\/p>\n\n\n\n<ul class=\"wp-block-list\">\n<li><strong>Broskvov\u00fd led<\/strong><\/li>\n\n\n\n<li><strong>Bor\u016fvkov\u00fd led<\/strong><\/li>\n\n\n\n<li><strong>Hroznov\u00fd led<\/strong><\/li>\n\n\n\n<li><strong>Ostru\u017einov\u00fd dra\u010d\u00ed plod<\/strong><\/li>\n\n\n\n<li><strong>Melounov\u00fd led<\/strong><\/li>\n\n\n\n<li><strong>Jahoda Meloun Hroznov\u00e9 v\u00edno<\/strong><\/li>\n\n\n\n<li><strong>Lemon Lime<\/strong><\/li>\n\n\n\n<li><strong>Melounov\u00fd led<\/strong><\/li>\n\n\n\n<li><strong>Jahoda Brusinka T\u0159e\u0161e\u0148<\/strong><\/li>\n\n\n\n<li><strong>Blue Razz Ice<\/strong><\/li>\n\n\n\n<li><strong>Passionfruit Kiwi Guava<\/strong><\/li>\n<\/ul>\n\n\n\n<p><strong>Mo\u017enosti balen\u00ed<\/strong>:<\/p>\n\n\n\n<ul class=\"wp-block-list\">\n<li><strong>Mal\u00e9 balen\u00ed<\/strong>: 1 kus v balen\u00ed (velikost: 42,5 mm)<em>42.5<\/em>137 mm)<\/li>\n\n\n\n<li><strong>St\u0159edn\u00ed balen\u00ed<\/strong>: 10 kus\u016f v balen\u00ed (velikost: 218<em>89<\/em>140 mm)<\/li>\n\n\n\n<li><strong>Hlavn\u00ed karton<\/strong>: 200 kus\u016f v balen\u00ed (velikost: 474x305x518mm, hmotnost: 20kg)<\/li>\n<\/ul>\n\n\n\n<h4 class=\"wp-block-heading\">Dal\u0161\u00ed informace o produktech zna\u010dky, <a href=\"https:\/\/vapemaison.com\/shop\/\">klikn\u011bte zde<\/a> Prozkoumejte sv\u011bt pr\u00e9miov\u00e9ho vapingu na adrese <a href=\"https:\/\/vapemaison.com\/\">VapeMaison<\/a>, kde se inovace snoub\u00ed se stylem. Prohl\u00e9dn\u011bte si celou na\u0161i kolekci na <a href=\"https:\/\/vapemaison.com\/shop\/\">Obchod<\/a> nebo si prohl\u00e9dn\u011bte obl\u00edbenou str\u00e1nku <a href=\"https:\/\/vapemaison.com\/brand\/humo-azul\/\">Kolekce zna\u010dky Humo Vape<\/a> a <a href=\"https:\/\/vapemaison.com\/brand\/bang\/\">Bang<\/a> produkty, kter\u00e9 si obl\u00edbili v\u0161ichni vape\u0159i. Hled\u00e1te dal\u0161\u00ed mo\u017enosti? Pod\u00edvejte se na v\u0161echny na\u0161e <a href=\"https:\/\/vapemaison.com\/product-category\/puffs-count\/\">Puffy<\/a> za\u0159\u00edzen\u00ed a najd\u011bte si ide\u00e1ln\u00ed volbu pro sv\u016fj vkus a \u017eivotn\u00ed styl.<\/h4>\n\n\n\n<h2 class=\"wp-block-heading has-text-align-center\">Faqs<\/h2>\n\n\n\n<h3 class=\"wp-block-heading\">1<strong>. Jak dlouho vydr\u017e\u00ed Humo Azul 24k?<\/strong><\/h3>\n\n\n\n<p>Humo Azul 24000 je navr\u017een tak, aby poskytoval <strong>a\u017e 24k obl\u00e1\u010dk\u016f<\/strong>, a\u010dkoli skute\u010dn\u00e1 doba trv\u00e1n\u00ed se li\u0161\u00ed v z\u00e1vislosti na osobn\u00edch vapovac\u00edch n\u00e1vyc\u00edch. D\u00edky sv\u00e9 velk\u00e9 kapacit\u011b je skv\u011blou volbou pro u\u017eivatele, kte\u0159\u00ed hledaj\u00ed za\u0159\u00edzen\u00ed, kter\u00e9 je m\u016f\u017ee doprov\u00e1zet po del\u0161\u00ed dobu.<\/p>\n\n\n\n<h3 class=\"wp-block-heading\"><strong>2. Jak dlouho trv\u00e1 nab\u00edjen\u00ed za\u0159\u00edzen\u00ed Humo Azul?<\/strong><\/h3>\n\n\n\n<p>Toto za\u0159\u00edzen\u00ed obsahuje <strong>Dob\u00edjec\u00ed baterie s kapacitou 600 mAh<\/strong>, kter\u00e1 obecn\u011b pot\u0159ebuje <strong>35-45 minut<\/strong> k dosa\u017een\u00ed pln\u00e9ho nabit\u00ed p\u0159es Type-C. Funkce rychl\u00e9ho nab\u00edjen\u00ed minimalizuje dobu \u010dek\u00e1n\u00ed, tak\u017ee m\u016f\u017eete rychle pokra\u010dovat ve vapov\u00e1n\u00ed.<\/p>\n\n\n\n<h3 class=\"wp-block-heading\"><strong>3. Jak pozn\u00e1m, \u017ee je Azul Puff 24k hotov\u00fd?<\/strong><\/h3>\n\n\n\n<p>V\u0161imn\u011bte si, \u017ee se bl\u00ed\u017e\u00ed konec. <strong>chu\u0165 se st\u00e1v\u00e1 slabou<\/strong>, v\u00fdstup p\u00e1ry klesne nebo za\u0159\u00edzen\u00ed p\u0159estane produkovat p\u00e1ru \u00fapln\u011b. N\u011bkte\u0159\u00ed u\u017eivatel\u00e9 tak\u00e9 pozoruj\u00ed, \u017ee po spot\u0159ebov\u00e1n\u00ed ve\u0161ker\u00e9ho e-liquidu je za\u0159\u00edzen\u00ed leh\u010d\u00ed.<\/p>\n\n\n\n<h3 class=\"wp-block-heading\"><strong>4. Mohu Humo Azul 24000 znovu naplnit?<\/strong><\/h3>\n\n\n\n<p>Ne. Humo Azul 24000 je <strong>jednor\u00e1zov\u00e9 za\u0159\u00edzen\u00ed na jedno pou\u017eit\u00ed<\/strong>, co\u017e znamen\u00e1, \u017ee ji nelze znovu naplnit. Po vy\u010derp\u00e1n\u00ed vestav\u011bn\u00e9ho e-liquidu sta\u010d\u00ed jednotku zlikvidovat a p\u0159ej\u00edt na novou.<\/p>\n\n\n\n<h3 class=\"wp-block-heading\"><strong>5. Je toto za\u0159\u00edzen\u00ed vhodn\u00e9 pro za\u010d\u00e1te\u010dn\u00edky?<\/strong><\/h3>\n\n\n\n<p>Ano. <strong>jednoduch\u00e1 konstrukce pro vdechnut\u00ed a aktivaci<\/strong> je vhodn\u00fd zejm\u00e9na pro nov\u00e9 vapery. D\u00edky absenci tla\u010d\u00edtek a nastaven\u00ed si za\u010d\u00e1te\u010dn\u00edci mohou hned vychutnat plynul\u00fd a konzistentn\u00ed z\u00e1\u017eitek.<\/p>\n\n\n\n<h3 class=\"wp-block-heading\">6.Jak dlouho trv\u00e1 p\u0159eprava?<\/h3>\n\n\n\n<p>Objedn\u00e1vky jsou zpracov\u00e1v\u00e1ny v r\u00e1mci <strong>24 hodin<\/strong> po potvrzen\u00ed platby.<br>Na str\u00e1nk\u00e1ch <strong>Humo Azul<\/strong> produkt je v sou\u010dasn\u00e9 dob\u011b skladem v na\u0161\u00ed <strong>Sklad v N\u011bmecku<\/strong>.<\/p>\n\n\n\n<ul class=\"wp-block-list\">\n<li><strong>N\u011bmecko:<\/strong> 3-5 pracovn\u00edch dn\u016f<\/li>\n\n\n\n<li><strong>Ostatn\u00ed evropsk\u00e9 zem\u011b:<\/strong> 5-7 pracovn\u00edch dn\u016f<\/li>\n\n\n\n<li><strong>Mimo Evropu:<\/strong> Odesl\u00e1no z \u010c\u00edny, p\u0159ibli\u017en\u011b 10-15 pracovn\u00edch dn\u016f<\/li>\n<\/ul>\n\n\n\n<p>Skute\u010dn\u00e1 doba dod\u00e1n\u00ed se m\u016f\u017ee li\u0161it v z\u00e1vislosti na m\u00edst\u011b ur\u010den\u00ed a m\u00edstn\u00edch zvyklostech. Pokud pot\u0159ebujete p\u0159esn\u011bj\u0161\u00ed informace, kontaktujte pros\u00edm n\u00e1\u0161 z\u00e1kaznick\u00fd servis je\u0161t\u011b p\u0159ed odesl\u00e1n\u00edm objedn\u00e1vky.<\/p>","protected":false},"excerpt":{"rendered":"<p data-start=\"155\" data-end=\"418\">Na str\u00e1nk\u00e1ch <strong data-start=\"159\" data-end=\"200\">Humo Azul 24000 Puffs Vape na jedno pou\u017eit\u00ed<\/strong> je ur\u010den pro vapery, kte\u0159\u00ed cht\u011bj\u00ed prodlou\u017eit dobu pou\u017e\u00edv\u00e1n\u00ed bez ztr\u00e1ty chuti nebo konzistence. D\u00edky plynul\u00e9mu dod\u00e1v\u00e1n\u00ed p\u00e1ry a dob\u00edjec\u00ed konstrukci poskytuje spolehliv\u00fd z\u00e1\u017eitek, kter\u00fd trv\u00e1 od prvn\u00edho potahu a\u017e do posledn\u00edho.Snadno se pou\u017e\u00edv\u00e1, pohodln\u011b se p\u0159en\u00e1\u0161\u00ed a je k dispozici v \u0161irok\u00e9 \u0161k\u00e1le obl\u00edben\u00fdch p\u0159\u00edchut\u00ed, a je tak spolehlivou ka\u017edodenn\u00ed volbou pro ty, kte\u0159\u00ed oce\u0148uj\u00ed dlouhotrvaj\u00edc\u00ed v\u00fdkon a \u010dist\u00fd, vyv\u00e1\u017een\u00fd vape.<\/p>","protected":false},"featured_media":8985,"comment_status":"open","ping_status":"closed","template":"","meta":[],"product_brand":[166],"product_cat":[292],"product_tag":[],"class_list":{"0":"post-8984","1":"product","2":"type-product","3":"status-publish","4":"has-post-thumbnail","6":"product_brand-humo-azul","7":"product_cat-24k-puffs","9":"first","10":"instock","11":"sale","12":"shipping-taxable","13":"purchasable","14":"product-type-variable"},"yoast_head":"<!-- This site is optimized with the Yoast SEO plugin v27.4 - https:\/\/yoast.com\/product\/yoast-seo-wordpress\/ -->\n<title>Azul Puff 24k Disposable Vape - Mesh Coil, 10+ Flavors<\/title>\n<meta name=\"description\" content=\"Shop the Azul Puff 24k Disposable Vape for a premium vaping experience. Enjoy up to 24,000 puffs with mesh coil technology.\" \/>\n<meta name=\"robots\" content=\"index, follow, max-snippet:-1, max-image-preview:large, max-video-preview:-1\" \/>\n<link rel=\"canonical\" href=\"https:\/\/vapemaison.com\/cs\/produkt\/hume-azul-24000-puffs-jednorazove-vape\/\" \/>\n<meta property=\"og:locale\" content=\"cs_CZ\" \/>\n<meta property=\"og:type\" content=\"article\" \/>\n<meta property=\"og:title\" content=\"Azul Puff 24k Disposable Vape - Mesh Coil, 10+ Flavors\" \/>\n<meta property=\"og:description\" content=\"Shop the Azul Puff 24k Disposable Vape for a premium vaping experience. Enjoy up to 24,000 puffs with mesh coil technology.\" \/>\n<meta property=\"og:url\" content=\"https:\/\/vapemaison.com\/cs\/produkt\/hume-azul-24000-puffs-jednorazove-vape\/\" \/>\n<meta property=\"og:site_name\" content=\"VapeMaison\" \/>\n<meta property=\"article:modified_time\" content=\"2026-05-16T09:26:14+00:00\" \/>\n<meta property=\"og:image\" content=\"https:\/\/vapemaison.com\/wp-content\/uploads\/2025\/10\/humo-azul-24000-puffs-flavor-blackberry-dragonfruit-picture-scaled.png\" \/>\n\t<meta property=\"og:image:width\" content=\"2560\" \/>\n\t<meta property=\"og:image:height\" content=\"2560\" \/>\n\t<meta property=\"og:image:type\" content=\"image\/png\" \/>\n<meta name=\"twitter:card\" content=\"summary_large_image\" \/>\n<meta name=\"twitter:label1\" content=\"Odhadovan\u00e1 doba \u010dten\u00ed\" \/>\n\t<meta name=\"twitter:data1\" content=\"4 minuty\" \/>\n<!-- \/ Yoast SEO plugin. -->","yoast_head_json":{"title":"Azul Puff 24k Vape na jedno pou\u017eit\u00ed - Mesh Coil, 10+ p\u0159\u00edchut\u00ed","description":"Kupte si jednor\u00e1zovou vapku Azul Puff 24k a dop\u0159ejte si prvot\u0159\u00eddn\u00ed z\u00e1\u017eitek z vapov\u00e1n\u00ed. Vychutnejte si a\u017e 24 000 potah\u016f d\u00edky technologii mesh coil.","robots":{"index":"index","follow":"follow","max-snippet":"max-snippet:-1","max-image-preview":"max-image-preview:large","max-video-preview":"max-video-preview:-1"},"canonical":"https:\/\/vapemaison.com\/cs\/produkt\/hume-azul-24000-puffs-jednorazove-vape\/","og_locale":"cs_CZ","og_type":"article","og_title":"Azul Puff 24k Disposable Vape - Mesh Coil, 10+ Flavors","og_description":"Shop the Azul Puff 24k Disposable Vape for a premium vaping experience. Enjoy up to 24,000 puffs with mesh coil technology.","og_url":"https:\/\/vapemaison.com\/cs\/produkt\/hume-azul-24000-puffs-jednorazove-vape\/","og_site_name":"VapeMaison","article_modified_time":"2026-05-16T09:26:14+00:00","og_image":[{"width":2560,"height":2560,"url":"https:\/\/vapemaison.com\/wp-content\/uploads\/2025\/10\/humo-azul-24000-puffs-flavor-blackberry-dragonfruit-picture-scaled.png","type":"image\/png"}],"twitter_card":"summary_large_image","twitter_misc":{"Odhadovan\u00e1 doba \u010dten\u00ed":"4 minuty"},"schema":{"@context":"https:\/\/schema.org","@graph":[{"@type":"WebPage","@id":"https:\/\/vapemaison.com\/product\/hume-azul-24000-puffs-disposable-vape\/","url":"https:\/\/vapemaison.com\/product\/hume-azul-24000-puffs-disposable-vape\/","name":"Azul Puff 24k Vape na jedno pou\u017eit\u00ed - Mesh Coil, 10+ p\u0159\u00edchut\u00ed","isPartOf":{"@id":"https:\/\/vapemaison.com\/#website"},"primaryImageOfPage":{"@id":"https:\/\/vapemaison.com\/product\/hume-azul-24000-puffs-disposable-vape\/#primaryimage"},"image":{"@id":"https:\/\/vapemaison.com\/product\/hume-azul-24000-puffs-disposable-vape\/#primaryimage"},"thumbnailUrl":"https:\/\/vapemaison.com\/wp-content\/uploads\/2025\/10\/humo-azul-24000-puffs-flavor-blackberry-dragonfruit-picture-scaled.png","datePublished":"2025-10-25T07:07:17+00:00","dateModified":"2026-05-16T09:26:14+00:00","description":"Kupte si jednor\u00e1zovou vapku Azul Puff 24k a dop\u0159ejte si prvot\u0159\u00eddn\u00ed z\u00e1\u017eitek z vapov\u00e1n\u00ed. Vychutnejte si a\u017e 24 000 potah\u016f d\u00edky technologii mesh coil.","breadcrumb":{"@id":"https:\/\/vapemaison.com\/product\/hume-azul-24000-puffs-disposable-vape\/#breadcrumb"},"inLanguage":"cs","potentialAction":[{"@type":"ReadAction","target":["https:\/\/vapemaison.com\/product\/hume-azul-24000-puffs-disposable-vape\/"]}]},{"@type":"ImageObject","inLanguage":"cs","@id":"https:\/\/vapemaison.com\/product\/hume-azul-24000-puffs-disposable-vape\/#primaryimage","url":"https:\/\/vapemaison.com\/wp-content\/uploads\/2025\/10\/humo-azul-24000-puffs-flavor-blackberry-dragonfruit-picture-scaled.png","contentUrl":"https:\/\/vapemaison.com\/wp-content\/uploads\/2025\/10\/humo-azul-24000-puffs-flavor-blackberry-dragonfruit-picture-scaled.png","width":2560,"height":2560,"caption":"Humo Azul Puffs Flavor Blackberry Dragonfruit Picture Scaled Disposable Vape Device"},{"@type":"BreadcrumbList","@id":"https:\/\/vapemaison.com\/product\/hume-azul-24000-puffs-disposable-vape\/#breadcrumb","itemListElement":[{"@type":"ListItem","position":1,"name":"\u9996\u9875","item":"https:\/\/vapemaison.com\/"},{"@type":"ListItem","position":2,"name":"Shop","item":"https:\/\/vapemaison.com\/shop\/"},{"@type":"ListItem","position":3,"name":"Humo Azul","item":"https:\/\/vapemaison.com\/brand\/humo-azul\/"},{"@type":"ListItem","position":4,"name":"Azul Puff 24k Disposable Vape \u2013 Premium Mesh Coil, 600mAh Battery, 2% Nicotine"}]},{"@type":"WebSite","@id":"https:\/\/vapemaison.com\/#website","url":"https:\/\/vapemaison.com\/","name":"VapeMaison","description":"Pr\u00e9miov\u00e1 vapingov\u00e1 za\u0159\u00edzen\u00ed a p\u0159\u00edslu\u0161enstv\u00ed","publisher":{"@id":"https:\/\/vapemaison.com\/#organization"},"potentialAction":[{"@type":"SearchAction","target":{"@type":"EntryPoint","urlTemplate":"https:\/\/vapemaison.com\/?s={search_term_string}"},"query-input":{"@type":"PropertyValueSpecification","valueRequired":true,"valueName":"search_term_string"}}],"inLanguage":"cs"},{"@type":"Organization","@id":"https:\/\/vapemaison.com\/#organization","name":"VapeMaison","url":"https:\/\/vapemaison.com\/","logo":{"@type":"ImageObject","inLanguage":"cs","@id":"https:\/\/vapemaison.com\/#\/schema\/logo\/image\/","url":"https:\/\/vapemaison.com\/wp-content\/uploads\/2026\/01\/cropped-vapemaison-logo-g-2026.webp","contentUrl":"https:\/\/vapemaison.com\/wp-content\/uploads\/2026\/01\/cropped-vapemaison-logo-g-2026.webp","width":350,"height":280,"caption":"VapeMaison"},"image":{"@id":"https:\/\/vapemaison.com\/#\/schema\/logo\/image\/"},"sameAs":["https:\/\/www.youtube.com\/@VapeMaison"]}]}},"tiered_pricing_type":"fixed","tiered_pricing_fixed_rules":{"30":"8.48","50":"7.99","100":"7.34","200":"6.78"},"tiered_pricing_product_settings":{"layout":"default","base_unit_name":{"singular":null,"plural":null},"default_variation":null},"tiered_pricing_minimum_quantity":10,"tiered_pricing_roles_data":[],"tiered_pricing_percentage_rules":[],"tiered_pricing_maximum_quantity":null,"tiered_pricing_quantity_step":"10","_links":{"self":[{"href":"https:\/\/vapemaison.com\/cs\/wp-json\/wp\/v2\/product\/8984","targetHints":{"allow":["GET"]}}],"collection":[{"href":"https:\/\/vapemaison.com\/cs\/wp-json\/wp\/v2\/product"}],"about":[{"href":"https:\/\/vapemaison.com\/cs\/wp-json\/wp\/v2\/types\/product"}],"replies":[{"embeddable":true,"href":"https:\/\/vapemaison.com\/cs\/wp-json\/wp\/v2\/comments?post=8984"}],"version-history":[{"count":4,"href":"https:\/\/vapemaison.com\/cs\/wp-json\/wp\/v2\/product\/8984\/revisions"}],"predecessor-version":[{"id":26155,"href":"https:\/\/vapemaison.com\/cs\/wp-json\/wp\/v2\/product\/8984\/revisions\/26155"}],"wp:featuredmedia":[{"embeddable":true,"href":"https:\/\/vapemaison.com\/cs\/wp-json\/wp\/v2\/media\/8985"}],"wp:attachment":[{"href":"https:\/\/vapemaison.com\/cs\/wp-json\/wp\/v2\/media?parent=8984"}],"wp:term":[{"taxonomy":"product_brand","embeddable":true,"href":"https:\/\/vapemaison.com\/cs\/wp-json\/wp\/v2\/product_brand?post=8984"},{"taxonomy":"product_cat","embeddable":true,"href":"https:\/\/vapemaison.com\/cs\/wp-json\/wp\/v2\/product_cat?post=8984"},{"taxonomy":"product_tag","embeddable":true,"href":"https:\/\/vapemaison.com\/cs\/wp-json\/wp\/v2\/product_tag?post=8984"}],"curies":[{"name":"wp","href":"https:\/\/api.w.org\/{rel}","templated":true}]}}