

{"id":9031,"date":"2025-10-25T07:47:26","date_gmt":"2025-10-25T07:47:26","guid":{"rendered":"https:\/\/vapemaison.com\/?post_type=product&#038;p=9031"},"modified":"2026-05-15T06:02:13","modified_gmt":"2026-05-15T06:02:13","slug":"humo-azul-15000-puffs-jednorazove-vape","status":"publish","type":"product","link":"https:\/\/vapemaison.com\/cs\/product\/humo-azul-15000-puffs-disposable-vape\/","title":{"rendered":"Humo Azul Vape 15k Puff 2% N\u00edzk\u00fd nikotin Hromadn\u00fd n\u00e1kup dob\u00edjec\u00ed jednor\u00e1zov\u00e9 Vapes Pen Velkoobchod"},"content":{"rendered":"<h3 class=\"wp-block-heading\">Objevte Humo Azul 15000 Puffs Disposable Vape - Nyn\u00ed ve VapeMaison<\/h3>\n\n\n\n<p>Na adrese <strong>VapeMaison<\/strong>, jsme odhodl\u00e1ni nab\u00edzet vysoce kvalitn\u00ed vapingov\u00e1 \u0159e\u0161en\u00ed nap\u0159\u00ed\u010d <strong>Nizozemsko, N\u011bmecko, Belgie a \u0160pan\u011blsko<\/strong>. Na str\u00e1nk\u00e1ch . <strong>Humo Azul 15000 Puffs Nab\u00edjec\u00ed jednor\u00e1zov\u00e9 vape pero<\/strong> je navr\u017een pro u\u017eivatele, kte\u0159\u00ed o\u010dek\u00e1vaj\u00ed <strong>v\u00fdjime\u010dn\u00fd v\u00fdkon, bohat\u00e1 chu\u0165 a dlouhotrvaj\u00edc\u00ed hodnota<\/strong> v ka\u017ed\u00e9m v\u00fddechu.<\/p>\n\n\n\n<figure class=\"wp-block-embed is-type-video is-provider-youtube wp-block-embed-youtube wp-embed-aspect-9-16 wp-has-aspect-ratio\"><div class=\"wp-block-embed__wrapper\">\n<div class=\"video-container\"><iframe title=\"Humo Azul 24000 Puffs Vape - rozbalen\u00ed a n\u00e1vod k pou\u017eit\u00ed | P\u0159\u00edchu\u0165 vodn\u00edho melounu Ice\" width=\"563\" height=\"1000\" src=\"https:\/\/www.youtube.com\/embed\/U0POWHMEwbU?feature=oembed\" frameborder=\"0\" allow=\"accelerometer; autoplay; clipboard-write; encrypted-media; gyroscope; picture-in-picture; web-share\" referrerpolicy=\"strict-origin-when-cross-origin\" allowfullscreen><\/iframe><\/div>\n<\/div><\/figure>\n\n\n\n<h2 class=\"wp-block-heading\">Pro\u010d si vybrat Humo Azul Vape 15k Puff?<\/h2>\n\n\n\n<h3 class=\"wp-block-heading\"><strong>Mimo\u0159\u00e1dn\u011b dlouh\u00e1 \u017eivotnost - a\u017e 15 000 vdechnut\u00ed<\/strong><\/h3>\n\n\n\n<p>V\u00fdrazn\u011b sni\u017euje pot\u0159ebu v\u00fdm\u011bn, co\u017e u\u017eivatel\u016fm p\u0159in\u00e1\u0161\u00ed n\u00e1kladov\u011b efektivn\u00ed a bezstarostn\u00fd vaping.<\/p>\n\n\n\n<h3 class=\"wp-block-heading\"><strong>Velk\u00e1 kapacita 20 ml e-liquidu<\/strong><\/h3>\n\n\n\n<p>V\u00edce tekutiny znamen\u00e1 v\u00edce chuti a m\u00e9n\u011b p\u0159eru\u0161en\u00ed - ide\u00e1ln\u00ed pro dlouhodob\u00e9 ka\u017edodenn\u00ed pou\u017e\u00edv\u00e1n\u00ed.<\/p>\n\n\n\n<h3 class=\"wp-block-heading\"><strong>Dob\u00edjec\u00ed 500mAh baterie s nab\u00edjen\u00edm typu C<\/strong><\/h3>\n\n\n\n<p>Rychl\u00e9 a pohodln\u00e9 nab\u00edjen\u00ed zajist\u00ed, \u017ee va\u0161e za\u0159\u00edzen\u00ed bude v\u017edy p\u0159ipraveno, kdy\u017e budete pot\u0159ebovat.<\/p>\n\n\n\n<h3 class=\"wp-block-heading\"><strong>Pokro\u010dil\u00e1 technologie Mesh Coil<\/strong><\/h3>\n\n\n\n<p>Poskytuje hlub\u0161\u00ed chu\u0165, zv\u00fd\u0161enou produkci p\u00e1ry a konzistentn\u00ed hladkost od prvn\u00edho potahu a\u017e po posledn\u00ed.<\/p>\n\n\n\n<h3 class=\"wp-block-heading\"><strong>Ergonomick\u00fd design vhodn\u00fd do kapsy<\/strong><\/h3>\n\n\n\n<p>Lehk\u00e9 a pohodln\u00e9 na dr\u017een\u00ed, ide\u00e1ln\u00ed pro del\u0161\u00ed sezen\u00ed nebo vaping na cest\u00e1ch.<\/p>\n\n\n\n<h3 class=\"wp-block-heading\"><strong>2% S\u00edla nikotinu<\/strong><\/h3>\n\n\n\n<p>Vyrobeno tak, aby vyv\u00e1\u017eilo uspokojen\u00ed a jemnost, vhodn\u00e9 pro zku\u0161en\u00e9 u\u017eivatele i pro za\u010d\u00ednaj\u00edc\u00ed ku\u0159\u00e1ky.<\/p>\n\n\n\n<h2 class=\"wp-block-heading\">Kolekce Premium Flavor<\/h2>\n\n\n\n<ul class=\"wp-block-list\">\n<li>Broskvov\u00e1 ledov\u00e1 kask\u00e1da<\/li>\n\n\n\n<li>Bor\u016fvkov\u00fd mr\u00e1z<\/li>\n\n\n\n<li>Hroznov\u00fd ledovec<\/li>\n\n\n\n<li>Blackberry Dragonfruit Fusion<\/li>\n\n\n\n<li>Jahodovo-melounov\u00e1 hroznov\u00e1 sm\u011bs<\/li>\n\n\n\n<li>Blue Razz Ledov\u00e1 bou\u0159e<\/li>\n\n\n\n<li>Melounov\u00e9 chlazen\u00ed<\/li>\n\n\n\n<li>Jahodov\u00fd brusinkov\u00fd t\u0159e\u0161\u0148ov\u00fd trojl\u00edstek<\/li>\n\n\n\n<li>Melounov\u00fd mr\u00e1z<\/li>\n\n\n\n<li>Citronov\u00e1 limetkov\u00e1 k\u016fra<\/li>\n\n\n\n<li>Kiwi Passionfruit Guava Paradise<\/li>\n\n\n\n<li>Sklize\u0148 hroznov\u00fdch bobul\u00ed<\/li>\n<\/ul>\n\n\n\n<p>Ka\u017ed\u00e1 sm\u011bs je ur\u010dena pro <strong>\u010dist\u00e1 chu\u0165, osv\u011b\u017euj\u00edc\u00ed vyv\u00e1\u017eenost a konzistentn\u00ed intenzita<\/strong>.<\/p>\n\n\n\n<h2 class=\"wp-block-heading\">Ur\u010deno pro maloobchodn\u00edky i spot\u0159ebitele<\/h2>\n\n\n\n<p>A\u0165 u\u017e jste <strong>maloobchodn\u00ed prodejce, kter\u00fd hled\u00e1 spolehliv\u00e9 v\u00fdrobky s vysokou popt\u00e1vkou.<\/strong> nebo <strong>vaper, kter\u00fd hled\u00e1 vynikaj\u00edc\u00ed denn\u00ed za\u0159\u00edzen\u00ed<\/strong>, Humo Azul 15000 Puffs vynik\u00e1:<\/p>\n\n\n\n<ul class=\"wp-block-list\">\n<li>Dlouh\u00e1 \u017eivotnost<\/li>\n\n\n\n<li>Pr\u00e9miov\u00e1 kvalita proveden\u00ed<\/li>\n\n\n\n<li>R\u016fznorod\u00e9, vysoce kvalitn\u00ed p\u0159\u00edchut\u011b<\/li>\n\n\n\n<li>Dob\u00edjec\u00ed v\u00fdkon, kter\u00fd maximalizuje hodnotu<\/li>\n<\/ul>\n\n\n\n<h2 class=\"wp-block-heading\">Velkoobchodn\u00ed v\u00fdhody u VapeMaison<\/h2>\n\n\n\n<ul class=\"wp-block-list\">\n<li><strong>Hromadn\u00e1 dostupnost:<\/strong> Kartony po 300 kusech, ide\u00e1ln\u00ed pro velkoobchodn\u00edky a prodejce.<\/li>\n\n\n\n<li><strong>Konkuren\u010dn\u00ed ceny:<\/strong> Atraktivn\u00ed mar\u017ee p\u0159i zachov\u00e1n\u00ed prvot\u0159\u00eddn\u00ed kvality.<\/li>\n\n\n\n<li><strong>Profesion\u00e1ln\u00ed podpora:<\/strong> Bezprobl\u00e9mov\u00e9 objedn\u00e1v\u00e1n\u00ed, pohotov\u00e9 slu\u017eby a spolehliv\u00e9 doru\u010den\u00ed.<\/li>\n<\/ul>\n\n\n\n<h2 class=\"wp-block-heading\">Zlep\u0161ete sv\u016fj z\u00e1\u017eitek z vapingu je\u0161t\u011b dnes<\/h2>\n\n\n\n<p>Humo Azul 15000 Puffs na jedno pou\u017eit\u00ed kombinuje <strong>inovativn\u00ed technologie<\/strong>, <strong>prodlou\u017een\u00e1 \u017eivotnost<\/strong>, a <strong>v\u00fdjime\u010dn\u00fd chu\u0165ov\u00fd v\u00fdkon<\/strong>-Je to jedna z nejspolehliv\u011bj\u0161\u00edch voleb na trhu.<\/p>\n\n\n\n<p><strong>Objedn\u00e1vejte nyn\u00ed na adrese <a href=\"https:\/\/vapemaison.com\/\">VapeMaison<\/a> a vyzkou\u0161ejte si vaping v t\u00e9 nejlep\u0161\u00ed kvalit\u011b.<\/strong>Prozkoumejte sv\u011bt pr\u00e9miov\u00e9ho vapingu na adrese <a href=\"https:\/\/vapemaison.com\/\">VapeMaison<\/a>, kde se inovace snoub\u00ed se stylem. Prohl\u00e9dn\u011bte si celou na\u0161i kolekci na <a href=\"https:\/\/vapemaison.com\/shop\/\">Obchod<\/a> nebo si prohl\u00e9dn\u011bte obl\u00edbenou str\u00e1nku <a href=\"https:\/\/vapemaison.com\/brand\/humo-azul\/\">Kolekce zna\u010dky Humo Vape<\/a> a <a href=\"https:\/\/vapemaison.com\/brand\/bang\/\">Bang<\/a> produkty, kter\u00e9 si obl\u00edbili v\u0161ichni vape\u0159i. Hled\u00e1te dal\u0161\u00ed mo\u017enosti? Pod\u00edvejte se na v\u0161echny na\u0161e <a href=\"https:\/\/vapemaison.com\/product-category\/puffs-count\/\">Puffy<\/a> za\u0159\u00edzen\u00ed a najd\u011bte si ide\u00e1ln\u00ed volbu pro sv\u016fj vkus a \u017eivotn\u00ed styl.<\/p>\n\n\n\n<h2 class=\"wp-block-heading has-text-align-center\"><strong>\u010casto kladen\u00e9 ot\u00e1zky o Humo Azul 15<\/strong><\/h2>\n\n\n\n<h3 class=\"wp-block-heading\"><strong>1. Jak dlouho vydr\u017e\u00ed Humo Azul 15k?<\/strong><\/h3>\n\n\n\n<p>Humo Azul 15000 je navr\u017een tak, aby poskytoval <strong>a\u017e 15 000 vdech\u016f<\/strong>, a\u010dkoli skute\u010dn\u00e1 doba trv\u00e1n\u00ed se li\u0161\u00ed v z\u00e1vislosti na osobn\u00edch vapovac\u00edch n\u00e1vyc\u00edch. D\u00edky sv\u00e9 velk\u00e9 kapacit\u011b je skv\u011blou volbou pro u\u017eivatele, kte\u0159\u00ed hledaj\u00ed za\u0159\u00edzen\u00ed, kter\u00e9 je m\u016f\u017ee doprov\u00e1zet po del\u0161\u00ed dobu.<\/p>\n\n\n\n<h3 class=\"wp-block-heading\"><strong>2. Jak dlouho trv\u00e1 nab\u00edjen\u00ed vape Humo Azul?<\/strong><\/h3>\n\n\n\n<p>Toto za\u0159\u00edzen\u00ed obsahuje <strong>Dob\u00edjec\u00ed baterie s kapacitou 600 mAh<\/strong>, kter\u00e1 obecn\u011b pot\u0159ebuje <strong>35-45 minut<\/strong> k dosa\u017een\u00ed pln\u00e9ho nabit\u00ed p\u0159es Type-C. Funkce rychl\u00e9ho nab\u00edjen\u00ed minimalizuje dobu \u010dek\u00e1n\u00ed, tak\u017ee m\u016f\u017eete rychle pokra\u010dovat ve vapov\u00e1n\u00ed.<\/p>\n\n\n\n<h3 class=\"wp-block-heading\"><strong>3. Jak pozn\u00e1m, \u017ee je Humo Azul 15k hotov\u00fd?<\/strong><\/h3>\n\n\n\n<p>V\u0161imn\u011bte si, \u017ee se bl\u00ed\u017e\u00ed konec. <strong>chu\u0165 se st\u00e1v\u00e1 slabou<\/strong>, v\u00fdstup p\u00e1ry klesne nebo za\u0159\u00edzen\u00ed p\u0159estane produkovat p\u00e1ru \u00fapln\u011b. N\u011bkte\u0159\u00ed u\u017eivatel\u00e9 tak\u00e9 pozoruj\u00ed, \u017ee po spot\u0159ebov\u00e1n\u00ed ve\u0161ker\u00e9ho e-liquidu je za\u0159\u00edzen\u00ed leh\u010d\u00ed.<\/p>\n\n\n\n<h3 class=\"wp-block-heading\"><strong>4. Mohu Humo Azul 15000 znovu naplnit?<\/strong><\/h3>\n\n\n\n<p>Ne. Humo Azul 15000 je <strong>jednor\u00e1zov\u00e9 za\u0159\u00edzen\u00ed na jedno pou\u017eit\u00ed<\/strong>, co\u017e znamen\u00e1, \u017ee ji nelze znovu naplnit. Po vy\u010derp\u00e1n\u00ed vestav\u011bn\u00e9ho e-liquidu sta\u010d\u00ed jednotku zlikvidovat a p\u0159ej\u00edt na novou.<\/p>\n\n\n\n<h3 class=\"wp-block-heading\"><strong>5. Je toto za\u0159\u00edzen\u00ed vhodn\u00e9 pro za\u010d\u00e1te\u010dn\u00edky?<\/strong><\/h3>\n\n\n\n<p>Ano. <strong>jednoduch\u00e1 konstrukce pro vdechnut\u00ed a aktivaci<\/strong> je vhodn\u00fd zejm\u00e9na pro nov\u00e9 vapery. D\u00edky absenci tla\u010d\u00edtek a nastaven\u00ed si za\u010d\u00e1te\u010dn\u00edci mohou hned vychutnat plynul\u00fd a konzistentn\u00ed z\u00e1\u017eitek.<\/p>\n\n\n\n<h3 class=\"wp-block-heading\"><strong>6. \u010c\u00edm se Humo Azul 15k li\u0161\u00ed od ostatn\u00edch jednor\u00e1zov\u00fdch v\u00fdrobk\u016f?<\/strong><\/h3>\n\n\n\n<p>Jej\u00ed v\u00fdzna\u010dnou vlastnost\u00ed je <strong>pr\u00e9miov\u00fd design inspirovan\u00fd ikonickou lahv\u00ed tequily Clase Azul.<\/strong>, co\u017e mu dod\u00e1v\u00e1 jedine\u010dn\u00fd vzhled. V kombinaci s <strong>15 000 vdech\u016f<\/strong> a <strong>s\u00ed\u0165ov\u00e1 c\u00edvka<\/strong> kter\u00fd zlep\u0161uje chu\u0165 a konzistenci p\u00e1ry, nab\u00edz\u00ed \u0161pi\u010dkov\u00fd z\u00e1\u017eitek, kter\u00e9mu se mnoho za\u0159\u00edzen\u00ed nem\u016f\u017ee rovnat.<\/p>\n\n\n\n<h3 class=\"wp-block-heading\">7.Jak dlouho trv\u00e1 p\u0159eprava?<\/h3>\n\n\n\n<p>Objedn\u00e1vky jsou zpracov\u00e1v\u00e1ny v r\u00e1mci <strong>24 hodin<\/strong> po potvrzen\u00ed platby.<br>Na str\u00e1nk\u00e1ch <strong>Humo Azul<\/strong> produkt je v sou\u010dasn\u00e9 dob\u011b skladem v na\u0161\u00ed <strong>Sklad v N\u011bmecku<\/strong>.<\/p>\n\n\n\n<ul class=\"wp-block-list\">\n<li><strong>N\u011bmecko:<\/strong> 3-5 pracovn\u00edch dn\u016f<\/li>\n\n\n\n<li><strong>Ostatn\u00ed evropsk\u00e9 zem\u011b:<\/strong> 5-7 pracovn\u00edch dn\u016f<\/li>\n\n\n\n<li><strong>Mimo Evropu:<\/strong> Odesl\u00e1no z \u010c\u00edny, p\u0159ibli\u017en\u011b 10-15 pracovn\u00edch dn\u016f<\/li>\n<\/ul>\n\n\n\n<p>Skute\u010dn\u00e1 doba dod\u00e1n\u00ed se m\u016f\u017ee li\u0161it v z\u00e1vislosti na m\u00edst\u011b ur\u010den\u00ed a m\u00edstn\u00edch zvyklostech. Pokud pot\u0159ebujete p\u0159esn\u011bj\u0161\u00ed informace, kontaktujte pros\u00edm n\u00e1\u0161 z\u00e1kaznick\u00fd servis je\u0161t\u011b p\u0159ed odesl\u00e1n\u00edm objedn\u00e1vky.<\/p>\n\n\n\n<p><\/p>","protected":false},"excerpt":{"rendered":"<p data-start=\"132\" data-end=\"399\">Na str\u00e1nk\u00e1ch <strong data-start=\"136\" data-end=\"177\">Humo Azul 15000 Puffs Vape na jedno pou\u017eit\u00ed<\/strong> je ur\u010den pro ty, kte\u0159\u00ed cht\u011bj\u00ed dlouhotrvaj\u00edc\u00ed v\u00fdkon s jemnou a konzistentn\u00ed chut\u00ed. D\u00edky vysok\u00e9 kapacit\u011b \u0161lukov\u00e1n\u00ed a dob\u00edjec\u00ed konstrukci nab\u00edz\u00ed spolehliv\u00fd vapingov\u00fd z\u00e1\u017eitek, kter\u00fd vydr\u017e\u00ed bez \u010dast\u00fdch v\u00fdm\u011bn.Kompaktn\u00ed, pohodln\u00fd na pou\u017e\u00edv\u00e1n\u00ed a dostupn\u00fd v \u0161irok\u00e9 \u0161k\u00e1le rafinovan\u00fdch p\u0159\u00edchut\u00ed je solidn\u00ed ka\u017edodenn\u00ed volbou pro individu\u00e1ln\u00ed u\u017eivatele a spolehlivou mo\u017enost\u00ed pro prodejce, kte\u0159\u00ed hledaj\u00ed osv\u011bd\u010den\u00fd, vysoce \u017e\u00e1dan\u00fd produkt.<\/p>","protected":false},"featured_media":9032,"comment_status":"open","ping_status":"closed","template":"","meta":[],"product_brand":[166],"product_cat":[167],"product_tag":[],"class_list":{"0":"post-9031","1":"product","2":"type-product","3":"status-publish","4":"has-post-thumbnail","6":"product_brand-humo-azul","7":"product_cat-15k-puffs","9":"first","10":"instock","11":"sale","12":"shipping-taxable","13":"purchasable","14":"product-type-variable"},"yoast_head":"<!-- This site is optimized with the Yoast SEO plugin v27.4 - https:\/\/yoast.com\/product\/yoast-seo-wordpress\/ -->\n<title>Humo Azul Vape 15k Puff Disposable Vape \u2013 Rechargeable<\/title>\n<meta name=\"description\" content=\"Shop the Humo Azul Vape 15k Puff Disposable Vape at VapeMaison. Fast Type-C charging, multiple flavors, and bulk purchase options available.\" \/>\n<meta name=\"robots\" content=\"index, follow, max-snippet:-1, max-image-preview:large, max-video-preview:-1\" \/>\n<link rel=\"canonical\" href=\"https:\/\/vapemaison.com\/cs\/produkt\/humo-azul-15000-puffs-jednorazove-vape\/\" \/>\n<meta property=\"og:locale\" content=\"cs_CZ\" \/>\n<meta property=\"og:type\" content=\"article\" \/>\n<meta property=\"og:title\" content=\"Humo Azul Vape 15k Puff Disposable Vape \u2013 Rechargeable\" \/>\n<meta property=\"og:description\" content=\"Shop the Humo Azul Vape 15k Puff Disposable Vape at VapeMaison. Fast Type-C charging, multiple flavors, and bulk purchase options available.\" \/>\n<meta property=\"og:url\" content=\"https:\/\/vapemaison.com\/cs\/produkt\/humo-azul-15000-puffs-jednorazove-vape\/\" \/>\n<meta property=\"og:site_name\" content=\"VapeMaison\" \/>\n<meta property=\"article:modified_time\" content=\"2026-05-15T06:02:13+00:00\" \/>\n<meta property=\"og:image\" content=\"https:\/\/vapemaison.com\/wp-content\/uploads\/2025\/10\/banner-16-1024x546.png\" \/>\n\t<meta property=\"og:image:width\" content=\"1024\" \/>\n\t<meta property=\"og:image:height\" content=\"546\" \/>\n\t<meta property=\"og:image:type\" content=\"image\/png\" \/>\n<meta name=\"twitter:card\" content=\"summary_large_image\" \/>\n<meta name=\"twitter:label1\" content=\"Odhadovan\u00e1 doba \u010dten\u00ed\" \/>\n\t<meta name=\"twitter:data1\" content=\"4 minuty\" \/>\n<!-- \/ Yoast SEO plugin. -->","yoast_head_json":{"title":"Humo Azul Vape 15k Puff Jednor\u00e1zov\u00e9 vape - dob\u00edjec\u00ed","description":"Nakupujte Humo Azul Vape 15k Puff Disposable Vape na VapeMaison. K dispozici je rychl\u00e9 nab\u00edjen\u00ed typu C, v\u00edce p\u0159\u00edchut\u00ed a mo\u017enost hromadn\u00e9ho n\u00e1kupu.","robots":{"index":"index","follow":"follow","max-snippet":"max-snippet:-1","max-image-preview":"max-image-preview:large","max-video-preview":"max-video-preview:-1"},"canonical":"https:\/\/vapemaison.com\/cs\/produkt\/humo-azul-15000-puffs-jednorazove-vape\/","og_locale":"cs_CZ","og_type":"article","og_title":"Humo Azul Vape 15k Puff Disposable Vape \u2013 Rechargeable","og_description":"Shop the Humo Azul Vape 15k Puff Disposable Vape at VapeMaison. Fast Type-C charging, multiple flavors, and bulk purchase options available.","og_url":"https:\/\/vapemaison.com\/cs\/produkt\/humo-azul-15000-puffs-jednorazove-vape\/","og_site_name":"VapeMaison","article_modified_time":"2026-05-15T06:02:13+00:00","og_image":[{"width":1024,"height":546,"url":"https:\/\/vapemaison.com\/wp-content\/uploads\/2025\/10\/banner-16-1024x546.png","type":"image\/png"}],"twitter_card":"summary_large_image","twitter_misc":{"Odhadovan\u00e1 doba \u010dten\u00ed":"4 minuty"},"schema":{"@context":"https:\/\/schema.org","@graph":[{"@type":"WebPage","@id":"https:\/\/vapemaison.com\/product\/humo-azul-15000-puffs-disposable-vape\/","url":"https:\/\/vapemaison.com\/product\/humo-azul-15000-puffs-disposable-vape\/","name":"Humo Azul Vape 15k Puff Jednor\u00e1zov\u00e9 vape - dob\u00edjec\u00ed","isPartOf":{"@id":"https:\/\/vapemaison.com\/#website"},"primaryImageOfPage":{"@id":"https:\/\/vapemaison.com\/product\/humo-azul-15000-puffs-disposable-vape\/#primaryimage"},"image":{"@id":"https:\/\/vapemaison.com\/product\/humo-azul-15000-puffs-disposable-vape\/#primaryimage"},"thumbnailUrl":"https:\/\/vapemaison.com\/wp-content\/uploads\/2025\/10\/banner-16-scaled.png","datePublished":"2025-10-25T07:47:26+00:00","dateModified":"2026-05-15T06:02:13+00:00","description":"Nakupujte Humo Azul Vape 15k Puff Disposable Vape na VapeMaison. K dispozici je rychl\u00e9 nab\u00edjen\u00ed typu C, v\u00edce p\u0159\u00edchut\u00ed a mo\u017enost hromadn\u00e9ho n\u00e1kupu.","breadcrumb":{"@id":"https:\/\/vapemaison.com\/product\/humo-azul-15000-puffs-disposable-vape\/#breadcrumb"},"inLanguage":"cs","potentialAction":[{"@type":"ReadAction","target":["https:\/\/vapemaison.com\/product\/humo-azul-15000-puffs-disposable-vape\/"]}]},{"@type":"ImageObject","inLanguage":"cs","@id":"https:\/\/vapemaison.com\/product\/humo-azul-15000-puffs-disposable-vape\/#primaryimage","url":"https:\/\/vapemaison.com\/wp-content\/uploads\/2025\/10\/banner-16-scaled.png","contentUrl":"https:\/\/vapemaison.com\/wp-content\/uploads\/2025\/10\/banner-16-scaled.png","width":2560,"height":1366,"caption":"Banner 16 Scaled Disposable Vape Device"},{"@type":"BreadcrumbList","@id":"https:\/\/vapemaison.com\/product\/humo-azul-15000-puffs-disposable-vape\/#breadcrumb","itemListElement":[{"@type":"ListItem","position":1,"name":"\u9996\u9875","item":"https:\/\/vapemaison.com\/"},{"@type":"ListItem","position":2,"name":"Shop","item":"https:\/\/vapemaison.com\/shop\/"},{"@type":"ListItem","position":3,"name":"Humo Azul","item":"https:\/\/vapemaison.com\/brand\/humo-azul\/"},{"@type":"ListItem","position":4,"name":"Humo Azul Vape 15k Puff 2% Low Nicotine Bulk Buy Rechargeable Disposable Vapes Pen Wholesale"}]},{"@type":"WebSite","@id":"https:\/\/vapemaison.com\/#website","url":"https:\/\/vapemaison.com\/","name":"VapeMaison","description":"Pr\u00e9miov\u00e1 vapingov\u00e1 za\u0159\u00edzen\u00ed a p\u0159\u00edslu\u0161enstv\u00ed","publisher":{"@id":"https:\/\/vapemaison.com\/#organization"},"potentialAction":[{"@type":"SearchAction","target":{"@type":"EntryPoint","urlTemplate":"https:\/\/vapemaison.com\/?s={search_term_string}"},"query-input":{"@type":"PropertyValueSpecification","valueRequired":true,"valueName":"search_term_string"}}],"inLanguage":"cs"},{"@type":"Organization","@id":"https:\/\/vapemaison.com\/#organization","name":"VapeMaison","url":"https:\/\/vapemaison.com\/","logo":{"@type":"ImageObject","inLanguage":"cs","@id":"https:\/\/vapemaison.com\/#\/schema\/logo\/image\/","url":"https:\/\/vapemaison.com\/wp-content\/uploads\/2026\/01\/cropped-vapemaison-logo-g-2026.webp","contentUrl":"https:\/\/vapemaison.com\/wp-content\/uploads\/2026\/01\/cropped-vapemaison-logo-g-2026.webp","width":350,"height":280,"caption":"VapeMaison"},"image":{"@id":"https:\/\/vapemaison.com\/#\/schema\/logo\/image\/"},"sameAs":["https:\/\/www.youtube.com\/@VapeMaison"]}]}},"tiered_pricing_type":"fixed","tiered_pricing_fixed_rules":{"30":"8.48","50":"7.99","100":"7.34","200":"6.78"},"tiered_pricing_product_settings":{"layout":"default","base_unit_name":{"singular":null,"plural":null},"default_variation":null},"tiered_pricing_minimum_quantity":10,"tiered_pricing_roles_data":[],"tiered_pricing_percentage_rules":[],"tiered_pricing_maximum_quantity":null,"tiered_pricing_quantity_step":"10","_links":{"self":[{"href":"https:\/\/vapemaison.com\/cs\/wp-json\/wp\/v2\/product\/9031","targetHints":{"allow":["GET"]}}],"collection":[{"href":"https:\/\/vapemaison.com\/cs\/wp-json\/wp\/v2\/product"}],"about":[{"href":"https:\/\/vapemaison.com\/cs\/wp-json\/wp\/v2\/types\/product"}],"replies":[{"embeddable":true,"href":"https:\/\/vapemaison.com\/cs\/wp-json\/wp\/v2\/comments?post=9031"}],"version-history":[{"count":4,"href":"https:\/\/vapemaison.com\/cs\/wp-json\/wp\/v2\/product\/9031\/revisions"}],"predecessor-version":[{"id":26151,"href":"https:\/\/vapemaison.com\/cs\/wp-json\/wp\/v2\/product\/9031\/revisions\/26151"}],"wp:featuredmedia":[{"embeddable":true,"href":"https:\/\/vapemaison.com\/cs\/wp-json\/wp\/v2\/media\/9032"}],"wp:attachment":[{"href":"https:\/\/vapemaison.com\/cs\/wp-json\/wp\/v2\/media?parent=9031"}],"wp:term":[{"taxonomy":"product_brand","embeddable":true,"href":"https:\/\/vapemaison.com\/cs\/wp-json\/wp\/v2\/product_brand?post=9031"},{"taxonomy":"product_cat","embeddable":true,"href":"https:\/\/vapemaison.com\/cs\/wp-json\/wp\/v2\/product_cat?post=9031"},{"taxonomy":"product_tag","embeddable":true,"href":"https:\/\/vapemaison.com\/cs\/wp-json\/wp\/v2\/product_tag?post=9031"}],"curies":[{"name":"wp","href":"https:\/\/api.w.org\/{rel}","templated":true}]}}