

{"id":9143,"date":"2025-10-25T09:22:15","date_gmt":"2025-10-25T09:22:15","guid":{"rendered":"https:\/\/vapemaison.com\/?post_type=product&#038;p=9143"},"modified":"2026-04-23T07:29:56","modified_gmt":"2026-04-23T07:29:56","slug":"bang-king-15000-puffs-jednorazove-vape","status":"publish","type":"product","link":"https:\/\/vapemaison.com\/cs\/product\/bang-king-15000-puffs-disposable-vape\/","title":{"rendered":"BangKing 15000 Puffs dob\u00edjec\u00ed jednor\u00e1zov\u00e9 Vape"},"content":{"rendered":"<h3 class=\"wp-block-heading\"><strong>BangKing 15000 Puffs Disposable Vape - maxim\u00e1ln\u00ed spokojenost p\u0159i vapingu<\/strong><\/h3>\n\n\n\n<p>Na str\u00e1nk\u00e1ch <strong>BangKing 15000 Puffs Vape na jedno pou\u017eit\u00ed<\/strong> nov\u011b definuje z\u00e1\u017eitek z jednor\u00e1zov\u00e9ho vapov\u00e1n\u00ed d\u00edky sv\u00e9mu v\u00fdjime\u010dn\u00e9mu v\u00fdkonu, dlouh\u00e9 \u017eivotnosti a vynikaj\u00edc\u00ed spokojenosti z\u00e1kazn\u00edk\u016f. Toto za\u0159\u00edzen\u00ed je navr\u017eeno tak, aby vyhovovalo pot\u0159eb\u00e1m p\u0159\u00edle\u017eitostn\u00fdch i zku\u0161en\u00fdch vaper\u016f, a kombinuje pohodl\u00ed, chu\u0165 a vysokou \u00farove\u0148 odolnosti, co\u017e z n\u011bj \u010din\u00ed v\u00fdjime\u010dnou volbu na trhu.<\/p>\n\n\n\n<p>S p\u016fsobiv\u00fdm <strong><a href=\"https:\/\/vapemaison.com\/product-category\/puffs-count\/15k-puffs\/\" type=\"link\" id=\"https:\/\/vapemaison.com\/product-category\/puffs-count\/15k-puffs\/\">15k obl\u00e1\u010dk\u016f<\/a> na za\u0159\u00edzen\u00ed<\/strong>, Bang King nab\u00edz\u00ed jeden z nejd\u00e9le trvaj\u00edc\u00edch vapingov\u00fdch z\u00e1\u017eitk\u016f. Tato dlouh\u00e1 \u017eivotnost je podpo\u0159ena <strong>Nab\u00edjec\u00ed baterie s kapacitou 650 mAh<\/strong>, co\u017e zaji\u0161\u0165uje spolehlivou a konzistentn\u00ed dod\u00e1vku energie po celou dobu \u017eivotnosti. Krom\u011b toho <strong>Kapacita p\u0159edpln\u011bn\u00e9 e-d\u017eusov\u00e9 n\u00e1pln\u011b 25 ml<\/strong> v\u00fdrazn\u011b sni\u017euje pot\u0159ebu \u010dast\u00e9ho dopl\u0148ov\u00e1n\u00ed a umo\u017e\u0148uje u\u017eivatel\u016fm u\u017e\u00edvat si vapov\u00e1n\u00ed bez neust\u00e1l\u00e9 \u00fadr\u017eby.<\/p>\n\n\n\n<p>Bang King je tak\u00e9 vybaven <strong>nastaviteln\u00fd syst\u00e9m proud\u011bn\u00ed vzduchu<\/strong>, co\u017e u\u017eivatel\u016fm umo\u017e\u0148uje jemn\u011b vyladit potah a p\u0159izp\u016fsobit vapov\u00e1n\u00ed sv\u00fdm osobn\u00edm preferenc\u00edm. K dispozici v <strong>S\u00edla nikotinu 0%, 2%, 3% a 5%<\/strong>, vyhovuje \u0161irok\u00e9mu spektru u\u017eivatel\u016f, od t\u011bch, kte\u0159\u00ed hledaj\u00ed hladk\u00fd z\u00e1\u017eitek bez nikotinu, a\u017e po ty, kte\u0159\u00ed d\u00e1vaj\u00ed p\u0159ednost siln\u011bj\u0161\u00edmu z\u00e1sahu.<\/p>\n\n\n\n<p>A\u0165 u\u017e jste ka\u017edodenn\u00ed vaper, nebo si r\u00e1di dop\u0159ejete del\u0161\u00ed v\u00fddr\u017e. <strong>Bang King 15000 Puffs Vape na jedno pou\u017eit\u00ed<\/strong> nab\u00edz\u00ed dokonalou rovnov\u00e1hu mezi pohodl\u00edm, kvalitou a v\u00fdkonem, tak\u017ee je ide\u00e1ln\u00ed volbou pro ty, kte\u0159\u00ed u sv\u00fdch vapovac\u00edch za\u0159\u00edzen\u00ed oce\u0148uj\u00ed kvalitu i dlouhou \u017eivotnost.<\/p>\n\n\n\n<p><strong>Klikn\u011bte zde pro v\u00edce informac\u00ed <a href=\"https:\/\/vapemaison.com\/brand\/bang\/\">v\u00fdrobky od spole\u010dnosti Bang<\/a>, jako\u017e i <a href=\"https:\/\/vapemaison.com\/shop\/\" type=\"link\" id=\"https:\/\/vapemaison.com\/shop\/\">v\u0161echny produkty<\/a>.<\/strong><\/p>\n\n\n\n<h4 class=\"wp-block-heading\"><strong>Seznam p\u0159\u00edchut\u00ed <\/strong><\/h4>\n\n\n\n<p>Na str\u00e1nk\u00e1ch <strong>Bang King 15000 Puffs<\/strong> nab\u00edz\u00ed \u0159adu lahodn\u00fdch p\u0159\u00edchut\u00ed, kter\u00e9 jist\u011b pot\u011b\u0161\u00ed va\u0161e chu\u0165ov\u00e9 poh\u00e1rky. A\u0165 u\u017e d\u00e1v\u00e1te p\u0159ednost ovocn\u00fdm, m\u00e1tov\u00fdm nebo dezertem inspirovan\u00fdm p\u0159\u00edchut\u00edm, ur\u010dit\u011b si vyberete. Zde jsou n\u011bkter\u00e9 z nejlep\u0161\u00edch p\u0159\u00edchut\u00ed, ze kter\u00fdch si m\u016f\u017eete vybrat:<\/p>\n\n\n\n<ol class=\"wp-block-list\">\n<li><strong>Jahodov\u00fd meloun<\/strong><\/li>\n\n\n\n<li><strong>Trojit\u00fd led z bobul\u00ed<\/strong><\/li>\n\n\n\n<li><strong>Sv\u011b\u017e\u00ed led<\/strong><\/li>\n\n\n\n<li><strong>Broskvov\u00fd led<\/strong><\/li>\n\n\n\n<li><strong>Jahodov\u00e9 kiwi<\/strong><\/li>\n\n\n\n<li><strong>Blue Razz Ice<\/strong><\/li>\n\n\n\n<li><strong>Aloe Grape<\/strong><\/li>\n\n\n\n<li><strong>Broskvov\u00e9 mango<\/strong><\/li>\n\n\n\n<li><strong>Dvojit\u00e9 jablko<\/strong><\/li>\n\n\n\n<li><strong>Tropick\u00e9 ovoce<\/strong><\/li>\n\n\n\n<li><strong>Jahodov\u00fd ban\u00e1n<\/strong><\/li>\n\n\n\n<li><strong>Kiwi Mu\u010denka Ovoce Guava<\/strong><\/li>\n\n\n\n<li><strong>Kysel\u00e9 jablko Razberry<\/strong><\/li>\n\n\n\n<li><strong>Melounov\u00e1 \u017ev\u00fdka\u010dka<\/strong><\/li>\n\n\n\n<li><strong>Jahodov\u00fd jogurt<\/strong><\/li>\n\n\n\n<li><strong>Black Dragon Ice<\/strong><\/li>\n\n\n\n<li><strong>R\u016f\u017eov\u00e1 limon\u00e1da<\/strong><\/li>\n\n\n\n<li><strong>T\u0159e\u0161\u0148ov\u00fd pop<\/strong><\/li>\n\n\n\n<li><strong>Cool Mint<\/strong><\/li>\n\n\n\n<li><strong>Cukrov\u00e1 vata<\/strong><\/li>\n<\/ol>\n\n\n\n<h4 class=\"wp-block-heading\"><strong>Pro\u010d si vybrat Bang King 15000 Puffs?<\/strong><\/h4>\n\n\n\n<p><strong>Dlouhodob\u00fd po\u017eitek<\/strong>: Se sv\u00fdm <strong>Kapacita 15 000 puf\u016f<\/strong>, ... <strong>Bang King<\/strong> nab\u00edz\u00ed dlouhodob\u00fd z\u00e1\u017eitek z vapingu, ide\u00e1ln\u00ed pro n\u00e1ro\u010dn\u00e9 u\u017eivatele, kte\u0159\u00ed se necht\u011bj\u00ed obt\u011b\u017eovat \u010dast\u00fdmi v\u00fdm\u011bnami.<\/p>\n\n\n\n<p><strong>V\u0161estrann\u00e9 mo\u017enosti nikotinu<\/strong>: A\u0165 u\u017e jste za\u010d\u00e1te\u010dn\u00edk, nebo dlouholet\u00fd vaper. <strong>Bang King<\/strong> umo\u017e\u0148uje flexibiln\u011b nastavit hladinu nikotinu podle va\u0161ich preferenc\u00ed.<\/p>\n\n\n\n<p><strong>P\u0159enosn\u00e9 a stylov\u00e9<\/strong>: Na <strong>Bang King<\/strong> se m\u016f\u017ee pochlubit elegantn\u00edm, p\u0159enosn\u00fdm designem, kter\u00fd se pohodln\u011b dr\u017e\u00ed v ruce. D\u00edky \u017eiv\u00fdm, poutav\u00fdm barv\u00e1m a pr\u00e9miov\u00fdm mo\u017enostem p\u0159\u00edchut\u00ed vynik\u00e1 toto za\u0159\u00edzen\u00ed designem i v\u00fdkonem.<\/p>\n\n\n\n<p><strong>V\u00fdjime\u010dn\u00e1 hodnota<\/strong>: Nab\u00edz\u00ed a\u017e <strong>15 000 vdech\u016f<\/strong> a <strong>Kapacita 25 ml e-d\u017eus\u016f<\/strong>, ... <strong>Bang King<\/strong> je konstruov\u00e1n tak, aby vydr\u017eel d\u00e9le ne\u017e jin\u00e9 jednor\u00e1zov\u00e9 vapery, a nab\u00edz\u00ed tak vynikaj\u00edc\u00ed hodnotu bez kompromis\u016f v kvalit\u011b.<\/p>\n\n\n\n<h4 class=\"wp-block-heading\"><strong>Zlep\u0161ete sv\u016fj z\u00e1\u017eitek z vapingu je\u0161t\u011b dnes<\/strong><\/h4>\n\n\n\n<p>A\u0165 u\u017e hled\u00e1te za\u0159\u00edzen\u00ed pro ka\u017edodenn\u00ed pou\u017eit\u00ed, nebo n\u011bco, co si m\u016f\u017eete vz\u00edt s sebou na cesty. <strong>Bang King 15000 Puffs<\/strong> jednor\u00e1zov\u00e9 vape poskytuje <strong>dokonal\u00e1 kombinace<\/strong> pohodl\u00ed, v\u00fdkonu a chuti. Dob\u00edjec\u00ed, odoln\u00fd a s rozs\u00e1hl\u00fdm seznamem p\u0159\u00edchut\u00ed je ur\u010den pro vapery, kte\u0159\u00ed vy\u017eaduj\u00ed to nejlep\u0161\u00ed.<\/p>\n\n\n\n<p>Vstupte na novou \u00farove\u0148 uspokojen\u00ed z vapingu s modelem <strong>Bang King 15000 Puffs Vape na jedno pou\u017eit\u00ed<\/strong>.<\/p>","protected":false},"excerpt":{"rendered":"<p><strong data-start=\"0\" data-end=\"41\" data-is-only-node=\"\">Bang King 15000 Puffs Vape na jedno pou\u017eit\u00ed<\/strong> poskytuje a\u017e 15 000 potah\u016f bohat\u00e9, uspokojiv\u00e9 chuti s dob\u00edjec\u00ed bateri\u00ed 650 mAh a 25ML p\u0159edpln\u011bn\u00e9 e-\u0161\u0165\u00e1vy. Vychutnejte si nastaviteln\u00fd pr\u016ftok vzduchu, hladkou p\u00e1ru a n\u011bkolik mo\u017enost\u00ed nikotinu (0%-5%) - navr\u017eeno pro trval\u00fd v\u00fdkon a \u010dist\u00e9 pohodl\u00ed.<\/p>","protected":false},"featured_media":9156,"comment_status":"open","ping_status":"closed","template":"","meta":[],"product_brand":[57],"product_cat":[167],"product_tag":[],"class_list":{"0":"post-9143","1":"product","2":"type-product","3":"status-publish","4":"has-post-thumbnail","6":"product_brand-bang","7":"product_cat-15k-puffs","9":"first","10":"instock","11":"sale","12":"shipping-taxable","13":"purchasable","14":"product-type-variable"},"yoast_head":"<!-- This site is optimized with the Yoast SEO plugin v27.4 - https:\/\/yoast.com\/product\/yoast-seo-wordpress\/ -->\n<title>BangKing 15000 Puffs Disposable Vape \u2013 Rechargeable<\/title>\n<meta name=\"description\" content=\"Enjoy BangKing 15000 puffs with the Bang King Disposable Vape. Rechargeable, and multiple nicotine levels for a customizable experience.\" \/>\n<meta name=\"robots\" content=\"index, follow, max-snippet:-1, max-image-preview:large, max-video-preview:-1\" \/>\n<link rel=\"canonical\" href=\"https:\/\/vapemaison.com\/cs\/produkt\/bang-king-15000-puffs-jednorazove-vape\/\" \/>\n<meta property=\"og:locale\" content=\"cs_CZ\" \/>\n<meta property=\"og:type\" content=\"article\" \/>\n<meta property=\"og:title\" content=\"BangKing 15000 Puffs Disposable Vape \u2013 Rechargeable\" \/>\n<meta property=\"og:description\" content=\"Enjoy BangKing 15000 puffs with the Bang King Disposable Vape. Rechargeable, and multiple nicotine levels for a customizable experience.\" \/>\n<meta property=\"og:url\" content=\"https:\/\/vapemaison.com\/cs\/produkt\/bang-king-15000-puffs-jednorazove-vape\/\" \/>\n<meta property=\"og:site_name\" content=\"VapeMaison\" \/>\n<meta property=\"article:modified_time\" content=\"2026-04-23T07:29:56+00:00\" \/>\n<meta property=\"og:image\" content=\"https:\/\/vapemaison.com\/wp-content\/uploads\/2025\/10\/Bang-King-15000-Puffs-Crystal-Vapes-Main-Picture.webp\" \/>\n\t<meta property=\"og:image:width\" content=\"638\" \/>\n\t<meta property=\"og:image:height\" content=\"637\" \/>\n\t<meta property=\"og:image:type\" content=\"image\/webp\" \/>\n<meta name=\"twitter:card\" content=\"summary_large_image\" \/>\n<meta name=\"twitter:label1\" content=\"Odhadovan\u00e1 doba \u010dten\u00ed\" \/>\n\t<meta name=\"twitter:data1\" content=\"3 minuty\" \/>\n<!-- \/ Yoast SEO plugin. -->","yoast_head_json":{"title":"BangKing 15000 Puffs Vape na jedno pou\u017eit\u00ed - dob\u00edjec\u00ed","description":"Vychutnejte si BangKing 15000 \u0161luk\u016f s jednor\u00e1zov\u00fdm vape Bang King. Dob\u00edjen\u00ed a n\u011bkolik \u00farovn\u00ed nikotinu pro p\u0159izp\u016fsoben\u00ed z\u00e1\u017eitku.","robots":{"index":"index","follow":"follow","max-snippet":"max-snippet:-1","max-image-preview":"max-image-preview:large","max-video-preview":"max-video-preview:-1"},"canonical":"https:\/\/vapemaison.com\/cs\/produkt\/bang-king-15000-puffs-jednorazove-vape\/","og_locale":"cs_CZ","og_type":"article","og_title":"BangKing 15000 Puffs Disposable Vape \u2013 Rechargeable","og_description":"Enjoy BangKing 15000 puffs with the Bang King Disposable Vape. Rechargeable, and multiple nicotine levels for a customizable experience.","og_url":"https:\/\/vapemaison.com\/cs\/produkt\/bang-king-15000-puffs-jednorazove-vape\/","og_site_name":"VapeMaison","article_modified_time":"2026-04-23T07:29:56+00:00","og_image":[{"width":638,"height":637,"url":"https:\/\/vapemaison.com\/wp-content\/uploads\/2025\/10\/Bang-King-15000-Puffs-Crystal-Vapes-Main-Picture.webp","type":"image\/webp"}],"twitter_card":"summary_large_image","twitter_misc":{"Odhadovan\u00e1 doba \u010dten\u00ed":"3 minuty"},"schema":{"@context":"https:\/\/schema.org","@graph":[{"@type":"WebPage","@id":"https:\/\/vapemaison.com\/product\/bang-king-15000-puffs-disposable-vape\/","url":"https:\/\/vapemaison.com\/product\/bang-king-15000-puffs-disposable-vape\/","name":"BangKing 15000 Puffs Vape na jedno pou\u017eit\u00ed - dob\u00edjec\u00ed","isPartOf":{"@id":"https:\/\/vapemaison.com\/#website"},"primaryImageOfPage":{"@id":"https:\/\/vapemaison.com\/product\/bang-king-15000-puffs-disposable-vape\/#primaryimage"},"image":{"@id":"https:\/\/vapemaison.com\/product\/bang-king-15000-puffs-disposable-vape\/#primaryimage"},"thumbnailUrl":"https:\/\/vapemaison.com\/wp-content\/uploads\/2025\/10\/Bang-King-15000-Puffs-Crystal-Vapes-Main-Picture.webp","datePublished":"2025-10-25T09:22:15+00:00","dateModified":"2026-04-23T07:29:56+00:00","description":"Vychutnejte si BangKing 15000 \u0161luk\u016f s jednor\u00e1zov\u00fdm vape Bang King. Dob\u00edjen\u00ed a n\u011bkolik \u00farovn\u00ed nikotinu pro p\u0159izp\u016fsoben\u00ed z\u00e1\u017eitku.","breadcrumb":{"@id":"https:\/\/vapemaison.com\/product\/bang-king-15000-puffs-disposable-vape\/#breadcrumb"},"inLanguage":"cs","potentialAction":[{"@type":"ReadAction","target":["https:\/\/vapemaison.com\/product\/bang-king-15000-puffs-disposable-vape\/"]}]},{"@type":"ImageObject","inLanguage":"cs","@id":"https:\/\/vapemaison.com\/product\/bang-king-15000-puffs-disposable-vape\/#primaryimage","url":"https:\/\/vapemaison.com\/wp-content\/uploads\/2025\/10\/Bang-King-15000-Puffs-Crystal-Vapes-Main-Picture.webp","contentUrl":"https:\/\/vapemaison.com\/wp-content\/uploads\/2025\/10\/Bang-King-15000-Puffs-Crystal-Vapes-Main-Picture.webp","width":638,"height":637,"caption":"Bang King Puffs Crystal Vapes Main Picture"},{"@type":"BreadcrumbList","@id":"https:\/\/vapemaison.com\/product\/bang-king-15000-puffs-disposable-vape\/#breadcrumb","itemListElement":[{"@type":"ListItem","position":1,"name":"\u9996\u9875","item":"https:\/\/vapemaison.com\/"},{"@type":"ListItem","position":2,"name":"Shop","item":"https:\/\/vapemaison.com\/shop\/"},{"@type":"ListItem","position":3,"name":"Bang","item":"https:\/\/vapemaison.com\/brand\/bang\/"},{"@type":"ListItem","position":4,"name":"BangKing 15000 Puffs Rechargeable Disposable Vape"}]},{"@type":"WebSite","@id":"https:\/\/vapemaison.com\/#website","url":"https:\/\/vapemaison.com\/","name":"VapeMaison","description":"Pr\u00e9miov\u00e1 vapingov\u00e1 za\u0159\u00edzen\u00ed a p\u0159\u00edslu\u0161enstv\u00ed","publisher":{"@id":"https:\/\/vapemaison.com\/#organization"},"potentialAction":[{"@type":"SearchAction","target":{"@type":"EntryPoint","urlTemplate":"https:\/\/vapemaison.com\/?s={search_term_string}"},"query-input":{"@type":"PropertyValueSpecification","valueRequired":true,"valueName":"search_term_string"}}],"inLanguage":"cs"},{"@type":"Organization","@id":"https:\/\/vapemaison.com\/#organization","name":"VapeMaison","url":"https:\/\/vapemaison.com\/","logo":{"@type":"ImageObject","inLanguage":"cs","@id":"https:\/\/vapemaison.com\/#\/schema\/logo\/image\/","url":"https:\/\/vapemaison.com\/wp-content\/uploads\/2026\/01\/cropped-vapemaison-logo-g-2026.webp","contentUrl":"https:\/\/vapemaison.com\/wp-content\/uploads\/2026\/01\/cropped-vapemaison-logo-g-2026.webp","width":350,"height":280,"caption":"VapeMaison"},"image":{"@id":"https:\/\/vapemaison.com\/#\/schema\/logo\/image\/"},"sameAs":["https:\/\/www.youtube.com\/@VapeMaison"]}]}},"tiered_pricing_type":"fixed","tiered_pricing_fixed_rules":{"30":"8.19","50":"7.88","100":"7.51","200":"7.21"},"tiered_pricing_product_settings":{"layout":"default","base_unit_name":{"singular":null,"plural":null},"default_variation":null},"tiered_pricing_minimum_quantity":10,"tiered_pricing_roles_data":[],"tiered_pricing_percentage_rules":[],"tiered_pricing_maximum_quantity":null,"tiered_pricing_quantity_step":"10","_links":{"self":[{"href":"https:\/\/vapemaison.com\/cs\/wp-json\/wp\/v2\/product\/9143","targetHints":{"allow":["GET"]}}],"collection":[{"href":"https:\/\/vapemaison.com\/cs\/wp-json\/wp\/v2\/product"}],"about":[{"href":"https:\/\/vapemaison.com\/cs\/wp-json\/wp\/v2\/types\/product"}],"replies":[{"embeddable":true,"href":"https:\/\/vapemaison.com\/cs\/wp-json\/wp\/v2\/comments?post=9143"}],"version-history":[{"count":2,"href":"https:\/\/vapemaison.com\/cs\/wp-json\/wp\/v2\/product\/9143\/revisions"}],"predecessor-version":[{"id":29529,"href":"https:\/\/vapemaison.com\/cs\/wp-json\/wp\/v2\/product\/9143\/revisions\/29529"}],"wp:featuredmedia":[{"embeddable":true,"href":"https:\/\/vapemaison.com\/cs\/wp-json\/wp\/v2\/media\/9156"}],"wp:attachment":[{"href":"https:\/\/vapemaison.com\/cs\/wp-json\/wp\/v2\/media?parent=9143"}],"wp:term":[{"taxonomy":"product_brand","embeddable":true,"href":"https:\/\/vapemaison.com\/cs\/wp-json\/wp\/v2\/product_brand?post=9143"},{"taxonomy":"product_cat","embeddable":true,"href":"https:\/\/vapemaison.com\/cs\/wp-json\/wp\/v2\/product_cat?post=9143"},{"taxonomy":"product_tag","embeddable":true,"href":"https:\/\/vapemaison.com\/cs\/wp-json\/wp\/v2\/product_tag?post=9143"}],"curies":[{"name":"wp","href":"https:\/\/api.w.org\/{rel}","templated":true}]}}