

{"id":9333,"date":"2025-10-27T09:40:26","date_gmt":"2025-10-27T09:40:26","guid":{"rendered":"https:\/\/vapemaison.com\/?post_type=product&#038;p=9333"},"modified":"2026-05-14T03:28:39","modified_gmt":"2026-05-14T03:28:39","slug":"pouzdro-na-telefon-humocase-watermelon-ice-vape","status":"publish","type":"product","link":"https:\/\/vapemaison.com\/cs\/product\/humocase-watermelon-ice-phone-case-vape\/","title":{"rendered":"HUMOCASE Watermelon Ice - Pouzdro na telefon na jedno pou\u017eit\u00ed Vape"},"content":{"rendered":"<p>Na str\u00e1nk\u00e1ch <strong>HumoCase Watermelon Ice<\/strong> nov\u011b definuje mo\u017enosti p\u0159enosn\u00e9ho vapingu.<br>Je to v\u00edc ne\u017e jen za\u0159\u00edzen\u00ed, je to inovace - a <strong>skute\u010dn\u00e9 pouzdro na telefon, kter\u00e9 slou\u017e\u00ed jako dob\u00edjec\u00ed vape<\/strong>.<br>M\u016f\u017eete ji nosit v\u0161ude s sebou, u\u017e\u00edvat si vapov\u00e1n\u00ed kdykoli a m\u00edt voln\u00e9 ruce bez zbyte\u010dn\u00fdch n\u00e1klad\u016f.<\/p>\n\n\n\n<h3 class=\"wp-block-heading\"><strong>Osv\u011b\u017euj\u00edc\u00ed chu\u0165, nezapomenuteln\u00fd pocit<\/strong><\/h3>\n\n\n\n<p>Pono\u0159te se do chuti l\u00e9ta s HUMOCASE Watermelon Ice. Ka\u017ed\u00e9 \u0161luknut\u00ed p\u0159in\u00e1\u0161\u00ed \u0161\u0165avnat\u00fd n\u00e1dech zral\u00e9ho melounu, po kter\u00e9m n\u00e1sleduje k\u0159upav\u00fd, ledov\u00fd z\u00e1v\u011br - dokonale vyv\u00e1\u017een\u00fd pro hladk\u00fd a uspokojiv\u00fd z\u00e1\u017eitek z vapov\u00e1n\u00ed. Je to jako pop\u00edjet vychlazen\u00fd melounov\u00fd d\u017eus za slune\u010dn\u00e9ho dne.<\/p>\n\n\n\n<h3 class=\"wp-block-heading\"><strong>Pro\u010d si vybrat pouzdro Humo?<\/strong><\/h3>\n\n\n\n<p>Dvoufunk\u010dn\u00ed design: ochrana telefonu + pr\u00e9miov\u00fd vape<\/p>\n\n\n\n<p>Vedouc\u00ed inovace v roce 2025<\/p>\n\n\n\n<p>Odolnost proti \u00faniku a snadn\u00e9 pou\u017eit\u00ed<\/p>\n\n\n\n<p>Ide\u00e1ln\u00ed na cesty, spole\u010densk\u00e9 akce i ka\u017edodenn\u00ed pou\u017eit\u00ed<\/p>\n\n\n\n<h3 class=\"wp-block-heading\"><strong>Ide\u00e1ln\u00ed pro ka\u017edodenn\u00ed \u017eivot<\/strong><\/h3>\n\n\n\n<p>A\u0165 u\u017e se chyst\u00e1te do pr\u00e1ce, na ve\u010dern\u00ed proch\u00e1zku nebo do posilovny, <strong>HumoCase se snadno za\u010dlen\u00ed do va\u0161\u00ed rutiny<\/strong>.<br>Je to dokonal\u00e9 spojen\u00ed techniky a \u017eivotn\u00edho stylu - navr\u017een\u00e9 pro ty, kte\u0159\u00ed si cen\u00ed inovac\u00ed, sofistikovanosti a individuality.<\/p>\n\n\n\n<div class=\"wp-block-group is-vertical is-nowrap is-layout-flex wp-container-core-group-is-layout-3655d5c7 wp-block-group-is-layout-flex\">\n<h3 class=\"wp-block-heading\"><strong>Design a inovace<\/strong><\/h3>\n<\/div>\n\n\n\n<p>Jedine\u010dn\u00fd design skute\u010dn\u00e9ho pouzdra na telefon - diskr\u00e9tn\u00ed, p\u0159enosn\u00fd a praktick\u00fd<\/p>\n\n\n\n<p>Ergonomick\u00e1 konstrukce, kter\u00e1 se p\u0159irozen\u011b hod\u00ed k va\u0161im ka\u017edodenn\u00edm pot\u0159eb\u00e1m<\/p>\n\n\n\n<p>Plynul\u00fd syst\u00e9m proud\u011bn\u00ed vzduchu pro konzistentn\u00ed pod\u00e1n\u00ed chuti<\/p>\n\n\n\n<p>Ide\u00e1ln\u00ed pro ty, kte\u0159\u00ed cht\u011bj\u00ed energick\u00fd a osv\u011b\u017euj\u00edc\u00ed z\u00e1\u017eitek z vapov\u00e1n\u00ed.<\/p>\n\n\n\n<h3 class=\"wp-block-heading\"><strong>Specifikace<\/strong><\/h3>\n\n\n\n<figure class=\"wp-block-table\"><table class=\"has-fixed-layout\"><thead><tr><th>Funkce<\/th><th>Popis<\/th><\/tr><\/thead><tbody><tr><td><strong>P\u0159\u00edchu\u0165<\/strong><\/td><td>Melounov\u00fd led<\/td><\/tr><tr><td><strong>Po\u010det puf\u016f<\/strong><\/td><td>30,000<\/td><\/tr><tr><td><strong>Odolnost<\/strong><\/td><td>1.2\u03a9<\/td><\/tr><tr><td><strong>Kapacita e-liquidu<\/strong><\/td><td>20 ml<\/td><\/tr><tr><td><strong>S\u00edla nikotinu<\/strong><\/td><td>5%<\/td><\/tr><\/tbody><\/table><\/figure>\n\n\n\n<h3 class=\"wp-block-heading\"><strong>Bezpe\u010dnost a vylou\u010den\u00ed odpov\u011bdnosti<\/strong><\/h3>\n\n\n\n<p>Pouze pro dosp\u011bl\u00e9 (21+). Uchov\u00e1vejte mimo dosah d\u011bt\u00ed a dom\u00e1c\u00edch zv\u00ed\u0159at.<\/p>\n\n\n\n<p>Prozkoumejte nejnov\u011bj\u0161\u00ed inovace v oblasti p\u0159enosn\u00e9ho vapingu na adrese <a href=\"https:\/\/vapemaison.com\/\">VapeMaison<\/a>, kde se pohodl\u00ed snoub\u00ed se stylem. Prohl\u00e9dn\u011bte si celou na\u0161i nab\u00eddku na <a href=\"https:\/\/vapemaison.com\/shop\/\">Obchod<\/a> v\u010detn\u011b obl\u00edben\u00e9 str\u00e1nky <strong>P\u0159\u00edpad Humo<\/strong> podle <a href=\"https:\/\/vapemaison.com\/brand\/humocase\/\"><\/a><a href=\"https:\/\/vapemaison.com\/brand\/humocase\/\">Humocase<\/a>, dokonal\u00e1 kombinace elegantn\u00edho designu a plynul\u00e9ho vapov\u00e1n\u00ed. A\u0165 u\u017e hled\u00e1te chytr\u00e9 ka\u017edodenn\u00ed spole\u010dn\u00edky nebo n\u00e1pady na d\u00e1rky, najdete n\u011bco, co bude vyhovovat va\u0161emu \u017eivotn\u00edmu stylu.<\/p>","protected":false},"excerpt":{"rendered":"<p><strong data-start=\"32\" data-end=\"50\">Melounov\u00fd led<\/strong> spojuje \u0161\u0165avnatou sladkost zral\u00e9ho melounu s chladiv\u00fdm mentolov\u00fdm z\u00e1v\u011brem. Osv\u011b\u017euj\u00edc\u00ed, lehk\u00e1 a dokonale vyv\u00e1\u017een\u00e1 p\u0159\u00edchu\u0165 je tou nejlep\u0161\u00ed letn\u00ed p\u0159\u00edchut\u00ed.<\/p>","protected":false},"featured_media":9328,"comment_status":"open","ping_status":"closed","template":"","meta":[],"product_brand":[163],"product_cat":[134],"product_tag":[],"class_list":{"0":"post-9333","1":"product","2":"type-product","3":"status-publish","4":"has-post-thumbnail","6":"product_brand-humocase","7":"product_cat-30k-puffs","9":"first","10":"instock","11":"sale","12":"shipping-taxable","13":"purchasable","14":"product-type-variable"},"yoast_head":"<!-- This site is optimized with the Yoast SEO plugin v27.4 - https:\/\/yoast.com\/product\/yoast-seo-wordpress\/ -->\n<title>HUMOCASE Watermelon Ice \u2013 Phone Case Disposable Vape<\/title>\n<meta name=\"description\" content=\"Discover the HUMOCASE Watermelon Ice \u2013 a sleek phone case vape offering the taste of juicy watermelon and cool menthol. Sweet, hydrating, and hydrating.\" \/>\n<meta name=\"robots\" content=\"index, follow, max-snippet:-1, max-image-preview:large, max-video-preview:-1\" \/>\n<link rel=\"canonical\" href=\"https:\/\/vapemaison.com\/cs\/produkt\/pouzdro-na-telefon-humocase-watermelon-ice-vape\/\" \/>\n<meta property=\"og:locale\" content=\"cs_CZ\" \/>\n<meta property=\"og:type\" content=\"article\" \/>\n<meta property=\"og:title\" content=\"HUMOCASE Watermelon Ice \u2013 Phone Case Disposable Vape\" \/>\n<meta property=\"og:description\" content=\"Discover the HUMOCASE Watermelon Ice \u2013 a sleek phone case vape offering the taste of juicy watermelon and cool menthol. Sweet, hydrating, and hydrating.\" \/>\n<meta property=\"og:url\" content=\"https:\/\/vapemaison.com\/cs\/produkt\/pouzdro-na-telefon-humocase-watermelon-ice-vape\/\" \/>\n<meta property=\"og:site_name\" content=\"VapeMaison\" \/>\n<meta property=\"article:modified_time\" content=\"2026-05-14T03:28:39+00:00\" \/>\n<meta property=\"og:image\" content=\"https:\/\/vapemaison.com\/wp-content\/uploads\/2025\/10\/humocase-watermelon-ice-background.webp\" \/>\n\t<meta property=\"og:image:width\" content=\"1800\" \/>\n\t<meta property=\"og:image:height\" content=\"1800\" \/>\n\t<meta property=\"og:image:type\" content=\"image\/webp\" \/>\n<meta name=\"twitter:card\" content=\"summary_large_image\" \/>\n<meta name=\"twitter:label1\" content=\"Odhadovan\u00e1 doba \u010dten\u00ed\" \/>\n\t<meta name=\"twitter:data1\" content=\"2 minuty\" \/>\n<!-- \/ Yoast SEO plugin. -->","yoast_head_json":{"title":"HUMOCASE Watermelon Ice - Pouzdro na telefon na jedno pou\u017eit\u00ed Vape","description":"Objevte HUMOCASE Watermelon Ice - elegantn\u00ed pouzdro na telefon, kter\u00e9 nab\u00edz\u00ed chu\u0165 \u0161\u0165avnat\u00e9ho melounu a chladiv\u00e9ho mentolu. Sladk\u00e1, hydrata\u010dn\u00ed a zavla\u017euj\u00edc\u00ed.","robots":{"index":"index","follow":"follow","max-snippet":"max-snippet:-1","max-image-preview":"max-image-preview:large","max-video-preview":"max-video-preview:-1"},"canonical":"https:\/\/vapemaison.com\/cs\/produkt\/pouzdro-na-telefon-humocase-watermelon-ice-vape\/","og_locale":"cs_CZ","og_type":"article","og_title":"HUMOCASE Watermelon Ice \u2013 Phone Case Disposable Vape","og_description":"Discover the HUMOCASE Watermelon Ice \u2013 a sleek phone case vape offering the taste of juicy watermelon and cool menthol. Sweet, hydrating, and hydrating.","og_url":"https:\/\/vapemaison.com\/cs\/produkt\/pouzdro-na-telefon-humocase-watermelon-ice-vape\/","og_site_name":"VapeMaison","article_modified_time":"2026-05-14T03:28:39+00:00","og_image":[{"width":1800,"height":1800,"url":"https:\/\/vapemaison.com\/wp-content\/uploads\/2025\/10\/humocase-watermelon-ice-background.webp","type":"image\/webp"}],"twitter_card":"summary_large_image","twitter_misc":{"Odhadovan\u00e1 doba \u010dten\u00ed":"2 minuty"},"schema":{"@context":"https:\/\/schema.org","@graph":[{"@type":"WebPage","@id":"https:\/\/vapemaison.com\/product\/humocase-watermelon-ice-phone-case-vape\/","url":"https:\/\/vapemaison.com\/product\/humocase-watermelon-ice-phone-case-vape\/","name":"HUMOCASE Watermelon Ice - Pouzdro na telefon na jedno pou\u017eit\u00ed Vape","isPartOf":{"@id":"https:\/\/vapemaison.com\/#website"},"primaryImageOfPage":{"@id":"https:\/\/vapemaison.com\/product\/humocase-watermelon-ice-phone-case-vape\/#primaryimage"},"image":{"@id":"https:\/\/vapemaison.com\/product\/humocase-watermelon-ice-phone-case-vape\/#primaryimage"},"thumbnailUrl":"https:\/\/vapemaison.com\/wp-content\/uploads\/2025\/10\/humocase-watermelon-ice-background.webp","datePublished":"2025-10-27T09:40:26+00:00","dateModified":"2026-05-14T03:28:39+00:00","description":"Objevte HUMOCASE Watermelon Ice - elegantn\u00ed pouzdro na telefon, kter\u00e9 nab\u00edz\u00ed chu\u0165 \u0161\u0165avnat\u00e9ho melounu a chladiv\u00e9ho mentolu. Sladk\u00e1, hydrata\u010dn\u00ed a zavla\u017euj\u00edc\u00ed.","breadcrumb":{"@id":"https:\/\/vapemaison.com\/product\/humocase-watermelon-ice-phone-case-vape\/#breadcrumb"},"inLanguage":"cs","potentialAction":[{"@type":"ReadAction","target":["https:\/\/vapemaison.com\/product\/humocase-watermelon-ice-phone-case-vape\/"]}]},{"@type":"ImageObject","inLanguage":"cs","@id":"https:\/\/vapemaison.com\/product\/humocase-watermelon-ice-phone-case-vape\/#primaryimage","url":"https:\/\/vapemaison.com\/wp-content\/uploads\/2025\/10\/humocase-watermelon-ice-background.webp","contentUrl":"https:\/\/vapemaison.com\/wp-content\/uploads\/2025\/10\/humocase-watermelon-ice-background.webp","width":1800,"height":1800,"caption":"Humocase Watermelon Ice Background Disposable Vape Device"},{"@type":"BreadcrumbList","@id":"https:\/\/vapemaison.com\/product\/humocase-watermelon-ice-phone-case-vape\/#breadcrumb","itemListElement":[{"@type":"ListItem","position":1,"name":"\u9996\u9875","item":"https:\/\/vapemaison.com\/"},{"@type":"ListItem","position":2,"name":"Shop","item":"https:\/\/vapemaison.com\/shop\/"},{"@type":"ListItem","position":3,"name":"HumoCase","item":"https:\/\/vapemaison.com\/brand\/humocase\/"},{"@type":"ListItem","position":4,"name":"HUMOCASE Watermelon Ice \u2013 Phone Case Disposable Vape"}]},{"@type":"WebSite","@id":"https:\/\/vapemaison.com\/#website","url":"https:\/\/vapemaison.com\/","name":"VapeMaison","description":"Pr\u00e9miov\u00e1 vapingov\u00e1 za\u0159\u00edzen\u00ed a p\u0159\u00edslu\u0161enstv\u00ed","publisher":{"@id":"https:\/\/vapemaison.com\/#organization"},"potentialAction":[{"@type":"SearchAction","target":{"@type":"EntryPoint","urlTemplate":"https:\/\/vapemaison.com\/?s={search_term_string}"},"query-input":{"@type":"PropertyValueSpecification","valueRequired":true,"valueName":"search_term_string"}}],"inLanguage":"cs"},{"@type":"Organization","@id":"https:\/\/vapemaison.com\/#organization","name":"VapeMaison","url":"https:\/\/vapemaison.com\/","logo":{"@type":"ImageObject","inLanguage":"cs","@id":"https:\/\/vapemaison.com\/#\/schema\/logo\/image\/","url":"https:\/\/vapemaison.com\/wp-content\/uploads\/2026\/01\/cropped-vapemaison-logo-g-2026.webp","contentUrl":"https:\/\/vapemaison.com\/wp-content\/uploads\/2026\/01\/cropped-vapemaison-logo-g-2026.webp","width":350,"height":280,"caption":"VapeMaison"},"image":{"@id":"https:\/\/vapemaison.com\/#\/schema\/logo\/image\/"},"sameAs":["https:\/\/www.youtube.com\/@VapeMaison"]}]}},"tiered_pricing_type":"fixed","tiered_pricing_fixed_rules":{"30":"9.78","50":"8.44","100":"7.86","200":"6.25"},"tiered_pricing_product_settings":{"layout":"default","base_unit_name":{"singular":null,"plural":null},"default_variation":null},"tiered_pricing_minimum_quantity":5,"tiered_pricing_roles_data":[],"tiered_pricing_percentage_rules":[],"tiered_pricing_maximum_quantity":null,"tiered_pricing_quantity_step":"5","_links":{"self":[{"href":"https:\/\/vapemaison.com\/cs\/wp-json\/wp\/v2\/product\/9333","targetHints":{"allow":["GET"]}}],"collection":[{"href":"https:\/\/vapemaison.com\/cs\/wp-json\/wp\/v2\/product"}],"about":[{"href":"https:\/\/vapemaison.com\/cs\/wp-json\/wp\/v2\/types\/product"}],"replies":[{"embeddable":true,"href":"https:\/\/vapemaison.com\/cs\/wp-json\/wp\/v2\/comments?post=9333"}],"version-history":[{"count":1,"href":"https:\/\/vapemaison.com\/cs\/wp-json\/wp\/v2\/product\/9333\/revisions"}],"predecessor-version":[{"id":30319,"href":"https:\/\/vapemaison.com\/cs\/wp-json\/wp\/v2\/product\/9333\/revisions\/30319"}],"wp:featuredmedia":[{"embeddable":true,"href":"https:\/\/vapemaison.com\/cs\/wp-json\/wp\/v2\/media\/9328"}],"wp:attachment":[{"href":"https:\/\/vapemaison.com\/cs\/wp-json\/wp\/v2\/media?parent=9333"}],"wp:term":[{"taxonomy":"product_brand","embeddable":true,"href":"https:\/\/vapemaison.com\/cs\/wp-json\/wp\/v2\/product_brand?post=9333"},{"taxonomy":"product_cat","embeddable":true,"href":"https:\/\/vapemaison.com\/cs\/wp-json\/wp\/v2\/product_cat?post=9333"},{"taxonomy":"product_tag","embeddable":true,"href":"https:\/\/vapemaison.com\/cs\/wp-json\/wp\/v2\/product_tag?post=9333"}],"curies":[{"name":"wp","href":"https:\/\/api.w.org\/{rel}","templated":true}]}}