

{"id":9572,"date":"2025-11-04T09:53:53","date_gmt":"2025-11-04T09:53:53","guid":{"rendered":"https:\/\/vapemaison.com\/?post_type=product&#038;p=9572"},"modified":"2026-02-27T09:44:31","modified_gmt":"2026-02-27T09:44:31","slug":"fumot-tornado-12000-blueberry-raspberry-vape","status":"publish","type":"product","link":"https:\/\/vapemaison.com\/cs\/product\/fumot-tornado-12000-blueberry-raspberry-vape\/","title":{"rendered":"Fumot 12000 Blueberry Raspberry Vape | Top 10 E-Cigarette by RandMFumot 12000"},"content":{"rendered":"<h2 class=\"wp-block-heading\"><strong>Fumot Digital Box 12000 - p\u0159\u00edchu\u0165 bor\u016fvka malina<\/strong><\/h2>\n\n\n\n<p>Na str\u00e1nk\u00e1ch <strong>Fumot Digital Box 12000<\/strong> se \u0159ad\u00ed mezi <strong>10 nejlep\u0161\u00edch e-cigaret<\/strong>, kter\u00fd kombinuje prvot\u0159\u00eddn\u00ed v\u00fdkon s v\u00fdjime\u010dnou chut\u00ed. Na <em>Bor\u016fvka malina<\/em> edice m\u00eds\u00ed \u0161\u0165avnat\u00e9 bor\u016fvky a pikantn\u00ed maliny do hladk\u00e9ho ovocn\u00e9ho vape z\u00e1\u017eitku, kter\u00fd u\u017eivatele nut\u00ed vracet se pro dal\u0161\u00ed. Zjist\u011bte, pro\u010d je tato p\u0159\u00edchu\u0165 obl\u00edben\u00e1 u fanou\u0161k\u016f a jak ji odli\u0161uje inovativn\u00ed technologie spole\u010dnosti Fumot.<\/p>\n\n\n\n<h3 class=\"wp-block-heading\"><strong>Pro\u010d si vybrat Fumot 12000 Blueberry Raspberry?<\/strong><\/h3>\n\n\n\n<p>Na str\u00e1nk\u00e1ch <strong>Bor\u016fvka malina<\/strong> p\u0159in\u00e1\u0161\u00ed dokonalou rovnov\u00e1hu sladk\u00fdch a lehce trpk\u00fdch t\u00f3n\u016f lesn\u00edch plod\u016f - stejn\u011b jako \u010derstv\u011b natrhan\u00e9 lesn\u00ed plody. S <strong>a\u017e 12 000 vdech\u016f<\/strong>, a <strong>Kapacita p\u0159edpln\u011bn\u00e9ho e-liquidu 20 ml<\/strong>, a <strong>mo\u017enosti nikotinu od 0% do 5%<\/strong>, je tato vape ide\u00e1ln\u00ed pro ty, kte\u0159\u00ed si cen\u00ed jak dlouh\u00e9 \u017eivotnosti, tak bohat\u00e9 chu\u0165ov\u00e9 rozmanitosti.<\/p>\n\n\n\n<h3 class=\"wp-block-heading\"><strong>Technick\u00e9 specifikace - Fumot Digital Box 12000<\/strong><\/h3>\n\n\n\n<figure class=\"wp-block-table\"><table class=\"has-fixed-layout\"><thead><tr><th>Funkce<\/th><th>Specifikace<\/th><\/tr><\/thead><tbody><tr><td><strong>S\u00edla nikotinu<\/strong><\/td><td>0%, 2%, 3%, 5%<\/td><\/tr><tr><td><strong>Po\u010det puf\u016f<\/strong><\/td><td>A\u017e 12 000 vdech\u016f<\/td><\/tr><tr><td><strong>Kapacita e-liquidu<\/strong><\/td><td>20 ml<\/td><\/tr><tr><td><strong>P\u0159\u00edchu\u0165<\/strong><\/td><td>Bor\u016fvka malina<\/td><\/tr><tr><td><strong>Baterie<\/strong><\/td><td>550mAh dob\u00edjec\u00ed<\/td><\/tr><tr><td><strong>Typ c\u00edvky<\/strong><\/td><td>0,8\u03a9 Mesh Coil<\/td><\/tr><tr><td><strong>Velikost kartonu<\/strong><\/td><td>69,1 \u00d7 32 \u00d7 23,8 cm (18 kg)<\/td><\/tr><tr><td><strong>Cena za jednotku<\/strong><\/td><td>\u20ac18.88<\/td><\/tr><\/tbody><\/table><\/figure>\n\n\n\n<h3 class=\"wp-block-heading\"><strong>Pro\u010d je to jedna z 10 nejlep\u0161\u00edch e-cigaret<\/strong><\/h3>\n\n\n\n<p>Na str\u00e1nk\u00e1ch <strong>Fumot Digital Box 12000 Blueberry Raspberry<\/strong> vynik\u00e1:<\/p>\n\n\n\n<p><strong>P\u0159\u00edrodn\u00ed ovocn\u00e1 p\u0159\u00edchu\u0165<\/strong> - \u017d\u00e1dn\u00e1 um\u011bl\u00e1 sladkost, jen \u010dist\u00e9 a \u0161\u0165avnat\u00e9 bobulov\u00e9 t\u00f3ny.<\/p>\n\n\n\n<p><strong>Vysoce v\u00fdkonn\u00e1 s\u00ed\u0165ov\u00e1 c\u00edvka (0,8\u03a9)<\/strong> - Zaji\u0161\u0165uje rovnom\u011brn\u00fd oh\u0159ev a pln\u00e9 pod\u00e1n\u00ed chuti.<\/p>\n\n\n\n<p><strong>Vlastn\u00ed mo\u017enosti nikotinu<\/strong> - Od beznikotinov\u00e9ho (0%) po silnou (5%) spokojenost.<\/p>\n\n\n\n<p><strong>Dob\u00edjec\u00ed design<\/strong> - \u0160etrn\u00e9 k \u017eivotn\u00edmu prost\u0159ed\u00ed a vyroben\u00e9 pro dlouhotrvaj\u00edc\u00ed vaping.<\/p>\n\n\n\n<p>Jako jeden z <strong>nejl\u00e9pe hodnocen\u00e9 vapes na trhu<\/strong>, p\u0159in\u00e1\u0161\u00ed dokonalou rovnov\u00e1hu mezi pohodl\u00edm, chut\u00ed a \u017eivotnost\u00ed - ide\u00e1ln\u00ed pro za\u010d\u00e1te\u010dn\u00edky i zku\u0161en\u00e9 vapery.<\/p>\n\n\n\n<h3 class=\"wp-block-heading\"><strong>Pro\u010d nakupovat u spole\u010dnosti Fumot?<\/strong><\/h3>\n\n\n\n<ul class=\"wp-block-list\">\n<li><strong>48 mo\u017enost\u00ed p\u0159\u00edchut\u00ed<\/strong> - Prozkoumejte dal\u0161\u00ed produkty z kolekce Fumot 12000.<\/li>\n\n\n\n<li><strong>Kompatibiln\u00ed p\u0159\u00edslu\u0161enstv\u00ed<\/strong> - Shodujte se s produkty z <em>RandM Torn\u00e1do<\/em> s\u00e9rie.<\/li>\n\n\n\n<li><strong>Rychl\u00e1 p\u0159eprava<\/strong> - Bezpe\u010dn\u00e9 pokladny a odesl\u00e1n\u00ed do 24 hodin prost\u0159ednictv\u00edm <a href=\"https:\/\/vapemaison.com\/\">vapemaison.com<\/a><\/li>\n<\/ul>\n\n\n\n<h3 class=\"wp-block-heading\"><strong>\u010casto kladen\u00e9 ot\u00e1zky - Frequently Asked Questions<\/strong><\/h3>\n\n\n\n<p><strong>1. Je Blueberry Raspberry vhodn\u00fd pro alergiky?<\/strong><br>Tato p\u0159\u00edchu\u0165 neobsahuje \u017e\u00e1dn\u00e9 zn\u00e1m\u00e9 alergeny, ale p\u0159ed pou\u017eit\u00edm si v\u017edy zkontrolujte \u00fadaje o slo\u017een\u00ed.<\/p>\n\n\n\n<p><strong>2. Jak se Digital Box li\u0161\u00ed od ostatn\u00edch model\u016f?<\/strong><br>Nab\u00edz\u00ed p\u0159esnou regulaci v\u00fdkonu, del\u0161\u00ed \u017eivotnost baterie a kompaktn\u00ed a odolnou konstrukci.<\/p>\n\n\n\n<p><strong>3. Pro\u010d je Fumot 12000 pova\u017eov\u00e1n za top 10 vape?<\/strong><br>D\u00edky vysok\u00e9mu po\u010dtu \u0161luk\u016f, rozmanit\u00fdm p\u0159\u00edchut\u00edm a pokro\u010dil\u00e9 technologii mesh spir\u00e1lek pro konzistentn\u00ed v\u00fdkon.<\/p>","protected":false},"excerpt":{"rendered":"<p>Fumot Digital Box 12000 \u2013 Blueberry Raspberry Flavor The Fumot Digital Box 12000 ranks among the top 10 e-cigarettes, combining premium performance with exceptional flavor. The Blueberry Raspberry edition blends juicy blueberries and tangy raspberries into a smooth, fruity vape experience that keeps users coming back for more. Discover why this flavor is a fan [&hellip;]<\/p>\n","protected":false},"featured_media":10004,"comment_status":"open","ping_status":"closed","template":"","meta":[],"product_brand":[58],"product_cat":[154,174,294],"product_tag":[],"class_list":{"0":"post-9572","1":"product","2":"type-product","3":"status-publish","4":"has-post-thumbnail","6":"product_brand-fumot","7":"product_cat-12k-puffs","8":"product_cat-fumot-12k","9":"product_cat-no-nicotine-vape","11":"first","12":"instock","13":"sale","14":"shipping-taxable","15":"purchasable","16":"product-type-variable"},"yoast_head":"<!-- This site is optimized with the Yoast SEO plugin v27.4 - https:\/\/yoast.com\/product\/yoast-seo-wordpress\/ -->\n<title>Fumot 12000 Blueberry Raspberry | Randm Tornado 12000<\/title>\n<meta name=\"description\" content=\"Discover the Fumot Digital Box 12000 and RandM Tornado 12000 vapes. Enjoy Blueberry Raspberry flavor and premium E-Zigarette performance.\" \/>\n<meta name=\"robots\" content=\"index, follow, max-snippet:-1, max-image-preview:large, max-video-preview:-1\" \/>\n<link rel=\"canonical\" href=\"https:\/\/vapemaison.com\/cs\/produkt\/fumot-tornado-12000-blueberry-raspberry-vape\/\" \/>\n<meta property=\"og:locale\" content=\"cs_CZ\" \/>\n<meta property=\"og:type\" content=\"article\" \/>\n<meta property=\"og:title\" content=\"Fumot 12000 Blueberry Raspberry | Randm Tornado 12000\" \/>\n<meta property=\"og:description\" content=\"Discover the Fumot Digital Box 12000 and RandM Tornado 12000 vapes. Enjoy Blueberry Raspberry flavor and premium E-Zigarette performance.\" \/>\n<meta property=\"og:url\" content=\"https:\/\/vapemaison.com\/cs\/produkt\/fumot-tornado-12000-blueberry-raspberry-vape\/\" \/>\n<meta property=\"og:site_name\" content=\"VapeMaison\" \/>\n<meta property=\"article:modified_time\" content=\"2026-02-27T09:44:31+00:00\" \/>\n<meta property=\"og:image\" content=\"https:\/\/vapemaison.com\/wp-content\/uploads\/2025\/11\/Fumot-12000-Blueberry-Raspberry.jpg\" \/>\n\t<meta property=\"og:image:width\" content=\"2000\" \/>\n\t<meta property=\"og:image:height\" content=\"2000\" \/>\n\t<meta property=\"og:image:type\" content=\"image\/jpeg\" \/>\n<meta name=\"twitter:card\" content=\"summary_large_image\" \/>\n<meta name=\"twitter:label1\" content=\"Odhadovan\u00e1 doba \u010dten\u00ed\" \/>\n\t<meta name=\"twitter:data1\" content=\"2 minuty\" \/>\n<!-- \/ Yoast SEO plugin. -->","yoast_head_json":{"title":"Fumot 12000 Blueberry Raspberry | Randm Tornado 12000","description":"Objevte vapes Fumot Digital Box 12000 a RandM Tornado 12000. Vychutnejte si bor\u016fvkovo-malinovou p\u0159\u00edchu\u0165 a prvot\u0159\u00eddn\u00ed v\u00fdkon e-cigarety.","robots":{"index":"index","follow":"follow","max-snippet":"max-snippet:-1","max-image-preview":"max-image-preview:large","max-video-preview":"max-video-preview:-1"},"canonical":"https:\/\/vapemaison.com\/cs\/produkt\/fumot-tornado-12000-blueberry-raspberry-vape\/","og_locale":"cs_CZ","og_type":"article","og_title":"Fumot 12000 Blueberry Raspberry | Randm Tornado 12000","og_description":"Discover the Fumot Digital Box 12000 and RandM Tornado 12000 vapes. Enjoy Blueberry Raspberry flavor and premium E-Zigarette performance.","og_url":"https:\/\/vapemaison.com\/cs\/produkt\/fumot-tornado-12000-blueberry-raspberry-vape\/","og_site_name":"VapeMaison","article_modified_time":"2026-02-27T09:44:31+00:00","og_image":[{"width":2000,"height":2000,"url":"https:\/\/vapemaison.com\/wp-content\/uploads\/2025\/11\/Fumot-12000-Blueberry-Raspberry.jpg","type":"image\/jpeg"}],"twitter_card":"summary_large_image","twitter_misc":{"Odhadovan\u00e1 doba \u010dten\u00ed":"2 minuty"},"schema":{"@context":"https:\/\/schema.org","@graph":[{"@type":"WebPage","@id":"https:\/\/vapemaison.com\/product\/fumot-tornado-12000-blueberry-raspberry-vape\/","url":"https:\/\/vapemaison.com\/product\/fumot-tornado-12000-blueberry-raspberry-vape\/","name":"Fumot 12000 Blueberry Raspberry | Randm Tornado 12000","isPartOf":{"@id":"https:\/\/vapemaison.com\/#website"},"primaryImageOfPage":{"@id":"https:\/\/vapemaison.com\/product\/fumot-tornado-12000-blueberry-raspberry-vape\/#primaryimage"},"image":{"@id":"https:\/\/vapemaison.com\/product\/fumot-tornado-12000-blueberry-raspberry-vape\/#primaryimage"},"thumbnailUrl":"https:\/\/vapemaison.com\/wp-content\/uploads\/2025\/11\/Fumot-12000-Blueberry-Raspberry.jpg","datePublished":"2025-11-04T09:53:53+00:00","dateModified":"2026-02-27T09:44:31+00:00","description":"Objevte vapes Fumot Digital Box 12000 a RandM Tornado 12000. Vychutnejte si bor\u016fvkovo-malinovou p\u0159\u00edchu\u0165 a prvot\u0159\u00eddn\u00ed v\u00fdkon e-cigarety.","breadcrumb":{"@id":"https:\/\/vapemaison.com\/product\/fumot-tornado-12000-blueberry-raspberry-vape\/#breadcrumb"},"inLanguage":"cs","potentialAction":[{"@type":"ReadAction","target":["https:\/\/vapemaison.com\/product\/fumot-tornado-12000-blueberry-raspberry-vape\/"]}]},{"@type":"ImageObject","inLanguage":"cs","@id":"https:\/\/vapemaison.com\/product\/fumot-tornado-12000-blueberry-raspberry-vape\/#primaryimage","url":"https:\/\/vapemaison.com\/wp-content\/uploads\/2025\/11\/Fumot-12000-Blueberry-Raspberry.jpg","contentUrl":"https:\/\/vapemaison.com\/wp-content\/uploads\/2025\/11\/Fumot-12000-Blueberry-Raspberry.jpg","width":2000,"height":2000,"caption":"Fumot Blueberry Raspberry Disposable Vape Device"},{"@type":"BreadcrumbList","@id":"https:\/\/vapemaison.com\/product\/fumot-tornado-12000-blueberry-raspberry-vape\/#breadcrumb","itemListElement":[{"@type":"ListItem","position":1,"name":"\u9996\u9875","item":"https:\/\/vapemaison.com\/"},{"@type":"ListItem","position":2,"name":"Shop","item":"https:\/\/vapemaison.com\/shop\/"},{"@type":"ListItem","position":3,"name":"Fumot","item":"https:\/\/vapemaison.com\/brand\/fumot\/"},{"@type":"ListItem","position":4,"name":"Fumot 12000 Blueberry Raspberry Vape | Top 10 E-Cigarette by RandMFumot 12000"}]},{"@type":"WebSite","@id":"https:\/\/vapemaison.com\/#website","url":"https:\/\/vapemaison.com\/","name":"VapeMaison","description":"Pr\u00e9miov\u00e1 vapingov\u00e1 za\u0159\u00edzen\u00ed a p\u0159\u00edslu\u0161enstv\u00ed","publisher":{"@id":"https:\/\/vapemaison.com\/#organization"},"potentialAction":[{"@type":"SearchAction","target":{"@type":"EntryPoint","urlTemplate":"https:\/\/vapemaison.com\/?s={search_term_string}"},"query-input":{"@type":"PropertyValueSpecification","valueRequired":true,"valueName":"search_term_string"}}],"inLanguage":"cs"},{"@type":"Organization","@id":"https:\/\/vapemaison.com\/#organization","name":"VapeMaison","url":"https:\/\/vapemaison.com\/","logo":{"@type":"ImageObject","inLanguage":"cs","@id":"https:\/\/vapemaison.com\/#\/schema\/logo\/image\/","url":"https:\/\/vapemaison.com\/wp-content\/uploads\/2026\/01\/cropped-vapemaison-logo-g-2026.webp","contentUrl":"https:\/\/vapemaison.com\/wp-content\/uploads\/2026\/01\/cropped-vapemaison-logo-g-2026.webp","width":350,"height":280,"caption":"VapeMaison"},"image":{"@id":"https:\/\/vapemaison.com\/#\/schema\/logo\/image\/"},"sameAs":["https:\/\/www.youtube.com\/@VapeMaison"]}]}},"tiered_pricing_type":"fixed","tiered_pricing_fixed_rules":{"30":"12.56","50":"10.78","100":"8.55","200":"7.98"},"tiered_pricing_product_settings":{"layout":"default","base_unit_name":{"singular":null,"plural":null},"default_variation":null},"tiered_pricing_minimum_quantity":10,"tiered_pricing_roles_data":[],"tiered_pricing_percentage_rules":[],"tiered_pricing_maximum_quantity":null,"tiered_pricing_quantity_step":"10","_links":{"self":[{"href":"https:\/\/vapemaison.com\/cs\/wp-json\/wp\/v2\/product\/9572","targetHints":{"allow":["GET"]}}],"collection":[{"href":"https:\/\/vapemaison.com\/cs\/wp-json\/wp\/v2\/product"}],"about":[{"href":"https:\/\/vapemaison.com\/cs\/wp-json\/wp\/v2\/types\/product"}],"replies":[{"embeddable":true,"href":"https:\/\/vapemaison.com\/cs\/wp-json\/wp\/v2\/comments?post=9572"}],"version-history":[{"count":1,"href":"https:\/\/vapemaison.com\/cs\/wp-json\/wp\/v2\/product\/9572\/revisions"}],"predecessor-version":[{"id":26647,"href":"https:\/\/vapemaison.com\/cs\/wp-json\/wp\/v2\/product\/9572\/revisions\/26647"}],"wp:featuredmedia":[{"embeddable":true,"href":"https:\/\/vapemaison.com\/cs\/wp-json\/wp\/v2\/media\/10004"}],"wp:attachment":[{"href":"https:\/\/vapemaison.com\/cs\/wp-json\/wp\/v2\/media?parent=9572"}],"wp:term":[{"taxonomy":"product_brand","embeddable":true,"href":"https:\/\/vapemaison.com\/cs\/wp-json\/wp\/v2\/product_brand?post=9572"},{"taxonomy":"product_cat","embeddable":true,"href":"https:\/\/vapemaison.com\/cs\/wp-json\/wp\/v2\/product_cat?post=9572"},{"taxonomy":"product_tag","embeddable":true,"href":"https:\/\/vapemaison.com\/cs\/wp-json\/wp\/v2\/product_tag?post=9572"}],"curies":[{"name":"wp","href":"https:\/\/api.w.org\/{rel}","templated":true}]}}